{"id":345,"date":"2022-08-18T13:22:28","date_gmt":"2022-08-18T12:22:28","guid":{"rendered":"http:\/\/elsuperbeasto.com\/lokala-datingappar\/"},"modified":"2022-08-18T13:22:28","modified_gmt":"2022-08-18T12:22:28","slug":"lokala-datingappar","status":"publish","type":"page","link":"https:\/\/elsuperbeasto.com\/sv\/","title":{"rendered":"Lokala datingappar"},"content":{"rendered":"<p>Det finns m\u00e5nga dejtingsajter p\u00e5 n\u00e4tet. Det finns hundratals olika appar och webbplatser som v\u00e4nder sig till personer som s\u00f6ker k\u00e4rlek, romantik eller bara n\u00e5gon att g\u00e5 p\u00e5 dejt med. Men hur vet du vilken som \u00e4r b\u00e4st f\u00f6r dig? Vad g\u00f6r en bra dejtingsajt till en bra dejtingsajt? Vilka \u00e4r v\u00e4rda att g\u00e5 med i? Hur kan du avg\u00f6ra om en webbplats \u00e4r legitim?<\/p>\n<p>I dagens digitala v\u00e4rld \u00e4r recensioner allt. Om du planerar att k\u00f6pa n\u00e5got stort, som en bil, en hush\u00e5llsapparat eller till och med ett par skor, \u00e4r det troligt att du l\u00e4ser recensioner f\u00f6rst. Du vill f\u00f6rs\u00e4kra dig om att du f\u00e5r mest f\u00f6r pengarna. S\u00e5 varf\u00f6r skulle du inte vilja se vad andra tycker om en dejtingsajt? Det finns massor av recensionssajter, men vissa \u00e4r b\u00e4ttre \u00e4n andra. Vissa \u00e4r inriktade p\u00e5 vissa typer av m\u00e4nniskor, medan andra enbart fokuserar p\u00e5 kvaliteten p\u00e5 upplevelsen. Vi har sammanst\u00e4llt en lista \u00f6ver v\u00e5ra favoriter h\u00e4r. L\u00e4s mer och ta reda p\u00e5 vilken som \u00e4r r\u00e4tt f\u00f6r dig.<\/p>\n<p><img loading=\"lazy\" class=\"size-large wp-image-63 aligncenter\" src=\"\/wp-content\/uploads\/2022\/08\/real-dating-1-1024x686.jpeg\" alt=\"\" width=\"640\" height=\"429\" srcset=\"https:\/\/elsuperbeasto.com\/wp-content\/uploads\/2022\/08\/real-dating-1-1024x686.jpeg 1024w, https:\/\/elsuperbeasto.com\/wp-content\/uploads\/2022\/08\/real-dating-1-300x201.jpeg 300w, https:\/\/elsuperbeasto.com\/wp-content\/uploads\/2022\/08\/real-dating-1-768x515.jpeg 768w, https:\/\/elsuperbeasto.com\/wp-content\/uploads\/2022\/08\/real-dating-1-1536x1029.jpeg 1536w, https:\/\/elsuperbeasto.com\/wp-content\/uploads\/2022\/08\/real-dating-1-2048x1372.jpeg 2048w\" sizes=\"(max-width: 640px) 100vw, 640px\" \/><\/p>\n<h2>Fungerar online dating verkligen?<\/h2>\n<p>Vissa h\u00e4vdar att det \u00e4r liten skillnad mellan att tr\u00e4ffa n\u00e5gon p\u00e5 n\u00e4tet och att tr\u00e4ffa n\u00e5gon personligen. Han s\u00e4ger att en av anledningarna till att m\u00e4nniskor anv\u00e4nder dejtingsajter p\u00e5 n\u00e4tet \u00e4r att de inte vill anstr\u00e4nga sig f\u00f6r att skaffa sig v\u00e4nner. De vill bara se vad som finns d\u00e4r ute. Men han till\u00e4gger att n\u00e4tdejting kan tyckas vara en snabb l\u00f6sning, men att det faktiskt \u00e4r en l\u00e5ngsam process.<\/p>\n<p>M\u00e5nga m\u00e4nniskor vet helt enkelt inte hur de ska n\u00e4rma sig andra, s\u00e4rskilt inte p\u00e5 n\u00e4tet. Han p\u00e5pekar till exempel att de flesta m\u00e4nniskor fortfarande tror att m\u00e4nnen tar initiativet till kontakten f\u00f6rst, \u00e4ven om det finns uppgifter som tyder p\u00e5 motsatsen. Kvinnor \u00e4r faktiskt mer ben\u00e4gna att skicka meddelanden f\u00f6rst och m\u00e4n \u00e4r mer ben\u00e4gna att svara.<\/p>\n<p>Och \u00e4ven om vissa m\u00e4nniskor tr\u00e4ffar sin partner p\u00e5 n\u00e4tet, s\u00e4ger vissa att det inte alltid \u00e4r l\u00e4tt. En av anledningarna till att m\u00e4nniskor fastnar i en rutin \u00e4r att de tror att en partner \u00e4r synonymt med att vara lycklig. S\u00e5 om de inte \u00e4r lyckliga antar de att deras partner ocks\u00e5 m\u00e5ste vara olycklig. Detta g\u00f6r det sv\u00e5rare f\u00f6r dem att sl\u00e4ppa negativa k\u00e4nslor om sig sj\u00e4lva och hindrar dem fr\u00e5n att n\u00e5 ut till potentiella matchningar.<\/p>\n<p>S\u00e5, fungerar online dating? Det beror p\u00e5 vem du fr\u00e5gar. Vissa s\u00e4ger ja, medan andra s\u00e4ger nej. Fr\u00e5gan \u00e4r dock om du letar efter n\u00e5got specifikt eller inte. Om du \u00e4r \u00f6ppen f\u00f6r att tr\u00e4ffa vem som helst kanske n\u00e4tdejting fungerar. Men om du bara \u00e4r intresserad av att hitta k\u00e4rleken \u00e4r det kanske b\u00e4ttre att h\u00e5lla dig till de bepr\u00f6vade och testade metoderna.<\/p>\n<h2>Nischade dejtingsajter<\/h2>\n<p>Om du vill hitta n\u00e5gon speciell finns det troligen en dejtingsajt eller app som \u00e4r speciellt anpassad f\u00f6r dig. Det spelar ingen roll vilken typ av person du \u00e4r &#8211; du kanske f\u00f6redrar en webbplats d\u00e4r du tr\u00e4ffar m\u00e4nniskor utifr\u00e5n gemensamma intressen eller hobbies, eller en webbplats som \u00e4r inriktad p\u00e5 att hitta en l\u00e5ngsiktig partner. Men hur vet du vilka som \u00e4r v\u00e4rda att anm\u00e4la sig till?<\/p>\n<p>Vi testade 11 popul\u00e4ra dejtingsajter och appar som riktar sig till allm\u00e4nheten, men vi fann att alla hade unika funktioner som kunde hj\u00e4lpa till att begr\u00e4nsa f\u00e4ltet. H\u00e4r \u00e4r v\u00e5ra tips p\u00e5 de b\u00e4sta dejtingsajterna och apparna f\u00f6r dem som s\u00f6ker k\u00e4rlek \u00f6ver etniska grupper, religi\u00f6sa \u00f6vertygelser och fysiska attribut.<\/p>\n<h3>Christian Mingle<\/h3>\n<p>Det kan vara sv\u00e5rt f\u00f6r kristna att dejta. Om du vill tr\u00e4ffa likasinnade m\u00e5ste du s\u00f6ka dig utanf\u00f6r kyrkans kretsar. En nyligen genomf\u00f6rd unders\u00f6kning visar att ungef\u00e4r h\u00e4lften av de vuxna amerikanerna s\u00e4ger att de har tr\u00e4ffat n\u00e5gon som inte tror p\u00e5 Gud. Och \u00e4ven om m\u00e5nga kyrkor erbjuder dejtingsajter p\u00e5 n\u00e4tet \u00e4r de inte alltid inriktade p\u00e5 att hitta varaktiga relationer. S\u00e5 vad g\u00f6r kristna singlar? De g\u00e5r med i kristna mingelrecensioner. I dessa forum kan medlemmarna st\u00e4lla fr\u00e5gor om tro och kompatibilitet och ge r\u00e5d om hur man hittar en partner inom det kristna samfundet. I vissa fall kan medlemmarna till och med st\u00e4lla fr\u00e5gor till varandra anonymt.<\/p>\n<h3>AsiaDate<\/h3>\n<p>Om du letar efter k\u00e4rlek har vi precis vad du beh\u00f6ver. Vi granskar de b\u00e4sta sajterna f\u00f6r att hitta k\u00e4rlek, romantik, v\u00e4nskap och till och med l\u00e5ngsiktiga relationer med m\u00e4nniskor fr\u00e5n Asien. Fr\u00e5n Japan till Korea, Kina till Indien &#8211; v\u00e5rt team granskar de mest popul\u00e4ra asiatiska dejtingsajterna och singelgrupperna f\u00f6r att hj\u00e4lpa dig att hitta den perfekta matchningen.<\/p>\n<h3>T\u00e4ndsticka<\/h3>\n<p>Match fungerar ungef\u00e4r som m\u00e5nga andra dejtingappar &#8211; du sveper \u00e5t v\u00e4nster om du \u00e4r intresserad och \u00e5t h\u00f6ger om du inte \u00e4r det. Skillnaden \u00e4r att Match inte kr\u00e4ver att du fyller i massor av personlig information om dig sj\u00e4lv, till exempel \u00e5lder, l\u00e4ngd, vikt, inkomst, utbildningsniv\u00e5, religi\u00f6s \u00f6vertygelse, politiska \u00e5sikter osv. Ist\u00e4llet svarar du p\u00e5 fr\u00e5gor om vad du letar efter i en partner, till exempel om du f\u00f6redrar n\u00e5gon som gillar att resa, dricker alkohol eller r\u00f6ker cigaretter. N\u00e4r du fyllt i fr\u00e5geformul\u00e4ret f\u00e5r du ett personligt matchningsf\u00f6rslag inom 24 timmar.<\/p>\n<p>Om du vill bl\u00e4ddra bland profiler utan att svepa kan du ocks\u00e5 g\u00f6ra det. Det finns flera s\u00e4tt att se potentiella matchningar, bland annat &#8221;Personer i n\u00e4rheten&#8221;, &#8221;V\u00e4nner till v\u00e4nner&#8221; och &#8221;Personer som jag f\u00f6ljer&#8221;. Du kan \u00e4ven v\u00e4lja att s\u00f6ka efter k\u00f6n, etnicitet, religion, sexuell l\u00e4ggning och plats.<\/p>\n<p>Match g\u00f6r det enkelt att skapa en profil, l\u00e4gga till foton och skicka meddelanden till andra medlemmar. Men det tar lite tid att v\u00e4nja sig vid det. Du kan till exempel inte chatta med n\u00e5gon om du inte f\u00f6rst accepterar deras v\u00e4nf\u00f6rfr\u00e5gan. Du kan enkelt blockera o\u00f6nskade kontakter, men du kan inte radera dem helt och h\u00e5llet.<\/p>\n<h2>V\u00e5ra r\u00e5d<\/h2>\n<p>Att v\u00e4lja den b\u00e4sta dejtingappen bland hundratals alternativ kan vara en utmaning. Det finns s\u00e5 m\u00e5nga alternativ och alla verkar p\u00e5st\u00e5 att de har svaret p\u00e5 dina problem. Vi hoppas att den h\u00e4r artikeln har hj\u00e4lpt dig att hitta all den information du beh\u00f6ver.<\/p>\n<p>Kontakta oss f\u00f6r mer information!<\/p>\n","protected":false},"excerpt":{"rendered":"<p>Det finns m\u00e5nga dejtingsajter p\u00e5 n\u00e4tet. Det finns hundratals olika appar och webbplatser som v\u00e4nder sig till personer som s\u00f6ker k\u00e4rlek, romantik eller bara n\u00e5gon att g\u00e5 p\u00e5 dejt med. Men hur vet du vilken som \u00e4r b\u00e4st f\u00f6r dig?&hellip; <a href=\"https:\/\/elsuperbeasto.com\/sv\/\" class=\"more-link\">Forts\u00e4tt l\u00e4sa <span class=\"meta-nav\">&rarr;<\/span><\/a><\/p>\n","protected":false},"author":1,"featured_media":110,"parent":0,"menu_order":0,"comment_status":"closed","ping_status":"closed","template":"","meta":[],"yoast_head":"<!-- This site is optimized with the Yoast SEO plugin v17.7.1 - https:\/\/yoast.com\/wordpress\/plugins\/seo\/ -->\n<title>Lokala datingappar - Quick Hookup<\/title>\n<meta name=\"robots\" content=\"index, follow, max-snippet:-1, max-image-preview:large, max-video-preview:-1\" \/>\n<link rel=\"canonical\" href=\"https:\/\/elsuperbeasto.com\/sv\/\" \/>\n<meta property=\"og:locale\" content=\"sv_SE\" \/>\n<meta property=\"og:type\" content=\"article\" \/>\n<meta property=\"og:title\" content=\"Lokala datingappar - Quick Hookup\" \/>\n<meta property=\"og:description\" content=\"Det finns m\u00e5nga dejtingsajter p\u00e5 n\u00e4tet. Det finns hundratals olika appar och webbplatser som v\u00e4nder sig till personer som s\u00f6ker k\u00e4rlek, romantik eller bara n\u00e5gon att g\u00e5 p\u00e5 dejt med. Men hur vet du vilken som \u00e4r b\u00e4st f\u00f6r dig?&hellip; Forts\u00e4tt l\u00e4sa &rarr;\" \/>\n<meta property=\"og:url\" content=\"https:\/\/elsuperbeasto.com\/sv\/\" \/>\n<meta property=\"og:site_name\" content=\"Quick Hookup\" \/>\n<meta property=\"og:image\" content=\"https:\/\/elsuperbeasto.com\/wp-content\/uploads\/2022\/08\/real-dating-1.jpeg\" \/>\n\t<meta property=\"og:image:width\" content=\"2239\" \/>\n\t<meta property=\"og:image:height\" content=\"1500\" \/>\n<meta name=\"twitter:card\" content=\"summary_large_image\" \/>\n<meta name=\"twitter:label1\" content=\"Ber\u00e4knad l\u00e4stid\" \/>\n\t<meta name=\"twitter:data1\" content=\"6 minuter\" \/>\n<script type=\"application\/ld+json\" class=\"yoast-schema-graph\">{\"@context\":\"https:\/\/schema.org\",\"@graph\":[{\"@type\":\"WebSite\",\"@id\":\"https:\/\/elsuperbeasto.com\/#website\",\"url\":\"https:\/\/elsuperbeasto.com\/\",\"name\":\"Quick Hookup\",\"description\":\"Your Guide To Love\",\"potentialAction\":[{\"@type\":\"SearchAction\",\"target\":{\"@type\":\"EntryPoint\",\"urlTemplate\":\"https:\/\/elsuperbeasto.com\/?s={search_term_string}\"},\"query-input\":\"required name=search_term_string\"}],\"inLanguage\":\"sv-SE\"},{\"@type\":\"ImageObject\",\"@id\":\"https:\/\/elsuperbeasto.com\/sv\/#primaryimage\",\"inLanguage\":\"sv-SE\",\"url\":\"https:\/\/elsuperbeasto.com\/wp-content\/uploads\/2022\/08\/real-dating-1.jpeg\",\"contentUrl\":\"https:\/\/elsuperbeasto.com\/wp-content\/uploads\/2022\/08\/real-dating-1.jpeg\",\"width\":2239,\"height\":1500},{\"@type\":\"WebPage\",\"@id\":\"https:\/\/elsuperbeasto.com\/sv\/#webpage\",\"url\":\"https:\/\/elsuperbeasto.com\/sv\/\",\"name\":\"Lokala datingappar - Quick Hookup\",\"isPartOf\":{\"@id\":\"https:\/\/elsuperbeasto.com\/#website\"},\"primaryImageOfPage\":{\"@id\":\"https:\/\/elsuperbeasto.com\/sv\/#primaryimage\"},\"datePublished\":\"2022-08-18T12:22:28+00:00\",\"dateModified\":\"2022-08-18T12:22:28+00:00\",\"breadcrumb\":{\"@id\":\"https:\/\/elsuperbeasto.com\/sv\/#breadcrumb\"},\"inLanguage\":\"sv-SE\",\"potentialAction\":[{\"@type\":\"ReadAction\",\"target\":[\"https:\/\/elsuperbeasto.com\/sv\/\"]}]},{\"@type\":\"BreadcrumbList\",\"@id\":\"https:\/\/elsuperbeasto.com\/sv\/#breadcrumb\",\"itemListElement\":[{\"@type\":\"ListItem\",\"position\":1,\"name\":\"Home\",\"item\":\"https:\/\/elsuperbeasto.com\/sv\/\"},{\"@type\":\"ListItem\",\"position\":2,\"name\":\"Lokala datingappar\"}]}]}<\/script>\n<!-- \/ Yoast SEO plugin. -->","yoast_head_json":{"title":"Lokala datingappar - Quick Hookup","robots":{"index":"index","follow":"follow","max-snippet":"max-snippet:-1","max-image-preview":"max-image-preview:large","max-video-preview":"max-video-preview:-1"},"canonical":"https:\/\/elsuperbeasto.com\/sv\/","og_locale":"sv_SE","og_type":"article","og_title":"Lokala datingappar - Quick Hookup","og_description":"Det finns m\u00e5nga dejtingsajter p\u00e5 n\u00e4tet. Det finns hundratals olika appar och webbplatser som v\u00e4nder sig till personer som s\u00f6ker k\u00e4rlek, romantik eller bara n\u00e5gon att g\u00e5 p\u00e5 dejt med. Men hur vet du vilken som \u00e4r b\u00e4st f\u00f6r dig?&hellip; Forts\u00e4tt l\u00e4sa &rarr;","og_url":"https:\/\/elsuperbeasto.com\/sv\/","og_site_name":"Quick Hookup","og_image":[{"width":2239,"height":1500,"url":"https:\/\/elsuperbeasto.com\/wp-content\/uploads\/2022\/08\/real-dating-1.jpeg","type":"image\/jpeg"}],"twitter_card":"summary_large_image","twitter_misc":{"Ber\u00e4knad l\u00e4stid":"6 minuter"},"schema":{"@context":"https:\/\/schema.org","@graph":[{"@type":"WebSite","@id":"https:\/\/elsuperbeasto.com\/#website","url":"https:\/\/elsuperbeasto.com\/","name":"Quick Hookup","description":"Your Guide To Love","potentialAction":[{"@type":"SearchAction","target":{"@type":"EntryPoint","urlTemplate":"https:\/\/elsuperbeasto.com\/?s={search_term_string}"},"query-input":"required name=search_term_string"}],"inLanguage":"sv-SE"},{"@type":"ImageObject","@id":"https:\/\/elsuperbeasto.com\/sv\/#primaryimage","inLanguage":"sv-SE","url":"https:\/\/elsuperbeasto.com\/wp-content\/uploads\/2022\/08\/real-dating-1.jpeg","contentUrl":"https:\/\/elsuperbeasto.com\/wp-content\/uploads\/2022\/08\/real-dating-1.jpeg","width":2239,"height":1500},{"@type":"WebPage","@id":"https:\/\/elsuperbeasto.com\/sv\/#webpage","url":"https:\/\/elsuperbeasto.com\/sv\/","name":"Lokala datingappar - Quick Hookup","isPartOf":{"@id":"https:\/\/elsuperbeasto.com\/#website"},"primaryImageOfPage":{"@id":"https:\/\/elsuperbeasto.com\/sv\/#primaryimage"},"datePublished":"2022-08-18T12:22:28+00:00","dateModified":"2022-08-18T12:22:28+00:00","breadcrumb":{"@id":"https:\/\/elsuperbeasto.com\/sv\/#breadcrumb"},"inLanguage":"sv-SE","potentialAction":[{"@type":"ReadAction","target":["https:\/\/elsuperbeasto.com\/sv\/"]}]},{"@type":"BreadcrumbList","@id":"https:\/\/elsuperbeasto.com\/sv\/#breadcrumb","itemListElement":[{"@type":"ListItem","position":1,"name":"Home","item":"https:\/\/elsuperbeasto.com\/sv\/"},{"@type":"ListItem","position":2,"name":"Lokala datingappar"}]}]}},"_links":{"self":[{"href":"https:\/\/elsuperbeasto.com\/sv\/wp-json\/wp\/v2\/pages\/345"}],"collection":[{"href":"https:\/\/elsuperbeasto.com\/sv\/wp-json\/wp\/v2\/pages"}],"about":[{"href":"https:\/\/elsuperbeasto.com\/sv\/wp-json\/wp\/v2\/types\/page"}],"author":[{"embeddable":true,"href":"https:\/\/elsuperbeasto.com\/sv\/wp-json\/wp\/v2\/users\/1"}],"replies":[{"embeddable":true,"href":"https:\/\/elsuperbeasto.com\/sv\/wp-json\/wp\/v2\/comments?post=345"}],"version-history":[{"count":0,"href":"https:\/\/elsuperbeasto.com\/sv\/wp-json\/wp\/v2\/pages\/345\/revisions"}],"wp:featuredmedia":[{"embeddable":true,"href":"https:\/\/elsuperbeasto.com\/sv\/wp-json\/wp\/v2\/media\/110"}],"wp:attachment":[{"href":"https:\/\/elsuperbeasto.com\/sv\/wp-json\/wp\/v2\/media?parent=345"}],"curies":[{"name":"wp","href":"https:\/\/api.w.org\/{rel}","templated":true}]}}