{"id":348,"date":"2022-08-18T13:22:28","date_gmt":"2022-08-18T12:22:28","guid":{"rendered":"http:\/\/elsuperbeasto.com\/app-di-incontri-locali\/"},"modified":"2022-09-08T16:07:14","modified_gmt":"2022-09-08T15:07:14","slug":"app-di-incontri-locali","status":"publish","type":"page","link":"https:\/\/elsuperbeasto.com\/it\/","title":{"rendered":"App di incontri locali"},"content":{"rendered":"<p>I siti di incontri online sono ovunque. Ci sono centinaia di app e siti web diversi che si rivolgono a persone in cerca di amore, romanticismo o semplicemente di qualcuno con cui uscire. Ma come si fa a sapere qual \u00e8 il migliore per voi? Cosa rende un buon sito di incontri? A quali vale la pena di aderire? Come si fa a capire se un sito \u00e8 legittimo?<\/p>\n<p>Nel mondo digitale di oggi, le recensioni sono tutto. Se avete intenzione di acquistare qualcosa di importante come un&#8217;auto, un elettrodomestico o persino un paio di scarpe, \u00e8 probabile che leggiate prima le recensioni. Volete essere sicuri di ottenere il massimo per il vostro denaro. Quindi perch\u00e9 non vorreste vedere cosa pensano gli altri di un sito di incontri? Ci sono tonnellate di siti di recensioni, ma alcuni sono migliori di altri. Alcune sono orientate verso determinati tipi di persone, mentre altre si concentrano esclusivamente sulla qualit\u00e0 dell&#8217;esperienza. Abbiamo compilato qui un elenco dei nostri preferiti. Leggete e scoprite qual \u00e8 quello che fa per voi.<\/p>\n<p><img loading=\"lazy\" class=\"size-large wp-image-63 aligncenter\" src=\"\/wp-content\/uploads\/2022\/08\/real-dating-1-1024x686.jpeg\" alt=\"\" width=\"640\" height=\"429\" srcset=\"https:\/\/elsuperbeasto.com\/wp-content\/uploads\/2022\/08\/real-dating-1-1024x686.jpeg 1024w, https:\/\/elsuperbeasto.com\/wp-content\/uploads\/2022\/08\/real-dating-1-300x201.jpeg 300w, https:\/\/elsuperbeasto.com\/wp-content\/uploads\/2022\/08\/real-dating-1-768x515.jpeg 768w, https:\/\/elsuperbeasto.com\/wp-content\/uploads\/2022\/08\/real-dating-1-1536x1029.jpeg 1536w, https:\/\/elsuperbeasto.com\/wp-content\/uploads\/2022\/08\/real-dating-1-2048x1372.jpeg 2048w\" sizes=\"(max-width: 640px) 100vw, 640px\" \/><\/p>\n<h2>Gli incontri online funzionano davvero?<\/h2>\n<p>Alcuni sostengono che non c&#8217;\u00e8 molta differenza tra incontrare <a href=\"http:\/\/www.gay-hookups.com\/it\/sesso-gay-anonimo\/\">chat gay anonimo<\/a> qualcuno online e incontrare qualcuno di persona. Secondo lui, uno dei motivi per cui le persone usano i siti di incontri online \u00e8 che non vogliono fare sforzi per farsi degli amici. Vogliono solo vedere cosa c&#8217;\u00e8 l\u00e0 fuori. Ma aggiunge che, sebbene gli appuntamenti online possano sembrare una soluzione rapida, in realt\u00e0 si tratta di un processo lento.<\/p>\n<p>Molte persone non sanno come approcciare gli altri, soprattutto online. Ad esempio, fa notare che la maggior parte delle persone crede ancora che siano gli uomini ad avviare per primi i contatti, anche se i dati suggeriscono il contrario. In effetti, le donne sono molto pi\u00f9 propense a inviare messaggi per prime e gli uomini a rispondere.<\/p>\n<p>E anche se alcune persone incontrano i loro partner online, alcuni dicono che non \u00e8 sempre facile. Uno dei motivi per cui le persone finiscono per rimanere bloccate in una routine \u00e8 che pensano che avere un partner sia sinonimo di essere felici. Quindi, se non sono felici, presumono che anche il loro partner debba essere infelice. Questo rende pi\u00f9 difficile per loro lasciar andare i sentimenti negativi su se stessi e impedisce loro di raggiungere i potenziali partner.<\/p>\n<p>Allora, gli incontri online funzionano? Dipende da chi lo chiede. Alcuni dicono di s\u00ec, altri di no. Tuttavia, la questione \u00e8 se si sta cercando qualcosa <a href=\"https:\/\/www.fuck-buddies.net\/it\/siti-di-sexting-gratuiti-per-ottenere-nudi\/\">siti sexting<\/a> di specifico o meno. Se siete aperti a incontrare chiunque, allora forse gli incontri online funzionano. Ma se siete interessati solo a trovare l&#8217;amore, forse \u00e8 meglio attenersi ai metodi collaudati.<\/p>\n<h2>Siti di incontri di nicchia<\/h2>\n<p>Se volete trovare una persona speciale, \u00e8 probabile che ci sia un sito web o un&#8217;app di incontri appositamente per voi. Non importa che tipo di persona siate: potreste preferire un sito in cui si incontrano persone in base a interessi o hobby comuni, oppure uno orientato alla ricerca di un partner a lungo termine. Ma come si fa a sapere quali sono quelli per cui vale la pena iscriversi?<\/p>\n<p>Abbiamo testato 11 siti e app di incontri popolari rivolti al grande pubblico, ma abbiamo scoperto che ognuno di essi ha alcune caratteristiche uniche che possono aiutare a restringere il campo. Ecco le nostre scelte dei migliori siti e app di incontri per chi cerca l&#8217;amore tra etnie, credenze religiose e caratteristiche fisiche diverse.<\/p>\n<h3>Mingle cristiano<\/h3>\n<p>La scena degli appuntamenti per i cristiani pu\u00f2 essere difficile. Se volete incontrare persone che la pensano come voi, dovete cercare al di fuori degli ambienti ecclesiastici. Un recente sondaggio ha rilevato che circa la met\u00e0 degli adulti americani afferma di aver frequentato qualcuno che non crede in Dio. E anche se molte chiese offrono <a href=\"https:\/\/www.sextchat.net\/it\/giochi-di-sesso-android\/\">giochi porno android<\/a> siti di incontri online, questi non sono sempre orientati alla ricerca di relazioni durature. Cosa fanno allora i single cristiani? Si uniscono a recensioni cristiane di mingle. Questi forum permettono ai membri di porre domande sulla fede e sulla compatibilit\u00e0 e danno consigli su come trovare un partner all&#8217;interno della comunit\u00e0 cristiana. Alcuni permettono anche ai membri di porsi domande in modo anonimo.<\/p>\n<h3>AsiaData<\/h3>\n<p>Se state cercando l&#8217;amore, abbiamo quello che fa per voi. Recensiamo i migliori siti per trovare amore, romanticismo, amicizia e persino relazioni a lungo termine con persone provenienti dall&#8217;Asia. Dal Giappone alla Corea, dalla Cina all&#8217;India, il nostro team esamina i pi\u00f9 popolari siti di incontri asiatici e le comunit\u00e0 di single per aiutarvi a trovare l&#8217;incontro perfetto.<\/p>\n<h3>Fiammifero<\/h3>\n<p>Match funziona come molte altre app di incontri: si passa il dito a sinistra <a href=\"https:\/\/www.fucklocals.org\/it\/siti-jerk-off-masturbarsi-con-estranei\/\">chat per masturbarsi<\/a> se si \u00e8 interessati e a destra se non si \u00e8 interessati. La differenza \u00e8 che Match non richiede di compilare tonnellate di informazioni personali su di s\u00e9, come et\u00e0, altezza, peso, reddito, livello di istruzione, credo religioso, opinioni politiche, ecc. Si risponde invece a domande su ci\u00f2 che si cerca in un partner, come ad esempio se si preferisce qualcuno che ama viaggiare, bere alcolici o fumare sigarette. Una volta compilato il questionario, riceverete un suggerimento di abbinamento personalizzato entro 24 ore.<\/p>\n<p>Se si desidera sfogliare i profili senza passare il dito, \u00e8 possibile farlo. Ci sono diversi modi per visualizzare le potenziali corrispondenze, tra cui &#8220;Persone vicine&#8221;, &#8220;Amici di amici&#8221; e &#8220;Persone che seguo&#8221;. Si pu\u00f2 anche scegliere di navigare per sesso, etnia, religione, orientamento sessuale e localit\u00e0.<\/p>\n<p>Match permette di creare facilmente un profilo, aggiungere foto e inviare messaggi agli altri utenti. Ma ci vuole un po&#8217; di tempo per abituarsi. Ad esempio, non sar\u00e0 possibile chattare con nessuno se prima non si accetta la sua richiesta di amicizia. Sebbene sia possibile bloccare facilmente i contatti indesiderati, non \u00e8 possibile eliminarli completamente.<\/p>\n<h2>Il nostro consiglio<\/h2>\n<p>Scegliere la migliore app di incontri tra le centinaia di opzioni disponibili pu\u00f2 essere piuttosto impegnativo. Ci sono cos\u00ec tante scelte e ognuna sembra pretendere di avere la risposta ai vostri problemi. Speriamo che questo articolo vi abbia aiutato a trovare tutte le informazioni necessarie.<\/p>\n<p>Contattateci per saperne di pi\u00f9!<\/p>\n","protected":false},"excerpt":{"rendered":"<p>I siti di incontri online sono ovunque. Ci sono centinaia di app e siti web diversi che si rivolgono a persone in cerca di amore, romanticismo o semplicemente di qualcuno con cui uscire. Ma come si fa a sapere qual&hellip; <a href=\"https:\/\/elsuperbeasto.com\/it\/\" class=\"more-link\">Continue Reading <span class=\"meta-nav\">&rarr;<\/span><\/a><\/p>\n","protected":false},"author":1,"featured_media":105,"parent":0,"menu_order":0,"comment_status":"closed","ping_status":"closed","template":"","meta":[],"yoast_head":"<!-- This site is optimized with the Yoast SEO plugin v17.7.1 - https:\/\/yoast.com\/wordpress\/plugins\/seo\/ -->\n<title>App di incontri locali - Quick Hookup<\/title>\n<meta name=\"robots\" content=\"index, follow, max-snippet:-1, max-image-preview:large, max-video-preview:-1\" \/>\n<link rel=\"canonical\" href=\"https:\/\/elsuperbeasto.com\/it\/\" \/>\n<meta property=\"og:locale\" content=\"it_IT\" \/>\n<meta property=\"og:type\" content=\"article\" \/>\n<meta property=\"og:title\" content=\"App di incontri locali - Quick Hookup\" \/>\n<meta property=\"og:description\" content=\"I siti di incontri online sono ovunque. Ci sono centinaia di app e siti web diversi che si rivolgono a persone in cerca di amore, romanticismo o semplicemente di qualcuno con cui uscire. Ma come si fa a sapere qual&hellip; Continue Reading &rarr;\" \/>\n<meta property=\"og:url\" content=\"https:\/\/elsuperbeasto.com\/it\/\" \/>\n<meta property=\"og:site_name\" content=\"Quick Hookup\" \/>\n<meta property=\"article:modified_time\" content=\"2022-09-08T15:07:14+00:00\" \/>\n<meta property=\"og:image\" content=\"https:\/\/elsuperbeasto.com\/wp-content\/uploads\/2022\/08\/real-dating-1.jpeg\" \/>\n\t<meta property=\"og:image:width\" content=\"2239\" \/>\n\t<meta property=\"og:image:height\" content=\"1500\" \/>\n<meta name=\"twitter:card\" content=\"summary_large_image\" \/>\n<meta name=\"twitter:label1\" content=\"Tempo di lettura stimato\" \/>\n\t<meta name=\"twitter:data1\" content=\"5 minuti\" \/>\n<script type=\"application\/ld+json\" class=\"yoast-schema-graph\">{\"@context\":\"https:\/\/schema.org\",\"@graph\":[{\"@type\":\"WebSite\",\"@id\":\"https:\/\/elsuperbeasto.com\/#website\",\"url\":\"https:\/\/elsuperbeasto.com\/\",\"name\":\"Quick Hookup\",\"description\":\"Your Guide To Love\",\"potentialAction\":[{\"@type\":\"SearchAction\",\"target\":{\"@type\":\"EntryPoint\",\"urlTemplate\":\"https:\/\/elsuperbeasto.com\/?s={search_term_string}\"},\"query-input\":\"required name=search_term_string\"}],\"inLanguage\":\"it-IT\"},{\"@type\":\"ImageObject\",\"@id\":\"https:\/\/elsuperbeasto.com\/it\/#primaryimage\",\"inLanguage\":\"it-IT\",\"url\":\"https:\/\/elsuperbeasto.com\/wp-content\/uploads\/2022\/08\/real-dating-1.jpeg\",\"contentUrl\":\"https:\/\/elsuperbeasto.com\/wp-content\/uploads\/2022\/08\/real-dating-1.jpeg\",\"width\":2239,\"height\":1500},{\"@type\":\"WebPage\",\"@id\":\"https:\/\/elsuperbeasto.com\/it\/#webpage\",\"url\":\"https:\/\/elsuperbeasto.com\/it\/\",\"name\":\"App di incontri locali - Quick Hookup\",\"isPartOf\":{\"@id\":\"https:\/\/elsuperbeasto.com\/#website\"},\"primaryImageOfPage\":{\"@id\":\"https:\/\/elsuperbeasto.com\/it\/#primaryimage\"},\"datePublished\":\"2022-08-18T12:22:28+00:00\",\"dateModified\":\"2022-09-08T15:07:14+00:00\",\"breadcrumb\":{\"@id\":\"https:\/\/elsuperbeasto.com\/it\/#breadcrumb\"},\"inLanguage\":\"it-IT\",\"potentialAction\":[{\"@type\":\"ReadAction\",\"target\":[\"https:\/\/elsuperbeasto.com\/it\/\"]}]},{\"@type\":\"BreadcrumbList\",\"@id\":\"https:\/\/elsuperbeasto.com\/it\/#breadcrumb\",\"itemListElement\":[{\"@type\":\"ListItem\",\"position\":1,\"name\":\"Home\",\"item\":\"https:\/\/elsuperbeasto.com\/it\/\"},{\"@type\":\"ListItem\",\"position\":2,\"name\":\"App di incontri locali\"}]}]}<\/script>\n<!-- \/ Yoast SEO plugin. -->","yoast_head_json":{"title":"App di incontri locali - Quick Hookup","robots":{"index":"index","follow":"follow","max-snippet":"max-snippet:-1","max-image-preview":"max-image-preview:large","max-video-preview":"max-video-preview:-1"},"canonical":"https:\/\/elsuperbeasto.com\/it\/","og_locale":"it_IT","og_type":"article","og_title":"App di incontri locali - Quick Hookup","og_description":"I siti di incontri online sono ovunque. Ci sono centinaia di app e siti web diversi che si rivolgono a persone in cerca di amore, romanticismo o semplicemente di qualcuno con cui uscire. Ma come si fa a sapere qual&hellip; Continue Reading &rarr;","og_url":"https:\/\/elsuperbeasto.com\/it\/","og_site_name":"Quick Hookup","article_modified_time":"2022-09-08T15:07:14+00:00","og_image":[{"width":2239,"height":1500,"url":"https:\/\/elsuperbeasto.com\/wp-content\/uploads\/2022\/08\/real-dating-1.jpeg","type":"image\/jpeg"}],"twitter_card":"summary_large_image","twitter_misc":{"Tempo di lettura stimato":"5 minuti"},"schema":{"@context":"https:\/\/schema.org","@graph":[{"@type":"WebSite","@id":"https:\/\/elsuperbeasto.com\/#website","url":"https:\/\/elsuperbeasto.com\/","name":"Quick Hookup","description":"Your Guide To Love","potentialAction":[{"@type":"SearchAction","target":{"@type":"EntryPoint","urlTemplate":"https:\/\/elsuperbeasto.com\/?s={search_term_string}"},"query-input":"required name=search_term_string"}],"inLanguage":"it-IT"},{"@type":"ImageObject","@id":"https:\/\/elsuperbeasto.com\/it\/#primaryimage","inLanguage":"it-IT","url":"https:\/\/elsuperbeasto.com\/wp-content\/uploads\/2022\/08\/real-dating-1.jpeg","contentUrl":"https:\/\/elsuperbeasto.com\/wp-content\/uploads\/2022\/08\/real-dating-1.jpeg","width":2239,"height":1500},{"@type":"WebPage","@id":"https:\/\/elsuperbeasto.com\/it\/#webpage","url":"https:\/\/elsuperbeasto.com\/it\/","name":"App di incontri locali - Quick Hookup","isPartOf":{"@id":"https:\/\/elsuperbeasto.com\/#website"},"primaryImageOfPage":{"@id":"https:\/\/elsuperbeasto.com\/it\/#primaryimage"},"datePublished":"2022-08-18T12:22:28+00:00","dateModified":"2022-09-08T15:07:14+00:00","breadcrumb":{"@id":"https:\/\/elsuperbeasto.com\/it\/#breadcrumb"},"inLanguage":"it-IT","potentialAction":[{"@type":"ReadAction","target":["https:\/\/elsuperbeasto.com\/it\/"]}]},{"@type":"BreadcrumbList","@id":"https:\/\/elsuperbeasto.com\/it\/#breadcrumb","itemListElement":[{"@type":"ListItem","position":1,"name":"Home","item":"https:\/\/elsuperbeasto.com\/it\/"},{"@type":"ListItem","position":2,"name":"App di incontri locali"}]}]}},"_links":{"self":[{"href":"https:\/\/elsuperbeasto.com\/it\/wp-json\/wp\/v2\/pages\/348"}],"collection":[{"href":"https:\/\/elsuperbeasto.com\/it\/wp-json\/wp\/v2\/pages"}],"about":[{"href":"https:\/\/elsuperbeasto.com\/it\/wp-json\/wp\/v2\/types\/page"}],"author":[{"embeddable":true,"href":"https:\/\/elsuperbeasto.com\/it\/wp-json\/wp\/v2\/users\/1"}],"replies":[{"embeddable":true,"href":"https:\/\/elsuperbeasto.com\/it\/wp-json\/wp\/v2\/comments?post=348"}],"version-history":[{"count":1,"href":"https:\/\/elsuperbeasto.com\/it\/wp-json\/wp\/v2\/pages\/348\/revisions"}],"predecessor-version":[{"id":404,"href":"https:\/\/elsuperbeasto.com\/it\/wp-json\/wp\/v2\/pages\/348\/revisions\/404"}],"wp:featuredmedia":[{"embeddable":true,"href":"https:\/\/elsuperbeasto.com\/it\/wp-json\/wp\/v2\/media\/105"}],"wp:attachment":[{"href":"https:\/\/elsuperbeasto.com\/it\/wp-json\/wp\/v2\/media?parent=348"}],"curies":[{"name":"wp","href":"https:\/\/api.w.org\/{rel}","templated":true}]}}