{"id":346,"date":"2022-08-18T13:22:28","date_gmt":"2022-08-18T12:22:28","guid":{"rendered":"http:\/\/elsuperbeasto.com\/paikalliset-deittisovellukset\/"},"modified":"2022-08-18T13:22:28","modified_gmt":"2022-08-18T12:22:28","slug":"paikalliset-deittisovellukset","status":"publish","type":"page","link":"https:\/\/elsuperbeasto.com\/fi\/","title":{"rendered":"Paikalliset deittisovellukset"},"content":{"rendered":"<p>Nettideittisivustoja on kaikkialla. On olemassa satoja erilaisia sovelluksia ja verkkosivustoja, jotka palvelevat ihmisi\u00e4, jotka etsiv\u00e4t rakkautta, romantiikkaa tai vain jotakuta, jonka kanssa menn\u00e4 treffeille. Mutta mist\u00e4 tied\u00e4t, mik\u00e4 niist\u00e4 sopii sinulle parhaiten? Mik\u00e4 tekee hyv\u00e4 dating site? Mihin niist\u00e4 kannattaa liitty\u00e4? Mist\u00e4 tied\u00e4t, onko sivusto laillinen?<\/p>\n<p>Nykyp\u00e4iv\u00e4n digitaalisessa maailmassa arvostelut ovat kaikki kaikessa. Jos suunnittelet ostavasi jotain suurta, kuten auton, kodinkoneen tai jopa keng\u00e4t, olet todenn\u00e4k\u00f6isesti lukenut arvostelut ensin. Haluat varmistaa, ett\u00e4 saat parhaan mahdollisen vastineen rahoillesi. Miksi et siis haluaisi n\u00e4hd\u00e4, mit\u00e4 muut ajattelevat deittisivustosta? Arvostelusivustoja on paljon, mutta jotkut ovat parempia kuin toiset. Jotkin ovat puolueellisia tietynlaisten ihmisten suhteen, kun taas toiset keskittyv\u00e4t pelk\u00e4st\u00e4\u00e4n kokemuksen laatuun. Olemme koonneet listan suosikeistamme t\u00e4h\u00e4n. Lue ja selvit\u00e4, mik\u00e4 niist\u00e4 sopii sinulle.<\/p>\n<p><img loading=\"lazy\" class=\"size-large wp-image-63 aligncenter\" src=\"\/wp-content\/uploads\/2022\/08\/real-dating-1-1024x686.jpeg\" alt=\"\" width=\"640\" height=\"429\" srcset=\"https:\/\/elsuperbeasto.com\/wp-content\/uploads\/2022\/08\/real-dating-1-1024x686.jpeg 1024w, https:\/\/elsuperbeasto.com\/wp-content\/uploads\/2022\/08\/real-dating-1-300x201.jpeg 300w, https:\/\/elsuperbeasto.com\/wp-content\/uploads\/2022\/08\/real-dating-1-768x515.jpeg 768w, https:\/\/elsuperbeasto.com\/wp-content\/uploads\/2022\/08\/real-dating-1-1536x1029.jpeg 1536w, https:\/\/elsuperbeasto.com\/wp-content\/uploads\/2022\/08\/real-dating-1-2048x1372.jpeg 2048w\" sizes=\"(max-width: 640px) 100vw, 640px\" \/><\/p>\n<h2>Toimiiko nettideittailu oikeasti?<\/h2>\n<p>Jotkut v\u00e4itt\u00e4v\u00e4t, ett\u00e4 verkossa ja henkil\u00f6kohtaisesti tapaamisen v\u00e4lill\u00e4 ei ole juurikaan eroa. H\u00e4n sanoo, ett\u00e4 yksi syy siihen, ett\u00e4 ihmiset k\u00e4ytt\u00e4v\u00e4t nettideittisivustoja, on se, ett\u00e4 he eiv\u00e4t halua l\u00e4hte\u00e4 tavoittelemaan yst\u00e4vi\u00e4. He haluavat vain n\u00e4hd\u00e4, mit\u00e4 siell\u00e4 on tarjolla. H\u00e4n lis\u00e4\u00e4 kuitenkin, ett\u00e4 vaikka nettideittailu saattaa vaikuttaa nopealta ratkaisulta, se on itse asiassa hidas prosessi.<\/p>\n<p>Monet ihmiset eiv\u00e4t yksinkertaisesti tied\u00e4, miten l\u00e4hesty\u00e4 muita, varsinkaan verkossa. H\u00e4n huomauttaa esimerkiksi, ett\u00e4 useimmat ihmiset uskovat edelleen, ett\u00e4 miehet aloittavat yhteydenpidon ensin, vaikka tiedot osoittavat muuta. Itse asiassa naiset l\u00e4hett\u00e4v\u00e4t viestej\u00e4 paljon todenn\u00e4k\u00f6isemmin ensin, ja miehet vastaavat todenn\u00e4k\u00f6isemmin.<\/p>\n<p>Vaikka jotkut ihmiset tapaavat kumppaninsa verkossa, jotkut sanovat, ettei se ole aina helppoa. Yksi syy siihen, miksi ihmiset j\u00e4\u00e4v\u00e4t jumiin rutiineihin, on se, ett\u00e4 he luulevat kumppanin olevan synonyymi onnellisuudelle. Jos he eiv\u00e4t ole onnellisia, he olettavat, ett\u00e4 heid\u00e4n kumppaninsa on my\u00f6s onneton. T\u00e4m\u00e4n vuoksi heid\u00e4n on vaikeampi p\u00e4\u00e4st\u00e4\u00e4 irti negatiivisista tunteista itse\u00e4\u00e4n kohtaan, ja se est\u00e4\u00e4 heit\u00e4 tavoittelemasta mahdollisia kumppaneita.<\/p>\n<p>Joten, toimiiko nettideittailu? Riippuu siit\u00e4, kenelt\u00e4 kysyt. Jotkut sanovat kyll\u00e4, toiset taas eiv\u00e4t. Kysymys on kuitenkin siit\u00e4, etsitk\u00f6 jotain erityist\u00e4 vai etsitk\u00f6. Jos olet avoin tapaamaan ket\u00e4 tahansa, ehk\u00e4 nettideittailu toimii. Mutta jos olet kiinnostunut vain rakkauden l\u00f6yt\u00e4misest\u00e4, on ehk\u00e4 parempi pit\u00e4yty\u00e4 kokeilluissa ja testatuissa menetelmiss\u00e4.<\/p>\n<h2>Niche Dating Sivustot<\/h2>\n<p>Jos haluat l\u00f6yt\u00e4\u00e4 jonkun erityisen, on mahdollista, ett\u00e4 on olemassa dating sivusto tai sovellus juuri sinua varten. Eik\u00e4 sill\u00e4 ole v\u00e4li\u00e4, mink\u00e4lainen ihminen olet &#8211; saatat pit\u00e4\u00e4 parempana sivustoa, jossa tapaat ihmisi\u00e4 yhteisten kiinnostuksenkohteiden tai harrastusten perusteella, tai sivustoa, jonka tavoitteena on l\u00f6yt\u00e4\u00e4 pitk\u00e4aikainen kumppani. Mutta mist\u00e4 tied\u00e4t, mitk\u00e4 niist\u00e4 ovat rekister\u00f6itymisen arvoisia?<\/p>\n<p>Testasimme 11 suosittuja deittisivustoja ja -sovelluksia, jotka on suunnattu laajasti suurelle yleis\u00f6lle, mutta huomasimme, ett\u00e4 jokaisella oli joitakin ainutlaatuisia ominaisuuksia, jotka voivat auttaa rajaamaan kentt\u00e4\u00e4. T\u00e4ss\u00e4 ovat valintamme parhaista dating sivustoja ja sovelluksia niille, jotka etsiv\u00e4t rakkautta eri etnisyyksist\u00e4, uskonnollinen vakaumus, ja fyysiset ominaisuudet.<\/p>\n<h3>Christian Mingle<\/h3>\n<p>Kristittyjen seurustelu voi olla vaikeaa. Jos haluat tavata samanhenkisi\u00e4 ihmisi\u00e4, sinun on katsottava kirkon piirien ulkopuolelle. Tuoreen tutkimuksen mukaan noin puolet amerikkalaisista aikuisista sanoo seurustelleensa jonkun kanssa, joka ei usko Jumalaan. Vaikka monet seurakunnat tarjoavat online-deittisivustoja, ne eiv\u00e4t aina ole tarkoitettu kest\u00e4vien suhteiden l\u00f6yt\u00e4miseen. Mit\u00e4 kristityt sinkut sitten tekev\u00e4t? He liittyv\u00e4t kristittyjen mingle-arvosteluihin. N\u00e4ill\u00e4 foorumeilla j\u00e4senet voivat l\u00e4hett\u00e4\u00e4 kysymyksi\u00e4 uskosta ja yhteensopivuudesta ja antaa neuvoja kumppanin l\u00f6yt\u00e4miseksi kristillisest\u00e4 yhteis\u00f6st\u00e4. Joissakin j\u00e4senill\u00e4 on jopa mahdollisuus esitt\u00e4\u00e4 toisilleen kysymyksi\u00e4 nimett\u00f6m\u00e4n\u00e4.<\/p>\n<h3>AsiaDate<\/h3>\n<p>Jos etsit rakkautta, meill\u00e4 on juuri sit\u00e4, mit\u00e4 haluat. Tarkastelemme parhaita sivustoja rakkauden, romantiikan, yst\u00e4vyyden ja jopa pitk\u00e4aikaisten suhteiden l\u00f6yt\u00e4miseen Aasiasta tulevien ihmisten kanssa. Japanista Koreaan, Kiinasta Intiaan, tiimimme tarkastelee suosituimpia Aasian dating sivustoja ja sinkkuyhteis\u00f6t auttaa sinua l\u00f6yt\u00e4m\u00e4\u00e4n t\u00e4ydellisen match.<\/p>\n<h3>Tulitikku<\/h3>\n<p>Match toimii kuten monet muutkin deittisovellukset &#8211; pyyhk\u00e4iset vasemmalle, jos olet kiinnostunut, ja oikealle, jos et ole. Erona on se, ett\u00e4 Match ei vaadi sinua t\u00e4ytt\u00e4m\u00e4\u00e4n tonneittain henkil\u00f6kohtaisia tietoja itsest\u00e4si, kuten ik\u00e4si, pituutesi, painosi, tulosi, koulutustasosi, uskonnollinen vakaumuksesi, poliittiset n\u00e4kemyksesi jne. Sen sijaan vastaat kysymyksiin siit\u00e4, mit\u00e4 etsit kumppaniltasi, esimerkiksi haluatko jonkun, joka pit\u00e4\u00e4 matkustamisesta, juo alkoholia tai polttaa savukkeita. Kun olet t\u00e4ytt\u00e4nyt kyselylomakkeen, saat henkil\u00f6kohtaisen match-ehdotuksen 24 tunnin kuluessa.<\/p>\n<p>Jos haluat selata profiileja pyyhk\u00e4isem\u00e4tt\u00e4, voit tehd\u00e4 sen my\u00f6s. Mahdollisia kumppaneita voi tarkastella useilla eri tavoilla, kuten &#8221;L\u00e4hell\u00e4 olevat ihmiset&#8221;, &#8221;Yst\u00e4vien yst\u00e4v\u00e4t&#8221; ja &#8221;Seuraamani ihmiset&#8221;. Voit jopa selata sukupuolen, etnisen alkuper\u00e4n, uskonnon, seksuaalisen suuntautumisen ja sijainnin mukaan.<\/p>\n<p>Match helpottaa profiilin luomista, valokuvien lis\u00e4\u00e4mist\u00e4 ja viestien l\u00e4hett\u00e4mist\u00e4 muille j\u00e4senille. Se vaatii kuitenkin hieman totuttelua. Et esimerkiksi voi keskustella kenenk\u00e4\u00e4n kanssa, ellet ensin hyv\u00e4ksy h\u00e4nen yst\u00e4v\u00e4pyynt\u00f6\u00e4\u00e4n. Vaikka voit helposti est\u00e4\u00e4 ei-toivotut yhteystiedot, et voi poistaa niit\u00e4 kokonaan.<\/p>\n<h2>Neuvomme<\/h2>\n<p>Parhaan deittisovelluksen valitseminen sadoista saatavilla olevista vaihtoehdoista voi olla melko haastavaa. Vaihtoehtoja on niin paljon, ja jokainen niist\u00e4 n\u00e4ytt\u00e4\u00e4 v\u00e4itt\u00e4v\u00e4n, ett\u00e4 niill\u00e4 on vastaus ongelmiin. Toivottavasti t\u00e4m\u00e4 artikkeli auttoi sinua l\u00f6yt\u00e4m\u00e4\u00e4n kaikki tarvitsemasi tiedot.<\/p>\n<p>Ota yhteytt\u00e4 ja kysy lis\u00e4\u00e4!<\/p>\n","protected":false},"excerpt":{"rendered":"<p>Nettideittisivustoja on kaikkialla. On olemassa satoja erilaisia sovelluksia ja verkkosivustoja, jotka palvelevat ihmisi\u00e4, jotka etsiv\u00e4t rakkautta, romantiikkaa tai vain jotakuta, jonka kanssa menn\u00e4 treffeille. Mutta mist\u00e4 tied\u00e4t, mik\u00e4 niist\u00e4 sopii sinulle parhaiten? Mik\u00e4 tekee hyv\u00e4 dating site? Mihin niist\u00e4 kannattaa&hellip; <a href=\"https:\/\/elsuperbeasto.com\/fi\/\" class=\"more-link\">Continue Reading <span class=\"meta-nav\">&rarr;<\/span><\/a><\/p>\n","protected":false},"author":1,"featured_media":101,"parent":0,"menu_order":0,"comment_status":"closed","ping_status":"closed","template":"","meta":[],"yoast_head":"<!-- This site is optimized with the Yoast SEO plugin v17.7.1 - https:\/\/yoast.com\/wordpress\/plugins\/seo\/ -->\n<title>Paikalliset deittisovellukset - Quick Hookup<\/title>\n<meta name=\"robots\" content=\"index, follow, max-snippet:-1, max-image-preview:large, max-video-preview:-1\" \/>\n<link rel=\"canonical\" href=\"https:\/\/elsuperbeasto.com\/fi\/\" \/>\n<meta property=\"og:locale\" content=\"fi_FI\" \/>\n<meta property=\"og:type\" content=\"article\" \/>\n<meta property=\"og:title\" content=\"Paikalliset deittisovellukset - Quick Hookup\" \/>\n<meta property=\"og:description\" content=\"Nettideittisivustoja on kaikkialla. On olemassa satoja erilaisia sovelluksia ja verkkosivustoja, jotka palvelevat ihmisi\u00e4, jotka etsiv\u00e4t rakkautta, romantiikkaa tai vain jotakuta, jonka kanssa menn\u00e4 treffeille. Mutta mist\u00e4 tied\u00e4t, mik\u00e4 niist\u00e4 sopii sinulle parhaiten? Mik\u00e4 tekee hyv\u00e4 dating site? Mihin niist\u00e4 kannattaa&hellip; Continue Reading &rarr;\" \/>\n<meta property=\"og:url\" content=\"https:\/\/elsuperbeasto.com\/fi\/\" \/>\n<meta property=\"og:site_name\" content=\"Quick Hookup\" \/>\n<meta property=\"og:image\" content=\"https:\/\/elsuperbeasto.com\/wp-content\/uploads\/2022\/08\/real-dating-1.jpeg\" \/>\n\t<meta property=\"og:image:width\" content=\"2239\" \/>\n\t<meta property=\"og:image:height\" content=\"1500\" \/>\n<meta name=\"twitter:card\" content=\"summary_large_image\" \/>\n<meta name=\"twitter:label1\" content=\"Arvioitu lukuaika\" \/>\n\t<meta name=\"twitter:data1\" content=\"4 minuuttia\" \/>\n<script type=\"application\/ld+json\" class=\"yoast-schema-graph\">{\"@context\":\"https:\/\/schema.org\",\"@graph\":[{\"@type\":\"WebSite\",\"@id\":\"https:\/\/elsuperbeasto.com\/#website\",\"url\":\"https:\/\/elsuperbeasto.com\/\",\"name\":\"Quick Hookup\",\"description\":\"Your Guide To Love\",\"potentialAction\":[{\"@type\":\"SearchAction\",\"target\":{\"@type\":\"EntryPoint\",\"urlTemplate\":\"https:\/\/elsuperbeasto.com\/?s={search_term_string}\"},\"query-input\":\"required name=search_term_string\"}],\"inLanguage\":\"fi\"},{\"@type\":\"ImageObject\",\"@id\":\"https:\/\/elsuperbeasto.com\/fi\/#primaryimage\",\"inLanguage\":\"fi\",\"url\":\"https:\/\/elsuperbeasto.com\/wp-content\/uploads\/2022\/08\/real-dating-1.jpeg\",\"contentUrl\":\"https:\/\/elsuperbeasto.com\/wp-content\/uploads\/2022\/08\/real-dating-1.jpeg\",\"width\":2239,\"height\":1500},{\"@type\":\"WebPage\",\"@id\":\"https:\/\/elsuperbeasto.com\/fi\/#webpage\",\"url\":\"https:\/\/elsuperbeasto.com\/fi\/\",\"name\":\"Paikalliset deittisovellukset - Quick Hookup\",\"isPartOf\":{\"@id\":\"https:\/\/elsuperbeasto.com\/#website\"},\"primaryImageOfPage\":{\"@id\":\"https:\/\/elsuperbeasto.com\/fi\/#primaryimage\"},\"datePublished\":\"2022-08-18T12:22:28+00:00\",\"dateModified\":\"2022-08-18T12:22:28+00:00\",\"breadcrumb\":{\"@id\":\"https:\/\/elsuperbeasto.com\/fi\/#breadcrumb\"},\"inLanguage\":\"fi\",\"potentialAction\":[{\"@type\":\"ReadAction\",\"target\":[\"https:\/\/elsuperbeasto.com\/fi\/\"]}]},{\"@type\":\"BreadcrumbList\",\"@id\":\"https:\/\/elsuperbeasto.com\/fi\/#breadcrumb\",\"itemListElement\":[{\"@type\":\"ListItem\",\"position\":1,\"name\":\"Home\",\"item\":\"https:\/\/elsuperbeasto.com\/fi\/\"},{\"@type\":\"ListItem\",\"position\":2,\"name\":\"Paikalliset deittisovellukset\"}]}]}<\/script>\n<!-- \/ Yoast SEO plugin. -->","yoast_head_json":{"title":"Paikalliset deittisovellukset - Quick Hookup","robots":{"index":"index","follow":"follow","max-snippet":"max-snippet:-1","max-image-preview":"max-image-preview:large","max-video-preview":"max-video-preview:-1"},"canonical":"https:\/\/elsuperbeasto.com\/fi\/","og_locale":"fi_FI","og_type":"article","og_title":"Paikalliset deittisovellukset - Quick Hookup","og_description":"Nettideittisivustoja on kaikkialla. On olemassa satoja erilaisia sovelluksia ja verkkosivustoja, jotka palvelevat ihmisi\u00e4, jotka etsiv\u00e4t rakkautta, romantiikkaa tai vain jotakuta, jonka kanssa menn\u00e4 treffeille. Mutta mist\u00e4 tied\u00e4t, mik\u00e4 niist\u00e4 sopii sinulle parhaiten? Mik\u00e4 tekee hyv\u00e4 dating site? Mihin niist\u00e4 kannattaa&hellip; Continue Reading &rarr;","og_url":"https:\/\/elsuperbeasto.com\/fi\/","og_site_name":"Quick Hookup","og_image":[{"width":2239,"height":1500,"url":"https:\/\/elsuperbeasto.com\/wp-content\/uploads\/2022\/08\/real-dating-1.jpeg","type":"image\/jpeg"}],"twitter_card":"summary_large_image","twitter_misc":{"Arvioitu lukuaika":"4 minuuttia"},"schema":{"@context":"https:\/\/schema.org","@graph":[{"@type":"WebSite","@id":"https:\/\/elsuperbeasto.com\/#website","url":"https:\/\/elsuperbeasto.com\/","name":"Quick Hookup","description":"Your Guide To Love","potentialAction":[{"@type":"SearchAction","target":{"@type":"EntryPoint","urlTemplate":"https:\/\/elsuperbeasto.com\/?s={search_term_string}"},"query-input":"required name=search_term_string"}],"inLanguage":"fi"},{"@type":"ImageObject","@id":"https:\/\/elsuperbeasto.com\/fi\/#primaryimage","inLanguage":"fi","url":"https:\/\/elsuperbeasto.com\/wp-content\/uploads\/2022\/08\/real-dating-1.jpeg","contentUrl":"https:\/\/elsuperbeasto.com\/wp-content\/uploads\/2022\/08\/real-dating-1.jpeg","width":2239,"height":1500},{"@type":"WebPage","@id":"https:\/\/elsuperbeasto.com\/fi\/#webpage","url":"https:\/\/elsuperbeasto.com\/fi\/","name":"Paikalliset deittisovellukset - Quick Hookup","isPartOf":{"@id":"https:\/\/elsuperbeasto.com\/#website"},"primaryImageOfPage":{"@id":"https:\/\/elsuperbeasto.com\/fi\/#primaryimage"},"datePublished":"2022-08-18T12:22:28+00:00","dateModified":"2022-08-18T12:22:28+00:00","breadcrumb":{"@id":"https:\/\/elsuperbeasto.com\/fi\/#breadcrumb"},"inLanguage":"fi","potentialAction":[{"@type":"ReadAction","target":["https:\/\/elsuperbeasto.com\/fi\/"]}]},{"@type":"BreadcrumbList","@id":"https:\/\/elsuperbeasto.com\/fi\/#breadcrumb","itemListElement":[{"@type":"ListItem","position":1,"name":"Home","item":"https:\/\/elsuperbeasto.com\/fi\/"},{"@type":"ListItem","position":2,"name":"Paikalliset deittisovellukset"}]}]}},"_links":{"self":[{"href":"https:\/\/elsuperbeasto.com\/fi\/wp-json\/wp\/v2\/pages\/346"}],"collection":[{"href":"https:\/\/elsuperbeasto.com\/fi\/wp-json\/wp\/v2\/pages"}],"about":[{"href":"https:\/\/elsuperbeasto.com\/fi\/wp-json\/wp\/v2\/types\/page"}],"author":[{"embeddable":true,"href":"https:\/\/elsuperbeasto.com\/fi\/wp-json\/wp\/v2\/users\/1"}],"replies":[{"embeddable":true,"href":"https:\/\/elsuperbeasto.com\/fi\/wp-json\/wp\/v2\/comments?post=346"}],"version-history":[{"count":0,"href":"https:\/\/elsuperbeasto.com\/fi\/wp-json\/wp\/v2\/pages\/346\/revisions"}],"wp:featuredmedia":[{"embeddable":true,"href":"https:\/\/elsuperbeasto.com\/fi\/wp-json\/wp\/v2\/media\/101"}],"wp:attachment":[{"href":"https:\/\/elsuperbeasto.com\/fi\/wp-json\/wp\/v2\/media?parent=346"}],"curies":[{"name":"wp","href":"https:\/\/api.w.org\/{rel}","templated":true}]}}