{"id":339,"date":"2022-08-18T13:22:28","date_gmt":"2022-08-18T12:22:28","guid":{"rendered":"http:\/\/elsuperbeasto.com\/aplicaciones-de-citas-locales\/"},"modified":"2022-08-31T12:29:29","modified_gmt":"2022-08-31T11:29:29","slug":"aplicaciones-de-citas-locales","status":"publish","type":"page","link":"https:\/\/elsuperbeasto.com\/es\/","title":{"rendered":"Aplicaciones de citas locales"},"content":{"rendered":"<p>Los sitios de citas en l\u00ednea est\u00e1n por todas partes. Hay cientos de aplicaciones y sitios web diferentes que se dirigen a personas que buscan el amor, el romance o simplemente alguien con quien tener una cita. Pero, \u00bfc\u00f3mo saber cu\u00e1l es el mejor para usted? \u00bfQu\u00e9 hace que un sitio de citas sea bueno? \u00bfA cu\u00e1les merece la pena unirse? \u00bfC\u00f3mo puede saber si un sitio es leg\u00edtimo?<\/p>\n<p>En el mundo digital actual, las rese\u00f1as lo son todo. Si est\u00e1s pensando en comprar algo grande, como un coche, un electrodom\u00e9stico o incluso un par de zapatos, lo m\u00e1s probable es que primero leas las opiniones. Quieres asegurarte de que obtienes el m\u00e1ximo beneficio por tu dinero. Entonces, \u00bfpor qu\u00e9 no querr\u00edas ver lo que otros piensan sobre un sitio de citas? Hay montones de sitios de revisi\u00f3n por ah\u00ed, pero algunos son mejores que otros <a href=\"http:\/\/www.sites-de-sexo.com\">Sites-De-Sexo.com<\/a>. Algunos se inclinan por determinados tipos de personas, mientras que otros se centran \u00fanicamente en la calidad de la experiencia. Hemos recopilado una lista de nuestros favoritos aqu\u00ed. Lee y averigua cu\u00e1l es el m\u00e1s adecuado para ti.<\/p>\n<p><img loading=\"lazy\" class=\"size-large wp-image-63 aligncenter\" src=\"\/wp-content\/uploads\/2022\/08\/real-dating-1-1024x686.jpeg\" alt=\"\" width=\"640\" height=\"429\" srcset=\"https:\/\/elsuperbeasto.com\/wp-content\/uploads\/2022\/08\/real-dating-1-1024x686.jpeg 1024w, https:\/\/elsuperbeasto.com\/wp-content\/uploads\/2022\/08\/real-dating-1-300x201.jpeg 300w, https:\/\/elsuperbeasto.com\/wp-content\/uploads\/2022\/08\/real-dating-1-768x515.jpeg 768w, https:\/\/elsuperbeasto.com\/wp-content\/uploads\/2022\/08\/real-dating-1-1536x1029.jpeg 1536w, https:\/\/elsuperbeasto.com\/wp-content\/uploads\/2022\/08\/real-dating-1-2048x1372.jpeg 2048w\" sizes=\"(max-width: 640px) 100vw, 640px\" \/><\/p>\n<h2>\u00bfFuncionan realmente las citas en l\u00ednea?<\/h2>\n<p>Algunos sostienen que hay poca diferencia entre conocer a alguien en l\u00ednea y conocer a alguien en persona. Dice que una de las razones por las que la gente utiliza los sitios de citas en l\u00ednea es porque no quiere esforzarse por hacer amigos. S\u00f3lo quieren ver lo que hay. Pero a\u00f1ade que, aunque las citas online puedan parecer una soluci\u00f3n r\u00e1pida, en realidad es un proceso lento.<\/p>\n<p>Muchas personas simplemente no saben c\u00f3mo acercarse a los dem\u00e1s, especialmente en l\u00ednea. Por ejemplo, se\u00f1ala que la mayor\u00eda de la gente sigue creyendo que los hombres inician el contacto primero, aunque los datos sugieren lo contrario. De hecho, las mujeres son mucho m\u00e1s propensas a enviar mensajes primero, y los hombres a responder.<\/p>\n<p>Y aunque algunas personas conocen a sus parejas por Internet, algunas dicen que no siempre es f\u00e1cil. Una de las razones por las que las personas acaban estancadas en la rutina es porque piensan que tener pareja es sin\u00f3nimo de ser feliz. As\u00ed que si no son felices, asumen que su pareja tambi\u00e9n debe serlo. Esto hace que les resulte m\u00e1s dif\u00edcil desprenderse de los sentimientos negativos sobre s\u00ed mismos, y les impide ponerse en contacto con posibles parejas.<\/p>\n<p>Entonces, \u00bffuncionan las citas online? Depende de a qui\u00e9n se le pregunte. Algunos dicen que s\u00ed, mientras que otros dicen que no. Sin embargo, la cuesti\u00f3n es realmente si se busca algo espec\u00edfico o no. Si est\u00e1s abierto a conocer a cualquiera, entonces puede que las citas online funcionen. Pero si s\u00f3lo le interesa encontrar el amor, tal vez sea mejor atenerse a los m\u00e9todos probados.<\/p>\n<h2>Sitios de citas de nicho<\/h2>\n<p>Si quieres encontrar a alguien especial, lo m\u00e1s probable es que haya un sitio web o una aplicaci\u00f3n de citas espec\u00edfica para ti <a href=\"http:\/\/www.paginas-de-sexo.com\/\">Paginas-de-Sexo.com<\/a>. Y no importa el tipo de persona que sea: puede que prefiera un sitio en el que conozca a gente por intereses o aficiones comunes, o uno orientado a encontrar una pareja a largo plazo. Pero, \u00bfc\u00f3mo saber a cu\u00e1les merece la pena apuntarse?<\/p>\n<p>Probamos 11 sitios web y aplicaciones de citas populares dirigidas al p\u00fablico en general, pero descubrimos que cada una ten\u00eda algunas caracter\u00edsticas \u00fanicas que pod\u00edan ayudar a reducir el campo. Aqu\u00ed est\u00e1n nuestras selecciones de los mejores sitios y aplicaciones de citas para aquellos que buscan el amor a trav\u00e9s de las etnias, las creencias religiosas y los atributos f\u00edsicos.<\/p>\n<h3>Mezclas cristianas<\/h3>\n<p>La escena de las citas para los cristianos puede ser dif\u00edcil. Si quieres conocer a gente con ideas afines, tendr\u00e1s que buscar fuera de los c\u00edrculos eclesi\u00e1sticos. Una encuesta reciente revel\u00f3 que cerca de la mitad de los adultos estadounidenses dicen haber salido con alguien que no cree en Dios. Y aunque muchas iglesias ofrecen sitios de citas en l\u00ednea, \u00e9stos no siempre est\u00e1n orientados a encontrar relaciones duraderas. Entonces, \u00bfqu\u00e9 hacen los solteros cristianos? Se unen a las revisiones de los cristianos que se mezclan. Estos foros permiten a los miembros publicar preguntas sobre la fe y la compatibilidad, y dan consejos sobre c\u00f3mo encontrar una pareja dentro <a href=\"https:\/\/www.paginas-de-contactos.net\/\">Paginas-de-Contactos.net<\/a> de la comunidad cristiana. Algunos permiten incluso que los miembros se hagan preguntas de forma an\u00f3nima.<\/p>\n<h3>AsiaDate<\/h3>\n<p>Si buscas el amor, tenemos justo lo que quieres. Revisamos los mejores sitios para encontrar amor, romance, amistades e incluso relaciones a largo plazo con personas de Asia. De Jap\u00f3n a Corea, de China a la India, nuestro equipo revisa los sitios de citas asi\u00e1ticos m\u00e1s populares y las comunidades de solteros para ayudarte a encontrar la pareja perfecta.<\/p>\n<h3>Cerilla<\/h3>\n<p>Match funciona de forma muy parecida a otras aplicaciones de citas: deslizas el dedo hacia la izquierda si te interesa y hacia la derecha si no te interesa. La diferencia es que Match no requiere que rellenes toneladas de informaci\u00f3n personal sobre ti mismo, como tu edad, altura, peso, ingresos, nivel educativo, creencias religiosas, opiniones pol\u00edticas, etc. En su lugar, responde a preguntas sobre lo que busca en una pareja, como por ejemplo si prefiere a alguien a quien le guste viajar, beba alcohol o fume cigarrillos. Una vez rellenado el cuestionario, recibir\u00e1 una sugerencia de pareja personalizada en 24 horas.<\/p>\n<p>Si quieres navegar por los perfiles sin pasar el dedo, tambi\u00e9n puedes hacerlo. Hay varias formas de ver posibles coincidencias, como \u00abPersonas cercanas\u00bb, \u00abAmigos de amigos\u00bb y \u00abPersonas a las que sigo\u00bb. Incluso puede optar por buscar por g\u00e9nero, etnia, religi\u00f3n, orientaci\u00f3n sexual y ubicaci\u00f3n.<\/p>\n<p>Match facilita la creaci\u00f3n de un perfil, la adici\u00f3n de fotos y el env\u00edo de mensajes a otros miembros. Pero cuesta un poco acostumbrarse. Por ejemplo, no podr\u00e1s chatear con nadie si no aceptas primero su solicitud de amistad. Y aunque puedes bloquear f\u00e1cilmente los contactos no deseados, no puedes eliminarlos por completo.<\/p>\n<h2>Nuestros consejos<\/h2>\n<p>Elegir la mejor aplicaci\u00f3n de citas entre los cientos de opciones disponibles puede ser todo un reto. Hay muchas opciones y cada una parece decir que tiene la respuesta a tus problemas. Esperamos que este art\u00edculo le haya ayudado a encontrar toda la informaci\u00f3n que necesita.<\/p>\n<p>P\u00f3ngase en contacto con nosotros para saber m\u00e1s.<\/p>\n","protected":false},"excerpt":{"rendered":"<p>Los sitios de citas en l\u00ednea est\u00e1n por todas partes. Hay cientos de aplicaciones y sitios web diferentes que se dirigen a personas que buscan el amor, el romance o simplemente alguien con quien tener una cita. Pero, \u00bfc\u00f3mo saber&hellip; <a href=\"https:\/\/elsuperbeasto.com\/es\/\" class=\"more-link\">Continuar leyendo <span class=\"meta-nav\">&rarr;<\/span><\/a><\/p>\n","protected":false},"author":1,"featured_media":109,"parent":0,"menu_order":0,"comment_status":"closed","ping_status":"closed","template":"","meta":[],"yoast_head":"<!-- This site is optimized with the Yoast SEO plugin v17.7.1 - https:\/\/yoast.com\/wordpress\/plugins\/seo\/ -->\n<title>Aplicaciones de citas locales - Quick Hookup<\/title>\n<meta name=\"robots\" content=\"index, follow, max-snippet:-1, max-image-preview:large, max-video-preview:-1\" \/>\n<link rel=\"canonical\" href=\"https:\/\/elsuperbeasto.com\/es\/\" \/>\n<meta property=\"og:locale\" content=\"es_ES\" \/>\n<meta property=\"og:type\" content=\"article\" \/>\n<meta property=\"og:title\" content=\"Aplicaciones de citas locales - Quick Hookup\" \/>\n<meta property=\"og:description\" content=\"Los sitios de citas en l\u00ednea est\u00e1n por todas partes. Hay cientos de aplicaciones y sitios web diferentes que se dirigen a personas que buscan el amor, el romance o simplemente alguien con quien tener una cita. Pero, \u00bfc\u00f3mo saber&hellip; Continuar leyendo &rarr;\" \/>\n<meta property=\"og:url\" content=\"https:\/\/elsuperbeasto.com\/es\/\" \/>\n<meta property=\"og:site_name\" content=\"Quick Hookup\" \/>\n<meta property=\"article:modified_time\" content=\"2022-08-31T11:29:29+00:00\" \/>\n<meta property=\"og:image\" content=\"https:\/\/elsuperbeasto.com\/wp-content\/uploads\/2022\/08\/real-dating-1.jpeg\" \/>\n\t<meta property=\"og:image:width\" content=\"2239\" \/>\n\t<meta property=\"og:image:height\" content=\"1500\" \/>\n<meta name=\"twitter:card\" content=\"summary_large_image\" \/>\n<meta name=\"twitter:label1\" content=\"Tiempo de lectura\" \/>\n\t<meta name=\"twitter:data1\" content=\"6 minutos\" \/>\n<script type=\"application\/ld+json\" class=\"yoast-schema-graph\">{\"@context\":\"https:\/\/schema.org\",\"@graph\":[{\"@type\":\"WebSite\",\"@id\":\"https:\/\/elsuperbeasto.com\/#website\",\"url\":\"https:\/\/elsuperbeasto.com\/\",\"name\":\"Quick Hookup\",\"description\":\"Your Guide To Love\",\"potentialAction\":[{\"@type\":\"SearchAction\",\"target\":{\"@type\":\"EntryPoint\",\"urlTemplate\":\"https:\/\/elsuperbeasto.com\/?s={search_term_string}\"},\"query-input\":\"required name=search_term_string\"}],\"inLanguage\":\"es\"},{\"@type\":\"ImageObject\",\"@id\":\"https:\/\/elsuperbeasto.com\/es\/#primaryimage\",\"inLanguage\":\"es\",\"url\":\"https:\/\/elsuperbeasto.com\/wp-content\/uploads\/2022\/08\/real-dating-1.jpeg\",\"contentUrl\":\"https:\/\/elsuperbeasto.com\/wp-content\/uploads\/2022\/08\/real-dating-1.jpeg\",\"width\":2239,\"height\":1500},{\"@type\":\"WebPage\",\"@id\":\"https:\/\/elsuperbeasto.com\/es\/#webpage\",\"url\":\"https:\/\/elsuperbeasto.com\/es\/\",\"name\":\"Aplicaciones de citas locales - Quick Hookup\",\"isPartOf\":{\"@id\":\"https:\/\/elsuperbeasto.com\/#website\"},\"primaryImageOfPage\":{\"@id\":\"https:\/\/elsuperbeasto.com\/es\/#primaryimage\"},\"datePublished\":\"2022-08-18T12:22:28+00:00\",\"dateModified\":\"2022-08-31T11:29:29+00:00\",\"breadcrumb\":{\"@id\":\"https:\/\/elsuperbeasto.com\/es\/#breadcrumb\"},\"inLanguage\":\"es\",\"potentialAction\":[{\"@type\":\"ReadAction\",\"target\":[\"https:\/\/elsuperbeasto.com\/es\/\"]}]},{\"@type\":\"BreadcrumbList\",\"@id\":\"https:\/\/elsuperbeasto.com\/es\/#breadcrumb\",\"itemListElement\":[{\"@type\":\"ListItem\",\"position\":1,\"name\":\"Home\",\"item\":\"https:\/\/elsuperbeasto.com\/es\/\"},{\"@type\":\"ListItem\",\"position\":2,\"name\":\"Aplicaciones de citas locales\"}]}]}<\/script>\n<!-- \/ Yoast SEO plugin. -->","yoast_head_json":{"title":"Aplicaciones de citas locales - Quick Hookup","robots":{"index":"index","follow":"follow","max-snippet":"max-snippet:-1","max-image-preview":"max-image-preview:large","max-video-preview":"max-video-preview:-1"},"canonical":"https:\/\/elsuperbeasto.com\/es\/","og_locale":"es_ES","og_type":"article","og_title":"Aplicaciones de citas locales - Quick Hookup","og_description":"Los sitios de citas en l\u00ednea est\u00e1n por todas partes. Hay cientos de aplicaciones y sitios web diferentes que se dirigen a personas que buscan el amor, el romance o simplemente alguien con quien tener una cita. Pero, \u00bfc\u00f3mo saber&hellip; Continuar leyendo &rarr;","og_url":"https:\/\/elsuperbeasto.com\/es\/","og_site_name":"Quick Hookup","article_modified_time":"2022-08-31T11:29:29+00:00","og_image":[{"width":2239,"height":1500,"url":"https:\/\/elsuperbeasto.com\/wp-content\/uploads\/2022\/08\/real-dating-1.jpeg","type":"image\/jpeg"}],"twitter_card":"summary_large_image","twitter_misc":{"Tiempo de lectura":"6 minutos"},"schema":{"@context":"https:\/\/schema.org","@graph":[{"@type":"WebSite","@id":"https:\/\/elsuperbeasto.com\/#website","url":"https:\/\/elsuperbeasto.com\/","name":"Quick Hookup","description":"Your Guide To Love","potentialAction":[{"@type":"SearchAction","target":{"@type":"EntryPoint","urlTemplate":"https:\/\/elsuperbeasto.com\/?s={search_term_string}"},"query-input":"required name=search_term_string"}],"inLanguage":"es"},{"@type":"ImageObject","@id":"https:\/\/elsuperbeasto.com\/es\/#primaryimage","inLanguage":"es","url":"https:\/\/elsuperbeasto.com\/wp-content\/uploads\/2022\/08\/real-dating-1.jpeg","contentUrl":"https:\/\/elsuperbeasto.com\/wp-content\/uploads\/2022\/08\/real-dating-1.jpeg","width":2239,"height":1500},{"@type":"WebPage","@id":"https:\/\/elsuperbeasto.com\/es\/#webpage","url":"https:\/\/elsuperbeasto.com\/es\/","name":"Aplicaciones de citas locales - Quick Hookup","isPartOf":{"@id":"https:\/\/elsuperbeasto.com\/#website"},"primaryImageOfPage":{"@id":"https:\/\/elsuperbeasto.com\/es\/#primaryimage"},"datePublished":"2022-08-18T12:22:28+00:00","dateModified":"2022-08-31T11:29:29+00:00","breadcrumb":{"@id":"https:\/\/elsuperbeasto.com\/es\/#breadcrumb"},"inLanguage":"es","potentialAction":[{"@type":"ReadAction","target":["https:\/\/elsuperbeasto.com\/es\/"]}]},{"@type":"BreadcrumbList","@id":"https:\/\/elsuperbeasto.com\/es\/#breadcrumb","itemListElement":[{"@type":"ListItem","position":1,"name":"Home","item":"https:\/\/elsuperbeasto.com\/es\/"},{"@type":"ListItem","position":2,"name":"Aplicaciones de citas locales"}]}]}},"_links":{"self":[{"href":"https:\/\/elsuperbeasto.com\/es\/wp-json\/wp\/v2\/pages\/339"}],"collection":[{"href":"https:\/\/elsuperbeasto.com\/es\/wp-json\/wp\/v2\/pages"}],"about":[{"href":"https:\/\/elsuperbeasto.com\/es\/wp-json\/wp\/v2\/types\/page"}],"author":[{"embeddable":true,"href":"https:\/\/elsuperbeasto.com\/es\/wp-json\/wp\/v2\/users\/1"}],"replies":[{"embeddable":true,"href":"https:\/\/elsuperbeasto.com\/es\/wp-json\/wp\/v2\/comments?post=339"}],"version-history":[{"count":2,"href":"https:\/\/elsuperbeasto.com\/es\/wp-json\/wp\/v2\/pages\/339\/revisions"}],"predecessor-version":[{"id":381,"href":"https:\/\/elsuperbeasto.com\/es\/wp-json\/wp\/v2\/pages\/339\/revisions\/381"}],"wp:featuredmedia":[{"embeddable":true,"href":"https:\/\/elsuperbeasto.com\/es\/wp-json\/wp\/v2\/media\/109"}],"wp:attachment":[{"href":"https:\/\/elsuperbeasto.com\/es\/wp-json\/wp\/v2\/media?parent=339"}],"curies":[{"name":"wp","href":"https:\/\/api.w.org\/{rel}","templated":true}]}}