{"id":337,"date":"2022-08-18T13:22:28","date_gmt":"2022-08-18T12:22:28","guid":{"rendered":"http:\/\/elsuperbeasto.com\/lokale-dating-apps\/"},"modified":"2022-08-18T13:22:28","modified_gmt":"2022-08-18T12:22:28","slug":"lokale-dating-apps","status":"publish","type":"page","link":"https:\/\/elsuperbeasto.com\/da\/","title":{"rendered":"Lokale dating-apps"},"content":{"rendered":"<p>Online dating sider findes overalt. Der findes hundredvis af forskellige apps og hjemmesider, der henvender sig til folk, der leder efter k\u00e6rlighed, romantik eller bare en at g\u00e5 p\u00e5 date med. Men hvordan ved du, hvilken der er bedst for dig? Hvad kendetegner et godt datingsite? Hvilke af dem er v\u00e6rd at deltage i? Hvordan kan du se, om et websted er legitimt?<\/p>\n<p>I dagens digitale verden er anmeldelser alt i dag. Hvis du planl\u00e6gger at k\u00f8be noget stort som en bil, et husholdningsapparat eller endda et par sko, er der gode chancer for, at du l\u00e6ser anmeldelser f\u00f8rst. Du vil gerne sikre dig, at du f\u00e5r mest muligt for pengene. S\u00e5 hvorfor vil du ikke se, hvad andre mener om et datingsite? Der findes masser af anmeldelsessider, men nogle er bedre end andre. Nogle er rettet mod bestemte typer af mennesker, mens andre udelukkende fokuserer p\u00e5 kvaliteten af oplevelsen. Vi har samlet en liste over vores favoritter her. L\u00e6s mere og find ud af, hvilken der er den rigtige for dig.<\/p>\n<p><img loading=\"lazy\" class=\"size-large wp-image-63 aligncenter\" src=\"\/wp-content\/uploads\/2022\/08\/real-dating-1-1024x686.jpeg\" alt=\"\" width=\"640\" height=\"429\" srcset=\"https:\/\/elsuperbeasto.com\/wp-content\/uploads\/2022\/08\/real-dating-1-1024x686.jpeg 1024w, https:\/\/elsuperbeasto.com\/wp-content\/uploads\/2022\/08\/real-dating-1-300x201.jpeg 300w, https:\/\/elsuperbeasto.com\/wp-content\/uploads\/2022\/08\/real-dating-1-768x515.jpeg 768w, https:\/\/elsuperbeasto.com\/wp-content\/uploads\/2022\/08\/real-dating-1-1536x1029.jpeg 1536w, https:\/\/elsuperbeasto.com\/wp-content\/uploads\/2022\/08\/real-dating-1-2048x1372.jpeg 2048w\" sizes=\"(max-width: 640px) 100vw, 640px\" \/><\/p>\n<h2>Virker online dating rent faktisk?<\/h2>\n<p>Nogle h\u00e6vder, at der er meget lille forskel p\u00e5 at m\u00f8de en person online og at m\u00f8de en person i virkeligheden. Han siger, at en af grundene til, at folk bruger online dating sider, er, at de ikke \u00f8nsker at g\u00e5 ud af deres vej for at f\u00e5 venner. De vil bare gerne se, hvad der er derude. Men han tilf\u00f8jer, at selvom online dating kan virke som en hurtig l\u00f8sning, er det faktisk en langsom proces.<\/p>\n<p>Mange mennesker ved simpelthen ikke, hvordan de skal henvende sig til andre, is\u00e6r ikke online. Han p\u00e5peger f.eks., at de fleste mennesker stadig tror, at det er m\u00e6ndene, der tager initiativ til kontakten f\u00f8rst, selv om data tyder p\u00e5 noget andet. Faktisk er kvinder meget mere tilb\u00f8jelige til at sende beskeder f\u00f8rst, og m\u00e6nd er mere tilb\u00f8jelige til at svare.<\/p>\n<p>Og selv om nogle mennesker m\u00f8der deres partnere online, siger nogle, at det ikke altid er let. En af grundene til, at folk ender med at sidde fast i en rutine, er, at de tror, at det at have en partner er ensbetydende med at v\u00e6re lykkelig. S\u00e5 hvis de ikke er lykkelige, g\u00e5r de ud fra, at deres partner ogs\u00e5 m\u00e5 v\u00e6re ulykkelig. Det g\u00f8r det sv\u00e6rere for dem at give slip p\u00e5 negative f\u00f8lelser om sig selv, og det forhindrer dem i at n\u00e5 ud til potentielle matches.<\/p>\n<p>S\u00e5, virker online dating? Det afh\u00e6nger af, hvem du sp\u00f8rger. Nogle mennesker siger ja, mens andre siger nej. Sp\u00f8rgsm\u00e5let er imidlertid, om du er p\u00e5 udkig efter noget specifikt eller ej. Hvis du er \u00e5ben for at m\u00f8de hvem som helst, s\u00e5 kan det m\u00e5ske fungere med online dating. Men hvis du kun er interesseret i at finde k\u00e6rligheden, er det m\u00e5ske bedre at holde dig til de gennempr\u00f8vede og testede metoder.<\/p>\n<h2>Niche dating sites<\/h2>\n<p>Hvis du \u00f8nsker at finde en s\u00e6rlig person, er der sandsynligvis et datingwebsted eller en app specielt til dig. Og det er ligegyldigt, hvilken type person du er &#8211; m\u00e5ske foretr\u00e6kker du et websted, hvor du m\u00f8der folk p\u00e5 baggrund af f\u00e6lles interesser eller hobbyer, eller et websted, der er rettet mod at finde en partner p\u00e5 lang sigt. Men hvordan ved du, hvilke der er v\u00e6rd at tilmelde sig?<\/p>\n<p>Vi testede 11 popul\u00e6re datingwebsteder og -apps, der er rettet mod den brede offentlighed, men vi fandt ud af, at de hver is\u00e6r havde nogle unikke funktioner, der kunne hj\u00e6lpe med at indsn\u00e6vre feltet. Her er vores valg for bedste dating sites og apps for dem, der s\u00f8ger k\u00e6rlighed p\u00e5 tv\u00e6rs af etniciteter, religi\u00f8se overbevisninger, og fysiske attributter.<\/p>\n<h3>Christian Mingle<\/h3>\n<p>Det kan v\u00e6re sv\u00e6rt for kristne at finde en k\u00e6reste. Hvis du \u00f8nsker at m\u00f8de ligesindede, skal du s\u00f8ge uden for kirkens kredse. En nylig unders\u00f8gelse viste, at omkring halvdelen af de voksne amerikanere siger, at de har v\u00e6ret sammen med en person, der ikke tror p\u00e5 Gud. Og selv om mange kirker tilbyder online dating-sider, er de ikke altid rettet mod at finde varige forhold. Hvad g\u00f8r kristne enlige s\u00e5? De slutter sig til kristne mingle-anmeldelser. I disse fora kan medlemmerne skrive sp\u00f8rgsm\u00e5l om tro og kompatibilitet og give r\u00e5d om, hvordan man finder en partner inden for det kristne samfund. Nogle af dem giver endda medlemmerne mulighed for at stille hinanden sp\u00f8rgsm\u00e5l anonymt.<\/p>\n<h3>AsiaDate<\/h3>\n<p>Hvis du leder efter k\u00e6rlighed, har vi lige det, du s\u00f8ger. Vi gennemg\u00e5r de bedste sider til at finde k\u00e6rlighed, romantik, venskaber og endda langvarige forhold med folk fra Asien. Fra Japan til Korea, Kina til Indien, vores team gennemg\u00e5r de mest popul\u00e6re asiatiske dating sites og singler f\u00e6llesskaber for at hj\u00e6lpe dig med at finde det perfekte match.<\/p>\n<h3>T\u00e6ndstik<\/h3>\n<p>Match fungerer p\u00e5 samme m\u00e5de som mange andre dating-apps &#8211; du stryger til venstre, hvis du er interesseret, og til h\u00f8jre, hvis du ikke er det. Forskellen er, at Match ikke kr\u00e6ver, at du udfylder tonsvis af personlige oplysninger om dig selv, f.eks. alder, h\u00f8jde, v\u00e6gt, indkomst, uddannelsesniveau, religi\u00f8s overbevisning, politiske holdninger osv. I stedet skal du svare p\u00e5 sp\u00f8rgsm\u00e5l om, hvad du leder efter i en partner, f.eks. om du foretr\u00e6kker en person, der kan lide at rejse, drikker alkohol eller ryger cigaretter. N\u00e5r du har udfyldt sp\u00f8rgeskemaet, modtager du et personligt matchforslag inden for 24 timer.<\/p>\n<p>Hvis du vil gennemse profiler uden at swipe, kan du ogs\u00e5 g\u00f8re det. Der er flere m\u00e5der at se potentielle matches p\u00e5, herunder &#8220;Personer i n\u00e6rheden&#8221;, &#8220;Venner af venner&#8221; og &#8220;Personer, jeg f\u00f8lger&#8221;. Du kan endda v\u00e6lge at s\u00f8ge efter k\u00f8n, etnicitet, religion, seksuel orientering og placering.<\/p>\n<p>Match g\u00f8r det nemt at oprette en profil, tilf\u00f8je billeder og sende beskeder til andre medlemmer. Men det kr\u00e6ver lidt tilv\u00e6nning. Du kan f.eks. ikke chatte med nogen, medmindre du f\u00f8rst accepterer deres anmodning om at blive venner. Og selv om du nemt kan blokere u\u00f8nskede kontakter, kan du ikke slette dem helt.<\/p>\n<h2>Vores r\u00e5d<\/h2>\n<p>Det kan v\u00e6re en stor udfordring at v\u00e6lge den bedste dating-app blandt de hundredvis af muligheder, der findes. Der er s\u00e5 mange valgmuligheder, og alle synes at h\u00e6vde, at de har svaret p\u00e5 dine problemer. Vi h\u00e5ber, at denne artikel har hjulpet dig med at finde alle de oplysninger, du har brug for.<\/p>\n<p>Kontakt os for at h\u00f8re mere!<\/p>\n","protected":false},"excerpt":{"rendered":"<p>Online dating sider findes overalt. Der findes hundredvis af forskellige apps og hjemmesider, der henvender sig til folk, der leder efter k\u00e6rlighed, romantik eller bare en at g\u00e5 p\u00e5 date med. Men hvordan ved du, hvilken der er bedst for&hellip; <a href=\"https:\/\/elsuperbeasto.com\/da\/\" class=\"more-link\">Continue Reading <span class=\"meta-nav\">&rarr;<\/span><\/a><\/p>\n","protected":false},"author":1,"featured_media":99,"parent":0,"menu_order":0,"comment_status":"closed","ping_status":"closed","template":"","meta":[],"yoast_head":"<!-- This site is optimized with the Yoast SEO plugin v17.7.1 - https:\/\/yoast.com\/wordpress\/plugins\/seo\/ -->\n<title>Lokale dating-apps - Quick Hookup<\/title>\n<meta name=\"robots\" content=\"index, follow, max-snippet:-1, max-image-preview:large, max-video-preview:-1\" \/>\n<link rel=\"canonical\" href=\"https:\/\/elsuperbeasto.com\/da\/\" \/>\n<meta property=\"og:locale\" content=\"da_DK\" \/>\n<meta property=\"og:type\" content=\"article\" \/>\n<meta property=\"og:title\" content=\"Lokale dating-apps - Quick Hookup\" \/>\n<meta property=\"og:description\" content=\"Online dating sider findes overalt. Der findes hundredvis af forskellige apps og hjemmesider, der henvender sig til folk, der leder efter k\u00e6rlighed, romantik eller bare en at g\u00e5 p\u00e5 date med. Men hvordan ved du, hvilken der er bedst for&hellip; Continue Reading &rarr;\" \/>\n<meta property=\"og:url\" content=\"https:\/\/elsuperbeasto.com\/da\/\" \/>\n<meta property=\"og:site_name\" content=\"Quick Hookup\" \/>\n<meta property=\"og:image\" content=\"https:\/\/elsuperbeasto.com\/wp-content\/uploads\/2022\/08\/real-dating-1.jpeg\" \/>\n\t<meta property=\"og:image:width\" content=\"2239\" \/>\n\t<meta property=\"og:image:height\" content=\"1500\" \/>\n<meta name=\"twitter:card\" content=\"summary_large_image\" \/>\n<meta name=\"twitter:label1\" content=\"Estimeret l\u00e6setid\" \/>\n\t<meta name=\"twitter:data1\" content=\"6 minutter\" \/>\n<script type=\"application\/ld+json\" class=\"yoast-schema-graph\">{\"@context\":\"https:\/\/schema.org\",\"@graph\":[{\"@type\":\"WebSite\",\"@id\":\"https:\/\/elsuperbeasto.com\/#website\",\"url\":\"https:\/\/elsuperbeasto.com\/\",\"name\":\"Quick Hookup\",\"description\":\"Your Guide To Love\",\"potentialAction\":[{\"@type\":\"SearchAction\",\"target\":{\"@type\":\"EntryPoint\",\"urlTemplate\":\"https:\/\/elsuperbeasto.com\/?s={search_term_string}\"},\"query-input\":\"required name=search_term_string\"}],\"inLanguage\":\"da-DK\"},{\"@type\":\"ImageObject\",\"@id\":\"https:\/\/elsuperbeasto.com\/da\/#primaryimage\",\"inLanguage\":\"da-DK\",\"url\":\"https:\/\/elsuperbeasto.com\/wp-content\/uploads\/2022\/08\/real-dating-1.jpeg\",\"contentUrl\":\"https:\/\/elsuperbeasto.com\/wp-content\/uploads\/2022\/08\/real-dating-1.jpeg\",\"width\":2239,\"height\":1500},{\"@type\":\"WebPage\",\"@id\":\"https:\/\/elsuperbeasto.com\/da\/#webpage\",\"url\":\"https:\/\/elsuperbeasto.com\/da\/\",\"name\":\"Lokale dating-apps - Quick Hookup\",\"isPartOf\":{\"@id\":\"https:\/\/elsuperbeasto.com\/#website\"},\"primaryImageOfPage\":{\"@id\":\"https:\/\/elsuperbeasto.com\/da\/#primaryimage\"},\"datePublished\":\"2022-08-18T12:22:28+00:00\",\"dateModified\":\"2022-08-18T12:22:28+00:00\",\"breadcrumb\":{\"@id\":\"https:\/\/elsuperbeasto.com\/da\/#breadcrumb\"},\"inLanguage\":\"da-DK\",\"potentialAction\":[{\"@type\":\"ReadAction\",\"target\":[\"https:\/\/elsuperbeasto.com\/da\/\"]}]},{\"@type\":\"BreadcrumbList\",\"@id\":\"https:\/\/elsuperbeasto.com\/da\/#breadcrumb\",\"itemListElement\":[{\"@type\":\"ListItem\",\"position\":1,\"name\":\"Home\",\"item\":\"https:\/\/elsuperbeasto.com\/da\/\"},{\"@type\":\"ListItem\",\"position\":2,\"name\":\"Lokale dating-apps\"}]}]}<\/script>\n<!-- \/ Yoast SEO plugin. -->","yoast_head_json":{"title":"Lokale dating-apps - Quick Hookup","robots":{"index":"index","follow":"follow","max-snippet":"max-snippet:-1","max-image-preview":"max-image-preview:large","max-video-preview":"max-video-preview:-1"},"canonical":"https:\/\/elsuperbeasto.com\/da\/","og_locale":"da_DK","og_type":"article","og_title":"Lokale dating-apps - Quick Hookup","og_description":"Online dating sider findes overalt. Der findes hundredvis af forskellige apps og hjemmesider, der henvender sig til folk, der leder efter k\u00e6rlighed, romantik eller bare en at g\u00e5 p\u00e5 date med. Men hvordan ved du, hvilken der er bedst for&hellip; Continue Reading &rarr;","og_url":"https:\/\/elsuperbeasto.com\/da\/","og_site_name":"Quick Hookup","og_image":[{"width":2239,"height":1500,"url":"https:\/\/elsuperbeasto.com\/wp-content\/uploads\/2022\/08\/real-dating-1.jpeg","type":"image\/jpeg"}],"twitter_card":"summary_large_image","twitter_misc":{"Estimeret l\u00e6setid":"6 minutter"},"schema":{"@context":"https:\/\/schema.org","@graph":[{"@type":"WebSite","@id":"https:\/\/elsuperbeasto.com\/#website","url":"https:\/\/elsuperbeasto.com\/","name":"Quick Hookup","description":"Your Guide To Love","potentialAction":[{"@type":"SearchAction","target":{"@type":"EntryPoint","urlTemplate":"https:\/\/elsuperbeasto.com\/?s={search_term_string}"},"query-input":"required name=search_term_string"}],"inLanguage":"da-DK"},{"@type":"ImageObject","@id":"https:\/\/elsuperbeasto.com\/da\/#primaryimage","inLanguage":"da-DK","url":"https:\/\/elsuperbeasto.com\/wp-content\/uploads\/2022\/08\/real-dating-1.jpeg","contentUrl":"https:\/\/elsuperbeasto.com\/wp-content\/uploads\/2022\/08\/real-dating-1.jpeg","width":2239,"height":1500},{"@type":"WebPage","@id":"https:\/\/elsuperbeasto.com\/da\/#webpage","url":"https:\/\/elsuperbeasto.com\/da\/","name":"Lokale dating-apps - Quick Hookup","isPartOf":{"@id":"https:\/\/elsuperbeasto.com\/#website"},"primaryImageOfPage":{"@id":"https:\/\/elsuperbeasto.com\/da\/#primaryimage"},"datePublished":"2022-08-18T12:22:28+00:00","dateModified":"2022-08-18T12:22:28+00:00","breadcrumb":{"@id":"https:\/\/elsuperbeasto.com\/da\/#breadcrumb"},"inLanguage":"da-DK","potentialAction":[{"@type":"ReadAction","target":["https:\/\/elsuperbeasto.com\/da\/"]}]},{"@type":"BreadcrumbList","@id":"https:\/\/elsuperbeasto.com\/da\/#breadcrumb","itemListElement":[{"@type":"ListItem","position":1,"name":"Home","item":"https:\/\/elsuperbeasto.com\/da\/"},{"@type":"ListItem","position":2,"name":"Lokale dating-apps"}]}]}},"_links":{"self":[{"href":"https:\/\/elsuperbeasto.com\/da\/wp-json\/wp\/v2\/pages\/337"}],"collection":[{"href":"https:\/\/elsuperbeasto.com\/da\/wp-json\/wp\/v2\/pages"}],"about":[{"href":"https:\/\/elsuperbeasto.com\/da\/wp-json\/wp\/v2\/types\/page"}],"author":[{"embeddable":true,"href":"https:\/\/elsuperbeasto.com\/da\/wp-json\/wp\/v2\/users\/1"}],"replies":[{"embeddable":true,"href":"https:\/\/elsuperbeasto.com\/da\/wp-json\/wp\/v2\/comments?post=337"}],"version-history":[{"count":0,"href":"https:\/\/elsuperbeasto.com\/da\/wp-json\/wp\/v2\/pages\/337\/revisions"}],"wp:featuredmedia":[{"embeddable":true,"href":"https:\/\/elsuperbeasto.com\/da\/wp-json\/wp\/v2\/media\/99"}],"wp:attachment":[{"href":"https:\/\/elsuperbeasto.com\/da\/wp-json\/wp\/v2\/media?parent=337"}],"curies":[{"name":"wp","href":"https:\/\/api.w.org\/{rel}","templated":true}]}}