{"id":376,"date":"2022-08-18T13:05:43","date_gmt":"2022-08-18T12:05:43","guid":{"rendered":"http:\/\/elsuperbeasto.com\/de-basta-apparna-for-att-hitta-karleken\/"},"modified":"2022-08-18T13:05:43","modified_gmt":"2022-08-18T12:05:43","slug":"de-basta-apparna-for-att-hitta-karleken","status":"publish","type":"page","link":"http:\/\/elsuperbeasto.com\/sv\/de-basta-apparna-for-att-hitta-karleken\/","title":{"rendered":"De b\u00e4sta apparna f\u00f6r att hitta k\u00e4rleken"},"content":{"rendered":"<p>D\u00e4rf\u00f6r har vi gjort en hel del forskning om de b\u00e4sta dejtingapparna och hittat de som sticker ut fr\u00e5n m\u00e4ngden. Det h\u00e4r \u00e4r inte bara v\u00e5ra \u00e5sikter &#8211; vi har testat varenda en av dem sj\u00e4lva och kommit fram till n\u00e5gra riktiga vinnare.<\/p>\n<p>S\u00e5 oavsett om du letar efter n\u00e5got seri\u00f6st, avslappnat eller n\u00e5gonstans d\u00e4remellan har vi allt du beh\u00f6ver. Vi ber\u00e4ttar exakt vilka funktioner som g\u00f6r varje app speciell, ger dig \u00e4rlig feedback om priserna och hj\u00e4lper dig att ta reda p\u00e5 vilken app som fungerar b\u00e4st f\u00f6r dig.<\/p>\n<p>N\u00e4r du har l\u00e4st den h\u00e4r guiden kommer du <a href=\"http:\/\/elsuperbeasto.com\/sv\/ar-natdejting-sakert\/\">inte att tvivla p\u00e5<\/a> vilken som passar dig b\u00e4st. Du beh\u00f6ver inte sl\u00f6sa din tid p\u00e5 att f\u00f6rs\u00f6ka lista ut saker sj\u00e4lv l\u00e4ngre; v\u00e4lj bara den b\u00e4sta dejtingappen baserat p\u00e5 v\u00e5ra rekommendationer och b\u00f6rja tr\u00e4ffa folk idag.<\/p>\n<p>Innan du registrerar dig p\u00e5 en webbplats b\u00f6r du noga \u00f6verv\u00e4ga om webbplatsen matchar din personlighet. F\u00f6redrar du tillf\u00e4llig dejting eller ett engagerat f\u00f6rh\u00e5llande?<\/p>\n<h2>Hitta en webbplats som passar din personlighet<\/h2>\n<p>Tycker du om att chatta via textmeddelande eller f\u00f6redrar du att chatta ansikte mot ansikte? F\u00f6redrar du korta meddelanden eller l\u00e5nga e-postmeddelanden? Dessa fr\u00e5gor kan hj\u00e4lpa dig att begr\u00e4nsa ditt s\u00f6kande. N\u00e4r du har hittat en webbplats som verkar passa dig kan du registrera dig och b\u00f6rja titta p\u00e5 profiler.<\/p>\n<h2>V\u00e4lj en webbplats baserat p\u00e5 dina intressen<\/h2>\n<p>T\u00e4nk p\u00e5 vad du \u00e4r intresserad av. Om du letar efter en romantisk partner vill du f\u00f6rmodligen inte g\u00e5 med p\u00e5 en webbplats som riktar sig till singlar som s\u00f6ker v\u00e4nskap. Om du letar efter en v\u00e4n vill du inte heller g\u00e5 med p\u00e5 en dejtingsajt som fokuserar p\u00e5 romantik.<\/p>\n<p>V\u00e4lj i st\u00e4llet en webbplats som tilltalar dina intressen. Om du till exempel \u00e4lskar sport b\u00f6r du g\u00e5 med p\u00e5 en webbplats d\u00e4r medlemmarna kan dela med sig av sina favoritlag, spelare och evenemang. P\u00e5 s\u00e5 s\u00e4tt kan du enkelt hitta kompatibla partners som delar liknande intressen.<\/p>\n<h2>G\u00e5 med p\u00e5 flera webbplatser innan du fattar ett beslut<\/h2>\n<p>Det \u00e4r viktigt att bes\u00f6ka flera dejtingsajter innan du best\u00e4mmer dig f\u00f6r en. Det ger dig m\u00f6jlighet att j\u00e4mf\u00f6ra f\u00f6r- och nackdelar med varje webbplats. Vissa webbplatser erbjuder till exempel avancerade funktioner som videochatt och snabbmeddelanden. Andra l\u00e5ter medlemmarna ladda upp bilder och videor. Andra l\u00e5ter dig bl\u00e4ddra bland medlemsprofiler utan att avsl\u00f6ja personliga uppgifter.<\/p>\n<h2>Beakta integritetsfr\u00e5gor<\/h2>\n<p>Vissa webbplatser till\u00e5ter medlemmar att vara anonyma, medan andra kr\u00e4ver att medlemmarna avsl\u00f6jar sin identitet. N\u00e4r du \u00f6verv\u00e4ger integritetsfr\u00e5gor b\u00f6r du komma ih\u00e5g att vissa webbplatser kan samla in k\u00e4nslig information om dig. Vissa webbplatser ber till exempel medlemmarna att uppge sitt civilst\u00e5nd, sin religi\u00f6sa \u00f6vertygelse, sitt yrke och sin utbildningsniv\u00e5. Dessa uppgifter kan anv\u00e4ndas f\u00f6r att rikta annonser till dig. Andra webbplatser kan beg\u00e4ra ytterligare information, t.ex. din l\u00e4ngd, vikt, inkomst och \u00e5lder. Vissa webbplatser l\u00e5ter medlemmarna v\u00e4lja om de vill avsl\u00f6ja sin identitet eller inte, medan andra kr\u00e4ver att medlemmarna avsl\u00f6jar allt.<\/p>\n<h2>VANLIGA FR\u00c5GOR<\/h2>\n<h3>Vilken \u00e4r den b\u00e4sta dejtingsajten f\u00f6r seri\u00f6sa f\u00f6rh\u00e5llanden?<\/h3>\n<p>Den b\u00e4sta dejtingwebbplatsen f\u00f6r seri\u00f6sa f\u00f6rh\u00e5llanden \u00e4r OkCupid.com. Denna dejtingsajt har miljontals anv\u00e4ndare fr\u00e5n hela v\u00e4rlden som anv\u00e4nder den f\u00f6r att hitta k\u00e4rleken. De erbjuder gratis meddelanden, direktmeddelanden, videochatt och andra funktioner som hj\u00e4lper dig att komma i kontakt med potentiella dejter.<\/p>\n<p>OkCupid har funnits sedan 2004 och miljontals anv\u00e4ndare har registrerat sig gratis. P\u00e5 webbplatsen kan anv\u00e4ndarna skapa en profil, s\u00f6ka efter andra medlemmar utifr\u00e5n kriterier som plats, \u00e5lder, k\u00f6n etc. och sedan skicka meddelanden till varandra. Anv\u00e4ndarna kan ocks\u00e5 bl\u00e4ddra bland profiler fr\u00e5n andra som s\u00f6ker dejter.<\/p>\n<h3>Vilken \u00e4r den b\u00e4sta dejtingappen 2022?<\/h3>\n<p>Den b\u00e4sta dejtingappen f\u00f6r 2022 kommer att vara Tinder Plus, som g\u00f6r det m\u00f6jligt f\u00f6r anv\u00e4ndare att skicka obegr\u00e4nsat med meddelanden till andra anv\u00e4ndare. Den h\u00e4r funktionen har funnits tillg\u00e4nglig sedan 2016, men det \u00e4r f\u00f6rst nu som den b\u00f6rjar bli popul\u00e4r. Andra appar som Happn, Bumble och OkCupid har liknande funktioner.<\/p>\n","protected":false},"excerpt":{"rendered":"<p>D\u00e4rf\u00f6r har vi gjort en hel del forskning om de b\u00e4sta dejtingapparna och hittat de som sticker ut fr\u00e5n m\u00e4ngden. Det h\u00e4r \u00e4r inte bara v\u00e5ra \u00e5sikter &#8211; vi har testat varenda en av dem sj\u00e4lva och kommit fram till&hellip; <a href=\"http:\/\/elsuperbeasto.com\/sv\/de-basta-apparna-for-att-hitta-karleken\/\" class=\"more-link\">Forts\u00e4tt l\u00e4sa <span class=\"meta-nav\">&rarr;<\/span><\/a><\/p>\n","protected":false},"author":1,"featured_media":152,"parent":0,"menu_order":0,"comment_status":"closed","ping_status":"closed","template":"","meta":[],"yoast_head":"<!-- This site is optimized with the Yoast SEO plugin v17.7.1 - https:\/\/yoast.com\/wordpress\/plugins\/seo\/ -->\n<title>De b\u00e4sta apparna f\u00f6r att hitta k\u00e4rleken - Quick Hookup<\/title>\n<meta name=\"robots\" content=\"index, follow, max-snippet:-1, max-image-preview:large, max-video-preview:-1\" \/>\n<link rel=\"canonical\" href=\"http:\/\/elsuperbeasto.com\/sv\/de-basta-apparna-for-att-hitta-karleken\/\" \/>\n<meta property=\"og:locale\" content=\"sv_SE\" \/>\n<meta property=\"og:type\" content=\"article\" \/>\n<meta property=\"og:title\" content=\"De b\u00e4sta apparna f\u00f6r att hitta k\u00e4rleken - Quick Hookup\" \/>\n<meta property=\"og:description\" content=\"D\u00e4rf\u00f6r har vi gjort en hel del forskning om de b\u00e4sta dejtingapparna och hittat de som sticker ut fr\u00e5n m\u00e4ngden. Det h\u00e4r \u00e4r inte bara v\u00e5ra \u00e5sikter &#8211; vi har testat varenda en av dem sj\u00e4lva och kommit fram till&hellip; Forts\u00e4tt l\u00e4sa &rarr;\" \/>\n<meta property=\"og:url\" content=\"http:\/\/elsuperbeasto.com\/sv\/de-basta-apparna-for-att-hitta-karleken\/\" \/>\n<meta property=\"og:site_name\" content=\"Quick Hookup\" \/>\n<meta property=\"og:image\" content=\"http:\/\/elsuperbeasto.com\/wp-content\/uploads\/2022\/08\/love-balloons.jpeg\" \/>\n\t<meta property=\"og:image:width\" content=\"1000\" \/>\n\t<meta property=\"og:image:height\" content=\"1500\" \/>\n<meta name=\"twitter:card\" content=\"summary_large_image\" \/>\n<meta name=\"twitter:label1\" content=\"Ber\u00e4knad l\u00e4stid\" \/>\n\t<meta name=\"twitter:data1\" content=\"4 minuter\" \/>\n<script type=\"application\/ld+json\" class=\"yoast-schema-graph\">{\"@context\":\"https:\/\/schema.org\",\"@graph\":[{\"@type\":\"WebSite\",\"@id\":\"https:\/\/elsuperbeasto.com\/#website\",\"url\":\"https:\/\/elsuperbeasto.com\/\",\"name\":\"Quick Hookup\",\"description\":\"Your Guide To Love\",\"potentialAction\":[{\"@type\":\"SearchAction\",\"target\":{\"@type\":\"EntryPoint\",\"urlTemplate\":\"https:\/\/elsuperbeasto.com\/?s={search_term_string}\"},\"query-input\":\"required name=search_term_string\"}],\"inLanguage\":\"sv-SE\"},{\"@type\":\"ImageObject\",\"@id\":\"http:\/\/elsuperbeasto.com\/sv\/de-basta-apparna-for-att-hitta-karleken\/#primaryimage\",\"inLanguage\":\"sv-SE\",\"url\":\"http:\/\/elsuperbeasto.com\/wp-content\/uploads\/2022\/08\/love-balloons.jpeg\",\"contentUrl\":\"http:\/\/elsuperbeasto.com\/wp-content\/uploads\/2022\/08\/love-balloons.jpeg\",\"width\":1000,\"height\":1500},{\"@type\":\"WebPage\",\"@id\":\"http:\/\/elsuperbeasto.com\/sv\/de-basta-apparna-for-att-hitta-karleken\/#webpage\",\"url\":\"http:\/\/elsuperbeasto.com\/sv\/de-basta-apparna-for-att-hitta-karleken\/\",\"name\":\"De b\\u00e4sta apparna f\\u00f6r att hitta k\\u00e4rleken - Quick Hookup\",\"isPartOf\":{\"@id\":\"https:\/\/elsuperbeasto.com\/#website\"},\"primaryImageOfPage\":{\"@id\":\"http:\/\/elsuperbeasto.com\/sv\/de-basta-apparna-for-att-hitta-karleken\/#primaryimage\"},\"datePublished\":\"2022-08-18T12:05:43+00:00\",\"dateModified\":\"2022-08-18T12:05:43+00:00\",\"breadcrumb\":{\"@id\":\"http:\/\/elsuperbeasto.com\/sv\/de-basta-apparna-for-att-hitta-karleken\/#breadcrumb\"},\"inLanguage\":\"sv-SE\",\"potentialAction\":[{\"@type\":\"ReadAction\",\"target\":[\"http:\/\/elsuperbeasto.com\/sv\/de-basta-apparna-for-att-hitta-karleken\/\"]}]},{\"@type\":\"BreadcrumbList\",\"@id\":\"http:\/\/elsuperbeasto.com\/sv\/de-basta-apparna-for-att-hitta-karleken\/#breadcrumb\",\"itemListElement\":[{\"@type\":\"ListItem\",\"position\":1,\"name\":\"Home\",\"item\":\"https:\/\/elsuperbeasto.com\/sv\/\"},{\"@type\":\"ListItem\",\"position\":2,\"name\":\"De b\\u00e4sta apparna f\\u00f6r att hitta k\\u00e4rleken\"}]}]}<\/script>\n<!-- \/ Yoast SEO plugin. -->","yoast_head_json":{"title":"De b\u00e4sta apparna f\u00f6r att hitta k\u00e4rleken - Quick Hookup","robots":{"index":"index","follow":"follow","max-snippet":"max-snippet:-1","max-image-preview":"max-image-preview:large","max-video-preview":"max-video-preview:-1"},"canonical":"http:\/\/elsuperbeasto.com\/sv\/de-basta-apparna-for-att-hitta-karleken\/","og_locale":"sv_SE","og_type":"article","og_title":"De b\u00e4sta apparna f\u00f6r att hitta k\u00e4rleken - Quick Hookup","og_description":"D\u00e4rf\u00f6r har vi gjort en hel del forskning om de b\u00e4sta dejtingapparna och hittat de som sticker ut fr\u00e5n m\u00e4ngden. Det h\u00e4r \u00e4r inte bara v\u00e5ra \u00e5sikter &#8211; vi har testat varenda en av dem sj\u00e4lva och kommit fram till&hellip; Forts\u00e4tt l\u00e4sa &rarr;","og_url":"http:\/\/elsuperbeasto.com\/sv\/de-basta-apparna-for-att-hitta-karleken\/","og_site_name":"Quick Hookup","og_image":[{"width":1000,"height":1500,"url":"http:\/\/elsuperbeasto.com\/wp-content\/uploads\/2022\/08\/love-balloons.jpeg","type":"image\/jpeg"}],"twitter_card":"summary_large_image","twitter_misc":{"Ber\u00e4knad l\u00e4stid":"4 minuter"},"schema":{"@context":"https:\/\/schema.org","@graph":[{"@type":"WebSite","@id":"https:\/\/elsuperbeasto.com\/#website","url":"https:\/\/elsuperbeasto.com\/","name":"Quick Hookup","description":"Your Guide To Love","potentialAction":[{"@type":"SearchAction","target":{"@type":"EntryPoint","urlTemplate":"https:\/\/elsuperbeasto.com\/?s={search_term_string}"},"query-input":"required name=search_term_string"}],"inLanguage":"sv-SE"},{"@type":"ImageObject","@id":"http:\/\/elsuperbeasto.com\/sv\/de-basta-apparna-for-att-hitta-karleken\/#primaryimage","inLanguage":"sv-SE","url":"http:\/\/elsuperbeasto.com\/wp-content\/uploads\/2022\/08\/love-balloons.jpeg","contentUrl":"http:\/\/elsuperbeasto.com\/wp-content\/uploads\/2022\/08\/love-balloons.jpeg","width":1000,"height":1500},{"@type":"WebPage","@id":"http:\/\/elsuperbeasto.com\/sv\/de-basta-apparna-for-att-hitta-karleken\/#webpage","url":"http:\/\/elsuperbeasto.com\/sv\/de-basta-apparna-for-att-hitta-karleken\/","name":"De b\u00e4sta apparna f\u00f6r att hitta k\u00e4rleken - Quick Hookup","isPartOf":{"@id":"https:\/\/elsuperbeasto.com\/#website"},"primaryImageOfPage":{"@id":"http:\/\/elsuperbeasto.com\/sv\/de-basta-apparna-for-att-hitta-karleken\/#primaryimage"},"datePublished":"2022-08-18T12:05:43+00:00","dateModified":"2022-08-18T12:05:43+00:00","breadcrumb":{"@id":"http:\/\/elsuperbeasto.com\/sv\/de-basta-apparna-for-att-hitta-karleken\/#breadcrumb"},"inLanguage":"sv-SE","potentialAction":[{"@type":"ReadAction","target":["http:\/\/elsuperbeasto.com\/sv\/de-basta-apparna-for-att-hitta-karleken\/"]}]},{"@type":"BreadcrumbList","@id":"http:\/\/elsuperbeasto.com\/sv\/de-basta-apparna-for-att-hitta-karleken\/#breadcrumb","itemListElement":[{"@type":"ListItem","position":1,"name":"Home","item":"https:\/\/elsuperbeasto.com\/sv\/"},{"@type":"ListItem","position":2,"name":"De b\u00e4sta apparna f\u00f6r att hitta k\u00e4rleken"}]}]}},"_links":{"self":[{"href":"http:\/\/elsuperbeasto.com\/sv\/wp-json\/wp\/v2\/pages\/376"}],"collection":[{"href":"http:\/\/elsuperbeasto.com\/sv\/wp-json\/wp\/v2\/pages"}],"about":[{"href":"http:\/\/elsuperbeasto.com\/sv\/wp-json\/wp\/v2\/types\/page"}],"author":[{"embeddable":true,"href":"http:\/\/elsuperbeasto.com\/sv\/wp-json\/wp\/v2\/users\/1"}],"replies":[{"embeddable":true,"href":"http:\/\/elsuperbeasto.com\/sv\/wp-json\/wp\/v2\/comments?post=376"}],"version-history":[{"count":0,"href":"http:\/\/elsuperbeasto.com\/sv\/wp-json\/wp\/v2\/pages\/376\/revisions"}],"wp:featuredmedia":[{"embeddable":true,"href":"http:\/\/elsuperbeasto.com\/sv\/wp-json\/wp\/v2\/media\/152"}],"wp:attachment":[{"href":"http:\/\/elsuperbeasto.com\/sv\/wp-json\/wp\/v2\/media?parent=376"}],"curies":[{"name":"wp","href":"https:\/\/api.w.org\/{rel}","templated":true}]}}