{"id":342,"date":"2022-08-18T13:12:48","date_gmt":"2022-08-18T12:12:48","guid":{"rendered":"http:\/\/elsuperbeasto.com\/ar-natdejting-sakert\/"},"modified":"2022-08-18T13:12:48","modified_gmt":"2022-08-18T12:12:48","slug":"ar-natdejting-sakert","status":"publish","type":"page","link":"http:\/\/elsuperbeasto.com\/sv\/ar-natdejting-sakert\/","title":{"rendered":"\u00c4r n\u00e4tdejting s\u00e4kert?"},"content":{"rendered":"<p>N\u00e4tdejting \u00e4r ett bra s\u00e4tt att tr\u00e4ffa nya m\u00e4nniskor, men det finns vissa risker. En av dessa risker \u00e4r att bli lurad p\u00e5 pengar av en falsk person. I en nyligen genomf\u00f6rd studie konstaterades att en fj\u00e4rdedel av kvinnorna hade blivit kontaktade av n\u00e5gon som p\u00e5stod sig vara intresserad av att tr\u00e4ffa dem, men som senare visade sig vara en bedragare.<\/p>\n<p>Den vanligaste orsaken till att m\u00e4nniskor faller offer f\u00f6r bedr\u00e4gerier p\u00e5 dejtingappar \u00e4r d\u00e5lig kommunikationsf\u00f6rm\u00e5ga. Chatbots \u00e4r utformade f\u00f6r att efterlikna m\u00e4nsklig konversation, men de g\u00f6r inte alltid ett bra jobb. De tenderar att anv\u00e4nda ett blommigt spr\u00e5k, vilket g\u00f6r dem till l\u00e4tta m\u00e5ltavlor f\u00f6r bedragare.<\/p>\n<p>Om du vill skapa en <a href=\"http:\/\/elsuperbeasto.com\/sv\/vilka-ar-de-basta-apparna-for-sexting\/\">verklig kontakt med n\u00e5gon<\/a> vill du undvika att prata f\u00f6r mycket om dig sj\u00e4lv. M\u00e4nniskor gillar att prata om sig sj\u00e4lva, men de trivs oftast b\u00e4ttre med att g\u00f6ra det via ett telefonsamtal eller personligen. Uppkopplad dejting \u00e4r fortfarande relativt nytt, s\u00e5 du vet inte hur bra ni verkligen kommunicerar med varandra f\u00f6rr\u00e4n ni tr\u00e4ffas personligen.<\/p>\n<h2>Vad ska man se upp f\u00f6r?<\/h2>\n<p>Du kan se om en person \u00e4r en bot eller en bedragare genom att observera hans eller hennes beteende. I allm\u00e4nhet skickar en bot meddelanden snabbt, medan en bedragare tar l\u00e4ngre tid p\u00e5 sig att svara. Du kanske m\u00e4rker att m\u00e5nga m\u00e4nniskor verkar svara p\u00e5 dina meddelanden inom n\u00e5gra sekunder, \u00e4ven om de inte har svarat p\u00e5 n\u00e5got av dina tidigare meddelanden. Detta kallas &#8221;spamming&#8221;. Bots \u00e4r inte n\u00f6dv\u00e4ndigtvis spammare; det kan bara betyda att de tar emot m\u00e5nga meddelanden och svarar p\u00e5 dem alla samtidigt.<\/p>\n<p>En annan sak att se upp med \u00e4r tidiga k\u00e4rleksf\u00f6rklaringar. Vissa m\u00e4nniskor s\u00e4ger n\u00e5got i stil med &#8221;Jag tycker att vi \u00e4r perfekta tillsammans&#8221; eller &#8221;Jag \u00e4r galen i dig&#8221;. Den h\u00e4r typen av kommentarer anv\u00e4nds i allm\u00e4nhet f\u00f6r att \u00f6vertyga dig om att l\u00e4mna ut dina kreditkortsuppgifter. Bedragare f\u00f6rs\u00f6ker ofta locka dig att l\u00e4mna ut personlig information genom att s\u00e4ga n\u00e5got trevligt. Var f\u00f6rsiktig med alla som verkar \u00f6verdrivet entusiastiska \u00f6ver att tr\u00e4ffa dig.<\/p>\n<h2>Hur \u00e4r det med betalda datingappar?<\/h2>\n<p>De flesta dejtingsajter p\u00e5 n\u00e4tet \u00e4r gratis, men det finns m\u00e5nga som kr\u00e4ver betalning. Vissa erbjuder tillg\u00e5ng till vissa funktioner gratis, medan andra inte till\u00e5ter dig att anv\u00e4nda dessa funktioner om du inte betalar. Vi har sammanst\u00e4llt en lista \u00f6ver de mest popul\u00e4ra dejtingsajterna och hur mycket det kostar att g\u00e5 med.<\/p>\n<h2>Hur \u00e4r det med recensionerna?<\/h2>\n<p>Recensioner p\u00e5 n\u00e4tet spelar en stor roll f\u00f6r hur konsumenter fattar k\u00f6pbeslut. Om m\u00e4nniskor litar p\u00e5 andras \u00e5sikter kommer de att anv\u00e4nda dessa \u00e5sikter f\u00f6r att styra sina ink\u00f6p. Tyv\u00e4rr finns det alltf\u00f6r m\u00e5nga falska recensioner i dag.<\/p>\n<p>En nyligen genomf\u00f6rd studie visade att \u00f6ver h\u00e4lften av recensionerna p\u00e5 Amazon \u00e4r skrivna av betalda recensenter. Och vissa online dejtingf\u00f6retag som Match Group Inc., eHarmony Inc. och OkCupid LLC betalar m\u00e4nniskor f\u00f6r att skriva lysande recensioner om deras produkter. Dessa recensioner inneh\u00e5ller ofta felaktig information, t.ex. \u00f6verdrivna p\u00e5st\u00e5enden om produktens egenskaper och f\u00f6rdelar.<\/p>\n","protected":false},"excerpt":{"rendered":"<p>N\u00e4tdejting \u00e4r ett bra s\u00e4tt att tr\u00e4ffa nya m\u00e4nniskor, men det finns vissa risker. En av dessa risker \u00e4r att bli lurad p\u00e5 pengar av en falsk person. I en nyligen genomf\u00f6rd studie konstaterades att en fj\u00e4rdedel av kvinnorna hade&hellip; <a href=\"http:\/\/elsuperbeasto.com\/sv\/ar-natdejting-sakert\/\" class=\"more-link\">Forts\u00e4tt l\u00e4sa <span class=\"meta-nav\">&rarr;<\/span><\/a><\/p>\n","protected":false},"author":1,"featured_media":138,"parent":0,"menu_order":0,"comment_status":"closed","ping_status":"closed","template":"","meta":[],"yoast_head":"<!-- This site is optimized with the Yoast SEO plugin v17.7.1 - https:\/\/yoast.com\/wordpress\/plugins\/seo\/ -->\n<title>\u00c4r n\u00e4tdejting s\u00e4kert? - Quick Hookup<\/title>\n<meta name=\"robots\" content=\"index, follow, max-snippet:-1, max-image-preview:large, max-video-preview:-1\" \/>\n<link rel=\"canonical\" href=\"http:\/\/elsuperbeasto.com\/sv\/ar-natdejting-sakert\/\" \/>\n<meta property=\"og:locale\" content=\"sv_SE\" \/>\n<meta property=\"og:type\" content=\"article\" \/>\n<meta property=\"og:title\" content=\"\u00c4r n\u00e4tdejting s\u00e4kert? - Quick Hookup\" \/>\n<meta property=\"og:description\" content=\"N\u00e4tdejting \u00e4r ett bra s\u00e4tt att tr\u00e4ffa nya m\u00e4nniskor, men det finns vissa risker. En av dessa risker \u00e4r att bli lurad p\u00e5 pengar av en falsk person. I en nyligen genomf\u00f6rd studie konstaterades att en fj\u00e4rdedel av kvinnorna hade&hellip; Forts\u00e4tt l\u00e4sa &rarr;\" \/>\n<meta property=\"og:url\" content=\"http:\/\/elsuperbeasto.com\/sv\/ar-natdejting-sakert\/\" \/>\n<meta property=\"og:site_name\" content=\"Quick Hookup\" \/>\n<meta property=\"og:image\" content=\"http:\/\/elsuperbeasto.com\/wp-content\/uploads\/2022\/08\/dates.jpeg\" \/>\n\t<meta property=\"og:image:width\" content=\"2250\" \/>\n\t<meta property=\"og:image:height\" content=\"1500\" \/>\n<meta name=\"twitter:card\" content=\"summary_large_image\" \/>\n<meta name=\"twitter:label1\" content=\"Ber\u00e4knad l\u00e4stid\" \/>\n\t<meta name=\"twitter:data1\" content=\"3 minuter\" \/>\n<script type=\"application\/ld+json\" class=\"yoast-schema-graph\">{\"@context\":\"https:\/\/schema.org\",\"@graph\":[{\"@type\":\"WebSite\",\"@id\":\"https:\/\/elsuperbeasto.com\/#website\",\"url\":\"https:\/\/elsuperbeasto.com\/\",\"name\":\"Quick Hookup\",\"description\":\"Your Guide To Love\",\"potentialAction\":[{\"@type\":\"SearchAction\",\"target\":{\"@type\":\"EntryPoint\",\"urlTemplate\":\"https:\/\/elsuperbeasto.com\/?s={search_term_string}\"},\"query-input\":\"required name=search_term_string\"}],\"inLanguage\":\"sv-SE\"},{\"@type\":\"ImageObject\",\"@id\":\"http:\/\/elsuperbeasto.com\/sv\/ar-natdejting-sakert\/#primaryimage\",\"inLanguage\":\"sv-SE\",\"url\":\"http:\/\/elsuperbeasto.com\/wp-content\/uploads\/2022\/08\/dates.jpeg\",\"contentUrl\":\"http:\/\/elsuperbeasto.com\/wp-content\/uploads\/2022\/08\/dates.jpeg\",\"width\":2250,\"height\":1500},{\"@type\":\"WebPage\",\"@id\":\"http:\/\/elsuperbeasto.com\/sv\/ar-natdejting-sakert\/#webpage\",\"url\":\"http:\/\/elsuperbeasto.com\/sv\/ar-natdejting-sakert\/\",\"name\":\"\\u00c4r n\\u00e4tdejting s\\u00e4kert? - Quick Hookup\",\"isPartOf\":{\"@id\":\"https:\/\/elsuperbeasto.com\/#website\"},\"primaryImageOfPage\":{\"@id\":\"http:\/\/elsuperbeasto.com\/sv\/ar-natdejting-sakert\/#primaryimage\"},\"datePublished\":\"2022-08-18T12:12:48+00:00\",\"dateModified\":\"2022-08-18T12:12:48+00:00\",\"breadcrumb\":{\"@id\":\"http:\/\/elsuperbeasto.com\/sv\/ar-natdejting-sakert\/#breadcrumb\"},\"inLanguage\":\"sv-SE\",\"potentialAction\":[{\"@type\":\"ReadAction\",\"target\":[\"http:\/\/elsuperbeasto.com\/sv\/ar-natdejting-sakert\/\"]}]},{\"@type\":\"BreadcrumbList\",\"@id\":\"http:\/\/elsuperbeasto.com\/sv\/ar-natdejting-sakert\/#breadcrumb\",\"itemListElement\":[{\"@type\":\"ListItem\",\"position\":1,\"name\":\"Home\",\"item\":\"https:\/\/elsuperbeasto.com\/sv\/\"},{\"@type\":\"ListItem\",\"position\":2,\"name\":\"\\u00c4r n\\u00e4tdejting s\\u00e4kert?\"}]}]}<\/script>\n<!-- \/ Yoast SEO plugin. -->","yoast_head_json":{"title":"\u00c4r n\u00e4tdejting s\u00e4kert? - Quick Hookup","robots":{"index":"index","follow":"follow","max-snippet":"max-snippet:-1","max-image-preview":"max-image-preview:large","max-video-preview":"max-video-preview:-1"},"canonical":"http:\/\/elsuperbeasto.com\/sv\/ar-natdejting-sakert\/","og_locale":"sv_SE","og_type":"article","og_title":"\u00c4r n\u00e4tdejting s\u00e4kert? - Quick Hookup","og_description":"N\u00e4tdejting \u00e4r ett bra s\u00e4tt att tr\u00e4ffa nya m\u00e4nniskor, men det finns vissa risker. En av dessa risker \u00e4r att bli lurad p\u00e5 pengar av en falsk person. I en nyligen genomf\u00f6rd studie konstaterades att en fj\u00e4rdedel av kvinnorna hade&hellip; Forts\u00e4tt l\u00e4sa &rarr;","og_url":"http:\/\/elsuperbeasto.com\/sv\/ar-natdejting-sakert\/","og_site_name":"Quick Hookup","og_image":[{"width":2250,"height":1500,"url":"http:\/\/elsuperbeasto.com\/wp-content\/uploads\/2022\/08\/dates.jpeg","type":"image\/jpeg"}],"twitter_card":"summary_large_image","twitter_misc":{"Ber\u00e4knad l\u00e4stid":"3 minuter"},"schema":{"@context":"https:\/\/schema.org","@graph":[{"@type":"WebSite","@id":"https:\/\/elsuperbeasto.com\/#website","url":"https:\/\/elsuperbeasto.com\/","name":"Quick Hookup","description":"Your Guide To Love","potentialAction":[{"@type":"SearchAction","target":{"@type":"EntryPoint","urlTemplate":"https:\/\/elsuperbeasto.com\/?s={search_term_string}"},"query-input":"required name=search_term_string"}],"inLanguage":"sv-SE"},{"@type":"ImageObject","@id":"http:\/\/elsuperbeasto.com\/sv\/ar-natdejting-sakert\/#primaryimage","inLanguage":"sv-SE","url":"http:\/\/elsuperbeasto.com\/wp-content\/uploads\/2022\/08\/dates.jpeg","contentUrl":"http:\/\/elsuperbeasto.com\/wp-content\/uploads\/2022\/08\/dates.jpeg","width":2250,"height":1500},{"@type":"WebPage","@id":"http:\/\/elsuperbeasto.com\/sv\/ar-natdejting-sakert\/#webpage","url":"http:\/\/elsuperbeasto.com\/sv\/ar-natdejting-sakert\/","name":"\u00c4r n\u00e4tdejting s\u00e4kert? - Quick Hookup","isPartOf":{"@id":"https:\/\/elsuperbeasto.com\/#website"},"primaryImageOfPage":{"@id":"http:\/\/elsuperbeasto.com\/sv\/ar-natdejting-sakert\/#primaryimage"},"datePublished":"2022-08-18T12:12:48+00:00","dateModified":"2022-08-18T12:12:48+00:00","breadcrumb":{"@id":"http:\/\/elsuperbeasto.com\/sv\/ar-natdejting-sakert\/#breadcrumb"},"inLanguage":"sv-SE","potentialAction":[{"@type":"ReadAction","target":["http:\/\/elsuperbeasto.com\/sv\/ar-natdejting-sakert\/"]}]},{"@type":"BreadcrumbList","@id":"http:\/\/elsuperbeasto.com\/sv\/ar-natdejting-sakert\/#breadcrumb","itemListElement":[{"@type":"ListItem","position":1,"name":"Home","item":"https:\/\/elsuperbeasto.com\/sv\/"},{"@type":"ListItem","position":2,"name":"\u00c4r n\u00e4tdejting s\u00e4kert?"}]}]}},"_links":{"self":[{"href":"http:\/\/elsuperbeasto.com\/sv\/wp-json\/wp\/v2\/pages\/342"}],"collection":[{"href":"http:\/\/elsuperbeasto.com\/sv\/wp-json\/wp\/v2\/pages"}],"about":[{"href":"http:\/\/elsuperbeasto.com\/sv\/wp-json\/wp\/v2\/types\/page"}],"author":[{"embeddable":true,"href":"http:\/\/elsuperbeasto.com\/sv\/wp-json\/wp\/v2\/users\/1"}],"replies":[{"embeddable":true,"href":"http:\/\/elsuperbeasto.com\/sv\/wp-json\/wp\/v2\/comments?post=342"}],"version-history":[{"count":0,"href":"http:\/\/elsuperbeasto.com\/sv\/wp-json\/wp\/v2\/pages\/342\/revisions"}],"wp:featuredmedia":[{"embeddable":true,"href":"http:\/\/elsuperbeasto.com\/sv\/wp-json\/wp\/v2\/media\/138"}],"wp:attachment":[{"href":"http:\/\/elsuperbeasto.com\/sv\/wp-json\/wp\/v2\/media?parent=342"}],"curies":[{"name":"wp","href":"https:\/\/api.w.org\/{rel}","templated":true}]}}