{"id":334,"date":"2022-08-18T13:22:34","date_gmt":"2022-08-18T12:22:34","guid":{"rendered":"http:\/\/elsuperbeasto.com\/hur-man-traffar-lokala-kvinnor\/"},"modified":"2022-08-18T13:22:34","modified_gmt":"2022-08-18T12:22:34","slug":"hur-man-traffar-lokala-kvinnor","status":"publish","type":"page","link":"http:\/\/elsuperbeasto.com\/sv\/hur-man-traffar-lokala-kvinnor\/","title":{"rendered":"Hur man tr\u00e4ffar lokala kvinnor"},"content":{"rendered":"<p>\u00c4r du tr\u00f6tt p\u00e5 att dejta tjejer fr\u00e5n l\u00e5ngt borta? Vill du hitta en flickv\u00e4n n\u00e4rmare hemmet?<\/p>\n<p>I den h\u00e4r artikeln tar vi upp tre tips som hj\u00e4lper dig att hitta en lokal tjej f\u00f6r dejting.<\/p>\n<h2>Hitta lokala kvinnor p\u00e5 n\u00e4tet<\/h2>\n<p>F\u00f6rst och fr\u00e4mst. Om du vill hitta en lokal kvinna f\u00f6r dejting m\u00e5ste du f\u00f6rst hitta henne p\u00e5 n\u00e4tet. Det finns massor av webbplatser d\u00e4r du kan s\u00f6ka efter singelkvinnor baserat p\u00e5 plats. Dessa webbplatser inkluderar Match.com, eHarmony, PlentyofFish, OkCupid, Zoosk och andra.<\/p>\n<p>Uppkopplad dejting har blivit mycket popul\u00e4rt p\u00e5 senare tid. Det g\u00f6r det m\u00f6jligt f\u00f6r dig att komma i kontakt med tusentals potentiella matchningar utan att l\u00e4mna huset. S\u00e5 missa inte denna m\u00f6jlighet att hitta en lokal kvinna.<\/p>\n<h2>Tr\u00e4ffa v\u00e4nner som bor i n\u00e4rheten<\/h2>\n<p>Det h\u00e4r tipset fungerar b\u00e4st f\u00f6r dem som bor i storst\u00e4der. Men om du bor p\u00e5 en mindre ort kan du kanske \u00e4nd\u00e5 hitta en lokal tjej f\u00f6r en dejt. Tr\u00e4ffa v\u00e4nner som bor i n\u00e4rheten. Det ger er en urs\u00e4kt att umg\u00e5s och prata om era intressen.<\/p>\n<p>Det \u00e4r l\u00e4ttare att <a href=\"http:\/\/elsuperbeasto.com\/sv\/de-basta-apparna-for-att-hitta-karleken\/\">inleda samtal<\/a> n\u00e4r du umg\u00e5s med v\u00e4nner. Dessutom kommer du f\u00f6rmodligen att st\u00f6ta p\u00e5 n\u00e5gra s\u00f6ta killar ocks\u00e5!<\/p>\n<h2>G\u00e5 med i grupper som intresserar dig<\/h2>\n<p>G\u00e5 med i grupper som intresserar dig. G\u00e5 till exempel med i en idrottsgrupp, en bokklubb eller n\u00e5gon annan grupp som intresserar dig. N\u00e4r du g\u00e5r med i s\u00e5dana h\u00e4r grupper kommer du att f\u00e5 tr\u00e4ffa en massa intressanta m\u00e4nniskor. Eftersom de flesta av dessa grupper \u00e4r inriktade p\u00e5 n\u00e5got som du bryr dig om k\u00e4nner du dig mer bekv\u00e4m med att prata med dem \u00e4n med slumpm\u00e4ssiga fr\u00e4mlingar.<\/p>\n<p>Om du g\u00e5r med i dessa grupper f\u00e5r du dessutom en chans att \u00f6va p\u00e5 dina konversationsf\u00e4rdigheter. Du l\u00e4r dig att st\u00e4lla fr\u00e5gor, lyssna b\u00e4ttre och tala med sj\u00e4lvf\u00f6rtroende.<\/p>\n<h2>VANLIGA FR\u00c5GOR<\/h2>\n<p>Genom att f\u00f6lja dessa <a href=\"http:\/\/elsuperbeasto.com\/sv\/4-tips-for-att-vara-saker-pa-natdejting\/\">tre tips<\/a> kan du hitta en tjej f\u00f6r dejting f\u00f6rr snarare \u00e4n senare.<\/p>\n<h3>Vad betyder &#8221;utan f\u00f6rbeh\u00e5ll&#8221; i dejting?<\/h3>\n<p>No Strings Attached inneb\u00e4r att du inte beh\u00f6ver oroa dig f\u00f6r n\u00e5gra l\u00e5ngsiktiga \u00e5taganden. Om du vill tr\u00e4ffa n\u00e5gon f\u00f6r skojs skull, s\u00e5 g\u00f6r det! Men om du vill tr\u00e4ffa n\u00e5gon p\u00e5 allvar m\u00e5ste du vara beredd att binda dig. Om du vill undvika att hamna i ett f\u00f6rh\u00e5llande d\u00e4r b\u00e5da parter k\u00e4nner sig tvungna att vara tillsammans f\u00f6r alltid, prova att dejta n\u00e5gon som inte har n\u00e5gra f\u00f6rv\u00e4ntningar p\u00e5 hur l\u00e4nge de ska vara tillsammans. P\u00e5 s\u00e5 s\u00e4tt beh\u00f6ver du inte oroa dig f\u00f6r att bryta upp n\u00e4r det inte fungerar l\u00e4ngre.<\/p>\n<h3>Kan k\u00e4rlek utan f\u00f6rbeh\u00e5ll f\u00f6rvandlas till k\u00e4rlek?<\/h3>\n<p>Ja, det \u00e4r m\u00f6jligt att det \u00e4r m\u00f6jligt att k\u00e4rlek utan f\u00f6rbeh\u00e5ll blir till k\u00e4rlek. Det kr\u00e4ver dock en viss anstr\u00e4ngning fr\u00e5n b\u00e5da parter. Det f\u00f6rsta steget \u00e4r att vara \u00e4rlig om vad du vill ha. Om du inte vet vad du vill, kommer du inte att f\u00e5 reda p\u00e5 det f\u00f6rr\u00e4n du f\u00f6rs\u00f6ker. N\u00e4r ni v\u00e4l har kommit fram till vad ni vill, m\u00e5ste ni kommunicera tydligt och \u00e4rligt med varandra. Till sist m\u00e5ste du visa dig sj\u00e4lv och l\u00e5ta andra veta hur du k\u00e4nner dig.<\/p>\n<h3>Vad \u00e4r en NSA-fl\u00f6rt?<\/h3>\n<p>En NSA-flirt \u00e4r n\u00e4r n\u00e5gon har sex med en annan person som han eller hon inte vill vara intim med. Detta sker vanligtvis mellan tv\u00e5 personer som k\u00e4nner varandra v\u00e4l, t.ex. arbetskamrater, familjemedlemmar eller n\u00e4ra v\u00e4nner. Begreppet anv\u00e4ndes f\u00f6r f\u00f6rsta g\u00e5ngen p\u00e5 1970-talet och syftar p\u00e5 National Security Agency.<\/p>\n","protected":false},"excerpt":{"rendered":"<p>\u00c4r du tr\u00f6tt p\u00e5 att dejta tjejer fr\u00e5n l\u00e5ngt borta? Vill du hitta en flickv\u00e4n n\u00e4rmare hemmet? I den h\u00e4r artikeln tar vi upp tre tips som hj\u00e4lper dig att hitta en lokal tjej f\u00f6r dejting. Hitta lokala kvinnor p\u00e5&hellip; <a href=\"http:\/\/elsuperbeasto.com\/sv\/hur-man-traffar-lokala-kvinnor\/\" class=\"more-link\">Forts\u00e4tt l\u00e4sa <span class=\"meta-nav\">&rarr;<\/span><\/a><\/p>\n","protected":false},"author":1,"featured_media":166,"parent":0,"menu_order":0,"comment_status":"closed","ping_status":"closed","template":"","meta":[],"yoast_head":"<!-- This site is optimized with the Yoast SEO plugin v17.7.1 - https:\/\/yoast.com\/wordpress\/plugins\/seo\/ -->\n<title>Hur man tr\u00e4ffar lokala kvinnor - Quick Hookup<\/title>\n<meta name=\"robots\" content=\"index, follow, max-snippet:-1, max-image-preview:large, max-video-preview:-1\" \/>\n<link rel=\"canonical\" href=\"http:\/\/elsuperbeasto.com\/sv\/hur-man-traffar-lokala-kvinnor\/\" \/>\n<meta property=\"og:locale\" content=\"sv_SE\" \/>\n<meta property=\"og:type\" content=\"article\" \/>\n<meta property=\"og:title\" content=\"Hur man tr\u00e4ffar lokala kvinnor - Quick Hookup\" \/>\n<meta property=\"og:description\" content=\"\u00c4r du tr\u00f6tt p\u00e5 att dejta tjejer fr\u00e5n l\u00e5ngt borta? Vill du hitta en flickv\u00e4n n\u00e4rmare hemmet? I den h\u00e4r artikeln tar vi upp tre tips som hj\u00e4lper dig att hitta en lokal tjej f\u00f6r dejting. Hitta lokala kvinnor p\u00e5&hellip; Forts\u00e4tt l\u00e4sa &rarr;\" \/>\n<meta property=\"og:url\" content=\"http:\/\/elsuperbeasto.com\/sv\/hur-man-traffar-lokala-kvinnor\/\" \/>\n<meta property=\"og:site_name\" content=\"Quick Hookup\" \/>\n<meta property=\"og:image\" content=\"http:\/\/elsuperbeasto.com\/wp-content\/uploads\/2022\/08\/sexy-time.jpeg\" \/>\n\t<meta property=\"og:image:width\" content=\"1001\" \/>\n\t<meta property=\"og:image:height\" content=\"1500\" \/>\n<meta name=\"twitter:card\" content=\"summary_large_image\" \/>\n<meta name=\"twitter:label1\" content=\"Ber\u00e4knad l\u00e4stid\" \/>\n\t<meta name=\"twitter:data1\" content=\"4 minuter\" \/>\n<script type=\"application\/ld+json\" class=\"yoast-schema-graph\">{\"@context\":\"https:\/\/schema.org\",\"@graph\":[{\"@type\":\"WebSite\",\"@id\":\"https:\/\/elsuperbeasto.com\/#website\",\"url\":\"https:\/\/elsuperbeasto.com\/\",\"name\":\"Quick Hookup\",\"description\":\"Your Guide To Love\",\"potentialAction\":[{\"@type\":\"SearchAction\",\"target\":{\"@type\":\"EntryPoint\",\"urlTemplate\":\"https:\/\/elsuperbeasto.com\/?s={search_term_string}\"},\"query-input\":\"required name=search_term_string\"}],\"inLanguage\":\"sv-SE\"},{\"@type\":\"ImageObject\",\"@id\":\"http:\/\/elsuperbeasto.com\/sv\/hur-man-traffar-lokala-kvinnor\/#primaryimage\",\"inLanguage\":\"sv-SE\",\"url\":\"http:\/\/elsuperbeasto.com\/wp-content\/uploads\/2022\/08\/sexy-time.jpeg\",\"contentUrl\":\"http:\/\/elsuperbeasto.com\/wp-content\/uploads\/2022\/08\/sexy-time.jpeg\",\"width\":1001,\"height\":1500},{\"@type\":\"WebPage\",\"@id\":\"http:\/\/elsuperbeasto.com\/sv\/hur-man-traffar-lokala-kvinnor\/#webpage\",\"url\":\"http:\/\/elsuperbeasto.com\/sv\/hur-man-traffar-lokala-kvinnor\/\",\"name\":\"Hur man tr\\u00e4ffar lokala kvinnor - Quick Hookup\",\"isPartOf\":{\"@id\":\"https:\/\/elsuperbeasto.com\/#website\"},\"primaryImageOfPage\":{\"@id\":\"http:\/\/elsuperbeasto.com\/sv\/hur-man-traffar-lokala-kvinnor\/#primaryimage\"},\"datePublished\":\"2022-08-18T12:22:34+00:00\",\"dateModified\":\"2022-08-18T12:22:34+00:00\",\"breadcrumb\":{\"@id\":\"http:\/\/elsuperbeasto.com\/sv\/hur-man-traffar-lokala-kvinnor\/#breadcrumb\"},\"inLanguage\":\"sv-SE\",\"potentialAction\":[{\"@type\":\"ReadAction\",\"target\":[\"http:\/\/elsuperbeasto.com\/sv\/hur-man-traffar-lokala-kvinnor\/\"]}]},{\"@type\":\"BreadcrumbList\",\"@id\":\"http:\/\/elsuperbeasto.com\/sv\/hur-man-traffar-lokala-kvinnor\/#breadcrumb\",\"itemListElement\":[{\"@type\":\"ListItem\",\"position\":1,\"name\":\"Home\",\"item\":\"https:\/\/elsuperbeasto.com\/sv\/\"},{\"@type\":\"ListItem\",\"position\":2,\"name\":\"Hur man tr\\u00e4ffar lokala kvinnor\"}]}]}<\/script>\n<!-- \/ Yoast SEO plugin. -->","yoast_head_json":{"title":"Hur man tr\u00e4ffar lokala kvinnor - Quick Hookup","robots":{"index":"index","follow":"follow","max-snippet":"max-snippet:-1","max-image-preview":"max-image-preview:large","max-video-preview":"max-video-preview:-1"},"canonical":"http:\/\/elsuperbeasto.com\/sv\/hur-man-traffar-lokala-kvinnor\/","og_locale":"sv_SE","og_type":"article","og_title":"Hur man tr\u00e4ffar lokala kvinnor - Quick Hookup","og_description":"\u00c4r du tr\u00f6tt p\u00e5 att dejta tjejer fr\u00e5n l\u00e5ngt borta? Vill du hitta en flickv\u00e4n n\u00e4rmare hemmet? I den h\u00e4r artikeln tar vi upp tre tips som hj\u00e4lper dig att hitta en lokal tjej f\u00f6r dejting. Hitta lokala kvinnor p\u00e5&hellip; Forts\u00e4tt l\u00e4sa &rarr;","og_url":"http:\/\/elsuperbeasto.com\/sv\/hur-man-traffar-lokala-kvinnor\/","og_site_name":"Quick Hookup","og_image":[{"width":1001,"height":1500,"url":"http:\/\/elsuperbeasto.com\/wp-content\/uploads\/2022\/08\/sexy-time.jpeg","type":"image\/jpeg"}],"twitter_card":"summary_large_image","twitter_misc":{"Ber\u00e4knad l\u00e4stid":"4 minuter"},"schema":{"@context":"https:\/\/schema.org","@graph":[{"@type":"WebSite","@id":"https:\/\/elsuperbeasto.com\/#website","url":"https:\/\/elsuperbeasto.com\/","name":"Quick Hookup","description":"Your Guide To Love","potentialAction":[{"@type":"SearchAction","target":{"@type":"EntryPoint","urlTemplate":"https:\/\/elsuperbeasto.com\/?s={search_term_string}"},"query-input":"required name=search_term_string"}],"inLanguage":"sv-SE"},{"@type":"ImageObject","@id":"http:\/\/elsuperbeasto.com\/sv\/hur-man-traffar-lokala-kvinnor\/#primaryimage","inLanguage":"sv-SE","url":"http:\/\/elsuperbeasto.com\/wp-content\/uploads\/2022\/08\/sexy-time.jpeg","contentUrl":"http:\/\/elsuperbeasto.com\/wp-content\/uploads\/2022\/08\/sexy-time.jpeg","width":1001,"height":1500},{"@type":"WebPage","@id":"http:\/\/elsuperbeasto.com\/sv\/hur-man-traffar-lokala-kvinnor\/#webpage","url":"http:\/\/elsuperbeasto.com\/sv\/hur-man-traffar-lokala-kvinnor\/","name":"Hur man tr\u00e4ffar lokala kvinnor - Quick Hookup","isPartOf":{"@id":"https:\/\/elsuperbeasto.com\/#website"},"primaryImageOfPage":{"@id":"http:\/\/elsuperbeasto.com\/sv\/hur-man-traffar-lokala-kvinnor\/#primaryimage"},"datePublished":"2022-08-18T12:22:34+00:00","dateModified":"2022-08-18T12:22:34+00:00","breadcrumb":{"@id":"http:\/\/elsuperbeasto.com\/sv\/hur-man-traffar-lokala-kvinnor\/#breadcrumb"},"inLanguage":"sv-SE","potentialAction":[{"@type":"ReadAction","target":["http:\/\/elsuperbeasto.com\/sv\/hur-man-traffar-lokala-kvinnor\/"]}]},{"@type":"BreadcrumbList","@id":"http:\/\/elsuperbeasto.com\/sv\/hur-man-traffar-lokala-kvinnor\/#breadcrumb","itemListElement":[{"@type":"ListItem","position":1,"name":"Home","item":"https:\/\/elsuperbeasto.com\/sv\/"},{"@type":"ListItem","position":2,"name":"Hur man tr\u00e4ffar lokala kvinnor"}]}]}},"_links":{"self":[{"href":"http:\/\/elsuperbeasto.com\/sv\/wp-json\/wp\/v2\/pages\/334"}],"collection":[{"href":"http:\/\/elsuperbeasto.com\/sv\/wp-json\/wp\/v2\/pages"}],"about":[{"href":"http:\/\/elsuperbeasto.com\/sv\/wp-json\/wp\/v2\/types\/page"}],"author":[{"embeddable":true,"href":"http:\/\/elsuperbeasto.com\/sv\/wp-json\/wp\/v2\/users\/1"}],"replies":[{"embeddable":true,"href":"http:\/\/elsuperbeasto.com\/sv\/wp-json\/wp\/v2\/comments?post=334"}],"version-history":[{"count":0,"href":"http:\/\/elsuperbeasto.com\/sv\/wp-json\/wp\/v2\/pages\/334\/revisions"}],"wp:featuredmedia":[{"embeddable":true,"href":"http:\/\/elsuperbeasto.com\/sv\/wp-json\/wp\/v2\/media\/166"}],"wp:attachment":[{"href":"http:\/\/elsuperbeasto.com\/sv\/wp-json\/wp\/v2\/media?parent=334"}],"curies":[{"name":"wp","href":"https:\/\/api.w.org\/{rel}","templated":true}]}}