{"id":323,"date":"2022-08-18T13:39:07","date_gmt":"2022-08-18T12:39:07","guid":{"rendered":"http:\/\/elsuperbeasto.com\/traffar-du-en-mogen-milf\/"},"modified":"2022-09-08T19:23:06","modified_gmt":"2022-09-08T18:23:06","slug":"traffar-du-en-mogen-milf","status":"publish","type":"page","link":"http:\/\/elsuperbeasto.com\/sv\/traffar-du-en-mogen-milf\/","title":{"rendered":"Tr\u00e4ffar du en mogen milf?"},"content":{"rendered":"<p>Mogna singlar s\u00f6ker k\u00e4rlek och romantik. Om du vill hitta dem m\u00e5ste du ha t\u00e5lamod och v\u00e4nta tills de kommer till dig. Det b\u00e4sta s\u00e4ttet att tr\u00e4ffa mogna singlar \u00e4r genom dejtingwebbplatser som Match.com, eHarmony, OkCupid osv. Det finns flera st\u00e4llen d\u00e4r du kan hitta \u00e4ldre kvinnor som s\u00f6ker sex. Det b\u00e4sta st\u00e4llet att b\u00f6rja \u00e4r Craigslist.com. P\u00e5 denna webbplats publiceras tusentals annonser dagligen fr\u00e5n hela v\u00e4rlden. Ett annat bra alternativ \u00e4r Backpage.com. P\u00e5 denna webbplats finns ocks\u00e5 miljontals listor \u00f6ver ledsagare och vuxentj\u00e4nster.<\/p>\n<p>Denna statistik v\u00e4ntas forts\u00e4tta att \u00f6ka i takt med att fler mogna vuxna blir bekv\u00e4ma med tekniken <a href=\"http:\/\/www.gay-hookups.com\/no\/gratis-datingsider-for-homofile\/\">gratis datingsider<\/a> och k\u00e4nner sig trygga med att uttrycka sig p\u00e5 n\u00e4tet. D\u00e4rf\u00f6r finns det m\u00e5nga dejtingsajter f\u00f6r mogna personer p\u00e5 internet. P\u00e5 dessa webbplatser kan vuxna personer tr\u00e4ffa och interagera med andra medlemmar utifr\u00e5n gemensamma intressen. F\u00f6rutom att tr\u00e4ffa nya m\u00e4nniskor ger dessa sajter ocks\u00e5 anv\u00e4ndarna tillg\u00e5ng till exklusivt inneh\u00e5ll och verktyg som \u00e4r utformade f\u00f6r att f\u00f6rb\u00e4ttra kommunikationen och leda till varaktiga relationer. \u00c4ven om dejtingsajter f\u00f6r mogna personer varierar kraftigt n\u00e4r det g\u00e4ller medlemsavgifter, anv\u00e4ndargr\u00e4nssnitt och \u00f6vergripande kvalitet, \u00e4r f\u00f6ljande n\u00e5gra av de b\u00e4sta dejtingsajterna f\u00f6r mogna personer som f\u00f6r n\u00e4rvarande finns tillg\u00e4ngliga p\u00e5 webben.<\/p>\n<h2>V\u00e5ra b\u00e4sta tips:<\/h2>\n<p>Det finns <a href=\"http:\/\/elsuperbeasto.com\/sv\/hur-fungerar-nsa-hookups\/\">flera webbplatser<\/a> som erbjuder dejtingsidor f\u00f6r seniorer, till exempel Senior Matchmaker, Senior People Meet och SeniorsMeet. P\u00e5 dessa webbplatser kan anv\u00e4ndarna s\u00f6ka efter andra medlemmar baserat p\u00e5 \u00e5lder, plats, intressen och hobbyer.<\/p>\n<p>Vi vill dock ge dig n\u00e5gra alternativ till de popul\u00e4ra alternativen.<\/p>\n<h3>YourTango<\/h3>\n<p>YourTango \u00e4r en gratis online dejtingplattform som fr\u00e4mst v\u00e4nder sig till unga vuxna. Detta inneb\u00e4r att YourTango fokuserar p\u00e5 att sammanf\u00f6ra singlar i 20- och 30-\u00e5rs\u00e5ldern.<\/p>\n<p>Den liknar andra dejtingsajter f\u00f6r mogna vuxna i det avseendet <a href=\"http:\/\/www.sex-dating-websites.com\/sv\/ingen-registrering-meet-and-fuck-webbplats\/\">sexsajter utan registrering<\/a> att den inte kr\u00e4ver n\u00e5gon betald prenumeration f\u00f6r att registrera sig. Det finns dock ett litet urval av premiumfunktioner som kostar 9,99 dollar per m\u00e5nad. Huvudfokus ligger p\u00e5 att skapa l\u00e5ngvariga f\u00f6rbindelser mellan anv\u00e4ndare. F\u00f6r att g\u00f6ra detta erbjuder den en mycket interaktiv upplevelse d\u00e4r anv\u00e4ndarna kan uttrycka sig fritt.<\/p>\n<p>Anv\u00e4ndarna kan l\u00e4gga upp artiklar, videor och bilder p\u00e5 sina profilsidor. De kan ocks\u00e5 l\u00e4mna kommentarer till andra medlemmars inl\u00e4gg. Tillg\u00e4nglig f\u00f6r b\u00e5de iOS och Android-enheter.<\/p>\n<h3>Zoosk<\/h3>\n<p>Zoosk \u00e4r en gratis online dejtingwebbplats som fr\u00e4mst v\u00e4nder sig till ensamst\u00e5ende yrkesverksamma. Detta inneb\u00e4r att Zoosk \u00e4r inriktat p\u00e5 mogna vuxna som vill dejta inom sin egen bransch. Den liknar andra dejtingsajter f\u00f6r mogna personer i det avseendet att den inte kr\u00e4ver n\u00e5gon betalning f\u00f6r att registrera sig. Till skillnad fr\u00e5n andra dejtingsajter f\u00f6r mogna personer tar Zoosk dock ut en m\u00e5nadsavgift f\u00f6r premiumkonton. Grundkontot inkluderar obegr\u00e4nsad meddelandehantering och surfm\u00f6jligheter. Medlemskap i premiumklassen ger tillg\u00e5ng till extra funktioner som f\u00f6rb\u00e4ttrade s\u00f6k- och visningsalternativ.<\/p>\n<h3>ChristianMingle<\/h3>\n<p>ChristianMingle \u00e4r en f\u00f6rstklassig dejtingsajt f\u00f6r mogna personer <a href=\"http:\/\/www.adult-dating.net\/da\/gratis-fisse-i-mit-omraade\/\">gratis fisse<\/a> som enbart v\u00e4nder sig till kristna. \u00c4ven om detta kan verka begr\u00e4nsande vid f\u00f6rsta anblicken, uppmuntrar appen faktiskt anv\u00e4ndarna att vidga sina horisonter bortom sina religi\u00f6sa \u00f6vertygelser. Det \u00e4r helt gratis att g\u00e5 med och ger anv\u00e4ndarna en omfattande lista \u00f6ver funktioner. Anv\u00e4ndarna kan till exempel l\u00e4sa detaljerade biografier, se foton, l\u00e4gga till favoriter och betygs\u00e4tta medlemmar.<\/p>\n<p>De kan ocks\u00e5 st\u00e4lla fr\u00e5gor och be andra medlemmar om r\u00e5d. Dessutom finns det en funktion f\u00f6r privata meddelanden som g\u00f6r att anv\u00e4ndarna kan diskutera \u00e4mnen privat utan att beh\u00f6va vara r\u00e4dda f\u00f6r att bli d\u00f6mda. Du kan prova p\u00e5 att erbjuda en premiumprenumeration som ger tillg\u00e5ng till exklusivt inneh\u00e5ll och exklusiva funktioner.<\/p>\n<h3>T\u00e4ndsticka<\/h3>\n<p>\u00c4ven om Match.com \u00e4r den \u00e4ldsta dejtingsajten f\u00f6r mogna personer p\u00e5 marknaden \u00e4r den fortfarande en av de mest popul\u00e4ra. Webbplatsen grundades 1995 och har nu \u00f6ver 11 miljoner aktiva medlemmar v\u00e4rlden \u00f6ver.<\/p>\n<p>Det anses vara en av de b\u00e4sta dejtingsajterna f\u00f6r mogna personer eftersom det ger anv\u00e4ndarna ett brett utbud av funktioner och tj\u00e4nster. Anv\u00e4ndarna kan till exempel s\u00f6ka efter potentiella matchningar utifr\u00e5n \u00e5lder, k\u00f6n, livsstil, karri\u00e4r, religion och etnicitet. Dessutom kan medlemmarna dela foton och videor, f\u00e5 personliga rekommendationer och f\u00e5 kontakt via sociala medier.<\/p>\n<h2>Slutsats<\/h2>\n<p>Spendera inte din tid p\u00e5 att leta efter MILFs om du inte \u00e4r beredd att ge dem allt de vill ha. Det finns alltid n\u00e5gon annan d\u00e4r ute som vill behandla dem som de sexgudinnor de verkligen \u00e4r.<\/p>\n","protected":false},"excerpt":{"rendered":"<p>Mogna singlar s\u00f6ker k\u00e4rlek och romantik. Om du vill hitta dem m\u00e5ste du ha t\u00e5lamod och v\u00e4nta tills de kommer till dig. Det b\u00e4sta s\u00e4ttet att tr\u00e4ffa mogna singlar \u00e4r genom dejtingwebbplatser som Match.com, eHarmony, OkCupid osv. Det finns flera&hellip; <a href=\"http:\/\/elsuperbeasto.com\/sv\/traffar-du-en-mogen-milf\/\" class=\"more-link\">Forts\u00e4tt l\u00e4sa <span class=\"meta-nav\">&rarr;<\/span><\/a><\/p>\n","protected":false},"author":1,"featured_media":208,"parent":0,"menu_order":0,"comment_status":"closed","ping_status":"closed","template":"","meta":[],"yoast_head":"<!-- This site is optimized with the Yoast SEO plugin v17.7.1 - https:\/\/yoast.com\/wordpress\/plugins\/seo\/ -->\n<title>Tr\u00e4ffar du en mogen milf? - Quick Hookup<\/title>\n<meta name=\"robots\" content=\"index, follow, max-snippet:-1, max-image-preview:large, max-video-preview:-1\" \/>\n<link rel=\"canonical\" href=\"http:\/\/elsuperbeasto.com\/sv\/traffar-du-en-mogen-milf\/\" \/>\n<meta property=\"og:locale\" content=\"sv_SE\" \/>\n<meta property=\"og:type\" content=\"article\" \/>\n<meta property=\"og:title\" content=\"Tr\u00e4ffar du en mogen milf? - Quick Hookup\" \/>\n<meta property=\"og:description\" content=\"Mogna singlar s\u00f6ker k\u00e4rlek och romantik. Om du vill hitta dem m\u00e5ste du ha t\u00e5lamod och v\u00e4nta tills de kommer till dig. Det b\u00e4sta s\u00e4ttet att tr\u00e4ffa mogna singlar \u00e4r genom dejtingwebbplatser som Match.com, eHarmony, OkCupid osv. Det finns flera&hellip; Forts\u00e4tt l\u00e4sa &rarr;\" \/>\n<meta property=\"og:url\" content=\"http:\/\/elsuperbeasto.com\/sv\/traffar-du-en-mogen-milf\/\" \/>\n<meta property=\"og:site_name\" content=\"Quick Hookup\" \/>\n<meta property=\"article:modified_time\" content=\"2022-09-08T18:23:06+00:00\" \/>\n<meta property=\"og:image\" content=\"https:\/\/elsuperbeasto.com\/wp-content\/uploads\/2022\/08\/be-mine.jpeg\" \/>\n\t<meta property=\"og:image:width\" content=\"2250\" \/>\n\t<meta property=\"og:image:height\" content=\"1500\" \/>\n<meta name=\"twitter:card\" content=\"summary_large_image\" \/>\n<meta name=\"twitter:label1\" content=\"Ber\u00e4knad l\u00e4stid\" \/>\n\t<meta name=\"twitter:data1\" content=\"4 minuter\" \/>\n<script type=\"application\/ld+json\" class=\"yoast-schema-graph\">{\"@context\":\"https:\/\/schema.org\",\"@graph\":[{\"@type\":\"WebSite\",\"@id\":\"https:\/\/elsuperbeasto.com\/#website\",\"url\":\"https:\/\/elsuperbeasto.com\/\",\"name\":\"Quick Hookup\",\"description\":\"Your Guide To Love\",\"potentialAction\":[{\"@type\":\"SearchAction\",\"target\":{\"@type\":\"EntryPoint\",\"urlTemplate\":\"https:\/\/elsuperbeasto.com\/?s={search_term_string}\"},\"query-input\":\"required name=search_term_string\"}],\"inLanguage\":\"sv-SE\"},{\"@type\":\"ImageObject\",\"@id\":\"http:\/\/elsuperbeasto.com\/sv\/traffar-du-en-mogen-milf\/#primaryimage\",\"inLanguage\":\"sv-SE\",\"url\":\"http:\/\/elsuperbeasto.com\/wp-content\/uploads\/2022\/08\/be-mine.jpeg\",\"contentUrl\":\"http:\/\/elsuperbeasto.com\/wp-content\/uploads\/2022\/08\/be-mine.jpeg\",\"width\":2250,\"height\":1500},{\"@type\":\"WebPage\",\"@id\":\"http:\/\/elsuperbeasto.com\/sv\/traffar-du-en-mogen-milf\/#webpage\",\"url\":\"http:\/\/elsuperbeasto.com\/sv\/traffar-du-en-mogen-milf\/\",\"name\":\"Tr\\u00e4ffar du en mogen milf? - Quick Hookup\",\"isPartOf\":{\"@id\":\"https:\/\/elsuperbeasto.com\/#website\"},\"primaryImageOfPage\":{\"@id\":\"http:\/\/elsuperbeasto.com\/sv\/traffar-du-en-mogen-milf\/#primaryimage\"},\"datePublished\":\"2022-08-18T12:39:07+00:00\",\"dateModified\":\"2022-09-08T18:23:06+00:00\",\"breadcrumb\":{\"@id\":\"http:\/\/elsuperbeasto.com\/sv\/traffar-du-en-mogen-milf\/#breadcrumb\"},\"inLanguage\":\"sv-SE\",\"potentialAction\":[{\"@type\":\"ReadAction\",\"target\":[\"http:\/\/elsuperbeasto.com\/sv\/traffar-du-en-mogen-milf\/\"]}]},{\"@type\":\"BreadcrumbList\",\"@id\":\"http:\/\/elsuperbeasto.com\/sv\/traffar-du-en-mogen-milf\/#breadcrumb\",\"itemListElement\":[{\"@type\":\"ListItem\",\"position\":1,\"name\":\"Home\",\"item\":\"https:\/\/elsuperbeasto.com\/sv\/\"},{\"@type\":\"ListItem\",\"position\":2,\"name\":\"Tr\\u00e4ffar du en mogen milf?\"}]}]}<\/script>\n<!-- \/ Yoast SEO plugin. -->","yoast_head_json":{"title":"Tr\u00e4ffar du en mogen milf? - Quick Hookup","robots":{"index":"index","follow":"follow","max-snippet":"max-snippet:-1","max-image-preview":"max-image-preview:large","max-video-preview":"max-video-preview:-1"},"canonical":"http:\/\/elsuperbeasto.com\/sv\/traffar-du-en-mogen-milf\/","og_locale":"sv_SE","og_type":"article","og_title":"Tr\u00e4ffar du en mogen milf? - Quick Hookup","og_description":"Mogna singlar s\u00f6ker k\u00e4rlek och romantik. Om du vill hitta dem m\u00e5ste du ha t\u00e5lamod och v\u00e4nta tills de kommer till dig. Det b\u00e4sta s\u00e4ttet att tr\u00e4ffa mogna singlar \u00e4r genom dejtingwebbplatser som Match.com, eHarmony, OkCupid osv. Det finns flera&hellip; Forts\u00e4tt l\u00e4sa &rarr;","og_url":"http:\/\/elsuperbeasto.com\/sv\/traffar-du-en-mogen-milf\/","og_site_name":"Quick Hookup","article_modified_time":"2022-09-08T18:23:06+00:00","og_image":[{"width":2250,"height":1500,"url":"https:\/\/elsuperbeasto.com\/wp-content\/uploads\/2022\/08\/be-mine.jpeg","type":"image\/jpeg"}],"twitter_card":"summary_large_image","twitter_misc":{"Ber\u00e4knad l\u00e4stid":"4 minuter"},"schema":{"@context":"https:\/\/schema.org","@graph":[{"@type":"WebSite","@id":"https:\/\/elsuperbeasto.com\/#website","url":"https:\/\/elsuperbeasto.com\/","name":"Quick Hookup","description":"Your Guide To Love","potentialAction":[{"@type":"SearchAction","target":{"@type":"EntryPoint","urlTemplate":"https:\/\/elsuperbeasto.com\/?s={search_term_string}"},"query-input":"required name=search_term_string"}],"inLanguage":"sv-SE"},{"@type":"ImageObject","@id":"http:\/\/elsuperbeasto.com\/sv\/traffar-du-en-mogen-milf\/#primaryimage","inLanguage":"sv-SE","url":"http:\/\/elsuperbeasto.com\/wp-content\/uploads\/2022\/08\/be-mine.jpeg","contentUrl":"http:\/\/elsuperbeasto.com\/wp-content\/uploads\/2022\/08\/be-mine.jpeg","width":2250,"height":1500},{"@type":"WebPage","@id":"http:\/\/elsuperbeasto.com\/sv\/traffar-du-en-mogen-milf\/#webpage","url":"http:\/\/elsuperbeasto.com\/sv\/traffar-du-en-mogen-milf\/","name":"Tr\u00e4ffar du en mogen milf? - Quick Hookup","isPartOf":{"@id":"https:\/\/elsuperbeasto.com\/#website"},"primaryImageOfPage":{"@id":"http:\/\/elsuperbeasto.com\/sv\/traffar-du-en-mogen-milf\/#primaryimage"},"datePublished":"2022-08-18T12:39:07+00:00","dateModified":"2022-09-08T18:23:06+00:00","breadcrumb":{"@id":"http:\/\/elsuperbeasto.com\/sv\/traffar-du-en-mogen-milf\/#breadcrumb"},"inLanguage":"sv-SE","potentialAction":[{"@type":"ReadAction","target":["http:\/\/elsuperbeasto.com\/sv\/traffar-du-en-mogen-milf\/"]}]},{"@type":"BreadcrumbList","@id":"http:\/\/elsuperbeasto.com\/sv\/traffar-du-en-mogen-milf\/#breadcrumb","itemListElement":[{"@type":"ListItem","position":1,"name":"Home","item":"https:\/\/elsuperbeasto.com\/sv\/"},{"@type":"ListItem","position":2,"name":"Tr\u00e4ffar du en mogen milf?"}]}]}},"_links":{"self":[{"href":"http:\/\/elsuperbeasto.com\/sv\/wp-json\/wp\/v2\/pages\/323"}],"collection":[{"href":"http:\/\/elsuperbeasto.com\/sv\/wp-json\/wp\/v2\/pages"}],"about":[{"href":"http:\/\/elsuperbeasto.com\/sv\/wp-json\/wp\/v2\/types\/page"}],"author":[{"embeddable":true,"href":"http:\/\/elsuperbeasto.com\/sv\/wp-json\/wp\/v2\/users\/1"}],"replies":[{"embeddable":true,"href":"http:\/\/elsuperbeasto.com\/sv\/wp-json\/wp\/v2\/comments?post=323"}],"version-history":[{"count":1,"href":"http:\/\/elsuperbeasto.com\/sv\/wp-json\/wp\/v2\/pages\/323\/revisions"}],"predecessor-version":[{"id":420,"href":"http:\/\/elsuperbeasto.com\/sv\/wp-json\/wp\/v2\/pages\/323\/revisions\/420"}],"wp:featuredmedia":[{"embeddable":true,"href":"http:\/\/elsuperbeasto.com\/sv\/wp-json\/wp\/v2\/media\/208"}],"wp:attachment":[{"href":"http:\/\/elsuperbeasto.com\/sv\/wp-json\/wp\/v2\/media?parent=323"}],"curies":[{"name":"wp","href":"https:\/\/api.w.org\/{rel}","templated":true}]}}