{"id":316,"date":"2022-08-18T13:39:47","date_gmt":"2022-08-18T12:39:47","guid":{"rendered":"http:\/\/elsuperbeasto.com\/granny-dating-apps\/"},"modified":"2022-09-08T19:23:55","modified_gmt":"2022-09-08T18:23:55","slug":"granny-dating-apps","status":"publish","type":"page","link":"http:\/\/elsuperbeasto.com\/sv\/granny-dating-apps\/","title":{"rendered":"Granny Dating Apps"},"content":{"rendered":"<p>Granny dejting webbplatser erbjuder \u00e4ldre kvinnor m\u00f6jlighet att <a href=\"http:\/\/elsuperbeasto.com\/sv\/traffar-du-en-mogen-milf\/\">tr\u00e4ffa yngre m\u00e4n som vill tr\u00e4ffa dem<\/a>. Webbplatsen har funnits sedan 2006 och har f\u00f6r n\u00e4rvarande n\u00e4stan 1 miljon medlemmar fr\u00e5n hela v\u00e4rlden. Det finns inga avgifter och anv\u00e4ndarna kan bl\u00e4ddra bland profiler utifr\u00e5n \u00e5lder, plats, intressen och sexuella preferenser.<\/p>\n<p>Om du vill knulla en lokal mormor b\u00f6r du g\u00e5 hem till henne. Hon kommer att bli mycket glad n\u00e4r hon <a href=\"http:\/\/wank.io\/sv\/ingen-registrering-gratis-sexsajter\/\">gratis sex sajter<\/a> ser dig vid d\u00f6rren. Be sedan om till\u00e5telse att g\u00e5 in i hennes hus. N\u00e4r hon ger dig klartecken ska du b\u00f6rja kyssa henne \u00f6ver hela ansiktet, halsen, br\u00f6sten och fittan. D\u00e4refter ska du l\u00e5ngsamt f\u00f6ra in din kuk i hennes vagina tills du f\u00e5r utl\u00f6sning i henne.<\/p>\n<h2>Match.com<\/h2>\n<p>Match.com \u00e4r den st\u00f6rsta dejtingwebbplatsen i Nordamerika. Match.com har mer \u00e4n 10 miljoner registrerade anv\u00e4ndare och erbjuder ett brett utbud av tj\u00e4nster och resurser f\u00f6r att hj\u00e4lpa anv\u00e4ndarna att hitta k\u00e4rleken. Match.com l\u00e5ter anv\u00e4ndarna s\u00f6ka efter potentiella matchningar baserat p\u00e5 plats, gemensamma intressen, hobbyer, yrke, religion och utbildning. Anv\u00e4ndarna kan ocks\u00e5 st\u00e4lla in preferenser f\u00f6r k\u00f6n, etnicitet, relationsstatus och sexuell l\u00e4ggning.<\/p>\n<p>Anv\u00e4ndarna kan bl\u00e4ddra bland profiler, skicka blinkningar, visa foton och delta i livechattar via webbkamera. Medlemmarna kan ocks\u00e5 utbyta e-post och snabbmeddelanden, planera virtuella m\u00f6ten och beg\u00e4ra telefonsamtal. Det \u00e4r gratis att g\u00e5 med och erbjuder en robust mobilapp f\u00f6r iPhone, Android, BlackBerry, Windows Phone och iPad.<\/p>\n<h2>eHarmony<\/h2>\n<p>eHarmony \u00e4r en annan ledande dejtingsajt f\u00f6r <a href=\"https:\/\/www.hookup-now.com\/sv\/gratis-sex-nej-registrera-dig\/\">grattis sex<\/a> vuxna som enbart v\u00e4nder sig till vuxna. Till skillnad fr\u00e5n traditionella matchmaking-tj\u00e4nster tar eHarmony inte ut n\u00e5gra avgifter av anv\u00e4ndarna. I st\u00e4llet f\u00f6rlitar sig f\u00f6retaget enbart p\u00e5 reklamint\u00e4kter som genereras av medlemsabonnemang. De h\u00e4vdar att de anv\u00e4nder ett vetenskapligt matchningssystem f\u00f6r att para ihop anv\u00e4ndare baserat p\u00e5 kompatibilitetsfaktorer som personlighetsdrag, v\u00e4rderingar och livsstilar. Medlemmarna kan skapa en profil som beskriver deras personliga egenskaper, gillar, ogillar och vanor. De kan sedan anv\u00e4nda webbplatsens avancerade s\u00f6kmotor f\u00f6r att begr\u00e4nsa potentiella matchningar enligt specifika kriterier. N\u00e4r anv\u00e4ndaren har hittat en l\u00e4mplig kandidat kan han eller hon ta kontakt och b\u00f6rja utbyta e-post och snabbmeddelanden. B\u00e5da parter kan v\u00e4lja om de vill forts\u00e4tta med ett personligt m\u00f6te.<\/p>\n<h2>POF<\/h2>\n<p>PlentyofFish \u00e4r en gratis dejtingsajt p\u00e5 n\u00e4tet som fr\u00e4mst v\u00e4nder sig till mogna vuxna. Webbplatsen \u00e4r k\u00e4nd f\u00f6r att vara mycket inkluderande och acceptera olika typer av m\u00e4nniskor. Till skillnad fr\u00e5n andra dejtingsajter f\u00f6r mogna personer kr\u00e4ver den inte att anv\u00e4ndarna betalar en prenumerationsavgift. Ist\u00e4llet genererar den inkomster genom reklam. Det finns flera olika s\u00e4tt att kommunicera, inklusive e-post, snabbmeddelanden, r\u00f6stchatt och videochatt. Dess mobilappar finns tillg\u00e4ngliga f\u00f6r iOS\/Android.<\/p>\n<h2>OkCupid<\/h2>\n<p>OkCupid \u00e4r en gratis online dejtingtj\u00e4nst som fr\u00e4mst fokuserar <a href=\"https:\/\/www.desirestonight.com\/sv\/hitta-en-knullkompis\/\">hitta knullkompis<\/a> p\u00e5 att hitta kompatibla partners f\u00f6r tillf\u00e4llig dejting. Webbplatsen har mer \u00e4n 12 miljoner unika bes\u00f6kare per m\u00e5nad och g\u00f6r det enkelt f\u00f6r anv\u00e4ndarna att bl\u00e4ddra bland tusentals profiler och kommunicera med andra via e-post, textmeddelanden och videochatt.<\/p>\n<p>P\u00e5 OkCupid kan anv\u00e4ndarna ladda upp bilder, skriva om sig sj\u00e4lva och beskriva vad de letar efter i en partner. Andra anv\u00e4ndare kan svara p\u00e5 deras inl\u00e4gg och se om de passar in i deras idealtyp. Det \u00e4r gratis att g\u00e5 med och kr\u00e4ver ingen registrering. De har ocks\u00e5 en robust mobilapp som fungerar p\u00e5 flera olika plattformar.<\/p>\n<h2>Att hitta en Cougar f\u00f6r dig<\/h2>\n<p>Pumor och yngre killar trivs p\u00e5 den h\u00e4r dejtingappen. Appen har m\u00e5nga funktioner som hj\u00e4lper anv\u00e4ndarna att f\u00e5 kontakt. Du kan till exempel se dina v\u00e4nners \u00f6gonblick och inl\u00e4gg. Du kan ocks\u00e5 skicka meddelanden och dela foton. Och det finns m\u00e5nga andra alternativ. Majoriteten av m\u00e4nnen p\u00e5 den h\u00e4r dejtingappen \u00e4r dock \u00e4ldre \u00e4n du.<\/p>\n<p>Du b\u00f6r vara villig att tr\u00e4ffa din mormorsexpartner n\u00e4r som helst f\u00f6r att ha kul p\u00e5 ett avslappnat s\u00e4tt.<\/p>\n","protected":false},"excerpt":{"rendered":"<p>Granny dejting webbplatser erbjuder \u00e4ldre kvinnor m\u00f6jlighet att tr\u00e4ffa yngre m\u00e4n som vill tr\u00e4ffa dem. Webbplatsen har funnits sedan 2006 och har f\u00f6r n\u00e4rvarande n\u00e4stan 1 miljon medlemmar fr\u00e5n hela v\u00e4rlden. Det finns inga avgifter och anv\u00e4ndarna kan bl\u00e4ddra bland&hellip; <a href=\"http:\/\/elsuperbeasto.com\/sv\/granny-dating-apps\/\" class=\"more-link\">Forts\u00e4tt l\u00e4sa <span class=\"meta-nav\">&rarr;<\/span><\/a><\/p>\n","protected":false},"author":1,"featured_media":236,"parent":0,"menu_order":0,"comment_status":"closed","ping_status":"closed","template":"","meta":[],"yoast_head":"<!-- This site is optimized with the Yoast SEO plugin v17.7.1 - https:\/\/yoast.com\/wordpress\/plugins\/seo\/ -->\n<title>Granny Dating Apps - Quick Hookup<\/title>\n<meta name=\"robots\" content=\"index, follow, max-snippet:-1, max-image-preview:large, max-video-preview:-1\" \/>\n<link rel=\"canonical\" href=\"http:\/\/elsuperbeasto.com\/sv\/granny-dating-apps\/\" \/>\n<meta property=\"og:locale\" content=\"sv_SE\" \/>\n<meta property=\"og:type\" content=\"article\" \/>\n<meta property=\"og:title\" content=\"Granny Dating Apps - Quick Hookup\" \/>\n<meta property=\"og:description\" content=\"Granny dejting webbplatser erbjuder \u00e4ldre kvinnor m\u00f6jlighet att tr\u00e4ffa yngre m\u00e4n som vill tr\u00e4ffa dem. Webbplatsen har funnits sedan 2006 och har f\u00f6r n\u00e4rvarande n\u00e4stan 1 miljon medlemmar fr\u00e5n hela v\u00e4rlden. Det finns inga avgifter och anv\u00e4ndarna kan bl\u00e4ddra bland&hellip; Forts\u00e4tt l\u00e4sa &rarr;\" \/>\n<meta property=\"og:url\" content=\"http:\/\/elsuperbeasto.com\/sv\/granny-dating-apps\/\" \/>\n<meta property=\"og:site_name\" content=\"Quick Hookup\" \/>\n<meta property=\"article:modified_time\" content=\"2022-09-08T18:23:55+00:00\" \/>\n<meta name=\"twitter:card\" content=\"summary_large_image\" \/>\n<meta name=\"twitter:image\" content=\"http:\/\/elsuperbeasto.com\/wp-content\/uploads\/2022\/08\/find-sex-on-apps.webp\" \/>\n<meta name=\"twitter:label1\" content=\"Ber\u00e4knad l\u00e4stid\" \/>\n\t<meta name=\"twitter:data1\" content=\"4 minuter\" \/>\n<script type=\"application\/ld+json\" class=\"yoast-schema-graph\">{\"@context\":\"https:\/\/schema.org\",\"@graph\":[{\"@type\":\"WebSite\",\"@id\":\"https:\/\/elsuperbeasto.com\/#website\",\"url\":\"https:\/\/elsuperbeasto.com\/\",\"name\":\"Quick Hookup\",\"description\":\"Your Guide To Love\",\"potentialAction\":[{\"@type\":\"SearchAction\",\"target\":{\"@type\":\"EntryPoint\",\"urlTemplate\":\"https:\/\/elsuperbeasto.com\/?s={search_term_string}\"},\"query-input\":\"required name=search_term_string\"}],\"inLanguage\":\"sv-SE\"},{\"@type\":\"ImageObject\",\"@id\":\"http:\/\/elsuperbeasto.com\/sv\/granny-dating-apps\/#primaryimage\",\"inLanguage\":\"sv-SE\",\"url\":\"http:\/\/elsuperbeasto.com\/wp-content\/uploads\/2022\/08\/find-sex-on-apps.webp\",\"contentUrl\":\"http:\/\/elsuperbeasto.com\/wp-content\/uploads\/2022\/08\/find-sex-on-apps.webp\",\"width\":1125,\"height\":750},{\"@type\":\"WebPage\",\"@id\":\"http:\/\/elsuperbeasto.com\/sv\/granny-dating-apps\/#webpage\",\"url\":\"http:\/\/elsuperbeasto.com\/sv\/granny-dating-apps\/\",\"name\":\"Granny Dating Apps - Quick Hookup\",\"isPartOf\":{\"@id\":\"https:\/\/elsuperbeasto.com\/#website\"},\"primaryImageOfPage\":{\"@id\":\"http:\/\/elsuperbeasto.com\/sv\/granny-dating-apps\/#primaryimage\"},\"datePublished\":\"2022-08-18T12:39:47+00:00\",\"dateModified\":\"2022-09-08T18:23:55+00:00\",\"breadcrumb\":{\"@id\":\"http:\/\/elsuperbeasto.com\/sv\/granny-dating-apps\/#breadcrumb\"},\"inLanguage\":\"sv-SE\",\"potentialAction\":[{\"@type\":\"ReadAction\",\"target\":[\"http:\/\/elsuperbeasto.com\/sv\/granny-dating-apps\/\"]}]},{\"@type\":\"BreadcrumbList\",\"@id\":\"http:\/\/elsuperbeasto.com\/sv\/granny-dating-apps\/#breadcrumb\",\"itemListElement\":[{\"@type\":\"ListItem\",\"position\":1,\"name\":\"Home\",\"item\":\"https:\/\/elsuperbeasto.com\/sv\/\"},{\"@type\":\"ListItem\",\"position\":2,\"name\":\"Granny Dating Apps\"}]}]}<\/script>\n<!-- \/ Yoast SEO plugin. -->","yoast_head_json":{"title":"Granny Dating Apps - Quick Hookup","robots":{"index":"index","follow":"follow","max-snippet":"max-snippet:-1","max-image-preview":"max-image-preview:large","max-video-preview":"max-video-preview:-1"},"canonical":"http:\/\/elsuperbeasto.com\/sv\/granny-dating-apps\/","og_locale":"sv_SE","og_type":"article","og_title":"Granny Dating Apps - Quick Hookup","og_description":"Granny dejting webbplatser erbjuder \u00e4ldre kvinnor m\u00f6jlighet att tr\u00e4ffa yngre m\u00e4n som vill tr\u00e4ffa dem. Webbplatsen har funnits sedan 2006 och har f\u00f6r n\u00e4rvarande n\u00e4stan 1 miljon medlemmar fr\u00e5n hela v\u00e4rlden. Det finns inga avgifter och anv\u00e4ndarna kan bl\u00e4ddra bland&hellip; Forts\u00e4tt l\u00e4sa &rarr;","og_url":"http:\/\/elsuperbeasto.com\/sv\/granny-dating-apps\/","og_site_name":"Quick Hookup","article_modified_time":"2022-09-08T18:23:55+00:00","twitter_card":"summary_large_image","twitter_image":"http:\/\/elsuperbeasto.com\/wp-content\/uploads\/2022\/08\/find-sex-on-apps.webp","twitter_misc":{"Ber\u00e4knad l\u00e4stid":"4 minuter"},"schema":{"@context":"https:\/\/schema.org","@graph":[{"@type":"WebSite","@id":"https:\/\/elsuperbeasto.com\/#website","url":"https:\/\/elsuperbeasto.com\/","name":"Quick Hookup","description":"Your Guide To Love","potentialAction":[{"@type":"SearchAction","target":{"@type":"EntryPoint","urlTemplate":"https:\/\/elsuperbeasto.com\/?s={search_term_string}"},"query-input":"required name=search_term_string"}],"inLanguage":"sv-SE"},{"@type":"ImageObject","@id":"http:\/\/elsuperbeasto.com\/sv\/granny-dating-apps\/#primaryimage","inLanguage":"sv-SE","url":"http:\/\/elsuperbeasto.com\/wp-content\/uploads\/2022\/08\/find-sex-on-apps.webp","contentUrl":"http:\/\/elsuperbeasto.com\/wp-content\/uploads\/2022\/08\/find-sex-on-apps.webp","width":1125,"height":750},{"@type":"WebPage","@id":"http:\/\/elsuperbeasto.com\/sv\/granny-dating-apps\/#webpage","url":"http:\/\/elsuperbeasto.com\/sv\/granny-dating-apps\/","name":"Granny Dating Apps - Quick Hookup","isPartOf":{"@id":"https:\/\/elsuperbeasto.com\/#website"},"primaryImageOfPage":{"@id":"http:\/\/elsuperbeasto.com\/sv\/granny-dating-apps\/#primaryimage"},"datePublished":"2022-08-18T12:39:47+00:00","dateModified":"2022-09-08T18:23:55+00:00","breadcrumb":{"@id":"http:\/\/elsuperbeasto.com\/sv\/granny-dating-apps\/#breadcrumb"},"inLanguage":"sv-SE","potentialAction":[{"@type":"ReadAction","target":["http:\/\/elsuperbeasto.com\/sv\/granny-dating-apps\/"]}]},{"@type":"BreadcrumbList","@id":"http:\/\/elsuperbeasto.com\/sv\/granny-dating-apps\/#breadcrumb","itemListElement":[{"@type":"ListItem","position":1,"name":"Home","item":"https:\/\/elsuperbeasto.com\/sv\/"},{"@type":"ListItem","position":2,"name":"Granny Dating Apps"}]}]}},"_links":{"self":[{"href":"http:\/\/elsuperbeasto.com\/sv\/wp-json\/wp\/v2\/pages\/316"}],"collection":[{"href":"http:\/\/elsuperbeasto.com\/sv\/wp-json\/wp\/v2\/pages"}],"about":[{"href":"http:\/\/elsuperbeasto.com\/sv\/wp-json\/wp\/v2\/types\/page"}],"author":[{"embeddable":true,"href":"http:\/\/elsuperbeasto.com\/sv\/wp-json\/wp\/v2\/users\/1"}],"replies":[{"embeddable":true,"href":"http:\/\/elsuperbeasto.com\/sv\/wp-json\/wp\/v2\/comments?post=316"}],"version-history":[{"count":1,"href":"http:\/\/elsuperbeasto.com\/sv\/wp-json\/wp\/v2\/pages\/316\/revisions"}],"predecessor-version":[{"id":421,"href":"http:\/\/elsuperbeasto.com\/sv\/wp-json\/wp\/v2\/pages\/316\/revisions\/421"}],"wp:featuredmedia":[{"embeddable":true,"href":"http:\/\/elsuperbeasto.com\/sv\/wp-json\/wp\/v2\/media\/236"}],"wp:attachment":[{"href":"http:\/\/elsuperbeasto.com\/sv\/wp-json\/wp\/v2\/media?parent=316"}],"curies":[{"name":"wp","href":"https:\/\/api.w.org\/{rel}","templated":true}]}}