{"id":287,"date":"2022-08-18T13:44:21","date_gmt":"2022-08-18T12:44:21","guid":{"rendered":"http:\/\/elsuperbeasto.com\/vilka-ar-de-basta-apparna-for-sexting\/"},"modified":"2022-09-08T19:22:35","modified_gmt":"2022-09-08T18:22:35","slug":"vilka-ar-de-basta-apparna-for-sexting","status":"publish","type":"page","link":"http:\/\/elsuperbeasto.com\/sv\/vilka-ar-de-basta-apparna-for-sexting\/","title":{"rendered":"Vilka \u00e4r de b\u00e4sta apparna f\u00f6r sexting?"},"content":{"rendered":"<p>Du vet vad som h\u00e4nder n\u00e4r du \u00e4r k\u00e5t. Du <a href=\"http:\/\/elsuperbeasto.com\/sv\/ar-natdejting-sakert\/\">skickar ett sms till din partner<\/a>, skickar ett sexigt foto och kanske till och med en dejt. Men ibland g\u00e5r saker och ting inte riktigt som planerat. Han kanske inte svarar. Eller s\u00e5 \u00e4r hon inte intresserad av det. Och du undrar om du n\u00e5gonsin kommer att f\u00e5 tr\u00e4ffa din partner igen.<\/p>\n<p>Men tack vare internet kan du fortfarande tr\u00e4ffa n\u00e5gon annan medan <a href=\"https:\/\/wank.io\/fi\/trans-treffit\/\">trans treffit<\/a> du v\u00e4ntar p\u00e5 att din partner ska komma tillbaka. Det finns massor av gratis sextingsajter d\u00e4r du kan hitta personer som vill chatta snuskigt via text. Dessa webbplatser g\u00f6r det enkelt att flirta med andra utan att beh\u00f6va oroa sig f\u00f6r att bli uppt\u00e4ckt. De erbjuder ocks\u00e5 funktioner som livekamera, webcamsex och telefonsex. Allt du beh\u00f6ver \u00e4r en smartphone och en anslutning.<\/p>\n<p>N\u00e5gra v\u00e4lk\u00e4nda alternativ \u00e4r:<\/p>\n<ol>\n<li>Kik &#8211; Kik \u00e4r en av de \u00e4ldsta dejtingplattformarna p\u00e5 webben. Den har funnits sedan 2005 och anv\u00e4nds av miljontals m\u00e4nniskor v\u00e4rlden \u00f6ver. Den \u00e4r s\u00e4rskilt utformad f\u00f6r ton\u00e5ringar och unga vuxna, men alla kan anv\u00e4nda den.<\/li>\n<li>Omegle &#8211; Om du aldrig har h\u00f6rt talas om Omegle beror det f\u00f6rmodligen p\u00e5 att det inte \u00e4r s\u00e4rskilt k\u00e4nt. P\u00e5 den h\u00e4r webbplatsen kan du slumpm\u00e4ssigt f\u00e5 kontakt med en annan person. Du kan prata med vem du vill, oavsett hur gammal han eller hon \u00e4r. T\u00e4nk p\u00e5 att de flesta m\u00e4nniskor inte \u00e4r intresserade av att prata med n\u00e5gon de tr\u00e4ffat p\u00e5 n\u00e4tet.<\/li>\n<li>Chatroulette &#8211; Som namnet antyder kan du med Chatroulette tr\u00e4ffa slumpm\u00e4ssiga personer och b\u00f6rja chatta med dem. Det liknar Omegle, men i st\u00e4llet f\u00f6r att ansluta sig till personer som du redan k\u00e4nner, kan du ansluta dig till helt fr\u00e4mmande personer.<\/li>\n<li>Scruff &#8211; Scruff skiljer sig lite fr\u00e5n andra dejtingsajter <a href=\"http:\/\/www.sex-chat-rooms.com\/da\/sort-tilslutning-dating-sites\/\">sort dating<\/a>. Ist\u00e4llet f\u00f6r att matcha dig med potentiella dejter utifr\u00e5n dina preferenser matchar de dig utifr\u00e5n din plats. S\u00e5 om du \u00e4r i New York City och du matchar n\u00e5gon i n\u00e4rheten kan ni komma \u00f6verens om att umg\u00e5s tillsammans.<\/li>\n<\/ol>\n<h2>V\u00e5r favoritapp f\u00f6r sexting p\u00e5 n\u00e4tet: Confide<\/h2>\n<p>Den h\u00e4r kostnadsfria appen \u00e4r enkel och l\u00e4tt att anv\u00e4nda och l\u00e5ter dig skicka foton privat via text. Du beh\u00f6ver inte oroa dig f\u00f6r att r\u00e5ka skicka n\u00e5got f\u00f6r v\u00e5gat eftersom det inte finns n\u00e5gra alternativ f\u00f6r att dela bilder. Det enda du kan g\u00f6ra \u00e4r att radera meddelanden. Om du vill h\u00e5lla det hela l\u00e4ttsamt kan du prova &#8221;flirtl\u00e4get&#8221;, d\u00e4r du kan l\u00e4gga till emojis i dina texter.<\/p>\n<h2>Att ha en dejt efter att ha sexat? AFF \u00e4r ditt b\u00e4sta val<\/h2>\n<p>AdultFriendFinder, eller AFF, \u00e4r en av de st\u00f6rsta gratis sexchatsajterna som finns. Om du letar efter en plats f\u00f6r att flirta, dejta eller till och med tr\u00e4ffa n\u00e5gon i n\u00e4rheten \u00e4r det definitivt v\u00e4rt att kolla in.<\/p>\n<p>Det finns massor av olika s\u00e4tt att kommunicera med andra p\u00e5 webbplatsen, inklusive textmeddelanden, e-post och snabbmeddelanden. Du kan ocks\u00e5 anv\u00e4nda webbkamerafunktionen f\u00f6r att videochatta med andra medlemmar.<\/p>\n<p>Du kan ocks\u00e5 v\u00e4lja att g\u00e5 in i en specifik kategori <a href=\"https:\/\/adultxxxdate.net\/da\/gratis-sexannoncer\/\">sexannoncer<\/a> och bl\u00e4ddra bland profiler utifr\u00e5n vad som intresserar dig. Vare sig du vill tr\u00e4ffa n\u00e5gon f\u00f6r en snabb fl\u00f6rt, bara f\u00f6r att umg\u00e5s eller n\u00e5got helt annat har AdultFriendFinder en gemenskap f\u00f6r alla.<\/p>\n<h2>V\u00e5ra r\u00e5d<\/h2>\n<p>Precis som allt annat kan sexting leda till problem. Du b\u00f6r bara skicka nakenbilder till personer som du litar p\u00e5. Detta inneb\u00e4r att du endast b\u00f6r skicka nakenbilder via sms eller e-post. Ladda aldrig upp nakenbilder p\u00e5 en webbplats eller ett socialt n\u00e4tverk. Skicka inte nakenbilder till fr\u00e4mlingar eller personer som du inte k\u00e4nner personligen.<\/p>\n<p>N\u00e4r du b\u00f6rjar sexting \u00e4r det vanligt att du k\u00e4nner dig upphetsad. Men det \u00e4r viktigt att s\u00e4tta gr\u00e4nser tidigt. Du b\u00f6r till exempel s\u00e4ga till din partner att du inte skickar nakenbilder utan till\u00e5telse. P\u00e5 s\u00e5 s\u00e4tt vet de att du respekterar deras privatliv. Du b\u00f6r ocks\u00e5 l\u00e5ta dina partners veta att du bara \u00e4r intresserad av sexting. Du ska inte f\u00f6rv\u00e4nta dig att din partner ska f\u00f6lja alla dina \u00f6nskem\u00e5l.<\/p>\n<p>Kom ih\u00e5g att sexting inte \u00e4r en lek. Det \u00e4r allvarligt. Och du b\u00f6r behandla det som en s\u00e5dan. B\u00f6rja sexting direkt! Du kommer att trivas b\u00e4ttre \u00e4n n\u00e5gonsin tidigare.<\/p>\n","protected":false},"excerpt":{"rendered":"<p>Du vet vad som h\u00e4nder n\u00e4r du \u00e4r k\u00e5t. Du skickar ett sms till din partner, skickar ett sexigt foto och kanske till och med en dejt. Men ibland g\u00e5r saker och ting inte riktigt som planerat. Han kanske inte&hellip; <a href=\"http:\/\/elsuperbeasto.com\/sv\/vilka-ar-de-basta-apparna-for-sexting\/\" class=\"more-link\">Forts\u00e4tt l\u00e4sa <span class=\"meta-nav\">&rarr;<\/span><\/a><\/p>\n","protected":false},"author":1,"featured_media":124,"parent":0,"menu_order":0,"comment_status":"closed","ping_status":"closed","template":"","meta":[],"yoast_head":"<!-- This site is optimized with the Yoast SEO plugin v17.7.1 - https:\/\/yoast.com\/wordpress\/plugins\/seo\/ -->\n<title>Vilka \u00e4r de b\u00e4sta apparna f\u00f6r sexting? - Quick Hookup<\/title>\n<meta name=\"robots\" content=\"index, follow, max-snippet:-1, max-image-preview:large, max-video-preview:-1\" \/>\n<link rel=\"canonical\" href=\"http:\/\/elsuperbeasto.com\/sv\/vilka-ar-de-basta-apparna-for-sexting\/\" \/>\n<meta property=\"og:locale\" content=\"sv_SE\" \/>\n<meta property=\"og:type\" content=\"article\" \/>\n<meta property=\"og:title\" content=\"Vilka \u00e4r de b\u00e4sta apparna f\u00f6r sexting? - Quick Hookup\" \/>\n<meta property=\"og:description\" content=\"Du vet vad som h\u00e4nder n\u00e4r du \u00e4r k\u00e5t. Du skickar ett sms till din partner, skickar ett sexigt foto och kanske till och med en dejt. Men ibland g\u00e5r saker och ting inte riktigt som planerat. Han kanske inte&hellip; Forts\u00e4tt l\u00e4sa &rarr;\" \/>\n<meta property=\"og:url\" content=\"http:\/\/elsuperbeasto.com\/sv\/vilka-ar-de-basta-apparna-for-sexting\/\" \/>\n<meta property=\"og:site_name\" content=\"Quick Hookup\" \/>\n<meta property=\"article:modified_time\" content=\"2022-09-08T18:22:35+00:00\" \/>\n<meta property=\"og:image\" content=\"http:\/\/elsuperbeasto.com\/wp-content\/uploads\/2022\/08\/online-dating-apps.jpeg\" \/>\n\t<meta property=\"og:image:width\" content=\"2256\" \/>\n\t<meta property=\"og:image:height\" content=\"1500\" \/>\n<meta name=\"twitter:card\" content=\"summary_large_image\" \/>\n<meta name=\"twitter:label1\" content=\"Ber\u00e4knad l\u00e4stid\" \/>\n\t<meta name=\"twitter:data1\" content=\"4 minuter\" \/>\n<script type=\"application\/ld+json\" class=\"yoast-schema-graph\">{\"@context\":\"https:\/\/schema.org\",\"@graph\":[{\"@type\":\"WebSite\",\"@id\":\"https:\/\/elsuperbeasto.com\/#website\",\"url\":\"https:\/\/elsuperbeasto.com\/\",\"name\":\"Quick Hookup\",\"description\":\"Your Guide To Love\",\"potentialAction\":[{\"@type\":\"SearchAction\",\"target\":{\"@type\":\"EntryPoint\",\"urlTemplate\":\"https:\/\/elsuperbeasto.com\/?s={search_term_string}\"},\"query-input\":\"required name=search_term_string\"}],\"inLanguage\":\"sv-SE\"},{\"@type\":\"ImageObject\",\"@id\":\"http:\/\/elsuperbeasto.com\/sv\/vilka-ar-de-basta-apparna-for-sexting\/#primaryimage\",\"inLanguage\":\"sv-SE\",\"url\":\"http:\/\/elsuperbeasto.com\/wp-content\/uploads\/2022\/08\/online-dating-apps.jpeg\",\"contentUrl\":\"http:\/\/elsuperbeasto.com\/wp-content\/uploads\/2022\/08\/online-dating-apps.jpeg\",\"width\":2256,\"height\":1500},{\"@type\":\"WebPage\",\"@id\":\"http:\/\/elsuperbeasto.com\/sv\/vilka-ar-de-basta-apparna-for-sexting\/#webpage\",\"url\":\"http:\/\/elsuperbeasto.com\/sv\/vilka-ar-de-basta-apparna-for-sexting\/\",\"name\":\"Vilka \\u00e4r de b\\u00e4sta apparna f\\u00f6r sexting? - Quick Hookup\",\"isPartOf\":{\"@id\":\"https:\/\/elsuperbeasto.com\/#website\"},\"primaryImageOfPage\":{\"@id\":\"http:\/\/elsuperbeasto.com\/sv\/vilka-ar-de-basta-apparna-for-sexting\/#primaryimage\"},\"datePublished\":\"2022-08-18T12:44:21+00:00\",\"dateModified\":\"2022-09-08T18:22:35+00:00\",\"breadcrumb\":{\"@id\":\"http:\/\/elsuperbeasto.com\/sv\/vilka-ar-de-basta-apparna-for-sexting\/#breadcrumb\"},\"inLanguage\":\"sv-SE\",\"potentialAction\":[{\"@type\":\"ReadAction\",\"target\":[\"http:\/\/elsuperbeasto.com\/sv\/vilka-ar-de-basta-apparna-for-sexting\/\"]}]},{\"@type\":\"BreadcrumbList\",\"@id\":\"http:\/\/elsuperbeasto.com\/sv\/vilka-ar-de-basta-apparna-for-sexting\/#breadcrumb\",\"itemListElement\":[{\"@type\":\"ListItem\",\"position\":1,\"name\":\"Home\",\"item\":\"https:\/\/elsuperbeasto.com\/sv\/\"},{\"@type\":\"ListItem\",\"position\":2,\"name\":\"Vilka \\u00e4r de b\\u00e4sta apparna f\\u00f6r sexting?\"}]}]}<\/script>\n<!-- \/ Yoast SEO plugin. -->","yoast_head_json":{"title":"Vilka \u00e4r de b\u00e4sta apparna f\u00f6r sexting? - Quick Hookup","robots":{"index":"index","follow":"follow","max-snippet":"max-snippet:-1","max-image-preview":"max-image-preview:large","max-video-preview":"max-video-preview:-1"},"canonical":"http:\/\/elsuperbeasto.com\/sv\/vilka-ar-de-basta-apparna-for-sexting\/","og_locale":"sv_SE","og_type":"article","og_title":"Vilka \u00e4r de b\u00e4sta apparna f\u00f6r sexting? - Quick Hookup","og_description":"Du vet vad som h\u00e4nder n\u00e4r du \u00e4r k\u00e5t. Du skickar ett sms till din partner, skickar ett sexigt foto och kanske till och med en dejt. Men ibland g\u00e5r saker och ting inte riktigt som planerat. Han kanske inte&hellip; Forts\u00e4tt l\u00e4sa &rarr;","og_url":"http:\/\/elsuperbeasto.com\/sv\/vilka-ar-de-basta-apparna-for-sexting\/","og_site_name":"Quick Hookup","article_modified_time":"2022-09-08T18:22:35+00:00","og_image":[{"width":2256,"height":1500,"url":"http:\/\/elsuperbeasto.com\/wp-content\/uploads\/2022\/08\/online-dating-apps.jpeg","type":"image\/jpeg"}],"twitter_card":"summary_large_image","twitter_misc":{"Ber\u00e4knad l\u00e4stid":"4 minuter"},"schema":{"@context":"https:\/\/schema.org","@graph":[{"@type":"WebSite","@id":"https:\/\/elsuperbeasto.com\/#website","url":"https:\/\/elsuperbeasto.com\/","name":"Quick Hookup","description":"Your Guide To Love","potentialAction":[{"@type":"SearchAction","target":{"@type":"EntryPoint","urlTemplate":"https:\/\/elsuperbeasto.com\/?s={search_term_string}"},"query-input":"required name=search_term_string"}],"inLanguage":"sv-SE"},{"@type":"ImageObject","@id":"http:\/\/elsuperbeasto.com\/sv\/vilka-ar-de-basta-apparna-for-sexting\/#primaryimage","inLanguage":"sv-SE","url":"http:\/\/elsuperbeasto.com\/wp-content\/uploads\/2022\/08\/online-dating-apps.jpeg","contentUrl":"http:\/\/elsuperbeasto.com\/wp-content\/uploads\/2022\/08\/online-dating-apps.jpeg","width":2256,"height":1500},{"@type":"WebPage","@id":"http:\/\/elsuperbeasto.com\/sv\/vilka-ar-de-basta-apparna-for-sexting\/#webpage","url":"http:\/\/elsuperbeasto.com\/sv\/vilka-ar-de-basta-apparna-for-sexting\/","name":"Vilka \u00e4r de b\u00e4sta apparna f\u00f6r sexting? - Quick Hookup","isPartOf":{"@id":"https:\/\/elsuperbeasto.com\/#website"},"primaryImageOfPage":{"@id":"http:\/\/elsuperbeasto.com\/sv\/vilka-ar-de-basta-apparna-for-sexting\/#primaryimage"},"datePublished":"2022-08-18T12:44:21+00:00","dateModified":"2022-09-08T18:22:35+00:00","breadcrumb":{"@id":"http:\/\/elsuperbeasto.com\/sv\/vilka-ar-de-basta-apparna-for-sexting\/#breadcrumb"},"inLanguage":"sv-SE","potentialAction":[{"@type":"ReadAction","target":["http:\/\/elsuperbeasto.com\/sv\/vilka-ar-de-basta-apparna-for-sexting\/"]}]},{"@type":"BreadcrumbList","@id":"http:\/\/elsuperbeasto.com\/sv\/vilka-ar-de-basta-apparna-for-sexting\/#breadcrumb","itemListElement":[{"@type":"ListItem","position":1,"name":"Home","item":"https:\/\/elsuperbeasto.com\/sv\/"},{"@type":"ListItem","position":2,"name":"Vilka \u00e4r de b\u00e4sta apparna f\u00f6r sexting?"}]}]}},"_links":{"self":[{"href":"http:\/\/elsuperbeasto.com\/sv\/wp-json\/wp\/v2\/pages\/287"}],"collection":[{"href":"http:\/\/elsuperbeasto.com\/sv\/wp-json\/wp\/v2\/pages"}],"about":[{"href":"http:\/\/elsuperbeasto.com\/sv\/wp-json\/wp\/v2\/types\/page"}],"author":[{"embeddable":true,"href":"http:\/\/elsuperbeasto.com\/sv\/wp-json\/wp\/v2\/users\/1"}],"replies":[{"embeddable":true,"href":"http:\/\/elsuperbeasto.com\/sv\/wp-json\/wp\/v2\/comments?post=287"}],"version-history":[{"count":1,"href":"http:\/\/elsuperbeasto.com\/sv\/wp-json\/wp\/v2\/pages\/287\/revisions"}],"predecessor-version":[{"id":419,"href":"http:\/\/elsuperbeasto.com\/sv\/wp-json\/wp\/v2\/pages\/287\/revisions\/419"}],"wp:featuredmedia":[{"embeddable":true,"href":"http:\/\/elsuperbeasto.com\/sv\/wp-json\/wp\/v2\/media\/124"}],"wp:attachment":[{"href":"http:\/\/elsuperbeasto.com\/sv\/wp-json\/wp\/v2\/media?parent=287"}],"curies":[{"name":"wp","href":"https:\/\/api.w.org\/{rel}","templated":true}]}}