{"id":270,"date":"2022-08-18T13:49:33","date_gmt":"2022-08-18T12:49:33","guid":{"rendered":"http:\/\/elsuperbeasto.com\/hur-du-traffar-singlar-i-narheten\/"},"modified":"2022-08-18T13:49:33","modified_gmt":"2022-08-18T12:49:33","slug":"hur-du-traffar-singlar-i-narheten","status":"publish","type":"page","link":"http:\/\/elsuperbeasto.com\/sv\/hur-du-traffar-singlar-i-narheten\/","title":{"rendered":"Hur du tr\u00e4ffar singlar i n\u00e4rheten"},"content":{"rendered":"<p>Det finns m\u00e5nga olika typer av m\u00e4nniskor som s\u00f6ker k\u00e4rlek. Det finns de som vill <a href=\"http:\/\/elsuperbeasto.com\/sv\/hur-man-traffar-lokala-kvinnor\/\">tr\u00e4ffa n\u00e5gon inom sin religion, etnicitet, \u00e5lder<\/a> osv., medan andra bara vill hitta n\u00e5gon som delar liknande intressen. Om du \u00e4r en av dem som vill tr\u00e4ffa n\u00e5gon speciell, finns h\u00e4r n\u00e5gra bra alternativ f\u00f6r att hitta likasinnade singlar.<\/p>\n<h2>V\u00e5ra r\u00e5d<\/h2>\n<p>Uppkopplad dejting har blivit en av de mest popul\u00e4ra metoderna f\u00f6r att tr\u00e4ffa potentiella romantiska partners.<\/p>\n<p>Med miljontals ensamst\u00e5ende m\u00e4n och kvinnor som anv\u00e4nder dejtingsajter varje m\u00e5nad \u00e4r det inte konstigt att fler och fler par v\u00e4nder sig till online dating f\u00f6r att hitta sin sj\u00e4lsfr\u00e4nde. Trots sin popularitet \u00e4r n\u00e4tdejting fortfarande f\u00f6renat med m\u00e5nga risker. Det kan till exempel vara sv\u00e5rt att avg\u00f6ra om en person som du \u00e4r intresserad av verkligen vill ha en relation med dig.<\/p>\n<h3>Anv\u00e4nd de kostnadsfria testversionerna innan du betalar<\/h3>\n<p>M\u00e5nga tror att det \u00e4r n\u00f6dv\u00e4ndigt att betala f\u00f6r online dating-tj\u00e4nster. Detta \u00e4r dock inte sant. Det finns m\u00e5nga gratis webbplatser f\u00f6r n\u00e4tdejting d\u00e4r du kan registrera dig och titta p\u00e5 profiler utan att beh\u00f6va betala n\u00e5gra pengar. Dessutom kan du ofta f\u00e5 matchningar baserade p\u00e5 dina intressen, din plats och dina hobbies.<\/p>\n<h3>Vet vad du vill ha innan du registrerar dig p\u00e5 en webbplats<\/h3>\n<p>Innan du registrerar dig p\u00e5 n\u00e5gon webbplats b\u00f6r du ta dig tid att t\u00e4nka p\u00e5 vad du vill ha av din partner. Bor han\/hon till exempel n\u00e4ra dig? Delar hon\/han dina v\u00e4rderingar och \u00f6vertygelser? Har ni liknande m\u00e5l i livet? Dessa fr\u00e5gor hj\u00e4lper dig att begr\u00e4nsa ditt s\u00f6kande och ger dig en b\u00e4ttre uppfattning om vad du s\u00f6ker.<\/p>\n<h3>Var \u00e4rlig mot dig sj\u00e4lv<\/h3>\n<p>Kom slutligen ih\u00e5g att \u00e4rlighet \u00e4r nyckeln. Oavsett hur mycket du litar p\u00e5 n\u00e5gon b\u00f6r du aldrig ljuga f\u00f6r dig sj\u00e4lv. Om du \u00e4r os\u00e4ker p\u00e5 n\u00e5got, s\u00e4g det ist\u00e4llet f\u00f6r att l\u00e5tsas att allt \u00e4r bra. P\u00e5 s\u00e5 s\u00e4tt kan du undvika att sl\u00f6sa din tid p\u00e5 en d\u00e5lig match och slippa k\u00e4nna skuld senare.<\/p>\n<h2>Vill du hitta en dejt diskret?<\/h2>\n<p>Ashley Madison \u00e4r en av de mest popul\u00e4ra dejtingsajterna. Med \u00f6ver 30 miljoner medlemmar v\u00e4rlden \u00f6ver \u00e4r det inte konstigt att det \u00e4r s\u00e5. Om du letar efter en diskret aff\u00e4r kan detta vara det perfekta st\u00e4llet f\u00f6r dig. Det finns massor av olika s\u00e4tt att hitta sexpartners p\u00e5 sajten, bland annat genom att bl\u00e4ddra i profiler, skicka meddelanden, chatta online och till och med ha telefonsex. Och \u00e4ven om det kan verka som fusk \u00e4r det m\u00e5nga som faktiskt tycker om att tr\u00e4ffa n\u00e5gon som de har pratat med p\u00e5 n\u00e4tet.<\/p>\n<h2>Inga str\u00e4ngar i anslutning<\/h2>\n<p>NoStringsAttached \u00e4r en gratis dejtingapp som fokuserar p\u00e5 att tillhandah\u00e5lla en s\u00e4ker milj\u00f6 d\u00e4r vuxna kan delta i sexuella aktiviteter utan att beh\u00f6va oroa sig f\u00f6r att \u00e5ka fast. Om du n\u00e5gonsin har varit nyfiken p\u00e5 att prova p\u00e5 sexting \u00e4r det h\u00e4r st\u00e4llet att g\u00f6ra det p\u00e5. Den h\u00e4r appen \u00e4r s\u00e4rskilt utformad f\u00f6r dem som vill ha tillf\u00e4lliga m\u00f6ten d\u00e4r b\u00e5da parter samtycker. Oavsett om du \u00e4r ute efter n\u00e5got kinky eller om du bara vill se hur det k\u00e4nns att skicka nakenbilder till n\u00e5gon annan \u00e4r NSA det perfekta st\u00e4llet att b\u00f6rja.<\/p>\n<p>Sj\u00e4lva appen \u00e4r mycket enkel att anv\u00e4nda. Du kommer att bli ombedd att fylla i ett kort fr\u00e5geformul\u00e4r d\u00e4r du f\u00e5r svara p\u00e5 fr\u00e5gor som hur gammal du \u00e4r, om du vill ha en kontakt eller ett f\u00f6rh\u00e5llande osv. N\u00e4r du har svarat p\u00e5 fr\u00e5gorna kan du bl\u00e4ddra bland profiler utifr\u00e5n dina preferenser. Det finns tre olika kategorier som du kan v\u00e4lja mellan: &#8221;Straight&#8221;, &#8221;Gay&#8221; och &#8221;Lesbian&#8221;. Varje kategori inneh\u00e5ller undergrupper som g\u00f6r att du kan begr\u00e4nsa dina s\u00f6kningar ytterligare.<\/p>\n","protected":false},"excerpt":{"rendered":"<p>Det finns m\u00e5nga olika typer av m\u00e4nniskor som s\u00f6ker k\u00e4rlek. Det finns de som vill tr\u00e4ffa n\u00e5gon inom sin religion, etnicitet, \u00e5lder osv., medan andra bara vill hitta n\u00e5gon som delar liknande intressen. Om du \u00e4r en av dem som&hellip; <a href=\"http:\/\/elsuperbeasto.com\/sv\/hur-du-traffar-singlar-i-narheten\/\" class=\"more-link\">Forts\u00e4tt l\u00e4sa <span class=\"meta-nav\">&rarr;<\/span><\/a><\/p>\n","protected":false},"author":1,"featured_media":180,"parent":0,"menu_order":0,"comment_status":"closed","ping_status":"closed","template":"","meta":[],"yoast_head":"<!-- This site is optimized with the Yoast SEO plugin v17.7.1 - https:\/\/yoast.com\/wordpress\/plugins\/seo\/ -->\n<title>Hur du tr\u00e4ffar singlar i n\u00e4rheten - Quick Hookup<\/title>\n<meta name=\"robots\" content=\"index, follow, max-snippet:-1, max-image-preview:large, max-video-preview:-1\" \/>\n<link rel=\"canonical\" href=\"http:\/\/elsuperbeasto.com\/sv\/hur-du-traffar-singlar-i-narheten\/\" \/>\n<meta property=\"og:locale\" content=\"sv_SE\" \/>\n<meta property=\"og:type\" content=\"article\" \/>\n<meta property=\"og:title\" content=\"Hur du tr\u00e4ffar singlar i n\u00e4rheten - Quick Hookup\" \/>\n<meta property=\"og:description\" content=\"Det finns m\u00e5nga olika typer av m\u00e4nniskor som s\u00f6ker k\u00e4rlek. Det finns de som vill tr\u00e4ffa n\u00e5gon inom sin religion, etnicitet, \u00e5lder osv., medan andra bara vill hitta n\u00e5gon som delar liknande intressen. Om du \u00e4r en av dem som&hellip; Forts\u00e4tt l\u00e4sa &rarr;\" \/>\n<meta property=\"og:url\" content=\"http:\/\/elsuperbeasto.com\/sv\/hur-du-traffar-singlar-i-narheten\/\" \/>\n<meta property=\"og:site_name\" content=\"Quick Hookup\" \/>\n<meta property=\"og:image\" content=\"http:\/\/elsuperbeasto.com\/wp-content\/uploads\/2022\/08\/love-apps.jpeg\" \/>\n\t<meta property=\"og:image:width\" content=\"1000\" \/>\n\t<meta property=\"og:image:height\" content=\"1500\" \/>\n<meta name=\"twitter:card\" content=\"summary_large_image\" \/>\n<meta name=\"twitter:label1\" content=\"Ber\u00e4knad l\u00e4stid\" \/>\n\t<meta name=\"twitter:data1\" content=\"4 minuter\" \/>\n<script type=\"application\/ld+json\" class=\"yoast-schema-graph\">{\"@context\":\"https:\/\/schema.org\",\"@graph\":[{\"@type\":\"WebSite\",\"@id\":\"https:\/\/elsuperbeasto.com\/#website\",\"url\":\"https:\/\/elsuperbeasto.com\/\",\"name\":\"Quick Hookup\",\"description\":\"Your Guide To Love\",\"potentialAction\":[{\"@type\":\"SearchAction\",\"target\":{\"@type\":\"EntryPoint\",\"urlTemplate\":\"https:\/\/elsuperbeasto.com\/?s={search_term_string}\"},\"query-input\":\"required name=search_term_string\"}],\"inLanguage\":\"sv-SE\"},{\"@type\":\"ImageObject\",\"@id\":\"http:\/\/elsuperbeasto.com\/sv\/hur-du-traffar-singlar-i-narheten\/#primaryimage\",\"inLanguage\":\"sv-SE\",\"url\":\"http:\/\/elsuperbeasto.com\/wp-content\/uploads\/2022\/08\/love-apps.jpeg\",\"contentUrl\":\"http:\/\/elsuperbeasto.com\/wp-content\/uploads\/2022\/08\/love-apps.jpeg\",\"width\":1000,\"height\":1500},{\"@type\":\"WebPage\",\"@id\":\"http:\/\/elsuperbeasto.com\/sv\/hur-du-traffar-singlar-i-narheten\/#webpage\",\"url\":\"http:\/\/elsuperbeasto.com\/sv\/hur-du-traffar-singlar-i-narheten\/\",\"name\":\"Hur du tr\\u00e4ffar singlar i n\\u00e4rheten - Quick Hookup\",\"isPartOf\":{\"@id\":\"https:\/\/elsuperbeasto.com\/#website\"},\"primaryImageOfPage\":{\"@id\":\"http:\/\/elsuperbeasto.com\/sv\/hur-du-traffar-singlar-i-narheten\/#primaryimage\"},\"datePublished\":\"2022-08-18T12:49:33+00:00\",\"dateModified\":\"2022-08-18T12:49:33+00:00\",\"breadcrumb\":{\"@id\":\"http:\/\/elsuperbeasto.com\/sv\/hur-du-traffar-singlar-i-narheten\/#breadcrumb\"},\"inLanguage\":\"sv-SE\",\"potentialAction\":[{\"@type\":\"ReadAction\",\"target\":[\"http:\/\/elsuperbeasto.com\/sv\/hur-du-traffar-singlar-i-narheten\/\"]}]},{\"@type\":\"BreadcrumbList\",\"@id\":\"http:\/\/elsuperbeasto.com\/sv\/hur-du-traffar-singlar-i-narheten\/#breadcrumb\",\"itemListElement\":[{\"@type\":\"ListItem\",\"position\":1,\"name\":\"Home\",\"item\":\"https:\/\/elsuperbeasto.com\/sv\/\"},{\"@type\":\"ListItem\",\"position\":2,\"name\":\"Hur du tr\\u00e4ffar singlar i n\\u00e4rheten\"}]}]}<\/script>\n<!-- \/ Yoast SEO plugin. -->","yoast_head_json":{"title":"Hur du tr\u00e4ffar singlar i n\u00e4rheten - Quick Hookup","robots":{"index":"index","follow":"follow","max-snippet":"max-snippet:-1","max-image-preview":"max-image-preview:large","max-video-preview":"max-video-preview:-1"},"canonical":"http:\/\/elsuperbeasto.com\/sv\/hur-du-traffar-singlar-i-narheten\/","og_locale":"sv_SE","og_type":"article","og_title":"Hur du tr\u00e4ffar singlar i n\u00e4rheten - Quick Hookup","og_description":"Det finns m\u00e5nga olika typer av m\u00e4nniskor som s\u00f6ker k\u00e4rlek. Det finns de som vill tr\u00e4ffa n\u00e5gon inom sin religion, etnicitet, \u00e5lder osv., medan andra bara vill hitta n\u00e5gon som delar liknande intressen. Om du \u00e4r en av dem som&hellip; Forts\u00e4tt l\u00e4sa &rarr;","og_url":"http:\/\/elsuperbeasto.com\/sv\/hur-du-traffar-singlar-i-narheten\/","og_site_name":"Quick Hookup","og_image":[{"width":1000,"height":1500,"url":"http:\/\/elsuperbeasto.com\/wp-content\/uploads\/2022\/08\/love-apps.jpeg","type":"image\/jpeg"}],"twitter_card":"summary_large_image","twitter_misc":{"Ber\u00e4knad l\u00e4stid":"4 minuter"},"schema":{"@context":"https:\/\/schema.org","@graph":[{"@type":"WebSite","@id":"https:\/\/elsuperbeasto.com\/#website","url":"https:\/\/elsuperbeasto.com\/","name":"Quick Hookup","description":"Your Guide To Love","potentialAction":[{"@type":"SearchAction","target":{"@type":"EntryPoint","urlTemplate":"https:\/\/elsuperbeasto.com\/?s={search_term_string}"},"query-input":"required name=search_term_string"}],"inLanguage":"sv-SE"},{"@type":"ImageObject","@id":"http:\/\/elsuperbeasto.com\/sv\/hur-du-traffar-singlar-i-narheten\/#primaryimage","inLanguage":"sv-SE","url":"http:\/\/elsuperbeasto.com\/wp-content\/uploads\/2022\/08\/love-apps.jpeg","contentUrl":"http:\/\/elsuperbeasto.com\/wp-content\/uploads\/2022\/08\/love-apps.jpeg","width":1000,"height":1500},{"@type":"WebPage","@id":"http:\/\/elsuperbeasto.com\/sv\/hur-du-traffar-singlar-i-narheten\/#webpage","url":"http:\/\/elsuperbeasto.com\/sv\/hur-du-traffar-singlar-i-narheten\/","name":"Hur du tr\u00e4ffar singlar i n\u00e4rheten - Quick Hookup","isPartOf":{"@id":"https:\/\/elsuperbeasto.com\/#website"},"primaryImageOfPage":{"@id":"http:\/\/elsuperbeasto.com\/sv\/hur-du-traffar-singlar-i-narheten\/#primaryimage"},"datePublished":"2022-08-18T12:49:33+00:00","dateModified":"2022-08-18T12:49:33+00:00","breadcrumb":{"@id":"http:\/\/elsuperbeasto.com\/sv\/hur-du-traffar-singlar-i-narheten\/#breadcrumb"},"inLanguage":"sv-SE","potentialAction":[{"@type":"ReadAction","target":["http:\/\/elsuperbeasto.com\/sv\/hur-du-traffar-singlar-i-narheten\/"]}]},{"@type":"BreadcrumbList","@id":"http:\/\/elsuperbeasto.com\/sv\/hur-du-traffar-singlar-i-narheten\/#breadcrumb","itemListElement":[{"@type":"ListItem","position":1,"name":"Home","item":"https:\/\/elsuperbeasto.com\/sv\/"},{"@type":"ListItem","position":2,"name":"Hur du tr\u00e4ffar singlar i n\u00e4rheten"}]}]}},"_links":{"self":[{"href":"http:\/\/elsuperbeasto.com\/sv\/wp-json\/wp\/v2\/pages\/270"}],"collection":[{"href":"http:\/\/elsuperbeasto.com\/sv\/wp-json\/wp\/v2\/pages"}],"about":[{"href":"http:\/\/elsuperbeasto.com\/sv\/wp-json\/wp\/v2\/types\/page"}],"author":[{"embeddable":true,"href":"http:\/\/elsuperbeasto.com\/sv\/wp-json\/wp\/v2\/users\/1"}],"replies":[{"embeddable":true,"href":"http:\/\/elsuperbeasto.com\/sv\/wp-json\/wp\/v2\/comments?post=270"}],"version-history":[{"count":0,"href":"http:\/\/elsuperbeasto.com\/sv\/wp-json\/wp\/v2\/pages\/270\/revisions"}],"wp:featuredmedia":[{"embeddable":true,"href":"http:\/\/elsuperbeasto.com\/sv\/wp-json\/wp\/v2\/media\/180"}],"wp:attachment":[{"href":"http:\/\/elsuperbeasto.com\/sv\/wp-json\/wp\/v2\/media?parent=270"}],"curies":[{"name":"wp","href":"https:\/\/api.w.org\/{rel}","templated":true}]}}