{"id":250,"date":"2022-08-18T14:10:21","date_gmt":"2022-08-18T13:10:21","guid":{"rendered":"http:\/\/elsuperbeasto.com\/hur-fungerar-nsa-hookups\/"},"modified":"2022-09-08T19:24:40","modified_gmt":"2022-09-08T18:24:40","slug":"hur-fungerar-nsa-hookups","status":"publish","type":"page","link":"http:\/\/elsuperbeasto.com\/sv\/hur-fungerar-nsa-hookups\/","title":{"rendered":"Hur fungerar NSA Hookups?"},"content":{"rendered":"<p>M\u00e5nga killar \u00e4r r\u00e4dda f\u00f6r att n\u00e4rma sig kvinnor eftersom de tror att de kommer att verka desperata eller l\u00e4skiga. Men det finns ingen anledning att oroa sig f\u00f6r att vara \u00f6verl\u00e4gsen eller aggressiv &#8211; f\u00f6rs\u00f6k bara att behandla varje kvinna som om hon \u00e4r speciell. Om du vill g\u00e5 ut med en kvinna som vill ha ett f\u00f6rh\u00e5llande beh\u00f6ver du inte \u00f6vertyga henne <a href=\"https:\/\/www.adult-sex-meet.com\/da\/gratis-lokale-fisse-websteder\/\">gratis fisse<\/a> om att ligga med dig. Du m\u00e5ste bara hitta r\u00e4tt s\u00e4tt att g\u00f6ra det.<\/p>\n<p>&nbsp;<\/p>\n<h2>Hur \u00e4r det med datingappar?<\/h2>\n<p>One night stands \u00e4r kul och sp\u00e4nnande, <a href=\"http:\/\/elsuperbeasto.com\/sv\/hur-du-traffar-singlar-i-narheten\/\">men det kan vara sv\u00e5rt att hitta appar som du vill anv\u00e4nda f\u00f6r att se till att allt g\u00e5r smidigt<\/a>. Det finns m\u00e5nga appar som p\u00e5st\u00e5r sig hj\u00e4lpa m\u00e4nniskor att planera one-night stands, men vissa fungerar inte s\u00e4rskilt bra och andra \u00e4r helt enkelt irriterande. Vi har sammanst\u00e4llt en lista \u00f6ver v\u00e5ra favoritappar f\u00f6r one-night stands, inklusive s\u00e5dana som l\u00e5ter dig schemal\u00e4gga m\u00f6ten, hitta n\u00e4rliggande hookups, och \u00e4ven ansluta med lokala singlar.<\/p>\n<p>\u00c4r du singel och tr\u00f6tt p\u00e5 att dejta samma tr\u00e5kiga killar varje helg? Tycker du att du f\u00f6rtj\u00e4nar mer \u00e4n bara tillf\u00e4llig sex? Om ja, d\u00e5 \u00e4r du f\u00f6rmodligen intresserad av att tr\u00e4ffa en kvinna f\u00f6r eng\u00e5ngsligg.<\/p>\n<p>Det finns m\u00e5nga webbplatser p\u00e5 n\u00e4tet som erbjuder s\u00e5dana tj\u00e4nster. De flesta av dem \u00e4r dock antingen f\u00f6r dyra eller levererar inte.<\/p>\n<p>D\u00e4rf\u00f6r best\u00e4mde jag mig f\u00f6r att skriva en artikel med <a href=\"https:\/\/www.singles-sites.com\/sv\/gratis-chatt-med-ensamstaende-kvinnor\/\">gratis chatt<\/a> en lista \u00f6ver de tio b\u00e4sta st\u00e4llena f\u00f6r att hitta ett one night stands. F\u00f6rhoppningsvis har du efter att ha l\u00e4st den h\u00e4r artikeln l\u00e4rt dig hur du enkelt och snabbt kan hitta ett nattduksbord.<\/p>\n<h3>Craigslist Personals<\/h3>\n<p>Craigslist \u00e4r en av de \u00e4ldsta webbplatserna p\u00e5 n\u00e4tet. \u00c4ven om den har f\u00f6r\u00e4ndrats avsev\u00e4rt sedan den skapades \u00e4r den fortfarande popul\u00e4r bland dem som s\u00f6ker one night stands.<\/p>\n<p>Craigslist \u00e4r faktiskt ett av de enklaste s\u00e4tten <a href=\"http:\/\/www.gay-hookups.com\/no\/chat-med-homofile\/\">gay chat<\/a> att hitta ett nattduksbord eftersom det \u00e4r s\u00e5 enkelt. Allt du beh\u00f6ver g\u00f6ra \u00e4r att s\u00f6ka efter annonser som r\u00f6r &#8221;one night stands&#8221;.<\/p>\n<p>Du kan dock beh\u00f6va betala f\u00f6r varje annons. Detta beror p\u00e5 om personen som l\u00e4gger ut annonsen vill ta betalt eller inte.<\/p>\n<h3>Vuxenv\u00e4n S\u00f6kare<\/h3>\n<p>AdultFriendFinder.com \u00e4r en annan webbplats som erbjuder one night stands. Du kan inte s\u00f6ka efter specifika typer av kvinnor, men det finns flera funktioner som hj\u00e4lper dig att hitta exakt det du s\u00f6ker.<\/p>\n<p>Du kan till exempel filtrera resultaten utifr\u00e5n plats, k\u00f6n, \u00e5lder, etnicitet, relationsstatus, sexuell l\u00e4ggning och mycket mer.<\/p>\n<p>Det \u00e4r ocks\u00e5 m\u00f6jligt att skicka meddelanden till potentiella matchningar via e-post, snabbmeddelanden, telefonsamtal och videochatt.<\/p>\n<h3>Ashley Madison<\/h3>\n<p>AshleyMadison.com \u00e4r en webbplats f\u00f6r vuxna d\u00e4r anv\u00e4ndare kan s\u00f6ka efter one night stands. M\u00e4n spenderar i genomsnitt 50 dollar per m\u00e5nad p\u00e5 Ashley Madison. \u00c4ven om webbplatsen inte \u00e4r s\u00e4rskilt anv\u00e4ndarv\u00e4nlig erbjuder den en m\u00e4ngd olika funktioner. Du kan till exempel bl\u00e4ddra bland profiler, se bilder, l\u00e4sa recensioner och till och med kontakta medlemmarna direkt.<\/p>\n<p>One night stands \u00e4r aldrig bra f\u00f6r n\u00e5gon av de inblandade. Om du \u00e4r ute efter n\u00e5got seri\u00f6st, g\u00f6r det inte. Om du vill bli behandlad som en drottning, behandla andra ocks\u00e5 som drottningar. Ligg inte med n\u00e5gon bara f\u00f6r att de \u00e4r heta, om du inte \u00e4r villig att ge dem all den uppm\u00e4rksamhet de f\u00f6rtj\u00e4nar. Ashley Madison \u00e4r den b\u00e4sta dejtingappen f\u00f6r one night stands eftersom den l\u00e5ter anv\u00e4ndarna hitta nya sexuella partners baserat p\u00e5 gemensamma intressen. Appen har laddats ner mer \u00e4n 200 miljoner g\u00e5nger v\u00e4rlden \u00f6ver, vilket g\u00f6r den till den st\u00f6rsta mobila dejtingappen. Anv\u00e4ndarna kan bl\u00e4ddra bland potentiella matchningar baserat p\u00e5 \u00e5lder, plats, k\u00f6n och andra kriterier.<\/p>\n<h3>Vad \u00e4r det b\u00e4sta s\u00e4ttet att hitta ett eng\u00e5ngsligg?<\/h3>\n<p>Det b\u00e4sta s\u00e4ttet att hitta en tillf\u00e4llig kontakt \u00e4r genom appar som AFF eller Ashley Madison, d\u00e4r anv\u00e4ndarna kan svepa till h\u00f6ger f\u00f6r &#8221;ja&#8221; och till v\u00e4nster f\u00f6r &#8221;nej&#8221;. Om n\u00e5gon gillar vad de ser kan de skicka ett meddelande och bjuda ut dem. Casual sex beskrivs ofta som en oavslutad relation, vilket inneb\u00e4r att b\u00e5da parter kommer \u00f6verens om att tr\u00e4ffas n\u00e5gon g\u00e5ng i framtiden.<\/p>\n<h3>Hur hittar jag min partner f\u00f6r en natt?<\/h3>\n<p>Om du vill tr\u00e4ffa n\u00e5gon f\u00f6r en natt kan du f\u00f6rs\u00f6ka anv\u00e4nda Bumble. Med den h\u00e4r appen kan anv\u00e4ndarna svepa till h\u00f6ger eller v\u00e4nster f\u00f6r att ange om de gillar eller inte gillar en annan person. Appen har ocks\u00e5 platsfilter som g\u00f6r det m\u00f6jligt f\u00f6r anv\u00e4ndare att s\u00f6ka efter andra singlar i n\u00e4rheten.<\/p>\n","protected":false},"excerpt":{"rendered":"<p>M\u00e5nga killar \u00e4r r\u00e4dda f\u00f6r att n\u00e4rma sig kvinnor eftersom de tror att de kommer att verka desperata eller l\u00e4skiga. Men det finns ingen anledning att oroa sig f\u00f6r att vara \u00f6verl\u00e4gsen eller aggressiv &#8211; f\u00f6rs\u00f6k bara att behandla varje&hellip; <a href=\"http:\/\/elsuperbeasto.com\/sv\/hur-fungerar-nsa-hookups\/\" class=\"more-link\">Forts\u00e4tt l\u00e4sa <span class=\"meta-nav\">&rarr;<\/span><\/a><\/p>\n","protected":false},"author":1,"featured_media":194,"parent":0,"menu_order":0,"comment_status":"closed","ping_status":"closed","template":"","meta":[],"yoast_head":"<!-- This site is optimized with the Yoast SEO plugin v17.7.1 - https:\/\/yoast.com\/wordpress\/plugins\/seo\/ -->\n<title>Hur fungerar NSA Hookups? - Quick Hookup<\/title>\n<meta name=\"robots\" content=\"index, follow, max-snippet:-1, max-image-preview:large, max-video-preview:-1\" \/>\n<link rel=\"canonical\" href=\"http:\/\/elsuperbeasto.com\/sv\/hur-fungerar-nsa-hookups\/\" \/>\n<meta property=\"og:locale\" content=\"sv_SE\" \/>\n<meta property=\"og:type\" content=\"article\" \/>\n<meta property=\"og:title\" content=\"Hur fungerar NSA Hookups? - Quick Hookup\" \/>\n<meta property=\"og:description\" content=\"M\u00e5nga killar \u00e4r r\u00e4dda f\u00f6r att n\u00e4rma sig kvinnor eftersom de tror att de kommer att verka desperata eller l\u00e4skiga. Men det finns ingen anledning att oroa sig f\u00f6r att vara \u00f6verl\u00e4gsen eller aggressiv &#8211; f\u00f6rs\u00f6k bara att behandla varje&hellip; Forts\u00e4tt l\u00e4sa &rarr;\" \/>\n<meta property=\"og:url\" content=\"http:\/\/elsuperbeasto.com\/sv\/hur-fungerar-nsa-hookups\/\" \/>\n<meta property=\"og:site_name\" content=\"Quick Hookup\" \/>\n<meta property=\"article:modified_time\" content=\"2022-09-08T18:24:40+00:00\" \/>\n<meta property=\"og:image\" content=\"https:\/\/elsuperbeasto.com\/wp-content\/uploads\/2022\/08\/find-lov.jpeg\" \/>\n\t<meta property=\"og:image:width\" content=\"2398\" \/>\n\t<meta property=\"og:image:height\" content=\"1500\" \/>\n<meta name=\"twitter:card\" content=\"summary_large_image\" \/>\n<meta name=\"twitter:label1\" content=\"Ber\u00e4knad l\u00e4stid\" \/>\n\t<meta name=\"twitter:data1\" content=\"4 minuter\" \/>\n<script type=\"application\/ld+json\" class=\"yoast-schema-graph\">{\"@context\":\"https:\/\/schema.org\",\"@graph\":[{\"@type\":\"WebSite\",\"@id\":\"https:\/\/elsuperbeasto.com\/#website\",\"url\":\"https:\/\/elsuperbeasto.com\/\",\"name\":\"Quick Hookup\",\"description\":\"Your Guide To Love\",\"potentialAction\":[{\"@type\":\"SearchAction\",\"target\":{\"@type\":\"EntryPoint\",\"urlTemplate\":\"https:\/\/elsuperbeasto.com\/?s={search_term_string}\"},\"query-input\":\"required name=search_term_string\"}],\"inLanguage\":\"sv-SE\"},{\"@type\":\"ImageObject\",\"@id\":\"http:\/\/elsuperbeasto.com\/sv\/hur-fungerar-nsa-hookups\/#primaryimage\",\"inLanguage\":\"sv-SE\",\"url\":\"http:\/\/elsuperbeasto.com\/wp-content\/uploads\/2022\/08\/find-lov.jpeg\",\"contentUrl\":\"http:\/\/elsuperbeasto.com\/wp-content\/uploads\/2022\/08\/find-lov.jpeg\",\"width\":2398,\"height\":1500},{\"@type\":\"WebPage\",\"@id\":\"http:\/\/elsuperbeasto.com\/sv\/hur-fungerar-nsa-hookups\/#webpage\",\"url\":\"http:\/\/elsuperbeasto.com\/sv\/hur-fungerar-nsa-hookups\/\",\"name\":\"Hur fungerar NSA Hookups? - Quick Hookup\",\"isPartOf\":{\"@id\":\"https:\/\/elsuperbeasto.com\/#website\"},\"primaryImageOfPage\":{\"@id\":\"http:\/\/elsuperbeasto.com\/sv\/hur-fungerar-nsa-hookups\/#primaryimage\"},\"datePublished\":\"2022-08-18T13:10:21+00:00\",\"dateModified\":\"2022-09-08T18:24:40+00:00\",\"breadcrumb\":{\"@id\":\"http:\/\/elsuperbeasto.com\/sv\/hur-fungerar-nsa-hookups\/#breadcrumb\"},\"inLanguage\":\"sv-SE\",\"potentialAction\":[{\"@type\":\"ReadAction\",\"target\":[\"http:\/\/elsuperbeasto.com\/sv\/hur-fungerar-nsa-hookups\/\"]}]},{\"@type\":\"BreadcrumbList\",\"@id\":\"http:\/\/elsuperbeasto.com\/sv\/hur-fungerar-nsa-hookups\/#breadcrumb\",\"itemListElement\":[{\"@type\":\"ListItem\",\"position\":1,\"name\":\"Home\",\"item\":\"https:\/\/elsuperbeasto.com\/sv\/\"},{\"@type\":\"ListItem\",\"position\":2,\"name\":\"Hur fungerar NSA Hookups?\"}]}]}<\/script>\n<!-- \/ Yoast SEO plugin. -->","yoast_head_json":{"title":"Hur fungerar NSA Hookups? - Quick Hookup","robots":{"index":"index","follow":"follow","max-snippet":"max-snippet:-1","max-image-preview":"max-image-preview:large","max-video-preview":"max-video-preview:-1"},"canonical":"http:\/\/elsuperbeasto.com\/sv\/hur-fungerar-nsa-hookups\/","og_locale":"sv_SE","og_type":"article","og_title":"Hur fungerar NSA Hookups? - Quick Hookup","og_description":"M\u00e5nga killar \u00e4r r\u00e4dda f\u00f6r att n\u00e4rma sig kvinnor eftersom de tror att de kommer att verka desperata eller l\u00e4skiga. Men det finns ingen anledning att oroa sig f\u00f6r att vara \u00f6verl\u00e4gsen eller aggressiv &#8211; f\u00f6rs\u00f6k bara att behandla varje&hellip; Forts\u00e4tt l\u00e4sa &rarr;","og_url":"http:\/\/elsuperbeasto.com\/sv\/hur-fungerar-nsa-hookups\/","og_site_name":"Quick Hookup","article_modified_time":"2022-09-08T18:24:40+00:00","og_image":[{"width":2398,"height":1500,"url":"https:\/\/elsuperbeasto.com\/wp-content\/uploads\/2022\/08\/find-lov.jpeg","type":"image\/jpeg"}],"twitter_card":"summary_large_image","twitter_misc":{"Ber\u00e4knad l\u00e4stid":"4 minuter"},"schema":{"@context":"https:\/\/schema.org","@graph":[{"@type":"WebSite","@id":"https:\/\/elsuperbeasto.com\/#website","url":"https:\/\/elsuperbeasto.com\/","name":"Quick Hookup","description":"Your Guide To Love","potentialAction":[{"@type":"SearchAction","target":{"@type":"EntryPoint","urlTemplate":"https:\/\/elsuperbeasto.com\/?s={search_term_string}"},"query-input":"required name=search_term_string"}],"inLanguage":"sv-SE"},{"@type":"ImageObject","@id":"http:\/\/elsuperbeasto.com\/sv\/hur-fungerar-nsa-hookups\/#primaryimage","inLanguage":"sv-SE","url":"http:\/\/elsuperbeasto.com\/wp-content\/uploads\/2022\/08\/find-lov.jpeg","contentUrl":"http:\/\/elsuperbeasto.com\/wp-content\/uploads\/2022\/08\/find-lov.jpeg","width":2398,"height":1500},{"@type":"WebPage","@id":"http:\/\/elsuperbeasto.com\/sv\/hur-fungerar-nsa-hookups\/#webpage","url":"http:\/\/elsuperbeasto.com\/sv\/hur-fungerar-nsa-hookups\/","name":"Hur fungerar NSA Hookups? - Quick Hookup","isPartOf":{"@id":"https:\/\/elsuperbeasto.com\/#website"},"primaryImageOfPage":{"@id":"http:\/\/elsuperbeasto.com\/sv\/hur-fungerar-nsa-hookups\/#primaryimage"},"datePublished":"2022-08-18T13:10:21+00:00","dateModified":"2022-09-08T18:24:40+00:00","breadcrumb":{"@id":"http:\/\/elsuperbeasto.com\/sv\/hur-fungerar-nsa-hookups\/#breadcrumb"},"inLanguage":"sv-SE","potentialAction":[{"@type":"ReadAction","target":["http:\/\/elsuperbeasto.com\/sv\/hur-fungerar-nsa-hookups\/"]}]},{"@type":"BreadcrumbList","@id":"http:\/\/elsuperbeasto.com\/sv\/hur-fungerar-nsa-hookups\/#breadcrumb","itemListElement":[{"@type":"ListItem","position":1,"name":"Home","item":"https:\/\/elsuperbeasto.com\/sv\/"},{"@type":"ListItem","position":2,"name":"Hur fungerar NSA Hookups?"}]}]}},"_links":{"self":[{"href":"http:\/\/elsuperbeasto.com\/sv\/wp-json\/wp\/v2\/pages\/250"}],"collection":[{"href":"http:\/\/elsuperbeasto.com\/sv\/wp-json\/wp\/v2\/pages"}],"about":[{"href":"http:\/\/elsuperbeasto.com\/sv\/wp-json\/wp\/v2\/types\/page"}],"author":[{"embeddable":true,"href":"http:\/\/elsuperbeasto.com\/sv\/wp-json\/wp\/v2\/users\/1"}],"replies":[{"embeddable":true,"href":"http:\/\/elsuperbeasto.com\/sv\/wp-json\/wp\/v2\/comments?post=250"}],"version-history":[{"count":1,"href":"http:\/\/elsuperbeasto.com\/sv\/wp-json\/wp\/v2\/pages\/250\/revisions"}],"predecessor-version":[{"id":422,"href":"http:\/\/elsuperbeasto.com\/sv\/wp-json\/wp\/v2\/pages\/250\/revisions\/422"}],"wp:featuredmedia":[{"embeddable":true,"href":"http:\/\/elsuperbeasto.com\/sv\/wp-json\/wp\/v2\/media\/194"}],"wp:attachment":[{"href":"http:\/\/elsuperbeasto.com\/sv\/wp-json\/wp\/v2\/media?parent=250"}],"curies":[{"name":"wp","href":"https:\/\/api.w.org\/{rel}","templated":true}]}}