{"id":373,"date":"2022-08-18T13:05:43","date_gmt":"2022-08-18T12:05:43","guid":{"rendered":"http:\/\/elsuperbeasto.com\/as-melhores-aplicacoes-para-encontrar-o-amor\/"},"modified":"2022-08-18T13:05:43","modified_gmt":"2022-08-18T12:05:43","slug":"as-melhores-aplicacoes-para-encontrar-o-amor","status":"publish","type":"page","link":"http:\/\/elsuperbeasto.com\/pt-pt\/as-melhores-aplicacoes-para-encontrar-o-amor\/","title":{"rendered":"As melhores aplica\u00e7\u00f5es para encontrar o amor"},"content":{"rendered":"<p>\u00c9 por isso que temos feito muita pesquisa sobre as melhores aplica\u00e7\u00f5es de namoro por a\u00ed e encontramos as que se destacam acima das outras. Estas n\u00e3o s\u00e3o apenas as nossas opini\u00f5es &#8211; testamos cada uma delas por n\u00f3s pr\u00f3prios e chegamos a alguns vencedores reais.<\/p>\n<p>Portanto, quer esteja \u00e0 procura de algo s\u00e9rio, casual, ou algures no meio, n\u00f3s temos-o coberto. Dir-lhe-emos exactamente quais as caracter\u00edsticas que tornam cada aplica\u00e7\u00e3o especial, dar-lhe-emos um feedback honesto sobre os pontos de pre\u00e7o, e ajud\u00e1-lo-emos a descobrir qual funciona melhor para si.<\/p>\n<p>Depois de ler este guia, <a href=\"http:\/\/elsuperbeasto.com\/pt-pt\/e-seguro-namorar-em-linha\/\">n\u00e3o ter\u00e1 d\u00favidas<\/a> de qual \u00e9 o par perfeito para si. N\u00e3o vai perder mais tempo a tentar descobrir as coisas por si pr\u00f3prio; basta escolher a melhor aplica\u00e7\u00e3o de encontros com base nas nossas recomenda\u00e7\u00f5es e come\u00e7ar a conhecer pessoas hoje.<\/p>\n<p>Antes de se inscrever em qualquer site, pense cuidadosamente sobre se o site corresponde \u00e0 sua personalidade. Prefere um namoro casual ou uma rela\u00e7\u00e3o de compromisso?<\/p>\n<h2>Encontre um site que se adeq\u00fae \u00e0 sua personalidade<\/h2>\n<p>Gosta de conversar via mensagem de texto ou prefere conversar cara-a-cara? Prefere mensagens curtas ou mensagens de correio electr\u00f3nico longas? Estas perguntas podem ajudar a reduzir a sua pesquisa. Uma vez encontrado um site que lhe pare\u00e7a servir, inscreva-se e comece a navegar nos perfis.<\/p>\n<h2>Escolha um site com base nos seus interesses<\/h2>\n<p>Pense naquilo em que est\u00e1 interessado. Se estiver \u00e0 procura de um parceiro rom\u00e2ntico, provavelmente n\u00e3o quer juntar-se a um site que se destina a solteiros que est\u00e3o \u00e0 procura de amizades. Do mesmo modo, se estiver \u00e0 procura de um amigo, n\u00e3o vai querer juntar-se a um site de encontros que se concentre no romance.<\/p>\n<p>Em vez disso, seleccione um s\u00edtio que apela aos seus interesses. Por exemplo, se adora desporto, deve aderir a um site que permita aos membros partilhar as suas equipas, jogadores e eventos favoritos. Desta forma, pode facilmente encontrar parceiros compat\u00edveis que partilhem interesses semelhantes.<\/p>\n<h2>Junte-se a v\u00e1rios s\u00edtios antes de tomar uma decis\u00e3o<\/h2>\n<p>\u00c9 importante visitar v\u00e1rios sites de encontros antes de se instalarem num s\u00f3. Isto d\u00e1-lhe a oportunidade de comparar os pr\u00f3s e os contras de cada site. Por exemplo, alguns sites oferecem caracter\u00edsticas avan\u00e7adas tais como conversas de v\u00eddeo e mensagens instant\u00e2neas. Outros permitem que os membros carreguem imagens e v\u00eddeos. Outros ainda permitem-lhe navegar nos perfis dos membros sem revelar detalhes pessoais.<\/p>\n<h2>Considerar Quest\u00f5es de Privacidade<\/h2>\n<p>Alguns sites permitem que os membros permane\u00e7am an\u00f3nimos, enquanto outros requerem que os membros revelem as suas identidades. Ao considerar quest\u00f5es de privacidade, lembre-se que alguns sites podem recolher informa\u00e7\u00f5es sens\u00edveis sobre si. Por exemplo, alguns s\u00edtios pedem aos membros que revelem o seu estado civil, cren\u00e7as religiosas, ocupa\u00e7\u00e3o, e n\u00edvel de educa\u00e7\u00e3o. Estes detalhes podem ser utilizados para direccionar os an\u00fancios para si. Outros s\u00edtios podem solicitar informa\u00e7\u00f5es adicionais como a sua altura, peso, rendimento e idade. Enquanto alguns sites permitem aos membros escolher se querem revelar a sua identidade, outros requerem que os membros revelem tudo.<\/p>\n<h2>FAQ<\/h2>\n<h3>Qual \u00e9 o melhor site de encontros para rela\u00e7\u00f5es s\u00e9rias?<\/h3>\n<p>O melhor site de encontros para rela\u00e7\u00f5es s\u00e9rias \u00e9 OkCupid.com. Este site de encontros tem milh\u00f5es de utilizadores de todo o mundo, e eles usam-no para encontrar o amor. Oferecem mensagens gr\u00e1tis, mensagens instant\u00e2neas, chat de v\u00eddeo, e outras caracter\u00edsticas que o ajudam a ligar-se com potenciais datas.<\/p>\n<p>A OkCupid existe desde 2004, e tem tido milh\u00f5es de utilizadores a inscreverem-se gratuitamente. O site permite aos utilizadores criar um perfil, procurar outros membros com base em crit\u00e9rios tais como localiza\u00e7\u00e3o, idade, sexo, etc., e depois enviar mensagens uns aos outros. Os utilizadores tamb\u00e9m podem procurar perfis de outras pessoas que procuram datas.<\/p>\n<h3>Qual \u00e9 a melhor aplica\u00e7\u00e3o de data\u00e7\u00e3o em 2022?<\/h3>\n<p>A melhor aplica\u00e7\u00e3o de data\u00e7\u00e3o para 2022 ser\u00e1 o Tinder Plus, que permite aos utilizadores enviar mensagens ilimitadas a outros utilizadores. Esta funcionalidade est\u00e1 dispon\u00edvel desde 2016, mas s\u00f3 agora est\u00e1 a tornar-se popular. Outras aplica\u00e7\u00f5es como Happn, Bumble, e OkCupid tamb\u00e9m oferecem caracter\u00edsticas semelhantes.<\/p>\n","protected":false},"excerpt":{"rendered":"<p>\u00c9 por isso que temos feito muita pesquisa sobre as melhores aplica\u00e7\u00f5es de namoro por a\u00ed e encontramos as que se destacam acima das outras. Estas n\u00e3o s\u00e3o apenas as nossas opini\u00f5es &#8211; testamos cada uma delas por n\u00f3s pr\u00f3prios&hellip; <a href=\"http:\/\/elsuperbeasto.com\/pt-pt\/as-melhores-aplicacoes-para-encontrar-o-amor\/\" class=\"more-link\">Continue Reading <span class=\"meta-nav\">&rarr;<\/span><\/a><\/p>\n","protected":false},"author":1,"featured_media":149,"parent":0,"menu_order":0,"comment_status":"closed","ping_status":"closed","template":"","meta":[],"yoast_head":"<!-- This site is optimized with the Yoast SEO plugin v17.7.1 - https:\/\/yoast.com\/wordpress\/plugins\/seo\/ -->\n<title>As melhores aplica\u00e7\u00f5es para encontrar o amor - Quick Hookup<\/title>\n<meta name=\"robots\" content=\"index, follow, max-snippet:-1, max-image-preview:large, max-video-preview:-1\" \/>\n<link rel=\"canonical\" href=\"http:\/\/elsuperbeasto.com\/pt-pt\/as-melhores-aplicacoes-para-encontrar-o-amor\/\" \/>\n<meta property=\"og:locale\" content=\"pt_PT\" \/>\n<meta property=\"og:type\" content=\"article\" \/>\n<meta property=\"og:title\" content=\"As melhores aplica\u00e7\u00f5es para encontrar o amor - Quick Hookup\" \/>\n<meta property=\"og:description\" content=\"\u00c9 por isso que temos feito muita pesquisa sobre as melhores aplica\u00e7\u00f5es de namoro por a\u00ed e encontramos as que se destacam acima das outras. Estas n\u00e3o s\u00e3o apenas as nossas opini\u00f5es &#8211; testamos cada uma delas por n\u00f3s pr\u00f3prios&hellip; Continue Reading &rarr;\" \/>\n<meta property=\"og:url\" content=\"http:\/\/elsuperbeasto.com\/pt-pt\/as-melhores-aplicacoes-para-encontrar-o-amor\/\" \/>\n<meta property=\"og:site_name\" content=\"Quick Hookup\" \/>\n<meta property=\"og:image\" content=\"http:\/\/elsuperbeasto.com\/wp-content\/uploads\/2022\/08\/love-balloons.jpeg\" \/>\n\t<meta property=\"og:image:width\" content=\"1000\" \/>\n\t<meta property=\"og:image:height\" content=\"1500\" \/>\n<meta name=\"twitter:card\" content=\"summary_large_image\" \/>\n<meta name=\"twitter:label1\" content=\"Tempo estimado de leitura\" \/>\n\t<meta name=\"twitter:data1\" content=\"4 minutos\" \/>\n<script type=\"application\/ld+json\" class=\"yoast-schema-graph\">{\"@context\":\"https:\/\/schema.org\",\"@graph\":[{\"@type\":\"WebSite\",\"@id\":\"https:\/\/elsuperbeasto.com\/#website\",\"url\":\"https:\/\/elsuperbeasto.com\/\",\"name\":\"Quick Hookup\",\"description\":\"Your Guide To Love\",\"potentialAction\":[{\"@type\":\"SearchAction\",\"target\":{\"@type\":\"EntryPoint\",\"urlTemplate\":\"https:\/\/elsuperbeasto.com\/?s={search_term_string}\"},\"query-input\":\"required name=search_term_string\"}],\"inLanguage\":\"pt-PT\"},{\"@type\":\"ImageObject\",\"@id\":\"http:\/\/elsuperbeasto.com\/pt-pt\/as-melhores-aplicacoes-para-encontrar-o-amor\/#primaryimage\",\"inLanguage\":\"pt-PT\",\"url\":\"http:\/\/elsuperbeasto.com\/wp-content\/uploads\/2022\/08\/love-balloons.jpeg\",\"contentUrl\":\"http:\/\/elsuperbeasto.com\/wp-content\/uploads\/2022\/08\/love-balloons.jpeg\",\"width\":1000,\"height\":1500},{\"@type\":\"WebPage\",\"@id\":\"http:\/\/elsuperbeasto.com\/pt-pt\/as-melhores-aplicacoes-para-encontrar-o-amor\/#webpage\",\"url\":\"http:\/\/elsuperbeasto.com\/pt-pt\/as-melhores-aplicacoes-para-encontrar-o-amor\/\",\"name\":\"As melhores aplica\\u00e7\\u00f5es para encontrar o amor - Quick Hookup\",\"isPartOf\":{\"@id\":\"https:\/\/elsuperbeasto.com\/#website\"},\"primaryImageOfPage\":{\"@id\":\"http:\/\/elsuperbeasto.com\/pt-pt\/as-melhores-aplicacoes-para-encontrar-o-amor\/#primaryimage\"},\"datePublished\":\"2022-08-18T12:05:43+00:00\",\"dateModified\":\"2022-08-18T12:05:43+00:00\",\"breadcrumb\":{\"@id\":\"http:\/\/elsuperbeasto.com\/pt-pt\/as-melhores-aplicacoes-para-encontrar-o-amor\/#breadcrumb\"},\"inLanguage\":\"pt-PT\",\"potentialAction\":[{\"@type\":\"ReadAction\",\"target\":[\"http:\/\/elsuperbeasto.com\/pt-pt\/as-melhores-aplicacoes-para-encontrar-o-amor\/\"]}]},{\"@type\":\"BreadcrumbList\",\"@id\":\"http:\/\/elsuperbeasto.com\/pt-pt\/as-melhores-aplicacoes-para-encontrar-o-amor\/#breadcrumb\",\"itemListElement\":[{\"@type\":\"ListItem\",\"position\":1,\"name\":\"Home\",\"item\":\"https:\/\/elsuperbeasto.com\/pt-pt\/\"},{\"@type\":\"ListItem\",\"position\":2,\"name\":\"As melhores aplica\\u00e7\\u00f5es para encontrar o amor\"}]}]}<\/script>\n<!-- \/ Yoast SEO plugin. -->","yoast_head_json":{"title":"As melhores aplica\u00e7\u00f5es para encontrar o amor - Quick Hookup","robots":{"index":"index","follow":"follow","max-snippet":"max-snippet:-1","max-image-preview":"max-image-preview:large","max-video-preview":"max-video-preview:-1"},"canonical":"http:\/\/elsuperbeasto.com\/pt-pt\/as-melhores-aplicacoes-para-encontrar-o-amor\/","og_locale":"pt_PT","og_type":"article","og_title":"As melhores aplica\u00e7\u00f5es para encontrar o amor - Quick Hookup","og_description":"\u00c9 por isso que temos feito muita pesquisa sobre as melhores aplica\u00e7\u00f5es de namoro por a\u00ed e encontramos as que se destacam acima das outras. Estas n\u00e3o s\u00e3o apenas as nossas opini\u00f5es &#8211; testamos cada uma delas por n\u00f3s pr\u00f3prios&hellip; Continue Reading &rarr;","og_url":"http:\/\/elsuperbeasto.com\/pt-pt\/as-melhores-aplicacoes-para-encontrar-o-amor\/","og_site_name":"Quick Hookup","og_image":[{"width":1000,"height":1500,"url":"http:\/\/elsuperbeasto.com\/wp-content\/uploads\/2022\/08\/love-balloons.jpeg","type":"image\/jpeg"}],"twitter_card":"summary_large_image","twitter_misc":{"Tempo estimado de leitura":"4 minutos"},"schema":{"@context":"https:\/\/schema.org","@graph":[{"@type":"WebSite","@id":"https:\/\/elsuperbeasto.com\/#website","url":"https:\/\/elsuperbeasto.com\/","name":"Quick Hookup","description":"Your Guide To Love","potentialAction":[{"@type":"SearchAction","target":{"@type":"EntryPoint","urlTemplate":"https:\/\/elsuperbeasto.com\/?s={search_term_string}"},"query-input":"required name=search_term_string"}],"inLanguage":"pt-PT"},{"@type":"ImageObject","@id":"http:\/\/elsuperbeasto.com\/pt-pt\/as-melhores-aplicacoes-para-encontrar-o-amor\/#primaryimage","inLanguage":"pt-PT","url":"http:\/\/elsuperbeasto.com\/wp-content\/uploads\/2022\/08\/love-balloons.jpeg","contentUrl":"http:\/\/elsuperbeasto.com\/wp-content\/uploads\/2022\/08\/love-balloons.jpeg","width":1000,"height":1500},{"@type":"WebPage","@id":"http:\/\/elsuperbeasto.com\/pt-pt\/as-melhores-aplicacoes-para-encontrar-o-amor\/#webpage","url":"http:\/\/elsuperbeasto.com\/pt-pt\/as-melhores-aplicacoes-para-encontrar-o-amor\/","name":"As melhores aplica\u00e7\u00f5es para encontrar o amor - Quick Hookup","isPartOf":{"@id":"https:\/\/elsuperbeasto.com\/#website"},"primaryImageOfPage":{"@id":"http:\/\/elsuperbeasto.com\/pt-pt\/as-melhores-aplicacoes-para-encontrar-o-amor\/#primaryimage"},"datePublished":"2022-08-18T12:05:43+00:00","dateModified":"2022-08-18T12:05:43+00:00","breadcrumb":{"@id":"http:\/\/elsuperbeasto.com\/pt-pt\/as-melhores-aplicacoes-para-encontrar-o-amor\/#breadcrumb"},"inLanguage":"pt-PT","potentialAction":[{"@type":"ReadAction","target":["http:\/\/elsuperbeasto.com\/pt-pt\/as-melhores-aplicacoes-para-encontrar-o-amor\/"]}]},{"@type":"BreadcrumbList","@id":"http:\/\/elsuperbeasto.com\/pt-pt\/as-melhores-aplicacoes-para-encontrar-o-amor\/#breadcrumb","itemListElement":[{"@type":"ListItem","position":1,"name":"Home","item":"https:\/\/elsuperbeasto.com\/pt-pt\/"},{"@type":"ListItem","position":2,"name":"As melhores aplica\u00e7\u00f5es para encontrar o amor"}]}]}},"_links":{"self":[{"href":"http:\/\/elsuperbeasto.com\/pt-pt\/wp-json\/wp\/v2\/pages\/373"}],"collection":[{"href":"http:\/\/elsuperbeasto.com\/pt-pt\/wp-json\/wp\/v2\/pages"}],"about":[{"href":"http:\/\/elsuperbeasto.com\/pt-pt\/wp-json\/wp\/v2\/types\/page"}],"author":[{"embeddable":true,"href":"http:\/\/elsuperbeasto.com\/pt-pt\/wp-json\/wp\/v2\/users\/1"}],"replies":[{"embeddable":true,"href":"http:\/\/elsuperbeasto.com\/pt-pt\/wp-json\/wp\/v2\/comments?post=373"}],"version-history":[{"count":0,"href":"http:\/\/elsuperbeasto.com\/pt-pt\/wp-json\/wp\/v2\/pages\/373\/revisions"}],"wp:featuredmedia":[{"embeddable":true,"href":"http:\/\/elsuperbeasto.com\/pt-pt\/wp-json\/wp\/v2\/media\/149"}],"wp:attachment":[{"href":"http:\/\/elsuperbeasto.com\/pt-pt\/wp-json\/wp\/v2\/media?parent=373"}],"curies":[{"name":"wp","href":"https:\/\/api.w.org\/{rel}","templated":true}]}}