{"id":347,"date":"2022-08-18T13:12:48","date_gmt":"2022-08-18T12:12:48","guid":{"rendered":"http:\/\/elsuperbeasto.com\/e-seguro-namorar-em-linha\/"},"modified":"2022-08-18T13:12:48","modified_gmt":"2022-08-18T12:12:48","slug":"e-seguro-namorar-em-linha","status":"publish","type":"page","link":"http:\/\/elsuperbeasto.com\/pt-pt\/e-seguro-namorar-em-linha\/","title":{"rendered":"\u00c9 seguro namorar em linha?"},"content":{"rendered":"<p>Os encontros online s\u00e3o uma \u00f3ptima forma de conhecer novas pessoas, mas h\u00e1 alguns riscos envolvidos. Um desses riscos \u00e9 ser enganado por uma pessoa falsa. Um estudo recente descobriu que um quarto das mulheres tinha sido contactada por algu\u00e9m que afirmava estar interessado em encontrar-se com elas, mas que mais tarde se revelou ser um burl\u00e3o.<\/p>\n<p>A raz\u00e3o mais comum pela qual as pessoas s\u00e3o v\u00edtimas de fraudes em aplica\u00e7\u00f5es de encontros \u00e9 devido \u00e0s fracas capacidades de comunica\u00e7\u00e3o. Os Chatbots s\u00e3o concebidos para imitar a conversa humana, mas nem sempre fazem um bom trabalho. Tendem a utilizar uma linguagem floreada, o que os torna alvos f\u00e1ceis para os golpistas.<\/p>\n<p>Se procura estabelecer uma <a href=\"http:\/\/elsuperbeasto.com\/pt-pt\/quais-sao-as-melhores-aplicacoes-de-sexting\/\">liga\u00e7\u00e3o real com algu\u00e9m<\/a>, vai querer evitar falar demasiado de si pr\u00f3prio. As pessoas gostam de falar sobre si pr\u00f3prias, mas normalmente sentem-se mais confort\u00e1veis a faz\u00ea-lo atrav\u00e9s de um telefonema ou pessoalmente. O namoro online \u00e9 ainda relativamente novo, por isso n\u00e3o saber\u00e3o o qu\u00e3o bem comunicam um com o outro at\u00e9 se conhecerem pessoalmente.<\/p>\n<h2>O que deve estar atento?<\/h2>\n<p>Pode-se saber se uma pessoa \u00e9 um bot ou um burl\u00e3o, observando o seu comportamento. Em geral, um bot enviar\u00e1 mensagens rapidamente, enquanto um burl\u00e3o demorar\u00e1 mais tempo a responder. Poder\u00e1 notar que muitas pessoas parecem responder \u00e0s suas mensagens em segundos, apesar de n\u00e3o terem respondido a nenhuma das suas mensagens anteriores. A isto chama-se &#8220;spamming&#8221;. Os robots n\u00e3o s\u00e3o necessariamente spamming; pode apenas significar que est\u00e3o a receber muitas mensagens e a responder a todas de uma s\u00f3 vez.<\/p>\n<p>Outra coisa a ter em aten\u00e7\u00e3o s\u00e3o as declara\u00e7\u00f5es de amor antecipadas. Algumas pessoas dir\u00e3o algo do g\u00e9nero: &#8220;Penso que somos perfeitos juntos&#8221;, ou &#8220;Sou louco por ti&#8221;. Estes tipos de coment\u00e1rios s\u00e3o geralmente utilizados para o convencer a entregar as informa\u00e7\u00f5es do seu cart\u00e3o de cr\u00e9dito. Os golpistas tentar\u00e3o muitas vezes atra\u00ed-lo a dar informa\u00e7\u00f5es pessoais, dizendo algo simp\u00e1tico. Desconfie de qualquer pessoa que pare\u00e7a excessivamente entusiasmada em encontrar-se consigo.<\/p>\n<h2>E as aplica\u00e7\u00f5es de data\u00e7\u00e3o pagas?<\/h2>\n<p>A maioria dos sites de encontros on-line s\u00e3o gratuitos, mas h\u00e1 muitos que requerem pagamento. Alguns oferecem acesso a certas funcionalidades gratuitamente, enquanto outros n\u00e3o lhe permitem utilizar essas funcionalidades a n\u00e3o ser que pague. Compil\u00e1mos uma lista dos sites de encontros mais populares e de quanto custa aderir.<\/p>\n<h2>E as Cr\u00edticas?<\/h2>\n<p>As an\u00e1lises online desempenham um papel enorme na forma como os consumidores tomam decis\u00f5es de compra. Se as pessoas confiarem nas opini\u00f5es dos outros, utilizar\u00e3o essas opini\u00f5es de confian\u00e7a para orientar as suas compras. Infelizmente, h\u00e1 demasiadas revis\u00f5es falsas hoje em dia.<\/p>\n<p>Um estudo recente concluiu que mais de metade das cr\u00edticas sobre a Amaz\u00f3nia s\u00e3o escritas por revisores pagos. E algumas empresas de encontros online como Match Group Inc., eHarmony Inc. e OkCupid LLC est\u00e3o a pagar \u00e0s pessoas para escreverem resplandecentes cr\u00edticas sobre os seus produtos. Estas revis\u00f5es cont\u00eam frequentemente informa\u00e7\u00f5es falsas, tais como afirma\u00e7\u00f5es exageradas sobre as caracter\u00edsticas e benef\u00edcios do produto.<\/p>\n","protected":false},"excerpt":{"rendered":"<p>Os encontros online s\u00e3o uma \u00f3ptima forma de conhecer novas pessoas, mas h\u00e1 alguns riscos envolvidos. Um desses riscos \u00e9 ser enganado por uma pessoa falsa. Um estudo recente descobriu que um quarto das mulheres tinha sido contactada por algu\u00e9m&hellip; <a href=\"http:\/\/elsuperbeasto.com\/pt-pt\/e-seguro-namorar-em-linha\/\" class=\"more-link\">Continue Reading <span class=\"meta-nav\">&rarr;<\/span><\/a><\/p>\n","protected":false},"author":1,"featured_media":135,"parent":0,"menu_order":0,"comment_status":"closed","ping_status":"closed","template":"","meta":[],"yoast_head":"<!-- This site is optimized with the Yoast SEO plugin v17.7.1 - https:\/\/yoast.com\/wordpress\/plugins\/seo\/ -->\n<title>\u00c9 seguro namorar em linha? - Quick Hookup<\/title>\n<meta name=\"robots\" content=\"index, follow, max-snippet:-1, max-image-preview:large, max-video-preview:-1\" \/>\n<link rel=\"canonical\" href=\"http:\/\/elsuperbeasto.com\/pt-pt\/e-seguro-namorar-em-linha\/\" \/>\n<meta property=\"og:locale\" content=\"pt_PT\" \/>\n<meta property=\"og:type\" content=\"article\" \/>\n<meta property=\"og:title\" content=\"\u00c9 seguro namorar em linha? - Quick Hookup\" \/>\n<meta property=\"og:description\" content=\"Os encontros online s\u00e3o uma \u00f3ptima forma de conhecer novas pessoas, mas h\u00e1 alguns riscos envolvidos. Um desses riscos \u00e9 ser enganado por uma pessoa falsa. Um estudo recente descobriu que um quarto das mulheres tinha sido contactada por algu\u00e9m&hellip; Continue Reading &rarr;\" \/>\n<meta property=\"og:url\" content=\"http:\/\/elsuperbeasto.com\/pt-pt\/e-seguro-namorar-em-linha\/\" \/>\n<meta property=\"og:site_name\" content=\"Quick Hookup\" \/>\n<meta property=\"og:image\" content=\"http:\/\/elsuperbeasto.com\/wp-content\/uploads\/2022\/08\/dates.jpeg\" \/>\n\t<meta property=\"og:image:width\" content=\"2250\" \/>\n\t<meta property=\"og:image:height\" content=\"1500\" \/>\n<meta name=\"twitter:card\" content=\"summary_large_image\" \/>\n<meta name=\"twitter:label1\" content=\"Tempo estimado de leitura\" \/>\n\t<meta name=\"twitter:data1\" content=\"3 minutos\" \/>\n<script type=\"application\/ld+json\" class=\"yoast-schema-graph\">{\"@context\":\"https:\/\/schema.org\",\"@graph\":[{\"@type\":\"WebSite\",\"@id\":\"https:\/\/elsuperbeasto.com\/#website\",\"url\":\"https:\/\/elsuperbeasto.com\/\",\"name\":\"Quick Hookup\",\"description\":\"Your Guide To Love\",\"potentialAction\":[{\"@type\":\"SearchAction\",\"target\":{\"@type\":\"EntryPoint\",\"urlTemplate\":\"https:\/\/elsuperbeasto.com\/?s={search_term_string}\"},\"query-input\":\"required name=search_term_string\"}],\"inLanguage\":\"pt-PT\"},{\"@type\":\"ImageObject\",\"@id\":\"http:\/\/elsuperbeasto.com\/pt-pt\/e-seguro-namorar-em-linha\/#primaryimage\",\"inLanguage\":\"pt-PT\",\"url\":\"http:\/\/elsuperbeasto.com\/wp-content\/uploads\/2022\/08\/dates.jpeg\",\"contentUrl\":\"http:\/\/elsuperbeasto.com\/wp-content\/uploads\/2022\/08\/dates.jpeg\",\"width\":2250,\"height\":1500},{\"@type\":\"WebPage\",\"@id\":\"http:\/\/elsuperbeasto.com\/pt-pt\/e-seguro-namorar-em-linha\/#webpage\",\"url\":\"http:\/\/elsuperbeasto.com\/pt-pt\/e-seguro-namorar-em-linha\/\",\"name\":\"\\u00c9 seguro namorar em linha? - Quick Hookup\",\"isPartOf\":{\"@id\":\"https:\/\/elsuperbeasto.com\/#website\"},\"primaryImageOfPage\":{\"@id\":\"http:\/\/elsuperbeasto.com\/pt-pt\/e-seguro-namorar-em-linha\/#primaryimage\"},\"datePublished\":\"2022-08-18T12:12:48+00:00\",\"dateModified\":\"2022-08-18T12:12:48+00:00\",\"breadcrumb\":{\"@id\":\"http:\/\/elsuperbeasto.com\/pt-pt\/e-seguro-namorar-em-linha\/#breadcrumb\"},\"inLanguage\":\"pt-PT\",\"potentialAction\":[{\"@type\":\"ReadAction\",\"target\":[\"http:\/\/elsuperbeasto.com\/pt-pt\/e-seguro-namorar-em-linha\/\"]}]},{\"@type\":\"BreadcrumbList\",\"@id\":\"http:\/\/elsuperbeasto.com\/pt-pt\/e-seguro-namorar-em-linha\/#breadcrumb\",\"itemListElement\":[{\"@type\":\"ListItem\",\"position\":1,\"name\":\"Home\",\"item\":\"https:\/\/elsuperbeasto.com\/pt-pt\/\"},{\"@type\":\"ListItem\",\"position\":2,\"name\":\"\\u00c9 seguro namorar em linha?\"}]}]}<\/script>\n<!-- \/ Yoast SEO plugin. -->","yoast_head_json":{"title":"\u00c9 seguro namorar em linha? - Quick Hookup","robots":{"index":"index","follow":"follow","max-snippet":"max-snippet:-1","max-image-preview":"max-image-preview:large","max-video-preview":"max-video-preview:-1"},"canonical":"http:\/\/elsuperbeasto.com\/pt-pt\/e-seguro-namorar-em-linha\/","og_locale":"pt_PT","og_type":"article","og_title":"\u00c9 seguro namorar em linha? - Quick Hookup","og_description":"Os encontros online s\u00e3o uma \u00f3ptima forma de conhecer novas pessoas, mas h\u00e1 alguns riscos envolvidos. Um desses riscos \u00e9 ser enganado por uma pessoa falsa. Um estudo recente descobriu que um quarto das mulheres tinha sido contactada por algu\u00e9m&hellip; Continue Reading &rarr;","og_url":"http:\/\/elsuperbeasto.com\/pt-pt\/e-seguro-namorar-em-linha\/","og_site_name":"Quick Hookup","og_image":[{"width":2250,"height":1500,"url":"http:\/\/elsuperbeasto.com\/wp-content\/uploads\/2022\/08\/dates.jpeg","type":"image\/jpeg"}],"twitter_card":"summary_large_image","twitter_misc":{"Tempo estimado de leitura":"3 minutos"},"schema":{"@context":"https:\/\/schema.org","@graph":[{"@type":"WebSite","@id":"https:\/\/elsuperbeasto.com\/#website","url":"https:\/\/elsuperbeasto.com\/","name":"Quick Hookup","description":"Your Guide To Love","potentialAction":[{"@type":"SearchAction","target":{"@type":"EntryPoint","urlTemplate":"https:\/\/elsuperbeasto.com\/?s={search_term_string}"},"query-input":"required name=search_term_string"}],"inLanguage":"pt-PT"},{"@type":"ImageObject","@id":"http:\/\/elsuperbeasto.com\/pt-pt\/e-seguro-namorar-em-linha\/#primaryimage","inLanguage":"pt-PT","url":"http:\/\/elsuperbeasto.com\/wp-content\/uploads\/2022\/08\/dates.jpeg","contentUrl":"http:\/\/elsuperbeasto.com\/wp-content\/uploads\/2022\/08\/dates.jpeg","width":2250,"height":1500},{"@type":"WebPage","@id":"http:\/\/elsuperbeasto.com\/pt-pt\/e-seguro-namorar-em-linha\/#webpage","url":"http:\/\/elsuperbeasto.com\/pt-pt\/e-seguro-namorar-em-linha\/","name":"\u00c9 seguro namorar em linha? - Quick Hookup","isPartOf":{"@id":"https:\/\/elsuperbeasto.com\/#website"},"primaryImageOfPage":{"@id":"http:\/\/elsuperbeasto.com\/pt-pt\/e-seguro-namorar-em-linha\/#primaryimage"},"datePublished":"2022-08-18T12:12:48+00:00","dateModified":"2022-08-18T12:12:48+00:00","breadcrumb":{"@id":"http:\/\/elsuperbeasto.com\/pt-pt\/e-seguro-namorar-em-linha\/#breadcrumb"},"inLanguage":"pt-PT","potentialAction":[{"@type":"ReadAction","target":["http:\/\/elsuperbeasto.com\/pt-pt\/e-seguro-namorar-em-linha\/"]}]},{"@type":"BreadcrumbList","@id":"http:\/\/elsuperbeasto.com\/pt-pt\/e-seguro-namorar-em-linha\/#breadcrumb","itemListElement":[{"@type":"ListItem","position":1,"name":"Home","item":"https:\/\/elsuperbeasto.com\/pt-pt\/"},{"@type":"ListItem","position":2,"name":"\u00c9 seguro namorar em linha?"}]}]}},"_links":{"self":[{"href":"http:\/\/elsuperbeasto.com\/pt-pt\/wp-json\/wp\/v2\/pages\/347"}],"collection":[{"href":"http:\/\/elsuperbeasto.com\/pt-pt\/wp-json\/wp\/v2\/pages"}],"about":[{"href":"http:\/\/elsuperbeasto.com\/pt-pt\/wp-json\/wp\/v2\/types\/page"}],"author":[{"embeddable":true,"href":"http:\/\/elsuperbeasto.com\/pt-pt\/wp-json\/wp\/v2\/users\/1"}],"replies":[{"embeddable":true,"href":"http:\/\/elsuperbeasto.com\/pt-pt\/wp-json\/wp\/v2\/comments?post=347"}],"version-history":[{"count":0,"href":"http:\/\/elsuperbeasto.com\/pt-pt\/wp-json\/wp\/v2\/pages\/347\/revisions"}],"wp:featuredmedia":[{"embeddable":true,"href":"http:\/\/elsuperbeasto.com\/pt-pt\/wp-json\/wp\/v2\/media\/135"}],"wp:attachment":[{"href":"http:\/\/elsuperbeasto.com\/pt-pt\/wp-json\/wp\/v2\/media?parent=347"}],"curies":[{"name":"wp","href":"https:\/\/api.w.org\/{rel}","templated":true}]}}