{"id":332,"date":"2022-08-18T13:22:34","date_gmt":"2022-08-18T12:22:34","guid":{"rendered":"http:\/\/elsuperbeasto.com\/como-datar-as-mulheres-locais\/"},"modified":"2022-08-18T13:22:34","modified_gmt":"2022-08-18T12:22:34","slug":"como-datar-as-mulheres-locais","status":"publish","type":"page","link":"http:\/\/elsuperbeasto.com\/pt-pt\/como-datar-as-mulheres-locais\/","title":{"rendered":"Como datar as mulheres locais"},"content":{"rendered":"<p>Est\u00e1 cansado de namorar raparigas de longe? Deseja encontrar uma namorada mais perto de casa?<\/p>\n<p>Neste artigo, vamos cobrir 3 dicas para o ajudar a encontrar uma rapariga local para encontros.<\/p>\n<h2>Encontrar Mulheres Locais Online<\/h2>\n<p>Primeiro as primeiras coisas. Se quiser encontrar uma mulher local para encontros, precisa de a encontrar em linha primeiro. H\u00e1 toneladas de websites que lhe permitem procurar mulheres solteiras com base na localiza\u00e7\u00e3o. Estes sites incluem Match.com, eHarmony, PlentyofFish, OkCupid, Zoosk, e outros.<\/p>\n<p>Os encontros online t\u00eam-se tornado extremamente populares ultimamente. Permite-lhe ligar-se a milhares de potenciais jogos sem sair de casa. Por isso, n\u00e3o perca esta oportunidade de encontrar uma mulher local.<\/p>\n<h2>Encontro com amigos que vivem nas redondezas<\/h2>\n<p>Esta dica funciona melhor para quem vive em grandes cidades. No entanto, se viver num lugar mais pequeno, ainda poder\u00e1 encontrar uma rapariga local para um encontro. Encontrar-se com amigos que vivem nas proximidades. Isto d\u00e1-lhe uma desculpa para andarmos juntos e falarmos dos seus interesses.<\/p>\n<p>\u00c9 mais f\u00e1cil <a href=\"http:\/\/elsuperbeasto.com\/pt-pt\/as-melhores-aplicacoes-para-encontrar-o-amor\/\">estabelecer conversas<\/a> quando se est\u00e1 a sair com amigos. Al\u00e9m disso, provavelmente tamb\u00e9m se deparar\u00e1 com alguns tipos giros!<\/p>\n<h2>Junte-se a grupos que lhe interessam<\/h2>\n<p>Junte-se a grupos que lhe interessam. Por exemplo, junte-se a um grupo desportivo, a um clube do livro, ou a qualquer outro grupo que lhe interesse. Ao juntar-se a estes tipos de grupos, estar\u00e1 exposto a um monte de pessoas interessantes. E como a maioria destes grupos est\u00e1 concentrada em algo que lhe interessa, sentir-se-\u00e1 mais confort\u00e1vel a falar com eles do que com estranhos aleat\u00f3rios.<\/p>\n<p>Al\u00e9m disso, juntar-se a estes grupos dar-lhe-\u00e1 uma oportunidade de praticar as suas capacidades de conversa\u00e7\u00e3o. Aprender\u00e1 a fazer perguntas, a ouvir melhor, e a falar com confian\u00e7a.<\/p>\n<h2>FAQ<\/h2>\n<p>Seguindo estas <a href=\"http:\/\/elsuperbeasto.com\/pt-pt\/4-dicas-para-se-manter-seguro-com-encontros-online\/\">tr\u00eas dicas<\/a>, conseguir\u00e1 encontrar uma rapariga para namorar mais cedo e n\u00e3o mais tarde.<\/p>\n<h3>O que significa a aus\u00eancia de compromissos em namoro?<\/h3>\n<p>Sem compromissos em anexo significa que n\u00e3o precisa de se preocupar em assumir quaisquer compromissos a longo prazo. Se quiser sair com algu\u00e9m por divers\u00e3o, ent\u00e3o v\u00e1 em frente! No entanto, se quiser namorar algu\u00e9m a s\u00e9rio, ent\u00e3o deve estar preparado para se comprometer. Se quiser evitar entrar numa rela\u00e7\u00e3o em que ambas as partes se sintam obrigadas a ficar juntas para sempre, ent\u00e3o tente namorar algu\u00e9m que n\u00e3o tenha expectativas quanto ao tempo em que devem ficar juntas. Desta forma, n\u00e3o tem de se preocupar em romper quando as coisas j\u00e1 n\u00e3o est\u00e3o a funcionar.<\/p>\n<h3>Ser\u00e1 que nenhum cord\u00e3o de liga\u00e7\u00e3o se pode transformar em amor?<\/h3>\n<p>Sim, \u00e9 poss\u00edvel que nenhum compromisso se transforme em amor. No entanto, \u00e9 necess\u00e1rio algum esfor\u00e7o de ambas as partes. O primeiro passo \u00e9 ser honesto sobre o que se quer. Se n\u00e3o souber o que quer, ent\u00e3o n\u00e3o descobrir\u00e1 at\u00e9 tentar. Uma vez descoberto o que se quer, \u00e9 preciso comunicar de forma clara e honesta uns com os outros. Finalmente, precisa de se colocar l\u00e1 fora e deixar que os outros saibam como se sente.<\/p>\n<h3>O que \u00e9 um caso NSA?<\/h3>\n<p>Um caso de um caso de NSA \u00e9 quando algu\u00e9m tem rela\u00e7\u00f5es sexuais com outra pessoa com quem n\u00e3o quer ter intimidade. Isto acontece normalmente entre duas pessoas que se conhecem bem, tais como colegas de trabalho, membros da fam\u00edlia, ou amigos pr\u00f3ximos. O termo foi utilizado pela primeira vez nos anos 70, e refere-se \u00e0 Ag\u00eancia Nacional de Seguran\u00e7a.<\/p>\n","protected":false},"excerpt":{"rendered":"<p>Est\u00e1 cansado de namorar raparigas de longe? Deseja encontrar uma namorada mais perto de casa? Neste artigo, vamos cobrir 3 dicas para o ajudar a encontrar uma rapariga local para encontros. Encontrar Mulheres Locais Online Primeiro as primeiras coisas. Se&hellip; <a href=\"http:\/\/elsuperbeasto.com\/pt-pt\/como-datar-as-mulheres-locais\/\" class=\"more-link\">Continue Reading <span class=\"meta-nav\">&rarr;<\/span><\/a><\/p>\n","protected":false},"author":1,"featured_media":163,"parent":0,"menu_order":0,"comment_status":"closed","ping_status":"closed","template":"","meta":[],"yoast_head":"<!-- This site is optimized with the Yoast SEO plugin v17.7.1 - https:\/\/yoast.com\/wordpress\/plugins\/seo\/ -->\n<title>Como datar as mulheres locais - Quick Hookup<\/title>\n<meta name=\"robots\" content=\"index, follow, max-snippet:-1, max-image-preview:large, max-video-preview:-1\" \/>\n<link rel=\"canonical\" href=\"http:\/\/elsuperbeasto.com\/pt-pt\/como-datar-as-mulheres-locais\/\" \/>\n<meta property=\"og:locale\" content=\"pt_PT\" \/>\n<meta property=\"og:type\" content=\"article\" \/>\n<meta property=\"og:title\" content=\"Como datar as mulheres locais - Quick Hookup\" \/>\n<meta property=\"og:description\" content=\"Est\u00e1 cansado de namorar raparigas de longe? Deseja encontrar uma namorada mais perto de casa? Neste artigo, vamos cobrir 3 dicas para o ajudar a encontrar uma rapariga local para encontros. Encontrar Mulheres Locais Online Primeiro as primeiras coisas. Se&hellip; Continue Reading &rarr;\" \/>\n<meta property=\"og:url\" content=\"http:\/\/elsuperbeasto.com\/pt-pt\/como-datar-as-mulheres-locais\/\" \/>\n<meta property=\"og:site_name\" content=\"Quick Hookup\" \/>\n<meta property=\"og:image\" content=\"http:\/\/elsuperbeasto.com\/wp-content\/uploads\/2022\/08\/sexy-time.jpeg\" \/>\n\t<meta property=\"og:image:width\" content=\"1001\" \/>\n\t<meta property=\"og:image:height\" content=\"1500\" \/>\n<meta name=\"twitter:card\" content=\"summary_large_image\" \/>\n<meta name=\"twitter:label1\" content=\"Tempo estimado de leitura\" \/>\n\t<meta name=\"twitter:data1\" content=\"3 minutos\" \/>\n<script type=\"application\/ld+json\" class=\"yoast-schema-graph\">{\"@context\":\"https:\/\/schema.org\",\"@graph\":[{\"@type\":\"WebSite\",\"@id\":\"https:\/\/elsuperbeasto.com\/#website\",\"url\":\"https:\/\/elsuperbeasto.com\/\",\"name\":\"Quick Hookup\",\"description\":\"Your Guide To Love\",\"potentialAction\":[{\"@type\":\"SearchAction\",\"target\":{\"@type\":\"EntryPoint\",\"urlTemplate\":\"https:\/\/elsuperbeasto.com\/?s={search_term_string}\"},\"query-input\":\"required name=search_term_string\"}],\"inLanguage\":\"pt-PT\"},{\"@type\":\"ImageObject\",\"@id\":\"http:\/\/elsuperbeasto.com\/pt-pt\/como-datar-as-mulheres-locais\/#primaryimage\",\"inLanguage\":\"pt-PT\",\"url\":\"http:\/\/elsuperbeasto.com\/wp-content\/uploads\/2022\/08\/sexy-time.jpeg\",\"contentUrl\":\"http:\/\/elsuperbeasto.com\/wp-content\/uploads\/2022\/08\/sexy-time.jpeg\",\"width\":1001,\"height\":1500},{\"@type\":\"WebPage\",\"@id\":\"http:\/\/elsuperbeasto.com\/pt-pt\/como-datar-as-mulheres-locais\/#webpage\",\"url\":\"http:\/\/elsuperbeasto.com\/pt-pt\/como-datar-as-mulheres-locais\/\",\"name\":\"Como datar as mulheres locais - Quick Hookup\",\"isPartOf\":{\"@id\":\"https:\/\/elsuperbeasto.com\/#website\"},\"primaryImageOfPage\":{\"@id\":\"http:\/\/elsuperbeasto.com\/pt-pt\/como-datar-as-mulheres-locais\/#primaryimage\"},\"datePublished\":\"2022-08-18T12:22:34+00:00\",\"dateModified\":\"2022-08-18T12:22:34+00:00\",\"breadcrumb\":{\"@id\":\"http:\/\/elsuperbeasto.com\/pt-pt\/como-datar-as-mulheres-locais\/#breadcrumb\"},\"inLanguage\":\"pt-PT\",\"potentialAction\":[{\"@type\":\"ReadAction\",\"target\":[\"http:\/\/elsuperbeasto.com\/pt-pt\/como-datar-as-mulheres-locais\/\"]}]},{\"@type\":\"BreadcrumbList\",\"@id\":\"http:\/\/elsuperbeasto.com\/pt-pt\/como-datar-as-mulheres-locais\/#breadcrumb\",\"itemListElement\":[{\"@type\":\"ListItem\",\"position\":1,\"name\":\"Home\",\"item\":\"https:\/\/elsuperbeasto.com\/pt-pt\/\"},{\"@type\":\"ListItem\",\"position\":2,\"name\":\"Como datar as mulheres locais\"}]}]}<\/script>\n<!-- \/ Yoast SEO plugin. -->","yoast_head_json":{"title":"Como datar as mulheres locais - Quick Hookup","robots":{"index":"index","follow":"follow","max-snippet":"max-snippet:-1","max-image-preview":"max-image-preview:large","max-video-preview":"max-video-preview:-1"},"canonical":"http:\/\/elsuperbeasto.com\/pt-pt\/como-datar-as-mulheres-locais\/","og_locale":"pt_PT","og_type":"article","og_title":"Como datar as mulheres locais - Quick Hookup","og_description":"Est\u00e1 cansado de namorar raparigas de longe? Deseja encontrar uma namorada mais perto de casa? Neste artigo, vamos cobrir 3 dicas para o ajudar a encontrar uma rapariga local para encontros. Encontrar Mulheres Locais Online Primeiro as primeiras coisas. Se&hellip; Continue Reading &rarr;","og_url":"http:\/\/elsuperbeasto.com\/pt-pt\/como-datar-as-mulheres-locais\/","og_site_name":"Quick Hookup","og_image":[{"width":1001,"height":1500,"url":"http:\/\/elsuperbeasto.com\/wp-content\/uploads\/2022\/08\/sexy-time.jpeg","type":"image\/jpeg"}],"twitter_card":"summary_large_image","twitter_misc":{"Tempo estimado de leitura":"3 minutos"},"schema":{"@context":"https:\/\/schema.org","@graph":[{"@type":"WebSite","@id":"https:\/\/elsuperbeasto.com\/#website","url":"https:\/\/elsuperbeasto.com\/","name":"Quick Hookup","description":"Your Guide To Love","potentialAction":[{"@type":"SearchAction","target":{"@type":"EntryPoint","urlTemplate":"https:\/\/elsuperbeasto.com\/?s={search_term_string}"},"query-input":"required name=search_term_string"}],"inLanguage":"pt-PT"},{"@type":"ImageObject","@id":"http:\/\/elsuperbeasto.com\/pt-pt\/como-datar-as-mulheres-locais\/#primaryimage","inLanguage":"pt-PT","url":"http:\/\/elsuperbeasto.com\/wp-content\/uploads\/2022\/08\/sexy-time.jpeg","contentUrl":"http:\/\/elsuperbeasto.com\/wp-content\/uploads\/2022\/08\/sexy-time.jpeg","width":1001,"height":1500},{"@type":"WebPage","@id":"http:\/\/elsuperbeasto.com\/pt-pt\/como-datar-as-mulheres-locais\/#webpage","url":"http:\/\/elsuperbeasto.com\/pt-pt\/como-datar-as-mulheres-locais\/","name":"Como datar as mulheres locais - Quick Hookup","isPartOf":{"@id":"https:\/\/elsuperbeasto.com\/#website"},"primaryImageOfPage":{"@id":"http:\/\/elsuperbeasto.com\/pt-pt\/como-datar-as-mulheres-locais\/#primaryimage"},"datePublished":"2022-08-18T12:22:34+00:00","dateModified":"2022-08-18T12:22:34+00:00","breadcrumb":{"@id":"http:\/\/elsuperbeasto.com\/pt-pt\/como-datar-as-mulheres-locais\/#breadcrumb"},"inLanguage":"pt-PT","potentialAction":[{"@type":"ReadAction","target":["http:\/\/elsuperbeasto.com\/pt-pt\/como-datar-as-mulheres-locais\/"]}]},{"@type":"BreadcrumbList","@id":"http:\/\/elsuperbeasto.com\/pt-pt\/como-datar-as-mulheres-locais\/#breadcrumb","itemListElement":[{"@type":"ListItem","position":1,"name":"Home","item":"https:\/\/elsuperbeasto.com\/pt-pt\/"},{"@type":"ListItem","position":2,"name":"Como datar as mulheres locais"}]}]}},"_links":{"self":[{"href":"http:\/\/elsuperbeasto.com\/pt-pt\/wp-json\/wp\/v2\/pages\/332"}],"collection":[{"href":"http:\/\/elsuperbeasto.com\/pt-pt\/wp-json\/wp\/v2\/pages"}],"about":[{"href":"http:\/\/elsuperbeasto.com\/pt-pt\/wp-json\/wp\/v2\/types\/page"}],"author":[{"embeddable":true,"href":"http:\/\/elsuperbeasto.com\/pt-pt\/wp-json\/wp\/v2\/users\/1"}],"replies":[{"embeddable":true,"href":"http:\/\/elsuperbeasto.com\/pt-pt\/wp-json\/wp\/v2\/comments?post=332"}],"version-history":[{"count":0,"href":"http:\/\/elsuperbeasto.com\/pt-pt\/wp-json\/wp\/v2\/pages\/332\/revisions"}],"wp:featuredmedia":[{"embeddable":true,"href":"http:\/\/elsuperbeasto.com\/pt-pt\/wp-json\/wp\/v2\/media\/163"}],"wp:attachment":[{"href":"http:\/\/elsuperbeasto.com\/pt-pt\/wp-json\/wp\/v2\/media?parent=332"}],"curies":[{"name":"wp","href":"https:\/\/api.w.org\/{rel}","templated":true}]}}