{"id":317,"date":"2022-08-18T13:39:07","date_gmt":"2022-08-18T12:39:07","guid":{"rendered":"http:\/\/elsuperbeasto.com\/namorar-um-milf-maduro\/"},"modified":"2022-08-18T13:39:07","modified_gmt":"2022-08-18T12:39:07","slug":"namorar-um-milf-maduro","status":"publish","type":"page","link":"http:\/\/elsuperbeasto.com\/pt-pt\/namorar-um-milf-maduro\/","title":{"rendered":"Namorar um Milf maduro?"},"content":{"rendered":"<p>Os solteiros maduros procuram o amor e o romance. Se os quiser encontrar, ent\u00e3o tem de ser paciente e esperar que eles venham ter consigo. A melhor maneira de conhecer solteiros maduros \u00e9 atrav\u00e9s de sites de encontros como Match.com, eHarmony, OkCupid, etc. H\u00e1 v\u00e1rios lugares onde se pode encontrar mulheres mais velhas \u00e0 procura de sexo. O melhor lugar para come\u00e7ar \u00e9 Craigslist.com. Este website tem milhares de an\u00fancios publicados diariamente de todo o mundo. Outra grande op\u00e7\u00e3o \u00e9 Backpage.com. Este site tamb\u00e9m tem milh\u00f5es de listagens para escoltas e servi\u00e7os para adultos.<\/p>\n<p>Espera-se que esta estat\u00edstica continue a crescer \u00e0 medida que adultos mais maduros se sintam confort\u00e1veis com a tecnologia e se sintam confiantes para se expressarem online. Como resultado, h\u00e1 muitos sites de encontros maduros dispon\u00edveis na Internet. Estes s\u00edtios permitem que adultos maduros se encontrem e interajam com outros membros com base em interesses comuns. Para al\u00e9m de conhecerem novas pessoas, estes s\u00edtios tamb\u00e9m d\u00e3o aos utilizadores acesso a conte\u00fados e ferramentas exclusivas concebidas para melhorar a comunica\u00e7\u00e3o e conduzir a rela\u00e7\u00f5es duradouras. Embora os sites de encontros maduros variem muito em termos de taxas de ades\u00e3o, interface de utilizador, e qualidade geral, os seguintes s\u00e3o alguns dos principais sites de encontros maduros actualmente dispon\u00edveis na web.<\/p>\n<h2>As nossas melhores escolhas:<\/h2>\n<p>Existem <a href=\"http:\/\/elsuperbeasto.com\/pt-pt\/como-funcionam-os-engates-da-nsa\/\">v\u00e1rios sites<\/a> que oferecem sites de encontros s\u00e9nior, tais como Matchmaker S\u00e9nior, Senior People Meet, e SeniorsMeet. Estes sites permitem aos utilizadores procurar outros membros com base na idade, localiza\u00e7\u00e3o, interesses e passatempos.<\/p>\n<p>No entanto, queremos dar-lhe algumas alternativas \u00e0s escolhas populares.<\/p>\n<h3>YourTango<\/h3>\n<p>O YourTango \u00e9 uma plataforma de encontros online gratuita que se destina principalmente a jovens adultos. Isto significa que o YourTango est\u00e1 concentrado em ligar solteiros na casa dos 20 e 30 anos de idade.<\/p>\n<p>\u00c9 semelhante a outros sites de encontros de adultos maduros na medida em que n\u00e3o requer uma subscri\u00e7\u00e3o paga para se registar. No entanto, tem uma pequena selec\u00e7\u00e3o de caracter\u00edsticas premium que custam $9,99 por m\u00eas. O seu foco principal \u00e9 a cria\u00e7\u00e3o de liga\u00e7\u00f5es duradouras entre utilizadores. Para o fazer, proporciona uma experi\u00eancia altamente interactiva onde os utilizadores podem expressar-se livremente.<\/p>\n<p>Os utilizadores podem publicar artigos, v\u00eddeos, e imagens nas suas p\u00e1ginas de perfil. Podem tamb\u00e9m deixar coment\u00e1rios sobre os lan\u00e7amentos dos outros membros. Dispon\u00edvel tanto para dispositivos iOS como para Android.<\/p>\n<h3>Zoosk<\/h3>\n<p>Zoosk \u00e9 um site de encontros online gratuito que se dirige principalmente a profissionais solteiros. Isto significa que o Zoosk est\u00e1 vocacionado para adultos maduros que queiram namorar dentro da sua pr\u00f3pria ind\u00fastria. \u00c9 semelhante a outros sites de encontros maduros na medida em que n\u00e3o requer qualquer pagamento para se registar. Contudo, ao contr\u00e1rio de outros sites de encontros maduros, o Zoosk cobra uma taxa mensal para contas premium. A conta b\u00e1sica inclui capacidades ilimitadas de mensagens e de navega\u00e7\u00e3o. Os membros Premium incluem acesso a funcionalidades extra como op\u00e7\u00f5es de pesquisa e visualiza\u00e7\u00e3o melhoradas.<\/p>\n<h3>ChristianMingle<\/h3>\n<p>ChristianMingle \u00e9 um site de encontros maduro de primeira linha que catalisa exclusivamente aos crist\u00e3os. Embora isto possa parecer limitativo \u00e0 primeira vista, esta aplica\u00e7\u00e3o encoraja de facto os utilizadores a expandir os seus horizontes para al\u00e9m das suas cren\u00e7as religiosas. \u00c9 completamente livre de aderir e fornece aos utilizadores uma lista abrangente de caracter\u00edsticas. Por exemplo, os utilizadores podem ler biografias detalhadas, ver fotos, adicionar favoritos, e avaliar membros.<\/p>\n<p>Podem tamb\u00e9m colocar perguntas e pedir conselhos a outros membros. Al\u00e9m disso, oferece uma funcionalidade de mensagens privadas que permite aos utilizadores discutirem em privado t\u00f3picos sem medo de serem julgados. Pode experimentar as ofertas uma subscri\u00e7\u00e3o premium que inclui o acesso a conte\u00fados e caracter\u00edsticas exclusivas.<\/p>\n<h3>Correspond\u00eancia<\/h3>\n<p>Embora Match.com seja o mais antigo site de encontros maduro no mercado, continua a ser um dos mais populares. Este site foi fundado em 1995 e conta actualmente com mais de 11 milh\u00f5es de membros activos em todo o mundo.<\/p>\n<p>\u00c9 considerado um dos melhores sites de encontros maduros porque proporciona aos utilizadores uma grande variedade de caracter\u00edsticas e servi\u00e7os. Por exemplo, os utilizadores podem procurar potenciais combina\u00e7\u00f5es com base na idade, sexo, estilo de vida, carreira, religi\u00e3o, e etnia. Al\u00e9m disso, oferece aos membros a oportunidade de partilhar fotos e v\u00eddeos, receber recomenda\u00e7\u00f5es personalizadas e conectar-se atrav\u00e9s das redes de comunica\u00e7\u00e3o social.<\/p>\n<h2>Conclus\u00e3o<\/h2>\n<p>N\u00e3o passe o seu tempo \u00e0 procura de MILFs a menos que esteja preparado para lhes dar tudo o que eles querem. H\u00e1 sempre algu\u00e9m que as quer tratar como as deusas sexuais que realmente s\u00e3o.<\/p>\n","protected":false},"excerpt":{"rendered":"<p>Os solteiros maduros procuram o amor e o romance. Se os quiser encontrar, ent\u00e3o tem de ser paciente e esperar que eles venham ter consigo. A melhor maneira de conhecer solteiros maduros \u00e9 atrav\u00e9s de sites de encontros como Match.com,&hellip; <a href=\"http:\/\/elsuperbeasto.com\/pt-pt\/namorar-um-milf-maduro\/\" class=\"more-link\">Continue Reading <span class=\"meta-nav\">&rarr;<\/span><\/a><\/p>\n","protected":false},"author":1,"featured_media":205,"parent":0,"menu_order":0,"comment_status":"closed","ping_status":"closed","template":"","meta":[],"yoast_head":"<!-- This site is optimized with the Yoast SEO plugin v17.7.1 - https:\/\/yoast.com\/wordpress\/plugins\/seo\/ -->\n<title>Namorar um Milf maduro? - Quick Hookup<\/title>\n<meta name=\"robots\" content=\"index, follow, max-snippet:-1, max-image-preview:large, max-video-preview:-1\" \/>\n<link rel=\"canonical\" href=\"http:\/\/elsuperbeasto.com\/pt-pt\/namorar-um-milf-maduro\/\" \/>\n<meta property=\"og:locale\" content=\"pt_PT\" \/>\n<meta property=\"og:type\" content=\"article\" \/>\n<meta property=\"og:title\" content=\"Namorar um Milf maduro? - Quick Hookup\" \/>\n<meta property=\"og:description\" content=\"Os solteiros maduros procuram o amor e o romance. Se os quiser encontrar, ent\u00e3o tem de ser paciente e esperar que eles venham ter consigo. A melhor maneira de conhecer solteiros maduros \u00e9 atrav\u00e9s de sites de encontros como Match.com,&hellip; Continue Reading &rarr;\" \/>\n<meta property=\"og:url\" content=\"http:\/\/elsuperbeasto.com\/pt-pt\/namorar-um-milf-maduro\/\" \/>\n<meta property=\"og:site_name\" content=\"Quick Hookup\" \/>\n<meta property=\"og:image\" content=\"https:\/\/elsuperbeasto.com\/wp-content\/uploads\/2022\/08\/be-mine.jpeg\" \/>\n\t<meta property=\"og:image:width\" content=\"2250\" \/>\n\t<meta property=\"og:image:height\" content=\"1500\" \/>\n<meta name=\"twitter:card\" content=\"summary_large_image\" \/>\n<meta name=\"twitter:label1\" content=\"Tempo estimado de leitura\" \/>\n\t<meta name=\"twitter:data1\" content=\"4 minutos\" \/>\n<script type=\"application\/ld+json\" class=\"yoast-schema-graph\">{\"@context\":\"https:\/\/schema.org\",\"@graph\":[{\"@type\":\"WebSite\",\"@id\":\"https:\/\/elsuperbeasto.com\/#website\",\"url\":\"https:\/\/elsuperbeasto.com\/\",\"name\":\"Quick Hookup\",\"description\":\"Your Guide To Love\",\"potentialAction\":[{\"@type\":\"SearchAction\",\"target\":{\"@type\":\"EntryPoint\",\"urlTemplate\":\"https:\/\/elsuperbeasto.com\/?s={search_term_string}\"},\"query-input\":\"required name=search_term_string\"}],\"inLanguage\":\"pt-PT\"},{\"@type\":\"ImageObject\",\"@id\":\"http:\/\/elsuperbeasto.com\/pt-pt\/namorar-um-milf-maduro\/#primaryimage\",\"inLanguage\":\"pt-PT\",\"url\":\"http:\/\/elsuperbeasto.com\/wp-content\/uploads\/2022\/08\/be-mine.jpeg\",\"contentUrl\":\"http:\/\/elsuperbeasto.com\/wp-content\/uploads\/2022\/08\/be-mine.jpeg\",\"width\":2250,\"height\":1500},{\"@type\":\"WebPage\",\"@id\":\"http:\/\/elsuperbeasto.com\/pt-pt\/namorar-um-milf-maduro\/#webpage\",\"url\":\"http:\/\/elsuperbeasto.com\/pt-pt\/namorar-um-milf-maduro\/\",\"name\":\"Namorar um Milf maduro? - Quick Hookup\",\"isPartOf\":{\"@id\":\"https:\/\/elsuperbeasto.com\/#website\"},\"primaryImageOfPage\":{\"@id\":\"http:\/\/elsuperbeasto.com\/pt-pt\/namorar-um-milf-maduro\/#primaryimage\"},\"datePublished\":\"2022-08-18T12:39:07+00:00\",\"dateModified\":\"2022-08-18T12:39:07+00:00\",\"breadcrumb\":{\"@id\":\"http:\/\/elsuperbeasto.com\/pt-pt\/namorar-um-milf-maduro\/#breadcrumb\"},\"inLanguage\":\"pt-PT\",\"potentialAction\":[{\"@type\":\"ReadAction\",\"target\":[\"http:\/\/elsuperbeasto.com\/pt-pt\/namorar-um-milf-maduro\/\"]}]},{\"@type\":\"BreadcrumbList\",\"@id\":\"http:\/\/elsuperbeasto.com\/pt-pt\/namorar-um-milf-maduro\/#breadcrumb\",\"itemListElement\":[{\"@type\":\"ListItem\",\"position\":1,\"name\":\"Home\",\"item\":\"https:\/\/elsuperbeasto.com\/pt-pt\/\"},{\"@type\":\"ListItem\",\"position\":2,\"name\":\"Namorar um Milf maduro?\"}]}]}<\/script>\n<!-- \/ Yoast SEO plugin. -->","yoast_head_json":{"title":"Namorar um Milf maduro? - Quick Hookup","robots":{"index":"index","follow":"follow","max-snippet":"max-snippet:-1","max-image-preview":"max-image-preview:large","max-video-preview":"max-video-preview:-1"},"canonical":"http:\/\/elsuperbeasto.com\/pt-pt\/namorar-um-milf-maduro\/","og_locale":"pt_PT","og_type":"article","og_title":"Namorar um Milf maduro? - Quick Hookup","og_description":"Os solteiros maduros procuram o amor e o romance. Se os quiser encontrar, ent\u00e3o tem de ser paciente e esperar que eles venham ter consigo. A melhor maneira de conhecer solteiros maduros \u00e9 atrav\u00e9s de sites de encontros como Match.com,&hellip; Continue Reading &rarr;","og_url":"http:\/\/elsuperbeasto.com\/pt-pt\/namorar-um-milf-maduro\/","og_site_name":"Quick Hookup","og_image":[{"width":2250,"height":1500,"url":"https:\/\/elsuperbeasto.com\/wp-content\/uploads\/2022\/08\/be-mine.jpeg","type":"image\/jpeg"}],"twitter_card":"summary_large_image","twitter_misc":{"Tempo estimado de leitura":"4 minutos"},"schema":{"@context":"https:\/\/schema.org","@graph":[{"@type":"WebSite","@id":"https:\/\/elsuperbeasto.com\/#website","url":"https:\/\/elsuperbeasto.com\/","name":"Quick Hookup","description":"Your Guide To Love","potentialAction":[{"@type":"SearchAction","target":{"@type":"EntryPoint","urlTemplate":"https:\/\/elsuperbeasto.com\/?s={search_term_string}"},"query-input":"required name=search_term_string"}],"inLanguage":"pt-PT"},{"@type":"ImageObject","@id":"http:\/\/elsuperbeasto.com\/pt-pt\/namorar-um-milf-maduro\/#primaryimage","inLanguage":"pt-PT","url":"http:\/\/elsuperbeasto.com\/wp-content\/uploads\/2022\/08\/be-mine.jpeg","contentUrl":"http:\/\/elsuperbeasto.com\/wp-content\/uploads\/2022\/08\/be-mine.jpeg","width":2250,"height":1500},{"@type":"WebPage","@id":"http:\/\/elsuperbeasto.com\/pt-pt\/namorar-um-milf-maduro\/#webpage","url":"http:\/\/elsuperbeasto.com\/pt-pt\/namorar-um-milf-maduro\/","name":"Namorar um Milf maduro? - Quick Hookup","isPartOf":{"@id":"https:\/\/elsuperbeasto.com\/#website"},"primaryImageOfPage":{"@id":"http:\/\/elsuperbeasto.com\/pt-pt\/namorar-um-milf-maduro\/#primaryimage"},"datePublished":"2022-08-18T12:39:07+00:00","dateModified":"2022-08-18T12:39:07+00:00","breadcrumb":{"@id":"http:\/\/elsuperbeasto.com\/pt-pt\/namorar-um-milf-maduro\/#breadcrumb"},"inLanguage":"pt-PT","potentialAction":[{"@type":"ReadAction","target":["http:\/\/elsuperbeasto.com\/pt-pt\/namorar-um-milf-maduro\/"]}]},{"@type":"BreadcrumbList","@id":"http:\/\/elsuperbeasto.com\/pt-pt\/namorar-um-milf-maduro\/#breadcrumb","itemListElement":[{"@type":"ListItem","position":1,"name":"Home","item":"https:\/\/elsuperbeasto.com\/pt-pt\/"},{"@type":"ListItem","position":2,"name":"Namorar um Milf maduro?"}]}]}},"_links":{"self":[{"href":"http:\/\/elsuperbeasto.com\/pt-pt\/wp-json\/wp\/v2\/pages\/317"}],"collection":[{"href":"http:\/\/elsuperbeasto.com\/pt-pt\/wp-json\/wp\/v2\/pages"}],"about":[{"href":"http:\/\/elsuperbeasto.com\/pt-pt\/wp-json\/wp\/v2\/types\/page"}],"author":[{"embeddable":true,"href":"http:\/\/elsuperbeasto.com\/pt-pt\/wp-json\/wp\/v2\/users\/1"}],"replies":[{"embeddable":true,"href":"http:\/\/elsuperbeasto.com\/pt-pt\/wp-json\/wp\/v2\/comments?post=317"}],"version-history":[{"count":0,"href":"http:\/\/elsuperbeasto.com\/pt-pt\/wp-json\/wp\/v2\/pages\/317\/revisions"}],"wp:featuredmedia":[{"embeddable":true,"href":"http:\/\/elsuperbeasto.com\/pt-pt\/wp-json\/wp\/v2\/media\/205"}],"wp:attachment":[{"href":"http:\/\/elsuperbeasto.com\/pt-pt\/wp-json\/wp\/v2\/media?parent=317"}],"curies":[{"name":"wp","href":"https:\/\/api.w.org\/{rel}","templated":true}]}}