{"id":305,"date":"2022-08-18T13:44:21","date_gmt":"2022-08-18T12:44:21","guid":{"rendered":"http:\/\/elsuperbeasto.com\/quais-sao-as-melhores-aplicacoes-de-sexting\/"},"modified":"2022-08-18T13:44:21","modified_gmt":"2022-08-18T12:44:21","slug":"quais-sao-as-melhores-aplicacoes-de-sexting","status":"publish","type":"page","link":"http:\/\/elsuperbeasto.com\/pt-pt\/quais-sao-as-melhores-aplicacoes-de-sexting\/","title":{"rendered":"Quais s\u00e3o as Melhores Aplica\u00e7\u00f5es de Sexting?"},"content":{"rendered":"<p>Sabe o que acontece quando se est\u00e1 excitado. Envia <a href=\"http:\/\/elsuperbeasto.com\/pt-pt\/e-seguro-namorar-em-linha\/\">uma mensagem de texto ao seu parceiro<\/a>, envia-lhe uma foto sexy, talvez at\u00e9 marca uma data. Mas por vezes as coisas n\u00e3o funcionam como o planeado. Talvez ele n\u00e3o responda. Ou ela n\u00e3o est\u00e1 interessada nisso. E fica a pensar se voltar\u00e1 ou n\u00e3o a ver o seu parceiro.<\/p>\n<p>Mas gra\u00e7as \u00e0 Internet, ainda se pode engatar a outra pessoa enquanto se espera que o seu parceiro apare\u00e7a. H\u00e1 toneladas de s\u00edtios de sexting gr\u00e1tis onde se pode encontrar pessoas que procuram conversar sujo sobre texto. Estes sites facilitam o namoro com outros sem ter de se preocupar em ser apanhado. Tamb\u00e9m oferecem caracter\u00edsticas tais como camming ao vivo, sexo por webcam, e sexo por telefone. Tudo o que precisa \u00e9 de um smartphone e uma liga\u00e7\u00e3o.<\/p>\n<p>Algumas escolhas bem conhecidas s\u00e3o:<\/p>\n<ol>\n<li>Kik &#8211; Kik \u00e9 uma das plataformas de encontros mais antigas da web. Existe desde 2005, e \u00e9 utilizado por milh\u00f5es de pessoas em todo o mundo. Foi concebido especificamente para adolescentes e jovens adultos, mas qualquer pessoa pode utiliz\u00e1-lo.<\/li>\n<li>Omegle &#8211; Se nunca ouviu falar de Omegle, isso \u00e9 provavelmente porque n\u00e3o \u00e9 muito conhecido. Este site permite a liga\u00e7\u00e3o aleat\u00f3ria com outra pessoa. Pode falar com quem quiser, n\u00e3o importa a sua idade. Tenha apenas em mente que a maioria das pessoas n\u00e3o est\u00e1 interessada em falar com algu\u00e9m que conheceu online.<\/li>\n<li>Chatroulette &#8211; Como o nome sugere, Chatroulette permite-lhe conhecer pessoas aleat\u00f3rias e come\u00e7ar a conversar com elas. \u00c9 semelhante a Omegle, excepto que em vez de se ligar a pessoas que j\u00e1 conhece, liga-se a estranhos totais.<\/li>\n<li>Scruff &#8211; Scruff \u00e9 um pouco diferente de outros sites de encontros. Em vez de lhe corresponder com datas potenciais com base nas suas prefer\u00eancias, corresponde-lhe com base na sua localiza\u00e7\u00e3o. Assim, se estiver em Nova Iorque e combinar com algu\u00e9m das redondezas, pode combinar sair juntos.<\/li>\n<\/ol>\n<h2>O nosso aplicativo favorito para Sexting Online: Confia em<\/h2>\n<p>Esta aplica\u00e7\u00e3o gratuita \u00e9 simples e f\u00e1cil de usar, permitindo-lhe enviar fotos em privado atrav\u00e9s de texto. N\u00e3o tem de se preocupar em enviar acidentalmente algo demasiado picante, porque n\u00e3o h\u00e1 op\u00e7\u00f5es para partilhar imagens. A \u00fanica coisa que se pode fazer \u00e9 apagar mensagens. Se quiser manter as coisas leves, tente o &#8220;flirty mode&#8221;, onde pode adicionar emojis aos seus textos.<\/p>\n<h2>Para engatar depois do Sexting? AFF \u00e9 a sua melhor escolha<\/h2>\n<p>AdultFriendFinder, ou AFF, \u00e9 um dos maiores sites de chat sexual gratuito por a\u00ed. Se estiver \u00e0 procura de um lugar para namorar, namorar, ou mesmo engatar algu\u00e9m pr\u00f3ximo, vale definitivamente a pena verificar.<\/p>\n<p>Existem toneladas de formas diferentes de comunicar com outras pessoas no site, incluindo mensagens de texto, correio electr\u00f3nico e mensagens instant\u00e2neas. Tamb\u00e9m pode utilizar a fun\u00e7\u00e3o de webcam para conversar em v\u00eddeo com outros membros.<\/p>\n<p>Tamb\u00e9m pode optar por entrar numa categoria espec\u00edfica e procurar perfis com base no que lhe interessa. Quer queira conhecer algu\u00e9m para um caso r\u00e1pido, apenas para sair, ou algo completamente diferente, AdultFriendFinder tem uma comunidade para todos.<\/p>\n<h2>Os nossos conselhos<\/h2>\n<p>Tal como qualquer outra coisa, o sexting pode levar a problemas. S\u00f3 se deve enviar nus a pessoas em quem se confia. Isto significa que s\u00f3 deve enviar nus atrav\u00e9s de mensagem de texto ou e-mail. Nunca carregar nus para um s\u00edtio web ou para uma rede social. N\u00e3o enviar nus a estranhos ou a pessoas que n\u00e3o conhe\u00e7a pessoalmente.<\/p>\n<p>Quando se come\u00e7a a sextar pela primeira vez, \u00e9 comum sentir-se excitado. Mas \u00e9 importante estabelecer limites desde o in\u00edcio. Por exemplo, deve dizer ao(s) seu(s) parceiro(s) que n\u00e3o enviar\u00e1 nus sem autoriza\u00e7\u00e3o. Isto permite-lhes saber que respeita a sua privacidade. Al\u00e9m disso, deve informar os seus parceiros que s\u00f3 est\u00e1 interessado em sexting. N\u00e3o deve esperar que o seu parceiro siga todos os seus pedidos.<\/p>\n<p>Lembre-se, o sexting n\u00e3o \u00e9 um jogo. \u00c9 grave. E deve trat\u00e1-lo como tal. Comece imediatamente a sexting! Vai divertir-se mais do que nunca.<\/p>\n","protected":false},"excerpt":{"rendered":"<p>Sabe o que acontece quando se est\u00e1 excitado. Envia uma mensagem de texto ao seu parceiro, envia-lhe uma foto sexy, talvez at\u00e9 marca uma data. Mas por vezes as coisas n\u00e3o funcionam como o planeado. Talvez ele n\u00e3o responda. Ou&hellip; <a href=\"http:\/\/elsuperbeasto.com\/pt-pt\/quais-sao-as-melhores-aplicacoes-de-sexting\/\" class=\"more-link\">Continue Reading <span class=\"meta-nav\">&rarr;<\/span><\/a><\/p>\n","protected":false},"author":1,"featured_media":121,"parent":0,"menu_order":0,"comment_status":"closed","ping_status":"closed","template":"","meta":[],"yoast_head":"<!-- This site is optimized with the Yoast SEO plugin v17.7.1 - https:\/\/yoast.com\/wordpress\/plugins\/seo\/ -->\n<title>Quais s\u00e3o as Melhores Aplica\u00e7\u00f5es de Sexting? - Quick Hookup<\/title>\n<meta name=\"robots\" content=\"index, follow, max-snippet:-1, max-image-preview:large, max-video-preview:-1\" \/>\n<link rel=\"canonical\" href=\"http:\/\/elsuperbeasto.com\/pt-pt\/quais-sao-as-melhores-aplicacoes-de-sexting\/\" \/>\n<meta property=\"og:locale\" content=\"pt_PT\" \/>\n<meta property=\"og:type\" content=\"article\" \/>\n<meta property=\"og:title\" content=\"Quais s\u00e3o as Melhores Aplica\u00e7\u00f5es de Sexting? - Quick Hookup\" \/>\n<meta property=\"og:description\" content=\"Sabe o que acontece quando se est\u00e1 excitado. Envia uma mensagem de texto ao seu parceiro, envia-lhe uma foto sexy, talvez at\u00e9 marca uma data. Mas por vezes as coisas n\u00e3o funcionam como o planeado. Talvez ele n\u00e3o responda. Ou&hellip; Continue Reading &rarr;\" \/>\n<meta property=\"og:url\" content=\"http:\/\/elsuperbeasto.com\/pt-pt\/quais-sao-as-melhores-aplicacoes-de-sexting\/\" \/>\n<meta property=\"og:site_name\" content=\"Quick Hookup\" \/>\n<meta property=\"og:image\" content=\"http:\/\/elsuperbeasto.com\/wp-content\/uploads\/2022\/08\/online-dating-apps.jpeg\" \/>\n\t<meta property=\"og:image:width\" content=\"2256\" \/>\n\t<meta property=\"og:image:height\" content=\"1500\" \/>\n<meta name=\"twitter:card\" content=\"summary_large_image\" \/>\n<meta name=\"twitter:label1\" content=\"Tempo estimado de leitura\" \/>\n\t<meta name=\"twitter:data1\" content=\"4 minutos\" \/>\n<script type=\"application\/ld+json\" class=\"yoast-schema-graph\">{\"@context\":\"https:\/\/schema.org\",\"@graph\":[{\"@type\":\"WebSite\",\"@id\":\"https:\/\/elsuperbeasto.com\/#website\",\"url\":\"https:\/\/elsuperbeasto.com\/\",\"name\":\"Quick Hookup\",\"description\":\"Your Guide To Love\",\"potentialAction\":[{\"@type\":\"SearchAction\",\"target\":{\"@type\":\"EntryPoint\",\"urlTemplate\":\"https:\/\/elsuperbeasto.com\/?s={search_term_string}\"},\"query-input\":\"required name=search_term_string\"}],\"inLanguage\":\"pt-PT\"},{\"@type\":\"ImageObject\",\"@id\":\"http:\/\/elsuperbeasto.com\/pt-pt\/quais-sao-as-melhores-aplicacoes-de-sexting\/#primaryimage\",\"inLanguage\":\"pt-PT\",\"url\":\"http:\/\/elsuperbeasto.com\/wp-content\/uploads\/2022\/08\/online-dating-apps.jpeg\",\"contentUrl\":\"http:\/\/elsuperbeasto.com\/wp-content\/uploads\/2022\/08\/online-dating-apps.jpeg\",\"width\":2256,\"height\":1500},{\"@type\":\"WebPage\",\"@id\":\"http:\/\/elsuperbeasto.com\/pt-pt\/quais-sao-as-melhores-aplicacoes-de-sexting\/#webpage\",\"url\":\"http:\/\/elsuperbeasto.com\/pt-pt\/quais-sao-as-melhores-aplicacoes-de-sexting\/\",\"name\":\"Quais s\\u00e3o as Melhores Aplica\\u00e7\\u00f5es de Sexting? - Quick Hookup\",\"isPartOf\":{\"@id\":\"https:\/\/elsuperbeasto.com\/#website\"},\"primaryImageOfPage\":{\"@id\":\"http:\/\/elsuperbeasto.com\/pt-pt\/quais-sao-as-melhores-aplicacoes-de-sexting\/#primaryimage\"},\"datePublished\":\"2022-08-18T12:44:21+00:00\",\"dateModified\":\"2022-08-18T12:44:21+00:00\",\"breadcrumb\":{\"@id\":\"http:\/\/elsuperbeasto.com\/pt-pt\/quais-sao-as-melhores-aplicacoes-de-sexting\/#breadcrumb\"},\"inLanguage\":\"pt-PT\",\"potentialAction\":[{\"@type\":\"ReadAction\",\"target\":[\"http:\/\/elsuperbeasto.com\/pt-pt\/quais-sao-as-melhores-aplicacoes-de-sexting\/\"]}]},{\"@type\":\"BreadcrumbList\",\"@id\":\"http:\/\/elsuperbeasto.com\/pt-pt\/quais-sao-as-melhores-aplicacoes-de-sexting\/#breadcrumb\",\"itemListElement\":[{\"@type\":\"ListItem\",\"position\":1,\"name\":\"Home\",\"item\":\"https:\/\/elsuperbeasto.com\/pt-pt\/\"},{\"@type\":\"ListItem\",\"position\":2,\"name\":\"Quais s\\u00e3o as Melhores Aplica\\u00e7\\u00f5es de Sexting?\"}]}]}<\/script>\n<!-- \/ Yoast SEO plugin. -->","yoast_head_json":{"title":"Quais s\u00e3o as Melhores Aplica\u00e7\u00f5es de Sexting? - Quick Hookup","robots":{"index":"index","follow":"follow","max-snippet":"max-snippet:-1","max-image-preview":"max-image-preview:large","max-video-preview":"max-video-preview:-1"},"canonical":"http:\/\/elsuperbeasto.com\/pt-pt\/quais-sao-as-melhores-aplicacoes-de-sexting\/","og_locale":"pt_PT","og_type":"article","og_title":"Quais s\u00e3o as Melhores Aplica\u00e7\u00f5es de Sexting? - Quick Hookup","og_description":"Sabe o que acontece quando se est\u00e1 excitado. Envia uma mensagem de texto ao seu parceiro, envia-lhe uma foto sexy, talvez at\u00e9 marca uma data. Mas por vezes as coisas n\u00e3o funcionam como o planeado. Talvez ele n\u00e3o responda. Ou&hellip; Continue Reading &rarr;","og_url":"http:\/\/elsuperbeasto.com\/pt-pt\/quais-sao-as-melhores-aplicacoes-de-sexting\/","og_site_name":"Quick Hookup","og_image":[{"width":2256,"height":1500,"url":"http:\/\/elsuperbeasto.com\/wp-content\/uploads\/2022\/08\/online-dating-apps.jpeg","type":"image\/jpeg"}],"twitter_card":"summary_large_image","twitter_misc":{"Tempo estimado de leitura":"4 minutos"},"schema":{"@context":"https:\/\/schema.org","@graph":[{"@type":"WebSite","@id":"https:\/\/elsuperbeasto.com\/#website","url":"https:\/\/elsuperbeasto.com\/","name":"Quick Hookup","description":"Your Guide To Love","potentialAction":[{"@type":"SearchAction","target":{"@type":"EntryPoint","urlTemplate":"https:\/\/elsuperbeasto.com\/?s={search_term_string}"},"query-input":"required name=search_term_string"}],"inLanguage":"pt-PT"},{"@type":"ImageObject","@id":"http:\/\/elsuperbeasto.com\/pt-pt\/quais-sao-as-melhores-aplicacoes-de-sexting\/#primaryimage","inLanguage":"pt-PT","url":"http:\/\/elsuperbeasto.com\/wp-content\/uploads\/2022\/08\/online-dating-apps.jpeg","contentUrl":"http:\/\/elsuperbeasto.com\/wp-content\/uploads\/2022\/08\/online-dating-apps.jpeg","width":2256,"height":1500},{"@type":"WebPage","@id":"http:\/\/elsuperbeasto.com\/pt-pt\/quais-sao-as-melhores-aplicacoes-de-sexting\/#webpage","url":"http:\/\/elsuperbeasto.com\/pt-pt\/quais-sao-as-melhores-aplicacoes-de-sexting\/","name":"Quais s\u00e3o as Melhores Aplica\u00e7\u00f5es de Sexting? - Quick Hookup","isPartOf":{"@id":"https:\/\/elsuperbeasto.com\/#website"},"primaryImageOfPage":{"@id":"http:\/\/elsuperbeasto.com\/pt-pt\/quais-sao-as-melhores-aplicacoes-de-sexting\/#primaryimage"},"datePublished":"2022-08-18T12:44:21+00:00","dateModified":"2022-08-18T12:44:21+00:00","breadcrumb":{"@id":"http:\/\/elsuperbeasto.com\/pt-pt\/quais-sao-as-melhores-aplicacoes-de-sexting\/#breadcrumb"},"inLanguage":"pt-PT","potentialAction":[{"@type":"ReadAction","target":["http:\/\/elsuperbeasto.com\/pt-pt\/quais-sao-as-melhores-aplicacoes-de-sexting\/"]}]},{"@type":"BreadcrumbList","@id":"http:\/\/elsuperbeasto.com\/pt-pt\/quais-sao-as-melhores-aplicacoes-de-sexting\/#breadcrumb","itemListElement":[{"@type":"ListItem","position":1,"name":"Home","item":"https:\/\/elsuperbeasto.com\/pt-pt\/"},{"@type":"ListItem","position":2,"name":"Quais s\u00e3o as Melhores Aplica\u00e7\u00f5es de Sexting?"}]}]}},"_links":{"self":[{"href":"http:\/\/elsuperbeasto.com\/pt-pt\/wp-json\/wp\/v2\/pages\/305"}],"collection":[{"href":"http:\/\/elsuperbeasto.com\/pt-pt\/wp-json\/wp\/v2\/pages"}],"about":[{"href":"http:\/\/elsuperbeasto.com\/pt-pt\/wp-json\/wp\/v2\/types\/page"}],"author":[{"embeddable":true,"href":"http:\/\/elsuperbeasto.com\/pt-pt\/wp-json\/wp\/v2\/users\/1"}],"replies":[{"embeddable":true,"href":"http:\/\/elsuperbeasto.com\/pt-pt\/wp-json\/wp\/v2\/comments?post=305"}],"version-history":[{"count":0,"href":"http:\/\/elsuperbeasto.com\/pt-pt\/wp-json\/wp\/v2\/pages\/305\/revisions"}],"wp:featuredmedia":[{"embeddable":true,"href":"http:\/\/elsuperbeasto.com\/pt-pt\/wp-json\/wp\/v2\/media\/121"}],"wp:attachment":[{"href":"http:\/\/elsuperbeasto.com\/pt-pt\/wp-json\/wp\/v2\/media?parent=305"}],"curies":[{"name":"wp","href":"https:\/\/api.w.org\/{rel}","templated":true}]}}