{"id":303,"date":"2022-08-18T13:39:47","date_gmt":"2022-08-18T12:39:47","guid":{"rendered":"http:\/\/elsuperbeasto.com\/aplicativos-de-namoro-da-avo\/"},"modified":"2022-08-18T13:39:47","modified_gmt":"2022-08-18T12:39:47","slug":"aplicativos-de-namoro-da-avo","status":"publish","type":"page","link":"http:\/\/elsuperbeasto.com\/pt-pt\/aplicativos-de-namoro-da-avo\/","title":{"rendered":"Aplicativos de Namoro da Av\u00f3"},"content":{"rendered":"<p>Os sites de encontros de av\u00f3 oferecem \u00e0s mulheres mais velhas a oportunidade de <a href=\"http:\/\/elsuperbeasto.com\/pt-pt\/namorar-um-milf-maduro\/\">conhecer homens mais jovens que os querem namorar<\/a>. O site existe desde 2006, e conta actualmente com quase 1 milh\u00e3o de membros de todo o mundo. N\u00e3o h\u00e1 taxas envolvidas, e os utilizadores podem pesquisar perfis com base na idade, localiza\u00e7\u00e3o, interesses, e prefer\u00eancias sexuais.<\/p>\n<p>Se quiseres foder uma avozinha local, ent\u00e3o deves ir a sua casa. Ela ficar\u00e1 muito entusiasmada quando o vir \u00e0 sua porta. Depois, pedir permiss\u00e3o para entrar em sua casa. Quando ela lhe der o OK, ent\u00e3o dever\u00e1 come\u00e7ar a beij\u00e1-la por todo o seu rosto, pesco\u00e7o, seios e ratas. Depois disso, deve inserir lentamente a sua picha na vagina dela at\u00e9 ejacular dentro dela.<\/p>\n<h2>Match.com<\/h2>\n<p>Match.com \u00e9 o maior site de encontros da Am\u00e9rica do Norte. Com mais de 10 milh\u00f5es de utilizadores registados, Match.com oferece uma vasta gama de servi\u00e7os e recursos para ajudar os utilizadores a encontrar o amor. Match.com permite aos utilizadores procurar potenciais jogos com base na localiza\u00e7\u00e3o, interesses partilhados, hobbies, ocupa\u00e7\u00e3o, religi\u00e3o, e educa\u00e7\u00e3o. Os utilizadores podem tamb\u00e9m estabelecer prefer\u00eancias em rela\u00e7\u00e3o ao g\u00e9nero, etnia, estatuto de relacionamento e orienta\u00e7\u00e3o sexual.<\/p>\n<p>Os utilizadores podem navegar em perfis, enviar winks, ver fotos, e participar em chats ao vivo via webcam. Os membros podem tamb\u00e9m trocar e-mails e mensagens instant\u00e2neas, agendar reuni\u00f5es virtuais, e solicitar chamadas telef\u00f3nicas. \u00c9 gratuito e fornece uma aplica\u00e7\u00e3o m\u00f3vel robusta para dispositivos iPhone, Android, BlackBerry, Windows Phone, e iPad.<\/p>\n<h2>eHarmony<\/h2>\n<p>O eHarmony \u00e9 outro site de encontros de adultos maduros l\u00edder que se destina exclusivamente a adultos maduros. Ao contr\u00e1rio dos servi\u00e7os de casamenteira tradicionais, o eHarmony n\u00e3o cobra quaisquer taxas aos utilizadores. Em vez disso, depende exclusivamente das receitas de publicidade geradas pelas subscri\u00e7\u00f5es dos membros. Afirma que utiliza um sistema de correspond\u00eancia cient\u00edfica para emparelhar utilizadores com base em factores de compatibilidade tais como caracter\u00edsticas de personalidade, valores, e estilos de vida. Os membros podem criar um perfil que descreve os seus atributos pessoais, gostos, avers\u00f5es, e h\u00e1bitos. Podem ent\u00e3o utilizar o motor de busca avan\u00e7ado do s\u00edtio para restringir potenciais correspond\u00eancias de acordo com crit\u00e9rios espec\u00edficos. Quando um utilizador encontra um candidato adequado, pode iniciar o contacto e come\u00e7ar a trocar e-mails e mensagens instant\u00e2neas. Ambas as partes podem escolher se devem proceder a uma reuni\u00e3o presencial.<\/p>\n<h2>POF<\/h2>\n<p>PlentyofFish \u00e9 um site de encontros online gratuito que se destina principalmente a adultos maduros. O site \u00e9 conhecido por ser muito inclusivo e por aceitar diversos tipos de pessoas. Ao contr\u00e1rio de outros sites de encontros maduros, n\u00e3o exige que os utilizadores paguem uma taxa de assinatura. Em vez disso, gera rendimentos atrav\u00e9s da publicidade. Fornece v\u00e1rias formas diferentes de comunicar, incluindo correio electr\u00f3nico, mensagens instant\u00e2neas, chat de voz, e chat de v\u00eddeo. As suas aplica\u00e7\u00f5es m\u00f3veis est\u00e3o dispon\u00edveis para iOS\/Android.<\/p>\n<h2>OkCupid<\/h2>\n<p>OkCupid \u00e9 um servi\u00e7o de encontros online gratuito que se concentra principalmente em encontrar parceiros compat\u00edveis para encontros casuais. O site tem mais de 12 milh\u00f5es de visitantes \u00fanicos por m\u00eas e torna simples para os utilizadores navegar em milhares de perfis e comunicar com outros atrav\u00e9s de correio electr\u00f3nico, mensagens de texto e chat de v\u00eddeo.<\/p>\n<p>Com o OkCupid, os utilizadores podem carregar imagens, escrever sobre si pr\u00f3prios, e descrever o que procuram num parceiro. Outros utilizadores podem responder aos seus postos e ver se se encaixam no seu tipo ideal. A ades\u00e3o \u00e9 gratuita e n\u00e3o requer qualquer registo. Tamb\u00e9m fornece uma aplica\u00e7\u00e3o m\u00f3vel robusta que funciona em m\u00faltiplas plataformas.<\/p>\n<h2>Encontrar uma puma para si<\/h2>\n<p>Cougars e rapazes mais novos est\u00e3o a divertir-se nesta aplica\u00e7\u00e3o de encontros. O aplicativo tem muitas caracter\u00edsticas para ajudar os utilizadores a ligarem-se. Por exemplo, pode ver os momentos e posts dos seus amigos. Tamb\u00e9m pode enviar mensagens e partilhar fotografias. E h\u00e1 muitas outras op\u00e7\u00f5es. No entanto, a maioria dos homens nesta aplica\u00e7\u00e3o de namoro s\u00e3o mais velhos do que voc\u00ea.<\/p>\n<p>Deve estar disposto a encontrar-se com a sua av\u00f3 parceira sexual em qualquer altura para se divertir casualmente.<\/p>\n","protected":false},"excerpt":{"rendered":"<p>Os sites de encontros de av\u00f3 oferecem \u00e0s mulheres mais velhas a oportunidade de conhecer homens mais jovens que os querem namorar. O site existe desde 2006, e conta actualmente com quase 1 milh\u00e3o de membros de todo o mundo.&hellip; <a href=\"http:\/\/elsuperbeasto.com\/pt-pt\/aplicativos-de-namoro-da-avo\/\" class=\"more-link\">Continue Reading <span class=\"meta-nav\">&rarr;<\/span><\/a><\/p>\n","protected":false},"author":1,"featured_media":233,"parent":0,"menu_order":0,"comment_status":"closed","ping_status":"closed","template":"","meta":[],"yoast_head":"<!-- This site is optimized with the Yoast SEO plugin v17.7.1 - https:\/\/yoast.com\/wordpress\/plugins\/seo\/ -->\n<title>Aplicativos de Namoro da Av\u00f3 - Quick Hookup<\/title>\n<meta name=\"robots\" content=\"index, follow, max-snippet:-1, max-image-preview:large, max-video-preview:-1\" \/>\n<link rel=\"canonical\" href=\"http:\/\/elsuperbeasto.com\/pt-pt\/aplicativos-de-namoro-da-avo\/\" \/>\n<meta property=\"og:locale\" content=\"pt_PT\" \/>\n<meta property=\"og:type\" content=\"article\" \/>\n<meta property=\"og:title\" content=\"Aplicativos de Namoro da Av\u00f3 - Quick Hookup\" \/>\n<meta property=\"og:description\" content=\"Os sites de encontros de av\u00f3 oferecem \u00e0s mulheres mais velhas a oportunidade de conhecer homens mais jovens que os querem namorar. O site existe desde 2006, e conta actualmente com quase 1 milh\u00e3o de membros de todo o mundo.&hellip; Continue Reading &rarr;\" \/>\n<meta property=\"og:url\" content=\"http:\/\/elsuperbeasto.com\/pt-pt\/aplicativos-de-namoro-da-avo\/\" \/>\n<meta property=\"og:site_name\" content=\"Quick Hookup\" \/>\n<meta name=\"twitter:card\" content=\"summary_large_image\" \/>\n<meta name=\"twitter:image\" content=\"http:\/\/elsuperbeasto.com\/wp-content\/uploads\/2022\/08\/find-sex-on-apps.webp\" \/>\n<meta name=\"twitter:label1\" content=\"Tempo estimado de leitura\" \/>\n\t<meta name=\"twitter:data1\" content=\"4 minutos\" \/>\n<script type=\"application\/ld+json\" class=\"yoast-schema-graph\">{\"@context\":\"https:\/\/schema.org\",\"@graph\":[{\"@type\":\"WebSite\",\"@id\":\"https:\/\/elsuperbeasto.com\/#website\",\"url\":\"https:\/\/elsuperbeasto.com\/\",\"name\":\"Quick Hookup\",\"description\":\"Your Guide To Love\",\"potentialAction\":[{\"@type\":\"SearchAction\",\"target\":{\"@type\":\"EntryPoint\",\"urlTemplate\":\"https:\/\/elsuperbeasto.com\/?s={search_term_string}\"},\"query-input\":\"required name=search_term_string\"}],\"inLanguage\":\"pt-PT\"},{\"@type\":\"ImageObject\",\"@id\":\"http:\/\/elsuperbeasto.com\/pt-pt\/aplicativos-de-namoro-da-avo\/#primaryimage\",\"inLanguage\":\"pt-PT\",\"url\":\"http:\/\/elsuperbeasto.com\/wp-content\/uploads\/2022\/08\/find-sex-on-apps.webp\",\"contentUrl\":\"http:\/\/elsuperbeasto.com\/wp-content\/uploads\/2022\/08\/find-sex-on-apps.webp\",\"width\":1125,\"height\":750},{\"@type\":\"WebPage\",\"@id\":\"http:\/\/elsuperbeasto.com\/pt-pt\/aplicativos-de-namoro-da-avo\/#webpage\",\"url\":\"http:\/\/elsuperbeasto.com\/pt-pt\/aplicativos-de-namoro-da-avo\/\",\"name\":\"Aplicativos de Namoro da Av\\u00f3 - Quick Hookup\",\"isPartOf\":{\"@id\":\"https:\/\/elsuperbeasto.com\/#website\"},\"primaryImageOfPage\":{\"@id\":\"http:\/\/elsuperbeasto.com\/pt-pt\/aplicativos-de-namoro-da-avo\/#primaryimage\"},\"datePublished\":\"2022-08-18T12:39:47+00:00\",\"dateModified\":\"2022-08-18T12:39:47+00:00\",\"breadcrumb\":{\"@id\":\"http:\/\/elsuperbeasto.com\/pt-pt\/aplicativos-de-namoro-da-avo\/#breadcrumb\"},\"inLanguage\":\"pt-PT\",\"potentialAction\":[{\"@type\":\"ReadAction\",\"target\":[\"http:\/\/elsuperbeasto.com\/pt-pt\/aplicativos-de-namoro-da-avo\/\"]}]},{\"@type\":\"BreadcrumbList\",\"@id\":\"http:\/\/elsuperbeasto.com\/pt-pt\/aplicativos-de-namoro-da-avo\/#breadcrumb\",\"itemListElement\":[{\"@type\":\"ListItem\",\"position\":1,\"name\":\"Home\",\"item\":\"https:\/\/elsuperbeasto.com\/pt-pt\/\"},{\"@type\":\"ListItem\",\"position\":2,\"name\":\"Aplicativos de Namoro da Av\\u00f3\"}]}]}<\/script>\n<!-- \/ Yoast SEO plugin. -->","yoast_head_json":{"title":"Aplicativos de Namoro da Av\u00f3 - Quick Hookup","robots":{"index":"index","follow":"follow","max-snippet":"max-snippet:-1","max-image-preview":"max-image-preview:large","max-video-preview":"max-video-preview:-1"},"canonical":"http:\/\/elsuperbeasto.com\/pt-pt\/aplicativos-de-namoro-da-avo\/","og_locale":"pt_PT","og_type":"article","og_title":"Aplicativos de Namoro da Av\u00f3 - Quick Hookup","og_description":"Os sites de encontros de av\u00f3 oferecem \u00e0s mulheres mais velhas a oportunidade de conhecer homens mais jovens que os querem namorar. O site existe desde 2006, e conta actualmente com quase 1 milh\u00e3o de membros de todo o mundo.&hellip; Continue Reading &rarr;","og_url":"http:\/\/elsuperbeasto.com\/pt-pt\/aplicativos-de-namoro-da-avo\/","og_site_name":"Quick Hookup","twitter_card":"summary_large_image","twitter_image":"http:\/\/elsuperbeasto.com\/wp-content\/uploads\/2022\/08\/find-sex-on-apps.webp","twitter_misc":{"Tempo estimado de leitura":"4 minutos"},"schema":{"@context":"https:\/\/schema.org","@graph":[{"@type":"WebSite","@id":"https:\/\/elsuperbeasto.com\/#website","url":"https:\/\/elsuperbeasto.com\/","name":"Quick Hookup","description":"Your Guide To Love","potentialAction":[{"@type":"SearchAction","target":{"@type":"EntryPoint","urlTemplate":"https:\/\/elsuperbeasto.com\/?s={search_term_string}"},"query-input":"required name=search_term_string"}],"inLanguage":"pt-PT"},{"@type":"ImageObject","@id":"http:\/\/elsuperbeasto.com\/pt-pt\/aplicativos-de-namoro-da-avo\/#primaryimage","inLanguage":"pt-PT","url":"http:\/\/elsuperbeasto.com\/wp-content\/uploads\/2022\/08\/find-sex-on-apps.webp","contentUrl":"http:\/\/elsuperbeasto.com\/wp-content\/uploads\/2022\/08\/find-sex-on-apps.webp","width":1125,"height":750},{"@type":"WebPage","@id":"http:\/\/elsuperbeasto.com\/pt-pt\/aplicativos-de-namoro-da-avo\/#webpage","url":"http:\/\/elsuperbeasto.com\/pt-pt\/aplicativos-de-namoro-da-avo\/","name":"Aplicativos de Namoro da Av\u00f3 - Quick Hookup","isPartOf":{"@id":"https:\/\/elsuperbeasto.com\/#website"},"primaryImageOfPage":{"@id":"http:\/\/elsuperbeasto.com\/pt-pt\/aplicativos-de-namoro-da-avo\/#primaryimage"},"datePublished":"2022-08-18T12:39:47+00:00","dateModified":"2022-08-18T12:39:47+00:00","breadcrumb":{"@id":"http:\/\/elsuperbeasto.com\/pt-pt\/aplicativos-de-namoro-da-avo\/#breadcrumb"},"inLanguage":"pt-PT","potentialAction":[{"@type":"ReadAction","target":["http:\/\/elsuperbeasto.com\/pt-pt\/aplicativos-de-namoro-da-avo\/"]}]},{"@type":"BreadcrumbList","@id":"http:\/\/elsuperbeasto.com\/pt-pt\/aplicativos-de-namoro-da-avo\/#breadcrumb","itemListElement":[{"@type":"ListItem","position":1,"name":"Home","item":"https:\/\/elsuperbeasto.com\/pt-pt\/"},{"@type":"ListItem","position":2,"name":"Aplicativos de Namoro da Av\u00f3"}]}]}},"_links":{"self":[{"href":"http:\/\/elsuperbeasto.com\/pt-pt\/wp-json\/wp\/v2\/pages\/303"}],"collection":[{"href":"http:\/\/elsuperbeasto.com\/pt-pt\/wp-json\/wp\/v2\/pages"}],"about":[{"href":"http:\/\/elsuperbeasto.com\/pt-pt\/wp-json\/wp\/v2\/types\/page"}],"author":[{"embeddable":true,"href":"http:\/\/elsuperbeasto.com\/pt-pt\/wp-json\/wp\/v2\/users\/1"}],"replies":[{"embeddable":true,"href":"http:\/\/elsuperbeasto.com\/pt-pt\/wp-json\/wp\/v2\/comments?post=303"}],"version-history":[{"count":0,"href":"http:\/\/elsuperbeasto.com\/pt-pt\/wp-json\/wp\/v2\/pages\/303\/revisions"}],"wp:featuredmedia":[{"embeddable":true,"href":"http:\/\/elsuperbeasto.com\/pt-pt\/wp-json\/wp\/v2\/media\/233"}],"wp:attachment":[{"href":"http:\/\/elsuperbeasto.com\/pt-pt\/wp-json\/wp\/v2\/media?parent=303"}],"curies":[{"name":"wp","href":"https:\/\/api.w.org\/{rel}","templated":true}]}}