{"id":276,"date":"2022-08-18T13:49:33","date_gmt":"2022-08-18T12:49:33","guid":{"rendered":"http:\/\/elsuperbeasto.com\/como-conhecer-os-solteiros-proximos\/"},"modified":"2022-08-18T13:49:33","modified_gmt":"2022-08-18T12:49:33","slug":"como-conhecer-os-solteiros-proximos","status":"publish","type":"page","link":"http:\/\/elsuperbeasto.com\/pt-pt\/como-conhecer-os-solteiros-proximos\/","title":{"rendered":"Como Conhecer os Solteiros Pr\u00f3ximos"},"content":{"rendered":"<p>H\u00e1 muitos tipos diferentes de pessoas por a\u00ed \u00e0 procura de amor. H\u00e1 aqueles que querem <a href=\"http:\/\/elsuperbeasto.com\/pt-pt\/como-datar-as-mulheres-locais\/\">namorar algu\u00e9m dentro da sua religi\u00e3o, etnia, faixa et\u00e1ria<\/a>, etc., enquanto outros apenas querem encontrar algu\u00e9m que partilhe interesses semelhantes. Se \u00e9 uma daquelas pessoas que quer conhecer algu\u00e9m especial, aqui est\u00e3o algumas \u00f3ptimas op\u00e7\u00f5es para encontrar solteiros com a mesma opini\u00e3o.<\/p>\n<h2>Os nossos conselhos<\/h2>\n<p>O namoro online tornou-se um dos m\u00e9todos mais populares de encontro de potenciais parceiros rom\u00e2nticos.<\/p>\n<p>Com milh\u00f5es de homens e mulheres solteiros que utilizam sites de encontros on-line todos os meses, n\u00e3o \u00e9 de admirar que cada vez mais casais se voltem para os encontros on-line para encontrar as suas almas g\u00e9meas g\u00e9meas. No entanto, apesar da sua popularidade, os encontros em linha continuam a comportar muitos riscos. Por exemplo, pode ser dif\u00edcil dizer se um indiv\u00edduo em que est\u00e1 interessado \u00e9 realmente s\u00e9rio na prossecu\u00e7\u00e3o de uma rela\u00e7\u00e3o consigo.<\/p>\n<h3>Use os testes gratuitos antes de pagar<\/h3>\n<p>Muitas pessoas pensam que pagar por servi\u00e7os de encontros em linha \u00e9 uma parte necess\u00e1ria do processo. No entanto, isto n\u00e3o \u00e9 verdade. Existem muitos sites de encontros online gratuitos onde pode inscrever-se e navegar nos perfis sem gastar dinheiro nenhum. Al\u00e9m disso, pode frequentemente receber jogos com base nos seus interesses, localiza\u00e7\u00e3o e passatempos.<\/p>\n<h3>Saiba o que quer antes de se inscrever em qualquer site<\/h3>\n<p>Antes de se inscrever em qualquer site, tome algum tempo para pensar sobre o que deseja do seu parceiro. Por exemplo, ele\/ela vive perto de si? Partilha ela\/ele os seus valores e cren\u00e7as? Tem objectivos semelhantes na vida? Estas perguntas v\u00e3o ajud\u00e1-lo a reduzir a sua pesquisa e dar-lhe uma melhor ideia do que procura.<\/p>\n<h3>Seja honesto consigo mesmo<\/h3>\n<p>Finalmente, lembrem-se que a honestidade \u00e9 fundamental. N\u00e3o importa o quanto se confia em algu\u00e9m, nunca se deve mentir a si pr\u00f3prio. Se n\u00e3o tiver a certeza sobre alguma coisa, diga-o em vez de fingir que est\u00e1 tudo bem. Isto ir\u00e1 ajud\u00e1-lo a evitar perder o seu tempo com um mau jogo e poupar-lhe-\u00e1 de se sentir culpado mais tarde.<\/p>\n<h2>Quer encontrar uma data de forma discreta?<\/h2>\n<p>Ashley Madison \u00e9 um dos sites de encontros mais populares por a\u00ed. Com mais de 30 milh\u00f5es de membros em todo o mundo, n\u00e3o \u00e9 de admirar porqu\u00ea. Se procura um caso discreto, este pode ser o lugar perfeito para si. H\u00e1 toneladas de maneiras diferentes de encontrar parceiros sexuais no site, incluindo perfis de navega\u00e7\u00e3o, envio de mensagens, conversas online, e at\u00e9 mesmo sexo por telefone. E embora possa parecer batota, muitas pessoas gostam mesmo de se encontrar com algu\u00e9m com quem t\u00eam falado online.<\/p>\n<h2>Sem cordas anexas<\/h2>\n<p>NoStringsAttached \u00e9 uma aplica\u00e7\u00e3o de encontros gratuita que se concentra em proporcionar um ambiente seguro para os adultos se envolverem em actividades sexuais sem terem de se preocupar em serem apanhados. Se alguma vez teve curiosidade em experimentar o sexting, ent\u00e3o este \u00e9 o lugar para o fazer. Este aplicativo foi concebido especificamente para aqueles que querem ter encontros casuais onde ambas as partes consintam. Quer esteja \u00e0 procura de algo perverso ou apenas queira ver como \u00e9 enviar fotografias nuas a outra pessoa, a NSA \u00e9 o local perfeito para come\u00e7ar.<\/p>\n<p>A aplica\u00e7\u00e3o em si \u00e9 muito simples de utilizar. Ser-lhe-\u00e1 pedido que preencha um pequeno question\u00e1rio que lhe fa\u00e7a perguntas como a sua idade, se est\u00e1 \u00e0 procura de engates ou rela\u00e7\u00f5es, etc. Uma vez terminadas as respostas \u00e0s perguntas, poder\u00e1 navegar nos perfis com base nas suas prefer\u00eancias. H\u00e1 tr\u00eas categorias diferentes que pode escolher: &#8220;Directo&#8221;, &#8220;Gay&#8221;, e &#8220;L\u00e9sbico&#8221;. Cada categoria cont\u00e9m subgrupos que lhe permitem restringir ainda mais as suas pesquisas.<\/p>\n","protected":false},"excerpt":{"rendered":"<p>H\u00e1 muitos tipos diferentes de pessoas por a\u00ed \u00e0 procura de amor. H\u00e1 aqueles que querem namorar algu\u00e9m dentro da sua religi\u00e3o, etnia, faixa et\u00e1ria, etc., enquanto outros apenas querem encontrar algu\u00e9m que partilhe interesses semelhantes. Se \u00e9 uma daquelas&hellip; <a href=\"http:\/\/elsuperbeasto.com\/pt-pt\/como-conhecer-os-solteiros-proximos\/\" class=\"more-link\">Continue Reading <span class=\"meta-nav\">&rarr;<\/span><\/a><\/p>\n","protected":false},"author":1,"featured_media":177,"parent":0,"menu_order":0,"comment_status":"closed","ping_status":"closed","template":"","meta":[],"yoast_head":"<!-- This site is optimized with the Yoast SEO plugin v17.7.1 - https:\/\/yoast.com\/wordpress\/plugins\/seo\/ -->\n<title>Como Conhecer os Solteiros Pr\u00f3ximos - Quick Hookup<\/title>\n<meta name=\"robots\" content=\"index, follow, max-snippet:-1, max-image-preview:large, max-video-preview:-1\" \/>\n<link rel=\"canonical\" href=\"http:\/\/elsuperbeasto.com\/pt-pt\/como-conhecer-os-solteiros-proximos\/\" \/>\n<meta property=\"og:locale\" content=\"pt_PT\" \/>\n<meta property=\"og:type\" content=\"article\" \/>\n<meta property=\"og:title\" content=\"Como Conhecer os Solteiros Pr\u00f3ximos - Quick Hookup\" \/>\n<meta property=\"og:description\" content=\"H\u00e1 muitos tipos diferentes de pessoas por a\u00ed \u00e0 procura de amor. H\u00e1 aqueles que querem namorar algu\u00e9m dentro da sua religi\u00e3o, etnia, faixa et\u00e1ria, etc., enquanto outros apenas querem encontrar algu\u00e9m que partilhe interesses semelhantes. Se \u00e9 uma daquelas&hellip; Continue Reading &rarr;\" \/>\n<meta property=\"og:url\" content=\"http:\/\/elsuperbeasto.com\/pt-pt\/como-conhecer-os-solteiros-proximos\/\" \/>\n<meta property=\"og:site_name\" content=\"Quick Hookup\" \/>\n<meta property=\"og:image\" content=\"http:\/\/elsuperbeasto.com\/wp-content\/uploads\/2022\/08\/love-apps.jpeg\" \/>\n\t<meta property=\"og:image:width\" content=\"1000\" \/>\n\t<meta property=\"og:image:height\" content=\"1500\" \/>\n<meta name=\"twitter:card\" content=\"summary_large_image\" \/>\n<meta name=\"twitter:label1\" content=\"Tempo estimado de leitura\" \/>\n\t<meta name=\"twitter:data1\" content=\"3 minutos\" \/>\n<script type=\"application\/ld+json\" class=\"yoast-schema-graph\">{\"@context\":\"https:\/\/schema.org\",\"@graph\":[{\"@type\":\"WebSite\",\"@id\":\"https:\/\/elsuperbeasto.com\/#website\",\"url\":\"https:\/\/elsuperbeasto.com\/\",\"name\":\"Quick Hookup\",\"description\":\"Your Guide To Love\",\"potentialAction\":[{\"@type\":\"SearchAction\",\"target\":{\"@type\":\"EntryPoint\",\"urlTemplate\":\"https:\/\/elsuperbeasto.com\/?s={search_term_string}\"},\"query-input\":\"required name=search_term_string\"}],\"inLanguage\":\"pt-PT\"},{\"@type\":\"ImageObject\",\"@id\":\"http:\/\/elsuperbeasto.com\/pt-pt\/como-conhecer-os-solteiros-proximos\/#primaryimage\",\"inLanguage\":\"pt-PT\",\"url\":\"http:\/\/elsuperbeasto.com\/wp-content\/uploads\/2022\/08\/love-apps.jpeg\",\"contentUrl\":\"http:\/\/elsuperbeasto.com\/wp-content\/uploads\/2022\/08\/love-apps.jpeg\",\"width\":1000,\"height\":1500},{\"@type\":\"WebPage\",\"@id\":\"http:\/\/elsuperbeasto.com\/pt-pt\/como-conhecer-os-solteiros-proximos\/#webpage\",\"url\":\"http:\/\/elsuperbeasto.com\/pt-pt\/como-conhecer-os-solteiros-proximos\/\",\"name\":\"Como Conhecer os Solteiros Pr\\u00f3ximos - Quick Hookup\",\"isPartOf\":{\"@id\":\"https:\/\/elsuperbeasto.com\/#website\"},\"primaryImageOfPage\":{\"@id\":\"http:\/\/elsuperbeasto.com\/pt-pt\/como-conhecer-os-solteiros-proximos\/#primaryimage\"},\"datePublished\":\"2022-08-18T12:49:33+00:00\",\"dateModified\":\"2022-08-18T12:49:33+00:00\",\"breadcrumb\":{\"@id\":\"http:\/\/elsuperbeasto.com\/pt-pt\/como-conhecer-os-solteiros-proximos\/#breadcrumb\"},\"inLanguage\":\"pt-PT\",\"potentialAction\":[{\"@type\":\"ReadAction\",\"target\":[\"http:\/\/elsuperbeasto.com\/pt-pt\/como-conhecer-os-solteiros-proximos\/\"]}]},{\"@type\":\"BreadcrumbList\",\"@id\":\"http:\/\/elsuperbeasto.com\/pt-pt\/como-conhecer-os-solteiros-proximos\/#breadcrumb\",\"itemListElement\":[{\"@type\":\"ListItem\",\"position\":1,\"name\":\"Home\",\"item\":\"https:\/\/elsuperbeasto.com\/pt-pt\/\"},{\"@type\":\"ListItem\",\"position\":2,\"name\":\"Como Conhecer os Solteiros Pr\\u00f3ximos\"}]}]}<\/script>\n<!-- \/ Yoast SEO plugin. -->","yoast_head_json":{"title":"Como Conhecer os Solteiros Pr\u00f3ximos - Quick Hookup","robots":{"index":"index","follow":"follow","max-snippet":"max-snippet:-1","max-image-preview":"max-image-preview:large","max-video-preview":"max-video-preview:-1"},"canonical":"http:\/\/elsuperbeasto.com\/pt-pt\/como-conhecer-os-solteiros-proximos\/","og_locale":"pt_PT","og_type":"article","og_title":"Como Conhecer os Solteiros Pr\u00f3ximos - Quick Hookup","og_description":"H\u00e1 muitos tipos diferentes de pessoas por a\u00ed \u00e0 procura de amor. H\u00e1 aqueles que querem namorar algu\u00e9m dentro da sua religi\u00e3o, etnia, faixa et\u00e1ria, etc., enquanto outros apenas querem encontrar algu\u00e9m que partilhe interesses semelhantes. Se \u00e9 uma daquelas&hellip; Continue Reading &rarr;","og_url":"http:\/\/elsuperbeasto.com\/pt-pt\/como-conhecer-os-solteiros-proximos\/","og_site_name":"Quick Hookup","og_image":[{"width":1000,"height":1500,"url":"http:\/\/elsuperbeasto.com\/wp-content\/uploads\/2022\/08\/love-apps.jpeg","type":"image\/jpeg"}],"twitter_card":"summary_large_image","twitter_misc":{"Tempo estimado de leitura":"3 minutos"},"schema":{"@context":"https:\/\/schema.org","@graph":[{"@type":"WebSite","@id":"https:\/\/elsuperbeasto.com\/#website","url":"https:\/\/elsuperbeasto.com\/","name":"Quick Hookup","description":"Your Guide To Love","potentialAction":[{"@type":"SearchAction","target":{"@type":"EntryPoint","urlTemplate":"https:\/\/elsuperbeasto.com\/?s={search_term_string}"},"query-input":"required name=search_term_string"}],"inLanguage":"pt-PT"},{"@type":"ImageObject","@id":"http:\/\/elsuperbeasto.com\/pt-pt\/como-conhecer-os-solteiros-proximos\/#primaryimage","inLanguage":"pt-PT","url":"http:\/\/elsuperbeasto.com\/wp-content\/uploads\/2022\/08\/love-apps.jpeg","contentUrl":"http:\/\/elsuperbeasto.com\/wp-content\/uploads\/2022\/08\/love-apps.jpeg","width":1000,"height":1500},{"@type":"WebPage","@id":"http:\/\/elsuperbeasto.com\/pt-pt\/como-conhecer-os-solteiros-proximos\/#webpage","url":"http:\/\/elsuperbeasto.com\/pt-pt\/como-conhecer-os-solteiros-proximos\/","name":"Como Conhecer os Solteiros Pr\u00f3ximos - Quick Hookup","isPartOf":{"@id":"https:\/\/elsuperbeasto.com\/#website"},"primaryImageOfPage":{"@id":"http:\/\/elsuperbeasto.com\/pt-pt\/como-conhecer-os-solteiros-proximos\/#primaryimage"},"datePublished":"2022-08-18T12:49:33+00:00","dateModified":"2022-08-18T12:49:33+00:00","breadcrumb":{"@id":"http:\/\/elsuperbeasto.com\/pt-pt\/como-conhecer-os-solteiros-proximos\/#breadcrumb"},"inLanguage":"pt-PT","potentialAction":[{"@type":"ReadAction","target":["http:\/\/elsuperbeasto.com\/pt-pt\/como-conhecer-os-solteiros-proximos\/"]}]},{"@type":"BreadcrumbList","@id":"http:\/\/elsuperbeasto.com\/pt-pt\/como-conhecer-os-solteiros-proximos\/#breadcrumb","itemListElement":[{"@type":"ListItem","position":1,"name":"Home","item":"https:\/\/elsuperbeasto.com\/pt-pt\/"},{"@type":"ListItem","position":2,"name":"Como Conhecer os Solteiros Pr\u00f3ximos"}]}]}},"_links":{"self":[{"href":"http:\/\/elsuperbeasto.com\/pt-pt\/wp-json\/wp\/v2\/pages\/276"}],"collection":[{"href":"http:\/\/elsuperbeasto.com\/pt-pt\/wp-json\/wp\/v2\/pages"}],"about":[{"href":"http:\/\/elsuperbeasto.com\/pt-pt\/wp-json\/wp\/v2\/types\/page"}],"author":[{"embeddable":true,"href":"http:\/\/elsuperbeasto.com\/pt-pt\/wp-json\/wp\/v2\/users\/1"}],"replies":[{"embeddable":true,"href":"http:\/\/elsuperbeasto.com\/pt-pt\/wp-json\/wp\/v2\/comments?post=276"}],"version-history":[{"count":0,"href":"http:\/\/elsuperbeasto.com\/pt-pt\/wp-json\/wp\/v2\/pages\/276\/revisions"}],"wp:featuredmedia":[{"embeddable":true,"href":"http:\/\/elsuperbeasto.com\/pt-pt\/wp-json\/wp\/v2\/media\/177"}],"wp:attachment":[{"href":"http:\/\/elsuperbeasto.com\/pt-pt\/wp-json\/wp\/v2\/media?parent=276"}],"curies":[{"name":"wp","href":"https:\/\/api.w.org\/{rel}","templated":true}]}}