{"id":266,"date":"2022-08-18T14:10:21","date_gmt":"2022-08-18T13:10:21","guid":{"rendered":"http:\/\/elsuperbeasto.com\/como-funcionam-os-engates-da-nsa\/"},"modified":"2022-08-18T14:10:21","modified_gmt":"2022-08-18T13:10:21","slug":"como-funcionam-os-engates-da-nsa","status":"publish","type":"page","link":"http:\/\/elsuperbeasto.com\/pt-pt\/como-funcionam-os-engates-da-nsa\/","title":{"rendered":"Como funcionam os engates da NSA?"},"content":{"rendered":"<p>Muitos homens t\u00eam medo de se aproximar das mulheres porque pensam que isso as far\u00e1 parecer desesperadas ou assustadoras. Mas n\u00e3o h\u00e1 raz\u00e3o para se preocupar em ser autorit\u00e1ria ou agressiva &#8211; basta tentar tratar cada mulher como se ela fosse especial. Se quiser sair com uma mulher que queira engatar, n\u00e3o precisa de a convencer a dormir consigo. S\u00f3 precisa de encontrar a forma correcta de o fazer.<\/p>\n<p>&nbsp;<\/p>\n<h2>E as aplica\u00e7\u00f5es de data\u00e7\u00e3o?<\/h2>\n<p>Os stands de uma noite s\u00e3o divertidos e emocionantes, <a href=\"http:\/\/elsuperbeasto.com\/pt-pt\/como-conhecer-os-solteiros-proximos\/\">mas pode ser dif\u00edcil encontrar aplica\u00e7\u00f5es que queira utilizar para garantir que tudo corre bem<\/a>. Existem muitas aplica\u00e7\u00f5es por a\u00ed que afirmam ajudar as pessoas a planear situa\u00e7\u00f5es de uma noite, mas algumas n\u00e3o funcionam muito bem e outras s\u00e3o simplesmente irritantes. Compil\u00e1mos uma lista das nossas aplica\u00e7\u00f5es preferidas para encontros de uma noite, incluindo as que lhe permitem agendar encontros, encontrar encontros nas proximidades, e at\u00e9 ligar-se a solteiros locais.<\/p>\n<p>Est\u00e1 solteiro e cansado de namorar os mesmos tipos aborrecidos todos os fins-de-semana? Acha que merece mais do que apenas sexo casual? Se sim, ent\u00e3o est\u00e1 provavelmente interessado em conhecer uma mulher para uma noite de p\u00e9.<\/p>\n<p>H\u00e1 muitos sites em linha que oferecem servi\u00e7os como estes. No entanto, a maioria deles ou s\u00e3o demasiado caros ou n\u00e3o cumprem.<\/p>\n<p>Foi por isso que decidi escrever um artigo com uma lista dos 10 primeiros lugares para encontrar uma banca de uma noite. Esperemos que, depois de ler este artigo, aprenda a encontrar uma mesa-de-cabeceira f\u00e1cil e rapidamente.<\/p>\n<h3>Craigslist Personals<\/h3>\n<p>Craigslist \u00e9 um dos mais antigos sites em linha. Embora tenha mudado consideravelmente desde a sua cria\u00e7\u00e3o, continua a ser popular entre aqueles que procuram uma noite de p\u00e9.<\/p>\n<p>De facto, Craigslist \u00e9 uma das formas mais f\u00e1ceis de encontrar uma bancada de uma noite devido \u00e0 sua simplicidade. Tudo o que tem de fazer \u00e9 procurar por an\u00fancios relacionados com &#8220;stands de uma noite&#8221;.<\/p>\n<p>No entanto, poder\u00e1 ter de pagar por cada an\u00fancio. Isto depende se a pessoa que publica o an\u00fancio quer cobrar-lhe ou n\u00e3o.<\/p>\n<h3>Localizador de Amigos Adultos<\/h3>\n<p>AdultFriendFinder.com \u00e9 outro website que oferece stands de uma noite. Embora n\u00e3o lhe permita procurar tipos espec\u00edficos de mulheres, fornece v\u00e1rias caracter\u00edsticas para o ajudar a encontrar exactamente o que procura.<\/p>\n<p>Por exemplo, pode filtrar resultados com base na localiza\u00e7\u00e3o, sexo, idade, etnia, estado de relacionamento, orienta\u00e7\u00e3o sexual, e muito mais.<\/p>\n<p>Tamb\u00e9m \u00e9 poss\u00edvel enviar mensagens para potenciais jogos atrav\u00e9s de correio electr\u00f3nico, mensagens instant\u00e2neas, chamadas telef\u00f3nicas, e chat v\u00eddeo.<\/p>\n<h3>Ashley Madison<\/h3>\n<p>AshleyMadison.com \u00e9 um site para adultos que permite aos utilizadores procurar por stands de uma noite. Em m\u00e9dia, os homens gastam 50 d\u00f3lares por m\u00eas na Ashley Madison. Embora o website n\u00e3o seja particularmente f\u00e1cil de utilizar, oferece uma grande variedade de caracter\u00edsticas. Por exemplo, pode consultar perfis, ver imagens, ler cr\u00edticas, e at\u00e9 contactar directamente os membros.<\/p>\n<p>As bancadas de uma noite nunca s\u00e3o boas para ningu\u00e9m envolvido. Se est\u00e1 \u00e0 procura de algo s\u00e9rio, ent\u00e3o n\u00e3o o fa\u00e7a. Se quer ser tratada como uma rainha, ent\u00e3o trate os outros tamb\u00e9m como rainhas. N\u00e3o durma apenas com algu\u00e9m porque ele \u00e9 quente, a menos que esteja disposto a dar-lhe toda a aten\u00e7\u00e3o que ele merece. Ashley Madison \u00e9 a melhor aplica\u00e7\u00e3o para encontros de uma noite porque permite aos utilizadores encontrar novos parceiros sexuais com base em interesses m\u00fatuos. A aplica\u00e7\u00e3o foi descarregada mais de 200 milh\u00f5es de vezes em todo o mundo, o que a torna a maior aplica\u00e7\u00e3o de encontros m\u00f3veis. Os utilizadores podem navegar atrav\u00e9s de potenciais combina\u00e7\u00f5es com base na idade, localiza\u00e7\u00e3o, sexo, e outros crit\u00e9rios.<\/p>\n<h3>Qual \u00e9 a melhor maneira de encontrar um caso de uma noite?<\/h3>\n<p>A melhor maneira de encontrar um engate casual \u00e9 atrav\u00e9s de aplica\u00e7\u00f5es como a AFF ou a Ashley Madison, o que permite aos utilizadores deslizar para a direita para &#8220;sim&#8221; ou esquerda para &#8220;n\u00e3o&#8221;. Se algu\u00e9m gostar do que v\u00ea, pode enviar uma mensagem a convid\u00e1-lo a sair. O sexo casual \u00e9 muitas vezes descrito como n\u00e3o tendo qualquer compromisso, o que significa que ambas as partes concordam em encontrar-se em algum momento no futuro.<\/p>\n<h3>Como posso encontrar o meu parceiro por uma noite?<\/h3>\n<p>Se quiser conhecer algu\u00e9m por uma noite, tente usar o Bumble. Esta aplica\u00e7\u00e3o permite aos utilizadores deslizar para a direita ou esquerda para indicar se gostam ou n\u00e3o de outra pessoa. O aplicativo tamb\u00e9m tem filtros de localiza\u00e7\u00e3o que permitem aos utilizadores procurar por outros solteiros nas proximidades.<\/p>\n","protected":false},"excerpt":{"rendered":"<p>Muitos homens t\u00eam medo de se aproximar das mulheres porque pensam que isso as far\u00e1 parecer desesperadas ou assustadoras. Mas n\u00e3o h\u00e1 raz\u00e3o para se preocupar em ser autorit\u00e1ria ou agressiva &#8211; basta tentar tratar cada mulher como se ela&hellip; <a href=\"http:\/\/elsuperbeasto.com\/pt-pt\/como-funcionam-os-engates-da-nsa\/\" class=\"more-link\">Continue Reading <span class=\"meta-nav\">&rarr;<\/span><\/a><\/p>\n","protected":false},"author":1,"featured_media":191,"parent":0,"menu_order":0,"comment_status":"closed","ping_status":"closed","template":"","meta":[],"yoast_head":"<!-- This site is optimized with the Yoast SEO plugin v17.7.1 - https:\/\/yoast.com\/wordpress\/plugins\/seo\/ -->\n<title>Como funcionam os engates da NSA? - Quick Hookup<\/title>\n<meta name=\"robots\" content=\"index, follow, max-snippet:-1, max-image-preview:large, max-video-preview:-1\" \/>\n<link rel=\"canonical\" href=\"http:\/\/elsuperbeasto.com\/pt-pt\/como-funcionam-os-engates-da-nsa\/\" \/>\n<meta property=\"og:locale\" content=\"pt_PT\" \/>\n<meta property=\"og:type\" content=\"article\" \/>\n<meta property=\"og:title\" content=\"Como funcionam os engates da NSA? - Quick Hookup\" \/>\n<meta property=\"og:description\" content=\"Muitos homens t\u00eam medo de se aproximar das mulheres porque pensam que isso as far\u00e1 parecer desesperadas ou assustadoras. Mas n\u00e3o h\u00e1 raz\u00e3o para se preocupar em ser autorit\u00e1ria ou agressiva &#8211; basta tentar tratar cada mulher como se ela&hellip; Continue Reading &rarr;\" \/>\n<meta property=\"og:url\" content=\"http:\/\/elsuperbeasto.com\/pt-pt\/como-funcionam-os-engates-da-nsa\/\" \/>\n<meta property=\"og:site_name\" content=\"Quick Hookup\" \/>\n<meta property=\"og:image\" content=\"https:\/\/elsuperbeasto.com\/wp-content\/uploads\/2022\/08\/find-lov.jpeg\" \/>\n\t<meta property=\"og:image:width\" content=\"2398\" \/>\n\t<meta property=\"og:image:height\" content=\"1500\" \/>\n<meta name=\"twitter:card\" content=\"summary_large_image\" \/>\n<meta name=\"twitter:label1\" content=\"Tempo estimado de leitura\" \/>\n\t<meta name=\"twitter:data1\" content=\"4 minutos\" \/>\n<script type=\"application\/ld+json\" class=\"yoast-schema-graph\">{\"@context\":\"https:\/\/schema.org\",\"@graph\":[{\"@type\":\"WebSite\",\"@id\":\"https:\/\/elsuperbeasto.com\/#website\",\"url\":\"https:\/\/elsuperbeasto.com\/\",\"name\":\"Quick Hookup\",\"description\":\"Your Guide To Love\",\"potentialAction\":[{\"@type\":\"SearchAction\",\"target\":{\"@type\":\"EntryPoint\",\"urlTemplate\":\"https:\/\/elsuperbeasto.com\/?s={search_term_string}\"},\"query-input\":\"required name=search_term_string\"}],\"inLanguage\":\"pt-PT\"},{\"@type\":\"ImageObject\",\"@id\":\"http:\/\/elsuperbeasto.com\/pt-pt\/como-funcionam-os-engates-da-nsa\/#primaryimage\",\"inLanguage\":\"pt-PT\",\"url\":\"http:\/\/elsuperbeasto.com\/wp-content\/uploads\/2022\/08\/find-lov.jpeg\",\"contentUrl\":\"http:\/\/elsuperbeasto.com\/wp-content\/uploads\/2022\/08\/find-lov.jpeg\",\"width\":2398,\"height\":1500},{\"@type\":\"WebPage\",\"@id\":\"http:\/\/elsuperbeasto.com\/pt-pt\/como-funcionam-os-engates-da-nsa\/#webpage\",\"url\":\"http:\/\/elsuperbeasto.com\/pt-pt\/como-funcionam-os-engates-da-nsa\/\",\"name\":\"Como funcionam os engates da NSA? - Quick Hookup\",\"isPartOf\":{\"@id\":\"https:\/\/elsuperbeasto.com\/#website\"},\"primaryImageOfPage\":{\"@id\":\"http:\/\/elsuperbeasto.com\/pt-pt\/como-funcionam-os-engates-da-nsa\/#primaryimage\"},\"datePublished\":\"2022-08-18T13:10:21+00:00\",\"dateModified\":\"2022-08-18T13:10:21+00:00\",\"breadcrumb\":{\"@id\":\"http:\/\/elsuperbeasto.com\/pt-pt\/como-funcionam-os-engates-da-nsa\/#breadcrumb\"},\"inLanguage\":\"pt-PT\",\"potentialAction\":[{\"@type\":\"ReadAction\",\"target\":[\"http:\/\/elsuperbeasto.com\/pt-pt\/como-funcionam-os-engates-da-nsa\/\"]}]},{\"@type\":\"BreadcrumbList\",\"@id\":\"http:\/\/elsuperbeasto.com\/pt-pt\/como-funcionam-os-engates-da-nsa\/#breadcrumb\",\"itemListElement\":[{\"@type\":\"ListItem\",\"position\":1,\"name\":\"Home\",\"item\":\"https:\/\/elsuperbeasto.com\/pt-pt\/\"},{\"@type\":\"ListItem\",\"position\":2,\"name\":\"Como funcionam os engates da NSA?\"}]}]}<\/script>\n<!-- \/ Yoast SEO plugin. -->","yoast_head_json":{"title":"Como funcionam os engates da NSA? - Quick Hookup","robots":{"index":"index","follow":"follow","max-snippet":"max-snippet:-1","max-image-preview":"max-image-preview:large","max-video-preview":"max-video-preview:-1"},"canonical":"http:\/\/elsuperbeasto.com\/pt-pt\/como-funcionam-os-engates-da-nsa\/","og_locale":"pt_PT","og_type":"article","og_title":"Como funcionam os engates da NSA? - Quick Hookup","og_description":"Muitos homens t\u00eam medo de se aproximar das mulheres porque pensam que isso as far\u00e1 parecer desesperadas ou assustadoras. Mas n\u00e3o h\u00e1 raz\u00e3o para se preocupar em ser autorit\u00e1ria ou agressiva &#8211; basta tentar tratar cada mulher como se ela&hellip; Continue Reading &rarr;","og_url":"http:\/\/elsuperbeasto.com\/pt-pt\/como-funcionam-os-engates-da-nsa\/","og_site_name":"Quick Hookup","og_image":[{"width":2398,"height":1500,"url":"https:\/\/elsuperbeasto.com\/wp-content\/uploads\/2022\/08\/find-lov.jpeg","type":"image\/jpeg"}],"twitter_card":"summary_large_image","twitter_misc":{"Tempo estimado de leitura":"4 minutos"},"schema":{"@context":"https:\/\/schema.org","@graph":[{"@type":"WebSite","@id":"https:\/\/elsuperbeasto.com\/#website","url":"https:\/\/elsuperbeasto.com\/","name":"Quick Hookup","description":"Your Guide To Love","potentialAction":[{"@type":"SearchAction","target":{"@type":"EntryPoint","urlTemplate":"https:\/\/elsuperbeasto.com\/?s={search_term_string}"},"query-input":"required name=search_term_string"}],"inLanguage":"pt-PT"},{"@type":"ImageObject","@id":"http:\/\/elsuperbeasto.com\/pt-pt\/como-funcionam-os-engates-da-nsa\/#primaryimage","inLanguage":"pt-PT","url":"http:\/\/elsuperbeasto.com\/wp-content\/uploads\/2022\/08\/find-lov.jpeg","contentUrl":"http:\/\/elsuperbeasto.com\/wp-content\/uploads\/2022\/08\/find-lov.jpeg","width":2398,"height":1500},{"@type":"WebPage","@id":"http:\/\/elsuperbeasto.com\/pt-pt\/como-funcionam-os-engates-da-nsa\/#webpage","url":"http:\/\/elsuperbeasto.com\/pt-pt\/como-funcionam-os-engates-da-nsa\/","name":"Como funcionam os engates da NSA? - Quick Hookup","isPartOf":{"@id":"https:\/\/elsuperbeasto.com\/#website"},"primaryImageOfPage":{"@id":"http:\/\/elsuperbeasto.com\/pt-pt\/como-funcionam-os-engates-da-nsa\/#primaryimage"},"datePublished":"2022-08-18T13:10:21+00:00","dateModified":"2022-08-18T13:10:21+00:00","breadcrumb":{"@id":"http:\/\/elsuperbeasto.com\/pt-pt\/como-funcionam-os-engates-da-nsa\/#breadcrumb"},"inLanguage":"pt-PT","potentialAction":[{"@type":"ReadAction","target":["http:\/\/elsuperbeasto.com\/pt-pt\/como-funcionam-os-engates-da-nsa\/"]}]},{"@type":"BreadcrumbList","@id":"http:\/\/elsuperbeasto.com\/pt-pt\/como-funcionam-os-engates-da-nsa\/#breadcrumb","itemListElement":[{"@type":"ListItem","position":1,"name":"Home","item":"https:\/\/elsuperbeasto.com\/pt-pt\/"},{"@type":"ListItem","position":2,"name":"Como funcionam os engates da NSA?"}]}]}},"_links":{"self":[{"href":"http:\/\/elsuperbeasto.com\/pt-pt\/wp-json\/wp\/v2\/pages\/266"}],"collection":[{"href":"http:\/\/elsuperbeasto.com\/pt-pt\/wp-json\/wp\/v2\/pages"}],"about":[{"href":"http:\/\/elsuperbeasto.com\/pt-pt\/wp-json\/wp\/v2\/types\/page"}],"author":[{"embeddable":true,"href":"http:\/\/elsuperbeasto.com\/pt-pt\/wp-json\/wp\/v2\/users\/1"}],"replies":[{"embeddable":true,"href":"http:\/\/elsuperbeasto.com\/pt-pt\/wp-json\/wp\/v2\/comments?post=266"}],"version-history":[{"count":0,"href":"http:\/\/elsuperbeasto.com\/pt-pt\/wp-json\/wp\/v2\/pages\/266\/revisions"}],"wp:featuredmedia":[{"embeddable":true,"href":"http:\/\/elsuperbeasto.com\/pt-pt\/wp-json\/wp\/v2\/media\/191"}],"wp:attachment":[{"href":"http:\/\/elsuperbeasto.com\/pt-pt\/wp-json\/wp\/v2\/media?parent=266"}],"curies":[{"name":"wp","href":"https:\/\/api.w.org\/{rel}","templated":true}]}}