{"id":338,"date":"2022-08-18T13:12:48","date_gmt":"2022-08-18T12:12:48","guid":{"rendered":"http:\/\/elsuperbeasto.com\/gli-incontri-online-sono-sicuri\/"},"modified":"2022-08-18T13:12:48","modified_gmt":"2022-08-18T12:12:48","slug":"gli-incontri-online-sono-sicuri","status":"publish","type":"page","link":"http:\/\/elsuperbeasto.com\/it\/gli-incontri-online-sono-sicuri\/","title":{"rendered":"Gli incontri online sono sicuri?"},"content":{"rendered":"<p>Gli incontri online sono un ottimo modo per conoscere nuove persone, ma ci sono alcuni rischi. Uno di questi rischi \u00e8 quello di essere truffati da una persona falsa. Un recente studio ha rilevato che un quarto delle donne \u00e8 stato contattato da qualcuno che affermava di essere interessato a un incontro con loro, ma che poi si \u00e8 rivelato un truffatore.<\/p>\n<p>Il motivo pi\u00f9 comune per cui le persone sono vittime di truffe sulle app di incontri \u00e8 la scarsa capacit\u00e0 di comunicazione. I chatbot sono progettati per imitare la conversazione umana, ma non sempre fanno un buon lavoro. Tendono a usare un linguaggio fiorito, il che li rende facili bersagli per i truffatori.<\/p>\n<p>Se volete creare un <a href=\"http:\/\/elsuperbeasto.com\/it\/quali-sono-le-migliori-app-per-il-sexting\/\">legame reale con qualcuno<\/a>, evitate di parlare troppo di voi stessi. Le persone amano parlare di s\u00e9, ma di solito si sentono pi\u00f9 a loro agio se lo fanno al telefono o di persona. Gli incontri online sono ancora relativamente nuovi, quindi non saprete quanto bene comunicate l&#8217;uno con l&#8217;altro finch\u00e9 non vi sarete incontrati di persona.<\/p>\n<h2>A cosa prestare attenzione?<\/h2>\n<p>\u00c8 possibile capire se una persona \u00e8 un bot o un truffatore osservando il suo comportamento. In generale, un bot invia messaggi rapidamente, mentre un truffatore impiega pi\u00f9 tempo a rispondere. Potreste notare che molte persone sembrano rispondere ai vostri messaggi in pochi secondi, anche se non hanno risposto a nessuno dei vostri messaggi precedenti. Questo si chiama &#8220;spamming&#8221;. I bot non sono necessariamente spamming, ma potrebbero semplicemente ricevere molti messaggi e rispondere a tutti contemporaneamente.<\/p>\n<p>Un&#8217;altra cosa da tenere d&#8217;occhio sono le dichiarazioni d&#8217;amore precoci. Alcuni diranno qualcosa del tipo: &#8220;Penso che siamo perfetti insieme&#8221; o &#8220;Sono pazzo di te&#8221;. Questo tipo di commenti viene generalmente utilizzato per convincere l&#8217;utente a consegnare i dati della carta di credito. I truffatori spesso cercano di convincervi a fornire informazioni personali dicendovi qualcosa di carino. Diffidate di chi sembra troppo entusiasta di incontrarvi.<\/p>\n<h2>E le app di incontri a pagamento?<\/h2>\n<p>La maggior parte dei siti di incontri online sono gratuiti, ma ce ne sono molti che richiedono un pagamento. Alcune offrono l&#8217;accesso a determinate funzioni gratuitamente, mentre altre non consentono di utilizzarle se non a pagamento. Abbiamo compilato un elenco dei siti di incontri pi\u00f9 popolari e di quanto costa iscriversi.<\/p>\n<h2>E le recensioni?<\/h2>\n<p>Le recensioni online giocano un ruolo enorme nel modo in cui i consumatori prendono le decisioni di acquisto. Se le persone si fidano delle opinioni altrui, le utilizzeranno per orientare i loro acquisti. Purtroppo oggi ci sono troppe recensioni false.<\/p>\n<p>Un recente studio ha rilevato che oltre la met\u00e0 delle recensioni su Amazon sono scritte da recensori pagati. E alcune societ\u00e0 di incontri online come Match Group Inc., eHarmony Inc. e OkCupid LLC pagano le persone per scrivere recensioni entusiastiche sui loro prodotti. Queste recensioni spesso contengono informazioni false, come affermazioni esagerate sulle caratteristiche e i vantaggi del prodotto.<\/p>\n","protected":false},"excerpt":{"rendered":"<p>Gli incontri online sono un ottimo modo per conoscere nuove persone, ma ci sono alcuni rischi. Uno di questi rischi \u00e8 quello di essere truffati da una persona falsa. Un recente studio ha rilevato che un quarto delle donne \u00e8&hellip; <a href=\"http:\/\/elsuperbeasto.com\/it\/gli-incontri-online-sono-sicuri\/\" class=\"more-link\">Continue Reading <span class=\"meta-nav\">&rarr;<\/span><\/a><\/p>\n","protected":false},"author":1,"featured_media":133,"parent":0,"menu_order":0,"comment_status":"closed","ping_status":"closed","template":"","meta":[],"yoast_head":"<!-- This site is optimized with the Yoast SEO plugin v17.7.1 - https:\/\/yoast.com\/wordpress\/plugins\/seo\/ -->\n<title>Gli incontri online sono sicuri? - Quick Hookup<\/title>\n<meta name=\"robots\" content=\"index, follow, max-snippet:-1, max-image-preview:large, max-video-preview:-1\" \/>\n<link rel=\"canonical\" href=\"http:\/\/elsuperbeasto.com\/it\/gli-incontri-online-sono-sicuri\/\" \/>\n<meta property=\"og:locale\" content=\"it_IT\" \/>\n<meta property=\"og:type\" content=\"article\" \/>\n<meta property=\"og:title\" content=\"Gli incontri online sono sicuri? - Quick Hookup\" \/>\n<meta property=\"og:description\" content=\"Gli incontri online sono un ottimo modo per conoscere nuove persone, ma ci sono alcuni rischi. Uno di questi rischi \u00e8 quello di essere truffati da una persona falsa. Un recente studio ha rilevato che un quarto delle donne \u00e8&hellip; Continue Reading &rarr;\" \/>\n<meta property=\"og:url\" content=\"http:\/\/elsuperbeasto.com\/it\/gli-incontri-online-sono-sicuri\/\" \/>\n<meta property=\"og:site_name\" content=\"Quick Hookup\" \/>\n<meta property=\"og:image\" content=\"https:\/\/elsuperbeasto.com\/wp-content\/uploads\/2022\/08\/dates.jpeg\" \/>\n\t<meta property=\"og:image:width\" content=\"2250\" \/>\n\t<meta property=\"og:image:height\" content=\"1500\" \/>\n<meta name=\"twitter:card\" content=\"summary_large_image\" \/>\n<meta name=\"twitter:label1\" content=\"Tempo di lettura stimato\" \/>\n\t<meta name=\"twitter:data1\" content=\"2 minuti\" \/>\n<script type=\"application\/ld+json\" class=\"yoast-schema-graph\">{\"@context\":\"https:\/\/schema.org\",\"@graph\":[{\"@type\":\"WebSite\",\"@id\":\"https:\/\/elsuperbeasto.com\/#website\",\"url\":\"https:\/\/elsuperbeasto.com\/\",\"name\":\"Quick Hookup\",\"description\":\"Your Guide To Love\",\"potentialAction\":[{\"@type\":\"SearchAction\",\"target\":{\"@type\":\"EntryPoint\",\"urlTemplate\":\"https:\/\/elsuperbeasto.com\/?s={search_term_string}\"},\"query-input\":\"required name=search_term_string\"}],\"inLanguage\":\"it-IT\"},{\"@type\":\"ImageObject\",\"@id\":\"http:\/\/elsuperbeasto.com\/it\/gli-incontri-online-sono-sicuri\/#primaryimage\",\"inLanguage\":\"it-IT\",\"url\":\"http:\/\/elsuperbeasto.com\/wp-content\/uploads\/2022\/08\/dates.jpeg\",\"contentUrl\":\"http:\/\/elsuperbeasto.com\/wp-content\/uploads\/2022\/08\/dates.jpeg\",\"width\":2250,\"height\":1500},{\"@type\":\"WebPage\",\"@id\":\"http:\/\/elsuperbeasto.com\/it\/gli-incontri-online-sono-sicuri\/#webpage\",\"url\":\"http:\/\/elsuperbeasto.com\/it\/gli-incontri-online-sono-sicuri\/\",\"name\":\"Gli incontri online sono sicuri? - Quick Hookup\",\"isPartOf\":{\"@id\":\"https:\/\/elsuperbeasto.com\/#website\"},\"primaryImageOfPage\":{\"@id\":\"http:\/\/elsuperbeasto.com\/it\/gli-incontri-online-sono-sicuri\/#primaryimage\"},\"datePublished\":\"2022-08-18T12:12:48+00:00\",\"dateModified\":\"2022-08-18T12:12:48+00:00\",\"breadcrumb\":{\"@id\":\"http:\/\/elsuperbeasto.com\/it\/gli-incontri-online-sono-sicuri\/#breadcrumb\"},\"inLanguage\":\"it-IT\",\"potentialAction\":[{\"@type\":\"ReadAction\",\"target\":[\"http:\/\/elsuperbeasto.com\/it\/gli-incontri-online-sono-sicuri\/\"]}]},{\"@type\":\"BreadcrumbList\",\"@id\":\"http:\/\/elsuperbeasto.com\/it\/gli-incontri-online-sono-sicuri\/#breadcrumb\",\"itemListElement\":[{\"@type\":\"ListItem\",\"position\":1,\"name\":\"Home\",\"item\":\"https:\/\/elsuperbeasto.com\/it\/\"},{\"@type\":\"ListItem\",\"position\":2,\"name\":\"Gli incontri online sono sicuri?\"}]}]}<\/script>\n<!-- \/ Yoast SEO plugin. -->","yoast_head_json":{"title":"Gli incontri online sono sicuri? - Quick Hookup","robots":{"index":"index","follow":"follow","max-snippet":"max-snippet:-1","max-image-preview":"max-image-preview:large","max-video-preview":"max-video-preview:-1"},"canonical":"http:\/\/elsuperbeasto.com\/it\/gli-incontri-online-sono-sicuri\/","og_locale":"it_IT","og_type":"article","og_title":"Gli incontri online sono sicuri? - Quick Hookup","og_description":"Gli incontri online sono un ottimo modo per conoscere nuove persone, ma ci sono alcuni rischi. Uno di questi rischi \u00e8 quello di essere truffati da una persona falsa. Un recente studio ha rilevato che un quarto delle donne \u00e8&hellip; Continue Reading &rarr;","og_url":"http:\/\/elsuperbeasto.com\/it\/gli-incontri-online-sono-sicuri\/","og_site_name":"Quick Hookup","og_image":[{"width":2250,"height":1500,"url":"https:\/\/elsuperbeasto.com\/wp-content\/uploads\/2022\/08\/dates.jpeg","type":"image\/jpeg"}],"twitter_card":"summary_large_image","twitter_misc":{"Tempo di lettura stimato":"2 minuti"},"schema":{"@context":"https:\/\/schema.org","@graph":[{"@type":"WebSite","@id":"https:\/\/elsuperbeasto.com\/#website","url":"https:\/\/elsuperbeasto.com\/","name":"Quick Hookup","description":"Your Guide To Love","potentialAction":[{"@type":"SearchAction","target":{"@type":"EntryPoint","urlTemplate":"https:\/\/elsuperbeasto.com\/?s={search_term_string}"},"query-input":"required name=search_term_string"}],"inLanguage":"it-IT"},{"@type":"ImageObject","@id":"http:\/\/elsuperbeasto.com\/it\/gli-incontri-online-sono-sicuri\/#primaryimage","inLanguage":"it-IT","url":"http:\/\/elsuperbeasto.com\/wp-content\/uploads\/2022\/08\/dates.jpeg","contentUrl":"http:\/\/elsuperbeasto.com\/wp-content\/uploads\/2022\/08\/dates.jpeg","width":2250,"height":1500},{"@type":"WebPage","@id":"http:\/\/elsuperbeasto.com\/it\/gli-incontri-online-sono-sicuri\/#webpage","url":"http:\/\/elsuperbeasto.com\/it\/gli-incontri-online-sono-sicuri\/","name":"Gli incontri online sono sicuri? - Quick Hookup","isPartOf":{"@id":"https:\/\/elsuperbeasto.com\/#website"},"primaryImageOfPage":{"@id":"http:\/\/elsuperbeasto.com\/it\/gli-incontri-online-sono-sicuri\/#primaryimage"},"datePublished":"2022-08-18T12:12:48+00:00","dateModified":"2022-08-18T12:12:48+00:00","breadcrumb":{"@id":"http:\/\/elsuperbeasto.com\/it\/gli-incontri-online-sono-sicuri\/#breadcrumb"},"inLanguage":"it-IT","potentialAction":[{"@type":"ReadAction","target":["http:\/\/elsuperbeasto.com\/it\/gli-incontri-online-sono-sicuri\/"]}]},{"@type":"BreadcrumbList","@id":"http:\/\/elsuperbeasto.com\/it\/gli-incontri-online-sono-sicuri\/#breadcrumb","itemListElement":[{"@type":"ListItem","position":1,"name":"Home","item":"https:\/\/elsuperbeasto.com\/it\/"},{"@type":"ListItem","position":2,"name":"Gli incontri online sono sicuri?"}]}]}},"_links":{"self":[{"href":"http:\/\/elsuperbeasto.com\/it\/wp-json\/wp\/v2\/pages\/338"}],"collection":[{"href":"http:\/\/elsuperbeasto.com\/it\/wp-json\/wp\/v2\/pages"}],"about":[{"href":"http:\/\/elsuperbeasto.com\/it\/wp-json\/wp\/v2\/types\/page"}],"author":[{"embeddable":true,"href":"http:\/\/elsuperbeasto.com\/it\/wp-json\/wp\/v2\/users\/1"}],"replies":[{"embeddable":true,"href":"http:\/\/elsuperbeasto.com\/it\/wp-json\/wp\/v2\/comments?post=338"}],"version-history":[{"count":0,"href":"http:\/\/elsuperbeasto.com\/it\/wp-json\/wp\/v2\/pages\/338\/revisions"}],"wp:featuredmedia":[{"embeddable":true,"href":"http:\/\/elsuperbeasto.com\/it\/wp-json\/wp\/v2\/media\/133"}],"wp:attachment":[{"href":"http:\/\/elsuperbeasto.com\/it\/wp-json\/wp\/v2\/media?parent=338"}],"curies":[{"name":"wp","href":"https:\/\/api.w.org\/{rel}","templated":true}]}}