{"id":328,"date":"2022-08-18T13:22:34","date_gmt":"2022-08-18T12:22:34","guid":{"rendered":"http:\/\/elsuperbeasto.com\/come-uscire-con-le-donne-del-posto\/"},"modified":"2022-08-18T13:22:34","modified_gmt":"2022-08-18T12:22:34","slug":"come-uscire-con-le-donne-del-posto","status":"publish","type":"page","link":"http:\/\/elsuperbeasto.com\/it\/come-uscire-con-le-donne-del-posto\/","title":{"rendered":"Come uscire con le donne del posto"},"content":{"rendered":"<p>Siete stanchi di uscire con ragazze lontane? Desidera trovare una fidanzata pi\u00f9 vicina a casa?<\/p>\n<p>In questo articolo, vi illustreremo 3 consigli per aiutarvi a trovare una ragazza locale da frequentare.<\/p>\n<h2>Trova donne locali online<\/h2>\n<p>Prima di tutto, le cose da fare. Se volete trovare una donna locale per un incontro, dovete prima trovarla online. Ci sono tonnellate di siti web che permettono di cercare donne single in base alla localit\u00e0. Questi siti includono Match.com, eHarmony, PlentyofFish, OkCupid, Zoosk e altri.<\/p>\n<p>Gli incontri online sono diventati estremamente popolari negli ultimi tempi. Vi permette di entrare in contatto con migliaia di potenziali partner senza uscire di casa. Non perdete quindi l&#8217;occasione di trovare una donna locale.<\/p>\n<h2>Incontrare gli amici che vivono nelle vicinanze<\/h2>\n<p>Questo consiglio funziona meglio per chi vive nelle grandi citt\u00e0. Tuttavia, se vivete in un posto pi\u00f9 piccolo, potreste ancora trovare una ragazza locale per un appuntamento. Incontrare gli amici che vivono nelle vicinanze. Questo vi d\u00e0 una scusa per uscire insieme e parlare dei vostri interessi.<\/p>\n<p>Quando si esce con gli amici \u00e8 pi\u00f9 facile <a href=\"http:\/\/elsuperbeasto.com\/it\/le-migliori-applicazioni-per-trovare-lamore\/\">intavolare una conversazione<\/a>. Inoltre, probabilmente incontrerete anche qualche ragazzo carino!<\/p>\n<h2>Iscrivetevi ai gruppi che vi interessano<\/h2>\n<p>Unitevi ai gruppi che vi interessano. Ad esempio, unitevi a un gruppo sportivo, a un club del libro o a qualsiasi altro gruppo che vi interessa. Se vi unite a questo tipo di gruppi, sarete esposti a un gran numero di persone interessanti. E poich\u00e9 la maggior parte di questi gruppi \u00e8 incentrata su qualcosa che vi sta a cuore, vi sentirete pi\u00f9 a vostro agio a parlare con loro che con estranei casuali.<\/p>\n<p>Inoltre, unirsi a questi gruppi vi dar\u00e0 la possibilit\u00e0 di mettere in pratica le vostre abilit\u00e0 di conversazione. Imparerete a fare domande, ad ascoltare meglio e a parlare con sicurezza.<\/p>\n<h2>FAQ<\/h2>\n<p>Seguendo questi <a href=\"http:\/\/elsuperbeasto.com\/it\/4-consigli-per-essere-sicuri-negli-incontri-online\/\">tre consigli<\/a>, sarete in grado di trovare una ragazza con cui uscire al pi\u00f9 presto.<\/p>\n<h3>Cosa significa &#8220;no strings attached&#8221; negli appuntamenti?<\/h3>\n<p>No Strings Attached significa che non dovete preoccuparvi di prendere impegni a lungo termine. Se volete uscire con qualcuno per divertimento, allora fate pure! Tuttavia, se si vuole uscire con qualcuno seriamente, bisogna essere pronti a impegnarsi. Se volete evitare di entrare in una relazione in cui entrambe le parti si sentono obbligate a stare insieme per sempre, provate a frequentare qualcuno che non ha aspettative sulla durata della loro relazione. In questo modo, non dovrete preoccuparvi di rompere quando le cose non funzionano pi\u00f9.<\/p>\n<h3>L&#8217;amore senza legami pu\u00f2 trasformarsi in amore?<\/h3>\n<p>S\u00ec, \u00e8 possibile che l&#8217;assenza di legami si trasformi in amore. Tuttavia, \u00e8 necessario uno sforzo da parte di entrambe le parti. Il primo passo \u00e8 essere onesti su ci\u00f2 che si vuole. Se non sapete cosa volete, non lo scoprirete finch\u00e9 non ci proverete. Una volta capito cosa volete, dovete comunicare in modo chiaro e onesto tra di voi. Infine, dovete mettervi in gioco e far sapere agli altri come vi sentite.<\/p>\n<h3>Che cos&#8217;\u00e8 un&#8217;avventura NSA?<\/h3>\n<p>Un&#8217;avventura NSA \u00e8 quando qualcuno fa sesso con un&#8217;altra persona con cui non vuole avere rapporti intimi. Di solito avviene tra due persone che si conoscono bene, come colleghi, familiari o amici intimi. Il termine \u00e8 stato usato per la prima volta negli anni &#8217;70 e si riferisce alla National Security Agency.<\/p>\n","protected":false},"excerpt":{"rendered":"<p>Siete stanchi di uscire con ragazze lontane? Desidera trovare una fidanzata pi\u00f9 vicina a casa? In questo articolo, vi illustreremo 3 consigli per aiutarvi a trovare una ragazza locale da frequentare. Trova donne locali online Prima di tutto, le cose&hellip; <a href=\"http:\/\/elsuperbeasto.com\/it\/come-uscire-con-le-donne-del-posto\/\" class=\"more-link\">Continue Reading <span class=\"meta-nav\">&rarr;<\/span><\/a><\/p>\n","protected":false},"author":1,"featured_media":161,"parent":0,"menu_order":0,"comment_status":"closed","ping_status":"closed","template":"","meta":[],"yoast_head":"<!-- This site is optimized with the Yoast SEO plugin v17.7.1 - https:\/\/yoast.com\/wordpress\/plugins\/seo\/ -->\n<title>Come uscire con le donne del posto - Quick Hookup<\/title>\n<meta name=\"robots\" content=\"index, follow, max-snippet:-1, max-image-preview:large, max-video-preview:-1\" \/>\n<link rel=\"canonical\" href=\"http:\/\/elsuperbeasto.com\/it\/come-uscire-con-le-donne-del-posto\/\" \/>\n<meta property=\"og:locale\" content=\"it_IT\" \/>\n<meta property=\"og:type\" content=\"article\" \/>\n<meta property=\"og:title\" content=\"Come uscire con le donne del posto - Quick Hookup\" \/>\n<meta property=\"og:description\" content=\"Siete stanchi di uscire con ragazze lontane? Desidera trovare una fidanzata pi\u00f9 vicina a casa? In questo articolo, vi illustreremo 3 consigli per aiutarvi a trovare una ragazza locale da frequentare. Trova donne locali online Prima di tutto, le cose&hellip; Continue Reading &rarr;\" \/>\n<meta property=\"og:url\" content=\"http:\/\/elsuperbeasto.com\/it\/come-uscire-con-le-donne-del-posto\/\" \/>\n<meta property=\"og:site_name\" content=\"Quick Hookup\" \/>\n<meta property=\"og:image\" content=\"http:\/\/elsuperbeasto.com\/wp-content\/uploads\/2022\/08\/sexy-time.jpeg\" \/>\n\t<meta property=\"og:image:width\" content=\"1001\" \/>\n\t<meta property=\"og:image:height\" content=\"1500\" \/>\n<meta name=\"twitter:card\" content=\"summary_large_image\" \/>\n<meta name=\"twitter:label1\" content=\"Tempo di lettura stimato\" \/>\n\t<meta name=\"twitter:data1\" content=\"3 minuti\" \/>\n<script type=\"application\/ld+json\" class=\"yoast-schema-graph\">{\"@context\":\"https:\/\/schema.org\",\"@graph\":[{\"@type\":\"WebSite\",\"@id\":\"https:\/\/elsuperbeasto.com\/#website\",\"url\":\"https:\/\/elsuperbeasto.com\/\",\"name\":\"Quick Hookup\",\"description\":\"Your Guide To Love\",\"potentialAction\":[{\"@type\":\"SearchAction\",\"target\":{\"@type\":\"EntryPoint\",\"urlTemplate\":\"https:\/\/elsuperbeasto.com\/?s={search_term_string}\"},\"query-input\":\"required name=search_term_string\"}],\"inLanguage\":\"it-IT\"},{\"@type\":\"ImageObject\",\"@id\":\"http:\/\/elsuperbeasto.com\/it\/come-uscire-con-le-donne-del-posto\/#primaryimage\",\"inLanguage\":\"it-IT\",\"url\":\"http:\/\/elsuperbeasto.com\/wp-content\/uploads\/2022\/08\/sexy-time.jpeg\",\"contentUrl\":\"http:\/\/elsuperbeasto.com\/wp-content\/uploads\/2022\/08\/sexy-time.jpeg\",\"width\":1001,\"height\":1500},{\"@type\":\"WebPage\",\"@id\":\"http:\/\/elsuperbeasto.com\/it\/come-uscire-con-le-donne-del-posto\/#webpage\",\"url\":\"http:\/\/elsuperbeasto.com\/it\/come-uscire-con-le-donne-del-posto\/\",\"name\":\"Come uscire con le donne del posto - Quick Hookup\",\"isPartOf\":{\"@id\":\"https:\/\/elsuperbeasto.com\/#website\"},\"primaryImageOfPage\":{\"@id\":\"http:\/\/elsuperbeasto.com\/it\/come-uscire-con-le-donne-del-posto\/#primaryimage\"},\"datePublished\":\"2022-08-18T12:22:34+00:00\",\"dateModified\":\"2022-08-18T12:22:34+00:00\",\"breadcrumb\":{\"@id\":\"http:\/\/elsuperbeasto.com\/it\/come-uscire-con-le-donne-del-posto\/#breadcrumb\"},\"inLanguage\":\"it-IT\",\"potentialAction\":[{\"@type\":\"ReadAction\",\"target\":[\"http:\/\/elsuperbeasto.com\/it\/come-uscire-con-le-donne-del-posto\/\"]}]},{\"@type\":\"BreadcrumbList\",\"@id\":\"http:\/\/elsuperbeasto.com\/it\/come-uscire-con-le-donne-del-posto\/#breadcrumb\",\"itemListElement\":[{\"@type\":\"ListItem\",\"position\":1,\"name\":\"Home\",\"item\":\"https:\/\/elsuperbeasto.com\/it\/\"},{\"@type\":\"ListItem\",\"position\":2,\"name\":\"Come uscire con le donne del posto\"}]}]}<\/script>\n<!-- \/ Yoast SEO plugin. -->","yoast_head_json":{"title":"Come uscire con le donne del posto - Quick Hookup","robots":{"index":"index","follow":"follow","max-snippet":"max-snippet:-1","max-image-preview":"max-image-preview:large","max-video-preview":"max-video-preview:-1"},"canonical":"http:\/\/elsuperbeasto.com\/it\/come-uscire-con-le-donne-del-posto\/","og_locale":"it_IT","og_type":"article","og_title":"Come uscire con le donne del posto - Quick Hookup","og_description":"Siete stanchi di uscire con ragazze lontane? Desidera trovare una fidanzata pi\u00f9 vicina a casa? In questo articolo, vi illustreremo 3 consigli per aiutarvi a trovare una ragazza locale da frequentare. Trova donne locali online Prima di tutto, le cose&hellip; Continue Reading &rarr;","og_url":"http:\/\/elsuperbeasto.com\/it\/come-uscire-con-le-donne-del-posto\/","og_site_name":"Quick Hookup","og_image":[{"width":1001,"height":1500,"url":"http:\/\/elsuperbeasto.com\/wp-content\/uploads\/2022\/08\/sexy-time.jpeg","type":"image\/jpeg"}],"twitter_card":"summary_large_image","twitter_misc":{"Tempo di lettura stimato":"3 minuti"},"schema":{"@context":"https:\/\/schema.org","@graph":[{"@type":"WebSite","@id":"https:\/\/elsuperbeasto.com\/#website","url":"https:\/\/elsuperbeasto.com\/","name":"Quick Hookup","description":"Your Guide To Love","potentialAction":[{"@type":"SearchAction","target":{"@type":"EntryPoint","urlTemplate":"https:\/\/elsuperbeasto.com\/?s={search_term_string}"},"query-input":"required name=search_term_string"}],"inLanguage":"it-IT"},{"@type":"ImageObject","@id":"http:\/\/elsuperbeasto.com\/it\/come-uscire-con-le-donne-del-posto\/#primaryimage","inLanguage":"it-IT","url":"http:\/\/elsuperbeasto.com\/wp-content\/uploads\/2022\/08\/sexy-time.jpeg","contentUrl":"http:\/\/elsuperbeasto.com\/wp-content\/uploads\/2022\/08\/sexy-time.jpeg","width":1001,"height":1500},{"@type":"WebPage","@id":"http:\/\/elsuperbeasto.com\/it\/come-uscire-con-le-donne-del-posto\/#webpage","url":"http:\/\/elsuperbeasto.com\/it\/come-uscire-con-le-donne-del-posto\/","name":"Come uscire con le donne del posto - Quick Hookup","isPartOf":{"@id":"https:\/\/elsuperbeasto.com\/#website"},"primaryImageOfPage":{"@id":"http:\/\/elsuperbeasto.com\/it\/come-uscire-con-le-donne-del-posto\/#primaryimage"},"datePublished":"2022-08-18T12:22:34+00:00","dateModified":"2022-08-18T12:22:34+00:00","breadcrumb":{"@id":"http:\/\/elsuperbeasto.com\/it\/come-uscire-con-le-donne-del-posto\/#breadcrumb"},"inLanguage":"it-IT","potentialAction":[{"@type":"ReadAction","target":["http:\/\/elsuperbeasto.com\/it\/come-uscire-con-le-donne-del-posto\/"]}]},{"@type":"BreadcrumbList","@id":"http:\/\/elsuperbeasto.com\/it\/come-uscire-con-le-donne-del-posto\/#breadcrumb","itemListElement":[{"@type":"ListItem","position":1,"name":"Home","item":"https:\/\/elsuperbeasto.com\/it\/"},{"@type":"ListItem","position":2,"name":"Come uscire con le donne del posto"}]}]}},"_links":{"self":[{"href":"http:\/\/elsuperbeasto.com\/it\/wp-json\/wp\/v2\/pages\/328"}],"collection":[{"href":"http:\/\/elsuperbeasto.com\/it\/wp-json\/wp\/v2\/pages"}],"about":[{"href":"http:\/\/elsuperbeasto.com\/it\/wp-json\/wp\/v2\/types\/page"}],"author":[{"embeddable":true,"href":"http:\/\/elsuperbeasto.com\/it\/wp-json\/wp\/v2\/users\/1"}],"replies":[{"embeddable":true,"href":"http:\/\/elsuperbeasto.com\/it\/wp-json\/wp\/v2\/comments?post=328"}],"version-history":[{"count":0,"href":"http:\/\/elsuperbeasto.com\/it\/wp-json\/wp\/v2\/pages\/328\/revisions"}],"wp:featuredmedia":[{"embeddable":true,"href":"http:\/\/elsuperbeasto.com\/it\/wp-json\/wp\/v2\/media\/161"}],"wp:attachment":[{"href":"http:\/\/elsuperbeasto.com\/it\/wp-json\/wp\/v2\/media?parent=328"}],"curies":[{"name":"wp","href":"https:\/\/api.w.org\/{rel}","templated":true}]}}