{"id":315,"date":"2022-08-18T13:39:47","date_gmt":"2022-08-18T12:39:47","guid":{"rendered":"http:\/\/elsuperbeasto.com\/app-di-incontri-per-nonne\/"},"modified":"2022-09-08T15:39:34","modified_gmt":"2022-09-08T14:39:34","slug":"app-di-incontri-per-nonne","status":"publish","type":"page","link":"http:\/\/elsuperbeasto.com\/it\/app-di-incontri-per-nonne\/","title":{"rendered":"App di incontri per nonne"},"content":{"rendered":"<p>I siti di incontri per nonne offrono alle donne anziane l&#8217;opportunit\u00e0 di <a href=\"http:\/\/elsuperbeasto.com\/it\/uscire-con-una-milf-matura\/\">incontrare uomini pi\u00f9 giovani che vogliono uscire con loro<\/a>. Il sito esiste dal 2006 e attualmente conta quasi 1 milione di membri da tutto il mondo. Non ci sono spese e gli utenti possono sfogliare i profili in base all&#8217;et\u00e0, alla posizione, agli interessi e alle preferenze sessuali.<\/p>\n<p>Se vuoi scoparti una nonnina locale, allora dovresti andare a casa sua. Sar\u00e0 molto eccitata quando vi vedr\u00e0 alla sua porta. Poi, chiedete il permesso di entrare in casa sua. Quando vi dar\u00e0 l&#8217;ok, dovrete iniziare a baciarla su tutto il viso, il collo, il seno e la figa. Dopodich\u00e9, dovrete inserire lentamente il vostro cazzo nella sua vagina fino <a href=\"https:\/\/www.thedatingadvisor.com\/it\/jerk-off-con-estranei\/\">masturbarsi online<\/a> a quando non eiaculerete dentro di lei.<\/p>\n<h2>Match.com<\/h2>\n<p>Match.com \u00e8 il pi\u00f9 grande sito di incontri del Nord America. Con oltre 10 milioni di utenti registrati, Match.com offre un&#8217;ampia gamma di servizi e risorse per aiutare gli utenti a trovare l&#8217;amore. Match.com consente agli utenti di cercare potenziali partner in base alla posizione, agli interessi condivisi, agli hobby, all&#8217;occupazione, alla religione e all&#8217;istruzione. Gli utenti possono anche impostare preferenze relative a sesso, etnia, stato di parentela e orientamento sessuale.<\/p>\n<p>Gli utenti possono sfogliare i profili, inviare ammiccamenti, vedere le foto e partecipare a chat dal vivo via webcam. I membri possono anche scambiarsi e-mail e messaggi istantanei, programmare riunioni virtuali e richiedere telefonate. L&#8217;iscrizione \u00e8 gratuita e offre una solida applicazione mobile per iPhone, Android, BlackBerry, Windows Phone e iPad.<\/p>\n<h2>eHarmony<\/h2>\n<p>eHarmony \u00e8 un altro dei principali siti di incontri per adulti che si rivolge esclusivamente a persone mature. A differenza dei servizi di matchmaking tradizionali, eHarmony non addebita alcun costo agli utenti. Al contrario, si basa esclusivamente sulle entrate pubblicitarie generate dagli abbonamenti dei membri. Sostiene di utilizzare <a href=\"https:\/\/p5.uk\/it\/sito-di-incontri-trans\/\">incontri trans gratis<\/a> un sistema di matching scientifico per abbinare gli utenti in base a fattori di compatibilit\u00e0 come i tratti della personalit\u00e0, i valori e gli stili di vita. I membri possono creare un profilo che descrive le loro caratteristiche personali, i loro gusti e le loro abitudini. Possono quindi utilizzare il motore di ricerca avanzato del sito per restringere i potenziali incontri in base a criteri specifici. Una volta trovato un candidato adatto, l&#8217;utente pu\u00f2 avviare un contatto e iniziare a scambiare e-mail e messaggi istantanei. Entrambe le parti possono scegliere se procedere con un incontro faccia a faccia.<\/p>\n<h2>POF<\/h2>\n<p>PlentyofFish \u00e8 un sito di incontri online gratuito che si rivolge principalmente ad adulti maturi. Il sito \u00e8 noto per essere molto inclusivo e accettare diversi tipi di persone. A differenza di altri siti di incontri maturi, non richiede agli utenti di pagare un abbonamento. Al contrario, genera entrate attraverso la pubblicit\u00e0. Offre diversi modi di comunicare, tra cui e-mail, messaggistica istantanea, chat vocale e chat video. Le sue applicazioni mobili sono disponibili per iOS\/Android.<\/p>\n<h2>OkCupid<\/h2>\n<p>OkCupid \u00e8 un servizio di incontri online gratuito che si concentra principalmente <a href=\"https:\/\/www.free-adult-cams.com\/it\/spettacoli-di-webcam-private\/\">webcam private<\/a> sulla ricerca di partner compatibili per incontri occasionali. Il sito vanta pi\u00f9 di 12 milioni di visitatori unici al mese e consente agli utenti di sfogliare migliaia di profili e di comunicare con gli altri tramite e-mail, messaggi di testo e video chat.<\/p>\n<p>Con OkCupid, gli utenti possono caricare foto, scrivere di s\u00e9 e descrivere ci\u00f2 che cercano in un partner. Gli altri utenti possono rispondere ai loro messaggi e vedere se corrispondono al loro tipo ideale. L&#8217;iscrizione \u00e8 gratuita e non richiede alcuna registrazione. Offre inoltre una solida applicazione mobile che funziona su pi\u00f9 piattaforme.<\/p>\n<h2>Trovare una Cougar per voi<\/h2>\n<p>Cougar e ragazzi pi\u00f9 giovani si divertono su questa app di incontri. L&#8217;app ha molte funzioni che aiutano gli utenti a connettersi. Ad esempio, \u00e8 possibile vedere i momenti e i post dei propri amici. \u00c8 inoltre possibile inviare messaggi e condividere foto. E ci sono molte altre opzioni. Tuttavia, la maggior parte degli uomini su questa app di incontri \u00e8 pi\u00f9 grande di voi.<\/p>\n<p>Dovreste essere disposti a incontrarvi con la vostra partner per il sesso con la nonna in qualsiasi momento per un divertimento casuale.<\/p>\n","protected":false},"excerpt":{"rendered":"<p>I siti di incontri per nonne offrono alle donne anziane l&#8217;opportunit\u00e0 di incontrare uomini pi\u00f9 giovani che vogliono uscire con loro. Il sito esiste dal 2006 e attualmente conta quasi 1 milione di membri da tutto il mondo. Non ci&hellip; <a href=\"http:\/\/elsuperbeasto.com\/it\/app-di-incontri-per-nonne\/\" class=\"more-link\">Continue Reading <span class=\"meta-nav\">&rarr;<\/span><\/a><\/p>\n","protected":false},"author":1,"featured_media":231,"parent":0,"menu_order":0,"comment_status":"closed","ping_status":"closed","template":"","meta":[],"yoast_head":"<!-- This site is optimized with the Yoast SEO plugin v17.7.1 - https:\/\/yoast.com\/wordpress\/plugins\/seo\/ -->\n<title>App di incontri per nonne - Quick Hookup<\/title>\n<meta name=\"robots\" content=\"index, follow, max-snippet:-1, max-image-preview:large, max-video-preview:-1\" \/>\n<link rel=\"canonical\" href=\"http:\/\/elsuperbeasto.com\/it\/app-di-incontri-per-nonne\/\" \/>\n<meta property=\"og:locale\" content=\"it_IT\" \/>\n<meta property=\"og:type\" content=\"article\" \/>\n<meta property=\"og:title\" content=\"App di incontri per nonne - Quick Hookup\" \/>\n<meta property=\"og:description\" content=\"I siti di incontri per nonne offrono alle donne anziane l&#8217;opportunit\u00e0 di incontrare uomini pi\u00f9 giovani che vogliono uscire con loro. Il sito esiste dal 2006 e attualmente conta quasi 1 milione di membri da tutto il mondo. Non ci&hellip; Continue Reading &rarr;\" \/>\n<meta property=\"og:url\" content=\"http:\/\/elsuperbeasto.com\/it\/app-di-incontri-per-nonne\/\" \/>\n<meta property=\"og:site_name\" content=\"Quick Hookup\" \/>\n<meta property=\"article:modified_time\" content=\"2022-09-08T14:39:34+00:00\" \/>\n<meta name=\"twitter:card\" content=\"summary_large_image\" \/>\n<meta name=\"twitter:image\" content=\"http:\/\/elsuperbeasto.com\/wp-content\/uploads\/2022\/08\/find-sex-on-apps.webp\" \/>\n<meta name=\"twitter:label1\" content=\"Tempo di lettura stimato\" \/>\n\t<meta name=\"twitter:data1\" content=\"3 minuti\" \/>\n<script type=\"application\/ld+json\" class=\"yoast-schema-graph\">{\"@context\":\"https:\/\/schema.org\",\"@graph\":[{\"@type\":\"WebSite\",\"@id\":\"https:\/\/elsuperbeasto.com\/#website\",\"url\":\"https:\/\/elsuperbeasto.com\/\",\"name\":\"Quick Hookup\",\"description\":\"Your Guide To Love\",\"potentialAction\":[{\"@type\":\"SearchAction\",\"target\":{\"@type\":\"EntryPoint\",\"urlTemplate\":\"https:\/\/elsuperbeasto.com\/?s={search_term_string}\"},\"query-input\":\"required name=search_term_string\"}],\"inLanguage\":\"it-IT\"},{\"@type\":\"ImageObject\",\"@id\":\"http:\/\/elsuperbeasto.com\/it\/app-di-incontri-per-nonne\/#primaryimage\",\"inLanguage\":\"it-IT\",\"url\":\"http:\/\/elsuperbeasto.com\/wp-content\/uploads\/2022\/08\/find-sex-on-apps.webp\",\"contentUrl\":\"http:\/\/elsuperbeasto.com\/wp-content\/uploads\/2022\/08\/find-sex-on-apps.webp\",\"width\":1125,\"height\":750},{\"@type\":\"WebPage\",\"@id\":\"http:\/\/elsuperbeasto.com\/it\/app-di-incontri-per-nonne\/#webpage\",\"url\":\"http:\/\/elsuperbeasto.com\/it\/app-di-incontri-per-nonne\/\",\"name\":\"App di incontri per nonne - Quick Hookup\",\"isPartOf\":{\"@id\":\"https:\/\/elsuperbeasto.com\/#website\"},\"primaryImageOfPage\":{\"@id\":\"http:\/\/elsuperbeasto.com\/it\/app-di-incontri-per-nonne\/#primaryimage\"},\"datePublished\":\"2022-08-18T12:39:47+00:00\",\"dateModified\":\"2022-09-08T14:39:34+00:00\",\"breadcrumb\":{\"@id\":\"http:\/\/elsuperbeasto.com\/it\/app-di-incontri-per-nonne\/#breadcrumb\"},\"inLanguage\":\"it-IT\",\"potentialAction\":[{\"@type\":\"ReadAction\",\"target\":[\"http:\/\/elsuperbeasto.com\/it\/app-di-incontri-per-nonne\/\"]}]},{\"@type\":\"BreadcrumbList\",\"@id\":\"http:\/\/elsuperbeasto.com\/it\/app-di-incontri-per-nonne\/#breadcrumb\",\"itemListElement\":[{\"@type\":\"ListItem\",\"position\":1,\"name\":\"Home\",\"item\":\"https:\/\/elsuperbeasto.com\/it\/\"},{\"@type\":\"ListItem\",\"position\":2,\"name\":\"App di incontri per nonne\"}]}]}<\/script>\n<!-- \/ Yoast SEO plugin. -->","yoast_head_json":{"title":"App di incontri per nonne - Quick Hookup","robots":{"index":"index","follow":"follow","max-snippet":"max-snippet:-1","max-image-preview":"max-image-preview:large","max-video-preview":"max-video-preview:-1"},"canonical":"http:\/\/elsuperbeasto.com\/it\/app-di-incontri-per-nonne\/","og_locale":"it_IT","og_type":"article","og_title":"App di incontri per nonne - Quick Hookup","og_description":"I siti di incontri per nonne offrono alle donne anziane l&#8217;opportunit\u00e0 di incontrare uomini pi\u00f9 giovani che vogliono uscire con loro. Il sito esiste dal 2006 e attualmente conta quasi 1 milione di membri da tutto il mondo. Non ci&hellip; Continue Reading &rarr;","og_url":"http:\/\/elsuperbeasto.com\/it\/app-di-incontri-per-nonne\/","og_site_name":"Quick Hookup","article_modified_time":"2022-09-08T14:39:34+00:00","twitter_card":"summary_large_image","twitter_image":"http:\/\/elsuperbeasto.com\/wp-content\/uploads\/2022\/08\/find-sex-on-apps.webp","twitter_misc":{"Tempo di lettura stimato":"3 minuti"},"schema":{"@context":"https:\/\/schema.org","@graph":[{"@type":"WebSite","@id":"https:\/\/elsuperbeasto.com\/#website","url":"https:\/\/elsuperbeasto.com\/","name":"Quick Hookup","description":"Your Guide To Love","potentialAction":[{"@type":"SearchAction","target":{"@type":"EntryPoint","urlTemplate":"https:\/\/elsuperbeasto.com\/?s={search_term_string}"},"query-input":"required name=search_term_string"}],"inLanguage":"it-IT"},{"@type":"ImageObject","@id":"http:\/\/elsuperbeasto.com\/it\/app-di-incontri-per-nonne\/#primaryimage","inLanguage":"it-IT","url":"http:\/\/elsuperbeasto.com\/wp-content\/uploads\/2022\/08\/find-sex-on-apps.webp","contentUrl":"http:\/\/elsuperbeasto.com\/wp-content\/uploads\/2022\/08\/find-sex-on-apps.webp","width":1125,"height":750},{"@type":"WebPage","@id":"http:\/\/elsuperbeasto.com\/it\/app-di-incontri-per-nonne\/#webpage","url":"http:\/\/elsuperbeasto.com\/it\/app-di-incontri-per-nonne\/","name":"App di incontri per nonne - Quick Hookup","isPartOf":{"@id":"https:\/\/elsuperbeasto.com\/#website"},"primaryImageOfPage":{"@id":"http:\/\/elsuperbeasto.com\/it\/app-di-incontri-per-nonne\/#primaryimage"},"datePublished":"2022-08-18T12:39:47+00:00","dateModified":"2022-09-08T14:39:34+00:00","breadcrumb":{"@id":"http:\/\/elsuperbeasto.com\/it\/app-di-incontri-per-nonne\/#breadcrumb"},"inLanguage":"it-IT","potentialAction":[{"@type":"ReadAction","target":["http:\/\/elsuperbeasto.com\/it\/app-di-incontri-per-nonne\/"]}]},{"@type":"BreadcrumbList","@id":"http:\/\/elsuperbeasto.com\/it\/app-di-incontri-per-nonne\/#breadcrumb","itemListElement":[{"@type":"ListItem","position":1,"name":"Home","item":"https:\/\/elsuperbeasto.com\/it\/"},{"@type":"ListItem","position":2,"name":"App di incontri per nonne"}]}]}},"_links":{"self":[{"href":"http:\/\/elsuperbeasto.com\/it\/wp-json\/wp\/v2\/pages\/315"}],"collection":[{"href":"http:\/\/elsuperbeasto.com\/it\/wp-json\/wp\/v2\/pages"}],"about":[{"href":"http:\/\/elsuperbeasto.com\/it\/wp-json\/wp\/v2\/types\/page"}],"author":[{"embeddable":true,"href":"http:\/\/elsuperbeasto.com\/it\/wp-json\/wp\/v2\/users\/1"}],"replies":[{"embeddable":true,"href":"http:\/\/elsuperbeasto.com\/it\/wp-json\/wp\/v2\/comments?post=315"}],"version-history":[{"count":1,"href":"http:\/\/elsuperbeasto.com\/it\/wp-json\/wp\/v2\/pages\/315\/revisions"}],"predecessor-version":[{"id":399,"href":"http:\/\/elsuperbeasto.com\/it\/wp-json\/wp\/v2\/pages\/315\/revisions\/399"}],"wp:featuredmedia":[{"embeddable":true,"href":"http:\/\/elsuperbeasto.com\/it\/wp-json\/wp\/v2\/media\/231"}],"wp:attachment":[{"href":"http:\/\/elsuperbeasto.com\/it\/wp-json\/wp\/v2\/media?parent=315"}],"curies":[{"name":"wp","href":"https:\/\/api.w.org\/{rel}","templated":true}]}}