{"id":304,"date":"2022-08-18T13:39:07","date_gmt":"2022-08-18T12:39:07","guid":{"rendered":"http:\/\/elsuperbeasto.com\/uscire-con-una-milf-matura\/"},"modified":"2022-08-18T13:39:07","modified_gmt":"2022-08-18T12:39:07","slug":"uscire-con-una-milf-matura","status":"publish","type":"page","link":"http:\/\/elsuperbeasto.com\/it\/uscire-con-una-milf-matura\/","title":{"rendered":"Uscire con una milf matura?"},"content":{"rendered":"<p>I single maturi sono alla ricerca di amore e romanticismo. Se volete trovarli, dovete essere pazienti e aspettare che siano loro a venire da voi. Il modo migliore per incontrare single maturi \u00e8 attraverso siti di incontri come Match.com, eHarmony, OkCupid, ecc. Esistono diversi luoghi in cui \u00e8 possibile trovare donne anziane in cerca di sesso. Il posto migliore per iniziare \u00e8 Craigslist.com. Questo sito ha migliaia di annunci pubblicati ogni giorno da tutto il mondo. Un&#8217;altra grande opzione \u00e8 Backpage.com. Questo sito ha anche milioni di annunci di escort e servizi per adulti.<\/p>\n<p>Si prevede che questa statistica continuer\u00e0 a crescere man mano che un numero maggiore di adulti maturi si trover\u00e0 a proprio agio con la tecnologia e si sentir\u00e0 sicuro nell&#8217;esprimersi online. Di conseguenza, ci sono molti siti di incontri maturi disponibili su Internet. Questi siti consentono agli adulti maturi di incontrare e interagire con altri membri sulla base di interessi comuni. Oltre a incontrare nuove persone, questi siti consentono agli utenti di accedere a contenuti e strumenti esclusivi progettati per migliorare la comunicazione e portare a relazioni durature. Anche se i siti di incontri maturi variano molto in termini di costi di iscrizione, interfaccia utente e qualit\u00e0 complessiva, quelli che seguono sono alcuni dei migliori siti di incontri maturi attualmente disponibili sul web.<\/p>\n<h2>Le nostre scelte migliori:<\/h2>\n<p>Ci sono <a href=\"http:\/\/elsuperbeasto.com\/it\/come-funzionano-gli-incontri-nsa\/\">diversi siti web<\/a> che offrono siti di incontri per anziani, come Senior Matchmaker, Senior People Meet e SeniorsMeet. Questi siti consentono agli utenti di cercare altri membri in base all&#8217;et\u00e0, alla posizione, agli interessi e agli hobby.<\/p>\n<p>Tuttavia, vogliamo fornirvi alcune alternative alle scelte pi\u00f9 diffuse.<\/p>\n<h3>Il tuoTango<\/h3>\n<p>YourTango \u00e8 una piattaforma di incontri online gratuita che si rivolge principalmente ai giovani adulti. Ci\u00f2 significa che YourTango si concentra sul collegamento tra single di 20 e 30 anni.<\/p>\n<p>\u00c8 simile ad altri siti di incontri per adulti maturi in quanto non richiede un abbonamento a pagamento per registrarsi. Tuttavia, dispone di una piccola selezione di funzioni premium che costano 9,99 dollari al mese. L&#8217;obiettivo principale \u00e8 creare connessioni durature tra gli utenti. Per farlo, offre un&#8217;esperienza altamente interattiva in cui gli utenti possono esprimersi liberamente.<\/p>\n<p>Gli utenti possono pubblicare articoli, video e immagini sulle pagine dei loro profili. Possono anche lasciare commenti sui post degli altri membri. Disponibile per dispositivi iOS e Android.<\/p>\n<h3>Zoosk<\/h3>\n<p>Zoosk \u00e8 un sito di incontri online gratuito che si rivolge principalmente a professionisti single. Ci\u00f2 significa che Zoosk \u00e8 orientato verso adulti maturi che desiderano avere appuntamenti all&#8217;interno del proprio settore. \u00c8 simile ad altri siti di incontri maturi in quanto non richiede alcun pagamento per registrarsi. Tuttavia, a differenza di altri siti di incontri maturi, Zoosk fa pagare un canone mensile per gli account premium. L&#8217;account di base include funzionalit\u00e0 di messaggistica e di navigazione illimitate. Le iscrizioni premium includono l&#8217;accesso a funzioni aggiuntive come opzioni di ricerca e visualizzazione migliorate.<\/p>\n<h3>ChristianMingle<\/h3>\n<p>ChristianMingle \u00e8 il primo sito di incontri maturi che si rivolge esclusivamente ai cristiani. Anche se a prima vista pu\u00f2 sembrare limitante, questa app incoraggia gli utenti a espandere i loro orizzonti al di l\u00e0 del loro credo religioso. L&#8217;iscrizione \u00e8 completamente gratuita e offre agli utenti un elenco completo di funzioni. Ad esempio, gli utenti possono leggere biografie dettagliate, vedere foto, aggiungere preferiti e valutare i membri.<\/p>\n<p>Possono anche porre domande e chiedere consigli agli altri membri. Inoltre, offre una funzione di messaggistica privata che consente agli utenti di discutere privatamente di argomenti senza timore di essere giudicati. \u00c8 possibile provare l&#8217;offerta di un abbonamento premium che include l&#8217;accesso a contenuti e funzionalit\u00e0 esclusive.<\/p>\n<h3>Fiammifero<\/h3>\n<p>Sebbene Match.com sia il sito di incontri maturi pi\u00f9 vecchio sul mercato, rimane ancora uno dei pi\u00f9 popolari. Questo sito \u00e8 stato fondato nel 1995 e oggi conta oltre 11 milioni di membri attivi in tutto il mondo.<\/p>\n<p>\u00c8 considerato uno dei migliori siti di incontri maturi perch\u00e9 offre agli utenti un&#8217;ampia gamma di funzioni e servizi. Ad esempio, gli utenti possono ricercare potenziali corrispondenze in base all&#8217;et\u00e0, al sesso, allo stile di vita, alla carriera, alla religione e all&#8217;etnia. Inoltre, offre ai membri la possibilit\u00e0 di condividere foto e video, di ricevere raccomandazioni personalizzate e di connettersi tramite i social network.<\/p>\n<h2>Conclusione<\/h2>\n<p>Non passate il vostro tempo a cercare MILF se non siete pronti a dar loro tutto quello che vogliono. C&#8217;\u00e8 sempre qualcun altro l\u00e0 fuori che vuole trattarle come le dee del sesso che sono in realt\u00e0.<\/p>\n","protected":false},"excerpt":{"rendered":"<p>I single maturi sono alla ricerca di amore e romanticismo. Se volete trovarli, dovete essere pazienti e aspettare che siano loro a venire da voi. Il modo migliore per incontrare single maturi \u00e8 attraverso siti di incontri come Match.com, eHarmony,&hellip; <a href=\"http:\/\/elsuperbeasto.com\/it\/uscire-con-una-milf-matura\/\" class=\"more-link\">Continue Reading <span class=\"meta-nav\">&rarr;<\/span><\/a><\/p>\n","protected":false},"author":1,"featured_media":203,"parent":0,"menu_order":0,"comment_status":"closed","ping_status":"closed","template":"","meta":[],"yoast_head":"<!-- This site is optimized with the Yoast SEO plugin v17.7.1 - https:\/\/yoast.com\/wordpress\/plugins\/seo\/ -->\n<title>Uscire con una milf matura? - Quick Hookup<\/title>\n<meta name=\"robots\" content=\"index, follow, max-snippet:-1, max-image-preview:large, max-video-preview:-1\" \/>\n<link rel=\"canonical\" href=\"http:\/\/elsuperbeasto.com\/it\/uscire-con-una-milf-matura\/\" \/>\n<meta property=\"og:locale\" content=\"it_IT\" \/>\n<meta property=\"og:type\" content=\"article\" \/>\n<meta property=\"og:title\" content=\"Uscire con una milf matura? - Quick Hookup\" \/>\n<meta property=\"og:description\" content=\"I single maturi sono alla ricerca di amore e romanticismo. Se volete trovarli, dovete essere pazienti e aspettare che siano loro a venire da voi. Il modo migliore per incontrare single maturi \u00e8 attraverso siti di incontri come Match.com, eHarmony,&hellip; Continue Reading &rarr;\" \/>\n<meta property=\"og:url\" content=\"http:\/\/elsuperbeasto.com\/it\/uscire-con-una-milf-matura\/\" \/>\n<meta property=\"og:site_name\" content=\"Quick Hookup\" \/>\n<meta property=\"og:image\" content=\"http:\/\/elsuperbeasto.com\/wp-content\/uploads\/2022\/08\/be-mine.jpeg\" \/>\n\t<meta property=\"og:image:width\" content=\"2250\" \/>\n\t<meta property=\"og:image:height\" content=\"1500\" \/>\n<meta name=\"twitter:card\" content=\"summary_large_image\" \/>\n<meta name=\"twitter:label1\" content=\"Tempo di lettura stimato\" \/>\n\t<meta name=\"twitter:data1\" content=\"4 minuti\" \/>\n<script type=\"application\/ld+json\" class=\"yoast-schema-graph\">{\"@context\":\"https:\/\/schema.org\",\"@graph\":[{\"@type\":\"WebSite\",\"@id\":\"https:\/\/elsuperbeasto.com\/#website\",\"url\":\"https:\/\/elsuperbeasto.com\/\",\"name\":\"Quick Hookup\",\"description\":\"Your Guide To Love\",\"potentialAction\":[{\"@type\":\"SearchAction\",\"target\":{\"@type\":\"EntryPoint\",\"urlTemplate\":\"https:\/\/elsuperbeasto.com\/?s={search_term_string}\"},\"query-input\":\"required name=search_term_string\"}],\"inLanguage\":\"it-IT\"},{\"@type\":\"ImageObject\",\"@id\":\"http:\/\/elsuperbeasto.com\/it\/uscire-con-una-milf-matura\/#primaryimage\",\"inLanguage\":\"it-IT\",\"url\":\"http:\/\/elsuperbeasto.com\/wp-content\/uploads\/2022\/08\/be-mine.jpeg\",\"contentUrl\":\"http:\/\/elsuperbeasto.com\/wp-content\/uploads\/2022\/08\/be-mine.jpeg\",\"width\":2250,\"height\":1500},{\"@type\":\"WebPage\",\"@id\":\"http:\/\/elsuperbeasto.com\/it\/uscire-con-una-milf-matura\/#webpage\",\"url\":\"http:\/\/elsuperbeasto.com\/it\/uscire-con-una-milf-matura\/\",\"name\":\"Uscire con una milf matura? - Quick Hookup\",\"isPartOf\":{\"@id\":\"https:\/\/elsuperbeasto.com\/#website\"},\"primaryImageOfPage\":{\"@id\":\"http:\/\/elsuperbeasto.com\/it\/uscire-con-una-milf-matura\/#primaryimage\"},\"datePublished\":\"2022-08-18T12:39:07+00:00\",\"dateModified\":\"2022-08-18T12:39:07+00:00\",\"breadcrumb\":{\"@id\":\"http:\/\/elsuperbeasto.com\/it\/uscire-con-una-milf-matura\/#breadcrumb\"},\"inLanguage\":\"it-IT\",\"potentialAction\":[{\"@type\":\"ReadAction\",\"target\":[\"http:\/\/elsuperbeasto.com\/it\/uscire-con-una-milf-matura\/\"]}]},{\"@type\":\"BreadcrumbList\",\"@id\":\"http:\/\/elsuperbeasto.com\/it\/uscire-con-una-milf-matura\/#breadcrumb\",\"itemListElement\":[{\"@type\":\"ListItem\",\"position\":1,\"name\":\"Home\",\"item\":\"https:\/\/elsuperbeasto.com\/it\/\"},{\"@type\":\"ListItem\",\"position\":2,\"name\":\"Uscire con una milf matura?\"}]}]}<\/script>\n<!-- \/ Yoast SEO plugin. -->","yoast_head_json":{"title":"Uscire con una milf matura? - Quick Hookup","robots":{"index":"index","follow":"follow","max-snippet":"max-snippet:-1","max-image-preview":"max-image-preview:large","max-video-preview":"max-video-preview:-1"},"canonical":"http:\/\/elsuperbeasto.com\/it\/uscire-con-una-milf-matura\/","og_locale":"it_IT","og_type":"article","og_title":"Uscire con una milf matura? - Quick Hookup","og_description":"I single maturi sono alla ricerca di amore e romanticismo. Se volete trovarli, dovete essere pazienti e aspettare che siano loro a venire da voi. Il modo migliore per incontrare single maturi \u00e8 attraverso siti di incontri come Match.com, eHarmony,&hellip; Continue Reading &rarr;","og_url":"http:\/\/elsuperbeasto.com\/it\/uscire-con-una-milf-matura\/","og_site_name":"Quick Hookup","og_image":[{"width":2250,"height":1500,"url":"http:\/\/elsuperbeasto.com\/wp-content\/uploads\/2022\/08\/be-mine.jpeg","type":"image\/jpeg"}],"twitter_card":"summary_large_image","twitter_misc":{"Tempo di lettura stimato":"4 minuti"},"schema":{"@context":"https:\/\/schema.org","@graph":[{"@type":"WebSite","@id":"https:\/\/elsuperbeasto.com\/#website","url":"https:\/\/elsuperbeasto.com\/","name":"Quick Hookup","description":"Your Guide To Love","potentialAction":[{"@type":"SearchAction","target":{"@type":"EntryPoint","urlTemplate":"https:\/\/elsuperbeasto.com\/?s={search_term_string}"},"query-input":"required name=search_term_string"}],"inLanguage":"it-IT"},{"@type":"ImageObject","@id":"http:\/\/elsuperbeasto.com\/it\/uscire-con-una-milf-matura\/#primaryimage","inLanguage":"it-IT","url":"http:\/\/elsuperbeasto.com\/wp-content\/uploads\/2022\/08\/be-mine.jpeg","contentUrl":"http:\/\/elsuperbeasto.com\/wp-content\/uploads\/2022\/08\/be-mine.jpeg","width":2250,"height":1500},{"@type":"WebPage","@id":"http:\/\/elsuperbeasto.com\/it\/uscire-con-una-milf-matura\/#webpage","url":"http:\/\/elsuperbeasto.com\/it\/uscire-con-una-milf-matura\/","name":"Uscire con una milf matura? - Quick Hookup","isPartOf":{"@id":"https:\/\/elsuperbeasto.com\/#website"},"primaryImageOfPage":{"@id":"http:\/\/elsuperbeasto.com\/it\/uscire-con-una-milf-matura\/#primaryimage"},"datePublished":"2022-08-18T12:39:07+00:00","dateModified":"2022-08-18T12:39:07+00:00","breadcrumb":{"@id":"http:\/\/elsuperbeasto.com\/it\/uscire-con-una-milf-matura\/#breadcrumb"},"inLanguage":"it-IT","potentialAction":[{"@type":"ReadAction","target":["http:\/\/elsuperbeasto.com\/it\/uscire-con-una-milf-matura\/"]}]},{"@type":"BreadcrumbList","@id":"http:\/\/elsuperbeasto.com\/it\/uscire-con-una-milf-matura\/#breadcrumb","itemListElement":[{"@type":"ListItem","position":1,"name":"Home","item":"https:\/\/elsuperbeasto.com\/it\/"},{"@type":"ListItem","position":2,"name":"Uscire con una milf matura?"}]}]}},"_links":{"self":[{"href":"http:\/\/elsuperbeasto.com\/it\/wp-json\/wp\/v2\/pages\/304"}],"collection":[{"href":"http:\/\/elsuperbeasto.com\/it\/wp-json\/wp\/v2\/pages"}],"about":[{"href":"http:\/\/elsuperbeasto.com\/it\/wp-json\/wp\/v2\/types\/page"}],"author":[{"embeddable":true,"href":"http:\/\/elsuperbeasto.com\/it\/wp-json\/wp\/v2\/users\/1"}],"replies":[{"embeddable":true,"href":"http:\/\/elsuperbeasto.com\/it\/wp-json\/wp\/v2\/comments?post=304"}],"version-history":[{"count":0,"href":"http:\/\/elsuperbeasto.com\/it\/wp-json\/wp\/v2\/pages\/304\/revisions"}],"wp:featuredmedia":[{"embeddable":true,"href":"http:\/\/elsuperbeasto.com\/it\/wp-json\/wp\/v2\/media\/203"}],"wp:attachment":[{"href":"http:\/\/elsuperbeasto.com\/it\/wp-json\/wp\/v2\/media?parent=304"}],"curies":[{"name":"wp","href":"https:\/\/api.w.org\/{rel}","templated":true}]}}