{"id":293,"date":"2022-08-18T13:44:21","date_gmt":"2022-08-18T12:44:21","guid":{"rendered":"http:\/\/elsuperbeasto.com\/quali-sono-le-migliori-app-per-il-sexting\/"},"modified":"2022-08-18T13:44:21","modified_gmt":"2022-08-18T12:44:21","slug":"quali-sono-le-migliori-app-per-il-sexting","status":"publish","type":"page","link":"http:\/\/elsuperbeasto.com\/it\/quali-sono-le-migliori-app-per-il-sexting\/","title":{"rendered":"Quali sono le migliori app per il sexting?"},"content":{"rendered":"<p>Sai cosa succede quando sei eccitato.  <a href=\"http:\/\/elsuperbeasto.com\/it\/gli-incontri-online-sono-sicuri\/\">Mandate un messaggio al vostro partner<\/a>, inviategli una foto sexy e magari organizzate un appuntamento. Ma a volte le cose non vanno come previsto. Forse non risponde. Oppure non le piace. E ci si chiede se si potr\u00e0 mai rivedere il proprio partner.<\/p>\n<p>Ma grazie a Internet, potete ancora rimorchiare qualcun altro mentre aspettate che il vostro partner si faccia vivo. Ci sono tonnellate di siti di sexting gratuiti in cui \u00e8 possibile trovare persone che desiderano chattare in modo sconcio via testo. Questi siti permettono di flirtare facilmente con gli altri senza doversi preoccupare di essere scoperti. Offrono anche funzioni come camming dal vivo, sesso in webcam e sesso telefonico. Tutto ci\u00f2 che serve \u00e8 uno smartphone e una connessione.<\/p>\n<p>Alcune scelte ben note sono:<\/p>\n<ol>\n<li>Kik &#8211; Kik \u00e8 una delle pi\u00f9 antiche piattaforme di incontri sul web. Esiste dal 2005 ed \u00e8 utilizzato da milioni di persone in tutto il mondo. \u00c8 stato progettato specificamente per gli adolescenti e i giovani adulti, ma chiunque pu\u00f2 utilizzarlo.<\/li>\n<li>Omegle &#8211; Se non avete mai sentito parlare di Omegle, probabilmente \u00e8 perch\u00e9 non \u00e8 molto conosciuto. Questo sito permette di connettersi casualmente con un&#8217;altra persona. Potete parlare con chiunque vogliate, indipendentemente dall&#8217;et\u00e0. Tenete presente che la maggior parte delle persone non \u00e8 interessata a parlare con qualcuno che ha conosciuto online.<\/li>\n<li>Chatroulette &#8211; Come suggerisce il nome, Chatroulette consente di incontrare persone a caso e di iniziare a chattare con loro. \u00c8 simile a Omegle, solo che invece di connettersi con persone che gi\u00e0 si conoscono, ci si connette con perfetti sconosciuti.<\/li>\n<li>Scruff &#8211; Scruff \u00e8 un po&#8217; diverso dagli altri siti di incontri. Invece di abbinare i potenziali appuntamenti in base alle vostre preferenze, vi abbina in base alla vostra posizione. Quindi, se siete a New York e trovate qualcuno nelle vicinanze, potete organizzare un&#8217;uscita insieme.<\/li>\n<\/ol>\n<h2>La nostra app preferita per il sexting online: Confide<\/h2>\n<p>Questa applicazione gratuita \u00e8 semplice e facile da usare e consente di inviare foto privatamente via testo. Non dovete preoccuparvi di inviare per sbaglio qualcosa di troppo spinto, perch\u00e9 non ci sono opzioni per la condivisione di immagini. L&#8217;unica cosa che si pu\u00f2 fare \u00e8 cancellare i messaggi. Se volete mantenere la leggerezza, provate la &#8220;modalit\u00e0 flirty&#8221;, in cui potete aggiungere emoji ai vostri messaggi.<\/p>\n<h2>Per rimorchiare dopo il sexting? AFF \u00e8 la scelta migliore<\/h2>\n<p>AdultFriendFinder, o AFF, \u00e8 uno dei pi\u00f9 grandi siti di chat sessuali gratuite. Se siete alla ricerca di un posto dove flirtare, uscire con qualcuno o anche rimorchiare nelle vicinanze, vale sicuramente la pena di dare un&#8217;occhiata.<\/p>\n<p>Ci sono molti modi diversi per comunicare con gli altri sul sito, tra cui messaggi di testo, e-mail e messaggistica istantanea. \u00c8 inoltre possibile utilizzare la funzione webcam per videochattare con altri membri.<\/p>\n<p>Potete anche scegliere di entrare in una categoria specifica e sfogliare i profili in base a ci\u00f2 che vi interessa. Che tu voglia incontrare qualcuno per un&#8217;avventura veloce, per uscire o per qualcosa di completamente diverso, AdultFriendFinder ha una comunit\u00e0 per tutti.<\/p>\n<h2>Il nostro consiglio<\/h2>\n<p>Proprio come qualsiasi altra cosa, il sexting pu\u00f2 portare a dei problemi. Dovreste inviare nudi solo a persone di cui vi fidate. Questo significa che dovreste inviare nudi solo tramite messaggi di testo o e-mail. Non caricare mai nudi su un sito web o su un social network. Non inviate nudi a sconosciuti o a persone che non conoscete personalmente.<\/p>\n<p>Quando si inizia a fare sexting, \u00e8 normale sentirsi eccitati. Ma \u00e8 importante stabilire dei limiti fin dall&#8217;inizio. Ad esempio, dovreste dire ai vostri partner che non invierete nudi senza autorizzazione. In questo modo si fa capire che si rispetta la loro privacy. Inoltre, dovreste far sapere ai vostri partner che siete interessati solo al sexting. Non dovete aspettarvi che il vostro partner segua ogni vostra richiesta.<\/p>\n<p>Ricordate che il sexting non \u00e8 un gioco. \u00c8 una cosa seria. E dovreste trattarlo come tale. Iniziate subito a fare sexting! Vi divertirete come non mai.<\/p>\n","protected":false},"excerpt":{"rendered":"<p>Sai cosa succede quando sei eccitato. Mandate un messaggio al vostro partner, inviategli una foto sexy e magari organizzate un appuntamento. Ma a volte le cose non vanno come previsto. Forse non risponde. Oppure non le piace. E ci si&hellip; <a href=\"http:\/\/elsuperbeasto.com\/it\/quali-sono-le-migliori-app-per-il-sexting\/\" class=\"more-link\">Continue Reading <span class=\"meta-nav\">&rarr;<\/span><\/a><\/p>\n","protected":false},"author":1,"featured_media":119,"parent":0,"menu_order":0,"comment_status":"closed","ping_status":"closed","template":"","meta":[],"yoast_head":"<!-- This site is optimized with the Yoast SEO plugin v17.7.1 - https:\/\/yoast.com\/wordpress\/plugins\/seo\/ -->\n<title>Quali sono le migliori app per il sexting? - Quick Hookup<\/title>\n<meta name=\"robots\" content=\"index, follow, max-snippet:-1, max-image-preview:large, max-video-preview:-1\" \/>\n<link rel=\"canonical\" href=\"http:\/\/elsuperbeasto.com\/it\/quali-sono-le-migliori-app-per-il-sexting\/\" \/>\n<meta property=\"og:locale\" content=\"it_IT\" \/>\n<meta property=\"og:type\" content=\"article\" \/>\n<meta property=\"og:title\" content=\"Quali sono le migliori app per il sexting? - Quick Hookup\" \/>\n<meta property=\"og:description\" content=\"Sai cosa succede quando sei eccitato. Mandate un messaggio al vostro partner, inviategli una foto sexy e magari organizzate un appuntamento. Ma a volte le cose non vanno come previsto. Forse non risponde. Oppure non le piace. E ci si&hellip; Continue Reading &rarr;\" \/>\n<meta property=\"og:url\" content=\"http:\/\/elsuperbeasto.com\/it\/quali-sono-le-migliori-app-per-il-sexting\/\" \/>\n<meta property=\"og:site_name\" content=\"Quick Hookup\" \/>\n<meta property=\"og:image\" content=\"http:\/\/elsuperbeasto.com\/wp-content\/uploads\/2022\/08\/online-dating-apps.jpeg\" \/>\n\t<meta property=\"og:image:width\" content=\"2256\" \/>\n\t<meta property=\"og:image:height\" content=\"1500\" \/>\n<meta name=\"twitter:card\" content=\"summary_large_image\" \/>\n<meta name=\"twitter:label1\" content=\"Tempo di lettura stimato\" \/>\n\t<meta name=\"twitter:data1\" content=\"3 minuti\" \/>\n<script type=\"application\/ld+json\" class=\"yoast-schema-graph\">{\"@context\":\"https:\/\/schema.org\",\"@graph\":[{\"@type\":\"WebSite\",\"@id\":\"https:\/\/elsuperbeasto.com\/#website\",\"url\":\"https:\/\/elsuperbeasto.com\/\",\"name\":\"Quick Hookup\",\"description\":\"Your Guide To Love\",\"potentialAction\":[{\"@type\":\"SearchAction\",\"target\":{\"@type\":\"EntryPoint\",\"urlTemplate\":\"https:\/\/elsuperbeasto.com\/?s={search_term_string}\"},\"query-input\":\"required name=search_term_string\"}],\"inLanguage\":\"it-IT\"},{\"@type\":\"ImageObject\",\"@id\":\"http:\/\/elsuperbeasto.com\/it\/quali-sono-le-migliori-app-per-il-sexting\/#primaryimage\",\"inLanguage\":\"it-IT\",\"url\":\"http:\/\/elsuperbeasto.com\/wp-content\/uploads\/2022\/08\/online-dating-apps.jpeg\",\"contentUrl\":\"http:\/\/elsuperbeasto.com\/wp-content\/uploads\/2022\/08\/online-dating-apps.jpeg\",\"width\":2256,\"height\":1500},{\"@type\":\"WebPage\",\"@id\":\"http:\/\/elsuperbeasto.com\/it\/quali-sono-le-migliori-app-per-il-sexting\/#webpage\",\"url\":\"http:\/\/elsuperbeasto.com\/it\/quali-sono-le-migliori-app-per-il-sexting\/\",\"name\":\"Quali sono le migliori app per il sexting? - Quick Hookup\",\"isPartOf\":{\"@id\":\"https:\/\/elsuperbeasto.com\/#website\"},\"primaryImageOfPage\":{\"@id\":\"http:\/\/elsuperbeasto.com\/it\/quali-sono-le-migliori-app-per-il-sexting\/#primaryimage\"},\"datePublished\":\"2022-08-18T12:44:21+00:00\",\"dateModified\":\"2022-08-18T12:44:21+00:00\",\"breadcrumb\":{\"@id\":\"http:\/\/elsuperbeasto.com\/it\/quali-sono-le-migliori-app-per-il-sexting\/#breadcrumb\"},\"inLanguage\":\"it-IT\",\"potentialAction\":[{\"@type\":\"ReadAction\",\"target\":[\"http:\/\/elsuperbeasto.com\/it\/quali-sono-le-migliori-app-per-il-sexting\/\"]}]},{\"@type\":\"BreadcrumbList\",\"@id\":\"http:\/\/elsuperbeasto.com\/it\/quali-sono-le-migliori-app-per-il-sexting\/#breadcrumb\",\"itemListElement\":[{\"@type\":\"ListItem\",\"position\":1,\"name\":\"Home\",\"item\":\"https:\/\/elsuperbeasto.com\/it\/\"},{\"@type\":\"ListItem\",\"position\":2,\"name\":\"Quali sono le migliori app per il sexting?\"}]}]}<\/script>\n<!-- \/ Yoast SEO plugin. -->","yoast_head_json":{"title":"Quali sono le migliori app per il sexting? - Quick Hookup","robots":{"index":"index","follow":"follow","max-snippet":"max-snippet:-1","max-image-preview":"max-image-preview:large","max-video-preview":"max-video-preview:-1"},"canonical":"http:\/\/elsuperbeasto.com\/it\/quali-sono-le-migliori-app-per-il-sexting\/","og_locale":"it_IT","og_type":"article","og_title":"Quali sono le migliori app per il sexting? - Quick Hookup","og_description":"Sai cosa succede quando sei eccitato. Mandate un messaggio al vostro partner, inviategli una foto sexy e magari organizzate un appuntamento. Ma a volte le cose non vanno come previsto. Forse non risponde. Oppure non le piace. E ci si&hellip; Continue Reading &rarr;","og_url":"http:\/\/elsuperbeasto.com\/it\/quali-sono-le-migliori-app-per-il-sexting\/","og_site_name":"Quick Hookup","og_image":[{"width":2256,"height":1500,"url":"http:\/\/elsuperbeasto.com\/wp-content\/uploads\/2022\/08\/online-dating-apps.jpeg","type":"image\/jpeg"}],"twitter_card":"summary_large_image","twitter_misc":{"Tempo di lettura stimato":"3 minuti"},"schema":{"@context":"https:\/\/schema.org","@graph":[{"@type":"WebSite","@id":"https:\/\/elsuperbeasto.com\/#website","url":"https:\/\/elsuperbeasto.com\/","name":"Quick Hookup","description":"Your Guide To Love","potentialAction":[{"@type":"SearchAction","target":{"@type":"EntryPoint","urlTemplate":"https:\/\/elsuperbeasto.com\/?s={search_term_string}"},"query-input":"required name=search_term_string"}],"inLanguage":"it-IT"},{"@type":"ImageObject","@id":"http:\/\/elsuperbeasto.com\/it\/quali-sono-le-migliori-app-per-il-sexting\/#primaryimage","inLanguage":"it-IT","url":"http:\/\/elsuperbeasto.com\/wp-content\/uploads\/2022\/08\/online-dating-apps.jpeg","contentUrl":"http:\/\/elsuperbeasto.com\/wp-content\/uploads\/2022\/08\/online-dating-apps.jpeg","width":2256,"height":1500},{"@type":"WebPage","@id":"http:\/\/elsuperbeasto.com\/it\/quali-sono-le-migliori-app-per-il-sexting\/#webpage","url":"http:\/\/elsuperbeasto.com\/it\/quali-sono-le-migliori-app-per-il-sexting\/","name":"Quali sono le migliori app per il sexting? - Quick Hookup","isPartOf":{"@id":"https:\/\/elsuperbeasto.com\/#website"},"primaryImageOfPage":{"@id":"http:\/\/elsuperbeasto.com\/it\/quali-sono-le-migliori-app-per-il-sexting\/#primaryimage"},"datePublished":"2022-08-18T12:44:21+00:00","dateModified":"2022-08-18T12:44:21+00:00","breadcrumb":{"@id":"http:\/\/elsuperbeasto.com\/it\/quali-sono-le-migliori-app-per-il-sexting\/#breadcrumb"},"inLanguage":"it-IT","potentialAction":[{"@type":"ReadAction","target":["http:\/\/elsuperbeasto.com\/it\/quali-sono-le-migliori-app-per-il-sexting\/"]}]},{"@type":"BreadcrumbList","@id":"http:\/\/elsuperbeasto.com\/it\/quali-sono-le-migliori-app-per-il-sexting\/#breadcrumb","itemListElement":[{"@type":"ListItem","position":1,"name":"Home","item":"https:\/\/elsuperbeasto.com\/it\/"},{"@type":"ListItem","position":2,"name":"Quali sono le migliori app per il sexting?"}]}]}},"_links":{"self":[{"href":"http:\/\/elsuperbeasto.com\/it\/wp-json\/wp\/v2\/pages\/293"}],"collection":[{"href":"http:\/\/elsuperbeasto.com\/it\/wp-json\/wp\/v2\/pages"}],"about":[{"href":"http:\/\/elsuperbeasto.com\/it\/wp-json\/wp\/v2\/types\/page"}],"author":[{"embeddable":true,"href":"http:\/\/elsuperbeasto.com\/it\/wp-json\/wp\/v2\/users\/1"}],"replies":[{"embeddable":true,"href":"http:\/\/elsuperbeasto.com\/it\/wp-json\/wp\/v2\/comments?post=293"}],"version-history":[{"count":0,"href":"http:\/\/elsuperbeasto.com\/it\/wp-json\/wp\/v2\/pages\/293\/revisions"}],"wp:featuredmedia":[{"embeddable":true,"href":"http:\/\/elsuperbeasto.com\/it\/wp-json\/wp\/v2\/media\/119"}],"wp:attachment":[{"href":"http:\/\/elsuperbeasto.com\/it\/wp-json\/wp\/v2\/media?parent=293"}],"curies":[{"name":"wp","href":"https:\/\/api.w.org\/{rel}","templated":true}]}}