{"id":269,"date":"2022-08-18T13:49:33","date_gmt":"2022-08-18T12:49:33","guid":{"rendered":"http:\/\/elsuperbeasto.com\/come-incontrare-single-nelle-vicinanze\/"},"modified":"2022-09-08T15:42:49","modified_gmt":"2022-09-08T14:42:49","slug":"come-incontrare-single-nelle-vicinanze","status":"publish","type":"page","link":"http:\/\/elsuperbeasto.com\/it\/come-incontrare-single-nelle-vicinanze\/","title":{"rendered":"Come incontrare single nelle vicinanze"},"content":{"rendered":"<p>Ci sono molti tipi diversi di persone in cerca di amore. C&#8217;\u00e8 chi vuole <a href=\"http:\/\/elsuperbeasto.com\/it\/come-uscire-con-le-donne-del-posto\/\">uscire con qualcuno della propria religione, etnia, fascia d&#8217;et\u00e0<\/a>, ecc. e chi invece vuole solo trovare qualcuno che condivida interessi simili. Se siete tra coloro che desiderano incontrare una persona speciale, ecco alcune ottime opzioni per trovare single affini.<\/p>\n<h2>Il nostro consiglio<\/h2>\n<p>Gli incontri online sono diventati uno dei metodi pi\u00f9 popolari per incontrare potenziali partner romantici.<\/p>\n<p>Con milioni di uomini e donne single che utilizzano i siti di incontri online ogni mese <a href=\"https:\/\/www.free-adult-cams.com\/it\/siti-come-camvault\/\">Camvault<\/a>, non c&#8217;\u00e8 da stupirsi che sempre pi\u00f9 coppie si rivolgano agli incontri online per trovare l&#8217;anima gemella. Tuttavia, nonostante la sua popolarit\u00e0, gli incontri online comportano ancora molti rischi. Ad esempio, pu\u00f2 essere difficile capire se una persona che vi interessa \u00e8 davvero intenzionata a portare avanti una relazione con voi.<\/p>\n<h3>Utilizzate le prove gratuite prima di pagare<\/h3>\n<p>Molte persone pensano che pagare per i servizi di incontri online sia una parte necessaria del processo. Tuttavia, questo non \u00e8 vero. Ci sono molti siti di incontri online gratuiti in cui \u00e8 possibile iscriversi e sfogliare i profili senza spendere soldi. Inoltre, \u00e8 spesso possibile ricevere corrispondenze in base ai propri interessi, alla posizione e agli hobby.<\/p>\n<h3>Sapere cosa si vuole prima di iscriversi a qualsiasi sito<\/h3>\n<p>Prima di iscrivervi a qualsiasi sito, prendetevi un po&#8217; di tempo per pensare <a href=\"https:\/\/www.gay-dating.org\/it\/\">chat sesso gay<\/a> a ci\u00f2 che volete dal vostro partner. Ad esempio, vive vicino a voi? Condivide i vostri valori e le vostre convinzioni? Avete obiettivi simili nella vita? Queste domande vi aiuteranno a restringere la ricerca e a farvi un&#8217;idea pi\u00f9 precisa di ci\u00f2 che state cercando.<\/p>\n<h3>Siate sinceri con voi stessi<\/h3>\n<p>Infine, ricordate che l&#8217;onest\u00e0 \u00e8 fondamentale. Per quanto ci si possa fidare di qualcuno, non bisogna mai mentire a se stessi. Se non siete sicuri di qualcosa, ditelo invece di fingere che tutto vada bene. In questo modo eviterete di sprecare il vostro tempo con un incontro sbagliato e non vi sentirete in colpa in seguito.<\/p>\n<h2>Vuoi trovare un appuntamento in modo discreto?<\/h2>\n<p>Ashley Madison \u00e8 uno dei siti di incontri pi\u00f9 popolari. Con oltre 30 milioni di membri in tutto il mondo, non c&#8217;\u00e8 da stupirsi del perch\u00e9. Se siete alla ricerca di una relazione discreta, questo potrebbe essere il posto perfetto per voi. Ci sono tantissimi modi diversi per trovare partner sessuali sul sito, tra cui sfogliare i profili, inviare messaggi, chattare online e persino fare sesso telefonico. E anche se pu\u00f2 sembrare un tradimento, a molte persone piace incontrare qualcuno con cui hanno parlato online.<\/p>\n<h2>Senza legami<\/h2>\n<p>NoStringsAttached \u00e8 un&#8217;applicazione di incontri gratuita che si <a href=\"http:\/\/www.nosignupporngames.net\/it\/giochi-di-sesso-gratis-senza-carta-di-credito\/\">giochi sessuali gratis<\/a> concentra sull&#8217;offerta di un ambiente sicuro per gli adulti che possono praticare attivit\u00e0 sessuale senza doversi preoccupare di essere scoperti. Se siete sempre stati curiosi di provare il sexting, questo \u00e8 il posto giusto per farlo. Questa applicazione \u00e8 stata progettata appositamente per coloro che desiderano avere incontri occasionali con il consenso di entrambe le parti. Che siate alla ricerca di qualcosa di perverso o che vogliate semplicemente provare la sensazione di inviare foto di nudo a qualcun altro, NSA \u00e8 il luogo perfetto per iniziare.<\/p>\n<p>L&#8217;applicazione \u00e8 molto semplice da usare. Vi verr\u00e0 chiesto di compilare un breve questionario che vi pone domande come l&#8217;et\u00e0, se siete alla ricerca di incontri o relazioni, ecc. Una volta terminato di rispondere alle domande, sar\u00e0 possibile sfogliare i profili in base alle proprie preferenze. \u00c8 possibile scegliere tra tre diverse categorie: &#8220;Etero&#8221;, &#8220;Gay&#8221; e &#8220;Lesbica&#8221;. Ogni categoria contiene dei sottogruppi che permettono di restringere ulteriormente le ricerche.<\/p>\n","protected":false},"excerpt":{"rendered":"<p>Ci sono molti tipi diversi di persone in cerca di amore. C&#8217;\u00e8 chi vuole uscire con qualcuno della propria religione, etnia, fascia d&#8217;et\u00e0, ecc. e chi invece vuole solo trovare qualcuno che condivida interessi simili. Se siete tra coloro che&hellip; <a href=\"http:\/\/elsuperbeasto.com\/it\/come-incontrare-single-nelle-vicinanze\/\" class=\"more-link\">Continue Reading <span class=\"meta-nav\">&rarr;<\/span><\/a><\/p>\n","protected":false},"author":1,"featured_media":175,"parent":0,"menu_order":0,"comment_status":"closed","ping_status":"closed","template":"","meta":[],"yoast_head":"<!-- This site is optimized with the Yoast SEO plugin v17.7.1 - https:\/\/yoast.com\/wordpress\/plugins\/seo\/ -->\n<title>Come incontrare single nelle vicinanze - Quick Hookup<\/title>\n<meta name=\"robots\" content=\"index, follow, max-snippet:-1, max-image-preview:large, max-video-preview:-1\" \/>\n<link rel=\"canonical\" href=\"http:\/\/elsuperbeasto.com\/it\/come-incontrare-single-nelle-vicinanze\/\" \/>\n<meta property=\"og:locale\" content=\"it_IT\" \/>\n<meta property=\"og:type\" content=\"article\" \/>\n<meta property=\"og:title\" content=\"Come incontrare single nelle vicinanze - Quick Hookup\" \/>\n<meta property=\"og:description\" content=\"Ci sono molti tipi diversi di persone in cerca di amore. C&#8217;\u00e8 chi vuole uscire con qualcuno della propria religione, etnia, fascia d&#8217;et\u00e0, ecc. e chi invece vuole solo trovare qualcuno che condivida interessi simili. Se siete tra coloro che&hellip; Continue Reading &rarr;\" \/>\n<meta property=\"og:url\" content=\"http:\/\/elsuperbeasto.com\/it\/come-incontrare-single-nelle-vicinanze\/\" \/>\n<meta property=\"og:site_name\" content=\"Quick Hookup\" \/>\n<meta property=\"article:modified_time\" content=\"2022-09-08T14:42:49+00:00\" \/>\n<meta property=\"og:image\" content=\"http:\/\/elsuperbeasto.com\/wp-content\/uploads\/2022\/08\/love-apps.jpeg\" \/>\n\t<meta property=\"og:image:width\" content=\"1000\" \/>\n\t<meta property=\"og:image:height\" content=\"1500\" \/>\n<meta name=\"twitter:card\" content=\"summary_large_image\" \/>\n<meta name=\"twitter:label1\" content=\"Tempo di lettura stimato\" \/>\n\t<meta name=\"twitter:data1\" content=\"3 minuti\" \/>\n<script type=\"application\/ld+json\" class=\"yoast-schema-graph\">{\"@context\":\"https:\/\/schema.org\",\"@graph\":[{\"@type\":\"WebSite\",\"@id\":\"https:\/\/elsuperbeasto.com\/#website\",\"url\":\"https:\/\/elsuperbeasto.com\/\",\"name\":\"Quick Hookup\",\"description\":\"Your Guide To Love\",\"potentialAction\":[{\"@type\":\"SearchAction\",\"target\":{\"@type\":\"EntryPoint\",\"urlTemplate\":\"https:\/\/elsuperbeasto.com\/?s={search_term_string}\"},\"query-input\":\"required name=search_term_string\"}],\"inLanguage\":\"it-IT\"},{\"@type\":\"ImageObject\",\"@id\":\"http:\/\/elsuperbeasto.com\/it\/come-incontrare-single-nelle-vicinanze\/#primaryimage\",\"inLanguage\":\"it-IT\",\"url\":\"http:\/\/elsuperbeasto.com\/wp-content\/uploads\/2022\/08\/love-apps.jpeg\",\"contentUrl\":\"http:\/\/elsuperbeasto.com\/wp-content\/uploads\/2022\/08\/love-apps.jpeg\",\"width\":1000,\"height\":1500},{\"@type\":\"WebPage\",\"@id\":\"http:\/\/elsuperbeasto.com\/it\/come-incontrare-single-nelle-vicinanze\/#webpage\",\"url\":\"http:\/\/elsuperbeasto.com\/it\/come-incontrare-single-nelle-vicinanze\/\",\"name\":\"Come incontrare single nelle vicinanze - Quick Hookup\",\"isPartOf\":{\"@id\":\"https:\/\/elsuperbeasto.com\/#website\"},\"primaryImageOfPage\":{\"@id\":\"http:\/\/elsuperbeasto.com\/it\/come-incontrare-single-nelle-vicinanze\/#primaryimage\"},\"datePublished\":\"2022-08-18T12:49:33+00:00\",\"dateModified\":\"2022-09-08T14:42:49+00:00\",\"breadcrumb\":{\"@id\":\"http:\/\/elsuperbeasto.com\/it\/come-incontrare-single-nelle-vicinanze\/#breadcrumb\"},\"inLanguage\":\"it-IT\",\"potentialAction\":[{\"@type\":\"ReadAction\",\"target\":[\"http:\/\/elsuperbeasto.com\/it\/come-incontrare-single-nelle-vicinanze\/\"]}]},{\"@type\":\"BreadcrumbList\",\"@id\":\"http:\/\/elsuperbeasto.com\/it\/come-incontrare-single-nelle-vicinanze\/#breadcrumb\",\"itemListElement\":[{\"@type\":\"ListItem\",\"position\":1,\"name\":\"Home\",\"item\":\"https:\/\/elsuperbeasto.com\/it\/\"},{\"@type\":\"ListItem\",\"position\":2,\"name\":\"Come incontrare single nelle vicinanze\"}]}]}<\/script>\n<!-- \/ Yoast SEO plugin. -->","yoast_head_json":{"title":"Come incontrare single nelle vicinanze - Quick Hookup","robots":{"index":"index","follow":"follow","max-snippet":"max-snippet:-1","max-image-preview":"max-image-preview:large","max-video-preview":"max-video-preview:-1"},"canonical":"http:\/\/elsuperbeasto.com\/it\/come-incontrare-single-nelle-vicinanze\/","og_locale":"it_IT","og_type":"article","og_title":"Come incontrare single nelle vicinanze - Quick Hookup","og_description":"Ci sono molti tipi diversi di persone in cerca di amore. C&#8217;\u00e8 chi vuole uscire con qualcuno della propria religione, etnia, fascia d&#8217;et\u00e0, ecc. e chi invece vuole solo trovare qualcuno che condivida interessi simili. Se siete tra coloro che&hellip; Continue Reading &rarr;","og_url":"http:\/\/elsuperbeasto.com\/it\/come-incontrare-single-nelle-vicinanze\/","og_site_name":"Quick Hookup","article_modified_time":"2022-09-08T14:42:49+00:00","og_image":[{"width":1000,"height":1500,"url":"http:\/\/elsuperbeasto.com\/wp-content\/uploads\/2022\/08\/love-apps.jpeg","type":"image\/jpeg"}],"twitter_card":"summary_large_image","twitter_misc":{"Tempo di lettura stimato":"3 minuti"},"schema":{"@context":"https:\/\/schema.org","@graph":[{"@type":"WebSite","@id":"https:\/\/elsuperbeasto.com\/#website","url":"https:\/\/elsuperbeasto.com\/","name":"Quick Hookup","description":"Your Guide To Love","potentialAction":[{"@type":"SearchAction","target":{"@type":"EntryPoint","urlTemplate":"https:\/\/elsuperbeasto.com\/?s={search_term_string}"},"query-input":"required name=search_term_string"}],"inLanguage":"it-IT"},{"@type":"ImageObject","@id":"http:\/\/elsuperbeasto.com\/it\/come-incontrare-single-nelle-vicinanze\/#primaryimage","inLanguage":"it-IT","url":"http:\/\/elsuperbeasto.com\/wp-content\/uploads\/2022\/08\/love-apps.jpeg","contentUrl":"http:\/\/elsuperbeasto.com\/wp-content\/uploads\/2022\/08\/love-apps.jpeg","width":1000,"height":1500},{"@type":"WebPage","@id":"http:\/\/elsuperbeasto.com\/it\/come-incontrare-single-nelle-vicinanze\/#webpage","url":"http:\/\/elsuperbeasto.com\/it\/come-incontrare-single-nelle-vicinanze\/","name":"Come incontrare single nelle vicinanze - Quick Hookup","isPartOf":{"@id":"https:\/\/elsuperbeasto.com\/#website"},"primaryImageOfPage":{"@id":"http:\/\/elsuperbeasto.com\/it\/come-incontrare-single-nelle-vicinanze\/#primaryimage"},"datePublished":"2022-08-18T12:49:33+00:00","dateModified":"2022-09-08T14:42:49+00:00","breadcrumb":{"@id":"http:\/\/elsuperbeasto.com\/it\/come-incontrare-single-nelle-vicinanze\/#breadcrumb"},"inLanguage":"it-IT","potentialAction":[{"@type":"ReadAction","target":["http:\/\/elsuperbeasto.com\/it\/come-incontrare-single-nelle-vicinanze\/"]}]},{"@type":"BreadcrumbList","@id":"http:\/\/elsuperbeasto.com\/it\/come-incontrare-single-nelle-vicinanze\/#breadcrumb","itemListElement":[{"@type":"ListItem","position":1,"name":"Home","item":"https:\/\/elsuperbeasto.com\/it\/"},{"@type":"ListItem","position":2,"name":"Come incontrare single nelle vicinanze"}]}]}},"_links":{"self":[{"href":"http:\/\/elsuperbeasto.com\/it\/wp-json\/wp\/v2\/pages\/269"}],"collection":[{"href":"http:\/\/elsuperbeasto.com\/it\/wp-json\/wp\/v2\/pages"}],"about":[{"href":"http:\/\/elsuperbeasto.com\/it\/wp-json\/wp\/v2\/types\/page"}],"author":[{"embeddable":true,"href":"http:\/\/elsuperbeasto.com\/it\/wp-json\/wp\/v2\/users\/1"}],"replies":[{"embeddable":true,"href":"http:\/\/elsuperbeasto.com\/it\/wp-json\/wp\/v2\/comments?post=269"}],"version-history":[{"count":3,"href":"http:\/\/elsuperbeasto.com\/it\/wp-json\/wp\/v2\/pages\/269\/revisions"}],"predecessor-version":[{"id":403,"href":"http:\/\/elsuperbeasto.com\/it\/wp-json\/wp\/v2\/pages\/269\/revisions\/403"}],"wp:featuredmedia":[{"embeddable":true,"href":"http:\/\/elsuperbeasto.com\/it\/wp-json\/wp\/v2\/media\/175"}],"wp:attachment":[{"href":"http:\/\/elsuperbeasto.com\/it\/wp-json\/wp\/v2\/media?parent=269"}],"curies":[{"name":"wp","href":"https:\/\/api.w.org\/{rel}","templated":true}]}}