{"id":261,"date":"2022-08-18T14:10:21","date_gmt":"2022-08-18T13:10:21","guid":{"rendered":"http:\/\/elsuperbeasto.com\/come-funzionano-gli-incontri-nsa\/"},"modified":"2022-08-18T14:10:21","modified_gmt":"2022-08-18T13:10:21","slug":"come-funzionano-gli-incontri-nsa","status":"publish","type":"page","link":"http:\/\/elsuperbeasto.com\/it\/come-funzionano-gli-incontri-nsa\/","title":{"rendered":"Come funzionano gli incontri NSA?"},"content":{"rendered":"<p>Molti ragazzi hanno paura di approcciare le donne perch\u00e9 pensano di sembrare disperati o inquietanti. Ma non c&#8217;\u00e8 motivo di preoccuparsi di essere prepotenti o aggressivi: cercate di trattare ogni donna come se fosse speciale. Se vuoi uscire con una donna che vuole rimorchiare, non devi convincerla a venire a letto con te. Bisogna solo trovare il modo giusto per farlo.<\/p>\n<p>&nbsp;<\/p>\n<h2>E le app di incontri?<\/h2>\n<p>Le avventure di una notte sono divertenti ed eccitanti, <a href=\"http:\/\/elsuperbeasto.com\/it\/come-incontrare-single-nelle-vicinanze\/\">ma pu\u00f2 essere difficile trovare le app da usare per assicurarsi che tutto vada liscio<\/a>. Ci sono molte app che pretendono di aiutare le persone a pianificare le avventure di una notte, ma alcune non funzionano molto bene e altre sono semplicemente fastidiose. Abbiamo compilato un elenco delle nostre app preferite per le avventure di una notte, comprese quelle che consentono di programmare incontri, trovare incontri nelle vicinanze e persino connettersi con i single locali.<\/p>\n<p>Siete single e siete stanchi di uscire con gli stessi ragazzi noiosi ogni fine settimana? Pensi di meritare qualcosa di pi\u00f9 del semplice sesso occasionale? Se s\u00ec, allora probabilmente siete interessati a incontrare una donna per un&#8217;avventura di una notte.<\/p>\n<p>Ci sono molti siti web online che offrono servizi di questo tipo. Tuttavia, la maggior parte di essi \u00e8 troppo costosa o non offre risultati.<\/p>\n<p>Ecco perch\u00e9 ho deciso di scrivere un articolo che elenca i 10 posti migliori per trovare un&#8217;avventura di una notte. Dopo aver letto questo articolo, si spera di imparare a trovare un comodino unico in modo semplice e veloce.<\/p>\n<h3>Personali su Craigslist<\/h3>\n<p>Craigslist \u00e8 uno dei pi\u00f9 antichi siti online. Sebbene sia cambiato notevolmente dalla sua creazione, rimane ancora popolare tra coloro che sono alla ricerca di avventure di una notte.<\/p>\n<p>In effetti, Craigslist \u00e8 uno dei modi pi\u00f9 facili per trovare un comodino grazie alla sua semplicit\u00e0. Tutto quello che dovete fare \u00e8 cercare gli annunci relativi alle &#8220;avventure di una notte&#8221;.<\/p>\n<p>Tuttavia, potrebbe essere necessario pagare per ogni annuncio. Questo dipende dal fatto che la persona che pubblica l&#8217;annuncio voglia o meno farvi pagare.<\/p>\n<h3>Trova amici per adulti<\/h3>\n<p>AdultFriendFinder.com \u00e8 un altro sito che offre incontri di una notte. Sebbene non consenta di cercare tipi specifici di donne, offre diverse funzioni per aiutarvi a trovare esattamente ci\u00f2 che state cercando.<\/p>\n<p>Ad esempio, \u00e8 possibile filtrare i risultati in base alla posizione, al sesso, all&#8217;et\u00e0, all&#8217;etnia, allo stato di relazione, all&#8217;orientamento sessuale e molto altro ancora.<\/p>\n<p>\u00c8 anche possibile inviare messaggi ai potenziali partner tramite e-mail, messaggistica istantanea, telefonate e video chat.<\/p>\n<h3>Ashley Madison<\/h3>\n<p>AshleyMadison.com \u00e8 un sito per adulti che permette agli utenti di cercare storie di una notte. In media, gli uomini spendono 50 dollari al mese su Ashley Madison. Sebbene il sito non sia particolarmente facile da usare, offre un&#8217;ampia gamma di funzioni. Ad esempio, \u00e8 possibile sfogliare i profili, vedere le foto, leggere le recensioni e persino contattare direttamente i membri.<\/p>\n<p>Le avventure di una notte non sono mai positive per nessuno dei coinvolti. Se state cercando qualcosa di serio, allora non fatelo. Se volete essere trattate come regine, trattate anche gli altri come tali. Non andate a letto con qualcuno solo perch\u00e9 \u00e8 sexy, a meno che non siate disposti a dargli tutte le attenzioni che merita. Ashley Madison \u00e8 la migliore app di incontri per le avventure di una notte perch\u00e9 permette agli utenti di trovare nuovi partner sessuali in base agli interessi comuni. L&#8217;applicazione \u00e8 stata scaricata pi\u00f9 di 200 milioni di volte in tutto il mondo, diventando cos\u00ec la pi\u00f9 grande applicazione mobile di incontri. Gli utenti possono sfogliare i potenziali incontri in base all&#8217;et\u00e0, alla posizione, al sesso e ad altri criteri.<\/p>\n<h3>Qual \u00e8 il modo migliore per trovare un&#8217;avventura di una notte?<\/h3>\n<p>Il modo migliore per trovare un incontro occasionale \u00e8 attraverso app come AFF o Ashley Madison, che permettono agli utenti di scorrere il dito a destra per il &#8220;s\u00ec&#8221; o a sinistra per il &#8220;no&#8221;. Se a qualcuno piace ci\u00f2 che vede, pu\u00f2 inviare un messaggio per chiedere di uscire. Il sesso occasionale \u00e8 spesso descritto come un rapporto senza legami, nel senso che entrambe le parti concordano di incontrarsi in futuro.<\/p>\n<h3>Come posso trovare il mio partner per una notte?<\/h3>\n<p>Se volete incontrare qualcuno per una notte, provate a usare Bumble. Questa applicazione consente agli utenti di scorrere il dito verso destra o verso sinistra per indicare se un&#8217;altra persona piace o non piace. L&#8217;app dispone anche di filtri di localizzazione che consentono agli utenti di cercare altri single nelle vicinanze.<\/p>\n","protected":false},"excerpt":{"rendered":"<p>Molti ragazzi hanno paura di approcciare le donne perch\u00e9 pensano di sembrare disperati o inquietanti. Ma non c&#8217;\u00e8 motivo di preoccuparsi di essere prepotenti o aggressivi: cercate di trattare ogni donna come se fosse speciale. Se vuoi uscire con una&hellip; <a href=\"http:\/\/elsuperbeasto.com\/it\/come-funzionano-gli-incontri-nsa\/\" class=\"more-link\">Continue Reading <span class=\"meta-nav\">&rarr;<\/span><\/a><\/p>\n","protected":false},"author":1,"featured_media":189,"parent":0,"menu_order":0,"comment_status":"closed","ping_status":"closed","template":"","meta":[],"yoast_head":"<!-- This site is optimized with the Yoast SEO plugin v17.7.1 - https:\/\/yoast.com\/wordpress\/plugins\/seo\/ -->\n<title>Come funzionano gli incontri NSA? - Quick Hookup<\/title>\n<meta name=\"robots\" content=\"index, follow, max-snippet:-1, max-image-preview:large, max-video-preview:-1\" \/>\n<link rel=\"canonical\" href=\"http:\/\/elsuperbeasto.com\/it\/come-funzionano-gli-incontri-nsa\/\" \/>\n<meta property=\"og:locale\" content=\"it_IT\" \/>\n<meta property=\"og:type\" content=\"article\" \/>\n<meta property=\"og:title\" content=\"Come funzionano gli incontri NSA? - Quick Hookup\" \/>\n<meta property=\"og:description\" content=\"Molti ragazzi hanno paura di approcciare le donne perch\u00e9 pensano di sembrare disperati o inquietanti. Ma non c&#8217;\u00e8 motivo di preoccuparsi di essere prepotenti o aggressivi: cercate di trattare ogni donna come se fosse speciale. Se vuoi uscire con una&hellip; Continue Reading &rarr;\" \/>\n<meta property=\"og:url\" content=\"http:\/\/elsuperbeasto.com\/it\/come-funzionano-gli-incontri-nsa\/\" \/>\n<meta property=\"og:site_name\" content=\"Quick Hookup\" \/>\n<meta property=\"og:image\" content=\"https:\/\/elsuperbeasto.com\/wp-content\/uploads\/2022\/08\/find-lov.jpeg\" \/>\n\t<meta property=\"og:image:width\" content=\"2398\" \/>\n\t<meta property=\"og:image:height\" content=\"1500\" \/>\n<meta name=\"twitter:card\" content=\"summary_large_image\" \/>\n<meta name=\"twitter:label1\" content=\"Tempo di lettura stimato\" \/>\n\t<meta name=\"twitter:data1\" content=\"4 minuti\" \/>\n<script type=\"application\/ld+json\" class=\"yoast-schema-graph\">{\"@context\":\"https:\/\/schema.org\",\"@graph\":[{\"@type\":\"WebSite\",\"@id\":\"https:\/\/elsuperbeasto.com\/#website\",\"url\":\"https:\/\/elsuperbeasto.com\/\",\"name\":\"Quick Hookup\",\"description\":\"Your Guide To Love\",\"potentialAction\":[{\"@type\":\"SearchAction\",\"target\":{\"@type\":\"EntryPoint\",\"urlTemplate\":\"https:\/\/elsuperbeasto.com\/?s={search_term_string}\"},\"query-input\":\"required name=search_term_string\"}],\"inLanguage\":\"it-IT\"},{\"@type\":\"ImageObject\",\"@id\":\"http:\/\/elsuperbeasto.com\/it\/come-funzionano-gli-incontri-nsa\/#primaryimage\",\"inLanguage\":\"it-IT\",\"url\":\"http:\/\/elsuperbeasto.com\/wp-content\/uploads\/2022\/08\/find-lov.jpeg\",\"contentUrl\":\"http:\/\/elsuperbeasto.com\/wp-content\/uploads\/2022\/08\/find-lov.jpeg\",\"width\":2398,\"height\":1500},{\"@type\":\"WebPage\",\"@id\":\"http:\/\/elsuperbeasto.com\/it\/come-funzionano-gli-incontri-nsa\/#webpage\",\"url\":\"http:\/\/elsuperbeasto.com\/it\/come-funzionano-gli-incontri-nsa\/\",\"name\":\"Come funzionano gli incontri NSA? - Quick Hookup\",\"isPartOf\":{\"@id\":\"https:\/\/elsuperbeasto.com\/#website\"},\"primaryImageOfPage\":{\"@id\":\"http:\/\/elsuperbeasto.com\/it\/come-funzionano-gli-incontri-nsa\/#primaryimage\"},\"datePublished\":\"2022-08-18T13:10:21+00:00\",\"dateModified\":\"2022-08-18T13:10:21+00:00\",\"breadcrumb\":{\"@id\":\"http:\/\/elsuperbeasto.com\/it\/come-funzionano-gli-incontri-nsa\/#breadcrumb\"},\"inLanguage\":\"it-IT\",\"potentialAction\":[{\"@type\":\"ReadAction\",\"target\":[\"http:\/\/elsuperbeasto.com\/it\/come-funzionano-gli-incontri-nsa\/\"]}]},{\"@type\":\"BreadcrumbList\",\"@id\":\"http:\/\/elsuperbeasto.com\/it\/come-funzionano-gli-incontri-nsa\/#breadcrumb\",\"itemListElement\":[{\"@type\":\"ListItem\",\"position\":1,\"name\":\"Home\",\"item\":\"https:\/\/elsuperbeasto.com\/it\/\"},{\"@type\":\"ListItem\",\"position\":2,\"name\":\"Come funzionano gli incontri NSA?\"}]}]}<\/script>\n<!-- \/ Yoast SEO plugin. -->","yoast_head_json":{"title":"Come funzionano gli incontri NSA? - Quick Hookup","robots":{"index":"index","follow":"follow","max-snippet":"max-snippet:-1","max-image-preview":"max-image-preview:large","max-video-preview":"max-video-preview:-1"},"canonical":"http:\/\/elsuperbeasto.com\/it\/come-funzionano-gli-incontri-nsa\/","og_locale":"it_IT","og_type":"article","og_title":"Come funzionano gli incontri NSA? - Quick Hookup","og_description":"Molti ragazzi hanno paura di approcciare le donne perch\u00e9 pensano di sembrare disperati o inquietanti. Ma non c&#8217;\u00e8 motivo di preoccuparsi di essere prepotenti o aggressivi: cercate di trattare ogni donna come se fosse speciale. Se vuoi uscire con una&hellip; Continue Reading &rarr;","og_url":"http:\/\/elsuperbeasto.com\/it\/come-funzionano-gli-incontri-nsa\/","og_site_name":"Quick Hookup","og_image":[{"width":2398,"height":1500,"url":"https:\/\/elsuperbeasto.com\/wp-content\/uploads\/2022\/08\/find-lov.jpeg","type":"image\/jpeg"}],"twitter_card":"summary_large_image","twitter_misc":{"Tempo di lettura stimato":"4 minuti"},"schema":{"@context":"https:\/\/schema.org","@graph":[{"@type":"WebSite","@id":"https:\/\/elsuperbeasto.com\/#website","url":"https:\/\/elsuperbeasto.com\/","name":"Quick Hookup","description":"Your Guide To Love","potentialAction":[{"@type":"SearchAction","target":{"@type":"EntryPoint","urlTemplate":"https:\/\/elsuperbeasto.com\/?s={search_term_string}"},"query-input":"required name=search_term_string"}],"inLanguage":"it-IT"},{"@type":"ImageObject","@id":"http:\/\/elsuperbeasto.com\/it\/come-funzionano-gli-incontri-nsa\/#primaryimage","inLanguage":"it-IT","url":"http:\/\/elsuperbeasto.com\/wp-content\/uploads\/2022\/08\/find-lov.jpeg","contentUrl":"http:\/\/elsuperbeasto.com\/wp-content\/uploads\/2022\/08\/find-lov.jpeg","width":2398,"height":1500},{"@type":"WebPage","@id":"http:\/\/elsuperbeasto.com\/it\/come-funzionano-gli-incontri-nsa\/#webpage","url":"http:\/\/elsuperbeasto.com\/it\/come-funzionano-gli-incontri-nsa\/","name":"Come funzionano gli incontri NSA? - Quick Hookup","isPartOf":{"@id":"https:\/\/elsuperbeasto.com\/#website"},"primaryImageOfPage":{"@id":"http:\/\/elsuperbeasto.com\/it\/come-funzionano-gli-incontri-nsa\/#primaryimage"},"datePublished":"2022-08-18T13:10:21+00:00","dateModified":"2022-08-18T13:10:21+00:00","breadcrumb":{"@id":"http:\/\/elsuperbeasto.com\/it\/come-funzionano-gli-incontri-nsa\/#breadcrumb"},"inLanguage":"it-IT","potentialAction":[{"@type":"ReadAction","target":["http:\/\/elsuperbeasto.com\/it\/come-funzionano-gli-incontri-nsa\/"]}]},{"@type":"BreadcrumbList","@id":"http:\/\/elsuperbeasto.com\/it\/come-funzionano-gli-incontri-nsa\/#breadcrumb","itemListElement":[{"@type":"ListItem","position":1,"name":"Home","item":"https:\/\/elsuperbeasto.com\/it\/"},{"@type":"ListItem","position":2,"name":"Come funzionano gli incontri NSA?"}]}]}},"_links":{"self":[{"href":"http:\/\/elsuperbeasto.com\/it\/wp-json\/wp\/v2\/pages\/261"}],"collection":[{"href":"http:\/\/elsuperbeasto.com\/it\/wp-json\/wp\/v2\/pages"}],"about":[{"href":"http:\/\/elsuperbeasto.com\/it\/wp-json\/wp\/v2\/types\/page"}],"author":[{"embeddable":true,"href":"http:\/\/elsuperbeasto.com\/it\/wp-json\/wp\/v2\/users\/1"}],"replies":[{"embeddable":true,"href":"http:\/\/elsuperbeasto.com\/it\/wp-json\/wp\/v2\/comments?post=261"}],"version-history":[{"count":0,"href":"http:\/\/elsuperbeasto.com\/it\/wp-json\/wp\/v2\/pages\/261\/revisions"}],"wp:featuredmedia":[{"embeddable":true,"href":"http:\/\/elsuperbeasto.com\/it\/wp-json\/wp\/v2\/media\/189"}],"wp:attachment":[{"href":"http:\/\/elsuperbeasto.com\/it\/wp-json\/wp\/v2\/media?parent=261"}],"curies":[{"name":"wp","href":"https:\/\/api.w.org\/{rel}","templated":true}]}}