{"id":371,"date":"2022-08-18T13:05:43","date_gmt":"2022-08-18T12:05:43","guid":{"rendered":"http:\/\/elsuperbeasto.com\/bestu-forritin-til-ad-finna-ast\/"},"modified":"2022-08-18T13:05:43","modified_gmt":"2022-08-18T12:05:43","slug":"bestu-forritin-til-ad-finna-ast","status":"publish","type":"page","link":"http:\/\/elsuperbeasto.com\/is\/bestu-forritin-til-ad-finna-ast\/","title":{"rendered":"Bestu forritin til a\u00f0 finna \u00e1st"},"content":{"rendered":"<p>\u00deess vegna h\u00f6fum vi\u00f0 gert miki\u00f0 af ranns\u00f3knum \u00e1 bestu stefnum\u00f3taforritunum sem til eru og fundi\u00f0 \u00feau sem standa upp \u00far umfram restina. \u00deetta eru ekki bara sko\u00f0anir okkar &#8212; vi\u00f0 pr\u00f3fu\u00f0um hvern einasta \u00feeirra fyrir okkur sj\u00e1lf og komum me\u00f0 alv\u00f6ru sigurvegara.<\/p>\n<p>Svo hvort sem \u00fe\u00fa ert a\u00f0 leita a\u00f0 einhverju alvarlegu, frj\u00e1lslegu e\u00f0a einhvers sta\u00f0ar \u00fear \u00e1 milli, \u00fe\u00e1 h\u00f6fum vi\u00f0 fjalla\u00f0 um \u00feig. Vi\u00f0 munum segja \u00fe\u00e9r n\u00e1kv\u00e6mlega hva\u00f0a eiginleikar gera hvert forrit s\u00e9rstakt, gefa \u00fe\u00e9r hei\u00f0arlegar athugasemdir um ver\u00f0punkta og hj\u00e1lpa \u00fe\u00e9r a\u00f0 komast a\u00f0 \u00fev\u00ed hver hentar \u00fe\u00e9r best.<\/p>\n<p>Eftir a\u00f0 hafa lesi\u00f0 \u00feessa handb\u00f3k muntu <a href=\"http:\/\/elsuperbeasto.com\/is\/er-stefnumot-a-netinu-oruggt\/\">ekki efast um<\/a> hver \u00feeirra er fullkomin samsv\u00f6run fyrir \u00feig. \u00de\u00fa munt ekki ey\u00f0a t\u00edma \u00fe\u00ednum \u00ed a\u00f0 reyna a\u00f0 \u00e1tta \u00feig \u00e1 hlutunum sj\u00e1lfur lengur; veldu bara besta stefnum\u00f3taforriti\u00f0 \u00fat fr\u00e1 r\u00e1\u00f0leggingum okkar og byrja\u00f0u a\u00f0 hitta f\u00f3lk \u00ed dag.<\/p>\n<p>\u00c1\u00f0ur en \u00fe\u00fa skr\u00e1ir \u00feig \u00e1 hva\u00f0a vefs\u00ed\u00f0u sem er skaltu hugsa vandlega um hvort vefurinn passi vi\u00f0 pers\u00f3nuleika \u00feinn. Viltu frekar frj\u00e1lslegt stefnum\u00f3t e\u00f0a skuldbundi\u00f0 samband?<\/p>\n<h2>Finndu s\u00ed\u00f0u sem hentar pers\u00f3nuleika \u00fe\u00ednum<\/h2>\n<p>Finnst \u00fe\u00e9r gaman a\u00f0 spjalla \u00ed gegnum textaskilabo\u00f0 e\u00f0a viltu frekar spjalla augliti til auglitis? Viltu frekar stutt skilabo\u00f0 e\u00f0a langan t\u00f6lvup\u00f3st? \u00deessar spurningar geta hj\u00e1lpa\u00f0 til vi\u00f0 a\u00f0 \u00ferengja leitina. \u00deegar \u00fe\u00fa hefur fundi\u00f0 s\u00ed\u00f0u sem vir\u00f0ist passa \u00feig skaltu skr\u00e1 \u00feig og byrja a\u00f0 vafra um sni\u00f0.<\/p>\n<h2>Veldu s\u00ed\u00f0u \u00fat fr\u00e1 \u00e1hugam\u00e1lum \u00fe\u00ednum<\/h2>\n<p>Hugsa\u00f0u um \u00fea\u00f0 sem \u00fe\u00fa hefur \u00e1huga \u00e1. Ef \u00fe\u00fa ert a\u00f0 leita a\u00f0 r\u00f3mant\u00edskum f\u00e9laga viltu l\u00edklega ekki taka \u00fe\u00e1tt \u00ed s\u00ed\u00f0u sem sinnir einhleypum sem eru a\u00f0 leita a\u00f0 vin\u00e1ttu. S\u00f6mulei\u00f0is, ef \u00fe\u00fa ert a\u00f0 leita a\u00f0 vini, \u00fe\u00e1 viltu ekki taka \u00fe\u00e1tt \u00ed stefnum\u00f3tas\u00ed\u00f0u sem leggur \u00e1herslu \u00e1 r\u00f3mant\u00edk.<\/p>\n<p>Veldu \u00feess \u00ed sta\u00f0 s\u00ed\u00f0u sem h\u00f6f\u00f0ar til hagsmuna \u00feinna. Til d\u00e6mis, ef \u00fe\u00fa elskar \u00ed\u00fer\u00f3ttir, \u00e6ttir\u00f0u a\u00f0 taka \u00fe\u00e1tt \u00ed s\u00ed\u00f0u sem gerir me\u00f0limum kleift a\u00f0 deila upp\u00e1halds li\u00f0um s\u00ednum, leikm\u00f6nnum og vi\u00f0bur\u00f0um. \u00deannig getur\u00f0u au\u00f0veldlega fundi\u00f0 samh\u00e6fa samstarfsa\u00f0ila sem deila svipu\u00f0um \u00e1hugam\u00e1lum.<\/p>\n<h2>Skr\u00e1\u00f0u \u00feig \u00e1 nokkrar s\u00ed\u00f0ur \u00e1\u00f0ur en \u00fe\u00fa tekur \u00e1kv\u00f6r\u00f0un<\/h2>\n<p>\u00dea\u00f0 er mikilv\u00e6gt a\u00f0 heims\u00e6kja nokkrar stefnum\u00f3tas\u00ed\u00f0ur \u00e1\u00f0ur en \u00fe\u00fa sest a\u00f0 einni. \u00deetta gefur \u00fe\u00e9r t\u00e6kif\u00e6ri til a\u00f0 bera saman kosti og galla hverrar s\u00ed\u00f0u. Til d\u00e6mis bj\u00f3\u00f0a sumar s\u00ed\u00f0ur upp \u00e1 h\u00e1\u00fer\u00f3a\u00f0a eiginleika eins og myndspjall og spjallskilabo\u00f0. A\u00f0rir leyfa me\u00f0limum a\u00f0 hla\u00f0a inn myndum og myndskei\u00f0um. Enn a\u00f0rir leyfa \u00fe\u00e9r a\u00f0 sko\u00f0a me\u00f0limapr\u00f3f\u00edla \u00e1n \u00feess a\u00f0 gefa upp pers\u00f3nulegar uppl\u00fdsingar.<\/p>\n<h2>Hugleiddu pers\u00f3nuverndarm\u00e1l<\/h2>\n<p>Sumar s\u00ed\u00f0ur leyfa me\u00f0limum a\u00f0 vera nafnlausir en a\u00f0rar krefjast \u00feess a\u00f0 me\u00f0limir uppl\u00fdsi um au\u00f0kenni s\u00edn. \u00deegar \u00fe\u00fa \u00edhugar pers\u00f3nuverndarm\u00e1l skaltu muna a\u00f0 sumar s\u00ed\u00f0ur g\u00e6tu safna\u00f0 vi\u00f0kv\u00e6mum uppl\u00fdsingum um \u00feig. Til d\u00e6mis, sumar s\u00ed\u00f0ur bi\u00f0ja me\u00f0limi um a\u00f0 uppl\u00fdsa um hj\u00faskaparst\u00f6\u00f0u s\u00edna, tr\u00faarsko\u00f0anir, starf og menntunarstig. \u00deessar uppl\u00fdsingar g\u00e6tu veri\u00f0 nota\u00f0ar til a\u00f0 beina augl\u00fdsingum a\u00f0 \u00fe\u00e9r. A\u00f0rar s\u00ed\u00f0ur geta \u00f3ska\u00f0 eftir vi\u00f0b\u00f3taruppl\u00fdsingum eins og h\u00e6\u00f0 \u00feinni, \u00feyngd, tekjum og aldri. \u00de\u00f3 a\u00f0 sumar s\u00ed\u00f0ur leyfi me\u00f0limum a\u00f0 velja hvort \u00feeir viti hver \u00feeir eru, \u00fe\u00e1 krefjast a\u00f0rir \u00feess a\u00f0 me\u00f0limir opinberi allt.<\/p>\n<h2>Algengar spurningar<\/h2>\n<h3>Hver er besta stefnum\u00f3tas\u00ed\u00f0an fyrir alvarleg samb\u00f6nd?<\/h3>\n<p>Besta stefnum\u00f3tavefurinn fyrir alvarleg samb\u00f6nd er OkCupid.com. \u00deessi stefnum\u00f3tavefs\u00ed\u00f0a hefur millj\u00f3nir notenda fr\u00e1 \u00f6llum heimshornum og \u00feeir nota hana til a\u00f0 finna \u00e1st. \u00deeir bj\u00f3\u00f0a upp \u00e1 \u00f3keypis skilabo\u00f0, spjallskilabo\u00f0, myndspjall og a\u00f0ra eiginleika sem hj\u00e1lpa \u00fe\u00e9r a\u00f0 tengjast m\u00f6gulegum dagsetningum.<\/p>\n<p>OkCupid hefur veri\u00f0 til s\u00ed\u00f0an 2004 og hefur fengi\u00f0 millj\u00f3nir notenda til a\u00f0 skr\u00e1 sig \u00f3keypis. S\u00ed\u00f0an gerir notendum kleift a\u00f0 b\u00faa til pr\u00f3f\u00edl, leita a\u00f0 \u00f6\u00f0rum me\u00f0limum \u00fat fr\u00e1 vi\u00f0mi\u00f0um eins og sta\u00f0setningu, aldri, kyni o.s.frv., og senda s\u00ed\u00f0an skilabo\u00f0 til hvors annars. Notendur geta einnig sko\u00f0a\u00f0 pr\u00f3f\u00edla annarra sem eru a\u00f0 leita a\u00f0 dagsetningum.<\/p>\n<h3>Hvert er besta stefnum\u00f3taforriti\u00f0 \u00e1ri\u00f0 2022?<\/h3>\n<p>Besta stefnum\u00f3taforriti\u00f0 fyrir \u00e1ri\u00f0 2022 ver\u00f0ur Tinder Plus, sem gerir notendum kleift a\u00f0 senda \u00f3takmarka\u00f0 skilabo\u00f0 til annarra notenda. \u00deessi eiginleiki hefur veri\u00f0 \u00ed bo\u00f0i s\u00ed\u00f0an 2016, en fyrst n\u00fana er hann a\u00f0 ver\u00f0a vins\u00e6ll. \u00d6nnur forrit eins og Happn, Bumble og OkCupid bj\u00f3\u00f0a einnig upp \u00e1 svipa\u00f0a eiginleika.<\/p>\n","protected":false},"excerpt":{"rendered":"<p>\u00deess vegna h\u00f6fum vi\u00f0 gert miki\u00f0 af ranns\u00f3knum \u00e1 bestu stefnum\u00f3taforritunum sem til eru og fundi\u00f0 \u00feau sem standa upp \u00far umfram restina. \u00deetta eru ekki bara sko\u00f0anir okkar &#8212; vi\u00f0 pr\u00f3fu\u00f0um hvern einasta \u00feeirra fyrir okkur sj\u00e1lf og komum&hellip; <a href=\"http:\/\/elsuperbeasto.com\/is\/bestu-forritin-til-ad-finna-ast\/\" class=\"more-link\">Continue Reading <span class=\"meta-nav\">&rarr;<\/span><\/a><\/p>\n","protected":false},"author":1,"featured_media":146,"parent":0,"menu_order":0,"comment_status":"closed","ping_status":"closed","template":"","meta":[],"yoast_head":"<!-- This site is optimized with the Yoast SEO plugin v17.7.1 - https:\/\/yoast.com\/wordpress\/plugins\/seo\/ -->\n<title>Bestu forritin til a\u00f0 finna \u00e1st - Quick Hookup<\/title>\n<meta name=\"robots\" content=\"index, follow, max-snippet:-1, max-image-preview:large, max-video-preview:-1\" \/>\n<link rel=\"canonical\" href=\"http:\/\/elsuperbeasto.com\/is\/bestu-forritin-til-ad-finna-ast\/\" \/>\n<meta property=\"og:locale\" content=\"is_IS\" \/>\n<meta property=\"og:type\" content=\"article\" \/>\n<meta property=\"og:title\" content=\"Bestu forritin til a\u00f0 finna \u00e1st - Quick Hookup\" \/>\n<meta property=\"og:description\" content=\"\u00deess vegna h\u00f6fum vi\u00f0 gert miki\u00f0 af ranns\u00f3knum \u00e1 bestu stefnum\u00f3taforritunum sem til eru og fundi\u00f0 \u00feau sem standa upp \u00far umfram restina. \u00deetta eru ekki bara sko\u00f0anir okkar &#8212; vi\u00f0 pr\u00f3fu\u00f0um hvern einasta \u00feeirra fyrir okkur sj\u00e1lf og komum&hellip; Continue Reading &rarr;\" \/>\n<meta property=\"og:url\" content=\"http:\/\/elsuperbeasto.com\/is\/bestu-forritin-til-ad-finna-ast\/\" \/>\n<meta property=\"og:site_name\" content=\"Quick Hookup\" \/>\n<meta property=\"og:image\" content=\"http:\/\/elsuperbeasto.com\/wp-content\/uploads\/2022\/08\/love-balloons.jpeg\" \/>\n\t<meta property=\"og:image:width\" content=\"1000\" \/>\n\t<meta property=\"og:image:height\" content=\"1500\" \/>\n<meta name=\"twitter:card\" content=\"summary_large_image\" \/>\n<meta name=\"twitter:label1\" content=\"Est. reading time\" \/>\n\t<meta name=\"twitter:data1\" content=\"4 minutes\" \/>\n<script type=\"application\/ld+json\" class=\"yoast-schema-graph\">{\"@context\":\"https:\/\/schema.org\",\"@graph\":[{\"@type\":\"WebSite\",\"@id\":\"https:\/\/elsuperbeasto.com\/#website\",\"url\":\"https:\/\/elsuperbeasto.com\/\",\"name\":\"Quick Hookup\",\"description\":\"Your Guide To Love\",\"potentialAction\":[{\"@type\":\"SearchAction\",\"target\":{\"@type\":\"EntryPoint\",\"urlTemplate\":\"https:\/\/elsuperbeasto.com\/?s={search_term_string}\"},\"query-input\":\"required name=search_term_string\"}],\"inLanguage\":\"is\"},{\"@type\":\"ImageObject\",\"@id\":\"http:\/\/elsuperbeasto.com\/is\/bestu-forritin-til-ad-finna-ast\/#primaryimage\",\"inLanguage\":\"is\",\"url\":\"http:\/\/elsuperbeasto.com\/wp-content\/uploads\/2022\/08\/love-balloons.jpeg\",\"contentUrl\":\"http:\/\/elsuperbeasto.com\/wp-content\/uploads\/2022\/08\/love-balloons.jpeg\",\"width\":1000,\"height\":1500},{\"@type\":\"WebPage\",\"@id\":\"http:\/\/elsuperbeasto.com\/is\/bestu-forritin-til-ad-finna-ast\/#webpage\",\"url\":\"http:\/\/elsuperbeasto.com\/is\/bestu-forritin-til-ad-finna-ast\/\",\"name\":\"Bestu forritin til a\\u00f0 finna \\u00e1st - Quick Hookup\",\"isPartOf\":{\"@id\":\"https:\/\/elsuperbeasto.com\/#website\"},\"primaryImageOfPage\":{\"@id\":\"http:\/\/elsuperbeasto.com\/is\/bestu-forritin-til-ad-finna-ast\/#primaryimage\"},\"datePublished\":\"2022-08-18T12:05:43+00:00\",\"dateModified\":\"2022-08-18T12:05:43+00:00\",\"breadcrumb\":{\"@id\":\"http:\/\/elsuperbeasto.com\/is\/bestu-forritin-til-ad-finna-ast\/#breadcrumb\"},\"inLanguage\":\"is\",\"potentialAction\":[{\"@type\":\"ReadAction\",\"target\":[\"http:\/\/elsuperbeasto.com\/is\/bestu-forritin-til-ad-finna-ast\/\"]}]},{\"@type\":\"BreadcrumbList\",\"@id\":\"http:\/\/elsuperbeasto.com\/is\/bestu-forritin-til-ad-finna-ast\/#breadcrumb\",\"itemListElement\":[{\"@type\":\"ListItem\",\"position\":1,\"name\":\"Home\",\"item\":\"https:\/\/elsuperbeasto.com\/is\/\"},{\"@type\":\"ListItem\",\"position\":2,\"name\":\"Bestu forritin til a\\u00f0 finna \\u00e1st\"}]}]}<\/script>\n<!-- \/ Yoast SEO plugin. -->","yoast_head_json":{"title":"Bestu forritin til a\u00f0 finna \u00e1st - Quick Hookup","robots":{"index":"index","follow":"follow","max-snippet":"max-snippet:-1","max-image-preview":"max-image-preview:large","max-video-preview":"max-video-preview:-1"},"canonical":"http:\/\/elsuperbeasto.com\/is\/bestu-forritin-til-ad-finna-ast\/","og_locale":"is_IS","og_type":"article","og_title":"Bestu forritin til a\u00f0 finna \u00e1st - Quick Hookup","og_description":"\u00deess vegna h\u00f6fum vi\u00f0 gert miki\u00f0 af ranns\u00f3knum \u00e1 bestu stefnum\u00f3taforritunum sem til eru og fundi\u00f0 \u00feau sem standa upp \u00far umfram restina. \u00deetta eru ekki bara sko\u00f0anir okkar &#8212; vi\u00f0 pr\u00f3fu\u00f0um hvern einasta \u00feeirra fyrir okkur sj\u00e1lf og komum&hellip; Continue Reading &rarr;","og_url":"http:\/\/elsuperbeasto.com\/is\/bestu-forritin-til-ad-finna-ast\/","og_site_name":"Quick Hookup","og_image":[{"width":1000,"height":1500,"url":"http:\/\/elsuperbeasto.com\/wp-content\/uploads\/2022\/08\/love-balloons.jpeg","type":"image\/jpeg"}],"twitter_card":"summary_large_image","twitter_misc":{"Est. reading time":"4 minutes"},"schema":{"@context":"https:\/\/schema.org","@graph":[{"@type":"WebSite","@id":"https:\/\/elsuperbeasto.com\/#website","url":"https:\/\/elsuperbeasto.com\/","name":"Quick Hookup","description":"Your Guide To Love","potentialAction":[{"@type":"SearchAction","target":{"@type":"EntryPoint","urlTemplate":"https:\/\/elsuperbeasto.com\/?s={search_term_string}"},"query-input":"required name=search_term_string"}],"inLanguage":"is"},{"@type":"ImageObject","@id":"http:\/\/elsuperbeasto.com\/is\/bestu-forritin-til-ad-finna-ast\/#primaryimage","inLanguage":"is","url":"http:\/\/elsuperbeasto.com\/wp-content\/uploads\/2022\/08\/love-balloons.jpeg","contentUrl":"http:\/\/elsuperbeasto.com\/wp-content\/uploads\/2022\/08\/love-balloons.jpeg","width":1000,"height":1500},{"@type":"WebPage","@id":"http:\/\/elsuperbeasto.com\/is\/bestu-forritin-til-ad-finna-ast\/#webpage","url":"http:\/\/elsuperbeasto.com\/is\/bestu-forritin-til-ad-finna-ast\/","name":"Bestu forritin til a\u00f0 finna \u00e1st - Quick Hookup","isPartOf":{"@id":"https:\/\/elsuperbeasto.com\/#website"},"primaryImageOfPage":{"@id":"http:\/\/elsuperbeasto.com\/is\/bestu-forritin-til-ad-finna-ast\/#primaryimage"},"datePublished":"2022-08-18T12:05:43+00:00","dateModified":"2022-08-18T12:05:43+00:00","breadcrumb":{"@id":"http:\/\/elsuperbeasto.com\/is\/bestu-forritin-til-ad-finna-ast\/#breadcrumb"},"inLanguage":"is","potentialAction":[{"@type":"ReadAction","target":["http:\/\/elsuperbeasto.com\/is\/bestu-forritin-til-ad-finna-ast\/"]}]},{"@type":"BreadcrumbList","@id":"http:\/\/elsuperbeasto.com\/is\/bestu-forritin-til-ad-finna-ast\/#breadcrumb","itemListElement":[{"@type":"ListItem","position":1,"name":"Home","item":"https:\/\/elsuperbeasto.com\/is\/"},{"@type":"ListItem","position":2,"name":"Bestu forritin til a\u00f0 finna \u00e1st"}]}]}},"_links":{"self":[{"href":"http:\/\/elsuperbeasto.com\/is\/wp-json\/wp\/v2\/pages\/371"}],"collection":[{"href":"http:\/\/elsuperbeasto.com\/is\/wp-json\/wp\/v2\/pages"}],"about":[{"href":"http:\/\/elsuperbeasto.com\/is\/wp-json\/wp\/v2\/types\/page"}],"author":[{"embeddable":true,"href":"http:\/\/elsuperbeasto.com\/is\/wp-json\/wp\/v2\/users\/1"}],"replies":[{"embeddable":true,"href":"http:\/\/elsuperbeasto.com\/is\/wp-json\/wp\/v2\/comments?post=371"}],"version-history":[{"count":0,"href":"http:\/\/elsuperbeasto.com\/is\/wp-json\/wp\/v2\/pages\/371\/revisions"}],"wp:featuredmedia":[{"embeddable":true,"href":"http:\/\/elsuperbeasto.com\/is\/wp-json\/wp\/v2\/media\/146"}],"wp:attachment":[{"href":"http:\/\/elsuperbeasto.com\/is\/wp-json\/wp\/v2\/media?parent=371"}],"curies":[{"name":"wp","href":"https:\/\/api.w.org\/{rel}","templated":true}]}}