{"id":366,"date":"2022-08-18T13:12:48","date_gmt":"2022-08-18T12:12:48","guid":{"rendered":"http:\/\/elsuperbeasto.com\/er-stefnumot-a-netinu-oruggt\/"},"modified":"2022-08-18T13:12:48","modified_gmt":"2022-08-18T12:12:48","slug":"er-stefnumot-a-netinu-oruggt","status":"publish","type":"page","link":"http:\/\/elsuperbeasto.com\/is\/er-stefnumot-a-netinu-oruggt\/","title":{"rendered":"Er stefnum\u00f3t \u00e1 netinu \u00f6ruggt?"},"content":{"rendered":"<p>Stefnum\u00f3t \u00e1 netinu er fr\u00e1b\u00e6r lei\u00f0 til a\u00f0 kynnast n\u00fdju f\u00f3lki en \u00fea\u00f0 er nokkur \u00e1h\u00e6tta f\u00f3lgin \u00ed \u00fev\u00ed. Ein af \u00feessum \u00e1h\u00e6ttum er a\u00f0 vera svikin \u00fat \u00far peningum af f\u00f6lsu\u00f0um einstaklingi. \u00cd n\u00fdlegri ranns\u00f3kn kom \u00ed lj\u00f3s a\u00f0 fj\u00f3r\u00f0ungur kvenna haf\u00f0i haft samband vi\u00f0 einhvern sem sag\u00f0ist hafa \u00e1huga \u00e1 a\u00f0 hitta \u00fe\u00e6r en reyndist s\u00ed\u00f0ar vera svindlari.<\/p>\n<p>Algengasta \u00e1st\u00e6\u00f0an fyrir \u00fev\u00ed a\u00f0 f\u00f3lk ver\u00f0ur f\u00f3rnarlamb svindls \u00e1 stefnum\u00f3taforritum er vegna l\u00e9legrar samskiptah\u00e6fileika. Spjallmenni eru h\u00f6nnu\u00f0 til a\u00f0 l\u00edkja eftir mannlegu samtali en \u00feau standa sig ekki alltaf vel. \u00deeir hafa tilhneigingu til a\u00f0 nota bl\u00f3mlegt tungum\u00e1l, sem gerir \u00fe\u00e1 a\u00f0 au\u00f0veldum skotm\u00f6rkum fyrir svindlara.<\/p>\n<p>Ef \u00fe\u00fa ert a\u00f0 leita a\u00f0 <a href=\"http:\/\/elsuperbeasto.com\/is\/hver-eru-bestu-kynlifsforritin\/\">raunverulegum tengslum vi\u00f0 einhvern<\/a>, \u00fe\u00e1 viltu for\u00f0ast a\u00f0 tala of miki\u00f0 um sj\u00e1lfan \u00feig. F\u00f3lki finnst gaman a\u00f0 tala um sj\u00e1lft sig en \u00fea\u00f0 er yfirleitt \u00fe\u00e6gilegra a\u00f0 gera \u00fea\u00f0 \u00ed gegnum s\u00edmtal e\u00f0a \u00ed eigin pers\u00f3nu. Stefnum\u00f3t \u00e1 netinu eru enn tilt\u00f6lulega n\u00fd, svo \u00fe\u00fa munt ekki vita hversu vel \u00fe\u00fa hefur raunverulega samskipti vi\u00f0 hvort anna\u00f0 fyrr en \u00fe\u00fa hefur hist \u00ed eigin pers\u00f3nu.<\/p>\n<h2>Hva\u00f0 \u00e1 a\u00f0 passa upp \u00e1?<\/h2>\n<p>\u00de\u00fa getur sagt hvort einstaklingur er l\u00e1ni e\u00f0a svindlari me\u00f0 \u00fev\u00ed a\u00f0 fylgjast me\u00f0 heg\u00f0un \u00feeirra. Almennt mun l\u00e1ni senda skilabo\u00f0 flj\u00f3tt en svindlari mun taka lengri t\u00edma a\u00f0 svara. \u00de\u00fa g\u00e6tir teki\u00f0 eftir \u00fev\u00ed a\u00f0 margir vir\u00f0ast svara skilabo\u00f0unum \u00fe\u00ednum innan nokkurra sek\u00fandna, jafnvel \u00fe\u00f3 a\u00f0 \u00feeir hafi ekki svara\u00f0 neinum af fyrri skilabo\u00f0um \u00fe\u00ednum. \u00deetta er kalla\u00f0 &#8222;spamming&#8220;. V\u00e9lmenni eru ekki endilega ruslp\u00f3stur; \u00fea\u00f0 g\u00e6ti bara \u00fe\u00fdtt a\u00f0 \u00feeir f\u00e1i m\u00f6rg skilabo\u00f0 og svari \u00feeim \u00f6llum \u00ed einu.<\/p>\n<p>Anna\u00f0 sem \u00fearf a\u00f0 varast eru fyrstu k\u00e6rleiksyfirl\u00fdsingar. Sumir munu segja eitthva\u00f0 \u00e1 \u00feessa lei\u00f0: &#8222;\u00c9g held a\u00f0 vi\u00f0 s\u00e9um fullkomin saman,&#8220; e\u00f0a &#8222;\u00e9g er brj\u00e1la\u00f0ur \u00fat \u00ed \u00feig.&#8220; \u00deessar tegundir athugasemda eru almennt nota\u00f0ar til a\u00f0 sannf\u00e6ra \u00feig um a\u00f0 afhenda kreditkortauppl\u00fdsingar \u00fe\u00ednar. Svindlarar munu oft reyna a\u00f0 lokka \u00feig til a\u00f0 gefa fr\u00e1 \u00fe\u00e9r pers\u00f3nulegar uppl\u00fdsingar me\u00f0 \u00fev\u00ed a\u00f0 segja eitthva\u00f0 fallegt. Vertu \u00e1 var\u00f0bergi gagnvart \u00f6llum sem vir\u00f0ast of \u00e1hugasamir um a\u00f0 hitta \u00feig.<\/p>\n<h2>Hva\u00f0 me\u00f0 greitt fyrir stefnum\u00f3taforrit?<\/h2>\n<p>Meirihluti stefnum\u00f3tas\u00ed\u00f0na \u00e1 netinu er \u00f3keypis, en \u00fea\u00f0 er n\u00f3g sem krefst grei\u00f0slu. Sumir bj\u00f3\u00f0a upp \u00e1 a\u00f0gang a\u00f0 \u00e1kve\u00f0num eiginleikum \u00f3keypis en a\u00f0rir leyfa \u00fe\u00e9r ekki a\u00f0 nota \u00feessa eiginleika nema \u00fe\u00fa borgir. Vi\u00f0 h\u00f6fum teki\u00f0 saman lista yfir vins\u00e6lustu stefnum\u00f3tas\u00ed\u00f0urnar og hva\u00f0 \u00fea\u00f0 kostar a\u00f0 vera me\u00f0.<\/p>\n<h2>Hva\u00f0 me\u00f0 umsagnirnar?<\/h2>\n<p>Umsagnir \u00e1 netinu spila st\u00f3rt hlutverk \u00ed \u00fev\u00ed hvernig neytendur taka \u00e1kvar\u00f0anir um kaup. Ef f\u00f3lk treystir sko\u00f0unum annarra notar \u00fea\u00f0 \u00feessar traustu sko\u00f0anir til a\u00f0 lei\u00f0beina kaupum s\u00ednum. \u00dev\u00ed mi\u00f0ur eru of margar falsa\u00f0ar umsagnir \u00fearna \u00fati \u00ed dag.<\/p>\n<p>N\u00fdleg ranns\u00f3kn leiddi \u00ed lj\u00f3s a\u00f0 yfir helmingur umsagnanna \u00e1 Amazon er skrifa\u00f0ur af greiddum gagnr\u00fdnendum. Og sum stefnum\u00f3tafyrirt\u00e6ki \u00e1 netinu eins og Match Group Inc., eHarmony Inc og OkCupid LLC eru a\u00f0 borga f\u00f3lki fyrir a\u00f0 skrifa gl\u00f3andi d\u00f3ma um v\u00f6rur s\u00ednar. \u00deessar umsagnir innihalda oft rangar uppl\u00fdsingar, svo sem \u00fdktar fullyr\u00f0ingar um eiginleika v\u00f6runnar og \u00e1vinning.<\/p>\n","protected":false},"excerpt":{"rendered":"<p>Stefnum\u00f3t \u00e1 netinu er fr\u00e1b\u00e6r lei\u00f0 til a\u00f0 kynnast n\u00fdju f\u00f3lki en \u00fea\u00f0 er nokkur \u00e1h\u00e6tta f\u00f3lgin \u00ed \u00fev\u00ed. Ein af \u00feessum \u00e1h\u00e6ttum er a\u00f0 vera svikin \u00fat \u00far peningum af f\u00f6lsu\u00f0um einstaklingi. \u00cd n\u00fdlegri ranns\u00f3kn kom \u00ed lj\u00f3s a\u00f0&hellip; <a href=\"http:\/\/elsuperbeasto.com\/is\/er-stefnumot-a-netinu-oruggt\/\" class=\"more-link\">Continue Reading <span class=\"meta-nav\">&rarr;<\/span><\/a><\/p>\n","protected":false},"author":1,"featured_media":132,"parent":0,"menu_order":0,"comment_status":"closed","ping_status":"closed","template":"","meta":[],"yoast_head":"<!-- This site is optimized with the Yoast SEO plugin v17.7.1 - https:\/\/yoast.com\/wordpress\/plugins\/seo\/ -->\n<title>Er stefnum\u00f3t \u00e1 netinu \u00f6ruggt? - Quick Hookup<\/title>\n<meta name=\"robots\" content=\"index, follow, max-snippet:-1, max-image-preview:large, max-video-preview:-1\" \/>\n<link rel=\"canonical\" href=\"http:\/\/elsuperbeasto.com\/is\/er-stefnumot-a-netinu-oruggt\/\" \/>\n<meta property=\"og:locale\" content=\"is_IS\" \/>\n<meta property=\"og:type\" content=\"article\" \/>\n<meta property=\"og:title\" content=\"Er stefnum\u00f3t \u00e1 netinu \u00f6ruggt? - Quick Hookup\" \/>\n<meta property=\"og:description\" content=\"Stefnum\u00f3t \u00e1 netinu er fr\u00e1b\u00e6r lei\u00f0 til a\u00f0 kynnast n\u00fdju f\u00f3lki en \u00fea\u00f0 er nokkur \u00e1h\u00e6tta f\u00f3lgin \u00ed \u00fev\u00ed. Ein af \u00feessum \u00e1h\u00e6ttum er a\u00f0 vera svikin \u00fat \u00far peningum af f\u00f6lsu\u00f0um einstaklingi. \u00cd n\u00fdlegri ranns\u00f3kn kom \u00ed lj\u00f3s a\u00f0&hellip; Continue Reading &rarr;\" \/>\n<meta property=\"og:url\" content=\"http:\/\/elsuperbeasto.com\/is\/er-stefnumot-a-netinu-oruggt\/\" \/>\n<meta property=\"og:site_name\" content=\"Quick Hookup\" \/>\n<meta property=\"og:image\" content=\"http:\/\/elsuperbeasto.com\/wp-content\/uploads\/2022\/08\/dates.jpeg\" \/>\n\t<meta property=\"og:image:width\" content=\"2250\" \/>\n\t<meta property=\"og:image:height\" content=\"1500\" \/>\n<meta name=\"twitter:card\" content=\"summary_large_image\" \/>\n<meta name=\"twitter:label1\" content=\"Est. reading time\" \/>\n\t<meta name=\"twitter:data1\" content=\"3 minutes\" \/>\n<script type=\"application\/ld+json\" class=\"yoast-schema-graph\">{\"@context\":\"https:\/\/schema.org\",\"@graph\":[{\"@type\":\"WebSite\",\"@id\":\"https:\/\/elsuperbeasto.com\/#website\",\"url\":\"https:\/\/elsuperbeasto.com\/\",\"name\":\"Quick Hookup\",\"description\":\"Your Guide To Love\",\"potentialAction\":[{\"@type\":\"SearchAction\",\"target\":{\"@type\":\"EntryPoint\",\"urlTemplate\":\"https:\/\/elsuperbeasto.com\/?s={search_term_string}\"},\"query-input\":\"required name=search_term_string\"}],\"inLanguage\":\"is\"},{\"@type\":\"ImageObject\",\"@id\":\"http:\/\/elsuperbeasto.com\/is\/er-stefnumot-a-netinu-oruggt\/#primaryimage\",\"inLanguage\":\"is\",\"url\":\"http:\/\/elsuperbeasto.com\/wp-content\/uploads\/2022\/08\/dates.jpeg\",\"contentUrl\":\"http:\/\/elsuperbeasto.com\/wp-content\/uploads\/2022\/08\/dates.jpeg\",\"width\":2250,\"height\":1500},{\"@type\":\"WebPage\",\"@id\":\"http:\/\/elsuperbeasto.com\/is\/er-stefnumot-a-netinu-oruggt\/#webpage\",\"url\":\"http:\/\/elsuperbeasto.com\/is\/er-stefnumot-a-netinu-oruggt\/\",\"name\":\"Er stefnum\\u00f3t \\u00e1 netinu \\u00f6ruggt? - Quick Hookup\",\"isPartOf\":{\"@id\":\"https:\/\/elsuperbeasto.com\/#website\"},\"primaryImageOfPage\":{\"@id\":\"http:\/\/elsuperbeasto.com\/is\/er-stefnumot-a-netinu-oruggt\/#primaryimage\"},\"datePublished\":\"2022-08-18T12:12:48+00:00\",\"dateModified\":\"2022-08-18T12:12:48+00:00\",\"breadcrumb\":{\"@id\":\"http:\/\/elsuperbeasto.com\/is\/er-stefnumot-a-netinu-oruggt\/#breadcrumb\"},\"inLanguage\":\"is\",\"potentialAction\":[{\"@type\":\"ReadAction\",\"target\":[\"http:\/\/elsuperbeasto.com\/is\/er-stefnumot-a-netinu-oruggt\/\"]}]},{\"@type\":\"BreadcrumbList\",\"@id\":\"http:\/\/elsuperbeasto.com\/is\/er-stefnumot-a-netinu-oruggt\/#breadcrumb\",\"itemListElement\":[{\"@type\":\"ListItem\",\"position\":1,\"name\":\"Home\",\"item\":\"https:\/\/elsuperbeasto.com\/is\/\"},{\"@type\":\"ListItem\",\"position\":2,\"name\":\"Er stefnum\\u00f3t \\u00e1 netinu \\u00f6ruggt?\"}]}]}<\/script>\n<!-- \/ Yoast SEO plugin. -->","yoast_head_json":{"title":"Er stefnum\u00f3t \u00e1 netinu \u00f6ruggt? - Quick Hookup","robots":{"index":"index","follow":"follow","max-snippet":"max-snippet:-1","max-image-preview":"max-image-preview:large","max-video-preview":"max-video-preview:-1"},"canonical":"http:\/\/elsuperbeasto.com\/is\/er-stefnumot-a-netinu-oruggt\/","og_locale":"is_IS","og_type":"article","og_title":"Er stefnum\u00f3t \u00e1 netinu \u00f6ruggt? - Quick Hookup","og_description":"Stefnum\u00f3t \u00e1 netinu er fr\u00e1b\u00e6r lei\u00f0 til a\u00f0 kynnast n\u00fdju f\u00f3lki en \u00fea\u00f0 er nokkur \u00e1h\u00e6tta f\u00f3lgin \u00ed \u00fev\u00ed. Ein af \u00feessum \u00e1h\u00e6ttum er a\u00f0 vera svikin \u00fat \u00far peningum af f\u00f6lsu\u00f0um einstaklingi. \u00cd n\u00fdlegri ranns\u00f3kn kom \u00ed lj\u00f3s a\u00f0&hellip; Continue Reading &rarr;","og_url":"http:\/\/elsuperbeasto.com\/is\/er-stefnumot-a-netinu-oruggt\/","og_site_name":"Quick Hookup","og_image":[{"width":2250,"height":1500,"url":"http:\/\/elsuperbeasto.com\/wp-content\/uploads\/2022\/08\/dates.jpeg","type":"image\/jpeg"}],"twitter_card":"summary_large_image","twitter_misc":{"Est. reading time":"3 minutes"},"schema":{"@context":"https:\/\/schema.org","@graph":[{"@type":"WebSite","@id":"https:\/\/elsuperbeasto.com\/#website","url":"https:\/\/elsuperbeasto.com\/","name":"Quick Hookup","description":"Your Guide To Love","potentialAction":[{"@type":"SearchAction","target":{"@type":"EntryPoint","urlTemplate":"https:\/\/elsuperbeasto.com\/?s={search_term_string}"},"query-input":"required name=search_term_string"}],"inLanguage":"is"},{"@type":"ImageObject","@id":"http:\/\/elsuperbeasto.com\/is\/er-stefnumot-a-netinu-oruggt\/#primaryimage","inLanguage":"is","url":"http:\/\/elsuperbeasto.com\/wp-content\/uploads\/2022\/08\/dates.jpeg","contentUrl":"http:\/\/elsuperbeasto.com\/wp-content\/uploads\/2022\/08\/dates.jpeg","width":2250,"height":1500},{"@type":"WebPage","@id":"http:\/\/elsuperbeasto.com\/is\/er-stefnumot-a-netinu-oruggt\/#webpage","url":"http:\/\/elsuperbeasto.com\/is\/er-stefnumot-a-netinu-oruggt\/","name":"Er stefnum\u00f3t \u00e1 netinu \u00f6ruggt? - Quick Hookup","isPartOf":{"@id":"https:\/\/elsuperbeasto.com\/#website"},"primaryImageOfPage":{"@id":"http:\/\/elsuperbeasto.com\/is\/er-stefnumot-a-netinu-oruggt\/#primaryimage"},"datePublished":"2022-08-18T12:12:48+00:00","dateModified":"2022-08-18T12:12:48+00:00","breadcrumb":{"@id":"http:\/\/elsuperbeasto.com\/is\/er-stefnumot-a-netinu-oruggt\/#breadcrumb"},"inLanguage":"is","potentialAction":[{"@type":"ReadAction","target":["http:\/\/elsuperbeasto.com\/is\/er-stefnumot-a-netinu-oruggt\/"]}]},{"@type":"BreadcrumbList","@id":"http:\/\/elsuperbeasto.com\/is\/er-stefnumot-a-netinu-oruggt\/#breadcrumb","itemListElement":[{"@type":"ListItem","position":1,"name":"Home","item":"https:\/\/elsuperbeasto.com\/is\/"},{"@type":"ListItem","position":2,"name":"Er stefnum\u00f3t \u00e1 netinu \u00f6ruggt?"}]}]}},"_links":{"self":[{"href":"http:\/\/elsuperbeasto.com\/is\/wp-json\/wp\/v2\/pages\/366"}],"collection":[{"href":"http:\/\/elsuperbeasto.com\/is\/wp-json\/wp\/v2\/pages"}],"about":[{"href":"http:\/\/elsuperbeasto.com\/is\/wp-json\/wp\/v2\/types\/page"}],"author":[{"embeddable":true,"href":"http:\/\/elsuperbeasto.com\/is\/wp-json\/wp\/v2\/users\/1"}],"replies":[{"embeddable":true,"href":"http:\/\/elsuperbeasto.com\/is\/wp-json\/wp\/v2\/comments?post=366"}],"version-history":[{"count":0,"href":"http:\/\/elsuperbeasto.com\/is\/wp-json\/wp\/v2\/pages\/366\/revisions"}],"wp:featuredmedia":[{"embeddable":true,"href":"http:\/\/elsuperbeasto.com\/is\/wp-json\/wp\/v2\/media\/132"}],"wp:attachment":[{"href":"http:\/\/elsuperbeasto.com\/is\/wp-json\/wp\/v2\/media?parent=366"}],"curies":[{"name":"wp","href":"https:\/\/api.w.org\/{rel}","templated":true}]}}