{"id":324,"date":"2022-08-18T13:22:34","date_gmt":"2022-08-18T12:22:34","guid":{"rendered":"http:\/\/elsuperbeasto.com\/hvernig-a-ad-deita-konur-a-stadnum\/"},"modified":"2022-08-18T13:22:34","modified_gmt":"2022-08-18T12:22:34","slug":"hvernig-a-ad-deita-konur-a-stadnum","status":"publish","type":"page","link":"http:\/\/elsuperbeasto.com\/is\/hvernig-a-ad-deita-konur-a-stadnum\/","title":{"rendered":"Hvernig \u00e1 a\u00f0 deita konur \u00e1 sta\u00f0num"},"content":{"rendered":"<p>Ertu \u00fereyttur \u00e1 a\u00f0 deita stelpur langt \u00ed burtu? Viltu finna k\u00e6rustu n\u00e6r heimilinu?<\/p>\n<p>\u00cd \u00feessari grein munum vi\u00f0 fjalla um 3 r\u00e1\u00f0 til a\u00f0 hj\u00e1lpa \u00fe\u00e9r a\u00f0 finna st\u00falku \u00e1 sta\u00f0num til a\u00f0 deita.<\/p>\n<h2>Finndu sta\u00f0bundnar konur \u00e1 netinu<\/h2>\n<p>Fyrstu hlutirnir fyrst. Ef \u00fe\u00fa vilt finna konu \u00e1 sta\u00f0num til a\u00f0 deita \u00fearftu a\u00f0 finna hana fyrst \u00e1 netinu. \u00dea\u00f0 eru tonn af vefs\u00ed\u00f0um sem gera \u00fe\u00e9r kleift a\u00f0 leita a\u00f0 einhleypum konum mi\u00f0a\u00f0 vi\u00f0 sta\u00f0setningu. \u00deessar s\u00ed\u00f0ur innihalda Match.com, eHarmony, PlentyofFish, OkCupid, Zoosk og fleiri.<\/p>\n<p>Stefnum\u00f3t \u00e1 netinu hafa or\u00f0i\u00f0 afar vins\u00e6l undanfari\u00f0. \u00dea\u00f0 gerir \u00fe\u00e9r kleift a\u00f0 tengjast \u00fe\u00fasundum m\u00f6gulegra leikja \u00e1n \u00feess a\u00f0 yfirgefa h\u00fasi\u00f0 \u00feitt. Svo ekki missa af \u00feessu t\u00e6kif\u00e6ri til a\u00f0 finna konu \u00e1 sta\u00f0num.<\/p>\n<h2>Hittu vini sem b\u00faa \u00ed n\u00e1grenninu<\/h2>\n<p>\u00deessi \u00e1bending virkar best fyrir \u00fe\u00e1 sem b\u00faa \u00ed st\u00f3rborgum. Hins vegar, ef \u00fe\u00fa b\u00fdr\u00f0 einhvers sta\u00f0ar minni, g\u00e6tir\u00f0u samt fundi\u00f0 stelpu \u00e1 sta\u00f0num \u00e1 stefnum\u00f3t. Hittu vini sem b\u00faa \u00ed n\u00e1grenninu. \u00deetta gefur \u00fe\u00e9r afs\u00f6kun til a\u00f0 hanga saman og tala um \u00e1hugam\u00e1l \u00fe\u00edn.<\/p>\n<p>\u00dea\u00f0 er au\u00f0veldara a\u00f0 <a href=\"http:\/\/elsuperbeasto.com\/is\/bestu-forritin-til-ad-finna-ast\/\">sl\u00e1 upp samt\u00f6lum<\/a> \u00feegar \u00fe\u00fa ert a\u00f0 umgangast vini. Auk \u00feess muntu l\u00edklega rekast \u00e1 einhverja s\u00e6ta gaura l\u00edka!<\/p>\n<h2>Gakktu til li\u00f0s vi\u00f0 h\u00f3pa sem vekja \u00e1huga \u00feinn<\/h2>\n<p>Gakktu til li\u00f0s vi\u00f0 h\u00f3pa sem vekja \u00e1huga \u00feinn. Taktu til d\u00e6mis \u00fe\u00e1tt \u00ed \u00ed\u00fer\u00f3ttah\u00f3pi, b\u00f3kakl\u00fabbi e\u00f0a \u00f6\u00f0rum h\u00f3pi sem vekur \u00e1huga \u00feinn. \u00deegar \u00fe\u00fa gengur \u00ed svona h\u00f3pa ver\u00f0ur\u00f0u fyrir fullt af \u00e1hugaver\u00f0u f\u00f3lki. Og \u00fear sem flestir \u00feessara h\u00f3pa einbeita s\u00e9r a\u00f0 einhverju sem \u00fe\u00e9r \u00feykir v\u00e6nt um, \u00fe\u00e1 mun \u00fe\u00e9r l\u00ed\u00f0a betur a\u00f0 tala vi\u00f0 \u00fe\u00e1 en tilviljanakennda \u00f3kunnuga.<\/p>\n<p>Auk \u00feess mun \u00fe\u00e1tttaka \u00ed \u00feessum h\u00f3pum gefa \u00fe\u00e9r t\u00e6kif\u00e6ri til a\u00f0 \u00e6fa samtalsh\u00e6fileika \u00fe\u00edna. \u00de\u00fa munt l\u00e6ra hvernig \u00e1 a\u00f0 spyrja spurninga, hlusta betur og tala af \u00f6ryggi.<\/p>\n<h2>Algengar spurningar<\/h2>\n<p>Me\u00f0 \u00fev\u00ed a\u00f0 fylgja \u00feessum <a href=\"http:\/\/elsuperbeasto.com\/is\/4-rad-til-ad-vera-oruggur-med-stefnumot-a-netinu\/\">\u00feremur r\u00e1\u00f0um<\/a> muntu geta fundi\u00f0 stelpu til a\u00f0 deita fyrr en s\u00ed\u00f0ar.<\/p>\n<h3>Hva\u00f0 \u00fe\u00fd\u00f0ir engir strengir sem fylgja \u00ed stefnum\u00f3tum?<\/h3>\n<p>Engir strengir festir \u00fe\u00fd\u00f0ir a\u00f0 \u00fe\u00fa \u00fearft ekki a\u00f0 hafa \u00e1hyggjur af \u00fev\u00ed a\u00f0 komast \u00ed neinar langt\u00edmaskuldbindingar. Ef \u00fe\u00fa vilt deita einhvern \u00fe\u00e9r til skemmtunar, far\u00f0u \u00fe\u00e1 \u00e1 undan! Hins vegar, ef \u00fe\u00fa vilt deita einhvern alvarlega, \u00fe\u00e1 \u00e6ttir \u00fe\u00fa a\u00f0 vera tilb\u00fainn a\u00f0 skuldbinda \u00feig. Ef \u00fe\u00fa vilt for\u00f0ast a\u00f0 lenda \u00ed sambandi \u00fear sem b\u00e1\u00f0ir a\u00f0ilar telja sig skylduga til a\u00f0 vera saman a\u00f0 eil\u00edfu, reyndu \u00fe\u00e1 a\u00f0 deita einhvern sem hefur engar v\u00e6ntingar um hversu lengi \u00feeir eiga a\u00f0 vera saman. \u00deannig \u00fearftu ekki a\u00f0 hafa \u00e1hyggjur af \u00fev\u00ed a\u00f0 h\u00e6tta saman \u00feegar hlutirnir eru ekki a\u00f0 ganga upp lengur.<\/p>\n<h3>Geta engir strengir sem fylgjast breytt \u00ed \u00e1st?<\/h3>\n<p>J\u00e1, \u00fea\u00f0 er m\u00f6gulegt fyrir enga strengi sem fylgja a\u00f0 breytast \u00ed \u00e1st. Hins vegar \u00fearf nokkra fyrirh\u00f6fn fr\u00e1 b\u00e1\u00f0um a\u00f0ilum. Fyrsta skrefi\u00f0 er a\u00f0 vera hei\u00f0arlegur um \u00fea\u00f0 sem \u00fe\u00fa vilt. Ef \u00fe\u00fa veist ekki hva\u00f0 \u00fe\u00fa vilt, \u00fe\u00e1 kemstu ekki a\u00f0 \u00fev\u00ed fyrr en \u00fe\u00fa reynir. \u00deegar \u00fe\u00fa hefur fundi\u00f0 \u00fat hva\u00f0 \u00fe\u00fa vilt \u00fearftu a\u00f0 hafa sk\u00fdr og hei\u00f0arleg samskipti s\u00edn \u00e1 milli. A\u00f0 lokum \u00fearftu a\u00f0 setja \u00feig fram og l\u00e1ta a\u00f0ra vita hvernig \u00fe\u00e9r l\u00ed\u00f0ur.<\/p>\n<h3>Hva\u00f0 er NSA fling?<\/h3>\n<p>NSA fling er \u00feegar einhver stundar kynl\u00edf me\u00f0 annarri manneskju sem hann vill ekki vera n\u00e1inn me\u00f0. \u00deetta gerist venjulega \u00e1 milli tveggja einstaklinga sem \u00feekkjast vel, svo sem vinnuf\u00e9laga, fj\u00f6lskyldume\u00f0lima e\u00f0a n\u00e1inna vina. Hugtaki\u00f0 var fyrst nota\u00f0 \u00e1 \u00e1ttunda \u00e1ratugnum og v\u00edsar til \u00dej\u00f3\u00f0ar\u00f6ryggisstofnunarinnar.<\/p>\n","protected":false},"excerpt":{"rendered":"<p>Ertu \u00fereyttur \u00e1 a\u00f0 deita stelpur langt \u00ed burtu? Viltu finna k\u00e6rustu n\u00e6r heimilinu? \u00cd \u00feessari grein munum vi\u00f0 fjalla um 3 r\u00e1\u00f0 til a\u00f0 hj\u00e1lpa \u00fe\u00e9r a\u00f0 finna st\u00falku \u00e1 sta\u00f0num til a\u00f0 deita. Finndu sta\u00f0bundnar konur \u00e1 netinu&hellip; <a href=\"http:\/\/elsuperbeasto.com\/is\/hvernig-a-ad-deita-konur-a-stadnum\/\" class=\"more-link\">Continue Reading <span class=\"meta-nav\">&rarr;<\/span><\/a><\/p>\n","protected":false},"author":1,"featured_media":160,"parent":0,"menu_order":0,"comment_status":"closed","ping_status":"closed","template":"","meta":[],"yoast_head":"<!-- This site is optimized with the Yoast SEO plugin v17.7.1 - https:\/\/yoast.com\/wordpress\/plugins\/seo\/ -->\n<title>Hvernig \u00e1 a\u00f0 deita konur \u00e1 sta\u00f0num - Quick Hookup<\/title>\n<meta name=\"robots\" content=\"index, follow, max-snippet:-1, max-image-preview:large, max-video-preview:-1\" \/>\n<link rel=\"canonical\" href=\"http:\/\/elsuperbeasto.com\/is\/hvernig-a-ad-deita-konur-a-stadnum\/\" \/>\n<meta property=\"og:locale\" content=\"is_IS\" \/>\n<meta property=\"og:type\" content=\"article\" \/>\n<meta property=\"og:title\" content=\"Hvernig \u00e1 a\u00f0 deita konur \u00e1 sta\u00f0num - Quick Hookup\" \/>\n<meta property=\"og:description\" content=\"Ertu \u00fereyttur \u00e1 a\u00f0 deita stelpur langt \u00ed burtu? Viltu finna k\u00e6rustu n\u00e6r heimilinu? \u00cd \u00feessari grein munum vi\u00f0 fjalla um 3 r\u00e1\u00f0 til a\u00f0 hj\u00e1lpa \u00fe\u00e9r a\u00f0 finna st\u00falku \u00e1 sta\u00f0num til a\u00f0 deita. Finndu sta\u00f0bundnar konur \u00e1 netinu&hellip; Continue Reading &rarr;\" \/>\n<meta property=\"og:url\" content=\"http:\/\/elsuperbeasto.com\/is\/hvernig-a-ad-deita-konur-a-stadnum\/\" \/>\n<meta property=\"og:site_name\" content=\"Quick Hookup\" \/>\n<meta property=\"og:image\" content=\"http:\/\/elsuperbeasto.com\/wp-content\/uploads\/2022\/08\/sexy-time.jpeg\" \/>\n\t<meta property=\"og:image:width\" content=\"1001\" \/>\n\t<meta property=\"og:image:height\" content=\"1500\" \/>\n<meta name=\"twitter:card\" content=\"summary_large_image\" \/>\n<meta name=\"twitter:label1\" content=\"Est. reading time\" \/>\n\t<meta name=\"twitter:data1\" content=\"3 minutes\" \/>\n<script type=\"application\/ld+json\" class=\"yoast-schema-graph\">{\"@context\":\"https:\/\/schema.org\",\"@graph\":[{\"@type\":\"WebSite\",\"@id\":\"https:\/\/elsuperbeasto.com\/#website\",\"url\":\"https:\/\/elsuperbeasto.com\/\",\"name\":\"Quick Hookup\",\"description\":\"Your Guide To Love\",\"potentialAction\":[{\"@type\":\"SearchAction\",\"target\":{\"@type\":\"EntryPoint\",\"urlTemplate\":\"https:\/\/elsuperbeasto.com\/?s={search_term_string}\"},\"query-input\":\"required name=search_term_string\"}],\"inLanguage\":\"is\"},{\"@type\":\"ImageObject\",\"@id\":\"http:\/\/elsuperbeasto.com\/is\/hvernig-a-ad-deita-konur-a-stadnum\/#primaryimage\",\"inLanguage\":\"is\",\"url\":\"http:\/\/elsuperbeasto.com\/wp-content\/uploads\/2022\/08\/sexy-time.jpeg\",\"contentUrl\":\"http:\/\/elsuperbeasto.com\/wp-content\/uploads\/2022\/08\/sexy-time.jpeg\",\"width\":1001,\"height\":1500},{\"@type\":\"WebPage\",\"@id\":\"http:\/\/elsuperbeasto.com\/is\/hvernig-a-ad-deita-konur-a-stadnum\/#webpage\",\"url\":\"http:\/\/elsuperbeasto.com\/is\/hvernig-a-ad-deita-konur-a-stadnum\/\",\"name\":\"Hvernig \\u00e1 a\\u00f0 deita konur \\u00e1 sta\\u00f0num - Quick Hookup\",\"isPartOf\":{\"@id\":\"https:\/\/elsuperbeasto.com\/#website\"},\"primaryImageOfPage\":{\"@id\":\"http:\/\/elsuperbeasto.com\/is\/hvernig-a-ad-deita-konur-a-stadnum\/#primaryimage\"},\"datePublished\":\"2022-08-18T12:22:34+00:00\",\"dateModified\":\"2022-08-18T12:22:34+00:00\",\"breadcrumb\":{\"@id\":\"http:\/\/elsuperbeasto.com\/is\/hvernig-a-ad-deita-konur-a-stadnum\/#breadcrumb\"},\"inLanguage\":\"is\",\"potentialAction\":[{\"@type\":\"ReadAction\",\"target\":[\"http:\/\/elsuperbeasto.com\/is\/hvernig-a-ad-deita-konur-a-stadnum\/\"]}]},{\"@type\":\"BreadcrumbList\",\"@id\":\"http:\/\/elsuperbeasto.com\/is\/hvernig-a-ad-deita-konur-a-stadnum\/#breadcrumb\",\"itemListElement\":[{\"@type\":\"ListItem\",\"position\":1,\"name\":\"Home\",\"item\":\"https:\/\/elsuperbeasto.com\/is\/\"},{\"@type\":\"ListItem\",\"position\":2,\"name\":\"Hvernig \\u00e1 a\\u00f0 deita konur \\u00e1 sta\\u00f0num\"}]}]}<\/script>\n<!-- \/ Yoast SEO plugin. -->","yoast_head_json":{"title":"Hvernig \u00e1 a\u00f0 deita konur \u00e1 sta\u00f0num - Quick Hookup","robots":{"index":"index","follow":"follow","max-snippet":"max-snippet:-1","max-image-preview":"max-image-preview:large","max-video-preview":"max-video-preview:-1"},"canonical":"http:\/\/elsuperbeasto.com\/is\/hvernig-a-ad-deita-konur-a-stadnum\/","og_locale":"is_IS","og_type":"article","og_title":"Hvernig \u00e1 a\u00f0 deita konur \u00e1 sta\u00f0num - Quick Hookup","og_description":"Ertu \u00fereyttur \u00e1 a\u00f0 deita stelpur langt \u00ed burtu? Viltu finna k\u00e6rustu n\u00e6r heimilinu? \u00cd \u00feessari grein munum vi\u00f0 fjalla um 3 r\u00e1\u00f0 til a\u00f0 hj\u00e1lpa \u00fe\u00e9r a\u00f0 finna st\u00falku \u00e1 sta\u00f0num til a\u00f0 deita. Finndu sta\u00f0bundnar konur \u00e1 netinu&hellip; Continue Reading &rarr;","og_url":"http:\/\/elsuperbeasto.com\/is\/hvernig-a-ad-deita-konur-a-stadnum\/","og_site_name":"Quick Hookup","og_image":[{"width":1001,"height":1500,"url":"http:\/\/elsuperbeasto.com\/wp-content\/uploads\/2022\/08\/sexy-time.jpeg","type":"image\/jpeg"}],"twitter_card":"summary_large_image","twitter_misc":{"Est. reading time":"3 minutes"},"schema":{"@context":"https:\/\/schema.org","@graph":[{"@type":"WebSite","@id":"https:\/\/elsuperbeasto.com\/#website","url":"https:\/\/elsuperbeasto.com\/","name":"Quick Hookup","description":"Your Guide To Love","potentialAction":[{"@type":"SearchAction","target":{"@type":"EntryPoint","urlTemplate":"https:\/\/elsuperbeasto.com\/?s={search_term_string}"},"query-input":"required name=search_term_string"}],"inLanguage":"is"},{"@type":"ImageObject","@id":"http:\/\/elsuperbeasto.com\/is\/hvernig-a-ad-deita-konur-a-stadnum\/#primaryimage","inLanguage":"is","url":"http:\/\/elsuperbeasto.com\/wp-content\/uploads\/2022\/08\/sexy-time.jpeg","contentUrl":"http:\/\/elsuperbeasto.com\/wp-content\/uploads\/2022\/08\/sexy-time.jpeg","width":1001,"height":1500},{"@type":"WebPage","@id":"http:\/\/elsuperbeasto.com\/is\/hvernig-a-ad-deita-konur-a-stadnum\/#webpage","url":"http:\/\/elsuperbeasto.com\/is\/hvernig-a-ad-deita-konur-a-stadnum\/","name":"Hvernig \u00e1 a\u00f0 deita konur \u00e1 sta\u00f0num - Quick Hookup","isPartOf":{"@id":"https:\/\/elsuperbeasto.com\/#website"},"primaryImageOfPage":{"@id":"http:\/\/elsuperbeasto.com\/is\/hvernig-a-ad-deita-konur-a-stadnum\/#primaryimage"},"datePublished":"2022-08-18T12:22:34+00:00","dateModified":"2022-08-18T12:22:34+00:00","breadcrumb":{"@id":"http:\/\/elsuperbeasto.com\/is\/hvernig-a-ad-deita-konur-a-stadnum\/#breadcrumb"},"inLanguage":"is","potentialAction":[{"@type":"ReadAction","target":["http:\/\/elsuperbeasto.com\/is\/hvernig-a-ad-deita-konur-a-stadnum\/"]}]},{"@type":"BreadcrumbList","@id":"http:\/\/elsuperbeasto.com\/is\/hvernig-a-ad-deita-konur-a-stadnum\/#breadcrumb","itemListElement":[{"@type":"ListItem","position":1,"name":"Home","item":"https:\/\/elsuperbeasto.com\/is\/"},{"@type":"ListItem","position":2,"name":"Hvernig \u00e1 a\u00f0 deita konur \u00e1 sta\u00f0num"}]}]}},"_links":{"self":[{"href":"http:\/\/elsuperbeasto.com\/is\/wp-json\/wp\/v2\/pages\/324"}],"collection":[{"href":"http:\/\/elsuperbeasto.com\/is\/wp-json\/wp\/v2\/pages"}],"about":[{"href":"http:\/\/elsuperbeasto.com\/is\/wp-json\/wp\/v2\/types\/page"}],"author":[{"embeddable":true,"href":"http:\/\/elsuperbeasto.com\/is\/wp-json\/wp\/v2\/users\/1"}],"replies":[{"embeddable":true,"href":"http:\/\/elsuperbeasto.com\/is\/wp-json\/wp\/v2\/comments?post=324"}],"version-history":[{"count":0,"href":"http:\/\/elsuperbeasto.com\/is\/wp-json\/wp\/v2\/pages\/324\/revisions"}],"wp:featuredmedia":[{"embeddable":true,"href":"http:\/\/elsuperbeasto.com\/is\/wp-json\/wp\/v2\/media\/160"}],"wp:attachment":[{"href":"http:\/\/elsuperbeasto.com\/is\/wp-json\/wp\/v2\/media?parent=324"}],"curies":[{"name":"wp","href":"https:\/\/api.w.org\/{rel}","templated":true}]}}