{"id":312,"date":"2022-08-18T13:39:47","date_gmt":"2022-08-18T12:39:47","guid":{"rendered":"http:\/\/elsuperbeasto.com\/amma-stefnumotaforrit\/"},"modified":"2022-08-18T13:39:47","modified_gmt":"2022-08-18T12:39:47","slug":"amma-stefnumotaforrit","status":"publish","type":"page","link":"http:\/\/elsuperbeasto.com\/is\/amma-stefnumotaforrit\/","title":{"rendered":"Amma stefnum\u00f3taforrit"},"content":{"rendered":"<p>\u00d6mmu stefnum\u00f3tas\u00ed\u00f0ur bj\u00f3\u00f0a eldri konum upp \u00e1 t\u00e6kif\u00e6ri til a\u00f0 <a href=\"http:\/\/elsuperbeasto.com\/is\/stefnumot-throskadur-milf\/\">hitta yngri menn sem vilja fara \u00e1 stefnum\u00f3t me\u00f0 \u00feeim<\/a>. S\u00ed\u00f0an hefur veri\u00f0 til s\u00ed\u00f0an 2006 og hefur n\u00fa t\u00e6plega 1 millj\u00f3n me\u00f0limi fr\u00e1 \u00f6llum heimshornum. \u00dea\u00f0 eru engin gj\u00f6ld sem taka \u00fe\u00e1tt og notendur geta sko\u00f0a\u00f0 pr\u00f3f\u00edla \u00fat fr\u00e1 aldri, sta\u00f0setningu, \u00e1hugam\u00e1lum og kynfer\u00f0islegum \u00f3skum.<\/p>\n<p>Ef \u00fe\u00fa vilt r\u00ed\u00f0a \u00f6mmu \u00e1 sta\u00f0num, \u00fe\u00e1 \u00e6ttir\u00f0u a\u00f0 fara heim til hennar. H\u00fan ver\u00f0ur mj\u00f6g spennt \u00feegar h\u00fan s\u00e9r \u00feig vi\u00f0 dyrnar s\u00ednar. Bi\u00f0ji\u00f0 s\u00ed\u00f0an um leyfi til a\u00f0 fara inn \u00ed h\u00fasi\u00f0 hennar. \u00deegar h\u00fan gefur \u00fe\u00e9r OK, \u00fe\u00e1 \u00e6ttir\u00f0u a\u00f0 byrja a\u00f0 kyssa hana um allt andlit hennar, h\u00e1ls, brj\u00f3st og kisu. Eftir \u00fea\u00f0 \u00e6ttir\u00f0u a\u00f0 stinga haninum h\u00e6gt og r\u00f3lega inn \u00ed legg\u00f6ng hennar \u00fear til \u00fe\u00fa f\u00e6r\u00f0 s\u00e1\u00f0l\u00e1t inn \u00ed hana.<\/p>\n<h2>Match.com<\/h2>\n<p>Match.com er st\u00e6rsti stefnum\u00f3tavefur Nor\u00f0ur-Amer\u00edku. Me\u00f0 meira en 10 millj\u00f3nir skr\u00e1\u00f0ra notenda b\u00fd\u00f0ur Match.com upp \u00e1 fj\u00f6lbreytt \u00farval af \u00fej\u00f3nustu og \u00farr\u00e6\u00f0um til a\u00f0 hj\u00e1lpa notendum a\u00f0 finna \u00e1st. Match.com gerir notendum kleift a\u00f0 leita a\u00f0 hugsanlegum leikjum \u00fat fr\u00e1 sta\u00f0setningu, sameiginlegum \u00e1hugam\u00e1lum, \u00e1hugam\u00e1lum, starfi, tr\u00faarbr\u00f6g\u00f0um og menntun. Notendur geta einnig stillt \u00f3skir var\u00f0andi kyn, \u00fej\u00f3\u00f0erni, sambandsst\u00f6\u00f0u og kynhneig\u00f0.<\/p>\n<p>Notendur geta sko\u00f0a\u00f0 pr\u00f3f\u00edla, sent blikk, sko\u00f0a\u00f0 myndir og teki\u00f0 \u00fe\u00e1tt \u00ed spjalli \u00ed beinni \u00ed gegnum vefmyndav\u00e9l. Me\u00f0limir geta einnig skipst \u00e1 t\u00f6lvup\u00f3sti og spjallskilabo\u00f0um, skipulagt s\u00fdndarfundi og \u00f3ska\u00f0 eftir s\u00edmt\u00f6lum. \u00dea\u00f0 er \u00f3keypis a\u00f0 taka \u00fe\u00e1tt og b\u00fd\u00f0ur upp \u00e1 \u00f6flugt fars\u00edmaforrit fyrir iPhone, Android, BlackBerry, Windows Phone og iPad t\u00e6ki.<\/p>\n<h2>eHarmony<\/h2>\n<p>eHarmony er \u00f6nnur lei\u00f0andi \u00ferosku\u00f0 stefnum\u00f3tas\u00ed\u00f0a sem sinnir eing\u00f6ngu \u00ferosku\u00f0um fullor\u00f0num. \u00d3l\u00edkt hef\u00f0bundinni hj\u00f3nabandsmi\u00f0lunar\u00fej\u00f3nustu rukkar eHarmony engin gj\u00f6ld til notenda. \u00deess \u00ed sta\u00f0 byggir \u00fea\u00f0 eing\u00f6ngu \u00e1 augl\u00fdsingatekjum sem myndast af \u00e1skriftum me\u00f0lima. \u00dear er \u00fev\u00ed haldi\u00f0 fram a\u00f0 \u00fea\u00f0 noti v\u00edsindalegt samsv\u00f6runarkerfi til a\u00f0 para notendur saman \u00fat fr\u00e1 eindr\u00e6gnis\u00fe\u00e1ttum eins og pers\u00f3nuleikaeinkennum, gildum og l\u00edfsst\u00edl. Me\u00f0limir geta b\u00fai\u00f0 til pr\u00f3f\u00edl sem l\u00fdsir pers\u00f3nulegum eiginleikum \u00feeirra, l\u00edkar, misl\u00edkar og venjur. \u00deeir geta s\u00ed\u00f0an nota\u00f0 h\u00e1\u00fer\u00f3a\u00f0a leitarv\u00e9l s\u00ed\u00f0unnar til a\u00f0 \u00ferengja hugsanlega samsv\u00f6run samkv\u00e6mt s\u00e9rst\u00f6kum forsendum. \u00deegar notandi hefur fundi\u00f0 vi\u00f0eigandi frambj\u00f3\u00f0anda getur hann e\u00f0a h\u00fan hafi\u00f0 samband og byrja\u00f0 a\u00f0 skiptast \u00e1 t\u00f6lvup\u00f3sti og spjallskilabo\u00f0um. B\u00e1\u00f0ir a\u00f0ilar geta vali\u00f0 hvort halda eigi \u00e1fram me\u00f0 fund augliti til auglitis.<\/p>\n<h2>POF<\/h2>\n<p>PlentyofFish er \u00f3keypis stefnum\u00f3tas\u00ed\u00f0a \u00e1 netinu sem sinnir fyrst og fremst \u00ferosku\u00f0um fullor\u00f0num. S\u00ed\u00f0an er \u00feekkt fyrir a\u00f0 vera mj\u00f6g innifalin og taka vi\u00f0 fj\u00f6lbreyttum tegundum f\u00f3lks. \u00d3l\u00edkt \u00f6\u00f0rum \u00ferosku\u00f0um stefnum\u00f3tas\u00ed\u00f0um, \u00fea\u00f0 krefst \u00feess ekki a\u00f0 notendur grei\u00f0i \u00e1skriftargjald. \u00deess \u00ed sta\u00f0 aflar \u00fea\u00f0 tekna me\u00f0 augl\u00fdsingum. \u00dea\u00f0 b\u00fd\u00f0ur upp \u00e1 nokkrar mismunandi lei\u00f0ir til a\u00f0 eiga samskipti, \u00fear \u00e1 me\u00f0al t\u00f6lvup\u00f3st, spjallskilabo\u00f0, raddspjall og myndspjall. Fars\u00edmaforrit \u00feess eru f\u00e1anleg fyrir iOS \/ Android.<\/p>\n<h2>OkCupid<\/h2>\n<p>OkCupid er \u00f3keypis stefnum\u00f3ta\u00fej\u00f3nusta \u00e1 netinu sem einbeitir s\u00e9r fyrst og fremst a\u00f0 \u00fev\u00ed a\u00f0 finna samh\u00e6fa samstarfsa\u00f0ila fyrir frj\u00e1lslegur stefnum\u00f3t. \u00deessi s\u00ed\u00f0a st\u00e1tar af meira en 12 millj\u00f3n einst\u00f6kum gestum \u00e1 m\u00e1nu\u00f0i og gerir \u00fea\u00f0 einfalt fyrir notendur a\u00f0 sko\u00f0a \u00fe\u00fasundir sni\u00f0a og eiga samskipti vi\u00f0 a\u00f0ra me\u00f0 t\u00f6lvup\u00f3sti, textaskilabo\u00f0um og myndspjalli.<\/p>\n<p>Me\u00f0 OkCupid geta notendur hla\u00f0i\u00f0 upp myndum, skrifa\u00f0 um sj\u00e1lfa sig og l\u00fdst \u00fev\u00ed sem \u00feeir eru a\u00f0 leita a\u00f0 \u00ed samstarfsa\u00f0ila. A\u00f0rir notendur geta svara\u00f0 f\u00e6rslum s\u00ednum og s\u00e9\u00f0 hvort \u00feeir passi inn \u00ed kj\u00f6rger\u00f0 \u00feeirra. \u00dea\u00f0 er \u00f3keypis a\u00f0 vera me\u00f0 og krefst engrar skr\u00e1ningar. \u00dea\u00f0 b\u00fd\u00f0ur einnig upp \u00e1 \u00f6flugt fars\u00edmaforrit sem virkar \u00e1 m\u00f6rgum kerfum.<\/p>\n<h2>A\u00f0 finna Cougar fyrir \u00feig<\/h2>\n<p>Cougars og yngri krakkar nj\u00f3ta s\u00edn vel \u00ed \u00feessu stefnum\u00f3taforriti. Forriti\u00f0 hefur marga eiginleika til a\u00f0 hj\u00e1lpa notendum a\u00f0 tengjast. Til d\u00e6mis getur\u00f0u s\u00e9\u00f0 augnablik og f\u00e6rslur vina \u00feinna. Einnig er h\u00e6gt a\u00f0 senda skilabo\u00f0 og deila myndum. Og \u00fea\u00f0 eru fullt af \u00f6\u00f0rum valkostum. Hins vegar er meirihluti karlanna \u00ed \u00feessu stefnum\u00f3taforriti eldri en \u00fe\u00fa.<\/p>\n<p>\u00de\u00fa \u00e6ttir a\u00f0 vera tilb\u00fainn a\u00f0 hitta \u00f6mmu kynl\u00edfsf\u00e9laga \u00feinn hven\u00e6r sem er til frj\u00e1lslegrar skemmtunar.<\/p>\n","protected":false},"excerpt":{"rendered":"<p>\u00d6mmu stefnum\u00f3tas\u00ed\u00f0ur bj\u00f3\u00f0a eldri konum upp \u00e1 t\u00e6kif\u00e6ri til a\u00f0 hitta yngri menn sem vilja fara \u00e1 stefnum\u00f3t me\u00f0 \u00feeim. S\u00ed\u00f0an hefur veri\u00f0 til s\u00ed\u00f0an 2006 og hefur n\u00fa t\u00e6plega 1 millj\u00f3n me\u00f0limi fr\u00e1 \u00f6llum heimshornum. \u00dea\u00f0 eru engin gj\u00f6ld&hellip; <a href=\"http:\/\/elsuperbeasto.com\/is\/amma-stefnumotaforrit\/\" class=\"more-link\">Continue Reading <span class=\"meta-nav\">&rarr;<\/span><\/a><\/p>\n","protected":false},"author":1,"featured_media":230,"parent":0,"menu_order":0,"comment_status":"closed","ping_status":"closed","template":"","meta":[],"yoast_head":"<!-- This site is optimized with the Yoast SEO plugin v17.7.1 - https:\/\/yoast.com\/wordpress\/plugins\/seo\/ -->\n<title>Amma stefnum\u00f3taforrit - Quick Hookup<\/title>\n<meta name=\"robots\" content=\"index, follow, max-snippet:-1, max-image-preview:large, max-video-preview:-1\" \/>\n<link rel=\"canonical\" href=\"http:\/\/elsuperbeasto.com\/is\/amma-stefnumotaforrit\/\" \/>\n<meta property=\"og:locale\" content=\"is_IS\" \/>\n<meta property=\"og:type\" content=\"article\" \/>\n<meta property=\"og:title\" content=\"Amma stefnum\u00f3taforrit - Quick Hookup\" \/>\n<meta property=\"og:description\" content=\"\u00d6mmu stefnum\u00f3tas\u00ed\u00f0ur bj\u00f3\u00f0a eldri konum upp \u00e1 t\u00e6kif\u00e6ri til a\u00f0 hitta yngri menn sem vilja fara \u00e1 stefnum\u00f3t me\u00f0 \u00feeim. S\u00ed\u00f0an hefur veri\u00f0 til s\u00ed\u00f0an 2006 og hefur n\u00fa t\u00e6plega 1 millj\u00f3n me\u00f0limi fr\u00e1 \u00f6llum heimshornum. \u00dea\u00f0 eru engin gj\u00f6ld&hellip; Continue Reading &rarr;\" \/>\n<meta property=\"og:url\" content=\"http:\/\/elsuperbeasto.com\/is\/amma-stefnumotaforrit\/\" \/>\n<meta property=\"og:site_name\" content=\"Quick Hookup\" \/>\n<meta name=\"twitter:card\" content=\"summary_large_image\" \/>\n<meta name=\"twitter:image\" content=\"http:\/\/elsuperbeasto.com\/wp-content\/uploads\/2022\/08\/find-sex-on-apps.webp\" \/>\n<meta name=\"twitter:label1\" content=\"Est. reading time\" \/>\n\t<meta name=\"twitter:data1\" content=\"4 minutes\" \/>\n<script type=\"application\/ld+json\" class=\"yoast-schema-graph\">{\"@context\":\"https:\/\/schema.org\",\"@graph\":[{\"@type\":\"WebSite\",\"@id\":\"https:\/\/elsuperbeasto.com\/#website\",\"url\":\"https:\/\/elsuperbeasto.com\/\",\"name\":\"Quick Hookup\",\"description\":\"Your Guide To Love\",\"potentialAction\":[{\"@type\":\"SearchAction\",\"target\":{\"@type\":\"EntryPoint\",\"urlTemplate\":\"https:\/\/elsuperbeasto.com\/?s={search_term_string}\"},\"query-input\":\"required name=search_term_string\"}],\"inLanguage\":\"is\"},{\"@type\":\"ImageObject\",\"@id\":\"http:\/\/elsuperbeasto.com\/is\/amma-stefnumotaforrit\/#primaryimage\",\"inLanguage\":\"is\",\"url\":\"http:\/\/elsuperbeasto.com\/wp-content\/uploads\/2022\/08\/find-sex-on-apps.webp\",\"contentUrl\":\"http:\/\/elsuperbeasto.com\/wp-content\/uploads\/2022\/08\/find-sex-on-apps.webp\",\"width\":1125,\"height\":750},{\"@type\":\"WebPage\",\"@id\":\"http:\/\/elsuperbeasto.com\/is\/amma-stefnumotaforrit\/#webpage\",\"url\":\"http:\/\/elsuperbeasto.com\/is\/amma-stefnumotaforrit\/\",\"name\":\"Amma stefnum\\u00f3taforrit - Quick Hookup\",\"isPartOf\":{\"@id\":\"https:\/\/elsuperbeasto.com\/#website\"},\"primaryImageOfPage\":{\"@id\":\"http:\/\/elsuperbeasto.com\/is\/amma-stefnumotaforrit\/#primaryimage\"},\"datePublished\":\"2022-08-18T12:39:47+00:00\",\"dateModified\":\"2022-08-18T12:39:47+00:00\",\"breadcrumb\":{\"@id\":\"http:\/\/elsuperbeasto.com\/is\/amma-stefnumotaforrit\/#breadcrumb\"},\"inLanguage\":\"is\",\"potentialAction\":[{\"@type\":\"ReadAction\",\"target\":[\"http:\/\/elsuperbeasto.com\/is\/amma-stefnumotaforrit\/\"]}]},{\"@type\":\"BreadcrumbList\",\"@id\":\"http:\/\/elsuperbeasto.com\/is\/amma-stefnumotaforrit\/#breadcrumb\",\"itemListElement\":[{\"@type\":\"ListItem\",\"position\":1,\"name\":\"Home\",\"item\":\"https:\/\/elsuperbeasto.com\/is\/\"},{\"@type\":\"ListItem\",\"position\":2,\"name\":\"Amma stefnum\\u00f3taforrit\"}]}]}<\/script>\n<!-- \/ Yoast SEO plugin. -->","yoast_head_json":{"title":"Amma stefnum\u00f3taforrit - Quick Hookup","robots":{"index":"index","follow":"follow","max-snippet":"max-snippet:-1","max-image-preview":"max-image-preview:large","max-video-preview":"max-video-preview:-1"},"canonical":"http:\/\/elsuperbeasto.com\/is\/amma-stefnumotaforrit\/","og_locale":"is_IS","og_type":"article","og_title":"Amma stefnum\u00f3taforrit - Quick Hookup","og_description":"\u00d6mmu stefnum\u00f3tas\u00ed\u00f0ur bj\u00f3\u00f0a eldri konum upp \u00e1 t\u00e6kif\u00e6ri til a\u00f0 hitta yngri menn sem vilja fara \u00e1 stefnum\u00f3t me\u00f0 \u00feeim. S\u00ed\u00f0an hefur veri\u00f0 til s\u00ed\u00f0an 2006 og hefur n\u00fa t\u00e6plega 1 millj\u00f3n me\u00f0limi fr\u00e1 \u00f6llum heimshornum. \u00dea\u00f0 eru engin gj\u00f6ld&hellip; Continue Reading &rarr;","og_url":"http:\/\/elsuperbeasto.com\/is\/amma-stefnumotaforrit\/","og_site_name":"Quick Hookup","twitter_card":"summary_large_image","twitter_image":"http:\/\/elsuperbeasto.com\/wp-content\/uploads\/2022\/08\/find-sex-on-apps.webp","twitter_misc":{"Est. reading time":"4 minutes"},"schema":{"@context":"https:\/\/schema.org","@graph":[{"@type":"WebSite","@id":"https:\/\/elsuperbeasto.com\/#website","url":"https:\/\/elsuperbeasto.com\/","name":"Quick Hookup","description":"Your Guide To Love","potentialAction":[{"@type":"SearchAction","target":{"@type":"EntryPoint","urlTemplate":"https:\/\/elsuperbeasto.com\/?s={search_term_string}"},"query-input":"required name=search_term_string"}],"inLanguage":"is"},{"@type":"ImageObject","@id":"http:\/\/elsuperbeasto.com\/is\/amma-stefnumotaforrit\/#primaryimage","inLanguage":"is","url":"http:\/\/elsuperbeasto.com\/wp-content\/uploads\/2022\/08\/find-sex-on-apps.webp","contentUrl":"http:\/\/elsuperbeasto.com\/wp-content\/uploads\/2022\/08\/find-sex-on-apps.webp","width":1125,"height":750},{"@type":"WebPage","@id":"http:\/\/elsuperbeasto.com\/is\/amma-stefnumotaforrit\/#webpage","url":"http:\/\/elsuperbeasto.com\/is\/amma-stefnumotaforrit\/","name":"Amma stefnum\u00f3taforrit - Quick Hookup","isPartOf":{"@id":"https:\/\/elsuperbeasto.com\/#website"},"primaryImageOfPage":{"@id":"http:\/\/elsuperbeasto.com\/is\/amma-stefnumotaforrit\/#primaryimage"},"datePublished":"2022-08-18T12:39:47+00:00","dateModified":"2022-08-18T12:39:47+00:00","breadcrumb":{"@id":"http:\/\/elsuperbeasto.com\/is\/amma-stefnumotaforrit\/#breadcrumb"},"inLanguage":"is","potentialAction":[{"@type":"ReadAction","target":["http:\/\/elsuperbeasto.com\/is\/amma-stefnumotaforrit\/"]}]},{"@type":"BreadcrumbList","@id":"http:\/\/elsuperbeasto.com\/is\/amma-stefnumotaforrit\/#breadcrumb","itemListElement":[{"@type":"ListItem","position":1,"name":"Home","item":"https:\/\/elsuperbeasto.com\/is\/"},{"@type":"ListItem","position":2,"name":"Amma stefnum\u00f3taforrit"}]}]}},"_links":{"self":[{"href":"http:\/\/elsuperbeasto.com\/is\/wp-json\/wp\/v2\/pages\/312"}],"collection":[{"href":"http:\/\/elsuperbeasto.com\/is\/wp-json\/wp\/v2\/pages"}],"about":[{"href":"http:\/\/elsuperbeasto.com\/is\/wp-json\/wp\/v2\/types\/page"}],"author":[{"embeddable":true,"href":"http:\/\/elsuperbeasto.com\/is\/wp-json\/wp\/v2\/users\/1"}],"replies":[{"embeddable":true,"href":"http:\/\/elsuperbeasto.com\/is\/wp-json\/wp\/v2\/comments?post=312"}],"version-history":[{"count":0,"href":"http:\/\/elsuperbeasto.com\/is\/wp-json\/wp\/v2\/pages\/312\/revisions"}],"wp:featuredmedia":[{"embeddable":true,"href":"http:\/\/elsuperbeasto.com\/is\/wp-json\/wp\/v2\/media\/230"}],"wp:attachment":[{"href":"http:\/\/elsuperbeasto.com\/is\/wp-json\/wp\/v2\/media?parent=312"}],"curies":[{"name":"wp","href":"https:\/\/api.w.org\/{rel}","templated":true}]}}