{"id":299,"date":"2022-08-18T13:39:07","date_gmt":"2022-08-18T12:39:07","guid":{"rendered":"http:\/\/elsuperbeasto.com\/stefnumot-throskadur-milf\/"},"modified":"2022-08-18T13:39:07","modified_gmt":"2022-08-18T12:39:07","slug":"stefnumot-throskadur-milf","status":"publish","type":"page","link":"http:\/\/elsuperbeasto.com\/is\/stefnumot-throskadur-milf\/","title":{"rendered":"Stefnum\u00f3t \u00deroska\u00f0ur Milf?"},"content":{"rendered":"<p>\u00deroska\u00f0ir einhleypir eru a\u00f0 leita a\u00f0 \u00e1st og r\u00f3mant\u00edk. Ef \u00fe\u00fa vilt finna \u00feau, \u00fe\u00e1 \u00fearftu a\u00f0 vera \u00feolinm\u00f3\u00f0ur og b\u00ed\u00f0a \u00fear til \u00feeir koma til \u00fe\u00edn. Besta lei\u00f0in til a\u00f0 hitta \u00feroska\u00f0a einhleypa er \u00ed gegnum stefnum\u00f3tas\u00ed\u00f0ur eins og Match.com, eHarmony, OkCupid o.s.frv. \u00dea\u00f0 eru nokkrir sta\u00f0ir \u00fear sem \u00fe\u00fa getur fundi\u00f0 eldri konur \u00ed leit a\u00f0 kynl\u00edfi. Besti sta\u00f0urinn til a\u00f0 byrja \u00e1 er Craigslist.com. \u00c1 \u00feessari vefs\u00ed\u00f0u eru \u00fe\u00fasundir augl\u00fdsinga birtar daglega fr\u00e1 \u00f6llum heimshornum. Annar fr\u00e1b\u00e6r kostur er Backpage.com. \u00deessi s\u00ed\u00f0a hefur einnig millj\u00f3nir skr\u00e1ninga fyrir fylgdarmenn og fullor\u00f0ins\u00fej\u00f3nustu.<\/p>\n<p>B\u00faist er vi\u00f0 a\u00f0 \u00feessi t\u00f6lfr\u00e6\u00f0i haldi \u00e1fram a\u00f0 vaxa eftir \u00fev\u00ed sem \u00feroska\u00f0ra fullor\u00f0i\u00f0 f\u00f3lk ver\u00f0ur s\u00e1tt vi\u00f0 t\u00e6knina og finnst \u00f6ruggt a\u00f0 tj\u00e1 sig \u00e1 netinu. Fyrir viki\u00f0 eru margar \u00feroska\u00f0ar stefnum\u00f3tas\u00ed\u00f0ur \u00ed bo\u00f0i \u00e1 internetinu. \u00deessar s\u00ed\u00f0ur gera fullor\u00f0num kleift a\u00f0 hittast og eiga samskipti vi\u00f0 a\u00f0ra me\u00f0limi \u00fat fr\u00e1 sameiginlegum hagsmunum. Auk \u00feess a\u00f0 hitta n\u00fdtt f\u00f3lk veita \u00feessar s\u00ed\u00f0ur notendum einnig a\u00f0gang a\u00f0 einkar\u00e9ttu efni og verkf\u00e6rum sem \u00e6tla\u00f0 er a\u00f0 auka samskipti og lei\u00f0a til varanlegra tengsla. \u00de\u00f3 a\u00f0 \u00feroska\u00f0ar stefnum\u00f3tas\u00ed\u00f0ur s\u00e9u mj\u00f6g mismunandi hva\u00f0 var\u00f0ar f\u00e9lagsgj\u00f6ld, notendavi\u00f0m\u00f3t og heildarg\u00e6\u00f0i, \u00fe\u00e1 eru eftirfarandi nokkrar af bestu \u00feroska\u00f0ri stefnum\u00f3tas\u00ed\u00f0unum sem n\u00fa eru f\u00e1anlegar \u00e1 vefnum.<\/p>\n<h2>Vins\u00e6lustu valm\u00f6guleikarnir okkar:<\/h2>\n<p>\u00dea\u00f0 eru <a href=\"http:\/\/elsuperbeasto.com\/is\/hvernig-virka-nsa-tengingar\/\">nokkrar vefs\u00ed\u00f0ur<\/a> sem bj\u00f3\u00f0a upp \u00e1 eldri stefnum\u00f3tas\u00ed\u00f0ur, svo sem Senior Matchmaker, Senior People Meet og SeniorsMeet. \u00deessar s\u00ed\u00f0ur gera notendum kleift a\u00f0 leita a\u00f0 \u00f6\u00f0rum me\u00f0limum \u00fat fr\u00e1 aldri, sta\u00f0setningu, \u00e1hugam\u00e1lum og \u00e1hugam\u00e1lum.<\/p>\n<p>Hins vegar viljum vi\u00f0 gefa \u00fe\u00e9r nokkra valkosti vi\u00f0 vins\u00e6lu valkostina.<\/p>\n<h3>YourTango<\/h3>\n<p>YourTango er \u00f3keypis stefnum\u00f3tavettvangur \u00e1 netinu sem sinnir fyrst og fremst ungu f\u00f3lki. \u00deetta \u00fe\u00fd\u00f0ir a\u00f0 YourTango einbeitir s\u00e9r a\u00f0 \u00fev\u00ed a\u00f0 tengja saman sm\u00e1sk\u00edfur \u00e1 \u00fer\u00edtugs- og fertugsaldri.<\/p>\n<p>\u00dea\u00f0 er svipa\u00f0 og a\u00f0rar \u00feroska\u00f0ar stefnum\u00f3tas\u00ed\u00f0ur fyrir fullor\u00f0na a\u00f0 \u00fev\u00ed leyti a\u00f0 \u00fea\u00f0 \u00fearf ekki greidda \u00e1skrift til a\u00f0 skr\u00e1 sig. Hins vegar hefur \u00fea\u00f0 l\u00edti\u00f0 \u00farval af \u00farvalsa\u00f0ger\u00f0um sem kosta $ 9.99 \u00e1 m\u00e1nu\u00f0i. \u00dea\u00f0 er a\u00f0al\u00e1herslan l\u00f6g\u00f0 \u00e1 a\u00f0 skapa langvarandi tengingar milli notenda. Til a\u00f0 gera \u00fea\u00f0 veitir \u00fea\u00f0 mj\u00f6g gagnvirka upplifun \u00fear sem notendur geta tj\u00e1\u00f0 sig frj\u00e1lslega.<\/p>\n<p>Notendur geta sent greinar, myndb\u00f6nd og myndir \u00e1 pr\u00f3f\u00edls\u00ed\u00f0ur s\u00ednar. \u00deeir geta einnig skili\u00f0 eftir athugasemdir vi\u00f0 f\u00e6rslur annarra me\u00f0lima. F\u00e1anlegt fyrir b\u00e6\u00f0i iOS og Android t\u00e6ki.<\/p>\n<h3>Zoosk<\/h3>\n<p>Zoosk er \u00f3keypis stefnum\u00f3tas\u00ed\u00f0a \u00e1 netinu sem sinnir fyrst og fremst einst\u00f6kum s\u00e9rfr\u00e6\u00f0ingum. \u00deetta \u00fe\u00fd\u00f0ir a\u00f0 Zoosk mi\u00f0ar a\u00f0 \u00feroska\u00f0ri fullor\u00f0num sem vilja fara \u00e1 stefnum\u00f3t innan eigin atvinnugreinar. \u00dea\u00f0 er svipa\u00f0 og a\u00f0rar \u00feroska\u00f0ar stefnum\u00f3tas\u00ed\u00f0ur a\u00f0 \u00fev\u00ed leyti a\u00f0 \u00fea\u00f0 \u00fearf enga grei\u00f0slu til a\u00f0 skr\u00e1 sig. Hins vegar, \u00f3l\u00edkt \u00f6\u00f0rum \u00feroska\u00f0um stefnum\u00f3tas\u00ed\u00f0um, rukkar Zoosk m\u00e1na\u00f0argjald fyrir i\u00f0gjaldsreikninga. Grunnreikningurinn inniheldur \u00f3takmarka\u00f0an skilabo\u00f0a- og vafram\u00f6guleika. Premium a\u00f0ild felur \u00ed s\u00e9r a\u00f0gang a\u00f0 aukaa\u00f0ger\u00f0um eins og aukinni leit og sko\u00f0unarm\u00f6guleikum.<\/p>\n<h3>Kristj\u00e1nMingle<\/h3>\n<p>ChristianMingle er fyrsta \u00feroska\u00f0a stefnum\u00f3tas\u00ed\u00f0an sem hvatar eing\u00f6ngu kristna menn. \u00de\u00f3 a\u00f0 \u00feetta kunni a\u00f0 vir\u00f0ast takmarkandi vi\u00f0 fyrstu s\u00fdn, hvetur \u00feetta forrit \u00ed raun notendur til a\u00f0 v\u00edkka sj\u00f3ndeildarhringinn \u00fat fyrir tr\u00faarsko\u00f0anir s\u00ednar. \u00dea\u00f0 er alveg \u00f3keypis a\u00f0 taka \u00fe\u00e1tt og veitir notendum yfirgripsmikinn lista yfir eiginleika. Til d\u00e6mis geta notendur lesi\u00f0 \u00edtarlegar \u00e6vis\u00f6gur, sko\u00f0a\u00f0 myndir, b\u00e6tt vi\u00f0 eftirl\u00e6ti og gefi\u00f0 me\u00f0limum einkunn.<\/p>\n<p>\u00deeir geta einnig sent inn spurningar og be\u00f0i\u00f0 um r\u00e1\u00f0 fr\u00e1 \u00f6\u00f0rum me\u00f0limum. A\u00f0 auki b\u00fd\u00f0ur \u00fea\u00f0 upp \u00e1 einkaskilabo\u00f0aa\u00f0ger\u00f0 sem gerir notendum kleift a\u00f0 r\u00e6\u00f0a efni \u00ed einr\u00fami \u00e1n \u00feess a\u00f0 \u00f3ttast a\u00f0 ver\u00f0a d\u00e6mdur. \u00de\u00fa getur pr\u00f3fa\u00f0 tilbo\u00f0in \u00ed \u00farvals\u00e1skrift sem felur \u00ed s\u00e9r a\u00f0gang a\u00f0 einkar\u00e9ttu efni og eiginleikum.<\/p>\n<h3>Eldsp\u00fdta<\/h3>\n<p>\u00der\u00e1tt fyrir a\u00f0 Match.com s\u00e9 elsta \u00feroska\u00f0a stefnum\u00f3tas\u00ed\u00f0an \u00e1 marka\u00f0num er h\u00fan enn ein s\u00fa vins\u00e6lasta. \u00deessi s\u00ed\u00f0a var stofnu\u00f0 \u00e1ri\u00f0 1995 og hefur n\u00fa yfir 11 millj\u00f3nir virkra me\u00f0lima um allan heim.<\/p>\n<p>\u00dea\u00f0 er tali\u00f0 ein besta \u00feroska\u00f0a stefnum\u00f3tas\u00ed\u00f0an vegna \u00feess a\u00f0 h\u00fan veitir notendum fj\u00f6lbreytt \u00farval af eiginleikum og \u00fej\u00f3nustu. Til d\u00e6mis geta notendur leita\u00f0 a\u00f0 hugsanlegum samsv\u00f6runum \u00fat fr\u00e1 aldri, kyni, l\u00edfsst\u00edl, starfsframa, tr\u00faarbr\u00f6g\u00f0um og \u00fej\u00f3\u00f0erni. A\u00f0 auki b\u00fd\u00f0ur \u00fea\u00f0 me\u00f0limum upp \u00e1 t\u00e6kif\u00e6ri til a\u00f0 deila myndum og myndskei\u00f0um, f\u00e1 pers\u00f3nuleg me\u00f0m\u00e6li og tengjast \u00ed gegnum samf\u00e9lagsmi\u00f0la.<\/p>\n<h2>\u00c1lyktun<\/h2>\n<p>Ekki ey\u00f0a t\u00edma \u00fe\u00ednum \u00ed a\u00f0 leita a\u00f0 MILF nema \u00fe\u00fa s\u00e9rt tilb\u00fainn a\u00f0 gefa \u00feeim allt sem \u00feeir vilja. \u00dea\u00f0 er alltaf einhver annar \u00fearna \u00fati sem vill koma fram vi\u00f0 \u00fe\u00e1 eins og kynl\u00edfsgy\u00f0jurnar sem \u00feeir eru \u00ed raun og veru.<\/p>\n","protected":false},"excerpt":{"rendered":"<p>\u00deroska\u00f0ir einhleypir eru a\u00f0 leita a\u00f0 \u00e1st og r\u00f3mant\u00edk. Ef \u00fe\u00fa vilt finna \u00feau, \u00fe\u00e1 \u00fearftu a\u00f0 vera \u00feolinm\u00f3\u00f0ur og b\u00ed\u00f0a \u00fear til \u00feeir koma til \u00fe\u00edn. Besta lei\u00f0in til a\u00f0 hitta \u00feroska\u00f0a einhleypa er \u00ed gegnum stefnum\u00f3tas\u00ed\u00f0ur eins og&hellip; <a href=\"http:\/\/elsuperbeasto.com\/is\/stefnumot-throskadur-milf\/\" class=\"more-link\">Continue Reading <span class=\"meta-nav\">&rarr;<\/span><\/a><\/p>\n","protected":false},"author":1,"featured_media":202,"parent":0,"menu_order":0,"comment_status":"closed","ping_status":"closed","template":"","meta":[],"yoast_head":"<!-- This site is optimized with the Yoast SEO plugin v17.7.1 - https:\/\/yoast.com\/wordpress\/plugins\/seo\/ -->\n<title>Stefnum\u00f3t \u00deroska\u00f0ur Milf? - Quick Hookup<\/title>\n<meta name=\"robots\" content=\"index, follow, max-snippet:-1, max-image-preview:large, max-video-preview:-1\" \/>\n<link rel=\"canonical\" href=\"http:\/\/elsuperbeasto.com\/is\/stefnumot-throskadur-milf\/\" \/>\n<meta property=\"og:locale\" content=\"is_IS\" \/>\n<meta property=\"og:type\" content=\"article\" \/>\n<meta property=\"og:title\" content=\"Stefnum\u00f3t \u00deroska\u00f0ur Milf? - Quick Hookup\" \/>\n<meta property=\"og:description\" content=\"\u00deroska\u00f0ir einhleypir eru a\u00f0 leita a\u00f0 \u00e1st og r\u00f3mant\u00edk. Ef \u00fe\u00fa vilt finna \u00feau, \u00fe\u00e1 \u00fearftu a\u00f0 vera \u00feolinm\u00f3\u00f0ur og b\u00ed\u00f0a \u00fear til \u00feeir koma til \u00fe\u00edn. Besta lei\u00f0in til a\u00f0 hitta \u00feroska\u00f0a einhleypa er \u00ed gegnum stefnum\u00f3tas\u00ed\u00f0ur eins og&hellip; Continue Reading &rarr;\" \/>\n<meta property=\"og:url\" content=\"http:\/\/elsuperbeasto.com\/is\/stefnumot-throskadur-milf\/\" \/>\n<meta property=\"og:site_name\" content=\"Quick Hookup\" \/>\n<meta property=\"og:image\" content=\"https:\/\/elsuperbeasto.com\/wp-content\/uploads\/2022\/08\/be-mine.jpeg\" \/>\n\t<meta property=\"og:image:width\" content=\"2250\" \/>\n\t<meta property=\"og:image:height\" content=\"1500\" \/>\n<meta name=\"twitter:card\" content=\"summary_large_image\" \/>\n<meta name=\"twitter:label1\" content=\"Est. reading time\" \/>\n\t<meta name=\"twitter:data1\" content=\"4 minutes\" \/>\n<script type=\"application\/ld+json\" class=\"yoast-schema-graph\">{\"@context\":\"https:\/\/schema.org\",\"@graph\":[{\"@type\":\"WebSite\",\"@id\":\"https:\/\/elsuperbeasto.com\/#website\",\"url\":\"https:\/\/elsuperbeasto.com\/\",\"name\":\"Quick Hookup\",\"description\":\"Your Guide To Love\",\"potentialAction\":[{\"@type\":\"SearchAction\",\"target\":{\"@type\":\"EntryPoint\",\"urlTemplate\":\"https:\/\/elsuperbeasto.com\/?s={search_term_string}\"},\"query-input\":\"required name=search_term_string\"}],\"inLanguage\":\"is\"},{\"@type\":\"ImageObject\",\"@id\":\"http:\/\/elsuperbeasto.com\/is\/stefnumot-throskadur-milf\/#primaryimage\",\"inLanguage\":\"is\",\"url\":\"http:\/\/elsuperbeasto.com\/wp-content\/uploads\/2022\/08\/be-mine.jpeg\",\"contentUrl\":\"http:\/\/elsuperbeasto.com\/wp-content\/uploads\/2022\/08\/be-mine.jpeg\",\"width\":2250,\"height\":1500},{\"@type\":\"WebPage\",\"@id\":\"http:\/\/elsuperbeasto.com\/is\/stefnumot-throskadur-milf\/#webpage\",\"url\":\"http:\/\/elsuperbeasto.com\/is\/stefnumot-throskadur-milf\/\",\"name\":\"Stefnum\\u00f3t \\u00deroska\\u00f0ur Milf? - Quick Hookup\",\"isPartOf\":{\"@id\":\"https:\/\/elsuperbeasto.com\/#website\"},\"primaryImageOfPage\":{\"@id\":\"http:\/\/elsuperbeasto.com\/is\/stefnumot-throskadur-milf\/#primaryimage\"},\"datePublished\":\"2022-08-18T12:39:07+00:00\",\"dateModified\":\"2022-08-18T12:39:07+00:00\",\"breadcrumb\":{\"@id\":\"http:\/\/elsuperbeasto.com\/is\/stefnumot-throskadur-milf\/#breadcrumb\"},\"inLanguage\":\"is\",\"potentialAction\":[{\"@type\":\"ReadAction\",\"target\":[\"http:\/\/elsuperbeasto.com\/is\/stefnumot-throskadur-milf\/\"]}]},{\"@type\":\"BreadcrumbList\",\"@id\":\"http:\/\/elsuperbeasto.com\/is\/stefnumot-throskadur-milf\/#breadcrumb\",\"itemListElement\":[{\"@type\":\"ListItem\",\"position\":1,\"name\":\"Home\",\"item\":\"https:\/\/elsuperbeasto.com\/is\/\"},{\"@type\":\"ListItem\",\"position\":2,\"name\":\"Stefnum\\u00f3t \\u00deroska\\u00f0ur Milf?\"}]}]}<\/script>\n<!-- \/ Yoast SEO plugin. -->","yoast_head_json":{"title":"Stefnum\u00f3t \u00deroska\u00f0ur Milf? - Quick Hookup","robots":{"index":"index","follow":"follow","max-snippet":"max-snippet:-1","max-image-preview":"max-image-preview:large","max-video-preview":"max-video-preview:-1"},"canonical":"http:\/\/elsuperbeasto.com\/is\/stefnumot-throskadur-milf\/","og_locale":"is_IS","og_type":"article","og_title":"Stefnum\u00f3t \u00deroska\u00f0ur Milf? - Quick Hookup","og_description":"\u00deroska\u00f0ir einhleypir eru a\u00f0 leita a\u00f0 \u00e1st og r\u00f3mant\u00edk. Ef \u00fe\u00fa vilt finna \u00feau, \u00fe\u00e1 \u00fearftu a\u00f0 vera \u00feolinm\u00f3\u00f0ur og b\u00ed\u00f0a \u00fear til \u00feeir koma til \u00fe\u00edn. Besta lei\u00f0in til a\u00f0 hitta \u00feroska\u00f0a einhleypa er \u00ed gegnum stefnum\u00f3tas\u00ed\u00f0ur eins og&hellip; Continue Reading &rarr;","og_url":"http:\/\/elsuperbeasto.com\/is\/stefnumot-throskadur-milf\/","og_site_name":"Quick Hookup","og_image":[{"width":2250,"height":1500,"url":"https:\/\/elsuperbeasto.com\/wp-content\/uploads\/2022\/08\/be-mine.jpeg","type":"image\/jpeg"}],"twitter_card":"summary_large_image","twitter_misc":{"Est. reading time":"4 minutes"},"schema":{"@context":"https:\/\/schema.org","@graph":[{"@type":"WebSite","@id":"https:\/\/elsuperbeasto.com\/#website","url":"https:\/\/elsuperbeasto.com\/","name":"Quick Hookup","description":"Your Guide To Love","potentialAction":[{"@type":"SearchAction","target":{"@type":"EntryPoint","urlTemplate":"https:\/\/elsuperbeasto.com\/?s={search_term_string}"},"query-input":"required name=search_term_string"}],"inLanguage":"is"},{"@type":"ImageObject","@id":"http:\/\/elsuperbeasto.com\/is\/stefnumot-throskadur-milf\/#primaryimage","inLanguage":"is","url":"http:\/\/elsuperbeasto.com\/wp-content\/uploads\/2022\/08\/be-mine.jpeg","contentUrl":"http:\/\/elsuperbeasto.com\/wp-content\/uploads\/2022\/08\/be-mine.jpeg","width":2250,"height":1500},{"@type":"WebPage","@id":"http:\/\/elsuperbeasto.com\/is\/stefnumot-throskadur-milf\/#webpage","url":"http:\/\/elsuperbeasto.com\/is\/stefnumot-throskadur-milf\/","name":"Stefnum\u00f3t \u00deroska\u00f0ur Milf? - Quick Hookup","isPartOf":{"@id":"https:\/\/elsuperbeasto.com\/#website"},"primaryImageOfPage":{"@id":"http:\/\/elsuperbeasto.com\/is\/stefnumot-throskadur-milf\/#primaryimage"},"datePublished":"2022-08-18T12:39:07+00:00","dateModified":"2022-08-18T12:39:07+00:00","breadcrumb":{"@id":"http:\/\/elsuperbeasto.com\/is\/stefnumot-throskadur-milf\/#breadcrumb"},"inLanguage":"is","potentialAction":[{"@type":"ReadAction","target":["http:\/\/elsuperbeasto.com\/is\/stefnumot-throskadur-milf\/"]}]},{"@type":"BreadcrumbList","@id":"http:\/\/elsuperbeasto.com\/is\/stefnumot-throskadur-milf\/#breadcrumb","itemListElement":[{"@type":"ListItem","position":1,"name":"Home","item":"https:\/\/elsuperbeasto.com\/is\/"},{"@type":"ListItem","position":2,"name":"Stefnum\u00f3t \u00deroska\u00f0ur Milf?"}]}]}},"_links":{"self":[{"href":"http:\/\/elsuperbeasto.com\/is\/wp-json\/wp\/v2\/pages\/299"}],"collection":[{"href":"http:\/\/elsuperbeasto.com\/is\/wp-json\/wp\/v2\/pages"}],"about":[{"href":"http:\/\/elsuperbeasto.com\/is\/wp-json\/wp\/v2\/types\/page"}],"author":[{"embeddable":true,"href":"http:\/\/elsuperbeasto.com\/is\/wp-json\/wp\/v2\/users\/1"}],"replies":[{"embeddable":true,"href":"http:\/\/elsuperbeasto.com\/is\/wp-json\/wp\/v2\/comments?post=299"}],"version-history":[{"count":0,"href":"http:\/\/elsuperbeasto.com\/is\/wp-json\/wp\/v2\/pages\/299\/revisions"}],"wp:featuredmedia":[{"embeddable":true,"href":"http:\/\/elsuperbeasto.com\/is\/wp-json\/wp\/v2\/media\/202"}],"wp:attachment":[{"href":"http:\/\/elsuperbeasto.com\/is\/wp-json\/wp\/v2\/media?parent=299"}],"curies":[{"name":"wp","href":"https:\/\/api.w.org\/{rel}","templated":true}]}}