{"id":285,"date":"2022-08-18T13:44:21","date_gmt":"2022-08-18T12:44:21","guid":{"rendered":"http:\/\/elsuperbeasto.com\/hver-eru-bestu-kynlifsforritin\/"},"modified":"2022-08-18T13:44:21","modified_gmt":"2022-08-18T12:44:21","slug":"hver-eru-bestu-kynlifsforritin","status":"publish","type":"page","link":"http:\/\/elsuperbeasto.com\/is\/hver-eru-bestu-kynlifsforritin\/","title":{"rendered":"Hver eru bestu kynl\u00edfsforritin?"},"content":{"rendered":"<p>\u00de\u00fa veist hva\u00f0 gerist \u00feegar \u00fe\u00fa ert gra\u00f0ur. \u00de\u00fa <a href=\"http:\/\/elsuperbeasto.com\/is\/er-stefnumot-a-netinu-oruggt\/\">sendir maka \u00fe\u00ednum sms<\/a>, sendir honum\/henni kyn\u00feokkafulla mynd, setur jafnvel upp dagsetningu. En stundum ganga hlutirnir ekki upp alveg eins og til st\u00f3\u00f0. Kannski svarar hann ekki. E\u00f0a h\u00fan er ekki \u00ed \u00fev\u00ed. Og \u00fe\u00fa ert eftir a\u00f0 velta fyrir \u00fe\u00e9r hvort \u00fe\u00fa munt nokkurn t\u00edma hitta maka \u00feinn aftur e\u00f0a ekki.<\/p>\n<p>En \u00fe\u00f6kk s\u00e9 internetinu getur\u00f0u samt tengst einhverjum \u00f6\u00f0rum \u00e1 me\u00f0an \u00fe\u00fa b\u00ed\u00f0ur eftir a\u00f0 maki \u00feinn komi til. \u00dea\u00f0 eru fullt af \u00f3keypis kynl\u00edfss\u00ed\u00f0um \u00fear sem \u00fe\u00fa getur fundi\u00f0 f\u00f3lk sem vill spjalla \u00f3hreint yfir texta. \u00deessar s\u00ed\u00f0ur gera \u00fea\u00f0 au\u00f0velt a\u00f0 da\u00f0ra vi\u00f0 a\u00f0ra \u00e1n \u00feess a\u00f0 \u00feurfa a\u00f0 hafa \u00e1hyggjur af \u00fev\u00ed a\u00f0 lenda \u00ed \u00fev\u00ed. \u00deeir bj\u00f3\u00f0a einnig upp \u00e1 eiginleika eins og lifandi myndav\u00e9l, vefmyndav\u00e9larkynl\u00edf og s\u00edmakynl\u00edf. Allt sem \u00fe\u00fa \u00fearft er snjalls\u00edmi og tenging.<\/p>\n<p>Nokkrir vel \u00feekktir kostir eru:<\/p>\n<ol>\n<li>Kik &#8211; Kik er einn elsti stefnum\u00f3tapallurinn \u00e1 vefnum. \u00dea\u00f0 hefur veri\u00f0 til s\u00ed\u00f0an 2005 og \u00fea\u00f0 er nota\u00f0 af millj\u00f3num manna um allan heim. \u00dea\u00f0 er hanna\u00f0 s\u00e9rstaklega fyrir unglinga og unglinga, en hver sem er getur nota\u00f0 \u00fea\u00f0.<\/li>\n<li>Omegle &#8211; Ef \u00fe\u00fa hefur aldrei heyrt um Omegle, \u00fe\u00e1 er \u00fea\u00f0 l\u00edklega vegna \u00feess a\u00f0 \u00fea\u00f0 er ekki mj\u00f6g vel \u00feekkt. \u00deessi s\u00ed\u00f0a gerir \u00fe\u00e9r kleift a\u00f0 tengjast annarri manneskju af handah\u00f3fi. \u00de\u00fa getur tala\u00f0 vi\u00f0 hvern sem \u00fe\u00fa vilt, sama hversu gamlir \u00feeir eru. Haf\u00f0u bara \u00ed huga a\u00f0 flestir hafa ekki \u00e1huga \u00e1 a\u00f0 tala vi\u00f0 einhvern sem \u00feeir hittu \u00e1 netinu.<\/li>\n<li>Chatroulette &#8211; Eins og nafni\u00f0 gefur til kynna leyfir Chatroulette \u00fe\u00e9r a\u00f0 hitta handah\u00f3fi f\u00f3lk og byrja a\u00f0 spjalla vi\u00f0 \u00fea\u00f0. \u00dea\u00f0 er svipa\u00f0 og Omegle, nema a\u00f0 \u00ed sta\u00f0 \u00feess a\u00f0 tengjast f\u00f3lki sem \u00fe\u00fa \u00feekkir n\u00fa \u00feegar, tengist \u00fe\u00fa algj\u00f6rum \u00f3kunnugum.<\/li>\n<li>Scruff &#8211; Scruff er svol\u00edti\u00f0 fr\u00e1brug\u00f0i\u00f0 \u00f6\u00f0rum stefnum\u00f3tas\u00ed\u00f0um. \u00cd sta\u00f0 \u00feess a\u00f0 passa \u00feig vi\u00f0 hugsanlegar dagsetningar mi\u00f0a\u00f0 vi\u00f0 \u00f3skir \u00fe\u00ednar, passar \u00fea\u00f0 vi\u00f0 \u00feig mi\u00f0a\u00f0 vi\u00f0 sta\u00f0setningu \u00fe\u00edna. \u00deannig a\u00f0 ef \u00fe\u00fa ert \u00ed New York borg og passar vi\u00f0 einhvern \u00ed n\u00e1grenninu getur\u00f0u skipulagt a\u00f0 hanga saman.<\/li>\n<\/ol>\n<h2>Upp\u00e1halds appi\u00f0 okkar fyrir kynl\u00edf \u00e1 netinu: Tr\u00fana\u00f0arm\u00e1l<\/h2>\n<p>\u00deetta \u00f3keypis app er einfalt og au\u00f0velt \u00ed notkun, sem gerir \u00fe\u00e9r kleift a\u00f0 senda myndir \u00ed einr\u00fami me\u00f0 texta. \u00de\u00fa \u00fearft ekki a\u00f0 hafa \u00e1hyggjur af \u00fev\u00ed a\u00f0 senda \u00f3vart eitthva\u00f0 of kyn\u00fe\u00e1ttaford\u00f3ma, \u00fev\u00ed \u00fea\u00f0 eru engir m\u00f6guleikar til a\u00f0 deila myndum. \u00dea\u00f0 eina sem \u00fe\u00fa getur gert er a\u00f0 ey\u00f0a skilabo\u00f0um. Ef \u00fe\u00fa vilt halda hlutunum l\u00e9ttum skaltu pr\u00f3fa &#8222;da\u00f0urstillinguna&#8220;, \u00fear sem \u00fe\u00fa getur b\u00e6tt emojis vi\u00f0 textana \u00fe\u00edna.<\/p>\n<h2>A\u00f0 tengja eftir kynl\u00edf? AFF er besti kosturinn \u00feinn<\/h2>\n<p>AdultFriendFinder, e\u00f0a AFF, er ein st\u00e6rsta \u00f3keypis kynl\u00edfsspjalls\u00ed\u00f0an sem til er. Ef \u00fe\u00fa ert a\u00f0 leita a\u00f0 sta\u00f0 til a\u00f0 da\u00f0ra, fara \u00e1 stefnum\u00f3t e\u00f0a jafnvel tengja vi\u00f0 einhvern \u00ed n\u00e1grenninu er \u00fea\u00f0 \u00f6rugglega \u00feess vir\u00f0i a\u00f0 sko\u00f0a \u00fea\u00f0.<\/p>\n<p>\u00dea\u00f0 eru margar mismunandi lei\u00f0ir til a\u00f0 eiga samskipti vi\u00f0 a\u00f0ra \u00e1 s\u00ed\u00f0unni, \u00fear \u00e1 me\u00f0al textaskilabo\u00f0, t\u00f6lvup\u00f3stur og spjallskilabo\u00f0. \u00de\u00fa getur l\u00edka nota\u00f0 vefmyndav\u00e9lareiginleikann til a\u00f0 myndspjalla vi\u00f0 a\u00f0ra me\u00f0limi.<\/p>\n<p>\u00de\u00fa getur l\u00edka vali\u00f0 a\u00f0 fara \u00ed \u00e1kve\u00f0inn flokk og sko\u00f0a sni\u00f0 \u00fat fr\u00e1 \u00fev\u00ed sem vekur \u00e1huga \u00feinn. Hvort sem \u00fe\u00fa vilt hitta einhvern \u00ed skyndis\u00f3kn, bara til a\u00f0 hanga e\u00f0a eitthva\u00f0 allt anna\u00f0, \u00fe\u00e1 hefur AdultFriendFinder samf\u00e9lag fyrir alla.<\/p>\n<h2>R\u00e1\u00f0 okkar<\/h2>\n<p>R\u00e9tt eins og allt anna\u00f0 getur kynl\u00edf leitt til vandr\u00e6\u00f0a. \u00de\u00fa \u00e6ttir bara a\u00f0 senda nektarmyndir til f\u00f3lks sem \u00fe\u00fa treystir. \u00deetta \u00fe\u00fd\u00f0ir a\u00f0 \u00fe\u00fa \u00e6ttir a\u00f0eins a\u00f0 senda nektarmyndir me\u00f0 textaskilabo\u00f0um e\u00f0a t\u00f6lvup\u00f3sti. Aldrei hla\u00f0a nektarmyndum inn \u00e1 vefs\u00ed\u00f0u e\u00f0a samf\u00e9lagsmi\u00f0las\u00ed\u00f0u. Ekki senda nektarmyndir til \u00f3kunnugra e\u00f0a f\u00f3lks sem \u00fe\u00fa \u00feekkir ekki pers\u00f3nulega.<\/p>\n<p>\u00deegar \u00fe\u00fa byrjar fyrst a\u00f0 stunda kynl\u00edf er algengt a\u00f0 \u00fe\u00fa s\u00e9rt spenntur. En \u00fea\u00f0 er mikilv\u00e6gt a\u00f0 setja m\u00f6rk snemma. Til d\u00e6mis \u00e6ttir \u00fe\u00fa a\u00f0 segja maka \u00fe\u00ednum\/ maka \u00fe\u00ednum a\u00f0 \u00fe\u00fa sendir ekki nektarmyndir \u00e1n leyfis. \u00deetta l\u00e6tur \u00fe\u00e1 vita a\u00f0 \u00fe\u00fa vir\u00f0ir fri\u00f0helgi einkal\u00edfs \u00feeirra. Einnig \u00e6ttir \u00fe\u00fa a\u00f0 l\u00e1ta maka \u00fe\u00edna vita a\u00f0 \u00fe\u00fa hefur a\u00f0eins \u00e1huga \u00e1 kynl\u00edfi. \u00de\u00fa \u00e6ttir ekki a\u00f0 \u00e6tlast til \u00feess a\u00f0 maki \u00feinn fylgi \u00f6llum bei\u00f0num \u00fe\u00ednum.<\/p>\n<p>Mundu a\u00f0 kynl\u00edf er ekki leikur. \u00dea\u00f0 er alvarlegt. Og \u00fe\u00fa \u00e6ttir a\u00f0 me\u00f0h\u00f6ndla \u00fea\u00f0 sem sl\u00edkt. Byrja\u00f0u a\u00f0 stunda kynl\u00edf strax! \u00de\u00fa munt nj\u00f3ta \u00fe\u00edn meira en nokkru sinni fyrr.<\/p>\n","protected":false},"excerpt":{"rendered":"<p>\u00de\u00fa veist hva\u00f0 gerist \u00feegar \u00fe\u00fa ert gra\u00f0ur. \u00de\u00fa sendir maka \u00fe\u00ednum sms, sendir honum\/henni kyn\u00feokkafulla mynd, setur jafnvel upp dagsetningu. En stundum ganga hlutirnir ekki upp alveg eins og til st\u00f3\u00f0. Kannski svarar hann ekki. E\u00f0a h\u00fan er ekki&hellip; <a href=\"http:\/\/elsuperbeasto.com\/is\/hver-eru-bestu-kynlifsforritin\/\" class=\"more-link\">Continue Reading <span class=\"meta-nav\">&rarr;<\/span><\/a><\/p>\n","protected":false},"author":1,"featured_media":118,"parent":0,"menu_order":0,"comment_status":"closed","ping_status":"closed","template":"","meta":[],"yoast_head":"<!-- This site is optimized with the Yoast SEO plugin v17.7.1 - https:\/\/yoast.com\/wordpress\/plugins\/seo\/ -->\n<title>Hver eru bestu kynl\u00edfsforritin? - Quick Hookup<\/title>\n<meta name=\"robots\" content=\"index, follow, max-snippet:-1, max-image-preview:large, max-video-preview:-1\" \/>\n<link rel=\"canonical\" href=\"http:\/\/elsuperbeasto.com\/is\/hver-eru-bestu-kynlifsforritin\/\" \/>\n<meta property=\"og:locale\" content=\"is_IS\" \/>\n<meta property=\"og:type\" content=\"article\" \/>\n<meta property=\"og:title\" content=\"Hver eru bestu kynl\u00edfsforritin? - Quick Hookup\" \/>\n<meta property=\"og:description\" content=\"\u00de\u00fa veist hva\u00f0 gerist \u00feegar \u00fe\u00fa ert gra\u00f0ur. \u00de\u00fa sendir maka \u00fe\u00ednum sms, sendir honum\/henni kyn\u00feokkafulla mynd, setur jafnvel upp dagsetningu. En stundum ganga hlutirnir ekki upp alveg eins og til st\u00f3\u00f0. Kannski svarar hann ekki. E\u00f0a h\u00fan er ekki&hellip; Continue Reading &rarr;\" \/>\n<meta property=\"og:url\" content=\"http:\/\/elsuperbeasto.com\/is\/hver-eru-bestu-kynlifsforritin\/\" \/>\n<meta property=\"og:site_name\" content=\"Quick Hookup\" \/>\n<meta property=\"og:image\" content=\"http:\/\/elsuperbeasto.com\/wp-content\/uploads\/2022\/08\/online-dating-apps.jpeg\" \/>\n\t<meta property=\"og:image:width\" content=\"2256\" \/>\n\t<meta property=\"og:image:height\" content=\"1500\" \/>\n<meta name=\"twitter:card\" content=\"summary_large_image\" \/>\n<meta name=\"twitter:label1\" content=\"Est. reading time\" \/>\n\t<meta name=\"twitter:data1\" content=\"4 minutes\" \/>\n<script type=\"application\/ld+json\" class=\"yoast-schema-graph\">{\"@context\":\"https:\/\/schema.org\",\"@graph\":[{\"@type\":\"WebSite\",\"@id\":\"https:\/\/elsuperbeasto.com\/#website\",\"url\":\"https:\/\/elsuperbeasto.com\/\",\"name\":\"Quick Hookup\",\"description\":\"Your Guide To Love\",\"potentialAction\":[{\"@type\":\"SearchAction\",\"target\":{\"@type\":\"EntryPoint\",\"urlTemplate\":\"https:\/\/elsuperbeasto.com\/?s={search_term_string}\"},\"query-input\":\"required name=search_term_string\"}],\"inLanguage\":\"is\"},{\"@type\":\"ImageObject\",\"@id\":\"http:\/\/elsuperbeasto.com\/is\/hver-eru-bestu-kynlifsforritin\/#primaryimage\",\"inLanguage\":\"is\",\"url\":\"http:\/\/elsuperbeasto.com\/wp-content\/uploads\/2022\/08\/online-dating-apps.jpeg\",\"contentUrl\":\"http:\/\/elsuperbeasto.com\/wp-content\/uploads\/2022\/08\/online-dating-apps.jpeg\",\"width\":2256,\"height\":1500},{\"@type\":\"WebPage\",\"@id\":\"http:\/\/elsuperbeasto.com\/is\/hver-eru-bestu-kynlifsforritin\/#webpage\",\"url\":\"http:\/\/elsuperbeasto.com\/is\/hver-eru-bestu-kynlifsforritin\/\",\"name\":\"Hver eru bestu kynl\\u00edfsforritin? - Quick Hookup\",\"isPartOf\":{\"@id\":\"https:\/\/elsuperbeasto.com\/#website\"},\"primaryImageOfPage\":{\"@id\":\"http:\/\/elsuperbeasto.com\/is\/hver-eru-bestu-kynlifsforritin\/#primaryimage\"},\"datePublished\":\"2022-08-18T12:44:21+00:00\",\"dateModified\":\"2022-08-18T12:44:21+00:00\",\"breadcrumb\":{\"@id\":\"http:\/\/elsuperbeasto.com\/is\/hver-eru-bestu-kynlifsforritin\/#breadcrumb\"},\"inLanguage\":\"is\",\"potentialAction\":[{\"@type\":\"ReadAction\",\"target\":[\"http:\/\/elsuperbeasto.com\/is\/hver-eru-bestu-kynlifsforritin\/\"]}]},{\"@type\":\"BreadcrumbList\",\"@id\":\"http:\/\/elsuperbeasto.com\/is\/hver-eru-bestu-kynlifsforritin\/#breadcrumb\",\"itemListElement\":[{\"@type\":\"ListItem\",\"position\":1,\"name\":\"Home\",\"item\":\"https:\/\/elsuperbeasto.com\/is\/\"},{\"@type\":\"ListItem\",\"position\":2,\"name\":\"Hver eru bestu kynl\\u00edfsforritin?\"}]}]}<\/script>\n<!-- \/ Yoast SEO plugin. -->","yoast_head_json":{"title":"Hver eru bestu kynl\u00edfsforritin? - Quick Hookup","robots":{"index":"index","follow":"follow","max-snippet":"max-snippet:-1","max-image-preview":"max-image-preview:large","max-video-preview":"max-video-preview:-1"},"canonical":"http:\/\/elsuperbeasto.com\/is\/hver-eru-bestu-kynlifsforritin\/","og_locale":"is_IS","og_type":"article","og_title":"Hver eru bestu kynl\u00edfsforritin? - Quick Hookup","og_description":"\u00de\u00fa veist hva\u00f0 gerist \u00feegar \u00fe\u00fa ert gra\u00f0ur. \u00de\u00fa sendir maka \u00fe\u00ednum sms, sendir honum\/henni kyn\u00feokkafulla mynd, setur jafnvel upp dagsetningu. En stundum ganga hlutirnir ekki upp alveg eins og til st\u00f3\u00f0. Kannski svarar hann ekki. E\u00f0a h\u00fan er ekki&hellip; Continue Reading &rarr;","og_url":"http:\/\/elsuperbeasto.com\/is\/hver-eru-bestu-kynlifsforritin\/","og_site_name":"Quick Hookup","og_image":[{"width":2256,"height":1500,"url":"http:\/\/elsuperbeasto.com\/wp-content\/uploads\/2022\/08\/online-dating-apps.jpeg","type":"image\/jpeg"}],"twitter_card":"summary_large_image","twitter_misc":{"Est. reading time":"4 minutes"},"schema":{"@context":"https:\/\/schema.org","@graph":[{"@type":"WebSite","@id":"https:\/\/elsuperbeasto.com\/#website","url":"https:\/\/elsuperbeasto.com\/","name":"Quick Hookup","description":"Your Guide To Love","potentialAction":[{"@type":"SearchAction","target":{"@type":"EntryPoint","urlTemplate":"https:\/\/elsuperbeasto.com\/?s={search_term_string}"},"query-input":"required name=search_term_string"}],"inLanguage":"is"},{"@type":"ImageObject","@id":"http:\/\/elsuperbeasto.com\/is\/hver-eru-bestu-kynlifsforritin\/#primaryimage","inLanguage":"is","url":"http:\/\/elsuperbeasto.com\/wp-content\/uploads\/2022\/08\/online-dating-apps.jpeg","contentUrl":"http:\/\/elsuperbeasto.com\/wp-content\/uploads\/2022\/08\/online-dating-apps.jpeg","width":2256,"height":1500},{"@type":"WebPage","@id":"http:\/\/elsuperbeasto.com\/is\/hver-eru-bestu-kynlifsforritin\/#webpage","url":"http:\/\/elsuperbeasto.com\/is\/hver-eru-bestu-kynlifsforritin\/","name":"Hver eru bestu kynl\u00edfsforritin? - Quick Hookup","isPartOf":{"@id":"https:\/\/elsuperbeasto.com\/#website"},"primaryImageOfPage":{"@id":"http:\/\/elsuperbeasto.com\/is\/hver-eru-bestu-kynlifsforritin\/#primaryimage"},"datePublished":"2022-08-18T12:44:21+00:00","dateModified":"2022-08-18T12:44:21+00:00","breadcrumb":{"@id":"http:\/\/elsuperbeasto.com\/is\/hver-eru-bestu-kynlifsforritin\/#breadcrumb"},"inLanguage":"is","potentialAction":[{"@type":"ReadAction","target":["http:\/\/elsuperbeasto.com\/is\/hver-eru-bestu-kynlifsforritin\/"]}]},{"@type":"BreadcrumbList","@id":"http:\/\/elsuperbeasto.com\/is\/hver-eru-bestu-kynlifsforritin\/#breadcrumb","itemListElement":[{"@type":"ListItem","position":1,"name":"Home","item":"https:\/\/elsuperbeasto.com\/is\/"},{"@type":"ListItem","position":2,"name":"Hver eru bestu kynl\u00edfsforritin?"}]}]}},"_links":{"self":[{"href":"http:\/\/elsuperbeasto.com\/is\/wp-json\/wp\/v2\/pages\/285"}],"collection":[{"href":"http:\/\/elsuperbeasto.com\/is\/wp-json\/wp\/v2\/pages"}],"about":[{"href":"http:\/\/elsuperbeasto.com\/is\/wp-json\/wp\/v2\/types\/page"}],"author":[{"embeddable":true,"href":"http:\/\/elsuperbeasto.com\/is\/wp-json\/wp\/v2\/users\/1"}],"replies":[{"embeddable":true,"href":"http:\/\/elsuperbeasto.com\/is\/wp-json\/wp\/v2\/comments?post=285"}],"version-history":[{"count":0,"href":"http:\/\/elsuperbeasto.com\/is\/wp-json\/wp\/v2\/pages\/285\/revisions"}],"wp:featuredmedia":[{"embeddable":true,"href":"http:\/\/elsuperbeasto.com\/is\/wp-json\/wp\/v2\/media\/118"}],"wp:attachment":[{"href":"http:\/\/elsuperbeasto.com\/is\/wp-json\/wp\/v2\/media?parent=285"}],"curies":[{"name":"wp","href":"https:\/\/api.w.org\/{rel}","templated":true}]}}