{"id":268,"date":"2022-08-18T13:49:33","date_gmt":"2022-08-18T12:49:33","guid":{"rendered":"http:\/\/elsuperbeasto.com\/hvernig-a-ad-hitta-einhleypa-i-nagrenninu\/"},"modified":"2022-08-18T13:49:33","modified_gmt":"2022-08-18T12:49:33","slug":"hvernig-a-ad-hitta-einhleypa-i-nagrenninu","status":"publish","type":"page","link":"http:\/\/elsuperbeasto.com\/is\/hvernig-a-ad-hitta-einhleypa-i-nagrenninu\/","title":{"rendered":"Hvernig \u00e1 a\u00f0 hitta einhleypa \u00ed n\u00e1grenninu"},"content":{"rendered":"<p>\u00dea\u00f0 eru margar mismunandi tegundir af f\u00f3lki \u00fearna \u00fati a\u00f0 leita a\u00f0 \u00e1stinni. \u00dea\u00f0 eru \u00feeir sem vilja <a href=\"http:\/\/elsuperbeasto.com\/is\/hvernig-a-ad-deita-konur-a-stadnum\/\">deita einhvern innan tr\u00faar sinnar, \u00fej\u00f3\u00f0ernis, aldursbils<\/a> o.s.frv., \u00e1 me\u00f0an a\u00f0rir vilja bara finna einhvern sem deilir svipu\u00f0um \u00e1hugam\u00e1lum. Ef \u00fe\u00fa ert einn af \u00feeim sem vill hitta einhvern s\u00e9rstakan, \u00fe\u00e1 eru h\u00e9r nokkrir fr\u00e1b\u00e6rir m\u00f6guleikar til a\u00f0 finna svipa\u00f0a einhleypa.<\/p>\n<h2>R\u00e1\u00f0 okkar<\/h2>\n<p>Stefnum\u00f3t \u00e1 netinu eru or\u00f0in ein vins\u00e6lasta a\u00f0fer\u00f0in vi\u00f0 a\u00f0 hitta hugsanlega r\u00f3mant\u00edska f\u00e9laga.<\/p>\n<p>\u00dear sem millj\u00f3nir einhleypra karla og kvenna nota stefnum\u00f3tas\u00ed\u00f0ur \u00e1 netinu \u00ed hverjum m\u00e1nu\u00f0i er engin fur\u00f0a a\u00f0 fleiri og fleiri p\u00f6r sn\u00fai s\u00e9r a\u00f0 stefnum\u00f3tum \u00e1 netinu til a\u00f0 finna s\u00e1luf\u00e9laga s\u00edna. En \u00fer\u00e1tt fyrir vins\u00e6ldir s\u00ednar hefur stefnum\u00f3t \u00e1 netinu enn mikla \u00e1h\u00e6ttu. Til d\u00e6mis getur veri\u00f0 erfitt a\u00f0 segja til um hvort einstaklingur sem \u00fe\u00fa hefur \u00e1huga \u00e1 s\u00e9 virkilega alvarlegur \u00ed \u00fev\u00ed a\u00f0 stunda samband vi\u00f0 \u00feig.<\/p>\n<h3>Nota\u00f0u \u00f3keypis prufur \u00e1\u00f0ur en \u00fe\u00fa borgar<\/h3>\n<p>Margir telja a\u00f0 \u00fea\u00f0 s\u00e9 nau\u00f0synlegur hluti af ferlinu a\u00f0 grei\u00f0a fyrir stefnum\u00f3ta\u00fej\u00f3nustu \u00e1 netinu. \u00deetta er \u00fe\u00f3 ekki r\u00e9tt. \u00dea\u00f0 eru fullt af \u00f3keypis stefnum\u00f3tas\u00ed\u00f0um \u00e1 netinu \u00fear sem \u00fe\u00fa getur skr\u00e1\u00f0 \u00feig og sko\u00f0a\u00f0 sni\u00f0 \u00e1n \u00feess a\u00f0 ey\u00f0a peningum. Auk \u00feess getur\u00f0u oft fengi\u00f0 leiki \u00fat fr\u00e1 \u00e1hugam\u00e1lum \u00fe\u00ednum, sta\u00f0setningu og \u00e1hugam\u00e1lum.<\/p>\n<h3>Vita hva\u00f0 \u00fe\u00fa vilt \u00e1\u00f0ur en \u00fe\u00fa skr\u00e1ir \u00feig \u00e1 hva\u00f0a s\u00ed\u00f0u sem er<\/h3>\n<p>\u00c1\u00f0ur en \u00fe\u00fa skr\u00e1ir \u00feig \u00e1 hva\u00f0a s\u00ed\u00f0u sem er skaltu taka \u00fe\u00e9r t\u00edma til a\u00f0 hugsa um hva\u00f0 \u00fe\u00fa vilt fr\u00e1 maka \u00fe\u00ednum. Til d\u00e6mis, b\u00fdr hann \/ h\u00fan n\u00e1l\u00e6gt \u00fe\u00e9r? Deilir h\u00fan\/hann gildum \u00fe\u00ednum og sko\u00f0unum? Ertu me\u00f0 svipu\u00f0 markmi\u00f0 \u00ed l\u00edfinu? \u00deessar spurningar munu hj\u00e1lpa \u00fe\u00e9r a\u00f0 \u00ferengja leitina og gefa \u00fe\u00e9r betri hugmynd um hva\u00f0 \u00fe\u00fa ert a\u00f0 leita a\u00f0.<\/p>\n<h3>Vertu hei\u00f0arlegur vi\u00f0 sj\u00e1lfan \u00feig<\/h3>\n<p>A\u00f0 lokum skaltu muna a\u00f0 hei\u00f0arleiki er lykilatri\u00f0i. Sama hversu miki\u00f0 \u00fe\u00fa treystir einhverjum, \u00fe\u00fa \u00e6ttir aldrei a\u00f0 lj\u00faga a\u00f0 sj\u00e1lfum \u00fe\u00e9r. Ef \u00fe\u00fa ert ekki viss um eitthva\u00f0, seg\u00f0u \u00fea\u00f0 \u00fe\u00e1 \u00ed sta\u00f0 \u00feess a\u00f0 l\u00e1ta eins og allt s\u00e9 \u00ed lagi. \u00deetta mun hj\u00e1lpa \u00fe\u00e9r a\u00f0 for\u00f0ast a\u00f0 ey\u00f0a t\u00edma \u00fe\u00ednum \u00ed sl\u00e6man leik og bjarga \u00fe\u00e9r fr\u00e1 sektarkennd s\u00ed\u00f0ar meir.<\/p>\n<h2>Viltu finna dagsetningu \u00e1 n\u00e6\u00f0i?<\/h2>\n<p>Ashley Madison er ein vins\u00e6lasta stefnum\u00f3tas\u00ed\u00f0an sem til er. Me\u00f0 yfir 30 millj\u00f3nir me\u00f0lima um allan heim er engin fur\u00f0a hvers vegna. Ef \u00fe\u00fa ert a\u00f0 leita a\u00f0 n\u00e6\u00f0i g\u00e6ti \u00feetta veri\u00f0 fullkominn sta\u00f0ur fyrir \u00feig. \u00dea\u00f0 eru margar mismunandi lei\u00f0ir til a\u00f0 finna kynl\u00edfsf\u00e9laga \u00e1 s\u00ed\u00f0unni, \u00fear \u00e1 me\u00f0al a\u00f0 vafra um pr\u00f3f\u00edla, senda skilabo\u00f0, spjalla \u00e1 netinu og jafnvel stunda s\u00edmakynl\u00edf. Og \u00fe\u00f3 a\u00f0 \u00fea\u00f0 g\u00e6ti virst eins og svindl, \u00fe\u00e1 hafa margir \u00ed raun gaman af \u00fev\u00ed a\u00f0 hitta einhvern sem \u00feeir hafa veri\u00f0 a\u00f0 tala vi\u00f0 \u00e1 netinu.<\/p>\n<h2>Engir strengir festir<\/h2>\n<p>NoStringsAttached er \u00f3keypis stefnum\u00f3taforrit sem leggur \u00e1herslu \u00e1 a\u00f0 bj\u00f3\u00f0a upp \u00e1 \u00f6ruggt umhverfi fyrir fullor\u00f0na til a\u00f0 taka \u00fe\u00e1tt \u00ed kynfer\u00f0islegum ath\u00f6fnum \u00e1n \u00feess a\u00f0 \u00feurfa a\u00f0 hafa \u00e1hyggjur af \u00fev\u00ed a\u00f0 lenda \u00ed \u00fev\u00ed. Ef \u00fe\u00fa hefur einhvern t\u00edma veri\u00f0 forvitinn um a\u00f0 pr\u00f3fa kynl\u00edf, \u00fe\u00e1 er \u00feetta sta\u00f0urinn til a\u00f0 gera \u00fea\u00f0. \u00deetta app er hanna\u00f0 s\u00e9rstaklega fyrir \u00fe\u00e1 sem vilja hafa frj\u00e1lslegur fundur \u00fear sem b\u00e1\u00f0ir a\u00f0ilar sam\u00feykkja. Hvort sem \u00fe\u00fa ert a\u00f0 leita a\u00f0 einhverju kinky e\u00f0a vilt bara sj\u00e1 hvernig \u00fea\u00f0 er a\u00f0 senda nektarmyndir til einhvers annars, \u00fe\u00e1 er NSA fullkominn sta\u00f0ur til a\u00f0 byrja \u00e1.<\/p>\n<p>Forriti\u00f0 sj\u00e1lft er mj\u00f6g einfalt \u00ed notkun. \u00de\u00fa ver\u00f0ur be\u00f0inn um a\u00f0 fylla \u00fat stuttan spurningalista sem spyr \u00feig spurninga eins og hversu gamall \u00fe\u00fa ert, hvort \u00fe\u00fa s\u00e9rt a\u00f0 leita a\u00f0 kr\u00f3kum e\u00f0a samb\u00f6ndum o.s.frv. \u00deegar \u00fe\u00fa hefur loki\u00f0 vi\u00f0 a\u00f0 svara spurningunum muntu geta sko\u00f0a\u00f0 pr\u00f3f\u00edla \u00fat fr\u00e1 \u00f3skum \u00fe\u00ednum. \u00dea\u00f0 eru \u00fer\u00edr mismunandi flokkar sem \u00fe\u00fa getur vali\u00f0 \u00far: &#8222;Straight,&#8220; &#8222;Gay&#8220; og &#8222;Lesbian&#8220;. Hver flokkur inniheldur undirh\u00f3pa sem gera \u00fe\u00e9r kleift a\u00f0 \u00ferengja leitina enn frekar.<\/p>\n","protected":false},"excerpt":{"rendered":"<p>\u00dea\u00f0 eru margar mismunandi tegundir af f\u00f3lki \u00fearna \u00fati a\u00f0 leita a\u00f0 \u00e1stinni. \u00dea\u00f0 eru \u00feeir sem vilja deita einhvern innan tr\u00faar sinnar, \u00fej\u00f3\u00f0ernis, aldursbils o.s.frv., \u00e1 me\u00f0an a\u00f0rir vilja bara finna einhvern sem deilir svipu\u00f0um \u00e1hugam\u00e1lum. Ef \u00fe\u00fa ert&hellip; <a href=\"http:\/\/elsuperbeasto.com\/is\/hvernig-a-ad-hitta-einhleypa-i-nagrenninu\/\" class=\"more-link\">Continue Reading <span class=\"meta-nav\">&rarr;<\/span><\/a><\/p>\n","protected":false},"author":1,"featured_media":174,"parent":0,"menu_order":0,"comment_status":"closed","ping_status":"closed","template":"","meta":[],"yoast_head":"<!-- This site is optimized with the Yoast SEO plugin v17.7.1 - https:\/\/yoast.com\/wordpress\/plugins\/seo\/ -->\n<title>Hvernig \u00e1 a\u00f0 hitta einhleypa \u00ed n\u00e1grenninu - Quick Hookup<\/title>\n<meta name=\"robots\" content=\"index, follow, max-snippet:-1, max-image-preview:large, max-video-preview:-1\" \/>\n<link rel=\"canonical\" href=\"http:\/\/elsuperbeasto.com\/is\/hvernig-a-ad-hitta-einhleypa-i-nagrenninu\/\" \/>\n<meta property=\"og:locale\" content=\"is_IS\" \/>\n<meta property=\"og:type\" content=\"article\" \/>\n<meta property=\"og:title\" content=\"Hvernig \u00e1 a\u00f0 hitta einhleypa \u00ed n\u00e1grenninu - Quick Hookup\" \/>\n<meta property=\"og:description\" content=\"\u00dea\u00f0 eru margar mismunandi tegundir af f\u00f3lki \u00fearna \u00fati a\u00f0 leita a\u00f0 \u00e1stinni. \u00dea\u00f0 eru \u00feeir sem vilja deita einhvern innan tr\u00faar sinnar, \u00fej\u00f3\u00f0ernis, aldursbils o.s.frv., \u00e1 me\u00f0an a\u00f0rir vilja bara finna einhvern sem deilir svipu\u00f0um \u00e1hugam\u00e1lum. Ef \u00fe\u00fa ert&hellip; Continue Reading &rarr;\" \/>\n<meta property=\"og:url\" content=\"http:\/\/elsuperbeasto.com\/is\/hvernig-a-ad-hitta-einhleypa-i-nagrenninu\/\" \/>\n<meta property=\"og:site_name\" content=\"Quick Hookup\" \/>\n<meta property=\"og:image\" content=\"http:\/\/elsuperbeasto.com\/wp-content\/uploads\/2022\/08\/love-apps.jpeg\" \/>\n\t<meta property=\"og:image:width\" content=\"1000\" \/>\n\t<meta property=\"og:image:height\" content=\"1500\" \/>\n<meta name=\"twitter:card\" content=\"summary_large_image\" \/>\n<meta name=\"twitter:label1\" content=\"Est. reading time\" \/>\n\t<meta name=\"twitter:data1\" content=\"4 minutes\" \/>\n<script type=\"application\/ld+json\" class=\"yoast-schema-graph\">{\"@context\":\"https:\/\/schema.org\",\"@graph\":[{\"@type\":\"WebSite\",\"@id\":\"https:\/\/elsuperbeasto.com\/#website\",\"url\":\"https:\/\/elsuperbeasto.com\/\",\"name\":\"Quick Hookup\",\"description\":\"Your Guide To Love\",\"potentialAction\":[{\"@type\":\"SearchAction\",\"target\":{\"@type\":\"EntryPoint\",\"urlTemplate\":\"https:\/\/elsuperbeasto.com\/?s={search_term_string}\"},\"query-input\":\"required name=search_term_string\"}],\"inLanguage\":\"is\"},{\"@type\":\"ImageObject\",\"@id\":\"http:\/\/elsuperbeasto.com\/is\/hvernig-a-ad-hitta-einhleypa-i-nagrenninu\/#primaryimage\",\"inLanguage\":\"is\",\"url\":\"http:\/\/elsuperbeasto.com\/wp-content\/uploads\/2022\/08\/love-apps.jpeg\",\"contentUrl\":\"http:\/\/elsuperbeasto.com\/wp-content\/uploads\/2022\/08\/love-apps.jpeg\",\"width\":1000,\"height\":1500},{\"@type\":\"WebPage\",\"@id\":\"http:\/\/elsuperbeasto.com\/is\/hvernig-a-ad-hitta-einhleypa-i-nagrenninu\/#webpage\",\"url\":\"http:\/\/elsuperbeasto.com\/is\/hvernig-a-ad-hitta-einhleypa-i-nagrenninu\/\",\"name\":\"Hvernig \\u00e1 a\\u00f0 hitta einhleypa \\u00ed n\\u00e1grenninu - Quick Hookup\",\"isPartOf\":{\"@id\":\"https:\/\/elsuperbeasto.com\/#website\"},\"primaryImageOfPage\":{\"@id\":\"http:\/\/elsuperbeasto.com\/is\/hvernig-a-ad-hitta-einhleypa-i-nagrenninu\/#primaryimage\"},\"datePublished\":\"2022-08-18T12:49:33+00:00\",\"dateModified\":\"2022-08-18T12:49:33+00:00\",\"breadcrumb\":{\"@id\":\"http:\/\/elsuperbeasto.com\/is\/hvernig-a-ad-hitta-einhleypa-i-nagrenninu\/#breadcrumb\"},\"inLanguage\":\"is\",\"potentialAction\":[{\"@type\":\"ReadAction\",\"target\":[\"http:\/\/elsuperbeasto.com\/is\/hvernig-a-ad-hitta-einhleypa-i-nagrenninu\/\"]}]},{\"@type\":\"BreadcrumbList\",\"@id\":\"http:\/\/elsuperbeasto.com\/is\/hvernig-a-ad-hitta-einhleypa-i-nagrenninu\/#breadcrumb\",\"itemListElement\":[{\"@type\":\"ListItem\",\"position\":1,\"name\":\"Home\",\"item\":\"https:\/\/elsuperbeasto.com\/is\/\"},{\"@type\":\"ListItem\",\"position\":2,\"name\":\"Hvernig \\u00e1 a\\u00f0 hitta einhleypa \\u00ed n\\u00e1grenninu\"}]}]}<\/script>\n<!-- \/ Yoast SEO plugin. -->","yoast_head_json":{"title":"Hvernig \u00e1 a\u00f0 hitta einhleypa \u00ed n\u00e1grenninu - Quick Hookup","robots":{"index":"index","follow":"follow","max-snippet":"max-snippet:-1","max-image-preview":"max-image-preview:large","max-video-preview":"max-video-preview:-1"},"canonical":"http:\/\/elsuperbeasto.com\/is\/hvernig-a-ad-hitta-einhleypa-i-nagrenninu\/","og_locale":"is_IS","og_type":"article","og_title":"Hvernig \u00e1 a\u00f0 hitta einhleypa \u00ed n\u00e1grenninu - Quick Hookup","og_description":"\u00dea\u00f0 eru margar mismunandi tegundir af f\u00f3lki \u00fearna \u00fati a\u00f0 leita a\u00f0 \u00e1stinni. \u00dea\u00f0 eru \u00feeir sem vilja deita einhvern innan tr\u00faar sinnar, \u00fej\u00f3\u00f0ernis, aldursbils o.s.frv., \u00e1 me\u00f0an a\u00f0rir vilja bara finna einhvern sem deilir svipu\u00f0um \u00e1hugam\u00e1lum. Ef \u00fe\u00fa ert&hellip; Continue Reading &rarr;","og_url":"http:\/\/elsuperbeasto.com\/is\/hvernig-a-ad-hitta-einhleypa-i-nagrenninu\/","og_site_name":"Quick Hookup","og_image":[{"width":1000,"height":1500,"url":"http:\/\/elsuperbeasto.com\/wp-content\/uploads\/2022\/08\/love-apps.jpeg","type":"image\/jpeg"}],"twitter_card":"summary_large_image","twitter_misc":{"Est. reading time":"4 minutes"},"schema":{"@context":"https:\/\/schema.org","@graph":[{"@type":"WebSite","@id":"https:\/\/elsuperbeasto.com\/#website","url":"https:\/\/elsuperbeasto.com\/","name":"Quick Hookup","description":"Your Guide To Love","potentialAction":[{"@type":"SearchAction","target":{"@type":"EntryPoint","urlTemplate":"https:\/\/elsuperbeasto.com\/?s={search_term_string}"},"query-input":"required name=search_term_string"}],"inLanguage":"is"},{"@type":"ImageObject","@id":"http:\/\/elsuperbeasto.com\/is\/hvernig-a-ad-hitta-einhleypa-i-nagrenninu\/#primaryimage","inLanguage":"is","url":"http:\/\/elsuperbeasto.com\/wp-content\/uploads\/2022\/08\/love-apps.jpeg","contentUrl":"http:\/\/elsuperbeasto.com\/wp-content\/uploads\/2022\/08\/love-apps.jpeg","width":1000,"height":1500},{"@type":"WebPage","@id":"http:\/\/elsuperbeasto.com\/is\/hvernig-a-ad-hitta-einhleypa-i-nagrenninu\/#webpage","url":"http:\/\/elsuperbeasto.com\/is\/hvernig-a-ad-hitta-einhleypa-i-nagrenninu\/","name":"Hvernig \u00e1 a\u00f0 hitta einhleypa \u00ed n\u00e1grenninu - Quick Hookup","isPartOf":{"@id":"https:\/\/elsuperbeasto.com\/#website"},"primaryImageOfPage":{"@id":"http:\/\/elsuperbeasto.com\/is\/hvernig-a-ad-hitta-einhleypa-i-nagrenninu\/#primaryimage"},"datePublished":"2022-08-18T12:49:33+00:00","dateModified":"2022-08-18T12:49:33+00:00","breadcrumb":{"@id":"http:\/\/elsuperbeasto.com\/is\/hvernig-a-ad-hitta-einhleypa-i-nagrenninu\/#breadcrumb"},"inLanguage":"is","potentialAction":[{"@type":"ReadAction","target":["http:\/\/elsuperbeasto.com\/is\/hvernig-a-ad-hitta-einhleypa-i-nagrenninu\/"]}]},{"@type":"BreadcrumbList","@id":"http:\/\/elsuperbeasto.com\/is\/hvernig-a-ad-hitta-einhleypa-i-nagrenninu\/#breadcrumb","itemListElement":[{"@type":"ListItem","position":1,"name":"Home","item":"https:\/\/elsuperbeasto.com\/is\/"},{"@type":"ListItem","position":2,"name":"Hvernig \u00e1 a\u00f0 hitta einhleypa \u00ed n\u00e1grenninu"}]}]}},"_links":{"self":[{"href":"http:\/\/elsuperbeasto.com\/is\/wp-json\/wp\/v2\/pages\/268"}],"collection":[{"href":"http:\/\/elsuperbeasto.com\/is\/wp-json\/wp\/v2\/pages"}],"about":[{"href":"http:\/\/elsuperbeasto.com\/is\/wp-json\/wp\/v2\/types\/page"}],"author":[{"embeddable":true,"href":"http:\/\/elsuperbeasto.com\/is\/wp-json\/wp\/v2\/users\/1"}],"replies":[{"embeddable":true,"href":"http:\/\/elsuperbeasto.com\/is\/wp-json\/wp\/v2\/comments?post=268"}],"version-history":[{"count":0,"href":"http:\/\/elsuperbeasto.com\/is\/wp-json\/wp\/v2\/pages\/268\/revisions"}],"wp:featuredmedia":[{"embeddable":true,"href":"http:\/\/elsuperbeasto.com\/is\/wp-json\/wp\/v2\/media\/174"}],"wp:attachment":[{"href":"http:\/\/elsuperbeasto.com\/is\/wp-json\/wp\/v2\/media?parent=268"}],"curies":[{"name":"wp","href":"https:\/\/api.w.org\/{rel}","templated":true}]}}