{"id":255,"date":"2022-08-18T14:10:21","date_gmt":"2022-08-18T13:10:21","guid":{"rendered":"http:\/\/elsuperbeasto.com\/hvernig-virka-nsa-tengingar\/"},"modified":"2022-08-18T14:10:21","modified_gmt":"2022-08-18T13:10:21","slug":"hvernig-virka-nsa-tengingar","status":"publish","type":"page","link":"http:\/\/elsuperbeasto.com\/is\/hvernig-virka-nsa-tengingar\/","title":{"rendered":"Hvernig virka NSA tengingar?"},"content":{"rendered":"<p>Margir krakkar eru hr\u00e6ddir vi\u00f0 a\u00f0 n\u00e1lgast konur vegna \u00feess a\u00f0 \u00feeir halda a\u00f0 \u00fea\u00f0 muni l\u00e1ta \u00fe\u00e6r vir\u00f0ast \u00f6rv\u00e6ntingarfullar e\u00f0a hrollvekjandi. En \u00fea\u00f0 er engin \u00e1st\u00e6\u00f0a til a\u00f0 hafa \u00e1hyggjur af \u00fev\u00ed a\u00f0 vera yfir\u00feyrmandi e\u00f0a \u00e1r\u00e1sargjarn \u2013 reyndu bara a\u00f0 koma fram vi\u00f0 allar konur eins og h\u00fan s\u00e9 s\u00e9rst\u00f6k. Ef \u00fe\u00fa vilt fara \u00fat me\u00f0 konu sem vill kr\u00e6kja \u00ed \u00fearftu ekki a\u00f0 sannf\u00e6ra hana um a\u00f0 sofa hj\u00e1 \u00fe\u00e9r. \u00de\u00fa \u00fearft bara a\u00f0 finna r\u00e9ttu lei\u00f0ina til a\u00f0 gera \u00fea\u00f0.<\/p>\n<p>&nbsp;<\/p>\n<h2>Hva\u00f0 me\u00f0 stefnum\u00f3taforrit?<\/h2>\n<p>Einnar n\u00e6tur gaman og spennandi <a href=\"http:\/\/elsuperbeasto.com\/is\/hvernig-a-ad-hitta-einhleypa-i-nagrenninu\/\">en \u00fea\u00f0 getur veri\u00f0 erfitt a\u00f0 finna forrit sem \u00fe\u00fa vilt nota til a\u00f0 tryggja a\u00f0 allt gangi snur\u00f0ulaust fyrir sig<\/a>. \u00dea\u00f0 eru fullt af forritum \u00fearna \u00fati sem segjast hj\u00e1lpa f\u00f3lki a\u00f0 skipuleggja einnar n\u00e6tur gaman, en sum virka ekki mj\u00f6g vel og \u00f6nnur eru einfaldlega pirrandi. Vi\u00f0 h\u00f6fum teki\u00f0 saman lista yfir upp\u00e1halds forritin okkar fyrir einnar n\u00e6tur gaman, \u00fear \u00e1 me\u00f0al \u00feau sem gera \u00fe\u00e9r kleift a\u00f0 skipuleggja kynni, finna n\u00e1l\u00e6gar tengingar og jafnvel tengjast sta\u00f0bundnum sm\u00e1sk\u00edfum.<\/p>\n<p>Ertu einhleypur og \u00fereyttur \u00e1 a\u00f0 deita s\u00f6mu lei\u00f0inlegu str\u00e1kana um hverja helgi? Finnst \u00fe\u00e9r \u00fe\u00fa eiga meira skili\u00f0 en bara frj\u00e1lslegt kynl\u00edf? Ef j\u00e1, \u00fe\u00e1 hefur \u00fe\u00fa l\u00edklega \u00e1huga \u00e1 a\u00f0 hitta konu \u00ed einnar n\u00e6tur gaman.<\/p>\n<p>\u00dea\u00f0 eru fullt af vefs\u00ed\u00f0um \u00e1 netinu sem bj\u00f3\u00f0a upp \u00e1 \u00fej\u00f3nustu eins og \u00feessa. Hins vegar eru flestir \u00feeirra anna\u00f0 hvort of d\u00fdrir e\u00f0a skila ekki.<\/p>\n<p>\u00deess vegna \u00e1kva\u00f0 \u00e9g a\u00f0 skrifa grein \u00fear sem skr\u00e1\u00f0ir voru 10 efstu sta\u00f0irnir til a\u00f0 finna einnar n\u00e6tur gaman. Vonandi, eftir a\u00f0 hafa lesi\u00f0 \u00feessa grein, l\u00e6rir \u00fe\u00fa hvernig \u00e1 a\u00f0 finna einn n\u00e1ttbor\u00f0 au\u00f0veldlega og flj\u00f3tt.<\/p>\n<h3>Craigslist Personals<\/h3>\n<p>Craigslist er ein elsta s\u00ed\u00f0a \u00e1 netinu. \u00der\u00e1tt fyrir a\u00f0 \u00fea\u00f0 hafi breyst t\u00f6luvert fr\u00e1 stofnun \u00feess er \u00fea\u00f0 enn vins\u00e6lt me\u00f0al \u00feeirra sem leita a\u00f0 einnar n\u00e6tur gaman.<\/p>\n<p>Reyndar er Craigslist ein au\u00f0veldasta lei\u00f0in til a\u00f0 finna einn n\u00e6turstand vegna einfaldleika \u00feess. Allt sem \u00fe\u00fa \u00fearft a\u00f0 gera er a\u00f0 leita a\u00f0 augl\u00fdsingum sem tengjast &#8222;one night stands&#8220;.<\/p>\n<p>Hins vegar g\u00e6tir \u00fe\u00fa \u00feurft a\u00f0 grei\u00f0a fyrir hverja augl\u00fdsingu. \u00deetta fer eftir \u00fev\u00ed hvort s\u00e1 sem birtir augl\u00fdsinguna vill rukka \u00feig e\u00f0a ekki.<\/p>\n<h3>Fullor\u00f0inn vinur Finnandi<\/h3>\n<p>AdultFriendFinder.com er \u00f6nnur vefs\u00ed\u00f0a sem b\u00fd\u00f0ur upp \u00e1 einnar n\u00e6tur gaman. \u00de\u00f3 a\u00f0 \u00fea\u00f0 leyfi \u00fe\u00e9r ekki a\u00f0 leita a\u00f0 tilteknum tegundum kvenna, \u00fe\u00e1 b\u00fd\u00f0ur \u00fea\u00f0 upp \u00e1 nokkra eiginleika til a\u00f0 hj\u00e1lpa \u00fe\u00e9r a\u00f0 finna n\u00e1kv\u00e6mlega \u00fea\u00f0 sem \u00fe\u00fa ert a\u00f0 leita a\u00f0.<\/p>\n<p>Til d\u00e6mis er h\u00e6gt a\u00f0 s\u00eda ni\u00f0urst\u00f6\u00f0ur \u00fat fr\u00e1 sta\u00f0setningu, kyni, aldri, \u00fej\u00f3\u00f0erni, sambandsst\u00f6\u00f0u, kynhneig\u00f0 og margt fleira.<\/p>\n<p>\u00dea\u00f0 er l\u00edka h\u00e6gt a\u00f0 senda skilabo\u00f0 til hugsanlegra leikja me\u00f0 t\u00f6lvup\u00f3sti, spjallskilabo\u00f0um, s\u00edmt\u00f6lum og myndspjalli.<\/p>\n<h3>Ashley Madison<\/h3>\n<p>AshleyMadison.com er fullor\u00f0inss\u00ed\u00f0a sem gerir notendum kleift a\u00f0 leita a\u00f0 einnar n\u00e6tur gaman. A\u00f0 me\u00f0altali ey\u00f0a karlar 50 dollurum \u00e1 m\u00e1nu\u00f0i \u00ed Ashley Madison. \u00der\u00e1tt fyrir a\u00f0 vefs\u00ed\u00f0an s\u00e9 ekki s\u00e9rstaklega notendav\u00e6n, \u00fe\u00e1 b\u00fd\u00f0ur h\u00fan upp \u00e1 fj\u00f6lbreytt \u00farval af eiginleikum. Til d\u00e6mis er h\u00e6gt a\u00f0 sko\u00f0a pr\u00f3f\u00edla, sko\u00f0a myndir, lesa d\u00f3ma og jafnvel hafa samband vi\u00f0 me\u00f0limi beint.<\/p>\n<p>Einnar n\u00e6tur gaman er aldrei gott fyrir neinn sem \u00e1 \u00ed hlut. Ef \u00fe\u00fa ert a\u00f0 leita a\u00f0 einhverju alvarlegu, \u00fe\u00e1 skaltu ekki gera \u00fea\u00f0. Ef \u00fe\u00fa vilt l\u00e1ta koma fram vi\u00f0 \u00feig eins og drottningu, \u00fe\u00e1 skaltu koma fram vi\u00f0 a\u00f0ra eins og drottningar l\u00edka. Ekki bara sofa hj\u00e1 einhverjum vegna \u00feess a\u00f0 hann er heitur, nema \u00fe\u00fa s\u00e9rt tilb\u00fainn a\u00f0 veita \u00feeim alla \u00fe\u00e1 athygli sem \u00feeir eiga skili\u00f0. Ashley Madison er besta stefnum\u00f3taforriti\u00f0 fyrir einnar n\u00e6tur gaman \u00fev\u00ed \u00fea\u00f0 gerir notendum kleift a\u00f0 finna n\u00fdja kynl\u00edfsf\u00e9laga \u00fat fr\u00e1 gagnkv\u00e6mum hagsmunum. Appinu hefur veri\u00f0 hla\u00f0i\u00f0 ni\u00f0ur meira en 200 millj\u00f3n sinnum um allan heim, sem gerir \u00fea\u00f0 a\u00f0 st\u00e6rsta fars\u00edmastefnum\u00f3taforritinu. Notendur geta flett \u00ed gegnum m\u00f6gulega leiki \u00fat fr\u00e1 aldri, sta\u00f0setningu, kyni og \u00f6\u00f0rum forsendum.<\/p>\n<h3>Hver er besta lei\u00f0in til a\u00f0 finna einnar n\u00e6tur gaman?<\/h3>\n<p>Besta lei\u00f0in til a\u00f0 finna frj\u00e1lslega tengingu er \u00ed gegnum forrit eins og AFF e\u00f0a Ashley Madison, sem gerir notendum kleift a\u00f0 strj\u00faka til h\u00e6gri fyrir &#8222;j\u00e1&#8220; e\u00f0a vinstri fyrir &#8222;nei&#8220;. Ef einhverjum l\u00edkar \u00fea\u00f0 sem hann s\u00e9r getur hann sent skilabo\u00f0 \u00fear sem hann er spur\u00f0ur \u00fat. Frj\u00e1lslegu kynl\u00edfi er oft l\u00fdst \u00feannig a\u00f0 engir strengir fylgi, sem \u00fe\u00fd\u00f0ir a\u00f0 b\u00e1\u00f0ir a\u00f0ilar eru samm\u00e1la um a\u00f0 hittast \u00e1 einhverjum t\u00edmapunkti \u00ed framt\u00ed\u00f0inni.<\/p>\n<h3>Hvernig finn \u00e9g maka minn \u00ed eina n\u00f3tt?<\/h3>\n<p>Ef \u00fe\u00fa vilt hitta einhvern \u00ed eina n\u00f3tt skaltu pr\u00f3fa a\u00f0 nota Bumble. \u00deetta forrit gerir notendum kleift a\u00f0 strj\u00faka til h\u00e6gri e\u00f0a vinstri til a\u00f0 gefa til kynna hvort \u00feeim l\u00edkar e\u00f0a l\u00edkar ekki vi\u00f0 a\u00f0ra manneskju. Forriti\u00f0 hefur einnig sta\u00f0setningars\u00edur sem gera notendum kleift a\u00f0 leita a\u00f0 \u00f6\u00f0rum einhleypum \u00ed n\u00e1grenninu.<\/p>\n","protected":false},"excerpt":{"rendered":"<p>Margir krakkar eru hr\u00e6ddir vi\u00f0 a\u00f0 n\u00e1lgast konur vegna \u00feess a\u00f0 \u00feeir halda a\u00f0 \u00fea\u00f0 muni l\u00e1ta \u00fe\u00e6r vir\u00f0ast \u00f6rv\u00e6ntingarfullar e\u00f0a hrollvekjandi. En \u00fea\u00f0 er engin \u00e1st\u00e6\u00f0a til a\u00f0 hafa \u00e1hyggjur af \u00fev\u00ed a\u00f0 vera yfir\u00feyrmandi e\u00f0a \u00e1r\u00e1sargjarn \u2013 reyndu&hellip; <a href=\"http:\/\/elsuperbeasto.com\/is\/hvernig-virka-nsa-tengingar\/\" class=\"more-link\">Continue Reading <span class=\"meta-nav\">&rarr;<\/span><\/a><\/p>\n","protected":false},"author":1,"featured_media":188,"parent":0,"menu_order":0,"comment_status":"closed","ping_status":"closed","template":"","meta":[],"yoast_head":"<!-- This site is optimized with the Yoast SEO plugin v17.7.1 - https:\/\/yoast.com\/wordpress\/plugins\/seo\/ -->\n<title>Hvernig virka NSA tengingar? - Quick Hookup<\/title>\n<meta name=\"robots\" content=\"index, follow, max-snippet:-1, max-image-preview:large, max-video-preview:-1\" \/>\n<link rel=\"canonical\" href=\"http:\/\/elsuperbeasto.com\/is\/hvernig-virka-nsa-tengingar\/\" \/>\n<meta property=\"og:locale\" content=\"is_IS\" \/>\n<meta property=\"og:type\" content=\"article\" \/>\n<meta property=\"og:title\" content=\"Hvernig virka NSA tengingar? - Quick Hookup\" \/>\n<meta property=\"og:description\" content=\"Margir krakkar eru hr\u00e6ddir vi\u00f0 a\u00f0 n\u00e1lgast konur vegna \u00feess a\u00f0 \u00feeir halda a\u00f0 \u00fea\u00f0 muni l\u00e1ta \u00fe\u00e6r vir\u00f0ast \u00f6rv\u00e6ntingarfullar e\u00f0a hrollvekjandi. En \u00fea\u00f0 er engin \u00e1st\u00e6\u00f0a til a\u00f0 hafa \u00e1hyggjur af \u00fev\u00ed a\u00f0 vera yfir\u00feyrmandi e\u00f0a \u00e1r\u00e1sargjarn \u2013 reyndu&hellip; Continue Reading &rarr;\" \/>\n<meta property=\"og:url\" content=\"http:\/\/elsuperbeasto.com\/is\/hvernig-virka-nsa-tengingar\/\" \/>\n<meta property=\"og:site_name\" content=\"Quick Hookup\" \/>\n<meta property=\"og:image\" content=\"https:\/\/elsuperbeasto.com\/wp-content\/uploads\/2022\/08\/find-lov.jpeg\" \/>\n\t<meta property=\"og:image:width\" content=\"2398\" \/>\n\t<meta property=\"og:image:height\" content=\"1500\" \/>\n<meta name=\"twitter:card\" content=\"summary_large_image\" \/>\n<meta name=\"twitter:label1\" content=\"Est. reading time\" \/>\n\t<meta name=\"twitter:data1\" content=\"4 minutes\" \/>\n<script type=\"application\/ld+json\" class=\"yoast-schema-graph\">{\"@context\":\"https:\/\/schema.org\",\"@graph\":[{\"@type\":\"WebSite\",\"@id\":\"https:\/\/elsuperbeasto.com\/#website\",\"url\":\"https:\/\/elsuperbeasto.com\/\",\"name\":\"Quick Hookup\",\"description\":\"Your Guide To Love\",\"potentialAction\":[{\"@type\":\"SearchAction\",\"target\":{\"@type\":\"EntryPoint\",\"urlTemplate\":\"https:\/\/elsuperbeasto.com\/?s={search_term_string}\"},\"query-input\":\"required name=search_term_string\"}],\"inLanguage\":\"is\"},{\"@type\":\"ImageObject\",\"@id\":\"http:\/\/elsuperbeasto.com\/is\/hvernig-virka-nsa-tengingar\/#primaryimage\",\"inLanguage\":\"is\",\"url\":\"http:\/\/elsuperbeasto.com\/wp-content\/uploads\/2022\/08\/find-lov.jpeg\",\"contentUrl\":\"http:\/\/elsuperbeasto.com\/wp-content\/uploads\/2022\/08\/find-lov.jpeg\",\"width\":2398,\"height\":1500},{\"@type\":\"WebPage\",\"@id\":\"http:\/\/elsuperbeasto.com\/is\/hvernig-virka-nsa-tengingar\/#webpage\",\"url\":\"http:\/\/elsuperbeasto.com\/is\/hvernig-virka-nsa-tengingar\/\",\"name\":\"Hvernig virka NSA tengingar? - Quick Hookup\",\"isPartOf\":{\"@id\":\"https:\/\/elsuperbeasto.com\/#website\"},\"primaryImageOfPage\":{\"@id\":\"http:\/\/elsuperbeasto.com\/is\/hvernig-virka-nsa-tengingar\/#primaryimage\"},\"datePublished\":\"2022-08-18T13:10:21+00:00\",\"dateModified\":\"2022-08-18T13:10:21+00:00\",\"breadcrumb\":{\"@id\":\"http:\/\/elsuperbeasto.com\/is\/hvernig-virka-nsa-tengingar\/#breadcrumb\"},\"inLanguage\":\"is\",\"potentialAction\":[{\"@type\":\"ReadAction\",\"target\":[\"http:\/\/elsuperbeasto.com\/is\/hvernig-virka-nsa-tengingar\/\"]}]},{\"@type\":\"BreadcrumbList\",\"@id\":\"http:\/\/elsuperbeasto.com\/is\/hvernig-virka-nsa-tengingar\/#breadcrumb\",\"itemListElement\":[{\"@type\":\"ListItem\",\"position\":1,\"name\":\"Home\",\"item\":\"https:\/\/elsuperbeasto.com\/is\/\"},{\"@type\":\"ListItem\",\"position\":2,\"name\":\"Hvernig virka NSA tengingar?\"}]}]}<\/script>\n<!-- \/ Yoast SEO plugin. -->","yoast_head_json":{"title":"Hvernig virka NSA tengingar? - Quick Hookup","robots":{"index":"index","follow":"follow","max-snippet":"max-snippet:-1","max-image-preview":"max-image-preview:large","max-video-preview":"max-video-preview:-1"},"canonical":"http:\/\/elsuperbeasto.com\/is\/hvernig-virka-nsa-tengingar\/","og_locale":"is_IS","og_type":"article","og_title":"Hvernig virka NSA tengingar? - Quick Hookup","og_description":"Margir krakkar eru hr\u00e6ddir vi\u00f0 a\u00f0 n\u00e1lgast konur vegna \u00feess a\u00f0 \u00feeir halda a\u00f0 \u00fea\u00f0 muni l\u00e1ta \u00fe\u00e6r vir\u00f0ast \u00f6rv\u00e6ntingarfullar e\u00f0a hrollvekjandi. En \u00fea\u00f0 er engin \u00e1st\u00e6\u00f0a til a\u00f0 hafa \u00e1hyggjur af \u00fev\u00ed a\u00f0 vera yfir\u00feyrmandi e\u00f0a \u00e1r\u00e1sargjarn \u2013 reyndu&hellip; Continue Reading &rarr;","og_url":"http:\/\/elsuperbeasto.com\/is\/hvernig-virka-nsa-tengingar\/","og_site_name":"Quick Hookup","og_image":[{"width":2398,"height":1500,"url":"https:\/\/elsuperbeasto.com\/wp-content\/uploads\/2022\/08\/find-lov.jpeg","type":"image\/jpeg"}],"twitter_card":"summary_large_image","twitter_misc":{"Est. reading time":"4 minutes"},"schema":{"@context":"https:\/\/schema.org","@graph":[{"@type":"WebSite","@id":"https:\/\/elsuperbeasto.com\/#website","url":"https:\/\/elsuperbeasto.com\/","name":"Quick Hookup","description":"Your Guide To Love","potentialAction":[{"@type":"SearchAction","target":{"@type":"EntryPoint","urlTemplate":"https:\/\/elsuperbeasto.com\/?s={search_term_string}"},"query-input":"required name=search_term_string"}],"inLanguage":"is"},{"@type":"ImageObject","@id":"http:\/\/elsuperbeasto.com\/is\/hvernig-virka-nsa-tengingar\/#primaryimage","inLanguage":"is","url":"http:\/\/elsuperbeasto.com\/wp-content\/uploads\/2022\/08\/find-lov.jpeg","contentUrl":"http:\/\/elsuperbeasto.com\/wp-content\/uploads\/2022\/08\/find-lov.jpeg","width":2398,"height":1500},{"@type":"WebPage","@id":"http:\/\/elsuperbeasto.com\/is\/hvernig-virka-nsa-tengingar\/#webpage","url":"http:\/\/elsuperbeasto.com\/is\/hvernig-virka-nsa-tengingar\/","name":"Hvernig virka NSA tengingar? - Quick Hookup","isPartOf":{"@id":"https:\/\/elsuperbeasto.com\/#website"},"primaryImageOfPage":{"@id":"http:\/\/elsuperbeasto.com\/is\/hvernig-virka-nsa-tengingar\/#primaryimage"},"datePublished":"2022-08-18T13:10:21+00:00","dateModified":"2022-08-18T13:10:21+00:00","breadcrumb":{"@id":"http:\/\/elsuperbeasto.com\/is\/hvernig-virka-nsa-tengingar\/#breadcrumb"},"inLanguage":"is","potentialAction":[{"@type":"ReadAction","target":["http:\/\/elsuperbeasto.com\/is\/hvernig-virka-nsa-tengingar\/"]}]},{"@type":"BreadcrumbList","@id":"http:\/\/elsuperbeasto.com\/is\/hvernig-virka-nsa-tengingar\/#breadcrumb","itemListElement":[{"@type":"ListItem","position":1,"name":"Home","item":"https:\/\/elsuperbeasto.com\/is\/"},{"@type":"ListItem","position":2,"name":"Hvernig virka NSA tengingar?"}]}]}},"_links":{"self":[{"href":"http:\/\/elsuperbeasto.com\/is\/wp-json\/wp\/v2\/pages\/255"}],"collection":[{"href":"http:\/\/elsuperbeasto.com\/is\/wp-json\/wp\/v2\/pages"}],"about":[{"href":"http:\/\/elsuperbeasto.com\/is\/wp-json\/wp\/v2\/types\/page"}],"author":[{"embeddable":true,"href":"http:\/\/elsuperbeasto.com\/is\/wp-json\/wp\/v2\/users\/1"}],"replies":[{"embeddable":true,"href":"http:\/\/elsuperbeasto.com\/is\/wp-json\/wp\/v2\/comments?post=255"}],"version-history":[{"count":0,"href":"http:\/\/elsuperbeasto.com\/is\/wp-json\/wp\/v2\/pages\/255\/revisions"}],"wp:featuredmedia":[{"embeddable":true,"href":"http:\/\/elsuperbeasto.com\/is\/wp-json\/wp\/v2\/media\/188"}],"wp:attachment":[{"href":"http:\/\/elsuperbeasto.com\/is\/wp-json\/wp\/v2\/media?parent=255"}],"curies":[{"name":"wp","href":"https:\/\/api.w.org\/{rel}","templated":true}]}}