{"id":350,"date":"2022-08-18T13:12:48","date_gmt":"2022-08-18T12:12:48","guid":{"rendered":"http:\/\/elsuperbeasto.com\/je-li-online-upoznavanje-sigurno\/"},"modified":"2022-08-18T13:12:48","modified_gmt":"2022-08-18T12:12:48","slug":"je-li-online-upoznavanje-sigurno","status":"publish","type":"page","link":"http:\/\/elsuperbeasto.com\/hr\/je-li-online-upoznavanje-sigurno\/","title":{"rendered":"Je li online upoznavanje sigurno?"},"content":{"rendered":"<p>Online upoznavanje izvrstan je na\u010din upoznavanja novih ljudi, ali postoje neki rizici. Jedan od tih rizika je da la\u017ena osoba prevari novac. Nedavno istra\u017eivanje pokazalo je da je \u010detvrtinu \u017eena kontaktirao netko tko tvrdi da je zainteresiran za susret s njima, ali kasnije se ispostavilo da je prevarant.<\/p>\n<p>Naj\u010de\u0161\u0107i razlog za\u0161to ljudi postaju \u017ertve prijevara na aplikacijama za upoznavanje je zbog lo\u0161ih komunikacijskih vje\u0161tina. Chatbotovi su dizajnirani da opona\u0161aju ljudski razgovor, ali ne rade uvijek dobar posao. Oni imaju tendenciju da koriste cvjetni jezik, \u0161to ih \u010dini lakim metama za prevarante.<\/p>\n<p>Ako \u017eelite uspostaviti <a href=\"http:\/\/elsuperbeasto.com\/hr\/koje-su-najbolje-aplikacije-za-sexting\/\">stvarnu vezu s nekim<\/a>, htjet \u0107ete izbje\u0107i previ\u0161e razgovora o sebi. Ljudi vole razgovarati o sebi, ali obi\u010dno im je ugodnije to u\u010diniti putem telefonskog poziva ili osobno. Online spojevi su jo\u0161 uvijek relativno novi, tako da ne\u0107ete znati koliko dobro stvarno komunicirate jedni s drugima dok se ne upoznate osobno.<\/p>\n<h2>Na \u0161to treba paziti?<\/h2>\n<p>Mo\u017eete re\u0107i je li osoba bot ili prevarant promatraju\u0107i njihovo pona\u0161anje. Op\u0107enito, bot \u0107e brzo slati poruke, dok \u0107e prevarantu trebati vi\u0161e vremena da odgovori. Mo\u017eda \u0107ete primijetiti da se \u010dini da puno ljudi odgovara na va\u0161e poruke u roku od nekoliko sekundi, iako nisu odgovorili ni na jednu od va\u0161ih prethodnih poruka. To se zove &#8220;spam&#8221;. Botovi nisu nu\u017eno spam; to bi moglo samo zna\u010diti da primaju mnoge poruke i odgovaraju na njih odjednom.<\/p>\n<p>Jo\u0161 jedna stvar na koju treba paziti su rane izjave ljubavi. Neki ljudi \u0107e re\u0107i ne\u0161to na tragu: &#8220;Mislim da smo savr\u0161eni zajedno&#8221; ili &#8220;Lud sam za tobom.&#8221; Ove vrste komentara obi\u010dno se koriste kako bi vas uvjerile da predate podatke o svojoj kreditnoj kartici. Prevaranti \u0107e vas \u010desto poku\u0161ati namamiti da date osobne podatke govore\u0107i ne\u0161to lijepo. Budite oprezni sa svima koji se \u010dine pretjerano odu\u0161evljeni susretom s vama.<\/p>\n<h2>\u0160to je s pla\u0107enim aplikacijama za upoznavanje?<\/h2>\n<p>Ve\u0107ina internetskih stranica za upoznavanje je besplatna, ali postoji mnogo toga \u0161to zahtijeva pla\u0107anje. Neki nude besplatan pristup odre\u0111enim zna\u010dajkama, dok vam drugi ne dopu\u0161taju kori\u0161tenje tih zna\u010dajki ako ne platite. Sastavili smo popis najpopularnijih web lokacija za upoznavanje i koliko ko\u0161ta pridru\u017eivanje.<\/p>\n<h2>\u0160to je s recenzijama?<\/h2>\n<p>Internetske recenzije igraju veliku ulogu u na\u010dinu na koji potro\u0161a\u010di donose odluke o kupnji. Ako ljudi vjeruju mi\u0161ljenjima drugih, koristit \u0107e ta pouzdana mi\u0161ljenja za usmjeravanje svojih kupnji. Na\u017ealost, danas ima previ\u0161e la\u017enih recenzija.<\/p>\n<p>Nedavna studija pokazala je da vi\u0161e od polovice recenzija na Amazonu pi\u0161u pla\u0107eni recenzenti. A neke tvrtke za online upoznavanje poput Match Group Inc., eHarmony Inc. Te recenzije \u010desto sadr\u017ee la\u017ene informacije, kao \u0161to su pretjerane tvrdnje o zna\u010dajkama i prednostima proizvoda.<\/p>\n","protected":false},"excerpt":{"rendered":"<p>Online upoznavanje izvrstan je na\u010din upoznavanja novih ljudi, ali postoje neki rizici. Jedan od tih rizika je da la\u017ena osoba prevari novac. Nedavno istra\u017eivanje pokazalo je da je \u010detvrtinu \u017eena kontaktirao netko tko tvrdi da je zainteresiran za susret s&hellip; <a href=\"http:\/\/elsuperbeasto.com\/hr\/je-li-online-upoznavanje-sigurno\/\" class=\"more-link\">Continue Reading <span class=\"meta-nav\">&rarr;<\/span><\/a><\/p>\n","protected":false},"author":1,"featured_media":125,"parent":0,"menu_order":0,"comment_status":"closed","ping_status":"closed","template":"","meta":[],"yoast_head":"<!-- This site is optimized with the Yoast SEO plugin v17.7.1 - https:\/\/yoast.com\/wordpress\/plugins\/seo\/ -->\n<title>Je li online upoznavanje sigurno? - Quick Hookup<\/title>\n<meta name=\"robots\" content=\"index, follow, max-snippet:-1, max-image-preview:large, max-video-preview:-1\" \/>\n<link rel=\"canonical\" href=\"http:\/\/elsuperbeasto.com\/hr\/je-li-online-upoznavanje-sigurno\/\" \/>\n<meta property=\"og:locale\" content=\"hr_HR\" \/>\n<meta property=\"og:type\" content=\"article\" \/>\n<meta property=\"og:title\" content=\"Je li online upoznavanje sigurno? - Quick Hookup\" \/>\n<meta property=\"og:description\" content=\"Online upoznavanje izvrstan je na\u010din upoznavanja novih ljudi, ali postoje neki rizici. Jedan od tih rizika je da la\u017ena osoba prevari novac. Nedavno istra\u017eivanje pokazalo je da je \u010detvrtinu \u017eena kontaktirao netko tko tvrdi da je zainteresiran za susret s&hellip; Continue Reading &rarr;\" \/>\n<meta property=\"og:url\" content=\"http:\/\/elsuperbeasto.com\/hr\/je-li-online-upoznavanje-sigurno\/\" \/>\n<meta property=\"og:site_name\" content=\"Quick Hookup\" \/>\n<meta property=\"og:image\" content=\"http:\/\/elsuperbeasto.com\/wp-content\/uploads\/2022\/08\/dates.jpeg\" \/>\n\t<meta property=\"og:image:width\" content=\"2250\" \/>\n\t<meta property=\"og:image:height\" content=\"1500\" \/>\n<meta name=\"twitter:card\" content=\"summary_large_image\" \/>\n<meta name=\"twitter:label1\" content=\"Procijenjeno vrijeme \u010ditanja\" \/>\n\t<meta name=\"twitter:data1\" content=\"2 minute\" \/>\n<script type=\"application\/ld+json\" class=\"yoast-schema-graph\">{\"@context\":\"https:\/\/schema.org\",\"@graph\":[{\"@type\":\"WebSite\",\"@id\":\"https:\/\/elsuperbeasto.com\/#website\",\"url\":\"https:\/\/elsuperbeasto.com\/\",\"name\":\"Quick Hookup\",\"description\":\"Your Guide To Love\",\"potentialAction\":[{\"@type\":\"SearchAction\",\"target\":{\"@type\":\"EntryPoint\",\"urlTemplate\":\"https:\/\/elsuperbeasto.com\/?s={search_term_string}\"},\"query-input\":\"required name=search_term_string\"}],\"inLanguage\":\"hr\"},{\"@type\":\"ImageObject\",\"@id\":\"http:\/\/elsuperbeasto.com\/hr\/je-li-online-upoznavanje-sigurno\/#primaryimage\",\"inLanguage\":\"hr\",\"url\":\"http:\/\/elsuperbeasto.com\/wp-content\/uploads\/2022\/08\/dates.jpeg\",\"contentUrl\":\"http:\/\/elsuperbeasto.com\/wp-content\/uploads\/2022\/08\/dates.jpeg\",\"width\":2250,\"height\":1500},{\"@type\":\"WebPage\",\"@id\":\"http:\/\/elsuperbeasto.com\/hr\/je-li-online-upoznavanje-sigurno\/#webpage\",\"url\":\"http:\/\/elsuperbeasto.com\/hr\/je-li-online-upoznavanje-sigurno\/\",\"name\":\"Je li online upoznavanje sigurno? - Quick Hookup\",\"isPartOf\":{\"@id\":\"https:\/\/elsuperbeasto.com\/#website\"},\"primaryImageOfPage\":{\"@id\":\"http:\/\/elsuperbeasto.com\/hr\/je-li-online-upoznavanje-sigurno\/#primaryimage\"},\"datePublished\":\"2022-08-18T12:12:48+00:00\",\"dateModified\":\"2022-08-18T12:12:48+00:00\",\"breadcrumb\":{\"@id\":\"http:\/\/elsuperbeasto.com\/hr\/je-li-online-upoznavanje-sigurno\/#breadcrumb\"},\"inLanguage\":\"hr\",\"potentialAction\":[{\"@type\":\"ReadAction\",\"target\":[\"http:\/\/elsuperbeasto.com\/hr\/je-li-online-upoznavanje-sigurno\/\"]}]},{\"@type\":\"BreadcrumbList\",\"@id\":\"http:\/\/elsuperbeasto.com\/hr\/je-li-online-upoznavanje-sigurno\/#breadcrumb\",\"itemListElement\":[{\"@type\":\"ListItem\",\"position\":1,\"name\":\"Home\",\"item\":\"https:\/\/elsuperbeasto.com\/hr\/\"},{\"@type\":\"ListItem\",\"position\":2,\"name\":\"Je li online upoznavanje sigurno?\"}]}]}<\/script>\n<!-- \/ Yoast SEO plugin. -->","yoast_head_json":{"title":"Je li online upoznavanje sigurno? - Quick Hookup","robots":{"index":"index","follow":"follow","max-snippet":"max-snippet:-1","max-image-preview":"max-image-preview:large","max-video-preview":"max-video-preview:-1"},"canonical":"http:\/\/elsuperbeasto.com\/hr\/je-li-online-upoznavanje-sigurno\/","og_locale":"hr_HR","og_type":"article","og_title":"Je li online upoznavanje sigurno? - Quick Hookup","og_description":"Online upoznavanje izvrstan je na\u010din upoznavanja novih ljudi, ali postoje neki rizici. Jedan od tih rizika je da la\u017ena osoba prevari novac. Nedavno istra\u017eivanje pokazalo je da je \u010detvrtinu \u017eena kontaktirao netko tko tvrdi da je zainteresiran za susret s&hellip; Continue Reading &rarr;","og_url":"http:\/\/elsuperbeasto.com\/hr\/je-li-online-upoznavanje-sigurno\/","og_site_name":"Quick Hookup","og_image":[{"width":2250,"height":1500,"url":"http:\/\/elsuperbeasto.com\/wp-content\/uploads\/2022\/08\/dates.jpeg","type":"image\/jpeg"}],"twitter_card":"summary_large_image","twitter_misc":{"Procijenjeno vrijeme \u010ditanja":"2 minute"},"schema":{"@context":"https:\/\/schema.org","@graph":[{"@type":"WebSite","@id":"https:\/\/elsuperbeasto.com\/#website","url":"https:\/\/elsuperbeasto.com\/","name":"Quick Hookup","description":"Your Guide To Love","potentialAction":[{"@type":"SearchAction","target":{"@type":"EntryPoint","urlTemplate":"https:\/\/elsuperbeasto.com\/?s={search_term_string}"},"query-input":"required name=search_term_string"}],"inLanguage":"hr"},{"@type":"ImageObject","@id":"http:\/\/elsuperbeasto.com\/hr\/je-li-online-upoznavanje-sigurno\/#primaryimage","inLanguage":"hr","url":"http:\/\/elsuperbeasto.com\/wp-content\/uploads\/2022\/08\/dates.jpeg","contentUrl":"http:\/\/elsuperbeasto.com\/wp-content\/uploads\/2022\/08\/dates.jpeg","width":2250,"height":1500},{"@type":"WebPage","@id":"http:\/\/elsuperbeasto.com\/hr\/je-li-online-upoznavanje-sigurno\/#webpage","url":"http:\/\/elsuperbeasto.com\/hr\/je-li-online-upoznavanje-sigurno\/","name":"Je li online upoznavanje sigurno? - Quick Hookup","isPartOf":{"@id":"https:\/\/elsuperbeasto.com\/#website"},"primaryImageOfPage":{"@id":"http:\/\/elsuperbeasto.com\/hr\/je-li-online-upoznavanje-sigurno\/#primaryimage"},"datePublished":"2022-08-18T12:12:48+00:00","dateModified":"2022-08-18T12:12:48+00:00","breadcrumb":{"@id":"http:\/\/elsuperbeasto.com\/hr\/je-li-online-upoznavanje-sigurno\/#breadcrumb"},"inLanguage":"hr","potentialAction":[{"@type":"ReadAction","target":["http:\/\/elsuperbeasto.com\/hr\/je-li-online-upoznavanje-sigurno\/"]}]},{"@type":"BreadcrumbList","@id":"http:\/\/elsuperbeasto.com\/hr\/je-li-online-upoznavanje-sigurno\/#breadcrumb","itemListElement":[{"@type":"ListItem","position":1,"name":"Home","item":"https:\/\/elsuperbeasto.com\/hr\/"},{"@type":"ListItem","position":2,"name":"Je li online upoznavanje sigurno?"}]}]}},"_links":{"self":[{"href":"http:\/\/elsuperbeasto.com\/hr\/wp-json\/wp\/v2\/pages\/350"}],"collection":[{"href":"http:\/\/elsuperbeasto.com\/hr\/wp-json\/wp\/v2\/pages"}],"about":[{"href":"http:\/\/elsuperbeasto.com\/hr\/wp-json\/wp\/v2\/types\/page"}],"author":[{"embeddable":true,"href":"http:\/\/elsuperbeasto.com\/hr\/wp-json\/wp\/v2\/users\/1"}],"replies":[{"embeddable":true,"href":"http:\/\/elsuperbeasto.com\/hr\/wp-json\/wp\/v2\/comments?post=350"}],"version-history":[{"count":0,"href":"http:\/\/elsuperbeasto.com\/hr\/wp-json\/wp\/v2\/pages\/350\/revisions"}],"wp:featuredmedia":[{"embeddable":true,"href":"http:\/\/elsuperbeasto.com\/hr\/wp-json\/wp\/v2\/media\/125"}],"wp:attachment":[{"href":"http:\/\/elsuperbeasto.com\/hr\/wp-json\/wp\/v2\/media?parent=350"}],"curies":[{"name":"wp","href":"https:\/\/api.w.org\/{rel}","templated":true}]}}