{"id":349,"date":"2022-08-18T13:05:43","date_gmt":"2022-08-18T12:05:43","guid":{"rendered":"http:\/\/elsuperbeasto.com\/najbolje-aplikacije-za-pronalazenje-ljubavi\/"},"modified":"2022-08-18T13:05:43","modified_gmt":"2022-08-18T12:05:43","slug":"najbolje-aplikacije-za-pronalazenje-ljubavi","status":"publish","type":"page","link":"http:\/\/elsuperbeasto.com\/hr\/najbolje-aplikacije-za-pronalazenje-ljubavi\/","title":{"rendered":"Najbolje aplikacije za pronala\u017eenje ljubavi"},"content":{"rendered":"<p>Zato smo puno istra\u017eivali najbolje aplikacije za upoznavanje i prona\u0161li one koje se isti\u010du iznad ostalih. To nisu samo na\u0161a mi\u0161ljenja &#8211; testirali smo svaku od njih za sebe i do\u0161li do nekih pravih pobjednika.<\/p>\n<p>Dakle, bilo da tra\u017eite ne\u0161to ozbiljno, le\u017eerno, ili negdje izme\u0111u, pokrili smo vas. Re\u0107i \u0107emo vam koje to\u010dno zna\u010dajke \u010dine svaku aplikaciju posebnom, dati vam iskrene povratne informacije o cjenovnim bodovima i pomo\u0107i vam da saznate koja vam najbolje odgovara.<\/p>\n<p>Nakon \u0161to pro\u010ditate ovaj vodi\u010d, <a href=\"http:\/\/elsuperbeasto.com\/hr\/je-li-online-upoznavanje-sigurno\/\">ne\u0107ete sumnjati<\/a> koji vam savr\u0161eno odgovara. Ne\u0107ete vi\u0161e gubiti vrijeme poku\u0161avaju\u0107i sami shvatiti stvari; samo odaberite najbolju aplikaciju za upoznavanje na temelju na\u0161ih preporuka i po\u010dnite upoznavati ljude ve\u0107 danas.<\/p>\n<p>Prije nego \u0161to se prijavite na bilo koju web stranicu, dobro razmislite odgovara li web mjesto va\u0161oj osobnosti. Da li vi\u0161e volite povremene spojeve ili predanu vezu?<\/p>\n<h2>Prona\u0111ite web-mjesto koje odgovara va\u0161oj osobnosti<\/h2>\n<p>Volite li \u010davrljati putem tekstualne poruke ili biste radije razgovarali licem u lice? Da li vi\u0161e volite kratke poruke ili duge e-poruke? Ta pitanja mogu vam pomo\u0107i da suzite pretra\u017eivanje. Nakon \u0161to prona\u0111ete web-lokaciju koja vam odgovara, prijavite se i po\u010dnite pregledavati profile.<\/p>\n<h2>Odabir web-mjesta na temelju va\u0161ih interesa<\/h2>\n<p>Razmislite o tome \u0161to vas zanima. Ako tra\u017eite romanti\u010dnog partnera, vjerojatno se ne \u017eelite pridru\u017eiti web mjestu koje zadovoljava samce koji tra\u017ee prijateljstva. Isto tako, ako tra\u017eite prijatelja, ne\u0107ete se htjeti pridru\u017eiti web mjestu za upoznavanje koje se fokusira na romantiku.<\/p>\n<p>Umjesto toga, odaberite web-mjesto koje se svi\u0111a va\u0161im interesima. Na primjer, ako volite sport, trebali biste se pridru\u017eiti web mjestu koje \u010dlanovima omogu\u0107uje dijeljenje omiljenih timova, igra\u010da i doga\u0111aja. Na taj na\u010din mo\u017eete lako prona\u0107i kompatibilne partnere koji dijele sli\u010dne interese.<\/p>\n<h2>Pridru\u017eite se nekoliko web-mjesta prije dono\u0161enja odluke<\/h2>\n<p>Va\u017eno je posjetiti nekoliko web lokacija za upoznavanje prije nego \u0161to se smjestite na jednu. To vam daje priliku da usporedite prednosti i nedostatke svake web stranice. Na primjer, neke web stranice nude napredne zna\u010dajke kao \u0161to su video chatovi i razmjena izravnih poruka. Drugi \u010dlanovima dopu\u0161taju prijenos slika i videozapisa. Drugi vam omogu\u0107uju pregledavanje profila \u010dlanova bez otkrivanja osobnih podataka.<\/p>\n<h2>Razmotrite probleme s privatno\u0161\u0107u<\/h2>\n<p>Neke web stranice omogu\u0107uju \u010dlanovima da ostanu anonimni, dok druge zahtijevaju od \u010dlanova da otkriju svoj identitet. Kada razmatrate probleme s privatno\u0161\u0107u, imajte na umu da neke web-lokacije mogu prikupljati osjetljive podatke o vama. Na primjer, neke web stranice tra\u017ee od \u010dlanova da otkriju svoje bra\u010dno stanje, vjerska uvjerenja, zanimanje i razinu obrazovanja. Ti se detalji mogu upotrebljavati za ciljanje oglasa na vas. Druge web stranice mogu zatra\u017eiti dodatne informacije kao \u0161to su va\u0161a visina, te\u017eina, prihod i dob. Dok neke web stranice omogu\u0107uju \u010dlanovima da odaberu ho\u0107e li otkriti svoj identitet, druge zahtijevaju od \u010dlanova da otkriju sve.<\/p>\n<h2>Faq<\/h2>\n<h3>Koja je najbolja stranica za upoznavanje za ozbiljne veze?<\/h3>\n<p>Najbolja web stranica za upoznavanje ozbiljnih veza je OkCupid.com. Ova web stranica za upoznavanje ima milijune korisnika iz cijelog svijeta i koriste je za pronala\u017eenje ljubavi. Nude besplatne poruke, izravne poruke, video chat i druge zna\u010dajke koje vam poma\u017eu da se pove\u017eete s potencijalnim datumima.<\/p>\n<p>OkCupid postoji od 2004. godine, a milijuni korisnika su se prijavili besplatno. Stranica omogu\u0107uje korisnicima stvaranje profila, tra\u017eenje drugih \u010dlanova na temelju kriterija kao \u0161to su lokacija, dob, spol itd., A zatim slanje poruka jedni drugima. Korisnici tako\u0111er mogu pregledavati profile drugih koji tra\u017ee datume.<\/p>\n<h3>Koja je najbolja aplikacija za upoznavanje 2022. godine?<\/h3>\n<p>Najbolja aplikacija za upoznavanje za 2022. godinu bit \u0107e Tinder Plus, koji korisnicima omogu\u0107uje slanje neograni\u010denih poruka drugim korisnicima. Ova je zna\u010dajka dostupna od 2016. godine, ali tek sada postaje popularna. Druge aplikacije kao \u0161to su Happn, Bumble i OkCupid tako\u0111er nude sli\u010dne zna\u010dajke.<\/p>\n","protected":false},"excerpt":{"rendered":"<p>Zato smo puno istra\u017eivali najbolje aplikacije za upoznavanje i prona\u0161li one koje se isti\u010du iznad ostalih. To nisu samo na\u0161a mi\u0161ljenja &#8211; testirali smo svaku od njih za sebe i do\u0161li do nekih pravih pobjednika. Dakle, bilo da tra\u017eite ne\u0161to&hellip; <a href=\"http:\/\/elsuperbeasto.com\/hr\/najbolje-aplikacije-za-pronalazenje-ljubavi\/\" class=\"more-link\">Continue Reading <span class=\"meta-nav\">&rarr;<\/span><\/a><\/p>\n","protected":false},"author":1,"featured_media":139,"parent":0,"menu_order":0,"comment_status":"closed","ping_status":"closed","template":"","meta":[],"yoast_head":"<!-- This site is optimized with the Yoast SEO plugin v17.7.1 - https:\/\/yoast.com\/wordpress\/plugins\/seo\/ -->\n<title>Najbolje aplikacije za pronala\u017eenje ljubavi - Quick Hookup<\/title>\n<meta name=\"robots\" content=\"index, follow, max-snippet:-1, max-image-preview:large, max-video-preview:-1\" \/>\n<link rel=\"canonical\" href=\"http:\/\/elsuperbeasto.com\/hr\/najbolje-aplikacije-za-pronalazenje-ljubavi\/\" \/>\n<meta property=\"og:locale\" content=\"hr_HR\" \/>\n<meta property=\"og:type\" content=\"article\" \/>\n<meta property=\"og:title\" content=\"Najbolje aplikacije za pronala\u017eenje ljubavi - Quick Hookup\" \/>\n<meta property=\"og:description\" content=\"Zato smo puno istra\u017eivali najbolje aplikacije za upoznavanje i prona\u0161li one koje se isti\u010du iznad ostalih. To nisu samo na\u0161a mi\u0161ljenja &#8211; testirali smo svaku od njih za sebe i do\u0161li do nekih pravih pobjednika. Dakle, bilo da tra\u017eite ne\u0161to&hellip; Continue Reading &rarr;\" \/>\n<meta property=\"og:url\" content=\"http:\/\/elsuperbeasto.com\/hr\/najbolje-aplikacije-za-pronalazenje-ljubavi\/\" \/>\n<meta property=\"og:site_name\" content=\"Quick Hookup\" \/>\n<meta property=\"og:image\" content=\"http:\/\/elsuperbeasto.com\/wp-content\/uploads\/2022\/08\/love-balloons.jpeg\" \/>\n\t<meta property=\"og:image:width\" content=\"1000\" \/>\n\t<meta property=\"og:image:height\" content=\"1500\" \/>\n<meta name=\"twitter:card\" content=\"summary_large_image\" \/>\n<meta name=\"twitter:label1\" content=\"Procijenjeno vrijeme \u010ditanja\" \/>\n\t<meta name=\"twitter:data1\" content=\"3 minute\" \/>\n<script type=\"application\/ld+json\" class=\"yoast-schema-graph\">{\"@context\":\"https:\/\/schema.org\",\"@graph\":[{\"@type\":\"WebSite\",\"@id\":\"https:\/\/elsuperbeasto.com\/#website\",\"url\":\"https:\/\/elsuperbeasto.com\/\",\"name\":\"Quick Hookup\",\"description\":\"Your Guide To Love\",\"potentialAction\":[{\"@type\":\"SearchAction\",\"target\":{\"@type\":\"EntryPoint\",\"urlTemplate\":\"https:\/\/elsuperbeasto.com\/?s={search_term_string}\"},\"query-input\":\"required name=search_term_string\"}],\"inLanguage\":\"hr\"},{\"@type\":\"ImageObject\",\"@id\":\"http:\/\/elsuperbeasto.com\/hr\/najbolje-aplikacije-za-pronalazenje-ljubavi\/#primaryimage\",\"inLanguage\":\"hr\",\"url\":\"http:\/\/elsuperbeasto.com\/wp-content\/uploads\/2022\/08\/love-balloons.jpeg\",\"contentUrl\":\"http:\/\/elsuperbeasto.com\/wp-content\/uploads\/2022\/08\/love-balloons.jpeg\",\"width\":1000,\"height\":1500},{\"@type\":\"WebPage\",\"@id\":\"http:\/\/elsuperbeasto.com\/hr\/najbolje-aplikacije-za-pronalazenje-ljubavi\/#webpage\",\"url\":\"http:\/\/elsuperbeasto.com\/hr\/najbolje-aplikacije-za-pronalazenje-ljubavi\/\",\"name\":\"Najbolje aplikacije za pronala\\u017eenje ljubavi - Quick Hookup\",\"isPartOf\":{\"@id\":\"https:\/\/elsuperbeasto.com\/#website\"},\"primaryImageOfPage\":{\"@id\":\"http:\/\/elsuperbeasto.com\/hr\/najbolje-aplikacije-za-pronalazenje-ljubavi\/#primaryimage\"},\"datePublished\":\"2022-08-18T12:05:43+00:00\",\"dateModified\":\"2022-08-18T12:05:43+00:00\",\"breadcrumb\":{\"@id\":\"http:\/\/elsuperbeasto.com\/hr\/najbolje-aplikacije-za-pronalazenje-ljubavi\/#breadcrumb\"},\"inLanguage\":\"hr\",\"potentialAction\":[{\"@type\":\"ReadAction\",\"target\":[\"http:\/\/elsuperbeasto.com\/hr\/najbolje-aplikacije-za-pronalazenje-ljubavi\/\"]}]},{\"@type\":\"BreadcrumbList\",\"@id\":\"http:\/\/elsuperbeasto.com\/hr\/najbolje-aplikacije-za-pronalazenje-ljubavi\/#breadcrumb\",\"itemListElement\":[{\"@type\":\"ListItem\",\"position\":1,\"name\":\"Home\",\"item\":\"https:\/\/elsuperbeasto.com\/hr\/\"},{\"@type\":\"ListItem\",\"position\":2,\"name\":\"Najbolje aplikacije za pronala\\u017eenje ljubavi\"}]}]}<\/script>\n<!-- \/ Yoast SEO plugin. -->","yoast_head_json":{"title":"Najbolje aplikacije za pronala\u017eenje ljubavi - Quick Hookup","robots":{"index":"index","follow":"follow","max-snippet":"max-snippet:-1","max-image-preview":"max-image-preview:large","max-video-preview":"max-video-preview:-1"},"canonical":"http:\/\/elsuperbeasto.com\/hr\/najbolje-aplikacije-za-pronalazenje-ljubavi\/","og_locale":"hr_HR","og_type":"article","og_title":"Najbolje aplikacije za pronala\u017eenje ljubavi - Quick Hookup","og_description":"Zato smo puno istra\u017eivali najbolje aplikacije za upoznavanje i prona\u0161li one koje se isti\u010du iznad ostalih. To nisu samo na\u0161a mi\u0161ljenja &#8211; testirali smo svaku od njih za sebe i do\u0161li do nekih pravih pobjednika. Dakle, bilo da tra\u017eite ne\u0161to&hellip; Continue Reading &rarr;","og_url":"http:\/\/elsuperbeasto.com\/hr\/najbolje-aplikacije-za-pronalazenje-ljubavi\/","og_site_name":"Quick Hookup","og_image":[{"width":1000,"height":1500,"url":"http:\/\/elsuperbeasto.com\/wp-content\/uploads\/2022\/08\/love-balloons.jpeg","type":"image\/jpeg"}],"twitter_card":"summary_large_image","twitter_misc":{"Procijenjeno vrijeme \u010ditanja":"3 minute"},"schema":{"@context":"https:\/\/schema.org","@graph":[{"@type":"WebSite","@id":"https:\/\/elsuperbeasto.com\/#website","url":"https:\/\/elsuperbeasto.com\/","name":"Quick Hookup","description":"Your Guide To Love","potentialAction":[{"@type":"SearchAction","target":{"@type":"EntryPoint","urlTemplate":"https:\/\/elsuperbeasto.com\/?s={search_term_string}"},"query-input":"required name=search_term_string"}],"inLanguage":"hr"},{"@type":"ImageObject","@id":"http:\/\/elsuperbeasto.com\/hr\/najbolje-aplikacije-za-pronalazenje-ljubavi\/#primaryimage","inLanguage":"hr","url":"http:\/\/elsuperbeasto.com\/wp-content\/uploads\/2022\/08\/love-balloons.jpeg","contentUrl":"http:\/\/elsuperbeasto.com\/wp-content\/uploads\/2022\/08\/love-balloons.jpeg","width":1000,"height":1500},{"@type":"WebPage","@id":"http:\/\/elsuperbeasto.com\/hr\/najbolje-aplikacije-za-pronalazenje-ljubavi\/#webpage","url":"http:\/\/elsuperbeasto.com\/hr\/najbolje-aplikacije-za-pronalazenje-ljubavi\/","name":"Najbolje aplikacije za pronala\u017eenje ljubavi - Quick Hookup","isPartOf":{"@id":"https:\/\/elsuperbeasto.com\/#website"},"primaryImageOfPage":{"@id":"http:\/\/elsuperbeasto.com\/hr\/najbolje-aplikacije-za-pronalazenje-ljubavi\/#primaryimage"},"datePublished":"2022-08-18T12:05:43+00:00","dateModified":"2022-08-18T12:05:43+00:00","breadcrumb":{"@id":"http:\/\/elsuperbeasto.com\/hr\/najbolje-aplikacije-za-pronalazenje-ljubavi\/#breadcrumb"},"inLanguage":"hr","potentialAction":[{"@type":"ReadAction","target":["http:\/\/elsuperbeasto.com\/hr\/najbolje-aplikacije-za-pronalazenje-ljubavi\/"]}]},{"@type":"BreadcrumbList","@id":"http:\/\/elsuperbeasto.com\/hr\/najbolje-aplikacije-za-pronalazenje-ljubavi\/#breadcrumb","itemListElement":[{"@type":"ListItem","position":1,"name":"Home","item":"https:\/\/elsuperbeasto.com\/hr\/"},{"@type":"ListItem","position":2,"name":"Najbolje aplikacije za pronala\u017eenje ljubavi"}]}]}},"_links":{"self":[{"href":"http:\/\/elsuperbeasto.com\/hr\/wp-json\/wp\/v2\/pages\/349"}],"collection":[{"href":"http:\/\/elsuperbeasto.com\/hr\/wp-json\/wp\/v2\/pages"}],"about":[{"href":"http:\/\/elsuperbeasto.com\/hr\/wp-json\/wp\/v2\/types\/page"}],"author":[{"embeddable":true,"href":"http:\/\/elsuperbeasto.com\/hr\/wp-json\/wp\/v2\/users\/1"}],"replies":[{"embeddable":true,"href":"http:\/\/elsuperbeasto.com\/hr\/wp-json\/wp\/v2\/comments?post=349"}],"version-history":[{"count":0,"href":"http:\/\/elsuperbeasto.com\/hr\/wp-json\/wp\/v2\/pages\/349\/revisions"}],"wp:featuredmedia":[{"embeddable":true,"href":"http:\/\/elsuperbeasto.com\/hr\/wp-json\/wp\/v2\/media\/139"}],"wp:attachment":[{"href":"http:\/\/elsuperbeasto.com\/hr\/wp-json\/wp\/v2\/media?parent=349"}],"curies":[{"name":"wp","href":"https:\/\/api.w.org\/{rel}","templated":true}]}}