{"id":326,"date":"2022-08-18T13:22:34","date_gmt":"2022-08-18T12:22:34","guid":{"rendered":"http:\/\/elsuperbeasto.com\/kako-izlaziti-s-lokalnim-zenama\/"},"modified":"2022-08-18T13:22:34","modified_gmt":"2022-08-18T12:22:34","slug":"kako-izlaziti-s-lokalnim-zenama","status":"publish","type":"page","link":"http:\/\/elsuperbeasto.com\/hr\/kako-izlaziti-s-lokalnim-zenama\/","title":{"rendered":"Kako izlaziti s lokalnim \u017eenama"},"content":{"rendered":"<p>Jeste li umorni od hodanja s djevojkama iz daleka? \u017delite li prona\u0107i djevojku bli\u017ee ku\u0107i?<\/p>\n<p>U ovom \u0107emo \u010dlanku pokriti 3 savjeta koji \u0107e vam pomo\u0107i da prona\u0111ete lokalnu djevojku za upoznavanje.<\/p>\n<h2>Prona\u0111ite lokalne \u017eene na mre\u017ei<\/h2>\n<p>Prvo stvari. Ako \u017eelite prona\u0107i lokalnu \u017eenu za upoznavanje, prvo je morate prona\u0107i na mre\u017ei. Postoji mno\u0161tvo web stranica koje vam omogu\u0107uju pretra\u017eivanje neudanih \u017eena na temelju lokacije. Ove web stranice uklju\u010duju Match.com, eHarmony, PlentyofFish, OkCupid, Zoosk i druge.<\/p>\n<p>Online upoznavanje postalo je iznimno popularno u posljednje vrijeme. Omogu\u0107uje vam povezivanje s tisu\u0107ama potencijalnih \u0161ibica bez napu\u0161tanja ku\u0107e. Zato ne propustite ovu priliku da prona\u0111ete lokalnu \u017eenu.<\/p>\n<h2>Upoznajte se s prijateljima koji \u017eive u blizini<\/h2>\n<p>Ovaj savjet najbolje funkcionira za one koji \u017eive u velikim gradovima. Me\u0111utim, ako \u017eivite negdje manje, mo\u017eda \u0107ete i dalje mo\u0107i prona\u0107i lokalnu djevojku za spoj. Upoznajte se s prijateljima koji \u017eive u blizini. To vam daje izgovor da se dru\u017eite i razgovarate o svojim interesima.<\/p>\n<p>Lak\u0161e je <a href=\"http:\/\/elsuperbeasto.com\/hr\/najbolje-aplikacije-za-pronalazenje-ljubavi\/\">zapo\u010deti razgovore<\/a> kada se dru\u017eite s prijateljima. Osim toga, vjerojatno \u0107ete naletjeti i na neke slatke momke!<\/p>\n<h2>Pridru\u017eite se grupama koje vas zanimaju<\/h2>\n<p>Pridru\u017eite se grupama koje vas zanimaju. Na primjer, pridru\u017eite se sportskoj grupi, knji\u017enom klubu ili bilo kojoj drugoj grupi koja vas zanima. Kada se pridru\u017eite ovim vrstama grupa, bit \u0107ete izlo\u017eeni gomili zanimljivih ljudi. A budu\u0107i da je ve\u0107ina ovih skupina usredoto\u010dena na ne\u0161to do \u010dega vam je stalo, osje\u0107at \u0107ete se ugodnije razgovarati s njima od slu\u010dajnih stranaca.<\/p>\n<p>Osim toga, pridru\u017eivanje tim grupama pru\u017eit \u0107e vam priliku da vje\u017ebate svoje konverzacijske vje\u0161tine. Nau\u010dit \u0107ete postavljati pitanja, bolje slu\u0161ati i govoriti samouvjereno.<\/p>\n<h2>Faq<\/h2>\n<p>Slijede\u0107i ova <a href=\"http:\/\/elsuperbeasto.com\/hr\/4-savjeta-kako-ostati-siguran-uz-online-upoznavanje\/\">tri savjeta<\/a>, mo\u0107i \u0107ete prona\u0107i djevojku za izlaske prije nego kasnije.<\/p>\n<h3>\u0160to u izlascima zna\u010di nijedna vezana \u017eica?<\/h3>\n<p>Nema obaveza u prilogu zna\u010di da ne morate brinuti o preuzimanju dugoro\u010dnih obveza. Ako \u017eelite izlaziti s nekim iz zabave, onda samo naprijed! Me\u0111utim, ako \u017eelite ozbiljno izlaziti s nekim, onda biste trebali biti spremni obvezati se. Ako \u017eelite izbje\u0107i ulazak u vezu u kojoj se obje strane osje\u0107aju obveznima zauvijek biti zajedno, poku\u0161ajte izlaziti s nekim tko nema o\u010dekivanja koliko dugo bi trebali ostati zajedno. Na taj na\u010din ne morate brinuti o prekidu kada stvari vi\u0161e ne funkcioniraju.<\/p>\n<h3>Ne mogu li se nikakve \u017eice u prilogu pretvoriti u ljubav?<\/h3>\n<p>Da, mogu\u0107e je da se nijedna \u017eica ne pretvori u ljubav. Me\u0111utim, potrebno je malo truda obiju strana. Prvi korak je biti iskren o tome \u0161to \u017eelite. Ako ne znate \u0161to \u017eelite, onda ne\u0107ete saznati dok ne poku\u0161ate. Jednom kada shvatite \u0161to \u017eelite, morate komunicirati jasno i iskreno jedni s drugima. Kona\u010dno, morate se izlo\u017eiti i dati drugima do znanja kako se osje\u0107ate.<\/p>\n<h3>\u0160to je NSA avantura?<\/h3>\n<p>NSA avantura je kada se netko seksa s drugom osobom s kojom ne \u017eeli biti intiman. To se obi\u010dno doga\u0111a izme\u0111u dvoje ljudi koji se dobro poznaju, poput suradnika, \u010dlanova obitelji ili bliskih prijatelja. Izraz je prvi put kori\u0161ten 1970-ih, a odnosi se na Nacionalnu sigurnosnu agenciju.<\/p>\n","protected":false},"excerpt":{"rendered":"<p>Jeste li umorni od hodanja s djevojkama iz daleka? \u017delite li prona\u0107i djevojku bli\u017ee ku\u0107i? U ovom \u0107emo \u010dlanku pokriti 3 savjeta koji \u0107e vam pomo\u0107i da prona\u0111ete lokalnu djevojku za upoznavanje. Prona\u0111ite lokalne \u017eene na mre\u017ei Prvo stvari. Ako&hellip; <a href=\"http:\/\/elsuperbeasto.com\/hr\/kako-izlaziti-s-lokalnim-zenama\/\" class=\"more-link\">Continue Reading <span class=\"meta-nav\">&rarr;<\/span><\/a><\/p>\n","protected":false},"author":1,"featured_media":153,"parent":0,"menu_order":0,"comment_status":"closed","ping_status":"closed","template":"","meta":[],"yoast_head":"<!-- This site is optimized with the Yoast SEO plugin v17.7.1 - https:\/\/yoast.com\/wordpress\/plugins\/seo\/ -->\n<title>Kako izlaziti s lokalnim \u017eenama - Quick Hookup<\/title>\n<meta name=\"robots\" content=\"index, follow, max-snippet:-1, max-image-preview:large, max-video-preview:-1\" \/>\n<link rel=\"canonical\" href=\"http:\/\/elsuperbeasto.com\/hr\/kako-izlaziti-s-lokalnim-zenama\/\" \/>\n<meta property=\"og:locale\" content=\"hr_HR\" \/>\n<meta property=\"og:type\" content=\"article\" \/>\n<meta property=\"og:title\" content=\"Kako izlaziti s lokalnim \u017eenama - Quick Hookup\" \/>\n<meta property=\"og:description\" content=\"Jeste li umorni od hodanja s djevojkama iz daleka? \u017delite li prona\u0107i djevojku bli\u017ee ku\u0107i? U ovom \u0107emo \u010dlanku pokriti 3 savjeta koji \u0107e vam pomo\u0107i da prona\u0111ete lokalnu djevojku za upoznavanje. Prona\u0111ite lokalne \u017eene na mre\u017ei Prvo stvari. Ako&hellip; Continue Reading &rarr;\" \/>\n<meta property=\"og:url\" content=\"http:\/\/elsuperbeasto.com\/hr\/kako-izlaziti-s-lokalnim-zenama\/\" \/>\n<meta property=\"og:site_name\" content=\"Quick Hookup\" \/>\n<meta property=\"og:image\" content=\"http:\/\/elsuperbeasto.com\/wp-content\/uploads\/2022\/08\/sexy-time.jpeg\" \/>\n\t<meta property=\"og:image:width\" content=\"1001\" \/>\n\t<meta property=\"og:image:height\" content=\"1500\" \/>\n<meta name=\"twitter:card\" content=\"summary_large_image\" \/>\n<meta name=\"twitter:label1\" content=\"Procijenjeno vrijeme \u010ditanja\" \/>\n\t<meta name=\"twitter:data1\" content=\"3 minute\" \/>\n<script type=\"application\/ld+json\" class=\"yoast-schema-graph\">{\"@context\":\"https:\/\/schema.org\",\"@graph\":[{\"@type\":\"WebSite\",\"@id\":\"https:\/\/elsuperbeasto.com\/#website\",\"url\":\"https:\/\/elsuperbeasto.com\/\",\"name\":\"Quick Hookup\",\"description\":\"Your Guide To Love\",\"potentialAction\":[{\"@type\":\"SearchAction\",\"target\":{\"@type\":\"EntryPoint\",\"urlTemplate\":\"https:\/\/elsuperbeasto.com\/?s={search_term_string}\"},\"query-input\":\"required name=search_term_string\"}],\"inLanguage\":\"hr\"},{\"@type\":\"ImageObject\",\"@id\":\"http:\/\/elsuperbeasto.com\/hr\/kako-izlaziti-s-lokalnim-zenama\/#primaryimage\",\"inLanguage\":\"hr\",\"url\":\"http:\/\/elsuperbeasto.com\/wp-content\/uploads\/2022\/08\/sexy-time.jpeg\",\"contentUrl\":\"http:\/\/elsuperbeasto.com\/wp-content\/uploads\/2022\/08\/sexy-time.jpeg\",\"width\":1001,\"height\":1500},{\"@type\":\"WebPage\",\"@id\":\"http:\/\/elsuperbeasto.com\/hr\/kako-izlaziti-s-lokalnim-zenama\/#webpage\",\"url\":\"http:\/\/elsuperbeasto.com\/hr\/kako-izlaziti-s-lokalnim-zenama\/\",\"name\":\"Kako izlaziti s lokalnim \\u017eenama - Quick Hookup\",\"isPartOf\":{\"@id\":\"https:\/\/elsuperbeasto.com\/#website\"},\"primaryImageOfPage\":{\"@id\":\"http:\/\/elsuperbeasto.com\/hr\/kako-izlaziti-s-lokalnim-zenama\/#primaryimage\"},\"datePublished\":\"2022-08-18T12:22:34+00:00\",\"dateModified\":\"2022-08-18T12:22:34+00:00\",\"breadcrumb\":{\"@id\":\"http:\/\/elsuperbeasto.com\/hr\/kako-izlaziti-s-lokalnim-zenama\/#breadcrumb\"},\"inLanguage\":\"hr\",\"potentialAction\":[{\"@type\":\"ReadAction\",\"target\":[\"http:\/\/elsuperbeasto.com\/hr\/kako-izlaziti-s-lokalnim-zenama\/\"]}]},{\"@type\":\"BreadcrumbList\",\"@id\":\"http:\/\/elsuperbeasto.com\/hr\/kako-izlaziti-s-lokalnim-zenama\/#breadcrumb\",\"itemListElement\":[{\"@type\":\"ListItem\",\"position\":1,\"name\":\"Home\",\"item\":\"https:\/\/elsuperbeasto.com\/hr\/\"},{\"@type\":\"ListItem\",\"position\":2,\"name\":\"Kako izlaziti s lokalnim \\u017eenama\"}]}]}<\/script>\n<!-- \/ Yoast SEO plugin. -->","yoast_head_json":{"title":"Kako izlaziti s lokalnim \u017eenama - Quick Hookup","robots":{"index":"index","follow":"follow","max-snippet":"max-snippet:-1","max-image-preview":"max-image-preview:large","max-video-preview":"max-video-preview:-1"},"canonical":"http:\/\/elsuperbeasto.com\/hr\/kako-izlaziti-s-lokalnim-zenama\/","og_locale":"hr_HR","og_type":"article","og_title":"Kako izlaziti s lokalnim \u017eenama - Quick Hookup","og_description":"Jeste li umorni od hodanja s djevojkama iz daleka? \u017delite li prona\u0107i djevojku bli\u017ee ku\u0107i? U ovom \u0107emo \u010dlanku pokriti 3 savjeta koji \u0107e vam pomo\u0107i da prona\u0111ete lokalnu djevojku za upoznavanje. Prona\u0111ite lokalne \u017eene na mre\u017ei Prvo stvari. Ako&hellip; Continue Reading &rarr;","og_url":"http:\/\/elsuperbeasto.com\/hr\/kako-izlaziti-s-lokalnim-zenama\/","og_site_name":"Quick Hookup","og_image":[{"width":1001,"height":1500,"url":"http:\/\/elsuperbeasto.com\/wp-content\/uploads\/2022\/08\/sexy-time.jpeg","type":"image\/jpeg"}],"twitter_card":"summary_large_image","twitter_misc":{"Procijenjeno vrijeme \u010ditanja":"3 minute"},"schema":{"@context":"https:\/\/schema.org","@graph":[{"@type":"WebSite","@id":"https:\/\/elsuperbeasto.com\/#website","url":"https:\/\/elsuperbeasto.com\/","name":"Quick Hookup","description":"Your Guide To Love","potentialAction":[{"@type":"SearchAction","target":{"@type":"EntryPoint","urlTemplate":"https:\/\/elsuperbeasto.com\/?s={search_term_string}"},"query-input":"required name=search_term_string"}],"inLanguage":"hr"},{"@type":"ImageObject","@id":"http:\/\/elsuperbeasto.com\/hr\/kako-izlaziti-s-lokalnim-zenama\/#primaryimage","inLanguage":"hr","url":"http:\/\/elsuperbeasto.com\/wp-content\/uploads\/2022\/08\/sexy-time.jpeg","contentUrl":"http:\/\/elsuperbeasto.com\/wp-content\/uploads\/2022\/08\/sexy-time.jpeg","width":1001,"height":1500},{"@type":"WebPage","@id":"http:\/\/elsuperbeasto.com\/hr\/kako-izlaziti-s-lokalnim-zenama\/#webpage","url":"http:\/\/elsuperbeasto.com\/hr\/kako-izlaziti-s-lokalnim-zenama\/","name":"Kako izlaziti s lokalnim \u017eenama - Quick Hookup","isPartOf":{"@id":"https:\/\/elsuperbeasto.com\/#website"},"primaryImageOfPage":{"@id":"http:\/\/elsuperbeasto.com\/hr\/kako-izlaziti-s-lokalnim-zenama\/#primaryimage"},"datePublished":"2022-08-18T12:22:34+00:00","dateModified":"2022-08-18T12:22:34+00:00","breadcrumb":{"@id":"http:\/\/elsuperbeasto.com\/hr\/kako-izlaziti-s-lokalnim-zenama\/#breadcrumb"},"inLanguage":"hr","potentialAction":[{"@type":"ReadAction","target":["http:\/\/elsuperbeasto.com\/hr\/kako-izlaziti-s-lokalnim-zenama\/"]}]},{"@type":"BreadcrumbList","@id":"http:\/\/elsuperbeasto.com\/hr\/kako-izlaziti-s-lokalnim-zenama\/#breadcrumb","itemListElement":[{"@type":"ListItem","position":1,"name":"Home","item":"https:\/\/elsuperbeasto.com\/hr\/"},{"@type":"ListItem","position":2,"name":"Kako izlaziti s lokalnim \u017eenama"}]}]}},"_links":{"self":[{"href":"http:\/\/elsuperbeasto.com\/hr\/wp-json\/wp\/v2\/pages\/326"}],"collection":[{"href":"http:\/\/elsuperbeasto.com\/hr\/wp-json\/wp\/v2\/pages"}],"about":[{"href":"http:\/\/elsuperbeasto.com\/hr\/wp-json\/wp\/v2\/types\/page"}],"author":[{"embeddable":true,"href":"http:\/\/elsuperbeasto.com\/hr\/wp-json\/wp\/v2\/users\/1"}],"replies":[{"embeddable":true,"href":"http:\/\/elsuperbeasto.com\/hr\/wp-json\/wp\/v2\/comments?post=326"}],"version-history":[{"count":0,"href":"http:\/\/elsuperbeasto.com\/hr\/wp-json\/wp\/v2\/pages\/326\/revisions"}],"wp:featuredmedia":[{"embeddable":true,"href":"http:\/\/elsuperbeasto.com\/hr\/wp-json\/wp\/v2\/media\/153"}],"wp:attachment":[{"href":"http:\/\/elsuperbeasto.com\/hr\/wp-json\/wp\/v2\/media?parent=326"}],"curies":[{"name":"wp","href":"https:\/\/api.w.org\/{rel}","templated":true}]}}