{"id":290,"date":"2022-08-18T13:39:47","date_gmt":"2022-08-18T12:39:47","guid":{"rendered":"http:\/\/elsuperbeasto.com\/bakine-aplikacije-za-upoznavanje\/"},"modified":"2022-08-18T13:39:47","modified_gmt":"2022-08-18T12:39:47","slug":"bakine-aplikacije-za-upoznavanje","status":"publish","type":"page","link":"http:\/\/elsuperbeasto.com\/hr\/bakine-aplikacije-za-upoznavanje\/","title":{"rendered":"Bakine aplikacije za upoznavanje"},"content":{"rendered":"<p>Bakine web stranice za upoznavanje nude starijim \u017eenama priliku da <a href=\"http:\/\/elsuperbeasto.com\/hr\/izlazis-sa-zrelom-milfom\/\">upoznaju mla\u0111e mu\u0161karce koji \u017eele izlaziti s njima<\/a>. Stranica postoji od 2006. godine, a trenutno ima gotovo milijun \u010dlanova iz cijelog svijeta. Nisu uklju\u010dene naknade, a korisnici mogu pregledavati profile na temelju dobi, lokacije, interesa i seksualnih preferencija.<\/p>\n<p>Ako \u017eelite jebati lokalne bakice, onda biste trebali oti\u0107i u njezin dom. Bit \u0107e jako uzbu\u0111ena kad te vidi pred svojim vratima. Zatim zatra\u017eite dozvolu za ulazak u njezinu ku\u0107u. Kad vam da odobrenje, onda biste je trebali po\u010deti ljubiti po cijelom licu, vratu, grudima i pi\u010dkama. Nakon toga, trebali biste polako umetnuti penis u njezinu vaginu dok ne ejakulirate u nju.<\/p>\n<h2>Match.com<\/h2>\n<p>Match.com je najve\u0107a web stranica za upoznavanje u Sjevernoj Americi. S vi\u0161e od 10 milijuna registriranih korisnika, Match.com nudi \u0161irok spektar usluga i resursa koji poma\u017eu korisnicima da prona\u0111u ljubav. Match.com omogu\u0107uje korisnicima tra\u017eenje potencijalnih podudaranja na temelju lokacije, zajedni\u010dkih interesa, hobija, zanimanja, vjere i obrazovanja. Korisnici tako\u0111er mogu postaviti preferencije u pogledu spola, etni\u010dke pripadnosti, statusa veze i seksualne orijentacije.<\/p>\n<p>Korisnici mogu pregledavati profile, slati migove, pregledavati fotografije i sudjelovati u chatovima u\u017eivo putem web kamere. \u010clanovi tako\u0111er mogu razmjenjivati e-po\u0161tu i izravne poruke, zakazivati virtualne sastanke i zatra\u017eiti telefonske pozive. Besplatno se mo\u017ee pridru\u017eiti i nudi robusnu mobilnu aplikaciju za ure\u0111aje iPhone, Android, BlackBerry, Windows Phone i iPad.<\/p>\n<h2>eHarmony<\/h2>\n<p>eHarmony je jo\u0161 jedna vode\u0107a zrela stranica za upoznavanje koja zadovoljava isklju\u010divo zrele odrasle osobe. Za razliku od tradicionalnih usluga provodad\u017eisanja, eHarmony korisnicima ne napla\u0107uje nikakve naknade. Umjesto toga, oslanja se isklju\u010divo na prihod od ogla\u0161avanja ostvaren pretplatama \u010dlanova. Tvrdi da koristi znanstveni sustav podudaranja za uparivanje korisnika na temelju \u010dimbenika kompatibilnosti kao \u0161to su osobine li\u010dnosti, vrijednosti i na\u010din \u017eivota. \u010clanovi mogu stvoriti profil koji opisuje njihove osobne atribute, lajkove, nesvi\u0111anja i navike. Zatim mogu koristiti naprednu tra\u017eilicu web stranice kako bi suzili potencijalne utakmice prema odre\u0111enim kriterijima. Nakon \u0161to korisnik prona\u0111e odgovaraju\u0107eg kandidata, mo\u017ee pokrenuti kontakt i po\u010deti razmjenjivati e-po\u0161tu i izravne poruke. Obje strane mogu birati ho\u0107e li nastaviti sa sastankom u \u010detiri oka.<\/p>\n<h2>Pof<\/h2>\n<p>PlentyofFish je besplatna internetska stranica za upoznavanje koja prvenstveno zadovoljava zrele odrasle osobe. Stranica je poznata po tome \u0161to je vrlo inkluzivna i prihva\u0107a razli\u010dite vrste ljudi. Za razliku od drugih zrelih web stranica za upoznavanje, Korisnici ne zahtijevaju pla\u0107anje pretplate. Umjesto toga, ostvaruje prihod ogla\u0161avanjem. Pru\u017ea nekoliko razli\u010ditih na\u010dina komunikacije, uklju\u010duju\u0107i e-po\u0161tu, razmjenu izravnih poruka, glasovni chat i video chat. Njegove mobilne aplikacije dostupne su za iOS\/Android.<\/p>\n<h2>OkCupid<\/h2>\n<p>OkCupid je besplatna internetska usluga upoznavanja koja se prvenstveno usredoto\u010duje na pronala\u017eenje kompatibilnih partnera za povremene spojeve. Stranica se mo\u017ee pohvaliti s vi\u0161e od 12 milijuna jedinstvenih posjetitelja mjese\u010dno i korisnicima olak\u0161ava pregledavanje tisu\u0107a profila i komunikaciju s drugima putem e-po\u0161te, tekstualnih poruka i video chata.<\/p>\n<p>Uz OkCupid korisnici mogu prenositi slike, pisati o sebi i opisivati \u0161to tra\u017ee kod partnera. Drugi korisnici mogu odgovoriti na njihove postove i vidjeti uklapaju li se u njihov idealan tip. Besplatno je pridru\u017eiti se i ne zahtijeva registraciju. Tako\u0111er nudi robusnu mobilnu aplikaciju koja radi na vi\u0161e platformi.<\/p>\n<h2>Pronala\u017eenje pume za vas<\/h2>\n<p>Pume i mla\u0111i de\u010dki u\u017eivaju na ovoj aplikaciji za upoznavanje. Aplikacija ima mnogo zna\u010dajki koje poma\u017eu korisnicima da se pove\u017eu. Na primjer, mo\u017eete vidjeti trenutke i postove svojih prijatelja. Tako\u0111er mo\u017eete slati poruke i dijeliti fotografije. A postoji i mnogo drugih opcija. Me\u0111utim, ve\u0107ina mu\u0161karaca na ovoj aplikaciji za upoznavanje starija je od vas.<\/p>\n<p>Trebali biste biti spremni sastati se sa svojim bakinim seksualnim partnerom u bilo kojem trenutku radi le\u017eerne zabave.<\/p>\n","protected":false},"excerpt":{"rendered":"<p>Bakine web stranice za upoznavanje nude starijim \u017eenama priliku da upoznaju mla\u0111e mu\u0161karce koji \u017eele izlaziti s njima. Stranica postoji od 2006. godine, a trenutno ima gotovo milijun \u010dlanova iz cijelog svijeta. Nisu uklju\u010dene naknade, a korisnici mogu pregledavati profile&hellip; <a href=\"http:\/\/elsuperbeasto.com\/hr\/bakine-aplikacije-za-upoznavanje\/\" class=\"more-link\">Continue Reading <span class=\"meta-nav\">&rarr;<\/span><\/a><\/p>\n","protected":false},"author":1,"featured_media":223,"parent":0,"menu_order":0,"comment_status":"closed","ping_status":"closed","template":"","meta":[],"yoast_head":"<!-- This site is optimized with the Yoast SEO plugin v17.7.1 - https:\/\/yoast.com\/wordpress\/plugins\/seo\/ -->\n<title>Bakine aplikacije za upoznavanje - Quick Hookup<\/title>\n<meta name=\"robots\" content=\"index, follow, max-snippet:-1, max-image-preview:large, max-video-preview:-1\" \/>\n<link rel=\"canonical\" href=\"http:\/\/elsuperbeasto.com\/hr\/bakine-aplikacije-za-upoznavanje\/\" \/>\n<meta property=\"og:locale\" content=\"hr_HR\" \/>\n<meta property=\"og:type\" content=\"article\" \/>\n<meta property=\"og:title\" content=\"Bakine aplikacije za upoznavanje - Quick Hookup\" \/>\n<meta property=\"og:description\" content=\"Bakine web stranice za upoznavanje nude starijim \u017eenama priliku da upoznaju mla\u0111e mu\u0161karce koji \u017eele izlaziti s njima. Stranica postoji od 2006. godine, a trenutno ima gotovo milijun \u010dlanova iz cijelog svijeta. Nisu uklju\u010dene naknade, a korisnici mogu pregledavati profile&hellip; Continue Reading &rarr;\" \/>\n<meta property=\"og:url\" content=\"http:\/\/elsuperbeasto.com\/hr\/bakine-aplikacije-za-upoznavanje\/\" \/>\n<meta property=\"og:site_name\" content=\"Quick Hookup\" \/>\n<meta name=\"twitter:card\" content=\"summary_large_image\" \/>\n<meta name=\"twitter:image\" content=\"http:\/\/elsuperbeasto.com\/wp-content\/uploads\/2022\/08\/find-sex-on-apps.webp\" \/>\n<meta name=\"twitter:label1\" content=\"Procijenjeno vrijeme \u010ditanja\" \/>\n\t<meta name=\"twitter:data1\" content=\"3 minute\" \/>\n<script type=\"application\/ld+json\" class=\"yoast-schema-graph\">{\"@context\":\"https:\/\/schema.org\",\"@graph\":[{\"@type\":\"WebSite\",\"@id\":\"https:\/\/elsuperbeasto.com\/#website\",\"url\":\"https:\/\/elsuperbeasto.com\/\",\"name\":\"Quick Hookup\",\"description\":\"Your Guide To Love\",\"potentialAction\":[{\"@type\":\"SearchAction\",\"target\":{\"@type\":\"EntryPoint\",\"urlTemplate\":\"https:\/\/elsuperbeasto.com\/?s={search_term_string}\"},\"query-input\":\"required name=search_term_string\"}],\"inLanguage\":\"hr\"},{\"@type\":\"ImageObject\",\"@id\":\"http:\/\/elsuperbeasto.com\/hr\/bakine-aplikacije-za-upoznavanje\/#primaryimage\",\"inLanguage\":\"hr\",\"url\":\"http:\/\/elsuperbeasto.com\/wp-content\/uploads\/2022\/08\/find-sex-on-apps.webp\",\"contentUrl\":\"http:\/\/elsuperbeasto.com\/wp-content\/uploads\/2022\/08\/find-sex-on-apps.webp\",\"width\":1125,\"height\":750},{\"@type\":\"WebPage\",\"@id\":\"http:\/\/elsuperbeasto.com\/hr\/bakine-aplikacije-za-upoznavanje\/#webpage\",\"url\":\"http:\/\/elsuperbeasto.com\/hr\/bakine-aplikacije-za-upoznavanje\/\",\"name\":\"Bakine aplikacije za upoznavanje - Quick Hookup\",\"isPartOf\":{\"@id\":\"https:\/\/elsuperbeasto.com\/#website\"},\"primaryImageOfPage\":{\"@id\":\"http:\/\/elsuperbeasto.com\/hr\/bakine-aplikacije-za-upoznavanje\/#primaryimage\"},\"datePublished\":\"2022-08-18T12:39:47+00:00\",\"dateModified\":\"2022-08-18T12:39:47+00:00\",\"breadcrumb\":{\"@id\":\"http:\/\/elsuperbeasto.com\/hr\/bakine-aplikacije-za-upoznavanje\/#breadcrumb\"},\"inLanguage\":\"hr\",\"potentialAction\":[{\"@type\":\"ReadAction\",\"target\":[\"http:\/\/elsuperbeasto.com\/hr\/bakine-aplikacije-za-upoznavanje\/\"]}]},{\"@type\":\"BreadcrumbList\",\"@id\":\"http:\/\/elsuperbeasto.com\/hr\/bakine-aplikacije-za-upoznavanje\/#breadcrumb\",\"itemListElement\":[{\"@type\":\"ListItem\",\"position\":1,\"name\":\"Home\",\"item\":\"https:\/\/elsuperbeasto.com\/hr\/\"},{\"@type\":\"ListItem\",\"position\":2,\"name\":\"Bakine aplikacije za upoznavanje\"}]}]}<\/script>\n<!-- \/ Yoast SEO plugin. -->","yoast_head_json":{"title":"Bakine aplikacije za upoznavanje - Quick Hookup","robots":{"index":"index","follow":"follow","max-snippet":"max-snippet:-1","max-image-preview":"max-image-preview:large","max-video-preview":"max-video-preview:-1"},"canonical":"http:\/\/elsuperbeasto.com\/hr\/bakine-aplikacije-za-upoznavanje\/","og_locale":"hr_HR","og_type":"article","og_title":"Bakine aplikacije za upoznavanje - Quick Hookup","og_description":"Bakine web stranice za upoznavanje nude starijim \u017eenama priliku da upoznaju mla\u0111e mu\u0161karce koji \u017eele izlaziti s njima. Stranica postoji od 2006. godine, a trenutno ima gotovo milijun \u010dlanova iz cijelog svijeta. Nisu uklju\u010dene naknade, a korisnici mogu pregledavati profile&hellip; Continue Reading &rarr;","og_url":"http:\/\/elsuperbeasto.com\/hr\/bakine-aplikacije-za-upoznavanje\/","og_site_name":"Quick Hookup","twitter_card":"summary_large_image","twitter_image":"http:\/\/elsuperbeasto.com\/wp-content\/uploads\/2022\/08\/find-sex-on-apps.webp","twitter_misc":{"Procijenjeno vrijeme \u010ditanja":"3 minute"},"schema":{"@context":"https:\/\/schema.org","@graph":[{"@type":"WebSite","@id":"https:\/\/elsuperbeasto.com\/#website","url":"https:\/\/elsuperbeasto.com\/","name":"Quick Hookup","description":"Your Guide To Love","potentialAction":[{"@type":"SearchAction","target":{"@type":"EntryPoint","urlTemplate":"https:\/\/elsuperbeasto.com\/?s={search_term_string}"},"query-input":"required name=search_term_string"}],"inLanguage":"hr"},{"@type":"ImageObject","@id":"http:\/\/elsuperbeasto.com\/hr\/bakine-aplikacije-za-upoznavanje\/#primaryimage","inLanguage":"hr","url":"http:\/\/elsuperbeasto.com\/wp-content\/uploads\/2022\/08\/find-sex-on-apps.webp","contentUrl":"http:\/\/elsuperbeasto.com\/wp-content\/uploads\/2022\/08\/find-sex-on-apps.webp","width":1125,"height":750},{"@type":"WebPage","@id":"http:\/\/elsuperbeasto.com\/hr\/bakine-aplikacije-za-upoznavanje\/#webpage","url":"http:\/\/elsuperbeasto.com\/hr\/bakine-aplikacije-za-upoznavanje\/","name":"Bakine aplikacije za upoznavanje - Quick Hookup","isPartOf":{"@id":"https:\/\/elsuperbeasto.com\/#website"},"primaryImageOfPage":{"@id":"http:\/\/elsuperbeasto.com\/hr\/bakine-aplikacije-za-upoznavanje\/#primaryimage"},"datePublished":"2022-08-18T12:39:47+00:00","dateModified":"2022-08-18T12:39:47+00:00","breadcrumb":{"@id":"http:\/\/elsuperbeasto.com\/hr\/bakine-aplikacije-za-upoznavanje\/#breadcrumb"},"inLanguage":"hr","potentialAction":[{"@type":"ReadAction","target":["http:\/\/elsuperbeasto.com\/hr\/bakine-aplikacije-za-upoznavanje\/"]}]},{"@type":"BreadcrumbList","@id":"http:\/\/elsuperbeasto.com\/hr\/bakine-aplikacije-za-upoznavanje\/#breadcrumb","itemListElement":[{"@type":"ListItem","position":1,"name":"Home","item":"https:\/\/elsuperbeasto.com\/hr\/"},{"@type":"ListItem","position":2,"name":"Bakine aplikacije za upoznavanje"}]}]}},"_links":{"self":[{"href":"http:\/\/elsuperbeasto.com\/hr\/wp-json\/wp\/v2\/pages\/290"}],"collection":[{"href":"http:\/\/elsuperbeasto.com\/hr\/wp-json\/wp\/v2\/pages"}],"about":[{"href":"http:\/\/elsuperbeasto.com\/hr\/wp-json\/wp\/v2\/types\/page"}],"author":[{"embeddable":true,"href":"http:\/\/elsuperbeasto.com\/hr\/wp-json\/wp\/v2\/users\/1"}],"replies":[{"embeddable":true,"href":"http:\/\/elsuperbeasto.com\/hr\/wp-json\/wp\/v2\/comments?post=290"}],"version-history":[{"count":0,"href":"http:\/\/elsuperbeasto.com\/hr\/wp-json\/wp\/v2\/pages\/290\/revisions"}],"wp:featuredmedia":[{"embeddable":true,"href":"http:\/\/elsuperbeasto.com\/hr\/wp-json\/wp\/v2\/media\/223"}],"wp:attachment":[{"href":"http:\/\/elsuperbeasto.com\/hr\/wp-json\/wp\/v2\/media?parent=290"}],"curies":[{"name":"wp","href":"https:\/\/api.w.org\/{rel}","templated":true}]}}