{"id":288,"date":"2022-08-18T13:39:07","date_gmt":"2022-08-18T12:39:07","guid":{"rendered":"http:\/\/elsuperbeasto.com\/izlazis-sa-zrelom-milfom\/"},"modified":"2022-08-18T13:39:07","modified_gmt":"2022-08-18T12:39:07","slug":"izlazis-sa-zrelom-milfom","status":"publish","type":"page","link":"http:\/\/elsuperbeasto.com\/hr\/izlazis-sa-zrelom-milfom\/","title":{"rendered":"Izlazi\u0161 sa zrelom Milfom?"},"content":{"rendered":"<p>Zreli samci tra\u017ee ljubav i romantiku. Ako ih \u017eelite prona\u0107i, onda morate biti strpljivi i \u010dekati dok ne do\u0111u k vama. Najbolji na\u010din za upoznavanje zrelih samaca je putem web stranica za upoznavanje poput Match.com, eHarmony, OkCupid itd. Postoji nekoliko mjesta na kojima mo\u017eete prona\u0107i starije \u017eene koje tra\u017ee seks. Najbolje mjesto za po\u010detak je Craigslist.com. Ova web stranica ima tisu\u0107e oglasa koji se svakodnevno objavljuju iz cijelog svijeta. Jo\u0161 jedna izvrsna opcija je Backpage.com. Ova stranica tako\u0111er ima milijune oglasa za pratnju i usluge za odrasle.<\/p>\n<p>O\u010dekuje se da \u0107e ova statistika nastaviti rasti kako zrelije odrasle osobe postaju ugodne s tehnologijom i osje\u0107aju se samouvjereno izra\u017eavaju\u0107i se na mre\u017ei. Kao rezultat toga, na internetu su dostupne mnoge zrele web stranice za upoznavanje. Ove web stranice omogu\u0107uju zrelim odraslim osobama da se sastanu i komuniciraju s drugim \u010dlanovima na temelju zajedni\u010dkih interesa. Osim upoznavanja novih ljudi, ove web stranice tako\u0111er korisnicima omogu\u0107uju pristup ekskluzivnom sadr\u017eaju i alatima dizajniranim za pobolj\u0161anje komunikacije i dovo\u0111enje do trajnih odnosa. Iako se zrele web stranice za upoznavanje uvelike razlikuju u smislu \u010dlanarina, korisni\u010dkog su\u010delja i ukupne kvalitete, slijede neke od najboljih zrelih web stranica za upoznavanje koje su trenutno dostupne na webu.<\/p>\n<h2>Na\u0161i najbolji odabiri:<\/h2>\n<p>Postoji <a href=\"http:\/\/elsuperbeasto.com\/hr\/kako-funkcioniraju-nsa-veze\/\">nekoliko web stranica<\/a> koje nude web stranice za upoznavanje starijih osoba, kao \u0161to su Senior Matchmaker, Senior People Meet i SeniorsMeet. Ove web stranice omogu\u0107uju korisnicima da tra\u017ee druge \u010dlanove na temelju dobi, lokacije, interesa i hobija.<\/p>\n<p>Me\u0111utim, \u017eelimo vam dati neke alternative popularnim izborima.<\/p>\n<h3>YourTango<\/h3>\n<p>YourTango je besplatna internetska platforma za upoznavanje koja zadovoljava prvenstveno mlade odrasle osobe. To zna\u010di da je YourTango usmjeren na povezivanje samaca u 20-ima i ranim 30-ima.<\/p>\n<p>Sli\u010dno je drugim zrelim web lokacijama za upoznavanje odraslih po tome \u0161to za registraciju nije potrebna pla\u0107ena pretplata. Me\u0111utim, ima mali izbor premium zna\u010dajki koje ko\u0161taju 9.99 USD mjese\u010dno. Glavni fokus je na stvaranju dugotrajnih veza izme\u0111u korisnika. Da bi to u\u010dinio, pru\u017ea vrlo interaktivno iskustvo u kojem se korisnici mogu slobodno izraziti.<\/p>\n<p>Korisnici mogu objavljivati \u010dlanke, videozapise i slike na svojim stranicama profila. Tako\u0111er mogu ostaviti komentare na objave drugih \u010dlanova. Dostupno i za iOS i za Android ure\u0111aje.<\/p>\n<h3>Zoosk<\/h3>\n<p>Zoosk je besplatna internetska stranica za upoznavanje koja prvenstveno zadovoljava pojedina\u010dne profesionalce. To zna\u010di da je Zoosk usmjeren prema zrelim odraslim osobama koje \u017eele izlaziti unutar vlastite industrije. Sli\u010dan je drugim zrelim stranicama za upoznavanje po tome \u0161to ne zahtijeva pla\u0107anje za registraciju. Me\u0111utim, za razliku od drugih zrelih web stranica za upoznavanje, Zoosk napla\u0107uje mjese\u010dnu naknadu za premium ra\u010dune. Osnovni ra\u010dun uklju\u010duje neograni\u010dene mogu\u0107nosti razmjene poruka i pregledavanja. Premium \u010dlanstva uklju\u010duju pristup dodatnim zna\u010dajkama kao \u0161to su pobolj\u0161ane mogu\u0107nosti pretra\u017eivanja i gledanja.<\/p>\n<h3>ChristianMingle<\/h3>\n<p>ChristianMingle je premijerno zrelo mjesto za upoznavanje koje se katalizira isklju\u010divo kr\u0161\u0107anima. Iako se to na prvi pogled mo\u017ee \u010diniti ograni\u010davaju\u0107im, ova aplikacija zapravo poti\u010de korisnike da pro\u0161ire svoje horizonte izvan svojih vjerskih uvjerenja. Potpuno je besplatan za pridru\u017eivanje i pru\u017ea korisnicima sveobuhvatan popis zna\u010dajki. Na primjer, korisnici mogu \u010ditati detaljne biose, pregledavati fotografije, dodavati favorite i ocjenjivati \u010dlanove.<\/p>\n<p>Tako\u0111er mogu postavljati pitanja i tra\u017eiti savjet od drugih \u010dlanova. Osim toga, nudi privatnu zna\u010dajku za razmjenu poruka koja korisnicima omogu\u0107uje privatnu raspravu o temama bez straha da \u0107e im se suditi. Mo\u017eete isprobati ponude premium pretplate koja uklju\u010duje pristup ekskluzivnom sadr\u017eaju i zna\u010dajkama.<\/p>\n<h3>Odgovarati<\/h3>\n<p>Iako je Match.com najstarije zrelo mjesto za upoznavanje na tr\u017ei\u0161tu, i dalje je jedno od najpopularnijih. Ova stranica osnovana je 1995. godine i sada ima preko 11 milijuna aktivnih \u010dlanova \u0161irom svijeta.<\/p>\n<p>Smatra se jednom od najboljih zrelih stranica za upoznavanje jer korisnicima pru\u017ea \u0161iroku paletu zna\u010dajki i usluga. Na primjer, korisnici mogu tra\u017eiti potencijalne utakmice na temelju dobi, spola, na\u010dina \u017eivota, karijere, vjere i etni\u010dke pripadnosti. Osim toga, \u010dlanovima nudi mogu\u0107nost dijeljenja fotografija i videozapisa, primanja personaliziranih preporuka i povezivanja putem dru\u0161tvenih mre\u017ea.<\/p>\n<h2>Zaklju\u010dak<\/h2>\n<p>Ne provodite vrijeme tra\u017ee\u0107i MILF-ove osim ako niste spremni dati im sve \u0161to \u017eele. Uvijek postoji netko drugi tko ih \u017eeli tretirati kao seksualne bo\u017eice koje stvarno jesu.<\/p>\n","protected":false},"excerpt":{"rendered":"<p>Zreli samci tra\u017ee ljubav i romantiku. Ako ih \u017eelite prona\u0107i, onda morate biti strpljivi i \u010dekati dok ne do\u0111u k vama. Najbolji na\u010din za upoznavanje zrelih samaca je putem web stranica za upoznavanje poput Match.com, eHarmony, OkCupid itd. Postoji nekoliko&hellip; <a href=\"http:\/\/elsuperbeasto.com\/hr\/izlazis-sa-zrelom-milfom\/\" class=\"more-link\">Continue Reading <span class=\"meta-nav\">&rarr;<\/span><\/a><\/p>\n","protected":false},"author":1,"featured_media":195,"parent":0,"menu_order":0,"comment_status":"closed","ping_status":"closed","template":"","meta":[],"yoast_head":"<!-- This site is optimized with the Yoast SEO plugin v17.7.1 - https:\/\/yoast.com\/wordpress\/plugins\/seo\/ -->\n<title>Izlazi\u0161 sa zrelom Milfom? - Quick Hookup<\/title>\n<meta name=\"robots\" content=\"index, follow, max-snippet:-1, max-image-preview:large, max-video-preview:-1\" \/>\n<link rel=\"canonical\" href=\"http:\/\/elsuperbeasto.com\/hr\/izlazis-sa-zrelom-milfom\/\" \/>\n<meta property=\"og:locale\" content=\"hr_HR\" \/>\n<meta property=\"og:type\" content=\"article\" \/>\n<meta property=\"og:title\" content=\"Izlazi\u0161 sa zrelom Milfom? - Quick Hookup\" \/>\n<meta property=\"og:description\" content=\"Zreli samci tra\u017ee ljubav i romantiku. Ako ih \u017eelite prona\u0107i, onda morate biti strpljivi i \u010dekati dok ne do\u0111u k vama. Najbolji na\u010din za upoznavanje zrelih samaca je putem web stranica za upoznavanje poput Match.com, eHarmony, OkCupid itd. Postoji nekoliko&hellip; Continue Reading &rarr;\" \/>\n<meta property=\"og:url\" content=\"http:\/\/elsuperbeasto.com\/hr\/izlazis-sa-zrelom-milfom\/\" \/>\n<meta property=\"og:site_name\" content=\"Quick Hookup\" \/>\n<meta property=\"og:image\" content=\"http:\/\/elsuperbeasto.com\/wp-content\/uploads\/2022\/08\/be-mine.jpeg\" \/>\n\t<meta property=\"og:image:width\" content=\"2250\" \/>\n\t<meta property=\"og:image:height\" content=\"1500\" \/>\n<meta name=\"twitter:card\" content=\"summary_large_image\" \/>\n<meta name=\"twitter:label1\" content=\"Procijenjeno vrijeme \u010ditanja\" \/>\n\t<meta name=\"twitter:data1\" content=\"4 minute\" \/>\n<script type=\"application\/ld+json\" class=\"yoast-schema-graph\">{\"@context\":\"https:\/\/schema.org\",\"@graph\":[{\"@type\":\"WebSite\",\"@id\":\"https:\/\/elsuperbeasto.com\/#website\",\"url\":\"https:\/\/elsuperbeasto.com\/\",\"name\":\"Quick Hookup\",\"description\":\"Your Guide To Love\",\"potentialAction\":[{\"@type\":\"SearchAction\",\"target\":{\"@type\":\"EntryPoint\",\"urlTemplate\":\"https:\/\/elsuperbeasto.com\/?s={search_term_string}\"},\"query-input\":\"required name=search_term_string\"}],\"inLanguage\":\"hr\"},{\"@type\":\"ImageObject\",\"@id\":\"http:\/\/elsuperbeasto.com\/hr\/izlazis-sa-zrelom-milfom\/#primaryimage\",\"inLanguage\":\"hr\",\"url\":\"http:\/\/elsuperbeasto.com\/wp-content\/uploads\/2022\/08\/be-mine.jpeg\",\"contentUrl\":\"http:\/\/elsuperbeasto.com\/wp-content\/uploads\/2022\/08\/be-mine.jpeg\",\"width\":2250,\"height\":1500},{\"@type\":\"WebPage\",\"@id\":\"http:\/\/elsuperbeasto.com\/hr\/izlazis-sa-zrelom-milfom\/#webpage\",\"url\":\"http:\/\/elsuperbeasto.com\/hr\/izlazis-sa-zrelom-milfom\/\",\"name\":\"Izlazi\\u0161 sa zrelom Milfom? - Quick Hookup\",\"isPartOf\":{\"@id\":\"https:\/\/elsuperbeasto.com\/#website\"},\"primaryImageOfPage\":{\"@id\":\"http:\/\/elsuperbeasto.com\/hr\/izlazis-sa-zrelom-milfom\/#primaryimage\"},\"datePublished\":\"2022-08-18T12:39:07+00:00\",\"dateModified\":\"2022-08-18T12:39:07+00:00\",\"breadcrumb\":{\"@id\":\"http:\/\/elsuperbeasto.com\/hr\/izlazis-sa-zrelom-milfom\/#breadcrumb\"},\"inLanguage\":\"hr\",\"potentialAction\":[{\"@type\":\"ReadAction\",\"target\":[\"http:\/\/elsuperbeasto.com\/hr\/izlazis-sa-zrelom-milfom\/\"]}]},{\"@type\":\"BreadcrumbList\",\"@id\":\"http:\/\/elsuperbeasto.com\/hr\/izlazis-sa-zrelom-milfom\/#breadcrumb\",\"itemListElement\":[{\"@type\":\"ListItem\",\"position\":1,\"name\":\"Home\",\"item\":\"https:\/\/elsuperbeasto.com\/hr\/\"},{\"@type\":\"ListItem\",\"position\":2,\"name\":\"Izlazi\\u0161 sa zrelom Milfom?\"}]}]}<\/script>\n<!-- \/ Yoast SEO plugin. -->","yoast_head_json":{"title":"Izlazi\u0161 sa zrelom Milfom? - Quick Hookup","robots":{"index":"index","follow":"follow","max-snippet":"max-snippet:-1","max-image-preview":"max-image-preview:large","max-video-preview":"max-video-preview:-1"},"canonical":"http:\/\/elsuperbeasto.com\/hr\/izlazis-sa-zrelom-milfom\/","og_locale":"hr_HR","og_type":"article","og_title":"Izlazi\u0161 sa zrelom Milfom? - Quick Hookup","og_description":"Zreli samci tra\u017ee ljubav i romantiku. Ako ih \u017eelite prona\u0107i, onda morate biti strpljivi i \u010dekati dok ne do\u0111u k vama. Najbolji na\u010din za upoznavanje zrelih samaca je putem web stranica za upoznavanje poput Match.com, eHarmony, OkCupid itd. Postoji nekoliko&hellip; Continue Reading &rarr;","og_url":"http:\/\/elsuperbeasto.com\/hr\/izlazis-sa-zrelom-milfom\/","og_site_name":"Quick Hookup","og_image":[{"width":2250,"height":1500,"url":"http:\/\/elsuperbeasto.com\/wp-content\/uploads\/2022\/08\/be-mine.jpeg","type":"image\/jpeg"}],"twitter_card":"summary_large_image","twitter_misc":{"Procijenjeno vrijeme \u010ditanja":"4 minute"},"schema":{"@context":"https:\/\/schema.org","@graph":[{"@type":"WebSite","@id":"https:\/\/elsuperbeasto.com\/#website","url":"https:\/\/elsuperbeasto.com\/","name":"Quick Hookup","description":"Your Guide To Love","potentialAction":[{"@type":"SearchAction","target":{"@type":"EntryPoint","urlTemplate":"https:\/\/elsuperbeasto.com\/?s={search_term_string}"},"query-input":"required name=search_term_string"}],"inLanguage":"hr"},{"@type":"ImageObject","@id":"http:\/\/elsuperbeasto.com\/hr\/izlazis-sa-zrelom-milfom\/#primaryimage","inLanguage":"hr","url":"http:\/\/elsuperbeasto.com\/wp-content\/uploads\/2022\/08\/be-mine.jpeg","contentUrl":"http:\/\/elsuperbeasto.com\/wp-content\/uploads\/2022\/08\/be-mine.jpeg","width":2250,"height":1500},{"@type":"WebPage","@id":"http:\/\/elsuperbeasto.com\/hr\/izlazis-sa-zrelom-milfom\/#webpage","url":"http:\/\/elsuperbeasto.com\/hr\/izlazis-sa-zrelom-milfom\/","name":"Izlazi\u0161 sa zrelom Milfom? - Quick Hookup","isPartOf":{"@id":"https:\/\/elsuperbeasto.com\/#website"},"primaryImageOfPage":{"@id":"http:\/\/elsuperbeasto.com\/hr\/izlazis-sa-zrelom-milfom\/#primaryimage"},"datePublished":"2022-08-18T12:39:07+00:00","dateModified":"2022-08-18T12:39:07+00:00","breadcrumb":{"@id":"http:\/\/elsuperbeasto.com\/hr\/izlazis-sa-zrelom-milfom\/#breadcrumb"},"inLanguage":"hr","potentialAction":[{"@type":"ReadAction","target":["http:\/\/elsuperbeasto.com\/hr\/izlazis-sa-zrelom-milfom\/"]}]},{"@type":"BreadcrumbList","@id":"http:\/\/elsuperbeasto.com\/hr\/izlazis-sa-zrelom-milfom\/#breadcrumb","itemListElement":[{"@type":"ListItem","position":1,"name":"Home","item":"https:\/\/elsuperbeasto.com\/hr\/"},{"@type":"ListItem","position":2,"name":"Izlazi\u0161 sa zrelom Milfom?"}]}]}},"_links":{"self":[{"href":"http:\/\/elsuperbeasto.com\/hr\/wp-json\/wp\/v2\/pages\/288"}],"collection":[{"href":"http:\/\/elsuperbeasto.com\/hr\/wp-json\/wp\/v2\/pages"}],"about":[{"href":"http:\/\/elsuperbeasto.com\/hr\/wp-json\/wp\/v2\/types\/page"}],"author":[{"embeddable":true,"href":"http:\/\/elsuperbeasto.com\/hr\/wp-json\/wp\/v2\/users\/1"}],"replies":[{"embeddable":true,"href":"http:\/\/elsuperbeasto.com\/hr\/wp-json\/wp\/v2\/comments?post=288"}],"version-history":[{"count":0,"href":"http:\/\/elsuperbeasto.com\/hr\/wp-json\/wp\/v2\/pages\/288\/revisions"}],"wp:featuredmedia":[{"embeddable":true,"href":"http:\/\/elsuperbeasto.com\/hr\/wp-json\/wp\/v2\/media\/195"}],"wp:attachment":[{"href":"http:\/\/elsuperbeasto.com\/hr\/wp-json\/wp\/v2\/media?parent=288"}],"curies":[{"name":"wp","href":"https:\/\/api.w.org\/{rel}","templated":true}]}}