{"id":274,"date":"2022-08-18T13:44:21","date_gmt":"2022-08-18T12:44:21","guid":{"rendered":"http:\/\/elsuperbeasto.com\/koje-su-najbolje-aplikacije-za-sexting\/"},"modified":"2022-08-18T13:44:21","modified_gmt":"2022-08-18T12:44:21","slug":"koje-su-najbolje-aplikacije-za-sexting","status":"publish","type":"page","link":"http:\/\/elsuperbeasto.com\/hr\/koje-su-najbolje-aplikacije-za-sexting\/","title":{"rendered":"Koje su najbolje aplikacije za sexting?"},"content":{"rendered":"<p>Zna\u0161 \u0161to se doga\u0111a kad si napaljen. <a href=\"http:\/\/elsuperbeasto.com\/hr\/je-li-online-upoznavanje-sigurno\/\">Po\u0161aljete poruku partneru<\/a>, po\u0161aljete mu \/nju seksi fotografiju, mo\u017eda \u010dak i dogovorite datum. Ali ponekad stvari ne ispadnu ba\u0161 kako je planirano. Mo\u017eda ne reagira. Ili ona nije za to. I ostaje\u0161 da se pita\u0161 ho\u0107e\u0161 li ikada vi\u0161e vidjeti svog partnera.<\/p>\n<p>No, zahvaljuju\u0107i internetu, jo\u0161 uvijek se mo\u017eete spetljati s nekim drugim dok \u010dekate da vam se partner okrene. Postoji mno\u0161tvo besplatnih stranica za sexting na kojima mo\u017eete prona\u0107i ljude koji \u017eele prljavo razgovarati preko teksta. Ove web stranice olak\u0161avaju koketiranje s drugima bez brige da \u0107ete biti uhva\u0107eni. Tako\u0111er nude zna\u010dajke kao \u0161to su zujanje u\u017eivo, seks putem web kamere i telefonski seks. Sve \u0161to trebate je pametni telefon i veza.<\/p>\n<p>Neki dobro poznati izbori su:<\/p>\n<ol>\n<li>Kik &#8211; Kik je jedna od najstarijih platformi za upoznavanje na webu. Postoji od 2005. godine, a koriste ga milijuni ljudi \u0161irom svijeta. Dizajniran je posebno za tinejd\u017eere i mlade odrasle osobe, ali svatko ga mo\u017ee koristiti.<\/li>\n<li>Omegle &#8211; Ako nikada niste \u010duli za Omegle, to je vjerojatno zato \u0161to nije jako dobro poznato. Ova stranica omogu\u0107uje vam nasumi\u010dno povezivanje s drugom osobom. Mo\u017ee\u0161 razgovarati s kim god \u017eeli\u0161, bez obzira koliko imaju godina. Samo imajte na umu da ve\u0107ina ljudi nije zainteresirana za razgovor s nekim koga su upoznali na mre\u017ei.<\/li>\n<li>Chatroulette &#8211; Kao \u0161to ime sugerira, Chatroulette vam omogu\u0107uje da upoznate slu\u010dajne ljude i po\u010dnete razgovarati s njima. Sli\u010dno je i s Omegleom, osim \u0161to se umjesto povezivanja s ljudima koje ve\u0107 poznajete, povezujete s potpunim strancima.<\/li>\n<li>Scruff &#8211; Scruff se malo razlikuje od ostalih web lokacija za upoznavanje. Umjesto da vas podudara s potencijalnim datumima na temelju va\u0161ih preferencija, podudara se s vama na temelju va\u0161e lokacije. Dakle, ako ste u New Yorku i podudarate se s nekim u blizini, mo\u017eete organizirati zajedni\u010dko dru\u017eenje.<\/li>\n<\/ol>\n<h2>Na\u0161a omiljena aplikacija za sexting online: Confide<\/h2>\n<p>Ova besplatna aplikacija jednostavna je i jednostavna za upotrebu, \u0161to vam omogu\u0107uje privatno slanje fotografija putem teksta. Ne morate brinuti o slu\u010dajnom slanju ne\u010deg previ\u0161e burnog, jer ne postoje opcije za dijeljenje slika. Jedino \u0161to mo\u017eete u\u010diniti je izbrisati poruke. Ako \u017eelite da stvari budu lagane, isprobajte &#8220;koketni na\u010din rada&#8221;, gdje mo\u017eete dodati emotikone u svoje tekstove.<\/p>\n<h2>Za spajanje nakon sextinga? AFF je va\u0161 najbolji izbor<\/h2>\n<p>AdultFriendFinder, ili AFF, jedno je od najve\u0107ih besplatnih web mjesta za seksualni chat. Ako tra\u017eite mjesto za flert, izlazak ili \u010dak spajanje s nekim u blizini, svakako je vrijedno provjeriti.<\/p>\n<p>Postoji mno\u0161tvo razli\u010ditih na\u010dina komunikacije s drugima na web mjestu, uklju\u010duju\u0107i tekstualne poruke, slanje e-po\u0161te i razmjenu izravnih poruka. Zna\u010dajku web kamere mo\u017eete koristiti i za video chat s drugim \u010dlanovima.<\/p>\n<p>Tako\u0111er mo\u017eete odabrati prelazak u odre\u0111enu kategoriju i pregledavanje profila na temelju onoga \u0161to vas zanima. Bilo da \u017eelite upoznati nekoga na brzoj avanturi, samo da biste se dru\u017eili ili ne\u0161to sasvim drugo, AdultFriendFinder ima zajednicu za svakoga.<\/p>\n<h2>Na\u0161 savjet<\/h2>\n<p>Kao i sve drugo, sexting mo\u017ee dovesti do nevolje. Trebali biste slati aktove samo ljudima kojima vjerujete. To zna\u010di da aktove trebate slati samo putem tekstualne poruke ili e-po\u0161te. Nikada ne prenosite aktove na web stranicu ili dru\u0161tvenu mre\u017eu. Ne \u0161aljite aktove strancima ili ljudima koje osobno ne poznajete.<\/p>\n<p>Kada se prvi put po\u010dnete seksati, uobi\u010dajeno je osje\u0107ati se uzbu\u0111eno. Ali va\u017eno je rano postaviti granice. Na primjer, trebali biste re\u0107i svojim partnerima da ne\u0107ete slati aktove bez dopu\u0161tenja. To im daje do znanja da po\u0161tujete njihovu privatnost. Tako\u0111er, trebali biste obavijestiti svoje partnere da vas zanima samo sexting. Ne biste trebali o\u010dekivati da \u0107e va\u0161 partner slijediti svaki va\u0161 zahtjev.<\/p>\n<p>Zapamti, sexting nije igra. To je ozbiljno. I trebali biste ga tretirati kao takvog. Po\u010dnite se seksati odmah! U\u017eivat \u0107e\u0161 vi\u0161e nego ikad prije.<\/p>\n","protected":false},"excerpt":{"rendered":"<p>Zna\u0161 \u0161to se doga\u0111a kad si napaljen. Po\u0161aljete poruku partneru, po\u0161aljete mu \/nju seksi fotografiju, mo\u017eda \u010dak i dogovorite datum. Ali ponekad stvari ne ispadnu ba\u0161 kako je planirano. Mo\u017eda ne reagira. Ili ona nije za to. I ostaje\u0161 da&hellip; <a href=\"http:\/\/elsuperbeasto.com\/hr\/koje-su-najbolje-aplikacije-za-sexting\/\" class=\"more-link\">Continue Reading <span class=\"meta-nav\">&rarr;<\/span><\/a><\/p>\n","protected":false},"author":1,"featured_media":111,"parent":0,"menu_order":0,"comment_status":"closed","ping_status":"closed","template":"","meta":[],"yoast_head":"<!-- This site is optimized with the Yoast SEO plugin v17.7.1 - https:\/\/yoast.com\/wordpress\/plugins\/seo\/ -->\n<title>Koje su najbolje aplikacije za sexting? - Quick Hookup<\/title>\n<meta name=\"robots\" content=\"index, follow, max-snippet:-1, max-image-preview:large, max-video-preview:-1\" \/>\n<link rel=\"canonical\" href=\"http:\/\/elsuperbeasto.com\/hr\/koje-su-najbolje-aplikacije-za-sexting\/\" \/>\n<meta property=\"og:locale\" content=\"hr_HR\" \/>\n<meta property=\"og:type\" content=\"article\" \/>\n<meta property=\"og:title\" content=\"Koje su najbolje aplikacije za sexting? - Quick Hookup\" \/>\n<meta property=\"og:description\" content=\"Zna\u0161 \u0161to se doga\u0111a kad si napaljen. Po\u0161aljete poruku partneru, po\u0161aljete mu \/nju seksi fotografiju, mo\u017eda \u010dak i dogovorite datum. Ali ponekad stvari ne ispadnu ba\u0161 kako je planirano. Mo\u017eda ne reagira. Ili ona nije za to. I ostaje\u0161 da&hellip; Continue Reading &rarr;\" \/>\n<meta property=\"og:url\" content=\"http:\/\/elsuperbeasto.com\/hr\/koje-su-najbolje-aplikacije-za-sexting\/\" \/>\n<meta property=\"og:site_name\" content=\"Quick Hookup\" \/>\n<meta property=\"og:image\" content=\"https:\/\/elsuperbeasto.com\/wp-content\/uploads\/2022\/08\/online-dating-apps.jpeg\" \/>\n\t<meta property=\"og:image:width\" content=\"2256\" \/>\n\t<meta property=\"og:image:height\" content=\"1500\" \/>\n<meta name=\"twitter:card\" content=\"summary_large_image\" \/>\n<meta name=\"twitter:label1\" content=\"Procijenjeno vrijeme \u010ditanja\" \/>\n\t<meta name=\"twitter:data1\" content=\"3 minute\" \/>\n<script type=\"application\/ld+json\" class=\"yoast-schema-graph\">{\"@context\":\"https:\/\/schema.org\",\"@graph\":[{\"@type\":\"WebSite\",\"@id\":\"https:\/\/elsuperbeasto.com\/#website\",\"url\":\"https:\/\/elsuperbeasto.com\/\",\"name\":\"Quick Hookup\",\"description\":\"Your Guide To Love\",\"potentialAction\":[{\"@type\":\"SearchAction\",\"target\":{\"@type\":\"EntryPoint\",\"urlTemplate\":\"https:\/\/elsuperbeasto.com\/?s={search_term_string}\"},\"query-input\":\"required name=search_term_string\"}],\"inLanguage\":\"hr\"},{\"@type\":\"ImageObject\",\"@id\":\"http:\/\/elsuperbeasto.com\/hr\/koje-su-najbolje-aplikacije-za-sexting\/#primaryimage\",\"inLanguage\":\"hr\",\"url\":\"http:\/\/elsuperbeasto.com\/wp-content\/uploads\/2022\/08\/online-dating-apps.jpeg\",\"contentUrl\":\"http:\/\/elsuperbeasto.com\/wp-content\/uploads\/2022\/08\/online-dating-apps.jpeg\",\"width\":2256,\"height\":1500},{\"@type\":\"WebPage\",\"@id\":\"http:\/\/elsuperbeasto.com\/hr\/koje-su-najbolje-aplikacije-za-sexting\/#webpage\",\"url\":\"http:\/\/elsuperbeasto.com\/hr\/koje-su-najbolje-aplikacije-za-sexting\/\",\"name\":\"Koje su najbolje aplikacije za sexting? - Quick Hookup\",\"isPartOf\":{\"@id\":\"https:\/\/elsuperbeasto.com\/#website\"},\"primaryImageOfPage\":{\"@id\":\"http:\/\/elsuperbeasto.com\/hr\/koje-su-najbolje-aplikacije-za-sexting\/#primaryimage\"},\"datePublished\":\"2022-08-18T12:44:21+00:00\",\"dateModified\":\"2022-08-18T12:44:21+00:00\",\"breadcrumb\":{\"@id\":\"http:\/\/elsuperbeasto.com\/hr\/koje-su-najbolje-aplikacije-za-sexting\/#breadcrumb\"},\"inLanguage\":\"hr\",\"potentialAction\":[{\"@type\":\"ReadAction\",\"target\":[\"http:\/\/elsuperbeasto.com\/hr\/koje-su-najbolje-aplikacije-za-sexting\/\"]}]},{\"@type\":\"BreadcrumbList\",\"@id\":\"http:\/\/elsuperbeasto.com\/hr\/koje-su-najbolje-aplikacije-za-sexting\/#breadcrumb\",\"itemListElement\":[{\"@type\":\"ListItem\",\"position\":1,\"name\":\"Home\",\"item\":\"https:\/\/elsuperbeasto.com\/hr\/\"},{\"@type\":\"ListItem\",\"position\":2,\"name\":\"Koje su najbolje aplikacije za sexting?\"}]}]}<\/script>\n<!-- \/ Yoast SEO plugin. -->","yoast_head_json":{"title":"Koje su najbolje aplikacije za sexting? - Quick Hookup","robots":{"index":"index","follow":"follow","max-snippet":"max-snippet:-1","max-image-preview":"max-image-preview:large","max-video-preview":"max-video-preview:-1"},"canonical":"http:\/\/elsuperbeasto.com\/hr\/koje-su-najbolje-aplikacije-za-sexting\/","og_locale":"hr_HR","og_type":"article","og_title":"Koje su najbolje aplikacije za sexting? - Quick Hookup","og_description":"Zna\u0161 \u0161to se doga\u0111a kad si napaljen. Po\u0161aljete poruku partneru, po\u0161aljete mu \/nju seksi fotografiju, mo\u017eda \u010dak i dogovorite datum. Ali ponekad stvari ne ispadnu ba\u0161 kako je planirano. Mo\u017eda ne reagira. Ili ona nije za to. I ostaje\u0161 da&hellip; Continue Reading &rarr;","og_url":"http:\/\/elsuperbeasto.com\/hr\/koje-su-najbolje-aplikacije-za-sexting\/","og_site_name":"Quick Hookup","og_image":[{"width":2256,"height":1500,"url":"https:\/\/elsuperbeasto.com\/wp-content\/uploads\/2022\/08\/online-dating-apps.jpeg","type":"image\/jpeg"}],"twitter_card":"summary_large_image","twitter_misc":{"Procijenjeno vrijeme \u010ditanja":"3 minute"},"schema":{"@context":"https:\/\/schema.org","@graph":[{"@type":"WebSite","@id":"https:\/\/elsuperbeasto.com\/#website","url":"https:\/\/elsuperbeasto.com\/","name":"Quick Hookup","description":"Your Guide To Love","potentialAction":[{"@type":"SearchAction","target":{"@type":"EntryPoint","urlTemplate":"https:\/\/elsuperbeasto.com\/?s={search_term_string}"},"query-input":"required name=search_term_string"}],"inLanguage":"hr"},{"@type":"ImageObject","@id":"http:\/\/elsuperbeasto.com\/hr\/koje-su-najbolje-aplikacije-za-sexting\/#primaryimage","inLanguage":"hr","url":"http:\/\/elsuperbeasto.com\/wp-content\/uploads\/2022\/08\/online-dating-apps.jpeg","contentUrl":"http:\/\/elsuperbeasto.com\/wp-content\/uploads\/2022\/08\/online-dating-apps.jpeg","width":2256,"height":1500},{"@type":"WebPage","@id":"http:\/\/elsuperbeasto.com\/hr\/koje-su-najbolje-aplikacije-za-sexting\/#webpage","url":"http:\/\/elsuperbeasto.com\/hr\/koje-su-najbolje-aplikacije-za-sexting\/","name":"Koje su najbolje aplikacije za sexting? - Quick Hookup","isPartOf":{"@id":"https:\/\/elsuperbeasto.com\/#website"},"primaryImageOfPage":{"@id":"http:\/\/elsuperbeasto.com\/hr\/koje-su-najbolje-aplikacije-za-sexting\/#primaryimage"},"datePublished":"2022-08-18T12:44:21+00:00","dateModified":"2022-08-18T12:44:21+00:00","breadcrumb":{"@id":"http:\/\/elsuperbeasto.com\/hr\/koje-su-najbolje-aplikacije-za-sexting\/#breadcrumb"},"inLanguage":"hr","potentialAction":[{"@type":"ReadAction","target":["http:\/\/elsuperbeasto.com\/hr\/koje-su-najbolje-aplikacije-za-sexting\/"]}]},{"@type":"BreadcrumbList","@id":"http:\/\/elsuperbeasto.com\/hr\/koje-su-najbolje-aplikacije-za-sexting\/#breadcrumb","itemListElement":[{"@type":"ListItem","position":1,"name":"Home","item":"https:\/\/elsuperbeasto.com\/hr\/"},{"@type":"ListItem","position":2,"name":"Koje su najbolje aplikacije za sexting?"}]}]}},"_links":{"self":[{"href":"http:\/\/elsuperbeasto.com\/hr\/wp-json\/wp\/v2\/pages\/274"}],"collection":[{"href":"http:\/\/elsuperbeasto.com\/hr\/wp-json\/wp\/v2\/pages"}],"about":[{"href":"http:\/\/elsuperbeasto.com\/hr\/wp-json\/wp\/v2\/types\/page"}],"author":[{"embeddable":true,"href":"http:\/\/elsuperbeasto.com\/hr\/wp-json\/wp\/v2\/users\/1"}],"replies":[{"embeddable":true,"href":"http:\/\/elsuperbeasto.com\/hr\/wp-json\/wp\/v2\/comments?post=274"}],"version-history":[{"count":0,"href":"http:\/\/elsuperbeasto.com\/hr\/wp-json\/wp\/v2\/pages\/274\/revisions"}],"wp:featuredmedia":[{"embeddable":true,"href":"http:\/\/elsuperbeasto.com\/hr\/wp-json\/wp\/v2\/media\/111"}],"wp:attachment":[{"href":"http:\/\/elsuperbeasto.com\/hr\/wp-json\/wp\/v2\/media?parent=274"}],"curies":[{"name":"wp","href":"https:\/\/api.w.org\/{rel}","templated":true}]}}