{"id":260,"date":"2022-08-18T14:10:21","date_gmt":"2022-08-18T13:10:21","guid":{"rendered":"http:\/\/elsuperbeasto.com\/kako-funkcioniraju-nsa-veze\/"},"modified":"2022-08-18T14:10:21","modified_gmt":"2022-08-18T13:10:21","slug":"kako-funkcioniraju-nsa-veze","status":"publish","type":"page","link":"http:\/\/elsuperbeasto.com\/hr\/kako-funkcioniraju-nsa-veze\/","title":{"rendered":"Kako funkcioniraju NSA veze?"},"content":{"rendered":"<p>Mnogi se mu\u0161karci boje pri\u0107i \u017eenama jer misle da \u0107e zbog toga izgledati o\u010dajno ili jezivo. Ali nema razloga za brigu o tome da li ste nadmo\u0107ni ili agresivni &#8211; samo poku\u0161ajte tretirati svaku \u017eenu kao da je posebna. Ako \u017eeli\u0161 iza\u0107i sa \u017eenom koja se \u017eeli spetljati, ne mora\u0161 je uvjeravati da spava s tobom. Samo trebate prona\u0107i pravi na\u010din da to u\u010dinite.<\/p>\n<p>&nbsp;<\/p>\n<h2>\u0160to je s aplikacijama za upoznavanje?<\/h2>\n<p>Veze za jednu no\u0107 su zabavne i uzbudljive, <a href=\"http:\/\/elsuperbeasto.com\/hr\/kako-upoznati-obliznje-samce\/\">ali mo\u017ee biti te\u0161ko prona\u0107i aplikacije koje \u017eelite koristiti kako biste bili sigurni da \u0107e sve pro\u0107i glatko<\/a>. Postoji mnogo aplikacija koje tvrde da poma\u017eu ljudima u planiranju veza za jednu no\u0107, ali neke ne rade ba\u0161 najbolje, a druge su jednostavno dosadne. Sastavili smo popis na\u0161ih omiljenih aplikacija za veze za jednu no\u0107, uklju\u010duju\u0107i one koje vam omogu\u0107uju zakazivanje susreta, pronala\u017eenje obli\u017enjih veza, pa \u010dak i povezivanje s lokalnim samcima.<\/p>\n<p>Jeste li slobodni i umorni od hodanja s istim dosadnim de\u010dkima svaki vikend? Misli\u0161 li da zaslu\u017euje\u0161 vi\u0161e od neobaveznog seksa? Ako da, onda ste vjerojatno zainteresirani za susret sa \u017eenom za jednu no\u0107.<\/p>\n<p>Na mre\u017ei postoji mnogo web stranica koje nude usluge poput ovih. Me\u0111utim, ve\u0107ina ih je ili preskupa ili ne isporu\u010duje.<\/p>\n<p>Zato sam odlu\u010dio napisati \u010dlanak s popisom 10 najboljih mjesta kako bih prona\u0161ao veze za jednu no\u0107. Nadamo se da \u0107ete nakon \u010ditanja ovog \u010dlanka nau\u010diti kako lako i brzo prona\u0107i jedan no\u0107ni ormari\u0107.<\/p>\n<h3>Craigslist osobne osobe<\/h3>\n<p>Craigslist je jedno od najstarijih web mjesta na mre\u017ei. Iako se znatno promijenila od svog stvaranja, i dalje je popularna me\u0111u onima koji tra\u017ee veze za jednu no\u0107.<\/p>\n<p>Zapravo, Craigslist je jedan od najlak\u0161ih na\u010dina za pronala\u017eenje veze za jednu no\u0107 zbog svoje jednostavnosti. Sve \u0161to trebate u\u010diniti je potra\u017eiti oglase koji se odnose na &#8220;veze za jednu no\u0107&#8221;.<\/p>\n<p>Me\u0111utim, mo\u017eda \u0107ete morati platiti za svaki oglas. To ovisi o tome \u017eeli li vas osoba koja objavljuje oglas naplatiti ili ne.<\/p>\n<h3>Tra\u017eitelj odraslih prijatelja<\/h3>\n<p>AdultFriendFinder.com je jo\u0161 jedna web stranica koja nudi veze za jednu no\u0107. Iako vam ne dopu\u0161ta tra\u017eenje odre\u0111enih vrsta \u017eena, pru\u017ea nekoliko zna\u010dajki koje \u0107e vam pomo\u0107i da prona\u0111ete to\u010dno ono \u0161to tra\u017eite.<\/p>\n<p>Na primjer, rezultate mo\u017eete filtrirati na temelju lokacije, spola, dobi, etni\u010dke pripadnosti, statusa veze, seksualne orijentacije i jo\u0161 mnogo toga.<\/p>\n<p>Tako\u0111er je mogu\u0107e slati poruke potencijalnim podudaranjima putem e-po\u0161te, izravnih poruka, telefonskih poziva i video chata.<\/p>\n<h3>Ashley Madison<\/h3>\n<p>AshleyMadison.com je web mjesto za odrasle koje korisnicima omogu\u0107uje tra\u017eenje jedne no\u0107ne veze. U prosjeku, mu\u0161karci tro\u0161e 50 dolara mjese\u010dno na Ashley Madison. Iako web stranica nije osobito jednostavna za upotrebu, nudi \u0161iroku paletu zna\u010dajki. Na primjer, mo\u017eete pregledavati profile, pregledavati slike, \u010ditati recenzije, pa \u010dak i izravno kontaktirati \u010dlanove.<\/p>\n<p>Veze za jednu no\u0107 nikad nisu dobre za nikoga tko je umije\u0161an. Ako tra\u017eite ne\u0161to ozbiljno, onda to nemojte u\u010diniti. Ako \u017eelite da vas tretiraju kao kraljicu, onda se i prema drugima odnosite kao prema kraljicama. Nemojte spavati samo s nekim jer je vru\u0107e, osim ako ste spremni dati mu svu pa\u017enju koju zaslu\u017euju. Ashley Madison najbolja je aplikacija za upoznavanje za jednu no\u0107 jer korisnicima omogu\u0107uje pronala\u017eenje novih seksualnih partnera na temelju zajedni\u010dkih interesa. Aplikacija je preuzeta vi\u0161e od 200 milijuna puta \u0161irom svijeta, \u0161to je \u010dini najve\u0107om mobilnom aplikacijom za upoznavanje. Korisnici mogu pregledavati potencijalne podudarnosti na temelju dobi, lokacije, spola i drugih kriterija.<\/p>\n<h3>Koji je najbolji na\u010din da prona\u0111ete vezu za jednu no\u0107?<\/h3>\n<p>Najbolji na\u010din za pronala\u017eenje le\u017eernog spajanja je putem aplikacija poput AFF-a ili Ashley Madison, \u0161to korisnicima omogu\u0107uje prelazak prstom udesno za &#8220;da&#8221; ili lijevo za &#8220;ne&#8221;. Ako se nekome svidi ono \u0161to vidi, mo\u017ee poslati poruku u kojoj ga poziva na spoj. Povremeni seks \u010desto se opisuje kao da nema veze, \u0161to zna\u010di da se obje strane sla\u017eu da \u0107e se sastati u nekom trenutku u budu\u0107nosti.<\/p>\n<h3>Kako mogu prona\u0107i partnera za jednu no\u0107?<\/h3>\n<p>Ako \u017eelite upoznati nekoga na jednu no\u0107, poku\u0161ajte koristiti Bumble. Ova aplikacija omogu\u0107uje korisnicima da prije\u0111u prstom udesno ili ulijevo kako bi nazna\u010dili svi\u0111a li im se ili ne svi\u0111a druga osoba. Aplikacija tako\u0111er ima filtre lokacije koji korisnicima omogu\u0107uju pretra\u017eivanje drugih samaca u blizini.<\/p>\n","protected":false},"excerpt":{"rendered":"<p>Mnogi se mu\u0161karci boje pri\u0107i \u017eenama jer misle da \u0107e zbog toga izgledati o\u010dajno ili jezivo. Ali nema razloga za brigu o tome da li ste nadmo\u0107ni ili agresivni &#8211; samo poku\u0161ajte tretirati svaku \u017eenu kao da je posebna. Ako&hellip; <a href=\"http:\/\/elsuperbeasto.com\/hr\/kako-funkcioniraju-nsa-veze\/\" class=\"more-link\">Continue Reading <span class=\"meta-nav\">&rarr;<\/span><\/a><\/p>\n","protected":false},"author":1,"featured_media":181,"parent":0,"menu_order":0,"comment_status":"closed","ping_status":"closed","template":"","meta":[],"yoast_head":"<!-- This site is optimized with the Yoast SEO plugin v17.7.1 - https:\/\/yoast.com\/wordpress\/plugins\/seo\/ -->\n<title>Kako funkcioniraju NSA veze? - Quick Hookup<\/title>\n<meta name=\"robots\" content=\"index, follow, max-snippet:-1, max-image-preview:large, max-video-preview:-1\" \/>\n<link rel=\"canonical\" href=\"http:\/\/elsuperbeasto.com\/hr\/kako-funkcioniraju-nsa-veze\/\" \/>\n<meta property=\"og:locale\" content=\"hr_HR\" \/>\n<meta property=\"og:type\" content=\"article\" \/>\n<meta property=\"og:title\" content=\"Kako funkcioniraju NSA veze? - Quick Hookup\" \/>\n<meta property=\"og:description\" content=\"Mnogi se mu\u0161karci boje pri\u0107i \u017eenama jer misle da \u0107e zbog toga izgledati o\u010dajno ili jezivo. Ali nema razloga za brigu o tome da li ste nadmo\u0107ni ili agresivni &#8211; samo poku\u0161ajte tretirati svaku \u017eenu kao da je posebna. Ako&hellip; Continue Reading &rarr;\" \/>\n<meta property=\"og:url\" content=\"http:\/\/elsuperbeasto.com\/hr\/kako-funkcioniraju-nsa-veze\/\" \/>\n<meta property=\"og:site_name\" content=\"Quick Hookup\" \/>\n<meta property=\"og:image\" content=\"https:\/\/elsuperbeasto.com\/wp-content\/uploads\/2022\/08\/find-lov.jpeg\" \/>\n\t<meta property=\"og:image:width\" content=\"2398\" \/>\n\t<meta property=\"og:image:height\" content=\"1500\" \/>\n<meta name=\"twitter:card\" content=\"summary_large_image\" \/>\n<meta name=\"twitter:label1\" content=\"Procijenjeno vrijeme \u010ditanja\" \/>\n\t<meta name=\"twitter:data1\" content=\"4 minute\" \/>\n<script type=\"application\/ld+json\" class=\"yoast-schema-graph\">{\"@context\":\"https:\/\/schema.org\",\"@graph\":[{\"@type\":\"WebSite\",\"@id\":\"https:\/\/elsuperbeasto.com\/#website\",\"url\":\"https:\/\/elsuperbeasto.com\/\",\"name\":\"Quick Hookup\",\"description\":\"Your Guide To Love\",\"potentialAction\":[{\"@type\":\"SearchAction\",\"target\":{\"@type\":\"EntryPoint\",\"urlTemplate\":\"https:\/\/elsuperbeasto.com\/?s={search_term_string}\"},\"query-input\":\"required name=search_term_string\"}],\"inLanguage\":\"hr\"},{\"@type\":\"ImageObject\",\"@id\":\"http:\/\/elsuperbeasto.com\/hr\/kako-funkcioniraju-nsa-veze\/#primaryimage\",\"inLanguage\":\"hr\",\"url\":\"http:\/\/elsuperbeasto.com\/wp-content\/uploads\/2022\/08\/find-lov.jpeg\",\"contentUrl\":\"http:\/\/elsuperbeasto.com\/wp-content\/uploads\/2022\/08\/find-lov.jpeg\",\"width\":2398,\"height\":1500},{\"@type\":\"WebPage\",\"@id\":\"http:\/\/elsuperbeasto.com\/hr\/kako-funkcioniraju-nsa-veze\/#webpage\",\"url\":\"http:\/\/elsuperbeasto.com\/hr\/kako-funkcioniraju-nsa-veze\/\",\"name\":\"Kako funkcioniraju NSA veze? - Quick Hookup\",\"isPartOf\":{\"@id\":\"https:\/\/elsuperbeasto.com\/#website\"},\"primaryImageOfPage\":{\"@id\":\"http:\/\/elsuperbeasto.com\/hr\/kako-funkcioniraju-nsa-veze\/#primaryimage\"},\"datePublished\":\"2022-08-18T13:10:21+00:00\",\"dateModified\":\"2022-08-18T13:10:21+00:00\",\"breadcrumb\":{\"@id\":\"http:\/\/elsuperbeasto.com\/hr\/kako-funkcioniraju-nsa-veze\/#breadcrumb\"},\"inLanguage\":\"hr\",\"potentialAction\":[{\"@type\":\"ReadAction\",\"target\":[\"http:\/\/elsuperbeasto.com\/hr\/kako-funkcioniraju-nsa-veze\/\"]}]},{\"@type\":\"BreadcrumbList\",\"@id\":\"http:\/\/elsuperbeasto.com\/hr\/kako-funkcioniraju-nsa-veze\/#breadcrumb\",\"itemListElement\":[{\"@type\":\"ListItem\",\"position\":1,\"name\":\"Home\",\"item\":\"https:\/\/elsuperbeasto.com\/hr\/\"},{\"@type\":\"ListItem\",\"position\":2,\"name\":\"Kako funkcioniraju NSA veze?\"}]}]}<\/script>\n<!-- \/ Yoast SEO plugin. -->","yoast_head_json":{"title":"Kako funkcioniraju NSA veze? - Quick Hookup","robots":{"index":"index","follow":"follow","max-snippet":"max-snippet:-1","max-image-preview":"max-image-preview:large","max-video-preview":"max-video-preview:-1"},"canonical":"http:\/\/elsuperbeasto.com\/hr\/kako-funkcioniraju-nsa-veze\/","og_locale":"hr_HR","og_type":"article","og_title":"Kako funkcioniraju NSA veze? - Quick Hookup","og_description":"Mnogi se mu\u0161karci boje pri\u0107i \u017eenama jer misle da \u0107e zbog toga izgledati o\u010dajno ili jezivo. Ali nema razloga za brigu o tome da li ste nadmo\u0107ni ili agresivni &#8211; samo poku\u0161ajte tretirati svaku \u017eenu kao da je posebna. Ako&hellip; Continue Reading &rarr;","og_url":"http:\/\/elsuperbeasto.com\/hr\/kako-funkcioniraju-nsa-veze\/","og_site_name":"Quick Hookup","og_image":[{"width":2398,"height":1500,"url":"https:\/\/elsuperbeasto.com\/wp-content\/uploads\/2022\/08\/find-lov.jpeg","type":"image\/jpeg"}],"twitter_card":"summary_large_image","twitter_misc":{"Procijenjeno vrijeme \u010ditanja":"4 minute"},"schema":{"@context":"https:\/\/schema.org","@graph":[{"@type":"WebSite","@id":"https:\/\/elsuperbeasto.com\/#website","url":"https:\/\/elsuperbeasto.com\/","name":"Quick Hookup","description":"Your Guide To Love","potentialAction":[{"@type":"SearchAction","target":{"@type":"EntryPoint","urlTemplate":"https:\/\/elsuperbeasto.com\/?s={search_term_string}"},"query-input":"required name=search_term_string"}],"inLanguage":"hr"},{"@type":"ImageObject","@id":"http:\/\/elsuperbeasto.com\/hr\/kako-funkcioniraju-nsa-veze\/#primaryimage","inLanguage":"hr","url":"http:\/\/elsuperbeasto.com\/wp-content\/uploads\/2022\/08\/find-lov.jpeg","contentUrl":"http:\/\/elsuperbeasto.com\/wp-content\/uploads\/2022\/08\/find-lov.jpeg","width":2398,"height":1500},{"@type":"WebPage","@id":"http:\/\/elsuperbeasto.com\/hr\/kako-funkcioniraju-nsa-veze\/#webpage","url":"http:\/\/elsuperbeasto.com\/hr\/kako-funkcioniraju-nsa-veze\/","name":"Kako funkcioniraju NSA veze? - Quick Hookup","isPartOf":{"@id":"https:\/\/elsuperbeasto.com\/#website"},"primaryImageOfPage":{"@id":"http:\/\/elsuperbeasto.com\/hr\/kako-funkcioniraju-nsa-veze\/#primaryimage"},"datePublished":"2022-08-18T13:10:21+00:00","dateModified":"2022-08-18T13:10:21+00:00","breadcrumb":{"@id":"http:\/\/elsuperbeasto.com\/hr\/kako-funkcioniraju-nsa-veze\/#breadcrumb"},"inLanguage":"hr","potentialAction":[{"@type":"ReadAction","target":["http:\/\/elsuperbeasto.com\/hr\/kako-funkcioniraju-nsa-veze\/"]}]},{"@type":"BreadcrumbList","@id":"http:\/\/elsuperbeasto.com\/hr\/kako-funkcioniraju-nsa-veze\/#breadcrumb","itemListElement":[{"@type":"ListItem","position":1,"name":"Home","item":"https:\/\/elsuperbeasto.com\/hr\/"},{"@type":"ListItem","position":2,"name":"Kako funkcioniraju NSA veze?"}]}]}},"_links":{"self":[{"href":"http:\/\/elsuperbeasto.com\/hr\/wp-json\/wp\/v2\/pages\/260"}],"collection":[{"href":"http:\/\/elsuperbeasto.com\/hr\/wp-json\/wp\/v2\/pages"}],"about":[{"href":"http:\/\/elsuperbeasto.com\/hr\/wp-json\/wp\/v2\/types\/page"}],"author":[{"embeddable":true,"href":"http:\/\/elsuperbeasto.com\/hr\/wp-json\/wp\/v2\/users\/1"}],"replies":[{"embeddable":true,"href":"http:\/\/elsuperbeasto.com\/hr\/wp-json\/wp\/v2\/comments?post=260"}],"version-history":[{"count":0,"href":"http:\/\/elsuperbeasto.com\/hr\/wp-json\/wp\/v2\/pages\/260\/revisions"}],"wp:featuredmedia":[{"embeddable":true,"href":"http:\/\/elsuperbeasto.com\/hr\/wp-json\/wp\/v2\/media\/181"}],"wp:attachment":[{"href":"http:\/\/elsuperbeasto.com\/hr\/wp-json\/wp\/v2\/media?parent=260"}],"curies":[{"name":"wp","href":"https:\/\/api.w.org\/{rel}","templated":true}]}}