{"id":254,"date":"2022-08-18T13:49:33","date_gmt":"2022-08-18T12:49:33","guid":{"rendered":"http:\/\/elsuperbeasto.com\/kako-upoznati-obliznje-samce\/"},"modified":"2022-08-18T13:49:33","modified_gmt":"2022-08-18T12:49:33","slug":"kako-upoznati-obliznje-samce","status":"publish","type":"page","link":"http:\/\/elsuperbeasto.com\/hr\/kako-upoznati-obliznje-samce\/","title":{"rendered":"Kako upoznati obli\u017enje samce"},"content":{"rendered":"<p>Postoji mnogo razli\u010ditih vrsta ljudi koji tra\u017ee ljubav. Postoje oni koji \u017eele <a href=\"http:\/\/elsuperbeasto.com\/hr\/kako-izlaziti-s-lokalnim-zenama\/\">izlaziti s nekim unutar svoje vjere, etni\u010dke pripadnosti, dobnog raspona<\/a> itd., Dok drugi samo \u017eele prona\u0107i nekoga tko dijeli sli\u010dne interese. Ako ste jedan od onih ljudi koji \u017eele upoznati nekoga posebnog, evo nekoliko sjajnih opcija za pronala\u017eenje istomi\u0161ljenika samaca.<\/p>\n<h2>Na\u0161 savjet<\/h2>\n<p>Online upoznavanje postalo je jedna od najpopularnijih metoda upoznavanja potencijalnih romanti\u010dnih partnera.<\/p>\n<p>S milijunima samaca i \u017eena koji svaki mjesec koriste internetske stranice za upoznavanje, nije ni \u010dudo da se sve vi\u0161e parova okre\u0107e internetskim spojevima kako bi prona\u0161li svoje srodne du\u0161e. Me\u0111utim, unato\u010d svojoj popularnosti, online upoznavanje jo\u0161 uvijek nosi mnogo rizika. Na primjer, mo\u017ee biti te\u0161ko re\u0107i je li pojedinac koji vas zanima stvarno ozbiljan u ostvarivanju veze s vama.<\/p>\n<h3>Koristite besplatne probne verzije prije pla\u0107anja<\/h3>\n<p>Mnogi ljudi misle da je pla\u0107anje usluga online upoznavanja nu\u017ean dio procesa. Me\u0111utim, to nije istina. Postoji mnogo besplatnih web stranica za online upoznavanje na kojima se mo\u017eete prijaviti i pregledavati profile bez tro\u0161enja novca. Osim toga, \u010desto mo\u017eete primati utakmice na temelju va\u0161ih interesa, lokacije i hobija.<\/p>\n<h3>Znajte \u0161to \u017eelite prije nego \u0161to se prijavite na bilo koje web-mjesto<\/h3>\n<p>Prije nego \u0161to se prijavite na bilo koju web stranicu, odvojite malo vremena da razmislite o tome \u0161to \u017eelite od svog partnera. Na primjer, \u017eivi li on \/ ona u va\u0161oj blizini? Dijeli li va\u0161e vrijednosti i uvjerenja? Imate li sli\u010dne ciljeve u \u017eivotu? Ova \u0107e vam pitanja pomo\u0107i da suzite pretra\u017eivanje i pru\u017eite vam bolju predod\u017ebu o tome \u0161to tra\u017eite.<\/p>\n<h3>Budite iskreni prema sebi<\/h3>\n<p>Kona\u010dno, zapamtite da je iskrenost klju\u010dna. Bez obzira koliko nekome vjeruje\u0161, nikada ne bi trebao lagati sebi. Ako niste sigurni u ne\u0161to, recite to umjesto da se pretvarate da je sve u redu. To \u0107e vam pomo\u0107i da izbjegnete gubljenje vremena na lo\u0161u utakmicu i kasnije vas spasi od osje\u0107aja krivnje.<\/p>\n<h2>\u017delite li diskretno prona\u0107i datum?<\/h2>\n<p>Ashley Madison jedna je od najpopularnijih stranica za upoznavanje. S vi\u0161e od 30 milijuna \u010dlanova \u0161irom svijeta, nije ni \u010dudo za\u0161to. Ako tra\u017eite diskretnu aferu, ovo bi moglo biti savr\u0161eno mjesto za vas. Postoji mno\u0161tvo razli\u010ditih na\u010dina za pronala\u017eenje seksualnih partnera na web mjestu, uklju\u010duju\u0107i pregledavanje profila, slanje poruka, \u010davrljanje na mre\u017ei, pa \u010dak i telefonski seks. Iako se to mo\u017ee \u010diniti kao varanje, mnogi ljudi zapravo u\u017eivaju u susretu s nekim s kim su razgovarali na mre\u017ei.<\/p>\n<h2>Nema prilo\u017eenih nizova<\/h2>\n<p>NoStringsAttached je besplatna aplikacija za upoznavanje koja se usredoto\u010duje na pru\u017eanje sigurnog okru\u017eenja odraslima za seksualnu aktivnost bez brige da \u0107e biti uhva\u0107eni. Ako ste ikada bili znati\u017eeljni o isprobavanju sextinga, onda je ovo mjesto za to. Ova je aplikacija dizajnirana posebno za one koji \u017eele imati neobavezne susrete u kojima obje strane pristaju. Bilo da tra\u017eite ne\u0161to nastrano ili samo \u017eelite vidjeti kakav je osje\u0107aj slati gole fotografije nekome drugome, NSA je savr\u0161eno mjesto za po\u010detak.<\/p>\n<p>Sama aplikacija vrlo je jednostavna za upotrebu. Od vas \u0107e se tra\u017eiti da ispunite kratki upitnik koji vam postavlja pitanja poput toga koliko imate godina, tra\u017eite li veze ili veze itd. Nakon \u0161to zavr\u0161ite s odgovaranjem na pitanja, mo\u0107i \u0107ete pregledavati profile na temelju svojih preferencija. Postoje tri razli\u010dite kategorije koje mo\u017eete birati: &#8220;Straight&#8221;, &#8220;Gay&#8221; i &#8220;Lesbian&#8221;. Svaka kategorija sadr\u017ei podskupine koje vam omogu\u0107uju daljnje su\u017eavanje pretra\u017eivanja.<\/p>\n","protected":false},"excerpt":{"rendered":"<p>Postoji mnogo razli\u010ditih vrsta ljudi koji tra\u017ee ljubav. Postoje oni koji \u017eele izlaziti s nekim unutar svoje vjere, etni\u010dke pripadnosti, dobnog raspona itd., Dok drugi samo \u017eele prona\u0107i nekoga tko dijeli sli\u010dne interese. Ako ste jedan od onih ljudi koji&hellip; <a href=\"http:\/\/elsuperbeasto.com\/hr\/kako-upoznati-obliznje-samce\/\" class=\"more-link\">Continue Reading <span class=\"meta-nav\">&rarr;<\/span><\/a><\/p>\n","protected":false},"author":1,"featured_media":167,"parent":0,"menu_order":0,"comment_status":"closed","ping_status":"closed","template":"","meta":[],"yoast_head":"<!-- This site is optimized with the Yoast SEO plugin v17.7.1 - https:\/\/yoast.com\/wordpress\/plugins\/seo\/ -->\n<title>Kako upoznati obli\u017enje samce - Quick Hookup<\/title>\n<meta name=\"robots\" content=\"index, follow, max-snippet:-1, max-image-preview:large, max-video-preview:-1\" \/>\n<link rel=\"canonical\" href=\"http:\/\/elsuperbeasto.com\/hr\/kako-upoznati-obliznje-samce\/\" \/>\n<meta property=\"og:locale\" content=\"hr_HR\" \/>\n<meta property=\"og:type\" content=\"article\" \/>\n<meta property=\"og:title\" content=\"Kako upoznati obli\u017enje samce - Quick Hookup\" \/>\n<meta property=\"og:description\" content=\"Postoji mnogo razli\u010ditih vrsta ljudi koji tra\u017ee ljubav. Postoje oni koji \u017eele izlaziti s nekim unutar svoje vjere, etni\u010dke pripadnosti, dobnog raspona itd., Dok drugi samo \u017eele prona\u0107i nekoga tko dijeli sli\u010dne interese. Ako ste jedan od onih ljudi koji&hellip; Continue Reading &rarr;\" \/>\n<meta property=\"og:url\" content=\"http:\/\/elsuperbeasto.com\/hr\/kako-upoznati-obliznje-samce\/\" \/>\n<meta property=\"og:site_name\" content=\"Quick Hookup\" \/>\n<meta property=\"og:image\" content=\"http:\/\/elsuperbeasto.com\/wp-content\/uploads\/2022\/08\/love-apps.jpeg\" \/>\n\t<meta property=\"og:image:width\" content=\"1000\" \/>\n\t<meta property=\"og:image:height\" content=\"1500\" \/>\n<meta name=\"twitter:card\" content=\"summary_large_image\" \/>\n<meta name=\"twitter:label1\" content=\"Procijenjeno vrijeme \u010ditanja\" \/>\n\t<meta name=\"twitter:data1\" content=\"3 minute\" \/>\n<script type=\"application\/ld+json\" class=\"yoast-schema-graph\">{\"@context\":\"https:\/\/schema.org\",\"@graph\":[{\"@type\":\"WebSite\",\"@id\":\"https:\/\/elsuperbeasto.com\/#website\",\"url\":\"https:\/\/elsuperbeasto.com\/\",\"name\":\"Quick Hookup\",\"description\":\"Your Guide To Love\",\"potentialAction\":[{\"@type\":\"SearchAction\",\"target\":{\"@type\":\"EntryPoint\",\"urlTemplate\":\"https:\/\/elsuperbeasto.com\/?s={search_term_string}\"},\"query-input\":\"required name=search_term_string\"}],\"inLanguage\":\"hr\"},{\"@type\":\"ImageObject\",\"@id\":\"http:\/\/elsuperbeasto.com\/hr\/kako-upoznati-obliznje-samce\/#primaryimage\",\"inLanguage\":\"hr\",\"url\":\"http:\/\/elsuperbeasto.com\/wp-content\/uploads\/2022\/08\/love-apps.jpeg\",\"contentUrl\":\"http:\/\/elsuperbeasto.com\/wp-content\/uploads\/2022\/08\/love-apps.jpeg\",\"width\":1000,\"height\":1500},{\"@type\":\"WebPage\",\"@id\":\"http:\/\/elsuperbeasto.com\/hr\/kako-upoznati-obliznje-samce\/#webpage\",\"url\":\"http:\/\/elsuperbeasto.com\/hr\/kako-upoznati-obliznje-samce\/\",\"name\":\"Kako upoznati obli\\u017enje samce - Quick Hookup\",\"isPartOf\":{\"@id\":\"https:\/\/elsuperbeasto.com\/#website\"},\"primaryImageOfPage\":{\"@id\":\"http:\/\/elsuperbeasto.com\/hr\/kako-upoznati-obliznje-samce\/#primaryimage\"},\"datePublished\":\"2022-08-18T12:49:33+00:00\",\"dateModified\":\"2022-08-18T12:49:33+00:00\",\"breadcrumb\":{\"@id\":\"http:\/\/elsuperbeasto.com\/hr\/kako-upoznati-obliznje-samce\/#breadcrumb\"},\"inLanguage\":\"hr\",\"potentialAction\":[{\"@type\":\"ReadAction\",\"target\":[\"http:\/\/elsuperbeasto.com\/hr\/kako-upoznati-obliznje-samce\/\"]}]},{\"@type\":\"BreadcrumbList\",\"@id\":\"http:\/\/elsuperbeasto.com\/hr\/kako-upoznati-obliznje-samce\/#breadcrumb\",\"itemListElement\":[{\"@type\":\"ListItem\",\"position\":1,\"name\":\"Home\",\"item\":\"https:\/\/elsuperbeasto.com\/hr\/\"},{\"@type\":\"ListItem\",\"position\":2,\"name\":\"Kako upoznati obli\\u017enje samce\"}]}]}<\/script>\n<!-- \/ Yoast SEO plugin. -->","yoast_head_json":{"title":"Kako upoznati obli\u017enje samce - Quick Hookup","robots":{"index":"index","follow":"follow","max-snippet":"max-snippet:-1","max-image-preview":"max-image-preview:large","max-video-preview":"max-video-preview:-1"},"canonical":"http:\/\/elsuperbeasto.com\/hr\/kako-upoznati-obliznje-samce\/","og_locale":"hr_HR","og_type":"article","og_title":"Kako upoznati obli\u017enje samce - Quick Hookup","og_description":"Postoji mnogo razli\u010ditih vrsta ljudi koji tra\u017ee ljubav. Postoje oni koji \u017eele izlaziti s nekim unutar svoje vjere, etni\u010dke pripadnosti, dobnog raspona itd., Dok drugi samo \u017eele prona\u0107i nekoga tko dijeli sli\u010dne interese. Ako ste jedan od onih ljudi koji&hellip; Continue Reading &rarr;","og_url":"http:\/\/elsuperbeasto.com\/hr\/kako-upoznati-obliznje-samce\/","og_site_name":"Quick Hookup","og_image":[{"width":1000,"height":1500,"url":"http:\/\/elsuperbeasto.com\/wp-content\/uploads\/2022\/08\/love-apps.jpeg","type":"image\/jpeg"}],"twitter_card":"summary_large_image","twitter_misc":{"Procijenjeno vrijeme \u010ditanja":"3 minute"},"schema":{"@context":"https:\/\/schema.org","@graph":[{"@type":"WebSite","@id":"https:\/\/elsuperbeasto.com\/#website","url":"https:\/\/elsuperbeasto.com\/","name":"Quick Hookup","description":"Your Guide To Love","potentialAction":[{"@type":"SearchAction","target":{"@type":"EntryPoint","urlTemplate":"https:\/\/elsuperbeasto.com\/?s={search_term_string}"},"query-input":"required name=search_term_string"}],"inLanguage":"hr"},{"@type":"ImageObject","@id":"http:\/\/elsuperbeasto.com\/hr\/kako-upoznati-obliznje-samce\/#primaryimage","inLanguage":"hr","url":"http:\/\/elsuperbeasto.com\/wp-content\/uploads\/2022\/08\/love-apps.jpeg","contentUrl":"http:\/\/elsuperbeasto.com\/wp-content\/uploads\/2022\/08\/love-apps.jpeg","width":1000,"height":1500},{"@type":"WebPage","@id":"http:\/\/elsuperbeasto.com\/hr\/kako-upoznati-obliznje-samce\/#webpage","url":"http:\/\/elsuperbeasto.com\/hr\/kako-upoznati-obliznje-samce\/","name":"Kako upoznati obli\u017enje samce - Quick Hookup","isPartOf":{"@id":"https:\/\/elsuperbeasto.com\/#website"},"primaryImageOfPage":{"@id":"http:\/\/elsuperbeasto.com\/hr\/kako-upoznati-obliznje-samce\/#primaryimage"},"datePublished":"2022-08-18T12:49:33+00:00","dateModified":"2022-08-18T12:49:33+00:00","breadcrumb":{"@id":"http:\/\/elsuperbeasto.com\/hr\/kako-upoznati-obliznje-samce\/#breadcrumb"},"inLanguage":"hr","potentialAction":[{"@type":"ReadAction","target":["http:\/\/elsuperbeasto.com\/hr\/kako-upoznati-obliznje-samce\/"]}]},{"@type":"BreadcrumbList","@id":"http:\/\/elsuperbeasto.com\/hr\/kako-upoznati-obliznje-samce\/#breadcrumb","itemListElement":[{"@type":"ListItem","position":1,"name":"Home","item":"https:\/\/elsuperbeasto.com\/hr\/"},{"@type":"ListItem","position":2,"name":"Kako upoznati obli\u017enje samce"}]}]}},"_links":{"self":[{"href":"http:\/\/elsuperbeasto.com\/hr\/wp-json\/wp\/v2\/pages\/254"}],"collection":[{"href":"http:\/\/elsuperbeasto.com\/hr\/wp-json\/wp\/v2\/pages"}],"about":[{"href":"http:\/\/elsuperbeasto.com\/hr\/wp-json\/wp\/v2\/types\/page"}],"author":[{"embeddable":true,"href":"http:\/\/elsuperbeasto.com\/hr\/wp-json\/wp\/v2\/users\/1"}],"replies":[{"embeddable":true,"href":"http:\/\/elsuperbeasto.com\/hr\/wp-json\/wp\/v2\/comments?post=254"}],"version-history":[{"count":0,"href":"http:\/\/elsuperbeasto.com\/hr\/wp-json\/wp\/v2\/pages\/254\/revisions"}],"wp:featuredmedia":[{"embeddable":true,"href":"http:\/\/elsuperbeasto.com\/hr\/wp-json\/wp\/v2\/media\/167"}],"wp:attachment":[{"href":"http:\/\/elsuperbeasto.com\/hr\/wp-json\/wp\/v2\/media?parent=254"}],"curies":[{"name":"wp","href":"https:\/\/api.w.org\/{rel}","templated":true}]}}