{"id":368,"date":"2022-08-18T13:05:43","date_gmt":"2022-08-18T12:05:43","guid":{"rendered":"http:\/\/elsuperbeasto.com\/les-meilleures-applications-pour-trouver-lamour\/"},"modified":"2022-09-08T16:49:00","modified_gmt":"2022-09-08T15:49:00","slug":"les-meilleures-applications-pour-trouver-lamour","status":"publish","type":"page","link":"http:\/\/elsuperbeasto.com\/fr\/les-meilleures-applications-pour-trouver-lamour\/","title":{"rendered":"Les meilleures applications pour trouver l&rsquo;amour"},"content":{"rendered":"<p>C&rsquo;est pourquoi nous avons effectu\u00e9 de nombreuses recherches sur les meilleures applications de rencontre et avons trouv\u00e9 celles qui se distinguent des autres. Il ne s&rsquo;agit pas seulement de nos opinions &#8211; nous avons test\u00e9 chacun d&rsquo;entre eux par nous-m\u00eames et nous avons trouv\u00e9 de v\u00e9ritables gagnants.<\/p>\n<p>Que vous recherchiez quelque chose de s\u00e9rieux, de d\u00e9contract\u00e9 ou quelque chose entre les deux, nous avons ce qu&rsquo;il vous faut. Nous vous dirons exactement quelles sont les caract\u00e9ristiques qui rendent chaque application sp\u00e9ciale, nous vous donnerons un avis honn\u00eate sur les prix et nous vous aiderons \u00e0 trouver celle qui vous convient le mieux.<\/p>\n<p>Apr\u00e8s avoir lu ce guide, vous <a href=\"http:\/\/elsuperbeasto.com\/fr\/les-rencontres-en-ligne-sont-elles-sures\/\">n&rsquo;aurez plus aucun doute sur<\/a> celui qui vous convient le mieux. Vous ne perdrez plus votre temps \u00e0 essayer de comprendre les choses par vous-m\u00eame ; choisissez simplement la meilleure application de rencontre bas\u00e9e sur nos recommandations et commencez \u00e0 rencontrer des gens d\u00e8s aujourd&rsquo;hui.<\/p>\n<p>Avant de vous inscrire sur un site web, r\u00e9fl\u00e9chissez bien pour savoir si le site correspond \u00e0 votre personnalit\u00e9. Pr\u00e9f\u00e9rez-vous les rencontres occasionnelles ou une relation s\u00e9rieuse ?<\/p>\n<h2>Trouvez un site qui correspond \u00e0 votre personnalit\u00e9<\/h2>\n<p>Aimez-vous chatter par SMS ou pr\u00e9f\u00e9rez-vous le face-\u00e0-face ? Pr\u00e9f\u00e9rez-vous les messages <a href=\"https:\/\/www.sextchat.net\/fr\/meilleurs-jeux-porno-patreon-nsfw\/\">meilleurs jeux porno<\/a> courts ou les longs courriels ? Ces questions peuvent vous aider \u00e0 affiner votre recherche. Une fois que vous avez trouv\u00e9 un site qui semble vous convenir, inscrivez-vous et commencez \u00e0 parcourir les profils.<\/p>\n<h2>Choisissez un site en fonction de vos centres d&rsquo;int\u00e9r\u00eat<\/h2>\n<p>Pensez \u00e0 ce qui vous int\u00e9resse. Si vous recherchez un partenaire romantique, vous n&rsquo;avez probablement pas envie de vous inscrire sur un site qui s&rsquo;adresse aux c\u00e9libataires \u00e0 la recherche d&rsquo;une amiti\u00e9. De m\u00eame, si vous cherchez un ami, vous ne voudrez pas vous inscrire sur un site de rencontres ax\u00e9 sur la romance.<\/p>\n<p>Choisissez plut\u00f4t un site qui correspond \u00e0 vos int\u00e9r\u00eats. Par exemple, si vous aimez le sport, vous devriez rejoindre un site qui permet aux membres de partager leurs \u00e9quipes, joueurs et \u00e9v\u00e9nements pr\u00e9f\u00e9r\u00e9s. De cette fa\u00e7on, vous pouvez facilement trouver des partenaires compatibles qui partagent les m\u00eames int\u00e9r\u00eats.<\/p>\n<h2>Inscrivez-vous sur plusieurs sites avant de prendre une d\u00e9cision<\/h2>\n<p>Il est important de visiter plusieurs sites de rencontre avant d&rsquo;en choisir un. Cela vous donne l&rsquo;occasion <a href=\"https:\/\/www.nsadating.net\/fr\/jeux-porno-gratuits-pas-dinscription\/\">jeux pornographiques gratuits<\/a> de comparer les avantages et les inconv\u00e9nients de chaque site. Par exemple, certains sites proposent des fonctionnalit\u00e9s avanc\u00e9es telles que les chats vid\u00e9o et la messagerie instantan\u00e9e. D&rsquo;autres permettent aux membres de t\u00e9l\u00e9charger des photos et des vid\u00e9os. D&rsquo;autres encore vous permettent de consulter les profils des membres sans r\u00e9v\u00e9ler de d\u00e9tails personnels.<\/p>\n<h2>Tenir compte des questions de confidentialit\u00e9<\/h2>\n<p>Certains sites permettent aux membres de rester anonymes, tandis que d&rsquo;autres les obligent \u00e0 r\u00e9v\u00e9ler leur identit\u00e9. Lorsque vous examinez les questions de confidentialit\u00e9, n&rsquo;oubliez pas que certains sites peuvent recueillir des informations sensibles vous concernant. Par exemple, certains sites demandent aux membres de divulguer leur \u00e9tat civil, leurs croyances religieuses, leur profession et leur niveau d&rsquo;\u00e9ducation. Ces informations peuvent \u00eatre utilis\u00e9es pour vous adresser des publicit\u00e9s. D&rsquo;autres sites peuvent demander des informations suppl\u00e9mentaires telles que votre taille, votre poids, vos revenus et votre \u00e2ge. Si certains sites permettent aux membres de choisir de r\u00e9v\u00e9ler ou non leur identit\u00e9, d&rsquo;autres les obligent \u00e0 tout r\u00e9v\u00e9ler.<\/p>\n<h2>FAQ<\/h2>\n<h3>Quel est le meilleur site de rencontres pour les relations s\u00e9rieuses ?<\/h3>\n<p>Le meilleur site de rencontres pour les relations s\u00e9rieuses <a href=\"https:\/\/www.free-adult-cams.com\/fr\/sites-comme-cam4\/\">cam4 type de site<\/a> est OkCupid.com. Ce site de rencontres compte des millions d&rsquo;utilisateurs du monde entier, qui l&rsquo;utilisent pour trouver l&rsquo;amour. Ils offrent une messagerie gratuite, des messages instantan\u00e9s, un chat vid\u00e9o et d&rsquo;autres fonctions qui vous aident \u00e0 vous connecter avec des rencontres potentielles.<\/p>\n<p>OkCupid existe depuis 2004, et des millions d&rsquo;utilisateurs se sont inscrits gratuitement. Le site permet aux utilisateurs de cr\u00e9er un profil, de rechercher d&rsquo;autres membres en fonction de crit\u00e8res tels que le lieu, l&rsquo;\u00e2ge, le sexe, etc. et de s&rsquo;envoyer des messages. Les utilisateurs peuvent \u00e9galement consulter les profils d&rsquo;autres personnes \u00e0 la recherche de rendez-vous.<\/p>\n<h3>Quelle est la meilleure application de rencontre en 2022 ?<\/h3>\n<p>La meilleure application de rencontre pour 2022 sera Tinder Plus, qui permet aux utilisateurs d&rsquo;envoyer des messages illimit\u00e9s aux autres utilisateurs. Cette fonctionnalit\u00e9 est disponible depuis 2016, mais ce n&rsquo;est que maintenant qu&rsquo;elle devient populaire. D&rsquo;autres applications comme Happn, Bumble et OkCupid offrent \u00e9galement des fonctionnalit\u00e9s similaires.<\/p>\n","protected":false},"excerpt":{"rendered":"<p>C&rsquo;est pourquoi nous avons effectu\u00e9 de nombreuses recherches sur les meilleures applications de rencontre et avons trouv\u00e9 celles qui se distinguent des autres. Il ne s&rsquo;agit pas seulement de nos opinions &#8211; nous avons test\u00e9 chacun d&rsquo;entre eux par nous-m\u00eames&hellip; <a href=\"http:\/\/elsuperbeasto.com\/fr\/les-meilleures-applications-pour-trouver-lamour\/\" class=\"more-link\">Continuer la lecture <span class=\"meta-nav\">&rarr;<\/span><\/a><\/p>\n","protected":false},"author":1,"featured_media":144,"parent":0,"menu_order":0,"comment_status":"closed","ping_status":"closed","template":"","meta":[],"yoast_head":"<!-- This site is optimized with the Yoast SEO plugin v17.7.1 - https:\/\/yoast.com\/wordpress\/plugins\/seo\/ -->\n<title>Les meilleures applications pour trouver l&#039;amour - Quick Hookup<\/title>\n<meta name=\"robots\" content=\"index, follow, max-snippet:-1, max-image-preview:large, max-video-preview:-1\" \/>\n<link rel=\"canonical\" href=\"http:\/\/elsuperbeasto.com\/fr\/les-meilleures-applications-pour-trouver-lamour\/\" \/>\n<meta property=\"og:locale\" content=\"fr_FR\" \/>\n<meta property=\"og:type\" content=\"article\" \/>\n<meta property=\"og:title\" content=\"Les meilleures applications pour trouver l&#039;amour - Quick Hookup\" \/>\n<meta property=\"og:description\" content=\"C&rsquo;est pourquoi nous avons effectu\u00e9 de nombreuses recherches sur les meilleures applications de rencontre et avons trouv\u00e9 celles qui se distinguent des autres. Il ne s&rsquo;agit pas seulement de nos opinions &#8211; nous avons test\u00e9 chacun d&rsquo;entre eux par nous-m\u00eames&hellip; Continuer la lecture &rarr;\" \/>\n<meta property=\"og:url\" content=\"http:\/\/elsuperbeasto.com\/fr\/les-meilleures-applications-pour-trouver-lamour\/\" \/>\n<meta property=\"og:site_name\" content=\"Quick Hookup\" \/>\n<meta property=\"article:modified_time\" content=\"2022-09-08T15:49:00+00:00\" \/>\n<meta property=\"og:image\" content=\"http:\/\/elsuperbeasto.com\/wp-content\/uploads\/2022\/08\/love-balloons.jpeg\" \/>\n\t<meta property=\"og:image:width\" content=\"1000\" \/>\n\t<meta property=\"og:image:height\" content=\"1500\" \/>\n<meta name=\"twitter:card\" content=\"summary_large_image\" \/>\n<meta name=\"twitter:label1\" content=\"Dur\u00e9e de lecture estim\u00e9e\" \/>\n\t<meta name=\"twitter:data1\" content=\"4 minutes\" \/>\n<script type=\"application\/ld+json\" class=\"yoast-schema-graph\">{\"@context\":\"https:\/\/schema.org\",\"@graph\":[{\"@type\":\"WebSite\",\"@id\":\"https:\/\/elsuperbeasto.com\/#website\",\"url\":\"https:\/\/elsuperbeasto.com\/\",\"name\":\"Quick Hookup\",\"description\":\"Your Guide To Love\",\"potentialAction\":[{\"@type\":\"SearchAction\",\"target\":{\"@type\":\"EntryPoint\",\"urlTemplate\":\"https:\/\/elsuperbeasto.com\/?s={search_term_string}\"},\"query-input\":\"required name=search_term_string\"}],\"inLanguage\":\"fr-FR\"},{\"@type\":\"ImageObject\",\"@id\":\"http:\/\/elsuperbeasto.com\/fr\/les-meilleures-applications-pour-trouver-lamour\/#primaryimage\",\"inLanguage\":\"fr-FR\",\"url\":\"http:\/\/elsuperbeasto.com\/wp-content\/uploads\/2022\/08\/love-balloons.jpeg\",\"contentUrl\":\"http:\/\/elsuperbeasto.com\/wp-content\/uploads\/2022\/08\/love-balloons.jpeg\",\"width\":1000,\"height\":1500},{\"@type\":\"WebPage\",\"@id\":\"http:\/\/elsuperbeasto.com\/fr\/les-meilleures-applications-pour-trouver-lamour\/#webpage\",\"url\":\"http:\/\/elsuperbeasto.com\/fr\/les-meilleures-applications-pour-trouver-lamour\/\",\"name\":\"Les meilleures applications pour trouver l'amour - Quick Hookup\",\"isPartOf\":{\"@id\":\"https:\/\/elsuperbeasto.com\/#website\"},\"primaryImageOfPage\":{\"@id\":\"http:\/\/elsuperbeasto.com\/fr\/les-meilleures-applications-pour-trouver-lamour\/#primaryimage\"},\"datePublished\":\"2022-08-18T12:05:43+00:00\",\"dateModified\":\"2022-09-08T15:49:00+00:00\",\"breadcrumb\":{\"@id\":\"http:\/\/elsuperbeasto.com\/fr\/les-meilleures-applications-pour-trouver-lamour\/#breadcrumb\"},\"inLanguage\":\"fr-FR\",\"potentialAction\":[{\"@type\":\"ReadAction\",\"target\":[\"http:\/\/elsuperbeasto.com\/fr\/les-meilleures-applications-pour-trouver-lamour\/\"]}]},{\"@type\":\"BreadcrumbList\",\"@id\":\"http:\/\/elsuperbeasto.com\/fr\/les-meilleures-applications-pour-trouver-lamour\/#breadcrumb\",\"itemListElement\":[{\"@type\":\"ListItem\",\"position\":1,\"name\":\"Home\",\"item\":\"https:\/\/elsuperbeasto.com\/fr\/\"},{\"@type\":\"ListItem\",\"position\":2,\"name\":\"Les meilleures applications pour trouver l&rsquo;amour\"}]}]}<\/script>\n<!-- \/ Yoast SEO plugin. -->","yoast_head_json":{"title":"Les meilleures applications pour trouver l'amour - Quick Hookup","robots":{"index":"index","follow":"follow","max-snippet":"max-snippet:-1","max-image-preview":"max-image-preview:large","max-video-preview":"max-video-preview:-1"},"canonical":"http:\/\/elsuperbeasto.com\/fr\/les-meilleures-applications-pour-trouver-lamour\/","og_locale":"fr_FR","og_type":"article","og_title":"Les meilleures applications pour trouver l'amour - Quick Hookup","og_description":"C&rsquo;est pourquoi nous avons effectu\u00e9 de nombreuses recherches sur les meilleures applications de rencontre et avons trouv\u00e9 celles qui se distinguent des autres. Il ne s&rsquo;agit pas seulement de nos opinions &#8211; nous avons test\u00e9 chacun d&rsquo;entre eux par nous-m\u00eames&hellip; Continuer la lecture &rarr;","og_url":"http:\/\/elsuperbeasto.com\/fr\/les-meilleures-applications-pour-trouver-lamour\/","og_site_name":"Quick Hookup","article_modified_time":"2022-09-08T15:49:00+00:00","og_image":[{"width":1000,"height":1500,"url":"http:\/\/elsuperbeasto.com\/wp-content\/uploads\/2022\/08\/love-balloons.jpeg","type":"image\/jpeg"}],"twitter_card":"summary_large_image","twitter_misc":{"Dur\u00e9e de lecture estim\u00e9e":"4 minutes"},"schema":{"@context":"https:\/\/schema.org","@graph":[{"@type":"WebSite","@id":"https:\/\/elsuperbeasto.com\/#website","url":"https:\/\/elsuperbeasto.com\/","name":"Quick Hookup","description":"Your Guide To Love","potentialAction":[{"@type":"SearchAction","target":{"@type":"EntryPoint","urlTemplate":"https:\/\/elsuperbeasto.com\/?s={search_term_string}"},"query-input":"required name=search_term_string"}],"inLanguage":"fr-FR"},{"@type":"ImageObject","@id":"http:\/\/elsuperbeasto.com\/fr\/les-meilleures-applications-pour-trouver-lamour\/#primaryimage","inLanguage":"fr-FR","url":"http:\/\/elsuperbeasto.com\/wp-content\/uploads\/2022\/08\/love-balloons.jpeg","contentUrl":"http:\/\/elsuperbeasto.com\/wp-content\/uploads\/2022\/08\/love-balloons.jpeg","width":1000,"height":1500},{"@type":"WebPage","@id":"http:\/\/elsuperbeasto.com\/fr\/les-meilleures-applications-pour-trouver-lamour\/#webpage","url":"http:\/\/elsuperbeasto.com\/fr\/les-meilleures-applications-pour-trouver-lamour\/","name":"Les meilleures applications pour trouver l'amour - Quick Hookup","isPartOf":{"@id":"https:\/\/elsuperbeasto.com\/#website"},"primaryImageOfPage":{"@id":"http:\/\/elsuperbeasto.com\/fr\/les-meilleures-applications-pour-trouver-lamour\/#primaryimage"},"datePublished":"2022-08-18T12:05:43+00:00","dateModified":"2022-09-08T15:49:00+00:00","breadcrumb":{"@id":"http:\/\/elsuperbeasto.com\/fr\/les-meilleures-applications-pour-trouver-lamour\/#breadcrumb"},"inLanguage":"fr-FR","potentialAction":[{"@type":"ReadAction","target":["http:\/\/elsuperbeasto.com\/fr\/les-meilleures-applications-pour-trouver-lamour\/"]}]},{"@type":"BreadcrumbList","@id":"http:\/\/elsuperbeasto.com\/fr\/les-meilleures-applications-pour-trouver-lamour\/#breadcrumb","itemListElement":[{"@type":"ListItem","position":1,"name":"Home","item":"https:\/\/elsuperbeasto.com\/fr\/"},{"@type":"ListItem","position":2,"name":"Les meilleures applications pour trouver l&rsquo;amour"}]}]}},"_links":{"self":[{"href":"http:\/\/elsuperbeasto.com\/fr\/wp-json\/wp\/v2\/pages\/368"}],"collection":[{"href":"http:\/\/elsuperbeasto.com\/fr\/wp-json\/wp\/v2\/pages"}],"about":[{"href":"http:\/\/elsuperbeasto.com\/fr\/wp-json\/wp\/v2\/types\/page"}],"author":[{"embeddable":true,"href":"http:\/\/elsuperbeasto.com\/fr\/wp-json\/wp\/v2\/users\/1"}],"replies":[{"embeddable":true,"href":"http:\/\/elsuperbeasto.com\/fr\/wp-json\/wp\/v2\/comments?post=368"}],"version-history":[{"count":1,"href":"http:\/\/elsuperbeasto.com\/fr\/wp-json\/wp\/v2\/pages\/368\/revisions"}],"predecessor-version":[{"id":407,"href":"http:\/\/elsuperbeasto.com\/fr\/wp-json\/wp\/v2\/pages\/368\/revisions\/407"}],"wp:featuredmedia":[{"embeddable":true,"href":"http:\/\/elsuperbeasto.com\/fr\/wp-json\/wp\/v2\/media\/144"}],"wp:attachment":[{"href":"http:\/\/elsuperbeasto.com\/fr\/wp-json\/wp\/v2\/media?parent=368"}],"curies":[{"name":"wp","href":"https:\/\/api.w.org\/{rel}","templated":true}]}}