{"id":358,"date":"2022-08-18T13:12:48","date_gmt":"2022-08-18T12:12:48","guid":{"rendered":"http:\/\/elsuperbeasto.com\/les-rencontres-en-ligne-sont-elles-sures\/"},"modified":"2022-08-18T13:12:48","modified_gmt":"2022-08-18T12:12:48","slug":"les-rencontres-en-ligne-sont-elles-sures","status":"publish","type":"page","link":"http:\/\/elsuperbeasto.com\/fr\/les-rencontres-en-ligne-sont-elles-sures\/","title":{"rendered":"Les rencontres en ligne sont-elles s\u00fbres ?"},"content":{"rendered":"<p>Les rencontres en ligne sont un excellent moyen de faire de nouvelles connaissances, mais elles comportent certains risques. L&rsquo;un de ces risques est de se faire escroquer par une fausse personne. Une \u00e9tude r\u00e9cente a r\u00e9v\u00e9l\u00e9 qu&rsquo;un quart des femmes avaient \u00e9t\u00e9 contact\u00e9es par une personne pr\u00e9tendant vouloir les rencontrer, mais qui s&rsquo;est av\u00e9r\u00e9e \u00eatre un escroc.<\/p>\n<p>La raison la plus fr\u00e9quente pour laquelle les gens sont victimes d&rsquo;arnaques sur les applications de rencontre est le manque de comp\u00e9tences en mati\u00e8re de communication. Les chatbots sont con\u00e7us pour imiter la conversation humaine, mais ils ne font pas toujours du bon travail. Ils ont tendance \u00e0 utiliser un langage fleuri, ce qui en fait des cibles faciles pour les escrocs.<\/p>\n<p>Si vous cherchez \u00e0 \u00e9tablir une <a href=\"http:\/\/elsuperbeasto.com\/fr\/quelles-sont-les-meilleures-applications-de-sextage\/\">v\u00e9ritable connexion avec quelqu&rsquo;un<\/a>, vous devez \u00e9viter de trop parler de vous. Les gens aiment parler d&rsquo;eux-m\u00eames, mais ils sont g\u00e9n\u00e9ralement plus \u00e0 l&rsquo;aise pour le faire par t\u00e9l\u00e9phone ou en personne. Les rencontres en ligne \u00e9tant encore relativement r\u00e9centes, vous ne saurez pas dans quelle mesure vous communiquez r\u00e9ellement l&rsquo;un avec l&rsquo;autre avant de vous rencontrer en personne.<\/p>\n<h2>A quoi faut-il faire attention ?<\/h2>\n<p>Vous pouvez savoir si une personne est un bot ou un escroc en observant son comportement. En g\u00e9n\u00e9ral, un robot enverra des messages rapidement, alors qu&rsquo;un escroc mettra plus de temps \u00e0 r\u00e9pondre. Vous remarquerez peut-\u00eatre que beaucoup de personnes semblent r\u00e9pondre \u00e0 vos messages en quelques secondes, m\u00eame si elles n&rsquo;ont r\u00e9pondu \u00e0 aucun de vos messages pr\u00e9c\u00e9dents. Cela s&rsquo;appelle du \u00ab\u00a0spamming\u00a0\u00bb. Les robots ne sont pas n\u00e9cessairement des spammeurs ; cela peut simplement signifier qu&rsquo;ils re\u00e7oivent de nombreux messages et y r\u00e9pondent tous en m\u00eame temps.<\/p>\n<p>Il faut \u00e9galement se m\u00e9fier des d\u00e9clarations d&rsquo;amour pr\u00e9matur\u00e9es. Certaines personnes diront quelque chose du genre : \u00ab\u00a0Je pense que nous sommes parfaits ensemble\u00a0\u00bb ou \u00ab\u00a0Je suis fou de toi\u00a0\u00bb. Ce type de commentaires est g\u00e9n\u00e9ralement utilis\u00e9 pour vous convaincre de communiquer les informations relatives \u00e0 votre carte de cr\u00e9dit. Les escrocs essaient souvent de vous inciter \u00e0 donner des informations personnelles en vous disant quelque chose de gentil. M\u00e9fiez-vous de toute personne qui semble trop enthousiaste \u00e0 l&rsquo;id\u00e9e de vous rencontrer.<\/p>\n<h2>Qu&rsquo;en est-il des applications de rencontre payantes ?<\/h2>\n<p>La majorit\u00e9 des sites de rencontre en ligne sont gratuits, mais il y en a beaucoup qui n\u00e9cessitent un paiement. Certaines offrent un acc\u00e8s gratuit \u00e0 certaines fonctions, tandis que d&rsquo;autres ne vous permettent pas d&rsquo;utiliser ces fonctions \u00e0 moins de payer. Nous avons dress\u00e9 une liste des sites de rencontre les plus populaires et des co\u00fbts d&rsquo;inscription.<\/p>\n<h2>Qu&rsquo;en est-il des critiques ?<\/h2>\n<p>Les avis en ligne jouent un r\u00f4le \u00e9norme dans la mani\u00e8re dont les consommateurs prennent leurs d\u00e9cisions d&rsquo;achat. Si les gens font confiance \u00e0 l&rsquo;opinion des autres, ils utiliseront cette opinion pour guider leurs achats. Malheureusement, il y a trop de fausses critiques aujourd&rsquo;hui.<\/p>\n<p>Une \u00e9tude r\u00e9cente a r\u00e9v\u00e9l\u00e9 que plus de la moiti\u00e9 des \u00e9valuations sur Amazon sont r\u00e9dig\u00e9es par des \u00e9valuateurs r\u00e9mun\u00e9r\u00e9s. Et certaines soci\u00e9t\u00e9s de rencontres en ligne comme Match Group Inc, eHarmony Inc et OkCupid LLC paient des personnes pour qu&rsquo;elles \u00e9crivent des critiques \u00e9logieuses sur leurs produits. Ces critiques contiennent souvent de fausses informations, comme des affirmations exag\u00e9r\u00e9es sur les caract\u00e9ristiques et les avantages du produit.<\/p>\n","protected":false},"excerpt":{"rendered":"<p>Les rencontres en ligne sont un excellent moyen de faire de nouvelles connaissances, mais elles comportent certains risques. L&rsquo;un de ces risques est de se faire escroquer par une fausse personne. Une \u00e9tude r\u00e9cente a r\u00e9v\u00e9l\u00e9 qu&rsquo;un quart des femmes&hellip; <a href=\"http:\/\/elsuperbeasto.com\/fr\/les-rencontres-en-ligne-sont-elles-sures\/\" class=\"more-link\">Continuer la lecture <span class=\"meta-nav\">&rarr;<\/span><\/a><\/p>\n","protected":false},"author":1,"featured_media":130,"parent":0,"menu_order":0,"comment_status":"closed","ping_status":"closed","template":"","meta":[],"yoast_head":"<!-- This site is optimized with the Yoast SEO plugin v17.7.1 - https:\/\/yoast.com\/wordpress\/plugins\/seo\/ -->\n<title>Les rencontres en ligne sont-elles s\u00fbres ? - Quick Hookup<\/title>\n<meta name=\"robots\" content=\"index, follow, max-snippet:-1, max-image-preview:large, max-video-preview:-1\" \/>\n<link rel=\"canonical\" href=\"http:\/\/elsuperbeasto.com\/fr\/les-rencontres-en-ligne-sont-elles-sures\/\" \/>\n<meta property=\"og:locale\" content=\"fr_FR\" \/>\n<meta property=\"og:type\" content=\"article\" \/>\n<meta property=\"og:title\" content=\"Les rencontres en ligne sont-elles s\u00fbres ? - Quick Hookup\" \/>\n<meta property=\"og:description\" content=\"Les rencontres en ligne sont un excellent moyen de faire de nouvelles connaissances, mais elles comportent certains risques. L&rsquo;un de ces risques est de se faire escroquer par une fausse personne. Une \u00e9tude r\u00e9cente a r\u00e9v\u00e9l\u00e9 qu&rsquo;un quart des femmes&hellip; Continuer la lecture &rarr;\" \/>\n<meta property=\"og:url\" content=\"http:\/\/elsuperbeasto.com\/fr\/les-rencontres-en-ligne-sont-elles-sures\/\" \/>\n<meta property=\"og:site_name\" content=\"Quick Hookup\" \/>\n<meta property=\"og:image\" content=\"https:\/\/elsuperbeasto.com\/wp-content\/uploads\/2022\/08\/dates.jpeg\" \/>\n\t<meta property=\"og:image:width\" content=\"2250\" \/>\n\t<meta property=\"og:image:height\" content=\"1500\" \/>\n<meta name=\"twitter:card\" content=\"summary_large_image\" \/>\n<meta name=\"twitter:label1\" content=\"Dur\u00e9e de lecture estim\u00e9e\" \/>\n\t<meta name=\"twitter:data1\" content=\"3 minutes\" \/>\n<script type=\"application\/ld+json\" class=\"yoast-schema-graph\">{\"@context\":\"https:\/\/schema.org\",\"@graph\":[{\"@type\":\"WebSite\",\"@id\":\"https:\/\/elsuperbeasto.com\/#website\",\"url\":\"https:\/\/elsuperbeasto.com\/\",\"name\":\"Quick Hookup\",\"description\":\"Your Guide To Love\",\"potentialAction\":[{\"@type\":\"SearchAction\",\"target\":{\"@type\":\"EntryPoint\",\"urlTemplate\":\"https:\/\/elsuperbeasto.com\/?s={search_term_string}\"},\"query-input\":\"required name=search_term_string\"}],\"inLanguage\":\"fr-FR\"},{\"@type\":\"ImageObject\",\"@id\":\"http:\/\/elsuperbeasto.com\/fr\/les-rencontres-en-ligne-sont-elles-sures\/#primaryimage\",\"inLanguage\":\"fr-FR\",\"url\":\"http:\/\/elsuperbeasto.com\/wp-content\/uploads\/2022\/08\/dates.jpeg\",\"contentUrl\":\"http:\/\/elsuperbeasto.com\/wp-content\/uploads\/2022\/08\/dates.jpeg\",\"width\":2250,\"height\":1500},{\"@type\":\"WebPage\",\"@id\":\"http:\/\/elsuperbeasto.com\/fr\/les-rencontres-en-ligne-sont-elles-sures\/#webpage\",\"url\":\"http:\/\/elsuperbeasto.com\/fr\/les-rencontres-en-ligne-sont-elles-sures\/\",\"name\":\"Les rencontres en ligne sont-elles s\\u00fbres ? - Quick Hookup\",\"isPartOf\":{\"@id\":\"https:\/\/elsuperbeasto.com\/#website\"},\"primaryImageOfPage\":{\"@id\":\"http:\/\/elsuperbeasto.com\/fr\/les-rencontres-en-ligne-sont-elles-sures\/#primaryimage\"},\"datePublished\":\"2022-08-18T12:12:48+00:00\",\"dateModified\":\"2022-08-18T12:12:48+00:00\",\"breadcrumb\":{\"@id\":\"http:\/\/elsuperbeasto.com\/fr\/les-rencontres-en-ligne-sont-elles-sures\/#breadcrumb\"},\"inLanguage\":\"fr-FR\",\"potentialAction\":[{\"@type\":\"ReadAction\",\"target\":[\"http:\/\/elsuperbeasto.com\/fr\/les-rencontres-en-ligne-sont-elles-sures\/\"]}]},{\"@type\":\"BreadcrumbList\",\"@id\":\"http:\/\/elsuperbeasto.com\/fr\/les-rencontres-en-ligne-sont-elles-sures\/#breadcrumb\",\"itemListElement\":[{\"@type\":\"ListItem\",\"position\":1,\"name\":\"Home\",\"item\":\"https:\/\/elsuperbeasto.com\/fr\/\"},{\"@type\":\"ListItem\",\"position\":2,\"name\":\"Les rencontres en ligne sont-elles s\\u00fbres ?\"}]}]}<\/script>\n<!-- \/ Yoast SEO plugin. -->","yoast_head_json":{"title":"Les rencontres en ligne sont-elles s\u00fbres ? - Quick Hookup","robots":{"index":"index","follow":"follow","max-snippet":"max-snippet:-1","max-image-preview":"max-image-preview:large","max-video-preview":"max-video-preview:-1"},"canonical":"http:\/\/elsuperbeasto.com\/fr\/les-rencontres-en-ligne-sont-elles-sures\/","og_locale":"fr_FR","og_type":"article","og_title":"Les rencontres en ligne sont-elles s\u00fbres ? - Quick Hookup","og_description":"Les rencontres en ligne sont un excellent moyen de faire de nouvelles connaissances, mais elles comportent certains risques. L&rsquo;un de ces risques est de se faire escroquer par une fausse personne. Une \u00e9tude r\u00e9cente a r\u00e9v\u00e9l\u00e9 qu&rsquo;un quart des femmes&hellip; Continuer la lecture &rarr;","og_url":"http:\/\/elsuperbeasto.com\/fr\/les-rencontres-en-ligne-sont-elles-sures\/","og_site_name":"Quick Hookup","og_image":[{"width":2250,"height":1500,"url":"https:\/\/elsuperbeasto.com\/wp-content\/uploads\/2022\/08\/dates.jpeg","type":"image\/jpeg"}],"twitter_card":"summary_large_image","twitter_misc":{"Dur\u00e9e de lecture estim\u00e9e":"3 minutes"},"schema":{"@context":"https:\/\/schema.org","@graph":[{"@type":"WebSite","@id":"https:\/\/elsuperbeasto.com\/#website","url":"https:\/\/elsuperbeasto.com\/","name":"Quick Hookup","description":"Your Guide To Love","potentialAction":[{"@type":"SearchAction","target":{"@type":"EntryPoint","urlTemplate":"https:\/\/elsuperbeasto.com\/?s={search_term_string}"},"query-input":"required name=search_term_string"}],"inLanguage":"fr-FR"},{"@type":"ImageObject","@id":"http:\/\/elsuperbeasto.com\/fr\/les-rencontres-en-ligne-sont-elles-sures\/#primaryimage","inLanguage":"fr-FR","url":"http:\/\/elsuperbeasto.com\/wp-content\/uploads\/2022\/08\/dates.jpeg","contentUrl":"http:\/\/elsuperbeasto.com\/wp-content\/uploads\/2022\/08\/dates.jpeg","width":2250,"height":1500},{"@type":"WebPage","@id":"http:\/\/elsuperbeasto.com\/fr\/les-rencontres-en-ligne-sont-elles-sures\/#webpage","url":"http:\/\/elsuperbeasto.com\/fr\/les-rencontres-en-ligne-sont-elles-sures\/","name":"Les rencontres en ligne sont-elles s\u00fbres ? - Quick Hookup","isPartOf":{"@id":"https:\/\/elsuperbeasto.com\/#website"},"primaryImageOfPage":{"@id":"http:\/\/elsuperbeasto.com\/fr\/les-rencontres-en-ligne-sont-elles-sures\/#primaryimage"},"datePublished":"2022-08-18T12:12:48+00:00","dateModified":"2022-08-18T12:12:48+00:00","breadcrumb":{"@id":"http:\/\/elsuperbeasto.com\/fr\/les-rencontres-en-ligne-sont-elles-sures\/#breadcrumb"},"inLanguage":"fr-FR","potentialAction":[{"@type":"ReadAction","target":["http:\/\/elsuperbeasto.com\/fr\/les-rencontres-en-ligne-sont-elles-sures\/"]}]},{"@type":"BreadcrumbList","@id":"http:\/\/elsuperbeasto.com\/fr\/les-rencontres-en-ligne-sont-elles-sures\/#breadcrumb","itemListElement":[{"@type":"ListItem","position":1,"name":"Home","item":"https:\/\/elsuperbeasto.com\/fr\/"},{"@type":"ListItem","position":2,"name":"Les rencontres en ligne sont-elles s\u00fbres ?"}]}]}},"_links":{"self":[{"href":"http:\/\/elsuperbeasto.com\/fr\/wp-json\/wp\/v2\/pages\/358"}],"collection":[{"href":"http:\/\/elsuperbeasto.com\/fr\/wp-json\/wp\/v2\/pages"}],"about":[{"href":"http:\/\/elsuperbeasto.com\/fr\/wp-json\/wp\/v2\/types\/page"}],"author":[{"embeddable":true,"href":"http:\/\/elsuperbeasto.com\/fr\/wp-json\/wp\/v2\/users\/1"}],"replies":[{"embeddable":true,"href":"http:\/\/elsuperbeasto.com\/fr\/wp-json\/wp\/v2\/comments?post=358"}],"version-history":[{"count":0,"href":"http:\/\/elsuperbeasto.com\/fr\/wp-json\/wp\/v2\/pages\/358\/revisions"}],"wp:featuredmedia":[{"embeddable":true,"href":"http:\/\/elsuperbeasto.com\/fr\/wp-json\/wp\/v2\/media\/130"}],"wp:attachment":[{"href":"http:\/\/elsuperbeasto.com\/fr\/wp-json\/wp\/v2\/media?parent=358"}],"curies":[{"name":"wp","href":"https:\/\/api.w.org\/{rel}","templated":true}]}}