{"id":331,"date":"2022-08-18T13:22:34","date_gmt":"2022-08-18T12:22:34","guid":{"rendered":"http:\/\/elsuperbeasto.com\/comment-sortir-avec-des-femmes-locales\/"},"modified":"2022-09-08T16:47:30","modified_gmt":"2022-09-08T15:47:30","slug":"comment-sortir-avec-des-femmes-locales","status":"publish","type":"page","link":"http:\/\/elsuperbeasto.com\/fr\/comment-sortir-avec-des-femmes-locales\/","title":{"rendered":"Comment sortir avec des femmes locales"},"content":{"rendered":"<p>Tu en as assez de sortir avec des filles qui viennent de loin ? Vous souhaitez trouver une petite amie plus proche de chez vous ?<\/p>\n<p>Dans cet article, nous allons couvrir 3 conseils pour vous aider \u00e0 trouver une fille locale pour les rencontres.<\/p>\n<h2>Trouver des femmes locales en ligne<\/h2>\n<p>Commen\u00e7ons par le commencement. Si vous voulez trouver une femme locale <a href=\"http:\/\/www.free-sex-games-no-credit-card.com\/fr\/jeux-porno-gratuits-pas-dinscription\/\">jeux pornographie gratuite<\/a> pour faire des rencontres, vous devez d&rsquo;abord la trouver en ligne. Il existe des tonnes de sites web qui vous permettent de rechercher des femmes c\u00e9libataires en fonction de leur localisation. Ces sites comprennent Match.com, eHarmony, PlentyofFish, OkCupid, Zoosk, etc.<\/p>\n<p>Les rencontres en ligne sont devenues extr\u00eamement populaires ces derniers temps. Il vous permet d&rsquo;entrer en contact avec des milliers de partenaires potentiels sans quitter votre domicile. Ne ratez donc pas cette occasion de trouver une femme locale.<\/p>\n<h2>Rencontrer des amis qui vivent \u00e0 proximit\u00e9<\/h2>\n<p>Cette astuce fonctionne mieux pour ceux qui vivent dans les grandes villes. Cependant <a href=\"http:\/\/wank.io\/fr\/meilleurs-sites-bdsm\/\">meilleurs sites bdsm<\/a>, si vous vivez dans un endroit plus petit, vous pouvez toujours trouver une fille locale pour un rendez-vous. Rencontrez des amis qui vivent \u00e0 proximit\u00e9. Cela vous donne une excuse pour passer du temps ensemble et parler de vos centres d&rsquo;int\u00e9r\u00eat.<\/p>\n<p>Il est plus facile d&rsquo;engager la <a href=\"http:\/\/elsuperbeasto.com\/fr\/les-meilleures-applications-pour-trouver-lamour\/\">conversation<\/a> lorsque vous \u00eates avec des amis. De plus, vous rencontrerez probablement de jolis gar\u00e7ons !<\/p>\n<h2>Rejoignez les groupes qui vous int\u00e9ressent<\/h2>\n<p>Rejoignez des groupes qui vous int\u00e9ressent. Par exemple, rejoignez un groupe sportif, un club de lecture ou tout autre groupe qui vous int\u00e9resse. En rejoignant ce type de groupes, vous serez expos\u00e9 \u00e0 tout un tas de personnes int\u00e9ressantes. Et comme la plupart de ces groupes sont ax\u00e9s sur un sujet qui vous tient \u00e0 c\u0153ur, vous vous sentirez plus \u00e0 l&rsquo;aise pour leur parler que des inconnus.<\/p>\n<p>De plus, en rejoignant ces groupes, vous aurez l&rsquo;occasion de mettre en pratique vos comp\u00e9tences en mati\u00e8re de conversation. Vous apprendrez \u00e0 poser des questions, \u00e0 mieux \u00e9couter et \u00e0 parler avec assurance.<\/p>\n<h2>FAQ<\/h2>\n<p>En suivant ces <a href=\"http:\/\/elsuperbeasto.com\/fr\/4-conseils-pour-rester-en-securite-lors-des-rencontres-en-ligne\/\">trois conseils<\/a>, vous serez en mesure de trouver une fille \u00e0 fr\u00e9quenter plus t\u00f4t que pr\u00e9vu.<\/p>\n<h3>Que signifie \u00ab\u00a0sans attaches\u00a0\u00bb dans les rencontres ?<\/h3>\n<p>L&rsquo;option \u00ab\u00a0No Strings Attached\u00a0\u00bb signifie que vous ne devez pas vous inqui\u00e9ter de vous engager \u00e0 long terme. Si tu veux sortir avec quelqu&rsquo;un pour le plaisir, alors vas-y ! Cependant, si vous voulez sortir s\u00e9rieusement avec quelqu&rsquo;un, vous devez \u00eatre pr\u00eat \u00e0 vous engager. Si vous voulez \u00e9viter de vous engager dans une relation o\u00f9 les deux parties se sentent oblig\u00e9es de rester ensemble pour toujours, essayez de sortir avec quelqu&rsquo;un qui n&rsquo;a aucune attente quant \u00e0 la dur\u00e9e de leur relation. Ainsi, vous n&rsquo;aurez pas \u00e0 vous inqui\u00e9ter de rompre lorsque les choses ne fonctionneront plus.<\/p>\n<h3>Est-ce que l&rsquo;absence d&rsquo;attaches peut se transformer en amour ?<\/h3>\n<p>Oui, il est possible qu&rsquo;une relation sans attaches se transforme <a href=\"http:\/\/www.bulletforcegame.com\/fr\/jeux-porno-3d-pour-android\/\">jeux porno 3d<\/a> en amour. Toutefois, cela demande un certain effort de la part des deux parties. La premi\u00e8re \u00e9tape consiste \u00e0 \u00eatre honn\u00eate sur ce que vous voulez. Si vous ne savez pas ce que vous voulez, vous ne le saurez pas tant que vous n&rsquo;aurez pas essay\u00e9. Une fois que vous avez d\u00e9termin\u00e9 ce que vous voulez, vous devez communiquer clairement et honn\u00eatement l&rsquo;un avec l&rsquo;autre. Enfin, vous devez vous mettre en avant et faire savoir aux autres ce que vous ressentez.<\/p>\n<h3>Qu&rsquo;est-ce qu&rsquo;une aventure avec la NSA ?<\/h3>\n<p>Une aventure avec un NSA consiste \u00e0 avoir des relations sexuelles avec une autre personne avec laquelle on ne veut pas \u00eatre intime. Cela se produit g\u00e9n\u00e9ralement entre deux personnes qui se connaissent bien, comme des coll\u00e8gues de travail, des membres de la famille ou des amis proches. Le terme a \u00e9t\u00e9 utilis\u00e9 pour la premi\u00e8re fois dans les ann\u00e9es 1970 et fait r\u00e9f\u00e9rence \u00e0 la National Security Agency.<\/p>\n","protected":false},"excerpt":{"rendered":"<p>Tu en as assez de sortir avec des filles qui viennent de loin ? Vous souhaitez trouver une petite amie plus proche de chez vous ? Dans cet article, nous allons couvrir 3 conseils pour vous aider \u00e0 trouver une&hellip; <a href=\"http:\/\/elsuperbeasto.com\/fr\/comment-sortir-avec-des-femmes-locales\/\" class=\"more-link\">Continuer la lecture <span class=\"meta-nav\">&rarr;<\/span><\/a><\/p>\n","protected":false},"author":1,"featured_media":158,"parent":0,"menu_order":0,"comment_status":"closed","ping_status":"closed","template":"","meta":[],"yoast_head":"<!-- This site is optimized with the Yoast SEO plugin v17.7.1 - https:\/\/yoast.com\/wordpress\/plugins\/seo\/ -->\n<title>Comment sortir avec des femmes locales - Quick Hookup<\/title>\n<meta name=\"robots\" content=\"index, follow, max-snippet:-1, max-image-preview:large, max-video-preview:-1\" \/>\n<link rel=\"canonical\" href=\"http:\/\/elsuperbeasto.com\/fr\/comment-sortir-avec-des-femmes-locales\/\" \/>\n<meta property=\"og:locale\" content=\"fr_FR\" \/>\n<meta property=\"og:type\" content=\"article\" \/>\n<meta property=\"og:title\" content=\"Comment sortir avec des femmes locales - Quick Hookup\" \/>\n<meta property=\"og:description\" content=\"Tu en as assez de sortir avec des filles qui viennent de loin ? Vous souhaitez trouver une petite amie plus proche de chez vous ? Dans cet article, nous allons couvrir 3 conseils pour vous aider \u00e0 trouver une&hellip; Continuer la lecture &rarr;\" \/>\n<meta property=\"og:url\" content=\"http:\/\/elsuperbeasto.com\/fr\/comment-sortir-avec-des-femmes-locales\/\" \/>\n<meta property=\"og:site_name\" content=\"Quick Hookup\" \/>\n<meta property=\"article:modified_time\" content=\"2022-09-08T15:47:30+00:00\" \/>\n<meta property=\"og:image\" content=\"https:\/\/elsuperbeasto.com\/wp-content\/uploads\/2022\/08\/sexy-time.jpeg\" \/>\n\t<meta property=\"og:image:width\" content=\"1001\" \/>\n\t<meta property=\"og:image:height\" content=\"1500\" \/>\n<meta name=\"twitter:card\" content=\"summary_large_image\" \/>\n<meta name=\"twitter:label1\" content=\"Dur\u00e9e de lecture estim\u00e9e\" \/>\n\t<meta name=\"twitter:data1\" content=\"3 minutes\" \/>\n<script type=\"application\/ld+json\" class=\"yoast-schema-graph\">{\"@context\":\"https:\/\/schema.org\",\"@graph\":[{\"@type\":\"WebSite\",\"@id\":\"https:\/\/elsuperbeasto.com\/#website\",\"url\":\"https:\/\/elsuperbeasto.com\/\",\"name\":\"Quick Hookup\",\"description\":\"Your Guide To Love\",\"potentialAction\":[{\"@type\":\"SearchAction\",\"target\":{\"@type\":\"EntryPoint\",\"urlTemplate\":\"https:\/\/elsuperbeasto.com\/?s={search_term_string}\"},\"query-input\":\"required name=search_term_string\"}],\"inLanguage\":\"fr-FR\"},{\"@type\":\"ImageObject\",\"@id\":\"http:\/\/elsuperbeasto.com\/fr\/comment-sortir-avec-des-femmes-locales\/#primaryimage\",\"inLanguage\":\"fr-FR\",\"url\":\"http:\/\/elsuperbeasto.com\/wp-content\/uploads\/2022\/08\/sexy-time.jpeg\",\"contentUrl\":\"http:\/\/elsuperbeasto.com\/wp-content\/uploads\/2022\/08\/sexy-time.jpeg\",\"width\":1001,\"height\":1500},{\"@type\":\"WebPage\",\"@id\":\"http:\/\/elsuperbeasto.com\/fr\/comment-sortir-avec-des-femmes-locales\/#webpage\",\"url\":\"http:\/\/elsuperbeasto.com\/fr\/comment-sortir-avec-des-femmes-locales\/\",\"name\":\"Comment sortir avec des femmes locales - Quick Hookup\",\"isPartOf\":{\"@id\":\"https:\/\/elsuperbeasto.com\/#website\"},\"primaryImageOfPage\":{\"@id\":\"http:\/\/elsuperbeasto.com\/fr\/comment-sortir-avec-des-femmes-locales\/#primaryimage\"},\"datePublished\":\"2022-08-18T12:22:34+00:00\",\"dateModified\":\"2022-09-08T15:47:30+00:00\",\"breadcrumb\":{\"@id\":\"http:\/\/elsuperbeasto.com\/fr\/comment-sortir-avec-des-femmes-locales\/#breadcrumb\"},\"inLanguage\":\"fr-FR\",\"potentialAction\":[{\"@type\":\"ReadAction\",\"target\":[\"http:\/\/elsuperbeasto.com\/fr\/comment-sortir-avec-des-femmes-locales\/\"]}]},{\"@type\":\"BreadcrumbList\",\"@id\":\"http:\/\/elsuperbeasto.com\/fr\/comment-sortir-avec-des-femmes-locales\/#breadcrumb\",\"itemListElement\":[{\"@type\":\"ListItem\",\"position\":1,\"name\":\"Home\",\"item\":\"https:\/\/elsuperbeasto.com\/fr\/\"},{\"@type\":\"ListItem\",\"position\":2,\"name\":\"Comment sortir avec des femmes locales\"}]}]}<\/script>\n<!-- \/ Yoast SEO plugin. -->","yoast_head_json":{"title":"Comment sortir avec des femmes locales - Quick Hookup","robots":{"index":"index","follow":"follow","max-snippet":"max-snippet:-1","max-image-preview":"max-image-preview:large","max-video-preview":"max-video-preview:-1"},"canonical":"http:\/\/elsuperbeasto.com\/fr\/comment-sortir-avec-des-femmes-locales\/","og_locale":"fr_FR","og_type":"article","og_title":"Comment sortir avec des femmes locales - Quick Hookup","og_description":"Tu en as assez de sortir avec des filles qui viennent de loin ? Vous souhaitez trouver une petite amie plus proche de chez vous ? Dans cet article, nous allons couvrir 3 conseils pour vous aider \u00e0 trouver une&hellip; Continuer la lecture &rarr;","og_url":"http:\/\/elsuperbeasto.com\/fr\/comment-sortir-avec-des-femmes-locales\/","og_site_name":"Quick Hookup","article_modified_time":"2022-09-08T15:47:30+00:00","og_image":[{"width":1001,"height":1500,"url":"https:\/\/elsuperbeasto.com\/wp-content\/uploads\/2022\/08\/sexy-time.jpeg","type":"image\/jpeg"}],"twitter_card":"summary_large_image","twitter_misc":{"Dur\u00e9e de lecture estim\u00e9e":"3 minutes"},"schema":{"@context":"https:\/\/schema.org","@graph":[{"@type":"WebSite","@id":"https:\/\/elsuperbeasto.com\/#website","url":"https:\/\/elsuperbeasto.com\/","name":"Quick Hookup","description":"Your Guide To Love","potentialAction":[{"@type":"SearchAction","target":{"@type":"EntryPoint","urlTemplate":"https:\/\/elsuperbeasto.com\/?s={search_term_string}"},"query-input":"required name=search_term_string"}],"inLanguage":"fr-FR"},{"@type":"ImageObject","@id":"http:\/\/elsuperbeasto.com\/fr\/comment-sortir-avec-des-femmes-locales\/#primaryimage","inLanguage":"fr-FR","url":"http:\/\/elsuperbeasto.com\/wp-content\/uploads\/2022\/08\/sexy-time.jpeg","contentUrl":"http:\/\/elsuperbeasto.com\/wp-content\/uploads\/2022\/08\/sexy-time.jpeg","width":1001,"height":1500},{"@type":"WebPage","@id":"http:\/\/elsuperbeasto.com\/fr\/comment-sortir-avec-des-femmes-locales\/#webpage","url":"http:\/\/elsuperbeasto.com\/fr\/comment-sortir-avec-des-femmes-locales\/","name":"Comment sortir avec des femmes locales - Quick Hookup","isPartOf":{"@id":"https:\/\/elsuperbeasto.com\/#website"},"primaryImageOfPage":{"@id":"http:\/\/elsuperbeasto.com\/fr\/comment-sortir-avec-des-femmes-locales\/#primaryimage"},"datePublished":"2022-08-18T12:22:34+00:00","dateModified":"2022-09-08T15:47:30+00:00","breadcrumb":{"@id":"http:\/\/elsuperbeasto.com\/fr\/comment-sortir-avec-des-femmes-locales\/#breadcrumb"},"inLanguage":"fr-FR","potentialAction":[{"@type":"ReadAction","target":["http:\/\/elsuperbeasto.com\/fr\/comment-sortir-avec-des-femmes-locales\/"]}]},{"@type":"BreadcrumbList","@id":"http:\/\/elsuperbeasto.com\/fr\/comment-sortir-avec-des-femmes-locales\/#breadcrumb","itemListElement":[{"@type":"ListItem","position":1,"name":"Home","item":"https:\/\/elsuperbeasto.com\/fr\/"},{"@type":"ListItem","position":2,"name":"Comment sortir avec des femmes locales"}]}]}},"_links":{"self":[{"href":"http:\/\/elsuperbeasto.com\/fr\/wp-json\/wp\/v2\/pages\/331"}],"collection":[{"href":"http:\/\/elsuperbeasto.com\/fr\/wp-json\/wp\/v2\/pages"}],"about":[{"href":"http:\/\/elsuperbeasto.com\/fr\/wp-json\/wp\/v2\/types\/page"}],"author":[{"embeddable":true,"href":"http:\/\/elsuperbeasto.com\/fr\/wp-json\/wp\/v2\/users\/1"}],"replies":[{"embeddable":true,"href":"http:\/\/elsuperbeasto.com\/fr\/wp-json\/wp\/v2\/comments?post=331"}],"version-history":[{"count":1,"href":"http:\/\/elsuperbeasto.com\/fr\/wp-json\/wp\/v2\/pages\/331\/revisions"}],"predecessor-version":[{"id":406,"href":"http:\/\/elsuperbeasto.com\/fr\/wp-json\/wp\/v2\/pages\/331\/revisions\/406"}],"wp:featuredmedia":[{"embeddable":true,"href":"http:\/\/elsuperbeasto.com\/fr\/wp-json\/wp\/v2\/media\/158"}],"wp:attachment":[{"href":"http:\/\/elsuperbeasto.com\/fr\/wp-json\/wp\/v2\/media?parent=331"}],"curies":[{"name":"wp","href":"https:\/\/api.w.org\/{rel}","templated":true}]}}