{"id":298,"date":"2022-08-18T13:39:47","date_gmt":"2022-08-18T12:39:47","guid":{"rendered":"http:\/\/elsuperbeasto.com\/applications-de-rencontre-pour-les-grands-meres\/"},"modified":"2022-08-18T13:39:47","modified_gmt":"2022-08-18T12:39:47","slug":"applications-de-rencontre-pour-les-grands-meres","status":"publish","type":"page","link":"http:\/\/elsuperbeasto.com\/fr\/applications-de-rencontre-pour-les-grands-meres\/","title":{"rendered":"Applications de rencontre pour les grands-m\u00e8res"},"content":{"rendered":"<p>Les sites de rencontre pour mamies offrent aux femmes \u00e2g\u00e9es la possibilit\u00e9 de <a href=\"http:\/\/elsuperbeasto.com\/fr\/sortir-avec-une-milf-mature\/\">rencontrer des hommes plus jeunes qui souhaitent sortir avec elles<\/a>. Le site existe depuis 2006 et compte actuellement pr\u00e8s d&rsquo;un million de membres dans le monde entier. Il n&rsquo;y a aucun frais \u00e0 payer et les utilisateurs peuvent parcourir les profils en fonction de l&rsquo;\u00e2ge, du lieu, des int\u00e9r\u00eats et des pr\u00e9f\u00e9rences sexuelles.<\/p>\n<p>Si vous voulez baiser une mamie locale, vous devriez aller chez elle. Elle sera tr\u00e8s excit\u00e9e quand elle vous verra \u00e0 sa porte. Ensuite, demandez la permission d&rsquo;entrer dans sa maison. Quand elle te donne le feu vert, tu dois commencer \u00e0 l&#8217;embrasser sur tout le visage, le cou, les seins et la chatte. Apr\u00e8s cela, vous devez ins\u00e9rer lentement votre bite dans son vagin jusqu&rsquo;\u00e0 ce que vous \u00e9jaculiez en elle.<\/p>\n<h2>Match.com<\/h2>\n<p>Match.com est le plus grand site de rencontres d&rsquo;Am\u00e9rique du Nord. Avec plus de 10 millions d&rsquo;utilisateurs inscrits, Match.com offre un large \u00e9ventail de services et de ressources pour aider les utilisateurs \u00e0 trouver l&rsquo;amour. Match.com permet aux utilisateurs de rechercher des correspondances potentielles en fonction de leur localisation, de leurs int\u00e9r\u00eats communs, de leurs passe-temps, de leur profession, de leur religion et de leur \u00e9ducation. Les utilisateurs peuvent \u00e9galement d\u00e9finir des pr\u00e9f\u00e9rences concernant le sexe, l&rsquo;origine ethnique, le statut relationnel et l&rsquo;orientation sexuelle.<\/p>\n<p>Les utilisateurs peuvent parcourir des profils, envoyer des clins d&rsquo;\u0153il, regarder des photos et participer \u00e0 des chats en direct via une webcam. Les membres peuvent \u00e9galement \u00e9changer des courriels et des messages instantan\u00e9s, planifier des r\u00e9unions virtuelles et demander des appels t\u00e9l\u00e9phoniques. L&rsquo;adh\u00e9sion est gratuite et une application mobile robuste est disponible pour les appareils iPhone, Android, BlackBerry, Windows Phone et iPad.<\/p>\n<h2>eHarmony<\/h2>\n<p>eHarmony est un autre grand site de rencontres pour adultes qui s&rsquo;adresse exclusivement aux adultes d&rsquo;\u00e2ge m\u00fbr. Contrairement aux services traditionnels de mise en relation, eHarmony ne fait payer aucun frais aux utilisateurs. Au lieu de cela, il s&rsquo;appuie uniquement sur les revenus publicitaires g\u00e9n\u00e9r\u00e9s par les abonnements des membres. Il affirme utiliser un syst\u00e8me de correspondance scientifique pour mettre en relation les utilisateurs en fonction de facteurs de compatibilit\u00e9 tels que les traits de personnalit\u00e9, les valeurs et les modes de vie. Les membres peuvent cr\u00e9er un profil qui d\u00e9crit leurs attributs personnels, leurs go\u00fbts, leurs d\u00e9go\u00fbts et leurs habitudes. Ils peuvent ensuite utiliser le moteur de recherche avanc\u00e9e du site pour r\u00e9duire le nombre de correspondances potentielles en fonction de crit\u00e8res sp\u00e9cifiques. Lorsqu&rsquo;un utilisateur trouve un candidat ad\u00e9quat, il peut prendre contact et commencer \u00e0 \u00e9changer des courriels et des messages instantan\u00e9s. Les deux parties peuvent choisir de proc\u00e9der \u00e0 un entretien en face \u00e0 face.<\/p>\n<h2>POF<\/h2>\n<p>PlentyofFish est un site de rencontres en ligne gratuit qui s&rsquo;adresse principalement aux adultes m\u00fbrs. Le site est r\u00e9put\u00e9 pour \u00eatre tr\u00e8s ouvert et accepter divers types de personnes. Contrairement \u00e0 d&rsquo;autres sites de rencontres pour adultes, il ne demande pas aux utilisateurs de payer un abonnement. Au lieu de cela, il g\u00e9n\u00e8re des revenus gr\u00e2ce \u00e0 la publicit\u00e9. Il offre plusieurs moyens de communication diff\u00e9rents, notamment le courrier \u00e9lectronique, la messagerie instantan\u00e9e, le chat vocal et le chat vid\u00e9o. Ses applications mobiles sont disponibles pour iOS\/Android.<\/p>\n<h2>OkCupid<\/h2>\n<p>OkCupid est un service de rencontres en ligne gratuit qui se concentre principalement sur la recherche de partenaires compatibles pour des rencontres occasionnelles. Le site compte plus de 12 millions de visiteurs uniques par mois et permet aux utilisateurs de parcourir facilement des milliers de profils et de communiquer avec d&rsquo;autres personnes par courrier \u00e9lectronique, SMS et chat vid\u00e9o.<\/p>\n<p>Avec OkCupid, les utilisateurs peuvent t\u00e9l\u00e9charger des photos, \u00e9crire sur eux-m\u00eames et d\u00e9crire ce qu&rsquo;ils recherchent chez un partenaire. Les autres utilisateurs peuvent r\u00e9pondre \u00e0 leurs messages et voir s&rsquo;ils correspondent \u00e0 leur type id\u00e9al. L&rsquo;adh\u00e9sion est gratuite et ne n\u00e9cessite aucune inscription. Elle propose \u00e9galement une application mobile robuste qui fonctionne sur plusieurs plateformes.<\/p>\n<h2>Trouver un cougar pour vous<\/h2>\n<p>Les cougars et les jeunes hommes s&rsquo;amusent sur cette application de rencontre. L&rsquo;application dispose de nombreuses fonctionnalit\u00e9s pour aider les utilisateurs \u00e0 se connecter. Par exemple, vous pouvez voir les moments et les messages de vos amis. Vous pouvez \u00e9galement envoyer des messages et partager des photos. Et il y a beaucoup d&rsquo;autres options. Cependant, la majorit\u00e9 des hommes sur cette application de rencontre sont plus \u00e2g\u00e9s que vous.<\/p>\n<p>Vous devez \u00eatre pr\u00eat \u00e0 rencontrer votre partenaire sexuel \u00e0 n&rsquo;importe quel moment pour vous amuser.<\/p>\n","protected":false},"excerpt":{"rendered":"<p>Les sites de rencontre pour mamies offrent aux femmes \u00e2g\u00e9es la possibilit\u00e9 de rencontrer des hommes plus jeunes qui souhaitent sortir avec elles. Le site existe depuis 2006 et compte actuellement pr\u00e8s d&rsquo;un million de membres dans le monde entier.&hellip; <a href=\"http:\/\/elsuperbeasto.com\/fr\/applications-de-rencontre-pour-les-grands-meres\/\" class=\"more-link\">Continuer la lecture <span class=\"meta-nav\">&rarr;<\/span><\/a><\/p>\n","protected":false},"author":1,"featured_media":228,"parent":0,"menu_order":0,"comment_status":"closed","ping_status":"closed","template":"","meta":[],"yoast_head":"<!-- This site is optimized with the Yoast SEO plugin v17.7.1 - https:\/\/yoast.com\/wordpress\/plugins\/seo\/ -->\n<title>Applications de rencontre pour les grands-m\u00e8res - Quick Hookup<\/title>\n<meta name=\"robots\" content=\"index, follow, max-snippet:-1, max-image-preview:large, max-video-preview:-1\" \/>\n<link rel=\"canonical\" href=\"http:\/\/elsuperbeasto.com\/fr\/applications-de-rencontre-pour-les-grands-meres\/\" \/>\n<meta property=\"og:locale\" content=\"fr_FR\" \/>\n<meta property=\"og:type\" content=\"article\" \/>\n<meta property=\"og:title\" content=\"Applications de rencontre pour les grands-m\u00e8res - Quick Hookup\" \/>\n<meta property=\"og:description\" content=\"Les sites de rencontre pour mamies offrent aux femmes \u00e2g\u00e9es la possibilit\u00e9 de rencontrer des hommes plus jeunes qui souhaitent sortir avec elles. Le site existe depuis 2006 et compte actuellement pr\u00e8s d&rsquo;un million de membres dans le monde entier.&hellip; Continuer la lecture &rarr;\" \/>\n<meta property=\"og:url\" content=\"http:\/\/elsuperbeasto.com\/fr\/applications-de-rencontre-pour-les-grands-meres\/\" \/>\n<meta property=\"og:site_name\" content=\"Quick Hookup\" \/>\n<meta name=\"twitter:card\" content=\"summary_large_image\" \/>\n<meta name=\"twitter:image\" content=\"http:\/\/elsuperbeasto.com\/wp-content\/uploads\/2022\/08\/find-sex-on-apps.webp\" \/>\n<meta name=\"twitter:label1\" content=\"Dur\u00e9e de lecture estim\u00e9e\" \/>\n\t<meta name=\"twitter:data1\" content=\"4 minutes\" \/>\n<script type=\"application\/ld+json\" class=\"yoast-schema-graph\">{\"@context\":\"https:\/\/schema.org\",\"@graph\":[{\"@type\":\"WebSite\",\"@id\":\"https:\/\/elsuperbeasto.com\/#website\",\"url\":\"https:\/\/elsuperbeasto.com\/\",\"name\":\"Quick Hookup\",\"description\":\"Your Guide To Love\",\"potentialAction\":[{\"@type\":\"SearchAction\",\"target\":{\"@type\":\"EntryPoint\",\"urlTemplate\":\"https:\/\/elsuperbeasto.com\/?s={search_term_string}\"},\"query-input\":\"required name=search_term_string\"}],\"inLanguage\":\"fr-FR\"},{\"@type\":\"ImageObject\",\"@id\":\"http:\/\/elsuperbeasto.com\/fr\/applications-de-rencontre-pour-les-grands-meres\/#primaryimage\",\"inLanguage\":\"fr-FR\",\"url\":\"http:\/\/elsuperbeasto.com\/wp-content\/uploads\/2022\/08\/find-sex-on-apps.webp\",\"contentUrl\":\"http:\/\/elsuperbeasto.com\/wp-content\/uploads\/2022\/08\/find-sex-on-apps.webp\",\"width\":1125,\"height\":750},{\"@type\":\"WebPage\",\"@id\":\"http:\/\/elsuperbeasto.com\/fr\/applications-de-rencontre-pour-les-grands-meres\/#webpage\",\"url\":\"http:\/\/elsuperbeasto.com\/fr\/applications-de-rencontre-pour-les-grands-meres\/\",\"name\":\"Applications de rencontre pour les grands-m\\u00e8res - Quick Hookup\",\"isPartOf\":{\"@id\":\"https:\/\/elsuperbeasto.com\/#website\"},\"primaryImageOfPage\":{\"@id\":\"http:\/\/elsuperbeasto.com\/fr\/applications-de-rencontre-pour-les-grands-meres\/#primaryimage\"},\"datePublished\":\"2022-08-18T12:39:47+00:00\",\"dateModified\":\"2022-08-18T12:39:47+00:00\",\"breadcrumb\":{\"@id\":\"http:\/\/elsuperbeasto.com\/fr\/applications-de-rencontre-pour-les-grands-meres\/#breadcrumb\"},\"inLanguage\":\"fr-FR\",\"potentialAction\":[{\"@type\":\"ReadAction\",\"target\":[\"http:\/\/elsuperbeasto.com\/fr\/applications-de-rencontre-pour-les-grands-meres\/\"]}]},{\"@type\":\"BreadcrumbList\",\"@id\":\"http:\/\/elsuperbeasto.com\/fr\/applications-de-rencontre-pour-les-grands-meres\/#breadcrumb\",\"itemListElement\":[{\"@type\":\"ListItem\",\"position\":1,\"name\":\"Home\",\"item\":\"https:\/\/elsuperbeasto.com\/fr\/\"},{\"@type\":\"ListItem\",\"position\":2,\"name\":\"Applications de rencontre pour les grands-m\\u00e8res\"}]}]}<\/script>\n<!-- \/ Yoast SEO plugin. -->","yoast_head_json":{"title":"Applications de rencontre pour les grands-m\u00e8res - Quick Hookup","robots":{"index":"index","follow":"follow","max-snippet":"max-snippet:-1","max-image-preview":"max-image-preview:large","max-video-preview":"max-video-preview:-1"},"canonical":"http:\/\/elsuperbeasto.com\/fr\/applications-de-rencontre-pour-les-grands-meres\/","og_locale":"fr_FR","og_type":"article","og_title":"Applications de rencontre pour les grands-m\u00e8res - Quick Hookup","og_description":"Les sites de rencontre pour mamies offrent aux femmes \u00e2g\u00e9es la possibilit\u00e9 de rencontrer des hommes plus jeunes qui souhaitent sortir avec elles. Le site existe depuis 2006 et compte actuellement pr\u00e8s d&rsquo;un million de membres dans le monde entier.&hellip; Continuer la lecture &rarr;","og_url":"http:\/\/elsuperbeasto.com\/fr\/applications-de-rencontre-pour-les-grands-meres\/","og_site_name":"Quick Hookup","twitter_card":"summary_large_image","twitter_image":"http:\/\/elsuperbeasto.com\/wp-content\/uploads\/2022\/08\/find-sex-on-apps.webp","twitter_misc":{"Dur\u00e9e de lecture estim\u00e9e":"4 minutes"},"schema":{"@context":"https:\/\/schema.org","@graph":[{"@type":"WebSite","@id":"https:\/\/elsuperbeasto.com\/#website","url":"https:\/\/elsuperbeasto.com\/","name":"Quick Hookup","description":"Your Guide To Love","potentialAction":[{"@type":"SearchAction","target":{"@type":"EntryPoint","urlTemplate":"https:\/\/elsuperbeasto.com\/?s={search_term_string}"},"query-input":"required name=search_term_string"}],"inLanguage":"fr-FR"},{"@type":"ImageObject","@id":"http:\/\/elsuperbeasto.com\/fr\/applications-de-rencontre-pour-les-grands-meres\/#primaryimage","inLanguage":"fr-FR","url":"http:\/\/elsuperbeasto.com\/wp-content\/uploads\/2022\/08\/find-sex-on-apps.webp","contentUrl":"http:\/\/elsuperbeasto.com\/wp-content\/uploads\/2022\/08\/find-sex-on-apps.webp","width":1125,"height":750},{"@type":"WebPage","@id":"http:\/\/elsuperbeasto.com\/fr\/applications-de-rencontre-pour-les-grands-meres\/#webpage","url":"http:\/\/elsuperbeasto.com\/fr\/applications-de-rencontre-pour-les-grands-meres\/","name":"Applications de rencontre pour les grands-m\u00e8res - Quick Hookup","isPartOf":{"@id":"https:\/\/elsuperbeasto.com\/#website"},"primaryImageOfPage":{"@id":"http:\/\/elsuperbeasto.com\/fr\/applications-de-rencontre-pour-les-grands-meres\/#primaryimage"},"datePublished":"2022-08-18T12:39:47+00:00","dateModified":"2022-08-18T12:39:47+00:00","breadcrumb":{"@id":"http:\/\/elsuperbeasto.com\/fr\/applications-de-rencontre-pour-les-grands-meres\/#breadcrumb"},"inLanguage":"fr-FR","potentialAction":[{"@type":"ReadAction","target":["http:\/\/elsuperbeasto.com\/fr\/applications-de-rencontre-pour-les-grands-meres\/"]}]},{"@type":"BreadcrumbList","@id":"http:\/\/elsuperbeasto.com\/fr\/applications-de-rencontre-pour-les-grands-meres\/#breadcrumb","itemListElement":[{"@type":"ListItem","position":1,"name":"Home","item":"https:\/\/elsuperbeasto.com\/fr\/"},{"@type":"ListItem","position":2,"name":"Applications de rencontre pour les grands-m\u00e8res"}]}]}},"_links":{"self":[{"href":"http:\/\/elsuperbeasto.com\/fr\/wp-json\/wp\/v2\/pages\/298"}],"collection":[{"href":"http:\/\/elsuperbeasto.com\/fr\/wp-json\/wp\/v2\/pages"}],"about":[{"href":"http:\/\/elsuperbeasto.com\/fr\/wp-json\/wp\/v2\/types\/page"}],"author":[{"embeddable":true,"href":"http:\/\/elsuperbeasto.com\/fr\/wp-json\/wp\/v2\/users\/1"}],"replies":[{"embeddable":true,"href":"http:\/\/elsuperbeasto.com\/fr\/wp-json\/wp\/v2\/comments?post=298"}],"version-history":[{"count":0,"href":"http:\/\/elsuperbeasto.com\/fr\/wp-json\/wp\/v2\/pages\/298\/revisions"}],"wp:featuredmedia":[{"embeddable":true,"href":"http:\/\/elsuperbeasto.com\/fr\/wp-json\/wp\/v2\/media\/228"}],"wp:attachment":[{"href":"http:\/\/elsuperbeasto.com\/fr\/wp-json\/wp\/v2\/media?parent=298"}],"curies":[{"name":"wp","href":"https:\/\/api.w.org\/{rel}","templated":true}]}}