{"id":289,"date":"2022-08-18T13:39:07","date_gmt":"2022-08-18T12:39:07","guid":{"rendered":"http:\/\/elsuperbeasto.com\/sortir-avec-une-milf-mature\/"},"modified":"2022-09-08T16:59:42","modified_gmt":"2022-09-08T15:59:42","slug":"sortir-avec-une-milf-mature","status":"publish","type":"page","link":"http:\/\/elsuperbeasto.com\/fr\/sortir-avec-une-milf-mature\/","title":{"rendered":"Sortir avec une milf mature ?"},"content":{"rendered":"<p>Les c\u00e9libataires d&rsquo;\u00e2ge m\u00fbr recherchent l&rsquo;amour et la romance. Si vous voulez les trouver, vous devez \u00eatre patient et attendre qu&rsquo;ils viennent \u00e0 vous. La meilleure fa\u00e7on de rencontrer des c\u00e9libataires d&rsquo;\u00e2ge m\u00fbr est de passer par des sites de rencontre comme Match.com, eHarmony, OkCupid, etc. Il existe plusieurs endroits o\u00f9 vous pouvez trouver des femmes \u00e2g\u00e9es \u00e0 la recherche de sexe. Le meilleur endroit pour commencer est Craigslist.com. Ce site Web contient des milliers d&rsquo;annonces publi\u00e9es quotidiennement dans le monde entier. Une autre option int\u00e9ressante est Backpage.com. Ce site propose \u00e9galement des millions d&rsquo;annonces d&rsquo;escortes et de services pour adultes.<\/p>\n<p>Cette statistique devrait continuer \u00e0 cro\u00eetre \u00e0 mesure <a href=\"https:\/\/www.hotsexychat.net\/fr\/sites-de-rencontres-en-texte-libre\/\">libre et sexy<\/a> que les adultes d&rsquo;\u00e2ge m\u00fbr se familiarisent avec la technologie et se sentent en confiance pour s&rsquo;exprimer en ligne. C&rsquo;est pourquoi il existe de nombreux sites de rencontres pour adultes sur Internet. Ces sites permettent aux adultes d&rsquo;\u00e2ge m\u00fbr de rencontrer et d&rsquo;interagir avec d&rsquo;autres membres en fonction de leurs int\u00e9r\u00eats communs. Outre la possibilit\u00e9 de rencontrer de nouvelles personnes, ces sites donnent \u00e9galement acc\u00e8s \u00e0 des contenus et \u00e0 des outils exclusifs con\u00e7us pour am\u00e9liorer la communication et d\u00e9boucher sur des relations durables. Bien que les sites de rencontres pour adultes varient consid\u00e9rablement en termes de frais d&rsquo;adh\u00e9sion, d&rsquo;interface utilisateur et de qualit\u00e9 g\u00e9n\u00e9rale, voici quelques-uns des meilleurs sites de rencontres pour adultes actuellement disponibles sur le Web.<\/p>\n<h2>Nos meilleurs choix :<\/h2>\n<p>Il existe <a href=\"http:\/\/elsuperbeasto.com\/fr\/comment-fonctionnent-les-rencontres-nsa\/\">plusieurs sites web<\/a> qui proposent des sites de rencontres pour seniors, tels que Senior Matchmaker, Senior People Meet et SeniorsMeet. Ces sites permettent aux utilisateurs de rechercher d&rsquo;autres membres en fonction de l&rsquo;\u00e2ge, du lieu, des int\u00e9r\u00eats et des loisirs.<\/p>\n<p>Cependant, nous voulons vous donner quelques alternatives aux choix populaires.<\/p>\n<h3>YourTango<\/h3>\n<p>YourTango est une plateforme de rencontres en ligne gratuite qui s&rsquo;adresse principalement aux jeunes adultes. Cela signifie que YourTango se concentre sur la mise en relation de c\u00e9libataires \u00e2g\u00e9s de 20 \u00e0 30 ans.<\/p>\n<p>Il est similaire aux autres sites de rencontres pour adultes matures dans la mesure o\u00f9 il ne n\u00e9cessite pas d&rsquo;abonnement payant pour s&rsquo;inscrire. Cependant, il dispose d&rsquo;une petite s\u00e9lection de fonctionnalit\u00e9s premium qui co\u00fbtent 9,99 $ par mois. Son objectif principal est de cr\u00e9er des liens durables entre les utilisateurs. Pour ce faire <a href=\"https:\/\/www.sextchat.net\/fr\/revue-nutaku-hentai\/\">nutaku hentai<\/a>, il offre une exp\u00e9rience hautement interactive o\u00f9 les utilisateurs peuvent s&rsquo;exprimer librement.<\/p>\n<p>Les utilisateurs peuvent publier des articles, des vid\u00e9os et des images sur leurs pages de profil. Ils peuvent \u00e9galement laisser des commentaires sur les publications des autres membres. Disponible pour les appareils iOS et Android.<\/p>\n<h3>Zoosk<\/h3>\n<p>Zoosk est un site de rencontres en ligne gratuit qui s&rsquo;adresse principalement aux professionnels c\u00e9libataires. Cela signifie que Zoosk s&rsquo;adresse aux adultes m\u00fbrs qui veulent faire des rencontres dans leur propre secteur d&rsquo;activit\u00e9. Il est similaire \u00e0 d&rsquo;autres sites de rencontres pour adultes dans la mesure o\u00f9 il ne n\u00e9cessite aucun paiement pour s&rsquo;inscrire. Cependant, contrairement \u00e0 d&rsquo;autres sites de rencontres pour adultes, Zoosk fait payer des frais mensuels pour les comptes premium. Le compte de base comprend des capacit\u00e9s illimit\u00e9es de messagerie et de navigation. Les adh\u00e9sions Premium donnent acc\u00e8s \u00e0 des fonctionnalit\u00e9s suppl\u00e9mentaires, telles que des options de recherche et de visualisation am\u00e9lior\u00e9es.<\/p>\n<h3>ChristianMingle<\/h3>\n<p>ChristianMingle est le premier site de rencontres pour adultes <a href=\"http:\/\/wank.io\/fr\/applications-de-rencontres-gamer\/\">site de rencontre pour gamer<\/a> qui s&rsquo;adresse exclusivement aux chr\u00e9tiens. Si cela peut sembler limitatif \u00e0 premi\u00e8re vue, cette application encourage en fait les utilisateurs \u00e0 \u00e9largir leurs horizons au-del\u00e0 de leurs croyances religieuses. L&rsquo;adh\u00e9sion est totalement gratuite et les utilisateurs b\u00e9n\u00e9ficient d&rsquo;une liste compl\u00e8te de fonctionnalit\u00e9s. Par exemple, les utilisateurs peuvent lire des biographies d\u00e9taill\u00e9es, voir des photos, ajouter des favoris et \u00e9valuer les membres.<\/p>\n<p>Ils peuvent \u00e9galement poser des questions et demander des conseils aux autres membres. En outre, il offre une fonction de messagerie priv\u00e9e qui permet aux utilisateurs de discuter en priv\u00e9 de certains sujets sans craindre d&rsquo;\u00eatre jug\u00e9s. Vous pouvez essayer les offres d&rsquo;un abonnement premium qui comprend l&rsquo;acc\u00e8s \u00e0 des contenus et des fonctionnalit\u00e9s exclusifs.<\/p>\n<h3>Allumette<\/h3>\n<p>Bien que Match.com soit le plus ancien site de rencontres pour adultes sur le march\u00e9, il reste l&rsquo;un des plus populaires. Ce site a \u00e9t\u00e9 fond\u00e9 en 1995 et compte aujourd&rsquo;hui plus de 11 millions de membres actifs dans le monde.<\/p>\n<p>Il est consid\u00e9r\u00e9 comme l&rsquo;un des meilleurs sites de rencontres pour adultes car il offre aux utilisateurs une grande vari\u00e9t\u00e9 de fonctionnalit\u00e9s et de services. Par exemple, les utilisateurs peuvent rechercher des correspondances potentielles en fonction de l&rsquo;\u00e2ge, du sexe, du style de vie, de la carri\u00e8re, de la religion et de l&rsquo;origine ethnique. En outre, il offre aux membres la possibilit\u00e9 de partager des photos et des vid\u00e9os, de recevoir des recommandations personnalis\u00e9es et de se connecter via les r\u00e9seaux de m\u00e9dias sociaux.<\/p>\n<h2>Conclusion<\/h2>\n<p>Ne passez pas votre temps \u00e0 chercher des MILFs si vous n&rsquo;\u00eates pas pr\u00eat \u00e0 leur donner tout ce qu&rsquo;elles veulent. Il y a toujours quelqu&rsquo;un d&rsquo;autre qui veut les traiter comme les d\u00e9esses du sexe qu&rsquo;elles sont vraiment.<\/p>\n","protected":false},"excerpt":{"rendered":"<p>Les c\u00e9libataires d&rsquo;\u00e2ge m\u00fbr recherchent l&rsquo;amour et la romance. Si vous voulez les trouver, vous devez \u00eatre patient et attendre qu&rsquo;ils viennent \u00e0 vous. La meilleure fa\u00e7on de rencontrer des c\u00e9libataires d&rsquo;\u00e2ge m\u00fbr est de passer par des sites de&hellip; <a href=\"http:\/\/elsuperbeasto.com\/fr\/sortir-avec-une-milf-mature\/\" class=\"more-link\">Continuer la lecture <span class=\"meta-nav\">&rarr;<\/span><\/a><\/p>\n","protected":false},"author":1,"featured_media":200,"parent":0,"menu_order":0,"comment_status":"closed","ping_status":"closed","template":"","meta":[],"yoast_head":"<!-- This site is optimized with the Yoast SEO plugin v17.7.1 - https:\/\/yoast.com\/wordpress\/plugins\/seo\/ -->\n<title>Sortir avec une milf mature ? - Quick Hookup<\/title>\n<meta name=\"robots\" content=\"index, follow, max-snippet:-1, max-image-preview:large, max-video-preview:-1\" \/>\n<link rel=\"canonical\" href=\"http:\/\/elsuperbeasto.com\/fr\/sortir-avec-une-milf-mature\/\" \/>\n<meta property=\"og:locale\" content=\"fr_FR\" \/>\n<meta property=\"og:type\" content=\"article\" \/>\n<meta property=\"og:title\" content=\"Sortir avec une milf mature ? - Quick Hookup\" \/>\n<meta property=\"og:description\" content=\"Les c\u00e9libataires d&rsquo;\u00e2ge m\u00fbr recherchent l&rsquo;amour et la romance. Si vous voulez les trouver, vous devez \u00eatre patient et attendre qu&rsquo;ils viennent \u00e0 vous. La meilleure fa\u00e7on de rencontrer des c\u00e9libataires d&rsquo;\u00e2ge m\u00fbr est de passer par des sites de&hellip; Continuer la lecture &rarr;\" \/>\n<meta property=\"og:url\" content=\"http:\/\/elsuperbeasto.com\/fr\/sortir-avec-une-milf-mature\/\" \/>\n<meta property=\"og:site_name\" content=\"Quick Hookup\" \/>\n<meta property=\"article:modified_time\" content=\"2022-09-08T15:59:42+00:00\" \/>\n<meta property=\"og:image\" content=\"https:\/\/elsuperbeasto.com\/wp-content\/uploads\/2022\/08\/be-mine.jpeg\" \/>\n\t<meta property=\"og:image:width\" content=\"2250\" \/>\n\t<meta property=\"og:image:height\" content=\"1500\" \/>\n<meta name=\"twitter:card\" content=\"summary_large_image\" \/>\n<meta name=\"twitter:label1\" content=\"Dur\u00e9e de lecture estim\u00e9e\" \/>\n\t<meta name=\"twitter:data1\" content=\"4 minutes\" \/>\n<script type=\"application\/ld+json\" class=\"yoast-schema-graph\">{\"@context\":\"https:\/\/schema.org\",\"@graph\":[{\"@type\":\"WebSite\",\"@id\":\"https:\/\/elsuperbeasto.com\/#website\",\"url\":\"https:\/\/elsuperbeasto.com\/\",\"name\":\"Quick Hookup\",\"description\":\"Your Guide To Love\",\"potentialAction\":[{\"@type\":\"SearchAction\",\"target\":{\"@type\":\"EntryPoint\",\"urlTemplate\":\"https:\/\/elsuperbeasto.com\/?s={search_term_string}\"},\"query-input\":\"required name=search_term_string\"}],\"inLanguage\":\"fr-FR\"},{\"@type\":\"ImageObject\",\"@id\":\"http:\/\/elsuperbeasto.com\/fr\/sortir-avec-une-milf-mature\/#primaryimage\",\"inLanguage\":\"fr-FR\",\"url\":\"http:\/\/elsuperbeasto.com\/wp-content\/uploads\/2022\/08\/be-mine.jpeg\",\"contentUrl\":\"http:\/\/elsuperbeasto.com\/wp-content\/uploads\/2022\/08\/be-mine.jpeg\",\"width\":2250,\"height\":1500},{\"@type\":\"WebPage\",\"@id\":\"http:\/\/elsuperbeasto.com\/fr\/sortir-avec-une-milf-mature\/#webpage\",\"url\":\"http:\/\/elsuperbeasto.com\/fr\/sortir-avec-une-milf-mature\/\",\"name\":\"Sortir avec une milf mature ? - Quick Hookup\",\"isPartOf\":{\"@id\":\"https:\/\/elsuperbeasto.com\/#website\"},\"primaryImageOfPage\":{\"@id\":\"http:\/\/elsuperbeasto.com\/fr\/sortir-avec-une-milf-mature\/#primaryimage\"},\"datePublished\":\"2022-08-18T12:39:07+00:00\",\"dateModified\":\"2022-09-08T15:59:42+00:00\",\"breadcrumb\":{\"@id\":\"http:\/\/elsuperbeasto.com\/fr\/sortir-avec-une-milf-mature\/#breadcrumb\"},\"inLanguage\":\"fr-FR\",\"potentialAction\":[{\"@type\":\"ReadAction\",\"target\":[\"http:\/\/elsuperbeasto.com\/fr\/sortir-avec-une-milf-mature\/\"]}]},{\"@type\":\"BreadcrumbList\",\"@id\":\"http:\/\/elsuperbeasto.com\/fr\/sortir-avec-une-milf-mature\/#breadcrumb\",\"itemListElement\":[{\"@type\":\"ListItem\",\"position\":1,\"name\":\"Home\",\"item\":\"https:\/\/elsuperbeasto.com\/fr\/\"},{\"@type\":\"ListItem\",\"position\":2,\"name\":\"Sortir avec une milf mature ?\"}]}]}<\/script>\n<!-- \/ Yoast SEO plugin. -->","yoast_head_json":{"title":"Sortir avec une milf mature ? - Quick Hookup","robots":{"index":"index","follow":"follow","max-snippet":"max-snippet:-1","max-image-preview":"max-image-preview:large","max-video-preview":"max-video-preview:-1"},"canonical":"http:\/\/elsuperbeasto.com\/fr\/sortir-avec-une-milf-mature\/","og_locale":"fr_FR","og_type":"article","og_title":"Sortir avec une milf mature ? - Quick Hookup","og_description":"Les c\u00e9libataires d&rsquo;\u00e2ge m\u00fbr recherchent l&rsquo;amour et la romance. Si vous voulez les trouver, vous devez \u00eatre patient et attendre qu&rsquo;ils viennent \u00e0 vous. La meilleure fa\u00e7on de rencontrer des c\u00e9libataires d&rsquo;\u00e2ge m\u00fbr est de passer par des sites de&hellip; Continuer la lecture &rarr;","og_url":"http:\/\/elsuperbeasto.com\/fr\/sortir-avec-une-milf-mature\/","og_site_name":"Quick Hookup","article_modified_time":"2022-09-08T15:59:42+00:00","og_image":[{"width":2250,"height":1500,"url":"https:\/\/elsuperbeasto.com\/wp-content\/uploads\/2022\/08\/be-mine.jpeg","type":"image\/jpeg"}],"twitter_card":"summary_large_image","twitter_misc":{"Dur\u00e9e de lecture estim\u00e9e":"4 minutes"},"schema":{"@context":"https:\/\/schema.org","@graph":[{"@type":"WebSite","@id":"https:\/\/elsuperbeasto.com\/#website","url":"https:\/\/elsuperbeasto.com\/","name":"Quick Hookup","description":"Your Guide To Love","potentialAction":[{"@type":"SearchAction","target":{"@type":"EntryPoint","urlTemplate":"https:\/\/elsuperbeasto.com\/?s={search_term_string}"},"query-input":"required name=search_term_string"}],"inLanguage":"fr-FR"},{"@type":"ImageObject","@id":"http:\/\/elsuperbeasto.com\/fr\/sortir-avec-une-milf-mature\/#primaryimage","inLanguage":"fr-FR","url":"http:\/\/elsuperbeasto.com\/wp-content\/uploads\/2022\/08\/be-mine.jpeg","contentUrl":"http:\/\/elsuperbeasto.com\/wp-content\/uploads\/2022\/08\/be-mine.jpeg","width":2250,"height":1500},{"@type":"WebPage","@id":"http:\/\/elsuperbeasto.com\/fr\/sortir-avec-une-milf-mature\/#webpage","url":"http:\/\/elsuperbeasto.com\/fr\/sortir-avec-une-milf-mature\/","name":"Sortir avec une milf mature ? - Quick Hookup","isPartOf":{"@id":"https:\/\/elsuperbeasto.com\/#website"},"primaryImageOfPage":{"@id":"http:\/\/elsuperbeasto.com\/fr\/sortir-avec-une-milf-mature\/#primaryimage"},"datePublished":"2022-08-18T12:39:07+00:00","dateModified":"2022-09-08T15:59:42+00:00","breadcrumb":{"@id":"http:\/\/elsuperbeasto.com\/fr\/sortir-avec-une-milf-mature\/#breadcrumb"},"inLanguage":"fr-FR","potentialAction":[{"@type":"ReadAction","target":["http:\/\/elsuperbeasto.com\/fr\/sortir-avec-une-milf-mature\/"]}]},{"@type":"BreadcrumbList","@id":"http:\/\/elsuperbeasto.com\/fr\/sortir-avec-une-milf-mature\/#breadcrumb","itemListElement":[{"@type":"ListItem","position":1,"name":"Home","item":"https:\/\/elsuperbeasto.com\/fr\/"},{"@type":"ListItem","position":2,"name":"Sortir avec une milf mature ?"}]}]}},"_links":{"self":[{"href":"http:\/\/elsuperbeasto.com\/fr\/wp-json\/wp\/v2\/pages\/289"}],"collection":[{"href":"http:\/\/elsuperbeasto.com\/fr\/wp-json\/wp\/v2\/pages"}],"about":[{"href":"http:\/\/elsuperbeasto.com\/fr\/wp-json\/wp\/v2\/types\/page"}],"author":[{"embeddable":true,"href":"http:\/\/elsuperbeasto.com\/fr\/wp-json\/wp\/v2\/users\/1"}],"replies":[{"embeddable":true,"href":"http:\/\/elsuperbeasto.com\/fr\/wp-json\/wp\/v2\/comments?post=289"}],"version-history":[{"count":1,"href":"http:\/\/elsuperbeasto.com\/fr\/wp-json\/wp\/v2\/pages\/289\/revisions"}],"predecessor-version":[{"id":410,"href":"http:\/\/elsuperbeasto.com\/fr\/wp-json\/wp\/v2\/pages\/289\/revisions\/410"}],"wp:featuredmedia":[{"embeddable":true,"href":"http:\/\/elsuperbeasto.com\/fr\/wp-json\/wp\/v2\/media\/200"}],"wp:attachment":[{"href":"http:\/\/elsuperbeasto.com\/fr\/wp-json\/wp\/v2\/media?parent=289"}],"curies":[{"name":"wp","href":"https:\/\/api.w.org\/{rel}","templated":true}]}}