{"id":284,"date":"2022-08-18T13:49:33","date_gmt":"2022-08-18T12:49:33","guid":{"rendered":"http:\/\/elsuperbeasto.com\/comment-rencontrer-des-celibataires-a-proximite\/"},"modified":"2022-09-08T16:58:21","modified_gmt":"2022-09-08T15:58:21","slug":"comment-rencontrer-des-celibataires-a-proximite","status":"publish","type":"page","link":"http:\/\/elsuperbeasto.com\/fr\/comment-rencontrer-des-celibataires-a-proximite\/","title":{"rendered":"Comment rencontrer des c\u00e9libataires \u00e0 proximit\u00e9"},"content":{"rendered":"<p>Il existe de nombreux types de personnes diff\u00e9rentes \u00e0 la recherche de l&rsquo;amour. Il y a ceux qui veulent <a href=\"http:\/\/elsuperbeasto.com\/fr\/comment-sortir-avec-des-femmes-locales\/\">sortir avec quelqu&rsquo;un de leur religion, de leur ethnie, de leur tranche d&rsquo;\u00e2ge<\/a>, etc., tandis que d&rsquo;autres veulent simplement trouver quelqu&rsquo;un qui partage les m\u00eames int\u00e9r\u00eats. Si vous faites partie de ces personnes qui veulent rencontrer quelqu&rsquo;un de sp\u00e9cial, voici quelques bonnes options pour trouver des c\u00e9libataires aux vues similaires.<\/p>\n<h2>Nos conseils<\/h2>\n<p>Les rencontres en ligne sont devenues l&rsquo;une des m\u00e9thodes les plus populaires pour rencontrer des partenaires romantiques potentiels.<\/p>\n<p>Avec des millions d&rsquo;hommes et de femmes c\u00e9libataires qui utilisent <a href=\"https:\/\/www.sextchat.net\/fr\/jeux-sexuels-android\/\">jeux porno mobile<\/a> les sites de rencontre en ligne chaque mois, il n&rsquo;est pas \u00e9tonnant que de plus en plus de couples se tournent vers les rencontres en ligne pour trouver l&rsquo;\u00e2me s\u0153ur. Cependant, malgr\u00e9 sa popularit\u00e9, les rencontres en ligne comportent toujours de nombreux risques. Par exemple, il peut \u00eatre difficile de savoir si une personne qui vous int\u00e9resse est vraiment s\u00e9rieuse dans sa volont\u00e9 de poursuivre une relation avec vous.<\/p>\n<h3>Utilisez les essais gratuits avant de payer<\/h3>\n<p>De nombreuses personnes pensent que payer pour des services de rencontre en ligne est une partie n\u00e9cessaire du processus. Cependant, ce n&rsquo;est pas vrai. Il existe de nombreux sites de rencontres en ligne gratuits sur lesquels vous pouvez vous inscrire et consulter des profils sans d\u00e9penser d&rsquo;argent. De plus, vous pouvez souvent recevoir des correspondances <a href=\"http:\/\/www.jerkoffforme.com\/fr\/ebonycams-com\/\">ebonycams<\/a> en fonction de vos int\u00e9r\u00eats, de votre localisation et de vos loisirs.<\/p>\n<h3>Sachez ce que vous voulez avant de vous inscrire sur un site quelconque<\/h3>\n<p>Avant de vous inscrire sur un site, prenez le temps de r\u00e9fl\u00e9chir \u00e0 ce que vous attendez de votre partenaire. Par exemple, vit-il\/elle pr\u00e8s de chez vous ? Partage-t-il\/elle vos valeurs et vos convictions ? Avez-vous des objectifs similaires dans la vie ? Ces questions vous aideront \u00e0 affiner votre recherche et vous donneront une meilleure id\u00e9e de ce que vous recherchez.<\/p>\n<h3>Soyez honn\u00eate avec vous-m\u00eame<\/h3>\n<p>Enfin, n&rsquo;oubliez pas que l&rsquo;honn\u00eatet\u00e9 est la cl\u00e9. Peu importe \u00e0 quel point vous <a href=\"http:\/\/www.nosignupporngames.net\/fr\/jeux-sexuels-gratuits-sans-carte-de-credit\/\">jeux pornographiques gratuit<\/a> faites confiance \u00e0 quelqu&rsquo;un, vous ne devez jamais vous mentir \u00e0 vous-m\u00eame. Si vous avez des doutes sur quelque chose, dites-le au lieu de faire semblant que tout va bien. Cela vous \u00e9vitera de perdre votre temps sur un mauvais match et vous \u00e9vitera de vous sentir coupable par la suite.<\/p>\n<h2>Vous voulez trouver un rendez-vous discr\u00e8tement ?<\/h2>\n<p>Ashley Madison est l&rsquo;un des sites de rencontre les plus populaires. Avec plus de 30 millions de membres dans le monde, il n&rsquo;est pas \u00e9tonnant de voir pourquoi. Si vous recherchez une liaison discr\u00e8te, c&rsquo;est l&rsquo;endroit id\u00e9al pour vous. Il existe de nombreuses fa\u00e7ons de trouver des partenaires sexuels sur le site, notamment en parcourant les profils, en envoyant des messages, en discutant en ligne et m\u00eame en faisant du sexe par t\u00e9l\u00e9phone. Et m\u00eame si cela peut sembler \u00eatre de la triche, de nombreuses personnes aiment rencontrer une personne avec qui elles ont discut\u00e9 en ligne.<\/p>\n<h2>Sans attaches<\/h2>\n<p>NoStringsAttached est une application de rencontre gratuite qui vise \u00e0 offrir un environnement s\u00fbr aux adultes pour qu&rsquo;ils puissent avoir une activit\u00e9 sexuelle sans craindre de se faire prendre. Si vous avez toujours \u00e9t\u00e9 curieux d&rsquo;essayer le sexting, c&rsquo;est l&rsquo;endroit id\u00e9al pour le faire. Cette application est con\u00e7ue sp\u00e9cifiquement pour ceux qui souhaitent faire des rencontres occasionnelles avec le consentement des deux parties. Que vous soyez \u00e0 la recherche de quelque chose de pervers ou que vous souhaitiez simplement savoir ce que cela fait d&rsquo;envoyer des photos de nu \u00e0 quelqu&rsquo;un d&rsquo;autre, la NSA est l&rsquo;endroit id\u00e9al pour commencer.<\/p>\n<p>L&rsquo;application elle-m\u00eame est tr\u00e8s simple \u00e0 utiliser. Vous serez invit\u00e9 \u00e0 remplir un court questionnaire qui vous posera des questions telles que votre \u00e2ge, si vous recherchez des rencontres ou des relations, etc. Une fois que vous aurez r\u00e9pondu aux questions, vous pourrez parcourir les profils en fonction de vos pr\u00e9f\u00e9rences. Il existe trois cat\u00e9gories diff\u00e9rentes parmi lesquelles vous pouvez choisir : \u00ab\u00a0h\u00e9t\u00e9ro\u00a0\u00bb, \u00ab\u00a0gay\u00a0\u00bb et \u00ab\u00a0lesbienne\u00a0\u00bb. Chaque cat\u00e9gorie contient des sous-groupes qui vous permettent d&rsquo;affiner vos recherches.<\/p>\n","protected":false},"excerpt":{"rendered":"<p>Il existe de nombreux types de personnes diff\u00e9rentes \u00e0 la recherche de l&rsquo;amour. Il y a ceux qui veulent sortir avec quelqu&rsquo;un de leur religion, de leur ethnie, de leur tranche d&rsquo;\u00e2ge, etc., tandis que d&rsquo;autres veulent simplement trouver quelqu&rsquo;un&hellip; <a href=\"http:\/\/elsuperbeasto.com\/fr\/comment-rencontrer-des-celibataires-a-proximite\/\" class=\"more-link\">Continuer la lecture <span class=\"meta-nav\">&rarr;<\/span><\/a><\/p>\n","protected":false},"author":1,"featured_media":172,"parent":0,"menu_order":0,"comment_status":"closed","ping_status":"closed","template":"","meta":[],"yoast_head":"<!-- This site is optimized with the Yoast SEO plugin v17.7.1 - https:\/\/yoast.com\/wordpress\/plugins\/seo\/ -->\n<title>Comment rencontrer des c\u00e9libataires \u00e0 proximit\u00e9 - Quick Hookup<\/title>\n<meta name=\"robots\" content=\"index, follow, max-snippet:-1, max-image-preview:large, max-video-preview:-1\" \/>\n<link rel=\"canonical\" href=\"http:\/\/elsuperbeasto.com\/fr\/comment-rencontrer-des-celibataires-a-proximite\/\" \/>\n<meta property=\"og:locale\" content=\"fr_FR\" \/>\n<meta property=\"og:type\" content=\"article\" \/>\n<meta property=\"og:title\" content=\"Comment rencontrer des c\u00e9libataires \u00e0 proximit\u00e9 - Quick Hookup\" \/>\n<meta property=\"og:description\" content=\"Il existe de nombreux types de personnes diff\u00e9rentes \u00e0 la recherche de l&rsquo;amour. Il y a ceux qui veulent sortir avec quelqu&rsquo;un de leur religion, de leur ethnie, de leur tranche d&rsquo;\u00e2ge, etc., tandis que d&rsquo;autres veulent simplement trouver quelqu&rsquo;un&hellip; Continuer la lecture &rarr;\" \/>\n<meta property=\"og:url\" content=\"http:\/\/elsuperbeasto.com\/fr\/comment-rencontrer-des-celibataires-a-proximite\/\" \/>\n<meta property=\"og:site_name\" content=\"Quick Hookup\" \/>\n<meta property=\"article:modified_time\" content=\"2022-09-08T15:58:21+00:00\" \/>\n<meta property=\"og:image\" content=\"https:\/\/elsuperbeasto.com\/wp-content\/uploads\/2022\/08\/love-apps.jpeg\" \/>\n\t<meta property=\"og:image:width\" content=\"1000\" \/>\n\t<meta property=\"og:image:height\" content=\"1500\" \/>\n<meta name=\"twitter:card\" content=\"summary_large_image\" \/>\n<meta name=\"twitter:label1\" content=\"Dur\u00e9e de lecture estim\u00e9e\" \/>\n\t<meta name=\"twitter:data1\" content=\"4 minutes\" \/>\n<script type=\"application\/ld+json\" class=\"yoast-schema-graph\">{\"@context\":\"https:\/\/schema.org\",\"@graph\":[{\"@type\":\"WebSite\",\"@id\":\"https:\/\/elsuperbeasto.com\/#website\",\"url\":\"https:\/\/elsuperbeasto.com\/\",\"name\":\"Quick Hookup\",\"description\":\"Your Guide To Love\",\"potentialAction\":[{\"@type\":\"SearchAction\",\"target\":{\"@type\":\"EntryPoint\",\"urlTemplate\":\"https:\/\/elsuperbeasto.com\/?s={search_term_string}\"},\"query-input\":\"required name=search_term_string\"}],\"inLanguage\":\"fr-FR\"},{\"@type\":\"ImageObject\",\"@id\":\"http:\/\/elsuperbeasto.com\/fr\/comment-rencontrer-des-celibataires-a-proximite\/#primaryimage\",\"inLanguage\":\"fr-FR\",\"url\":\"http:\/\/elsuperbeasto.com\/wp-content\/uploads\/2022\/08\/love-apps.jpeg\",\"contentUrl\":\"http:\/\/elsuperbeasto.com\/wp-content\/uploads\/2022\/08\/love-apps.jpeg\",\"width\":1000,\"height\":1500},{\"@type\":\"WebPage\",\"@id\":\"http:\/\/elsuperbeasto.com\/fr\/comment-rencontrer-des-celibataires-a-proximite\/#webpage\",\"url\":\"http:\/\/elsuperbeasto.com\/fr\/comment-rencontrer-des-celibataires-a-proximite\/\",\"name\":\"Comment rencontrer des c\\u00e9libataires \\u00e0 proximit\\u00e9 - Quick Hookup\",\"isPartOf\":{\"@id\":\"https:\/\/elsuperbeasto.com\/#website\"},\"primaryImageOfPage\":{\"@id\":\"http:\/\/elsuperbeasto.com\/fr\/comment-rencontrer-des-celibataires-a-proximite\/#primaryimage\"},\"datePublished\":\"2022-08-18T12:49:33+00:00\",\"dateModified\":\"2022-09-08T15:58:21+00:00\",\"breadcrumb\":{\"@id\":\"http:\/\/elsuperbeasto.com\/fr\/comment-rencontrer-des-celibataires-a-proximite\/#breadcrumb\"},\"inLanguage\":\"fr-FR\",\"potentialAction\":[{\"@type\":\"ReadAction\",\"target\":[\"http:\/\/elsuperbeasto.com\/fr\/comment-rencontrer-des-celibataires-a-proximite\/\"]}]},{\"@type\":\"BreadcrumbList\",\"@id\":\"http:\/\/elsuperbeasto.com\/fr\/comment-rencontrer-des-celibataires-a-proximite\/#breadcrumb\",\"itemListElement\":[{\"@type\":\"ListItem\",\"position\":1,\"name\":\"Home\",\"item\":\"https:\/\/elsuperbeasto.com\/fr\/\"},{\"@type\":\"ListItem\",\"position\":2,\"name\":\"Comment rencontrer des c\\u00e9libataires \\u00e0 proximit\\u00e9\"}]}]}<\/script>\n<!-- \/ Yoast SEO plugin. -->","yoast_head_json":{"title":"Comment rencontrer des c\u00e9libataires \u00e0 proximit\u00e9 - Quick Hookup","robots":{"index":"index","follow":"follow","max-snippet":"max-snippet:-1","max-image-preview":"max-image-preview:large","max-video-preview":"max-video-preview:-1"},"canonical":"http:\/\/elsuperbeasto.com\/fr\/comment-rencontrer-des-celibataires-a-proximite\/","og_locale":"fr_FR","og_type":"article","og_title":"Comment rencontrer des c\u00e9libataires \u00e0 proximit\u00e9 - Quick Hookup","og_description":"Il existe de nombreux types de personnes diff\u00e9rentes \u00e0 la recherche de l&rsquo;amour. Il y a ceux qui veulent sortir avec quelqu&rsquo;un de leur religion, de leur ethnie, de leur tranche d&rsquo;\u00e2ge, etc., tandis que d&rsquo;autres veulent simplement trouver quelqu&rsquo;un&hellip; Continuer la lecture &rarr;","og_url":"http:\/\/elsuperbeasto.com\/fr\/comment-rencontrer-des-celibataires-a-proximite\/","og_site_name":"Quick Hookup","article_modified_time":"2022-09-08T15:58:21+00:00","og_image":[{"width":1000,"height":1500,"url":"https:\/\/elsuperbeasto.com\/wp-content\/uploads\/2022\/08\/love-apps.jpeg","type":"image\/jpeg"}],"twitter_card":"summary_large_image","twitter_misc":{"Dur\u00e9e de lecture estim\u00e9e":"4 minutes"},"schema":{"@context":"https:\/\/schema.org","@graph":[{"@type":"WebSite","@id":"https:\/\/elsuperbeasto.com\/#website","url":"https:\/\/elsuperbeasto.com\/","name":"Quick Hookup","description":"Your Guide To Love","potentialAction":[{"@type":"SearchAction","target":{"@type":"EntryPoint","urlTemplate":"https:\/\/elsuperbeasto.com\/?s={search_term_string}"},"query-input":"required name=search_term_string"}],"inLanguage":"fr-FR"},{"@type":"ImageObject","@id":"http:\/\/elsuperbeasto.com\/fr\/comment-rencontrer-des-celibataires-a-proximite\/#primaryimage","inLanguage":"fr-FR","url":"http:\/\/elsuperbeasto.com\/wp-content\/uploads\/2022\/08\/love-apps.jpeg","contentUrl":"http:\/\/elsuperbeasto.com\/wp-content\/uploads\/2022\/08\/love-apps.jpeg","width":1000,"height":1500},{"@type":"WebPage","@id":"http:\/\/elsuperbeasto.com\/fr\/comment-rencontrer-des-celibataires-a-proximite\/#webpage","url":"http:\/\/elsuperbeasto.com\/fr\/comment-rencontrer-des-celibataires-a-proximite\/","name":"Comment rencontrer des c\u00e9libataires \u00e0 proximit\u00e9 - Quick Hookup","isPartOf":{"@id":"https:\/\/elsuperbeasto.com\/#website"},"primaryImageOfPage":{"@id":"http:\/\/elsuperbeasto.com\/fr\/comment-rencontrer-des-celibataires-a-proximite\/#primaryimage"},"datePublished":"2022-08-18T12:49:33+00:00","dateModified":"2022-09-08T15:58:21+00:00","breadcrumb":{"@id":"http:\/\/elsuperbeasto.com\/fr\/comment-rencontrer-des-celibataires-a-proximite\/#breadcrumb"},"inLanguage":"fr-FR","potentialAction":[{"@type":"ReadAction","target":["http:\/\/elsuperbeasto.com\/fr\/comment-rencontrer-des-celibataires-a-proximite\/"]}]},{"@type":"BreadcrumbList","@id":"http:\/\/elsuperbeasto.com\/fr\/comment-rencontrer-des-celibataires-a-proximite\/#breadcrumb","itemListElement":[{"@type":"ListItem","position":1,"name":"Home","item":"https:\/\/elsuperbeasto.com\/fr\/"},{"@type":"ListItem","position":2,"name":"Comment rencontrer des c\u00e9libataires \u00e0 proximit\u00e9"}]}]}},"_links":{"self":[{"href":"http:\/\/elsuperbeasto.com\/fr\/wp-json\/wp\/v2\/pages\/284"}],"collection":[{"href":"http:\/\/elsuperbeasto.com\/fr\/wp-json\/wp\/v2\/pages"}],"about":[{"href":"http:\/\/elsuperbeasto.com\/fr\/wp-json\/wp\/v2\/types\/page"}],"author":[{"embeddable":true,"href":"http:\/\/elsuperbeasto.com\/fr\/wp-json\/wp\/v2\/users\/1"}],"replies":[{"embeddable":true,"href":"http:\/\/elsuperbeasto.com\/fr\/wp-json\/wp\/v2\/comments?post=284"}],"version-history":[{"count":1,"href":"http:\/\/elsuperbeasto.com\/fr\/wp-json\/wp\/v2\/pages\/284\/revisions"}],"predecessor-version":[{"id":408,"href":"http:\/\/elsuperbeasto.com\/fr\/wp-json\/wp\/v2\/pages\/284\/revisions\/408"}],"wp:featuredmedia":[{"embeddable":true,"href":"http:\/\/elsuperbeasto.com\/fr\/wp-json\/wp\/v2\/media\/172"}],"wp:attachment":[{"href":"http:\/\/elsuperbeasto.com\/fr\/wp-json\/wp\/v2\/media?parent=284"}],"curies":[{"name":"wp","href":"https:\/\/api.w.org\/{rel}","templated":true}]}}